{"id":23,"date":"2019-11-30T01:27:16","date_gmt":"2019-11-30T01:27:16","guid":{"rendered":"https:\/\/shuliybaler.com\/?page_id=23"},"modified":"2022-09-27T11:02:06","modified_gmt":"2022-09-27T03:02:06","slug":"about-us","status":"publish","type":"page","link":"https:\/\/shuliybaler.com\/af\/about-us\/","title":{"rendered":"Oor ons"},"content":{"rendered":"<p>Shuliy Masjinerie Co., Ltd. is gele\u00eb in Zhengzhou Ekonomiese Ontwikkelingsone, Henan Provinsie, met gerieflike vervoer. Dit is 'n professionele maatskappy wat masjiennavorsing en -ontwikkeling, vervaardiging en verkope integreer. Ons maatskappy is in 2011 gestig, maar het meer as tien jaar werklike masjienproduksie- en verkoopsvervaring. Na hierdie jare se ontwikkeling het ons maatskappy 'n leier geword in die herwinning, verplettering, en briquetting van verskeie afvalmetale in China.<\/p>    <figure class=\"wp-block-image size-large\"><img decoding=\"async\" src=\"https:\/\/shuliybaler.com\/wp-content\/uploads\/2020\/01\/certification-of-Shuliy-machinery.jpg\" alt=\"sertifisering-van-Shuliy-masjinerie\" title=\"\"><figcaption>sertifisering-van-Shuliy-masjinerie<\/figcaption><\/figure>    <h2 class=\"wp-block-heading\" id=\"h-enterprise-team\"><strong>Ondernemingspan<\/strong><\/h2>    <p>In die maatskappy se ontwikkelingsproses heg ons groot belang aan die ontwikkeling en opleiding van talent en het 'n groep innoverende en vaardige professionele persone. Tans het die maatskappy meer as 100 werknemers. Ons maatskappy het nie net ervare en diepvaardige personeel nie, maar hou ook tred met die tye deur jong mense wat durf te innoveer, te absorbeer en te aanvaar.<\/p>    <h2 class=\"wp-block-heading\" id=\"h-main-machine\"><strong>Hoofmasjien<\/strong><\/h2>    <p>Tans sluit ons maatskappy se hoofprodukte in metaalbalers, metaal-snyers, metaalvergruizers, metaal-skyfiesbriquettingmasjiene, ens. Met die missie om 'Laat Chinese masjiene na elke hoek van die w\u00eareld versprei' te bereik, brei ons sakeveld voortdurend uit. Nou is ons masjiene suksesvol verkoop aan meer as 80 lande, insluitend Nigeri\u00eb, Indi\u00eb, die Verenigde State, Maleisi\u00eb, Soedan, die Verenigde Arabiese Emirate, die Verenigde Koninkryk, Sri Lanka, Pakistan, Thailand, Algeri\u00eb, en Uganda. En deur uitstekende masjienkwaliteit en redelike pryse het ons wye lof onder ons kli\u00ebnte gekry.<\/p>    <h2 class=\"wp-block-heading\" id=\"h-company-culture\"><strong>maatskappy kultuur<\/strong><\/h2>    <p>Visie: Skep 'n optimale platform om werknemers te help groei.<\/p>    <p>Missie: Laat Chinese masjiene na elke hoek van die w\u00eareld versprei.<\/p>    <p>Waarde: Integriteit, Dankbaarheid, Altru\u00efsme, en Wederkerigheid.<\/p>    <p>Die Shuliy-groep hou nooit op om vorentoe te beweeg nie. Van 'n klein maatskappy met minder as tien mense, het ons stap vir stap tot vandag toe gekom. Dit is beslis nie geluk nie, maar krag! Ons sien uit daarna om samewerkingsverhoudings met meer buitelandse vriende te vestig en verwelkom elke buitelandse vriend om ons fabriek te besoek.<\/p>","protected":false},"excerpt":{"rendered":"<p>Shuliy Machinery Co., Ltd. is located in Zhengzhou Economic Development Zone, Henan Province with convenient transportation. It is a professional company integrating machine research and development, manufacturing and sales. Our company was founded in 2011 but has actual machine manufacturing experience and sales experience for more than ten years. After the development of these years, [&hellip;]<\/p>\n","protected":false},"author":1,"featured_media":0,"parent":0,"menu_order":0,"comment_status":"closed","ping_status":"closed","template":"","meta":{"footnotes":""},"class_list":["post-23","page","type-page","status-publish","hentry"],"_links":{"self":[{"href":"https:\/\/shuliybaler.com\/af\/wp-json\/wp\/v2\/pages\/23","targetHints":{"allow":["GET"]}}],"collection":[{"href":"https:\/\/shuliybaler.com\/af\/wp-json\/wp\/v2\/pages"}],"about":[{"href":"https:\/\/shuliybaler.com\/af\/wp-json\/wp\/v2\/types\/page"}],"author":[{"embeddable":true,"href":"https:\/\/shuliybaler.com\/af\/wp-json\/wp\/v2\/users\/1"}],"replies":[{"embeddable":true,"href":"https:\/\/shuliybaler.com\/af\/wp-json\/wp\/v2\/comments?post=23"}],"version-history":[{"count":0,"href":"https:\/\/shuliybaler.com\/af\/wp-json\/wp\/v2\/pages\/23\/revisions"}],"wp:attachment":[{"href":"https:\/\/shuliybaler.com\/af\/wp-json\/wp\/v2\/media?parent=23"}],"curies":[{"name":"wp","href":"https:\/\/api.w.org\/{rel}","templated":true}]}}