{"id":2893,"date":"2022-10-13T15:04:44","date_gmt":"2022-10-13T07:04:44","guid":{"rendered":"https:\/\/shuliybaler.com\/?post_type=product&#038;p=2893"},"modified":"2022-10-13T15:05:33","modified_gmt":"2022-10-13T07:05:33","slug":"plastic-bottle-baling-machine","status":"publish","type":"product","link":"https:\/\/shuliybaler.com\/af\/product\/plastic-bottle-baling-machine\/","title":{"rendered":"Plasticbottelverpakkingsmasjien"},"content":{"rendered":"<p class=\"translation-block\">Die plastiekbottelbalingsmasjien word ook \u2019n hidroliese baler genoem. \u2019n Plastiekbottelbaler is \u2019n masjien wat gebruik word om plastiekwaterbottels saam te druk en te verpak. Deur die samedrukking van die <a href=\"https:\/\/shuliybaler.com\/af\/product\/scrap-metal-baler\/\" data-type=\"URL\" data-id=\"https:\/\/shuliybaler.com\/product\/scrap-metal-baler\/\">plastiekbottelbaler<\/a>, kan die volume van die plastiekbottel verminder word en vervoer is gerieflik. Die plastiekbottelbalingsmasjien kan ook <a href=\"https:\/\/shuliybaler.com\/af\/product\/aluminum-can-baler\/\" data-type=\"URL\" data-id=\"https:\/\/shuliybaler.com\/product\/aluminum-can-baler\/\">blikkies<\/a>, afvalkartonne, katoen, <a href=\"https:\/\/shuliybaler.com\/af\/product\/metal-baler\/\" data-type=\"URL\" data-id=\"https:\/\/shuliybaler.com\/product\/metal-baler\/\">skrootmetaal<\/a>, ens., veral gebruik word om stoorplek te verminder. Dit is gerieflik vir sekond\u00eare herwinning.<\/p>   <div class=\"wp-block-image\"> <figure class=\"aligncenter size-full\"><img loading=\"lazy\" decoding=\"async\" width=\"720\" height=\"540\" src=\"https:\/\/shuliybaler.com\/wp-content\/uploads\/2022\/10\/raw-material-Plastic-bottle-baling-machine.webp\" alt=\"rawwmateriaal Plastiekbottelbalingsmasjien\" class=\"wp-image-2896\" title=\"\" srcset=\"https:\/\/shuliybaler.com\/wp-content\/uploads\/2022\/10\/raw-material-Plastic-bottle-baling-machine.webp 720w, https:\/\/shuliybaler.com\/wp-content\/uploads\/2022\/10\/raw-material-Plastic-bottle-baling-machine-360x270.webp 360w, https:\/\/shuliybaler.com\/wp-content\/uploads\/2022\/10\/raw-material-Plastic-bottle-baling-machine-180x135.webp 180w\" sizes=\"auto, (max-width: 720px) 100vw, 720px\" \/><figcaption>rawwmateriaal Plastiekbottelbalingsmasjien<\/figcaption><\/figure> <\/div>   <h2 class=\"wp-block-heading\">Die struktuur van die plastiekbottelbalingsmasjien<\/h2>   <div class=\"wp-block-image\"> <figure class=\"aligncenter size-full\"><img loading=\"lazy\" decoding=\"async\" width=\"720\" height=\"540\" src=\"https:\/\/shuliybaler.com\/wp-content\/uploads\/2022\/10\/Plastic-bottle-baling-machine-1.webp\" alt=\"Plasticbottelverpakkingsmasjien\" class=\"wp-image-2895\" title=\"\" srcset=\"https:\/\/shuliybaler.com\/wp-content\/uploads\/2022\/10\/Plastic-bottle-baling-machine-1.webp 720w, https:\/\/shuliybaler.com\/wp-content\/uploads\/2022\/10\/Plastic-bottle-baling-machine-1-360x270.webp 360w, https:\/\/shuliybaler.com\/wp-content\/uploads\/2022\/10\/Plastic-bottle-baling-machine-1-180x135.webp 180w\" sizes=\"auto, (max-width: 720px) 100vw, 720px\" \/><figcaption>Plasticbottelverpakkingsmasjien<\/figcaption><\/figure> <\/div>   <p class=\"translation-block\">Die hoofkomponente van die hoofenjin van die <a href=\"https:\/\/en.wikipedia.org\/wiki\/Plastic_bottle\" data-type=\"URL\" data-id=\"https:\/\/en.wikipedia.org\/wiki\/Plastic_bottle\" target=\"_blank\" rel=\"noopener\">plastiekbottel<\/a>, sluit die hoofraam, hidrouliese stelsel, elektriese beheerstelsel, en voedselsisteem in. Die hoofraam is gemaak van ho\u00eb kwaliteit staalplate, verdik en gelas, en duursaam. Die hidrouliese stelsel bestaan uit sleutelkomponente soos \u2019n hidrouliese pomp, soleno\u00efedklep, oliecilinder, ens. Die hidroliese baler het ho\u00eb druk, ho\u00eb spoed, en lae geraas. Die ontslagstelsel is verdeel in verskeie metodes soos sy-uitdrukking, handmatig en vooruitskiet.<\/p>    <h2 class=\"wp-block-heading\">Parameters van plastiekbalingsmasjien <\/h2>    <figure class=\"wp-block-gallery has-nested-images columns-2 is-cropped wp-block-gallery-2 is-layout-flex wp-block-gallery-is-layout-flex\"> <figure class=\"wp-block-image size-large\"><img loading=\"lazy\" decoding=\"async\" width=\"720\" height=\"540\" data-id=\"2897\" src=\"https:\/\/shuliybaler.com\/wp-content\/uploads\/2022\/10\/SLSH-120.webp\" alt=\"SLSH-120\" class=\"wp-image-2897\" title=\"\" srcset=\"https:\/\/shuliybaler.com\/wp-content\/uploads\/2022\/10\/SLSH-120.webp 720w, https:\/\/shuliybaler.com\/wp-content\/uploads\/2022\/10\/SLSH-120-360x270.webp 360w, https:\/\/shuliybaler.com\/wp-content\/uploads\/2022\/10\/SLSH-120-180x135.webp 180w\" sizes=\"auto, (max-width: 720px) 100vw, 720px\" \/><figcaption>Slsh-200<\/figcaption><\/figure>    <figure class=\"wp-block-image size-large\"><img loading=\"lazy\" decoding=\"async\" width=\"720\" height=\"540\" data-id=\"2898\" src=\"https:\/\/shuliybaler.com\/wp-content\/uploads\/2022\/10\/SLSH-160.webp\" alt=\"SLSH-160\" class=\"wp-image-2898\" title=\"\" srcset=\"https:\/\/shuliybaler.com\/wp-content\/uploads\/2022\/10\/SLSH-160.webp 720w, https:\/\/shuliybaler.com\/wp-content\/uploads\/2022\/10\/SLSH-160-360x270.webp 360w, https:\/\/shuliybaler.com\/wp-content\/uploads\/2022\/10\/SLSH-160-180x135.webp 180w\" sizes=\"auto, (max-width: 720px) 100vw, 720px\" \/><figcaption>Slsh-160<\/figcaption><\/figure>    <figure class=\"wp-block-image size-large\"><img loading=\"lazy\" decoding=\"async\" width=\"720\" height=\"540\" data-id=\"2899\" src=\"https:\/\/shuliybaler.com\/wp-content\/uploads\/2022\/10\/SLSH-180.webp\" alt=\"SLSH-180\" class=\"wp-image-2899\" title=\"\" srcset=\"https:\/\/shuliybaler.com\/wp-content\/uploads\/2022\/10\/SLSH-180.webp 720w, https:\/\/shuliybaler.com\/wp-content\/uploads\/2022\/10\/SLSH-180-360x270.webp 360w, https:\/\/shuliybaler.com\/wp-content\/uploads\/2022\/10\/SLSH-180-180x135.webp 180w\" sizes=\"auto, (max-width: 720px) 100vw, 720px\" \/><figcaption>Slsh-180<\/figcaption><\/figure>    <figure class=\"wp-block-image size-large\"><img loading=\"lazy\" decoding=\"async\" width=\"720\" height=\"540\" data-id=\"2900\" src=\"https:\/\/shuliybaler.com\/wp-content\/uploads\/2022\/10\/SLSH-200.webp\" alt=\"SLSH-200\" class=\"wp-image-2900\" title=\"\" srcset=\"https:\/\/shuliybaler.com\/wp-content\/uploads\/2022\/10\/SLSH-200.webp 720w, https:\/\/shuliybaler.com\/wp-content\/uploads\/2022\/10\/SLSH-200-360x270.webp 360w, https:\/\/shuliybaler.com\/wp-content\/uploads\/2022\/10\/SLSH-200-180x135.webp 180w\" sizes=\"auto, (max-width: 720px) 100vw, 720px\" \/><figcaption>Slsh-200<\/figcaption><\/figure> <\/figure>    <figure class=\"wp-block-table\"><table><tbody><tr><td>Model<\/td><td>SLSH-120<\/td><td>SLSH-160<\/td><td>SLSH-180<\/td><td>SLSH-200<\/td><\/tr><tr><td>dinamiese stelsel<\/td><td>hidrouliese stelsel\u2300245\u00a0reise 2100mm<\/td><td>hidrouliese stelsel\u2300280Reis 2300mm<\/td><td>hidrouliese stelsel\u2300280Reis 2400mm<\/td><td>hidrouliese stelsel\u2300280Reis 2450mm<\/td><\/tr><tr><td>Krag<\/td><td>22kw,3 HP,380V<\/td><td>30Kw 4Kw, 3 HP,380V<\/td><td>37Kw 4Kw, 3 HP,380V<\/td><td>45Kw 4Kw<\/td><\/tr><tr><td>Hoofnominale stootkrag<\/td><td>1200KN<\/td><td>1600KN<\/td><td>1800KN<\/td><td>2000kn<\/td><\/tr><tr><td>Stelseldruk<\/td><td>28Mpa<\/td><td>31.5MPA<\/td><td>31.5Mpa<\/td><td>31.5MPA &nbsp;<\/td><\/tr><tr><td>Beheerstelsel<\/td><td>PLC outomatiese beheer<\/td><td>PLC outomatiese beheer<\/td><td>PLC outomatiese beheer<\/td><td>PLC outomatiese beheer<\/td><\/tr><tr><td>Voedingsgrootte<\/td><td>1650mm*1100mm<\/td><td>1650mm*1100mm<\/td><td>2000*1100mm<\/td><td>2000mm*1100mm<\/td><\/tr><tr><td>Balgrootte<\/td><td>1100*900mm<\/td><td>1100mm*1250mm<\/td><td>1100*1300mm<\/td><td>1100mm*1400mm<\/td><\/tr><tr><td>Balgrootte<\/td><td>800Kg\/Bal, 400-450kg\/m\u00b3<\/td><td>1200Kg\/Bal \u00a0450Kg\/m\u00b3<\/td><td>1300kg\/bal, 500kg\/m\u00b3<\/td><td>1400Kg\/Bal \u00a0520Kg\/m\u00b3<\/td><\/tr><tr><td>Kapassiteit<\/td><td>4-7 balde\/u<\/td><td>5-8 balde<\/td><td>6-9 balde<\/td><td>8-10 balde<\/td><\/tr><tr><td>bundelvorming<\/td><td>3 stuks handmatige draadjie<\/td><td>4-5 stuks, Handmatige\u00a0draadjie<\/td><td>4-5 stuks, Handmatige\u00a0draadjie<\/td><td>4-5 stuks, Handmatige\u00a0draadjie<\/td><\/tr><\/tbody><\/table><figcaption>Plastic Bottel Baler<\/figcaption><\/figure>   <div class=\"wp-block-image\"> <figure class=\"aligncenter size-full\"><img loading=\"lazy\" decoding=\"async\" width=\"720\" height=\"540\" src=\"https:\/\/shuliybaler.com\/wp-content\/uploads\/2022\/10\/Plastic-bottle-baling-machine-2.webp\" alt=\"Plasticbottelverpakkingsmasjien\" class=\"wp-image-2901\" title=\"\" srcset=\"https:\/\/shuliybaler.com\/wp-content\/uploads\/2022\/10\/Plastic-bottle-baling-machine-2.webp 720w, https:\/\/shuliybaler.com\/wp-content\/uploads\/2022\/10\/Plastic-bottle-baling-machine-2-360x270.webp 360w, https:\/\/shuliybaler.com\/wp-content\/uploads\/2022\/10\/Plastic-bottle-baling-machine-2-180x135.webp 180w\" sizes=\"auto, (max-width: 720px) 100vw, 720px\" \/><figcaption>Plasticbottelverpakkingsmasjien<\/figcaption><\/figure> <\/div>   <h2 class=\"wp-block-heading\">Plastiekbottelbaler uitgevoer na Uganda<\/h2>   <div class=\"wp-block-image\"> <figure class=\"aligncenter size-full\"><img loading=\"lazy\" decoding=\"async\" width=\"720\" height=\"540\" src=\"https:\/\/shuliybaler.com\/wp-content\/uploads\/2022\/10\/Plastic-bottle-baling-machine-3.webp\" alt=\"Plasticbottelverpakkingsmasjien\" class=\"wp-image-2902\" title=\"\" srcset=\"https:\/\/shuliybaler.com\/wp-content\/uploads\/2022\/10\/Plastic-bottle-baling-machine-3.webp 720w, https:\/\/shuliybaler.com\/wp-content\/uploads\/2022\/10\/Plastic-bottle-baling-machine-3-360x270.webp 360w, https:\/\/shuliybaler.com\/wp-content\/uploads\/2022\/10\/Plastic-bottle-baling-machine-3-180x135.webp 180w\" sizes=\"auto, (max-width: 720px) 100vw, 720px\" \/><figcaption>Plasticbottelverpakkingsmasjien<\/figcaption><\/figure> <\/div>   <p>Ons het \u2019n 200-model plastiekbottelbalingsmasjien na Uganda uitgevoer. Die kli\u00ebnt is in die herwinningbedryf. Die kli\u00ebnt moet skrootmetaal en plastiekbottels verpak. Daarom het die kli\u00ebnt die grootste tipe plastiekbottelbalingsmasjien gekies om beide produkte te akkommodeer. Dit maak dit moontlik om twee produkte te verpak. En na toetsing deur die kli\u00ebnt, is daar bevind dat die verpakkingsresultaat baie goed is, veral nadat die plastiekbottel saamgedruk is, bespaar dit baie ruimte.<\/p>","protected":false},"excerpt":{"rendered":"<p>Die plastiekbottelbalgmasjien word ook \u2019n hidrouliese balgmasjien genoem. \u2019n Plastiekbottelbalg is \u2019n masjien wat gebruik word om plastiekwaterbottels saam te druk en te verpak. Deur die samestelling van die plastiekbottelbalg kan die volume van die plastiekbottel verminder word en vervoer geriefliker wees. Die plastiekbottelbalgmasjien kan ook blikke, afvalkartonne, katoen, skrootmetaal, ens., verpak, en word wyd gebruik, hoofsaaklik om stoorplek te verminder. Dit is gerieflik vir sekond\u00eare herwinning.<\/p>","protected":false},"author":1,"featured_media":2894,"parent":0,"template":"","tags":[51],"product-type":[48],"class_list":["post-2893","product","type-product","status-publish","has-post-thumbnail","hentry","tag-baler-machine","product-type-solution"],"_links":{"self":[{"href":"https:\/\/shuliybaler.com\/af\/wp-json\/wp\/v2\/product\/2893","targetHints":{"allow":["GET"]}}],"collection":[{"href":"https:\/\/shuliybaler.com\/af\/wp-json\/wp\/v2\/product"}],"about":[{"href":"https:\/\/shuliybaler.com\/af\/wp-json\/wp\/v2\/types\/product"}],"author":[{"embeddable":true,"href":"https:\/\/shuliybaler.com\/af\/wp-json\/wp\/v2\/users\/1"}],"wp:featuredmedia":[{"embeddable":true,"href":"https:\/\/shuliybaler.com\/af\/wp-json\/wp\/v2\/media\/2894"}],"wp:attachment":[{"href":"https:\/\/shuliybaler.com\/af\/wp-json\/wp\/v2\/media?parent=2893"}],"wp:term":[{"taxonomy":"post_tag","embeddable":true,"href":"https:\/\/shuliybaler.com\/af\/wp-json\/wp\/v2\/tags?post=2893"},{"taxonomy":"product-type","embeddable":true,"href":"https:\/\/shuliybaler.com\/af\/wp-json\/wp\/v2\/product-type?post=2893"}],"curies":[{"name":"wp","href":"https:\/\/api.w.org\/{rel}","templated":true}]}}