{"id":2952,"date":"2022-12-01T14:12:42","date_gmt":"2022-12-01T06:12:42","guid":{"rendered":"https:\/\/shuliybaler.com\/?post_type=product&#038;p=2952"},"modified":"2022-12-13T11:30:36","modified_gmt":"2022-12-13T03:30:36","slug":"wood-pallet-shredder-machine","status":"publish","type":"product","link":"https:\/\/shuliybaler.com\/af\/product\/wood-pallet-shredder-machine\/","title":{"rendered":"Houtpalletverdelgmasjien | houtpalletverpletteringsmasjien"},"content":{"rendered":"<p class=\"translation-block\">Hierdie houtpakketbreker masjien is 'n multi-funksie verwerker wat houtpakkette, iv-stuivers, skroot motors, kartonne than <a href=\"https:\/\/en.wikipedia.org\/wiki\/Tire_recycling\" data-type=\"URL\" data-id=\"https:\/\/en.wikipedia.org\/wiki\/Tire_recycling\" target=\"_blank\" rel=\"noopener\">bandjies<\/a>, hoofsaaklik in die herwinningsbedryf gebruik word; die houtpakketverpletter masjien is maklik om te bedryf en doeltreffend; hierdie <a href=\"https:\/\/shuliybaler.com\/af\/product\/scrap-metal-shredder-machine\/\" data-type=\"URL\" data-id=\"https:\/\/shuliybaler.com\/product\/scrap-metal-shredder-machine\/\">houtpalletbreker<\/a> word ook 'n dubbelskaftbreker genoem omdat die masjien twee skagte het met messe wat in dieselfde rigting beweeg om die materiaal te verpletter. Hierdie masjien verkoop baie goed in Die Verenigde Arabiese Emirate, Australi\u00eb, Spanje, Pakistan, Macedoni\u00eb, Algeri\u00eb, en ander lande.<\/p>   <div class=\"wp-block-image\"> <figure class=\"aligncenter size-full\"><img loading=\"lazy\" decoding=\"async\" width=\"720\" height=\"540\" src=\"https:\/\/shuliybaler.com\/wp-content\/uploads\/2022\/12\/wooden-pallet-shredding-machine.webp\" alt=\"houtpakket breekmasjien\" class=\"wp-image-2960\" title=\"\" srcset=\"https:\/\/shuliybaler.com\/wp-content\/uploads\/2022\/12\/wooden-pallet-shredding-machine.webp 720w, https:\/\/shuliybaler.com\/wp-content\/uploads\/2022\/12\/wooden-pallet-shredding-machine-360x270.webp 360w, https:\/\/shuliybaler.com\/wp-content\/uploads\/2022\/12\/wooden-pallet-shredding-machine-180x135.webp 180w\" sizes=\"auto, (max-width: 720px) 100vw, 720px\" \/><figcaption class=\"wp-element-caption\">houtpakket breekmasjien<\/figcaption><\/figure> <\/div>   <h2 class=\"wp-block-heading\">Die rol van die houtpakketbreker masjien <\/h2>    <figure class=\"wp-block-gallery has-nested-images columns-default is-cropped wp-block-gallery-2 is-layout-flex wp-block-gallery-is-layout-flex\"> <figure class=\"wp-block-image size-large\"><img loading=\"lazy\" decoding=\"async\" width=\"720\" height=\"540\" data-id=\"2954\" src=\"https:\/\/shuliybaler.com\/wp-content\/uploads\/2022\/12\/wood-pallet.webp\" alt=\"houtpallet\" class=\"wp-image-2954\" title=\"\" srcset=\"https:\/\/shuliybaler.com\/wp-content\/uploads\/2022\/12\/wood-pallet.webp 720w, https:\/\/shuliybaler.com\/wp-content\/uploads\/2022\/12\/wood-pallet-360x270.webp 360w, https:\/\/shuliybaler.com\/wp-content\/uploads\/2022\/12\/wood-pallet-180x135.webp 180w\" sizes=\"auto, (max-width: 720px) 100vw, 720px\" \/><figcaption class=\"wp-element-caption\">Houtpallet<\/figcaption><\/figure>    <figure class=\"wp-block-image size-large\"><img loading=\"lazy\" decoding=\"async\" width=\"720\" height=\"540\" data-id=\"2955\" src=\"https:\/\/shuliybaler.com\/wp-content\/uploads\/2022\/12\/wood-pallet-crushing.webp\" alt=\"houtpalletkraking\" class=\"wp-image-2955\" title=\"\" srcset=\"https:\/\/shuliybaler.com\/wp-content\/uploads\/2022\/12\/wood-pallet-crushing.webp 720w, https:\/\/shuliybaler.com\/wp-content\/uploads\/2022\/12\/wood-pallet-crushing-360x270.webp 360w, https:\/\/shuliybaler.com\/wp-content\/uploads\/2022\/12\/wood-pallet-crushing-180x135.webp 180w\" sizes=\"auto, (max-width: 720px) 100vw, 720px\" \/><figcaption class=\"wp-element-caption\">Hout Pakket Verplettering<\/figcaption><\/figure> <\/figure>    <p>Die gebruik van die houtpakketbreker masjien is hoofsaaklik om die afval van houtpakkets te verpletter. Die gekrimpte houtpakkette kan gebruik word om houtskool te maak en hergebruik te word. Wanneer die masjien werk, kan die nagels daarop ingedraai word, en die stappe om die nagels uit te neem, word versoen. Wanneer dit gebruik word, plaas die houtpakket direk van die bokant van die masjien, en die verplettermasjien kan direk uit die onderkant van die masjien uitkom. 'n Konve\u00eferband kan onder die masjien geplaas word vir volledig outomatiese produksie.<\/p>    <figure class=\"wp-block-embed is-type-video is-provider-youtube wp-block-embed-youtube wp-embed-aspect-16-9 wp-has-aspect-ratio\"><div class=\"wp-block-embed__wrapper\"> <iframe loading=\"lazy\" title=\"Vernietig houtpakket breker masjien | houtbreker verpletter masjien   | dubbelskaft breker\" width=\"500\" height=\"281\" src=\"https:\/\/www.youtube.com\/embed\/QUaXAB-KYM4?start=139&#038;feature=oembed\" frameborder=\"0\" allow=\"accelerometer; autoplay; clipboard-write; encrypted-media; gyroscope; picture-in-picture; web-share\" referrerpolicy=\"strict-origin-when-cross-origin\" allowfullscreen><\/iframe> <\/div><figcaption class=\"wp-element-caption\">houtversnippermasjien <\/figcaption><\/figure>    <h2 class=\"wp-block-heading\">Aangepaste houtpakketbrekermesse<\/h2>   <div class=\"wp-block-image\"> <figure class=\"aligncenter size-full\"><img loading=\"lazy\" decoding=\"async\" width=\"720\" height=\"540\" src=\"https:\/\/shuliybaler.com\/wp-content\/uploads\/2022\/12\/Wooden-pallet-shredder-knives.jpg\" alt=\"Houtpakketbrekermesse \" class=\"wp-image-2956\" title=\"\" srcset=\"https:\/\/shuliybaler.com\/wp-content\/uploads\/2022\/12\/Wooden-pallet-shredder-knives.jpg 720w, https:\/\/shuliybaler.com\/wp-content\/uploads\/2022\/12\/Wooden-pallet-shredder-knives-360x270.jpg 360w, https:\/\/shuliybaler.com\/wp-content\/uploads\/2022\/12\/Wooden-pallet-shredder-knives-180x135.jpg 180w\" sizes=\"auto, (max-width: 720px) 100vw, 720px\" \/><figcaption class=\"wp-element-caption\">Houtpakketbrekermesse <\/figcaption><\/figure> <\/div>   <p>Die rol van die snyer is nie net om die houtpakket te verpletter nie, maar ook om die grootte van die verpletterde houtpakket beheer. As jy die verpletterde houtklein wil maak, kan jy meer messe byvoeg, anders sal die houtpakket groter wees.<\/p>    <h2 class=\"wp-block-heading\">Die struktuur van die houtpakketbreker<\/h2>   <div class=\"wp-block-image\"> <figure class=\"aligncenter size-full\"><img loading=\"lazy\" decoding=\"async\" width=\"720\" height=\"540\" src=\"https:\/\/shuliybaler.com\/wp-content\/uploads\/2022\/12\/wood-pallet-shredder.webp\" alt=\"hout pakket breker\" class=\"wp-image-2957\" title=\"\" srcset=\"https:\/\/shuliybaler.com\/wp-content\/uploads\/2022\/12\/wood-pallet-shredder.webp 720w, https:\/\/shuliybaler.com\/wp-content\/uploads\/2022\/12\/wood-pallet-shredder-360x270.webp 360w, https:\/\/shuliybaler.com\/wp-content\/uploads\/2022\/12\/wood-pallet-shredder-180x135.webp 180w\" sizes=\"auto, (max-width: 720px) 100vw, 720px\" \/><figcaption class=\"wp-element-caption\">hout pakket breker<\/figcaption><\/figure> <\/div>   <p class=\"translation-block\">Die hoofstruktuur van die <a href=\"https:\/\/shuliybaler.com\/af\/product\/steel-drum-shredder\/\" data-type=\"URL\" data-id=\"https:\/\/shuliybaler.com\/product\/steel-drum-shredder\/\">dubbelskaftbreker<\/a> sluit uitbraakmesse, ratkas, transmissie-komponente en elektriese bokse in. Wanneer die houtpakketbreker in gebruik is, gaan die materiaal van die bokant van die masjien in, en nadat dit deur die masjien verpletter is, kom die hout uit die onderkant van die masjien uit. 'n Konve\u00eferband kan onder die masjien gekoppel word sodat die saagskille outomaties vervoer kan word, en die houtverplettering is doeltreffender<\/p>    <h2 class=\"wp-block-heading\">Parametro's van houtpakketbreker<\/h2>   <div class=\"wp-block-image\"> <figure class=\"aligncenter size-full\"><img loading=\"lazy\" decoding=\"async\" width=\"720\" height=\"540\" src=\"https:\/\/shuliybaler.com\/wp-content\/uploads\/2022\/12\/wood-pallet-shredder-mahcine.webp\" alt=\"hout pakket breker\" class=\"wp-image-2958\" title=\"\" srcset=\"https:\/\/shuliybaler.com\/wp-content\/uploads\/2022\/12\/wood-pallet-shredder-mahcine.webp 720w, https:\/\/shuliybaler.com\/wp-content\/uploads\/2022\/12\/wood-pallet-shredder-mahcine-360x270.webp 360w, https:\/\/shuliybaler.com\/wp-content\/uploads\/2022\/12\/wood-pallet-shredder-mahcine-180x135.webp 180w\" sizes=\"auto, (max-width: 720px) 100vw, 720px\" \/><figcaption class=\"wp-element-caption\">houtpakketbreker masjien <\/figcaption><\/figure> <\/div>   <figure class=\"wp-block-table\"><table><tbody><tr><td>Model<\/td><td>Vermogen (kW)<\/td><td>Uitset (t\/h)<\/td><td>Mes hoeveelheid (stuks)<\/td><\/tr><tr><td>400<\/td><td>7.5*2<\/td><td>0.5-1<\/td><td>20<\/td><\/tr><tr><td>600<\/td><td>11*2<\/td><td>1.5-2<\/td><td>30<\/td><\/tr><tr><td>800<\/td><td>18.5*2<\/td><td>2-3<\/td><td>40<\/td><\/tr><tr><td>1000<\/td><td>22*2<\/td><td>4-5<\/td><td>50<\/td><\/tr><tr><td>1200<\/td><td>37*2<\/td><td>5-7<\/td><td>30<\/td><\/tr><tr><td>1400<\/td><td>45*2<\/td><td>8-10<\/td><td>40<\/td><\/tr><tr><td>1600<\/td><td>75*2<\/td><td>12-15<\/td><td>20<\/td><\/tr><tr><td>1800<\/td><td>75*2<\/td><td>15-18<\/td><td>18<\/td><\/tr><tr><td>2000<\/td><td>90*2<\/td><td>20-25<\/td><td>20<\/td><\/tr><\/tbody><\/table><figcaption class=\"wp-element-caption\">Parametro's van houtpakketbreker<\/figcaption><\/figure>    <figure class=\"wp-block-gallery has-nested-images columns-default is-cropped wp-block-gallery-3 is-layout-flex wp-block-gallery-is-layout-flex\"> <figure class=\"wp-block-image size-large\"><img loading=\"lazy\" decoding=\"async\" width=\"720\" height=\"540\" data-id=\"2961\" src=\"https:\/\/shuliybaler.com\/wp-content\/uploads\/2022\/12\/Wood-pallet-shredder-machine-1.webp\" alt=\"Hout pallet versnipperaar masjien \" class=\"wp-image-2961\" title=\"\" srcset=\"https:\/\/shuliybaler.com\/wp-content\/uploads\/2022\/12\/Wood-pallet-shredder-machine-1.webp 720w, https:\/\/shuliybaler.com\/wp-content\/uploads\/2022\/12\/Wood-pallet-shredder-machine-1-360x270.webp 360w, https:\/\/shuliybaler.com\/wp-content\/uploads\/2022\/12\/Wood-pallet-shredder-machine-1-180x135.webp 180w\" sizes=\"auto, (max-width: 720px) 100vw, 720px\" \/><figcaption class=\"wp-element-caption\">Hout Pakket Breker Masjien <\/figcaption><\/figure>    <figure class=\"wp-block-image size-large\"><img loading=\"lazy\" decoding=\"async\" width=\"720\" height=\"540\" data-id=\"2962\" src=\"https:\/\/shuliybaler.com\/wp-content\/uploads\/2022\/12\/Wood-pallet-shredder-machine-2.webp\" alt=\"Hout pallet versnipperaar masjien \" class=\"wp-image-2962\" title=\"\" srcset=\"https:\/\/shuliybaler.com\/wp-content\/uploads\/2022\/12\/Wood-pallet-shredder-machine-2.webp 720w, https:\/\/shuliybaler.com\/wp-content\/uploads\/2022\/12\/Wood-pallet-shredder-machine-2-360x270.webp 360w, https:\/\/shuliybaler.com\/wp-content\/uploads\/2022\/12\/Wood-pallet-shredder-machine-2-180x135.webp 180w\" sizes=\"auto, (max-width: 720px) 100vw, 720px\" \/><figcaption class=\"wp-element-caption\">Hout Pakket Breker Masjien <\/figcaption><\/figure> <\/figure>    <h2 class=\"wp-block-heading\">Voordele van houtpakketverplettermasjien <\/h2>   <div class=\"wp-block-image\"> <figure class=\"aligncenter size-full\"><img loading=\"lazy\" decoding=\"async\" width=\"720\" height=\"540\" src=\"https:\/\/shuliybaler.com\/wp-content\/uploads\/2022\/12\/wooden-pallet-crushing-machine.webp\" alt=\"houtpakket verpletter masjien \" class=\"wp-image-2959\" title=\"\" srcset=\"https:\/\/shuliybaler.com\/wp-content\/uploads\/2022\/12\/wooden-pallet-crushing-machine.webp 720w, https:\/\/shuliybaler.com\/wp-content\/uploads\/2022\/12\/wooden-pallet-crushing-machine-360x270.webp 360w, https:\/\/shuliybaler.com\/wp-content\/uploads\/2022\/12\/wooden-pallet-crushing-machine-180x135.webp 180w\" sizes=\"auto, (max-width: 720px) 100vw, 720px\" \/><figcaption class=\"wp-element-caption\">houtpakket verpletter masjien <\/figcaption><\/figure> <\/div>   <p>Die romp neem dit in ag. Die skede van die masjien is gemaak van dikker materiaal, duursaam<\/p>    <p>en effek\u2014tyd. Die eenheid het 'n ho\u00eb mate van outomatisasie, ho\u00eb doeltreffendheid, en minder arbeidskraal<\/p>    <p class=\"translation-block\"><strong>Streekwydte toe pas.<\/strong> Kan gebruik word vir die herwinning van metaal, plastiek, houtmandjie, afvalpapier, ens.<\/p>    <p class=\"translation-block\"><strong>unieke ontwerp.<\/strong> Die snyas van die masjien is ontwerp sodat daar geen materiaal-windings en stuur nie<\/p>    <p class=\"translation-block\"><strong>Lae geraas<\/strong>. Die masjien maak lae geraas tydens werking.<\/p>","protected":false},"excerpt":{"rendered":"<p>Hierdie houtpalletbreker masjien is 'n multifunctionele breker, wat houtpakkette, metaal-drum, skroot motors, kartonne, en bande kan verpletter; hoofdurch gebruik in die herwinningsbedryf; die houtpakketverpletter masjien is maklik om te bedryf en doeltreffend.<\/p>","protected":false},"author":1,"featured_media":2953,"parent":0,"template":"","tags":[54],"product-type":[46],"class_list":["post-2952","product","type-product","status-publish","has-post-thumbnail","hentry","tag-wood-pallet-shredder-machine","product-type-metal-shredder"],"_links":{"self":[{"href":"https:\/\/shuliybaler.com\/af\/wp-json\/wp\/v2\/product\/2952","targetHints":{"allow":["GET"]}}],"collection":[{"href":"https:\/\/shuliybaler.com\/af\/wp-json\/wp\/v2\/product"}],"about":[{"href":"https:\/\/shuliybaler.com\/af\/wp-json\/wp\/v2\/types\/product"}],"author":[{"embeddable":true,"href":"https:\/\/shuliybaler.com\/af\/wp-json\/wp\/v2\/users\/1"}],"wp:featuredmedia":[{"embeddable":true,"href":"https:\/\/shuliybaler.com\/af\/wp-json\/wp\/v2\/media\/2953"}],"wp:attachment":[{"href":"https:\/\/shuliybaler.com\/af\/wp-json\/wp\/v2\/media?parent=2952"}],"wp:term":[{"taxonomy":"post_tag","embeddable":true,"href":"https:\/\/shuliybaler.com\/af\/wp-json\/wp\/v2\/tags?post=2952"},{"taxonomy":"product-type","embeddable":true,"href":"https:\/\/shuliybaler.com\/af\/wp-json\/wp\/v2\/product-type?post=2952"}],"curies":[{"name":"wp","href":"https:\/\/api.w.org\/{rel}","templated":true}]}}