{"id":3407,"date":"2025-12-31T14:50:32","date_gmt":"2025-12-31T06:50:32","guid":{"rendered":"https:\/\/shuliybaler.com\/?post_type=product&#038;p=3407"},"modified":"2026-01-04T17:52:20","modified_gmt":"2026-01-04T09:52:20","slug":"ball-mill-grinder-for-metal-polishing","status":"publish","type":"product","link":"https:\/\/shuliybaler.com\/af\/product\/ball-mill-grinder-for-metal-polishing\/","title":{"rendered":"Balwielmasjien vir Metaaloppervlak Roestverwydering &amp; Polering"},"content":{"rendered":"<p class=\"translation-block\">'n <strong>balmasjienverwerker<\/strong> is 'n industri\u00eble trommel-tye maal- en poleringsmasjien ontwerp vir doeltreffende oppervlakafwerking van metaal- en nie-metaalonderdele. Dit word wyd gebruik vir ontburring, roestverwydering, randronding, en helder polering, veral vir dele wat maklik vervorm.<\/p>    <p>Shuli Machinery&#8217;s ball mills feature a robust mechanical structure, stable operation, and high grinding efficiency, making them an ideal solution for processing medium to large workpieces in industries such as metal recycling, machining, and surface treatment.<\/p>    <figure class=\"wp-block-embed aligncenter is-type-video is-provider-youtube wp-block-embed-youtube wp-embed-aspect-16-9 wp-has-aspect-ratio\"><div class=\"wp-block-embed__wrapper\"> <iframe loading=\"lazy\" title=\"Heavy-Duty Dry Ball Mill for Metal &amp; Aluminum Scrap Contact:+8617703863868\" width=\"500\" height=\"281\" src=\"https:\/\/www.youtube.com\/embed\/knRo2Nmixj4?feature=oembed\" frameborder=\"0\" allow=\"accelerometer; autoplay; clipboard-write; encrypted-media; gyroscope; picture-in-picture; web-share\" referrerpolicy=\"strict-origin-when-cross-origin\" allowfullscreen><\/iframe> <\/div><figcaption class=\"wp-element-caption\">werkvideo van balmeulenslyper<\/figcaption><\/figure>    <h2 class=\"wp-block-heading\"><strong>Wat is 'n balmeulensmasjien\uff1f<\/strong><\/h2>    <p>Dro\u00eb balmasjiene word hoofsaaklik gebruik vir die polering en roestverwydering van metaal- en aluminiumskrootmateriaal met 'n diameter van minder as 400 mm. Die elektriese motor dryf 'n reduktor, wat veroorsaak dat die cilindriese trommel draai, terwyl die materiaal en ertse in die trommel gevoer word via 'n konveier.<\/p>    <p>Die werkbeginsel van 'n balmasjien is om 'n cilindriese trommel te draai wat gesamentlik met slywermedia (soos minerale sand of staalbalke) gevul is. Terwyl die trommel draai, word die materiale binne-in voortdurend gekantel, gewerp, gerub en gemeng, wat doeltreffend oppervlakolie, roest en brame verwyder.<\/p>    <p>Die verwerkte werkstukke behou nie net hul oorspronklike vorm en dimensie-akkuraatheid nie, maar bereik ook 'n gladder, helderder, en skoner oppervlak. Die oppervlakroughness van die finale produk word met 1-2 grade verbeter. Daarom is balmasjiene besonder geskik vir oppervlakafwerking van maklik vervormbare dele.<\/p>   <div class=\"wp-block-image\"> <figure class=\"aligncenter size-full\"><img loading=\"lazy\" decoding=\"async\" width=\"720\" height=\"540\" src=\"https:\/\/shuliybaler.com\/wp-content\/uploads\/2025\/12\/horizontal-dry-ball-mill.webp\" alt=\"Horisontale dro\u00eb balmasjien\" class=\"wp-image-3419\" title=\"\" srcset=\"https:\/\/shuliybaler.com\/wp-content\/uploads\/2025\/12\/horizontal-dry-ball-mill.webp 720w, https:\/\/shuliybaler.com\/wp-content\/uploads\/2025\/12\/horizontal-dry-ball-mill-360x270.webp 360w, https:\/\/shuliybaler.com\/wp-content\/uploads\/2025\/12\/horizontal-dry-ball-mill-180x135.webp 180w, https:\/\/shuliybaler.com\/wp-content\/uploads\/2025\/12\/horizontal-dry-ball-mill-16x12.webp 16w\" sizes=\"auto, (max-width: 720px) 100vw, 720px\" \/><figcaption class=\"wp-element-caption\">Horisontale dro\u00eb balmasjien<\/figcaption><\/figure> <\/div>   <h2 class=\"wp-block-heading\"><strong>Belangrike voordele van Shuliy balmasjienverwerker<\/strong><\/h2>    <ol class=\"wp-block-list\"> <li>Die gaasrat van ysterertsvermaalmolens gebruik 'n ho\u00ebsterkte rattransmissiestelsel en 'n ge\u00efntegreerde gietstruktuur, wat groter algehele stabiliteit, meer presiese transmissie, langer dienslewe, en gladder werking bied.<\/li>    <li>Ons dro\u00eb maalmasjiene word vervaardig met ekstra-dik staalplate, met behulp van ho\u00ebtegnologie laswerk en oppervlakpoleringbehandelings, wat uitstekende slytasie- en impakweerstand bied, en is ontwerp vir swaar industri\u00eble werking.<\/li>    <li>Deur opgraderings het ons die hopperkapasiteit verhoog om ongelyke uitlaat en oorbelasting te voorkom, wat die algehele maaldoeltreffendheid aansienlik verbeter en eweredige materiaalvoeding en konsekwente verwerkingstegnologie verseker.<\/li>    <li>In addition to strict manufacturing standards, we provide a comprehensive maintenance system and clear operating procedures after the customer purchases the machine, ensuring worry-free equipment delivery and operation, and earning customers&#8217; satisfaction and recognition.<\/li> <\/ol>    <figure class=\"wp-block-gallery has-nested-images columns-2 is-cropped wp-block-gallery-2 is-layout-flex wp-block-gallery-is-layout-flex\"> <figure class=\"wp-block-image size-large\"><img loading=\"lazy\" decoding=\"async\" width=\"720\" height=\"540\" data-id=\"3415\" src=\"https:\/\/shuliybaler.com\/wp-content\/uploads\/2025\/12\/Aperture-gear.webp\" alt=\"Gaasrat\" class=\"wp-image-3415\" title=\"\" srcset=\"https:\/\/shuliybaler.com\/wp-content\/uploads\/2025\/12\/Aperture-gear.webp 720w, https:\/\/shuliybaler.com\/wp-content\/uploads\/2025\/12\/Aperture-gear-360x270.webp 360w, https:\/\/shuliybaler.com\/wp-content\/uploads\/2025\/12\/Aperture-gear-180x135.webp 180w, https:\/\/shuliybaler.com\/wp-content\/uploads\/2025\/12\/Aperture-gear-16x12.webp 16w\" sizes=\"auto, (max-width: 720px) 100vw, 720px\" \/><figcaption class=\"wp-element-caption\">Gaasrat<\/figcaption><\/figure>    <figure class=\"wp-block-image size-large\"><img loading=\"lazy\" decoding=\"async\" width=\"720\" height=\"540\" data-id=\"3416\" src=\"https:\/\/shuliybaler.com\/wp-content\/uploads\/2025\/12\/Feeding-hopper.webp\" alt=\"Voedingshopper\" class=\"wp-image-3416\" title=\"\" srcset=\"https:\/\/shuliybaler.com\/wp-content\/uploads\/2025\/12\/Feeding-hopper.webp 720w, https:\/\/shuliybaler.com\/wp-content\/uploads\/2025\/12\/Feeding-hopper-360x270.webp 360w, https:\/\/shuliybaler.com\/wp-content\/uploads\/2025\/12\/Feeding-hopper-180x135.webp 180w, https:\/\/shuliybaler.com\/wp-content\/uploads\/2025\/12\/Feeding-hopper-16x12.webp 16w\" sizes=\"auto, (max-width: 720px) 100vw, 720px\" \/><figcaption class=\"wp-element-caption\">Voedingshopper<\/figcaption><\/figure>    <figure class=\"wp-block-image size-large\"><img loading=\"lazy\" decoding=\"async\" width=\"720\" height=\"540\" data-id=\"3418\" src=\"https:\/\/shuliybaler.com\/wp-content\/uploads\/2025\/12\/seive-plate-of-dry-ball-mill.webp\" alt=\"seive plate of dry ball mill\" class=\"wp-image-3418\" title=\"\" srcset=\"https:\/\/shuliybaler.com\/wp-content\/uploads\/2025\/12\/seive-plate-of-dry-ball-mill.webp 720w, https:\/\/shuliybaler.com\/wp-content\/uploads\/2025\/12\/seive-plate-of-dry-ball-mill-360x270.webp 360w, https:\/\/shuliybaler.com\/wp-content\/uploads\/2025\/12\/seive-plate-of-dry-ball-mill-180x135.webp 180w, https:\/\/shuliybaler.com\/wp-content\/uploads\/2025\/12\/seive-plate-of-dry-ball-mill-16x12.webp 16w\" sizes=\"auto, (max-width: 720px) 100vw, 720px\" \/><figcaption class=\"wp-element-caption\">Sifplaat van dro\u00eb balmasjien<\/figcaption><\/figure>    <figure class=\"wp-block-image size-large\"><img loading=\"lazy\" decoding=\"async\" width=\"720\" height=\"540\" data-id=\"3417\" src=\"https:\/\/shuliybaler.com\/wp-content\/uploads\/2025\/12\/metal-rust-remover-machine.webp\" alt=\"metaalloestverwyderingsmasjien\" class=\"wp-image-3417\" title=\"\" srcset=\"https:\/\/shuliybaler.com\/wp-content\/uploads\/2025\/12\/metal-rust-remover-machine.webp 720w, https:\/\/shuliybaler.com\/wp-content\/uploads\/2025\/12\/metal-rust-remover-machine-360x270.webp 360w, https:\/\/shuliybaler.com\/wp-content\/uploads\/2025\/12\/metal-rust-remover-machine-180x135.webp 180w, https:\/\/shuliybaler.com\/wp-content\/uploads\/2025\/12\/metal-rust-remover-machine-16x12.webp 16w\" sizes=\"auto, (max-width: 720px) 100vw, 720px\" \/><figcaption class=\"wp-element-caption\">Metaalloestverwyderingsmasjien<\/figcaption><\/figure> <\/figure>    <h2 class=\"wp-block-heading\"><strong>Toepassings van die metaalloestverwyderingsmasjien<\/strong><\/h2>    <p>Balmeulenslyper word wyd gebruik in verskeie nywerhede en kan 'n wye reeks materiale verwerk, insluitend:<\/p>    <ol class=\"wp-block-list\"> <li>Metaalonderdele en komponente, gesinterde yster en hittebehandelde metale, gekapte metaalskroot, olierige of roesige aluminiumskroot, ens.<\/li>    <li>Hulle kan ook nie-geleidingsmetale (koper, aluminiumlegerings, ens.) en nie-metaalonderdele wat oppervlakpolering vereis, verwerk.<\/li> <\/ol>    <p>Sy uitstekende eienskappe maak dit besonder geskik vir medium tot groot werkstukke wat ho\u00eb kwaliteit oppervlakbehandeling vereis. <\/p>    <p>Meeste van ons kli\u00ebnte gebruik dit vir metaalloestvoorbehandeling, maal en polering na hardware- en bevestigingsproduksie, oppervlakvoorbehandeling voor coating of elektroplatering, en meer.<\/p>    <h2 class=\"wp-block-heading\"><strong>Soort industri\u00eble balmasjien<\/strong><\/h2>    <p>Om aan verskeie verwerkingsbehoeftes te voldoen, bied Shuli 'n verskeidenheid balmasjienmodelle met verskillende diameters, lengtes, en produksievermo\u00ebns.<\/p>    <figure class=\"wp-block-table\"><table class=\"has-fixed-layout\"><tbody><tr><td>Diameter<\/td><td>Lengte<\/td><td>Uitset<\/td><td>Motor krag<\/td><\/tr><tr><td>1.2x3m<\/td><td>5.5m<\/td><td>2t\/h<\/td><td>15kw<\/td><\/tr><tr><td>1.5x6m<\/td><td>8m<\/td><td>4t\/h<\/td><td>30kw<\/td><\/tr><tr><td>1.8x6m<\/td><td>9m<\/td><td>6t\/h <\/td><td>45kw<\/td><\/tr><\/tbody><\/table><figcaption class=\"wp-element-caption\">Eenvoudige parameters van die industri\u00eble balmasjienverwerker<\/figcaption><\/figure>    <p>Van modelle geskik vir klein en mediumgrootte werkswinkels met 'n produksievermo\u00eb van 2 ton per uur, tot di\u00e9 vir grootskaalse industri\u00eble produksie met 'n kapasiteit van 6 ton per uur, kan kli\u00ebnte die mees geskikte model kies op grond van materiaaltipe, werklading, en fabriekruimte.<\/p>    <p>As jy onseker is watter model die beste vir jou toepassing is, kan ons ingenieurs 'n aanbeveling of pasgemaakte oplossing voorstel gebaseer op jou materiaalgrootte, korrosievlak, en gewenste oppervlakbehandelingsdoelwit. Kontak ons gerus as jy enige vrae het oor hierdie balmasjienverwerker!<\/p>   <div class=\"wp-block-image\"> <figure class=\"aligncenter size-full\"><img loading=\"lazy\" decoding=\"async\" width=\"720\" height=\"540\" src=\"https:\/\/shuliybaler.com\/wp-content\/uploads\/2025\/12\/Drum-type-dry-metal-grinding-mill.webp\" alt=\"Trommel tipe dro\u00eb metaalvermaalmolen\" class=\"wp-image-3420\" title=\"\" srcset=\"https:\/\/shuliybaler.com\/wp-content\/uploads\/2025\/12\/Drum-type-dry-metal-grinding-mill.webp 720w, https:\/\/shuliybaler.com\/wp-content\/uploads\/2025\/12\/Drum-type-dry-metal-grinding-mill-360x270.webp 360w, https:\/\/shuliybaler.com\/wp-content\/uploads\/2025\/12\/Drum-type-dry-metal-grinding-mill-180x135.webp 180w, https:\/\/shuliybaler.com\/wp-content\/uploads\/2025\/12\/Drum-type-dry-metal-grinding-mill-16x12.webp 16w\" sizes=\"auto, (max-width: 720px) 100vw, 720px\" \/><figcaption class=\"wp-element-caption\">Trommel-tipe dro\u00eb metaalvermaalmolen<\/figcaption><\/figure> <\/div>   <h2 class=\"wp-block-heading\"><strong>Hoekom kies Shuliy balmasjienverwerker?<\/strong><\/h2>    <ul class=\"wp-block-list\"> <li>Shuliy is 'n professionele vervaardiger met 40 jaar uitgebreide industrie-ervaring en meer as 'n dekade se ervaring in internasionale handel.<\/li>    <li>Ons masjiene is buigsaam ontwerp en kan aangepas word om aan verskillende behoeftes te voldoen.<\/li>    <li>Ons bied baie mededingende fabriekpryse, deursigtige pryse, omvattende na-verkoopdiens, en volledige tegniese ondersteuning deur die hele proses.<\/li>    <li>Ons het 'n uitstekende w\u00eareldwye reputasie en 'n goed gevestigde uitvoer- en versendstelsel, wat die vertroue van kli\u00ebnte w\u00eareldwyd verdien.<\/li>    <li>Shuliy is daartoe verbind om jou te voorsien van praktiese, duursame, en koste-effektiewe maaloplossings vir jou besigheid met professionele diens.<\/li> <\/ul>    <figure class=\"wp-block-gallery has-nested-images columns-default is-cropped wp-block-gallery-3 is-layout-flex wp-block-gallery-is-layout-flex\"> <figure class=\"wp-block-image size-large\"><img loading=\"lazy\" decoding=\"async\" width=\"720\" height=\"540\" data-id=\"3421\" src=\"https:\/\/shuliybaler.com\/wp-content\/uploads\/2025\/12\/ball-mill-grinding-machine-production-process.webp\" alt=\"Balmasjienverwerkingsproses\" class=\"wp-image-3421\" title=\"\" srcset=\"https:\/\/shuliybaler.com\/wp-content\/uploads\/2025\/12\/ball-mill-grinding-machine-production-process.webp 720w, https:\/\/shuliybaler.com\/wp-content\/uploads\/2025\/12\/ball-mill-grinding-machine-production-process-360x270.webp 360w, https:\/\/shuliybaler.com\/wp-content\/uploads\/2025\/12\/ball-mill-grinding-machine-production-process-180x135.webp 180w, https:\/\/shuliybaler.com\/wp-content\/uploads\/2025\/12\/ball-mill-grinding-machine-production-process-16x12.webp 16w\" sizes=\"auto, (max-width: 720px) 100vw, 720px\" \/><figcaption class=\"wp-element-caption\">Balmasjienverwerkingsproses<\/figcaption><\/figure>    <figure class=\"wp-block-image size-large\"><img loading=\"lazy\" decoding=\"async\" width=\"720\" height=\"540\" data-id=\"3422\" src=\"https:\/\/shuliybaler.com\/wp-content\/uploads\/2025\/12\/Shuliy-factory.webp\" alt=\"Shuliy-fabriek\" class=\"wp-image-3422\" title=\"\" srcset=\"https:\/\/shuliybaler.com\/wp-content\/uploads\/2025\/12\/Shuliy-factory.webp 720w, https:\/\/shuliybaler.com\/wp-content\/uploads\/2025\/12\/Shuliy-factory-360x270.webp 360w, https:\/\/shuliybaler.com\/wp-content\/uploads\/2025\/12\/Shuliy-factory-180x135.webp 180w, https:\/\/shuliybaler.com\/wp-content\/uploads\/2025\/12\/Shuliy-factory-16x12.webp 16w\" sizes=\"auto, (max-width: 720px) 100vw, 720px\" \/><figcaption class=\"wp-element-caption\">Shuliy-fabriek<\/figcaption><\/figure> <\/figure>    <p>As jy op soek is na betroubare industri\u00eble metaalherwinningsoplossings, kontak Shuli Maatskappy dadelik vir gedetailleerde tegniese spesifikasies, pasgemaakte balmasjienoplossings, en 'n volledige pryslys.<\/p>    <p class=\"translation-block\">Klik om ander topverkoperprodukte te sien: <a href=\"https:\/\/shuliybaler.com\/af\/product\/steel-drum-shredder\/\">Staal trommel versnipperaar<\/a>, <a href=\"https:\/\/shuliybaler.com\/af\/product\/alligator-shear\/\">Slypmetaal snyer<\/a>.<\/p>    <p><\/p>","protected":false},"excerpt":{"rendered":"<p>The ball mill is designed for efficient metal surface treatment, deburring, rust removal, and polishing. It is particularly suitable for processing easily deformable workpieces, ensuring improved surface quality without damaging the original shape and dimensional accuracy of the workpiece.<\/p>","protected":false},"author":1,"featured_media":3414,"parent":0,"template":"","tags":[15],"product-type":[87],"class_list":["post-3407","product","type-product","status-publish","has-post-thumbnail","hentry","tag-metal","product-type-metal-recycling-machine"],"_links":{"self":[{"href":"https:\/\/shuliybaler.com\/af\/wp-json\/wp\/v2\/product\/3407","targetHints":{"allow":["GET"]}}],"collection":[{"href":"https:\/\/shuliybaler.com\/af\/wp-json\/wp\/v2\/product"}],"about":[{"href":"https:\/\/shuliybaler.com\/af\/wp-json\/wp\/v2\/types\/product"}],"author":[{"embeddable":true,"href":"https:\/\/shuliybaler.com\/af\/wp-json\/wp\/v2\/users\/1"}],"wp:featuredmedia":[{"embeddable":true,"href":"https:\/\/shuliybaler.com\/af\/wp-json\/wp\/v2\/media\/3414"}],"wp:attachment":[{"href":"https:\/\/shuliybaler.com\/af\/wp-json\/wp\/v2\/media?parent=3407"}],"wp:term":[{"taxonomy":"post_tag","embeddable":true,"href":"https:\/\/shuliybaler.com\/af\/wp-json\/wp\/v2\/tags?post=3407"},{"taxonomy":"product-type","embeddable":true,"href":"https:\/\/shuliybaler.com\/af\/wp-json\/wp\/v2\/product-type?post=3407"}],"curies":[{"name":"wp","href":"https:\/\/api.w.org\/{rel}","templated":true}]}}