{"id":19,"date":"2019-11-30T01:26:31","date_gmt":"2019-11-30T01:26:31","guid":{"rendered":"https:\/\/shuliybaler.com\/?page_id=19"},"modified":"2022-09-28T15:34:50","modified_gmt":"2022-09-28T07:34:50","slug":"services","status":"publish","type":"page","link":"https:\/\/shuliybaler.com\/es\/services\/","title":{"rendered":"Servicios"},"content":{"rendered":"<h2 class=\"wp-block-heading\"> Servicios t\u00e9cnicos<\/h2>    <p>1. Antes de comprar la m\u00e1quina, puede comunicarse con nuestros asesores de ventas, ellos resolver\u00e1n los problemas de la m\u00e1quina por usted. Si lo necesitas tambi\u00e9n puedes contactar directamente con nuestro personal t\u00e9cnico para una respuesta m\u00e1s profesional.<\/p>    <p>2. Despu\u00e9s de comprar la m\u00e1quina, le enviaremos videos, im\u00e1genes, archivos, etc. para guiar la instalaci\u00f3n de su m\u00e1quina. Si es necesario, podemos enviar t\u00e9cnicos a su pa\u00eds para solucionar una serie de problemas como la instalaci\u00f3n y el uso.<\/p>    <p>3. Nuestra empresa ofrece diversos servicios, como dise\u00f1o de f\u00e1brica, c\u00e1lculo del \u00e1rea de f\u00e1brica, planos de f\u00e1brica, etc.<\/p>    <p>4. No dude en enviarnos un mensaje en 24 horas.<\/p>    <figure class=\"wp-block-image size-large\"><img loading=\"lazy\" decoding=\"async\" width=\"800\" height=\"500\" src=\"https:\/\/shuliybaler.com\/wp-content\/uploads\/2019\/12\/Technischer-Support.jpg\" alt=\"Soporte t\u00e9cnico\" class=\"wp-image-450\" title=\"\" srcset=\"https:\/\/shuliybaler.com\/wp-content\/uploads\/2019\/12\/Technischer-Support.jpg 800w, https:\/\/shuliybaler.com\/wp-content\/uploads\/2019\/12\/Technischer-Support-360x225.jpg 360w, https:\/\/shuliybaler.com\/wp-content\/uploads\/2019\/12\/Technischer-Support-720x450.jpg 720w, https:\/\/shuliybaler.com\/wp-content\/uploads\/2019\/12\/Technischer-Support-768x480.jpg 768w\" sizes=\"auto, (max-width: 800px) 100vw, 800px\" \/><figcaption>Soporte t\u00e9cnico<\/figcaption><\/figure>    <h2 class=\"wp-block-heading\">Personalizaci\u00f3n de soporte<\/h2>    <p>La mayor\u00eda de las m\u00e1quinas admiten la personalizaci\u00f3n para satisfacer los diferentes requisitos de los clientes. La personalizaci\u00f3n incluye el material de la m\u00e1quina, el espesor del material, el tama\u00f1o del molde de la m\u00e1quina, el cambio de voltaje, etc.<\/p>    <div class=\"wp-block-media-text alignwide is-stacked-on-mobile\"><figure class=\"wp-block-media-text__media\"><img loading=\"lazy\" decoding=\"async\" width=\"720\" height=\"540\" src=\"https:\/\/shuliybaler.com\/wp-content\/uploads\/2019\/12\/Pick-up-managing-customer-accommodation.jpg\" alt=\"\" class=\"wp-image-452 size-full\" title=\"\" srcset=\"https:\/\/shuliybaler.com\/wp-content\/uploads\/2019\/12\/Pick-up-managing-customer-accommodation.jpg 720w, https:\/\/shuliybaler.com\/wp-content\/uploads\/2019\/12\/Pick-up-managing-customer-accommodation-360x270.jpg 360w, https:\/\/shuliybaler.com\/wp-content\/uploads\/2019\/12\/Pick-up-managing-customer-accommodation-180x135.jpg 180w\" sizes=\"auto, (max-width: 720px) 100vw, 720px\" \/><\/figure><div class=\"wp-block-media-text__content\"> <h2 class=\"wp-block-heading\">Recepci\u00f3n de invitados<\/h2>    <p>Si desea probar o visitar nuestra f\u00e1brica, podemos brindarle un servicio especial de recogida, servicio de personalizaci\u00f3n del hotel, servicio de catering, etc., para brindarle mayor tranquilidad cuando se encuentre en un pa\u00eds extranjero.<\/p> <\/div><\/div>    <div class=\"wp-block-media-text alignwide has-media-on-the-right is-stacked-on-mobile\"><figure class=\"wp-block-media-text__media\"><img loading=\"lazy\" decoding=\"async\" width=\"720\" height=\"540\" src=\"https:\/\/shuliybaler.com\/wp-content\/uploads\/2019\/12\/Support-all-forms-of-logistics.jpg\" alt=\"Apoyar todas las formas de log\u00edstica.\" class=\"wp-image-453 size-full\" title=\"\" srcset=\"https:\/\/shuliybaler.com\/wp-content\/uploads\/2019\/12\/Support-all-forms-of-logistics.jpg 720w, https:\/\/shuliybaler.com\/wp-content\/uploads\/2019\/12\/Support-all-forms-of-logistics-360x270.jpg 360w, https:\/\/shuliybaler.com\/wp-content\/uploads\/2019\/12\/Support-all-forms-of-logistics-180x135.jpg 180w\" sizes=\"auto, (max-width: 720px) 100vw, 720px\" \/><\/figure><div class=\"wp-block-media-text__content\"> <h2 class=\"wp-block-heading\">Log\u00edstica y otros<\/h2>    <p> Dependiendo del tama\u00f1o, la m\u00e1quina ser\u00e1 embalada en contenedores o cajas de madera, previendo diversos m\u00e9todos de transporte.  <\/p> <\/div><\/div>    <p><\/p>","protected":false},"excerpt":{"rendered":"<p>Technical&nbsp;services 1. Before purchasing the machine, you can communicate with our sales consultants, they will solve the machine problems for you. If you need it, you can also contact our technical staff directly for a more professional answer. 2. After purchasing the machine, we will send you videos, pictures, files, etc. to guide your machine [&hellip;]<\/p>\n","protected":false},"author":1,"featured_media":0,"parent":0,"menu_order":0,"comment_status":"closed","ping_status":"closed","template":"","meta":{"footnotes":""},"class_list":["post-19","page","type-page","status-publish","hentry"],"_links":{"self":[{"href":"https:\/\/shuliybaler.com\/es\/wp-json\/wp\/v2\/pages\/19","targetHints":{"allow":["GET"]}}],"collection":[{"href":"https:\/\/shuliybaler.com\/es\/wp-json\/wp\/v2\/pages"}],"about":[{"href":"https:\/\/shuliybaler.com\/es\/wp-json\/wp\/v2\/types\/page"}],"author":[{"embeddable":true,"href":"https:\/\/shuliybaler.com\/es\/wp-json\/wp\/v2\/users\/1"}],"replies":[{"embeddable":true,"href":"https:\/\/shuliybaler.com\/es\/wp-json\/wp\/v2\/comments?post=19"}],"version-history":[{"count":0,"href":"https:\/\/shuliybaler.com\/es\/wp-json\/wp\/v2\/pages\/19\/revisions"}],"wp:attachment":[{"href":"https:\/\/shuliybaler.com\/es\/wp-json\/wp\/v2\/media?parent=19"}],"curies":[{"name":"wp","href":"https:\/\/api.w.org\/{rel}","templated":true}]}}