{"id":23,"date":"2019-11-30T01:27:16","date_gmt":"2019-11-30T01:27:16","guid":{"rendered":"https:\/\/shuliybaler.com\/?page_id=23"},"modified":"2022-09-27T11:02:06","modified_gmt":"2022-09-27T03:02:06","slug":"about-us","status":"publish","type":"page","link":"https:\/\/shuliybaler.com\/es\/about-us\/","title":{"rendered":"Sobre nosotros"},"content":{"rendered":"<p>Shuliy Machinery Co., Ltd. est\u00e1 ubicada en la zona de desarrollo econ\u00f3mico de Zhengzhou, provincia de Henan, con transporte conveniente. Es una empresa profesional que integra investigaci\u00f3n y desarrollo de m\u00e1quinas, fabricaci\u00f3n y ventas. Nuestra empresa se fund\u00f3 en 2011, pero tiene experiencia real en fabricaci\u00f3n de m\u00e1quinas y experiencia en ventas durante m\u00e1s de diez a\u00f1os. Despu\u00e9s del desarrollo de estos a\u00f1os, nuestra empresa se ha convertido en l\u00edder en el reciclaje, trituraci\u00f3n y briquetado de diversos metales de desecho en China.<\/p>    <figure class=\"wp-block-image size-large\"><img decoding=\"async\" src=\"https:\/\/shuliybaler.com\/wp-content\/uploads\/2020\/01\/certification-of-Shuliy-machinery.jpg\" alt=\"certificaci\u00f3n-de-maquinaria-Shuliy\" title=\"\"><figcaption>Certificaci\u00f3n-de-maquinaria-Shuliy<\/figcaption><\/figure>    <h2 class=\"wp-block-heading\" id=\"h-enterprise-team\"><strong>equipo empresarial<\/strong><\/h2>    <p>En el proceso de desarrollo de la empresa, damos gran importancia al desarrollo y formaci\u00f3n de talentos y contamos con un grupo de profesionales innovadores y capacitados. En la actualidad, la empresa cuenta con m\u00e1s de 100 empleados. Nuestra empresa no solo cuenta con personal experimentado y altamente calificado, sino que tambi\u00e9n se mantiene al d\u00eda para absorber y aceptar a los j\u00f3venes que se atreven a innovar.<\/p>    <h2 class=\"wp-block-heading\" id=\"h-main-machine\"><strong>M\u00e1quina principal<\/strong><\/h2>    <p>En la actualidad, los principales productos de nuestra empresa incluyen empacadoras de metal, cizallas para metal, trituradoras de metal, m\u00e1quinas briquetadoras de virutas de metal, etc. Con la misi\u00f3n de \"Permitir que las m\u00e1quinas chinas se extiendan a todos los rincones del mundo\", nuestro alcance comercial se expande constantemente. Actualmente, nuestras m\u00e1quinas se han vendido con \u00e9xito en m\u00e1s de 80 pa\u00edses, incluidos Nigeria, India, Estados Unidos, Malasia, Sud\u00e1n, Emiratos \u00c1rabes Unidos, Reino Unido, Sri Lanka, Pakist\u00e1n, Tailandia, Argelia y Uganda. Y gracias a la excelente calidad de la m\u00e1quina y al precio razonable, hemos ganado grandes elogios entre nuestros clientes.<\/p>    <h2 class=\"wp-block-heading\" id=\"h-company-culture\"><strong>cultura de la empresa<\/strong><\/h2>    <p>Visi\u00f3n: Crear una plataforma \u00f3ptima para ayudar a los empleados a crecer.<\/p>    <p>Misi\u00f3n: Permitir que las m\u00e1quinas chinas se extiendan a todos los rincones del mundo.<\/p>    <p>Valores: Integridad, Gratitud, Altruismo y Ayuda Mutua.<\/p>    <p>El Grupo Shuliy nunca ha dejado de avanzar. De una peque\u00f1a empresa de menos de diez personas hemos ido paso a paso hasta la actualidad. \u00a1Definitivamente no es la suerte la que puede lograr los resultados hoy, sino la fuerza! Esperamos establecer relaciones de cooperaci\u00f3n con m\u00e1s amigos extranjeros y damos la bienvenida a todos los amigos extranjeros a visitar nuestra f\u00e1brica.<\/p>","protected":false},"excerpt":{"rendered":"<p>Shuliy Machinery Co., Ltd. is located in Zhengzhou Economic Development Zone, Henan Province with convenient transportation. It is a professional company integrating machine research and development, manufacturing and sales. Our company was founded in 2011 but has actual machine manufacturing experience and sales experience for more than ten years. After the development of these years, [&hellip;]<\/p>\n","protected":false},"author":1,"featured_media":0,"parent":0,"menu_order":0,"comment_status":"closed","ping_status":"closed","template":"","meta":{"footnotes":""},"class_list":["post-23","page","type-page","status-publish","hentry"],"light_meta":{"_ez-toc-disabled":"","_ez-toc-insert":"","_ez-toc-heading-levels":[],"_ez-toc-alttext":"","_ez-toc-exclude":"","_yoast_wpseo_content_score":"60","_yoast_wpseo_focuskeywords":"[]","_yoast_wpseo_keywordsynonyms":"[\"\"]","_yoast_wpseo_estimated-reading-time-minutes":"2","rank_math_news_sitemap_robots":"index","rank_math_robots":["index"],"rank_math_analytic_object_id":"41","rank_math_seo_score":"8","rank_math_og_content_image":{"check":"0bbd9335a6b8bd627277d682e593b891","images":[696]},"rank_math_internal_links_processed":"1"},"_links":{"self":[{"href":"https:\/\/shuliybaler.com\/es\/wp-json\/wp\/v2\/pages\/23","targetHints":{"allow":["GET"]}}],"collection":[{"href":"https:\/\/shuliybaler.com\/es\/wp-json\/wp\/v2\/pages"}],"about":[{"href":"https:\/\/shuliybaler.com\/es\/wp-json\/wp\/v2\/types\/page"}],"author":[{"embeddable":true,"href":"https:\/\/shuliybaler.com\/es\/wp-json\/wp\/v2\/users\/1"}],"replies":[{"embeddable":true,"href":"https:\/\/shuliybaler.com\/es\/wp-json\/wp\/v2\/comments?post=23"}],"version-history":[{"count":0,"href":"https:\/\/shuliybaler.com\/es\/wp-json\/wp\/v2\/pages\/23\/revisions"}],"wp:attachment":[{"href":"https:\/\/shuliybaler.com\/es\/wp-json\/wp\/v2\/media?parent=23"}],"curies":[{"name":"wp","href":"https:\/\/api.w.org\/{rel}","templated":true}]}}