{"id":2686,"date":"2022-07-26T16:12:20","date_gmt":"2022-07-26T08:12:20","guid":{"rendered":"https:\/\/shuliybaler.com\/?p=2686"},"modified":"2025-02-08T15:24:58","modified_gmt":"2025-02-08T07:24:58","slug":"scrap-metal-shredder-machine","status":"publish","type":"product","link":"https:\/\/shuliybaler.com\/es\/product\/maquina-trituradora-de-chatarra\/","title":{"rendered":"M\u00e1quina trituradora de chatarra | maquina trituradora de llantas de desecho"},"content":{"rendered":"<p>La m\u00e1quina trituradora de chatarra se utiliza para trituradoras de metal. Se puede utilizar para materias primas con chatarra de metal, as\u00ed como para chatarra de autom\u00f3viles principales, chatarra de desechos b\u00e1sicos y otros productos. Hay restos de materia prima de trituradoras de metal. Trituraci\u00f3n de materias primas met\u00e1licas de gran tama\u00f1o para facilitar su reciclaje y procesamiento. Se utiliza para la industria del reciclaje, la industria de procesamiento de desechos de electrodom\u00e9sticos y la trituraci\u00f3n de metales de muebles de desecho.<\/p>    <figure class=\"wp-block-embed is-type-video is-provider-youtube wp-block-embed-youtube wp-embed-aspect-16-9 wp-has-aspect-ratio\"><div class=\"wp-block-embed__wrapper\"> <iframe loading=\"lazy\" title=\"\u00bfQu\u00e9 m\u00e1quina trituradora de metal puede aplastar cualquier cosa?| m\u00e1quina trituradora de chatarra | trituradora de chatarra\" width=\"500\" height=\"281\" src=\"https:\/\/www.youtube.com\/embed\/Vk_1d0oict8?feature=oembed\" frameborder=\"0\" allow=\"accelerometer; autoplay; clipboard-write; encrypted-media; gyroscope; picture-in-picture; web-share\" referrerpolicy=\"strict-origin-when-cross-origin\" allowfullscreen><\/iframe> <\/div><\/figure>    <h2 class=\"wp-block-heading\">Materia prima de la m\u00e1quina trituradora de chatarra<\/h2>   <div class=\"wp-block-image\"> <figure class=\"aligncenter size-full\"><img loading=\"lazy\" decoding=\"async\" width=\"720\" height=\"540\" src=\"https:\/\/shuliybaler.com\/wp-content\/uploads\/2022\/07\/3DScrap-metal-shredder-machine.webp\" alt=\"M\u00e1quina trituradora de chatarra 3DS\" class=\"wp-image-2697\" title=\"\"><figcaption class=\"wp-element-caption\">M\u00e1quina trituradora de chatarra modelo 3d<\/figcaption><\/figure> <\/div>   <p>La trituradora multifunci\u00f3n es adecuada para triturar todo tipo de desechos de metal, madera, pl\u00e1stico, material de marco, cinta transportadora de desechos, gabinetes de hierro, desechos de TV, refrigeradores, aire acondicionado, lavadoras, computadoras, tel\u00e9fonos m\u00f3viles, congeladores, etc. Residuos de electrodom\u00e9sticos y carcasas de electrodom\u00e9sticos, lana de vidrio, vidrio, residuos de material de oficina, carcasas de motores, aparatos el\u00e9ctricos de desecho, carcasas de bater\u00edas, muebles de acero, etc. El tama\u00f1o de salida de la m\u00e1quina trituradora de chatarra se puede ajustar seg\u00fan los requisitos del usuario. El equipo triturador de chatarra adopta control autom\u00e1tico y tiene las funciones de arranque, parada, inversi\u00f3n y sobrecarga del control de inversi\u00f3n autom\u00e1tica, para que el usuario pueda reducir el da\u00f1o al equipo debido a errores de operaci\u00f3n. De acuerdo con los requisitos del producto terminado del cliente, se reemplazan diferentes configuraciones de herramientas y el eje de la trituradora adopta el proceso de tratamiento t\u00e9rmico, de modo que las piezas de desgaste de toda la m\u00e1quina son resistentes al desgaste y duraderas, y el uso mejora considerablemente. <\/p>    <figure class=\"wp-block-gallery has-nested-images columns-2 is-cropped wp-block-gallery-2 is-layout-flex wp-block-gallery-is-layout-flex\"> <figure class=\"wp-block-image size-large\"><img loading=\"lazy\" decoding=\"async\" width=\"720\" height=\"540\" data-id=\"2698\" src=\"https:\/\/shuliybaler.com\/wp-content\/uploads\/2022\/07\/waste-tires.webp\" alt=\"llantas de desecho\" class=\"wp-image-2698\" title=\"\"><figcaption class=\"wp-element-caption\">Neum\u00e1ticos de desecho<\/figcaption><\/figure>    <figure class=\"wp-block-image size-large\"><img loading=\"lazy\" decoding=\"async\" width=\"720\" height=\"540\" data-id=\"2699\" src=\"https:\/\/shuliybaler.com\/wp-content\/uploads\/2022\/07\/scrap-car.webp\" alt=\"coche de chatarra\" class=\"wp-image-2699\" title=\"\"><figcaption class=\"wp-element-caption\">Coche de chatarra<\/figcaption><\/figure>    <figure class=\"wp-block-image size-large\"><img loading=\"lazy\" decoding=\"async\" width=\"720\" height=\"540\" data-id=\"2700\" src=\"https:\/\/shuliybaler.com\/wp-content\/uploads\/2022\/07\/wooden-pallet.webp\" alt=\"palet de madera\" class=\"wp-image-2700\" title=\"\"><figcaption class=\"wp-element-caption\">Palet de madera<\/figcaption><\/figure>    <figure class=\"wp-block-image size-large\"><img loading=\"lazy\" decoding=\"async\" width=\"720\" height=\"540\" data-id=\"2701\" src=\"https:\/\/shuliybaler.com\/wp-content\/uploads\/2022\/07\/Waste-household-appliances.webp\" alt=\"Residuos de electrodom\u00e9sticos\" class=\"wp-image-2701\" title=\"\"><figcaption class=\"wp-element-caption\">Residuos de electrodom\u00e9sticos<\/figcaption><\/figure> <\/figure>    <h2 class=\"wp-block-heading\">Estructura de la m\u00e1quina trituradora de chatarra<\/h2>   <div class=\"wp-block-image\"> <figure class=\"aligncenter size-full\"><img loading=\"lazy\" decoding=\"async\" width=\"720\" height=\"540\" src=\"https:\/\/shuliybaler.com\/wp-content\/uploads\/2022\/07\/waste-tire-crushing-machine.webp\" alt=\"maquina trituradora de llantas de desecho\" class=\"wp-image-2703\" title=\"\"><figcaption class=\"wp-element-caption\">maquina trituradora de llantas de desecho<\/figcaption><\/figure> <\/div>   <p>La estructura de la trituradora de metal incluye principalmente el puerto de alimentaci\u00f3n, el puerto de descarga, el cortador, el motor, la base de la m\u00e1quina, el reductor, etc. La m\u00e1quina gira entre s\u00ed a trav\u00e9s de los dos cortadores, luego exprime la chatarra y Luego utiliza el cortador para cortar el metal, generalmente grande. Despu\u00e9s de colocar la pieza de metal en la m\u00e1quina trituradora de chatarra, la m\u00e1quina la descompondr\u00e1 por s\u00ed sola.<\/p>    <h2 class=\"wp-block-heading\">El m\u00e9todo de alimentaci\u00f3n y descarga de la m\u00e1quina trituradora de neum\u00e1ticos de desecho.<\/h2>   <div class=\"wp-block-image\"> <figure class=\"aligncenter size-full\"><img loading=\"lazy\" decoding=\"async\" width=\"720\" height=\"540\" src=\"https:\/\/shuliybaler.com\/wp-content\/uploads\/2022\/07\/waste-tire-crushing-machine-1.webp\" alt=\"maquina trituradora de llantas de desecho\" class=\"wp-image-2704\" title=\"\"><figcaption class=\"wp-element-caption\">maquina trituradora de llantas de desecho<\/figcaption><\/figure> <\/div>   <p>Generalmente, los productos que se deben colocar en esta trituradora de metal son enormes, como carros de chatarra, barriles de hierro, electrodom\u00e9sticos viejos, etc. Si los productos a romper son demasiado grandes, se requieren herramientas como gr\u00faas torre para colocarlos. cosas en la m\u00e1quina. Por supuesto, si aplastas un producto muy peque\u00f1o como una bicicleta y lo arrojas directamente a la m\u00e1quina. Una vez roto el metal, saldr\u00e1 por la parte inferior de la m\u00e1quina. Debajo de la m\u00e1quina se pueden colocar cintas transportadoras para una producci\u00f3n de flores totalmente autom\u00e1tica.<\/p>    <h2 class=\"wp-block-heading\">Cuchillo para m\u00e1quina trituradora de neum\u00e1ticos de desecho<\/h2>    <figure class=\"wp-block-gallery has-nested-images columns-2 is-cropped wp-block-gallery-3 is-layout-flex wp-block-gallery-is-layout-flex\"> <figure class=\"wp-block-image size-large\"><img loading=\"lazy\" decoding=\"async\" width=\"720\" height=\"540\" data-id=\"2705\" src=\"https:\/\/shuliybaler.com\/wp-content\/uploads\/2022\/07\/knife-of-metal-shredder.webp\" alt=\"cuchillo de trituradora de metal\" class=\"wp-image-2705\" title=\"\"><figcaption class=\"wp-element-caption\">Cuchillo De Trituradora De Metal<\/figcaption><\/figure>    <figure class=\"wp-block-image size-large\"><img loading=\"lazy\" decoding=\"async\" width=\"720\" height=\"540\" data-id=\"2706\" src=\"https:\/\/shuliybaler.com\/wp-content\/uploads\/2022\/07\/knife-of-metal-shredder-1.webp\" alt=\"cuchillo de trituradora de metal\" class=\"wp-image-2706\" title=\"\"><figcaption class=\"wp-element-caption\">Cuchillo De Trituradora De Metal<\/figcaption><\/figure>    <figure class=\"wp-block-image size-large\"><img loading=\"lazy\" decoding=\"async\" width=\"720\" height=\"540\" data-id=\"2707\" src=\"https:\/\/shuliybaler.com\/wp-content\/uploads\/2022\/07\/knife-of-metal-shredder-2.webp\" alt=\"cuchillo de trituradora de metal\" class=\"wp-image-2707\" title=\"\"><figcaption class=\"wp-element-caption\">Cuchillo De Trituradora De Metal<\/figcaption><\/figure>    <figure class=\"wp-block-image size-large\"><img loading=\"lazy\" decoding=\"async\" width=\"720\" height=\"540\" data-id=\"2708\" src=\"https:\/\/shuliybaler.com\/wp-content\/uploads\/2022\/07\/knife-of-metal-shredder-3.webp\" alt=\"cuchillo de trituradora de metal\" class=\"wp-image-2708\" title=\"\"><figcaption class=\"wp-element-caption\">Cuchillo De Trituradora De Metal<\/figcaption><\/figure> <\/figure>    <p>Las cuchillas trituradoras est\u00e1n configuradas seg\u00fan el modelo de la m\u00e1quina. Generalmente, las cuchillas de las m\u00e1quinas de gran tama\u00f1o son m\u00e1s gruesas. En t\u00e9rminos generales, el precio ser\u00e1 mayor. Adem\u00e1s, tambi\u00e9n se relaciona con el producto terminado. Las cuchillas tambi\u00e9n est\u00e1n relacionadas con la densidad de dientes de la m\u00e1quina. Hay diferentes materiales. Si desea triturar neum\u00e1ticos, puede utilizar cortadores de 55SiCr. Si desea triturar metales livianos y delgados, necesita cortadores 9CrSi, pero si desea triturar metales m\u00e1s gruesos y duros, necesita el cuchillo de mayor resistencia, material H13. Es decir, la herramienta de material H13 se utiliza para materiales de cualquier resistencia. Pero las herramientas de 55SiCr no se pueden utilizar para cortar metales gruesos. Preste atenci\u00f3n al comprar una trituradora de metal.<\/p>    <figure class=\"wp-block-table\"><table><tbody><tr><td>material<\/td><td>Principales materiales de aplicaci\u00f3n.<\/td><\/tr><tr><td>55SiCr (cinco o cinco silicio hierro)<\/td><td>madera, plastico<\/td><\/tr><tr><td>9CrSi(9 silicio soldado)<\/td><td>caucho, metal<\/td><\/tr><tr><td>H13<\/td><td>metal<\/td><\/tr><\/tbody><\/table><\/figure>    <h2 class=\"wp-block-heading\" id=\"h-the-advantages-of-the-metal-shredder-machine\">Las ventajas de la m\u00e1quina trituradora de metal.<\/h2>   <div class=\"wp-block-image\"> <figure class=\"aligncenter size-full\"><img loading=\"lazy\" decoding=\"async\" width=\"720\" height=\"540\" src=\"https:\/\/shuliybaler.com\/wp-content\/uploads\/2022\/07\/metal-shredder.webp\" alt=\"trituradora de metales\" class=\"wp-image-2709\" title=\"\" srcset=\"https:\/\/shuliybaler.com\/wp-content\/uploads\/2022\/07\/metal-shredder.webp 720w, https:\/\/shuliybaler.com\/wp-content\/uploads\/2022\/07\/metal-shredder-360x270.webp 360w, https:\/\/shuliybaler.com\/wp-content\/uploads\/2022\/07\/metal-shredder-180x135.webp 180w\" sizes=\"auto, (max-width: 720px) 100vw, 720px\" \/><figcaption class=\"wp-element-caption\">trituradora de metales<\/figcaption><\/figure> <\/div>   <ul class=\"wp-block-list\"> <li>El tama\u00f1o de salida se puede personalizar<\/li>    <li>Resistente al desgaste y duradera, la m\u00e1quina tiene una larga vida \u00fatil<\/li>    <li>Bajo nivel de ruido y alta eficiencia cuando funciona la m\u00e1quina trituradora de chatarra<\/li>    <li>La m\u00e1quina trituradora de chatarra tiene un sello fuerte y protege al operador.<\/li> <\/ul>    <h2 class=\"wp-block-heading\">Par\u00e1metros de la m\u00e1quina trituradora de metales.<\/h2>    <figure class=\"wp-block-gallery has-nested-images columns-default is-cropped wp-block-gallery-4 is-layout-flex wp-block-gallery-is-layout-flex\"> <figure class=\"wp-block-image size-large\"><img loading=\"lazy\" decoding=\"async\" width=\"720\" height=\"540\" data-id=\"2712\" src=\"https:\/\/shuliybaler.com\/wp-content\/uploads\/2022\/07\/SL-400-metal-shredder.webp\" alt=\"Trituradora de metales SL-400\" class=\"wp-image-2712\" title=\"\" srcset=\"https:\/\/shuliybaler.com\/wp-content\/uploads\/2022\/07\/SL-400-metal-shredder.webp 720w, https:\/\/shuliybaler.com\/wp-content\/uploads\/2022\/07\/SL-400-metal-shredder-360x270.webp 360w, https:\/\/shuliybaler.com\/wp-content\/uploads\/2022\/07\/SL-400-metal-shredder-180x135.webp 180w\" sizes=\"auto, (max-width: 720px) 100vw, 720px\" \/><figcaption class=\"wp-element-caption\">Trituradora de metales Sl-400<\/figcaption><\/figure>    <figure class=\"wp-block-image size-large\"><img loading=\"lazy\" decoding=\"async\" width=\"720\" height=\"540\" data-id=\"2714\" src=\"https:\/\/shuliybaler.com\/wp-content\/uploads\/2022\/07\/Sl-1000-metal-shredder.webp\" alt=\"Trituradora de metales sl-1000\" class=\"wp-image-2714\" title=\"\" srcset=\"https:\/\/shuliybaler.com\/wp-content\/uploads\/2022\/07\/Sl-1000-metal-shredder.webp 720w, https:\/\/shuliybaler.com\/wp-content\/uploads\/2022\/07\/Sl-1000-metal-shredder-360x270.webp 360w, https:\/\/shuliybaler.com\/wp-content\/uploads\/2022\/07\/Sl-1000-metal-shredder-180x135.webp 180w\" sizes=\"auto, (max-width: 720px) 100vw, 720px\" \/><figcaption class=\"wp-element-caption\">Trituradora de metales Sl-800<\/figcaption><\/figure>    <figure class=\"wp-block-image size-large\"><img loading=\"lazy\" decoding=\"async\" width=\"720\" height=\"540\" data-id=\"2713\" src=\"https:\/\/shuliybaler.com\/wp-content\/uploads\/2022\/07\/SL-800-metal-shredder.webp\" alt=\"Trituradora de metales SL-800\" class=\"wp-image-2713\" title=\"\" srcset=\"https:\/\/shuliybaler.com\/wp-content\/uploads\/2022\/07\/SL-800-metal-shredder.webp 720w, https:\/\/shuliybaler.com\/wp-content\/uploads\/2022\/07\/SL-800-metal-shredder-360x270.webp 360w, https:\/\/shuliybaler.com\/wp-content\/uploads\/2022\/07\/SL-800-metal-shredder-180x135.webp 180w\" sizes=\"auto, (max-width: 720px) 100vw, 720px\" \/><figcaption class=\"wp-element-caption\">Trituradora de metales Sl-1000<\/figcaption><\/figure> <\/figure>    <figure class=\"wp-block-table\"><table><tbody><tr><td>Modelo<\/td><td>SL-400<\/td><td>SL-800<\/td><td>SL-1000<\/td><\/tr><tr><td>Fuerza<\/td><td>7,5 KW*2<\/td><td>18,5 KW*2<\/td><td>45kW*2<\/td><\/tr><tr><td>Grosor de la hoja<\/td><td>20mm<\/td><td>20mm<\/td><td>50mm<\/td><\/tr><tr><td>N\u00famero de hoja<\/td><td>20<\/td><td>20<\/td><td>20<\/td><\/tr><tr><td>Dimensi\u00f3n<\/td><td>2000*1100*1620mm<\/td><td>3800x1500x1900mm<\/td><td>4500*1900*220mm<\/td><\/tr><tr><td>Peso<\/td><td>1.1T<\/td><td>3.5T<\/td><td>1100KG<\/td><\/tr><\/tbody><\/table><figcaption class=\"wp-element-caption\">Par\u00e1metros de la m\u00e1quina trituradora de metal.<\/figcaption><\/figure>    <p class=\"translation-block\">Hay muchos modelos de m\u00e1quinas, el modelo m\u00e1s peque\u00f1o es SL-400 y el modelo m\u00e1s grande es SL-2000. Recomendaremos modelos adecuados seg\u00fan los productos que necesiten ser triturados. Tambi\u00e9n tenemos una <a href=\"https:\/\/shuliybaler.com\/es\/scrap-steel-shearing-machine\/\">cizalla para chatarra<\/a> a la venta y otra <a href=\"https:\/\/shuliybaler.com\/es\/vertical-metal-baler\/\">m\u00e1quina empacadora de papel.<\/a><\/p>","protected":false},"excerpt":{"rendered":"<p>La m\u00e1quina trituradora de chatarra se utiliza para trituradoras de metal. Se puede utilizar para materias primas con chatarra de metal, as\u00ed como para chatarra de autom\u00f3viles principales, chatarra de desechos b\u00e1sicos y otros productos. Hay restos de materia prima de trituradoras de metal. Trituraci\u00f3n de materias primas met\u00e1licas de gran tama\u00f1o para facilitar su reciclaje y procesamiento. Se utiliza para la industria del reciclaje, la industria de procesamiento de desechos de electrodom\u00e9sticos y la trituraci\u00f3n de metales de muebles de desecho.<\/p>","protected":false},"author":1,"featured_media":2695,"parent":0,"template":"","meta":{"product_tpl_data":{"subtitle":"","param_summary":"","model_summary_title":"","model_summary":"","model_series":[],"finished_product_title":"","raw_materials_title":"","process_title":"","endsummary":""},"product_extra_property":[{"pname":"Model","pvalue":"Sl-1000"},{"pname":"Power","pvalue":"45KW*2"},{"pname":"Blade thickness","pvalue":"50mm"},{"pname":"Blade number","pvalue":"20"},{"pname":"Dimension","pvalue":"4500*1900*220mm"},{"pname":"Weight","pvalue":"1100KG"}],"product_extra_image":""},"tags":[38,84],"product-type":[46],"class_list":["post-2686","product","type-product","status-publish","has-post-thumbnail","hentry","tag-scrap-metal-shredder-machine","tag-shredder","product-type-metal-shredder"],"light_meta":{"_ez-toc-disabled":"","_ez-toc-insert":"","_ez-toc-heading-levels":[],"_ez-toc-alttext":"","_ez-toc-exclude":"","_yoast_wpseo_primary_category":"1","_yoast_wpseo_content_score":"30","_yoast_wpseo_focuskeywords":"[]","_yoast_wpseo_keywordsynonyms":"[\"\"]","_yoast_wpseo_estimated-reading-time-minutes":"7","_yoast_wpseo_wordproof_timestamp":"","_yoast_indexnow_last_ping":"1658823181","_yoast_wpseo_focuskw":"Scrap metal shredder machine","_yoast_wpseo_metadesc":"The scrap metal shredder machine is used for metal shredders. It can be used for raw materials with metal scraps","_yoast_wpseo_linkdex":"81","_oembed_ba07ccf54ed06e81cfb7a692516af633":"<iframe title=\"what metal crushing machine can crush anything\uff1f| scrap metal shredder machine  | scrap crusher\" width=\"500\" height=\"281\" src=\"https:\/\/www.youtube.com\/embed\/Vk_1d0oict8?feature=oembed\" frameborder=\"0\" allow=\"accelerometer; autoplay; clipboard-write; encrypted-media; gyroscope; picture-in-picture\" allowfullscreen><\/iframe>","_oembed_time_ba07ccf54ed06e81cfb7a692516af633":"1670912677","product_tpl_data":{"subtitle":"","param_summary":"","model_summary_title":"","model_summary":"","model_series":"","finished_product_title":"","raw_materials_title":"","process_title":"","endsummary":""},"rank_math_primary_category":"1","rank_math_description":"The scrap metal shredder machine is used for metal shredders. It can be used for raw materials with metal scraps","rank_math_focus_keyword":"Scrap metal shredder machine","rank_math_news_sitemap_robots":"index","rank_math_robots":["index"],"rank_math_seo_score":"80","rank_math_analytic_object_id":"1","rank_math_schema_VideoObject":{"@type":"VideoObject","metadata":{"title":"Video","type":"template","shortcode":"s-63325d368cff1","isPrimary":true,"reviewLocationShortcode":"[rank_math_rich_snippet]","category":"%categories%","tags":"%tags%","isAutoGenerated":true},"name":"\u00bfQu\u00e9 m\u00e1quina trituradora de metal puede aplastar cualquier cosa?| m\u00e1quina trituradora de chatarra | trituradora de chatarra","description":"#metalshredder #crushingmachine https:\/\/shuliybaler.com\/product\/scrap-metal-shredder-machine\/Whatsapp\/Tel\/Wechat:+86 17329325832Email:info@shuliybaler.com\ud83d\ude0aC...","uploadDate":"2022-09-14T01:38:30-07:00","thumbnailUrl":"https:\/\/shuliybaler.com\/wp-content\/uploads\/2022\/09\/hqdefault-6.jpg","embedUrl":"https:\/\/www.youtube.com\/embed\/Vk_1d0oict8","contentUrl":"","duration":"PT2M37S","width":"1280","height":"720","isFamilyFriendly":true},"litespeed_vpi_list":["cropped-cropped-cropped-shuliylogo-1.png"],"product_extra_property":[{"pname":"Model","pvalue":"Sl-1000"},{"pname":"Power","pvalue":"45KW*2"},{"pname":"Blade thickness","pvalue":"50mm"},{"pname":"Blade number","pvalue":"20"},{"pname":"Dimension","pvalue":"4500*1900*220mm"},{"pname":"Weight","pvalue":"1100KG"}],"rank_math_og_content_image":{"check":"8f55d9e794a95adb57322de166766e6e","images":[2697,2698,2699,2700,2701,2703,2704,2705,2706,2707,2708,2709,2712,2714,2713]},"_trp_automatically_translated_slug_es_ES":"maquina-trituradora-de-chatarra","_trp_automatically_translated_slug_fr_FR":"broyeur-de-ferraille","_trp_automatically_translated_slug_ar":"\u0622\u0644\u0629-\u062a\u0642\u0637\u064a\u0639-\u0627\u0644\u062e\u0631\u062f\u0629-\u0627\u0644\u0645\u0639\u062f\u0646\u064a\u0629","_trp_automatically_translated_slug_ru_RU":"\u043c\u0430\u0448\u0438\u043d\u0430-\u0434\u043b\u044f-\u0438\u0437\u043c\u0435\u043b\u044c\u0447\u0435\u043d\u0438\u044f-\u043c\u0435\u0442\u0430\u043b\u043b\u043e\u043b\u043e\u043c\u0430","_oembed_95d74a66f5a4092740e442d676dd1ce1":"<iframe title=\"what metal crushing machine can crush anything\uff1f| scrap metal shredder machine  | scrap crusher\" width=\"500\" height=\"281\" src=\"https:\/\/www.youtube.com\/embed\/Vk_1d0oict8?feature=oembed\" frameborder=\"0\" allow=\"accelerometer; autoplay; clipboard-write; encrypted-media; gyroscope; picture-in-picture; web-share\" referrerpolicy=\"strict-origin-when-cross-origin\" allowfullscreen><\/iframe>","_oembed_time_95d74a66f5a4092740e442d676dd1ce1":"1712718967","rank_math_internal_links_processed":"1"},"seo_meta":{"title":"","description":"La m\u00e1quina trituradora de chatarra se utiliza para trituradoras de metal. Se puede utilizar para materias primas con restos de metal.","focusKeyword":"Scrap metal shredder machine","canonicalUrl":"https:\/\/shuliybaler.com\/es\/product\/maquina-trituradora-de-chatarra\/","robots":["index"],"ogTitle":"","ogDescription":"The scrap metal shredder machine is used for metal shredders. It can be used for raw materials with metal scraps","ogImage":"https:\/\/shuliybaler.com\/wp-content\/uploads\/2022\/07\/Scrap-metal-shredder-machine.webp","twitterTitle":"","twitterDescription":"The scrap metal shredder machine is used for metal shredders. It can be used for raw materials with metal scraps","twitterImage":"https:\/\/shuliybaler.com\/wp-content\/uploads\/2022\/07\/Scrap-metal-shredder-machine.webp","primaryCategory":1,"seoScore":80,"schemas":{"VideoObject":{"type":"VideoObject","data":{"@type":"VideoObject","metadata":{"title":"Video","type":"template","shortcode":"s-63325d368cff1","isPrimary":true,"reviewLocationShortcode":"[rank_math_rich_snippet]","category":"%categories%","tags":"%tags%","isAutoGenerated":true},"name":"\u00bfQu\u00e9 m\u00e1quina trituradora de metal puede aplastar cualquier cosa?| m\u00e1quina trituradora de chatarra | trituradora de chatarra","description":"#metalshredder #crushingmachine https:\/\/shuliybaler.com\/product\/scrap-metal-shredder-machine\/Whatsapp\/Tel\/Wechat:+86 17329325832Email:info@shuliybaler.com\ud83d\ude0aC...","uploadDate":"2022-09-14T01:38:30-07:00","thumbnailUrl":"https:\/\/shuliybaler.com\/wp-content\/uploads\/2022\/09\/hqdefault-6.jpg","embedUrl":"https:\/\/www.youtube.com\/embed\/Vk_1d0oict8","contentUrl":"","duration":"PT2M37S","width":"1280","height":"720","isFamilyFriendly":true}}},"source":"rank_math"},"_links":{"self":[{"href":"https:\/\/shuliybaler.com\/es\/wp-json\/wp\/v2\/product\/2686","targetHints":{"allow":["GET"]}}],"collection":[{"href":"https:\/\/shuliybaler.com\/es\/wp-json\/wp\/v2\/product"}],"about":[{"href":"https:\/\/shuliybaler.com\/es\/wp-json\/wp\/v2\/types\/product"}],"author":[{"embeddable":true,"href":"https:\/\/shuliybaler.com\/es\/wp-json\/wp\/v2\/users\/1"}],"wp:featuredmedia":[{"embeddable":true,"href":"https:\/\/shuliybaler.com\/es\/wp-json\/wp\/v2\/media\/2695"}],"wp:attachment":[{"href":"https:\/\/shuliybaler.com\/es\/wp-json\/wp\/v2\/media?parent=2686"}],"wp:term":[{"taxonomy":"post_tag","embeddable":true,"href":"https:\/\/shuliybaler.com\/es\/wp-json\/wp\/v2\/tags?post=2686"},{"taxonomy":"product-type","embeddable":true,"href":"https:\/\/shuliybaler.com\/es\/wp-json\/wp\/v2\/product-type?post=2686"}],"curies":[{"name":"wp","href":"https:\/\/api.w.org\/{rel}","templated":true}]}}