{"id":2876,"date":"2022-10-12T10:00:44","date_gmt":"2022-10-12T02:00:44","guid":{"rendered":"https:\/\/shuliybaler.com\/?post_type=product&#038;p=2876"},"modified":"2023-03-22T17:29:10","modified_gmt":"2023-03-22T09:29:10","slug":"waste-paper-baler-machine","status":"publish","type":"product","link":"https:\/\/shuliybaler.com\/es\/product\/maquina-empacadora-de-papel-usado\/","title":{"rendered":"M\u00e1quina empacadora de papel usado | m\u00e1quina empacadora de cart\u00f3n"},"content":{"rendered":"<p class=\"translation-block\">Una empacadora de papel de desecho es una m\u00e1quina utilizada para reciclar y empaquetar papel de desecho. A trav\u00e9s de la compresi\u00f3n y el moldeo de la m\u00e1quina, el papel de desecho puede reducir el espacio y formar una bolsa de papel de desecho de tama\u00f1o uniforme, que puede almacenarse en el almac\u00e9n. Hay dos tipos de empacadoras de cart\u00f3n, una es una <a href=\"https:\/\/shuliybaler.com\/es\/product\/empacadora-de-metal-vertical\/\" data-type=\"URL\" data-id=\"https:\/\/shuliybaler.com\/product\/vertical-metal-baler\/\">empacadora vertical<\/a> peque\u00f1a y la otra es una <a href=\"https:\/\/shuliybaler.com\/es\/product\/empacadora-de-chatarra\/\" data-type=\"URL\" data-id=\"https:\/\/shuliybaler.com\/product\/scrap-metal-baler\/\">empacadora horizontal<\/a> grande. La siguiente es la empacadora horizontal.<\/p>    <figure class=\"wp-block-gallery has-nested-images columns-default is-cropped wp-block-gallery-2 is-layout-flex wp-block-gallery-is-layout-flex\"> <figure class=\"wp-block-image size-large\"><img loading=\"lazy\" decoding=\"async\" width=\"720\" height=\"540\" data-id=\"2878\" src=\"https:\/\/shuliybaler.com\/wp-content\/uploads\/2022\/10\/paper-baler.webp\" alt=\"empacadora de papel\" class=\"wp-image-2878\" title=\"\" srcset=\"https:\/\/shuliybaler.com\/wp-content\/uploads\/2022\/10\/paper-baler.webp 720w, https:\/\/shuliybaler.com\/wp-content\/uploads\/2022\/10\/paper-baler-360x270.webp 360w, https:\/\/shuliybaler.com\/wp-content\/uploads\/2022\/10\/paper-baler-180x135.webp 180w\" sizes=\"auto, (max-width: 720px) 100vw, 720px\" \/><figcaption class=\"wp-element-caption\">Empacadora de papel<\/figcaption><\/figure>    <figure class=\"wp-block-image size-large\"><img loading=\"lazy\" decoding=\"async\" width=\"720\" height=\"540\" data-id=\"2879\" src=\"https:\/\/shuliybaler.com\/wp-content\/uploads\/2022\/10\/paper-baler-1.webp\" alt=\"\" class=\"wp-image-2879\" title=\"\" srcset=\"https:\/\/shuliybaler.com\/wp-content\/uploads\/2022\/10\/paper-baler-1.webp 720w, https:\/\/shuliybaler.com\/wp-content\/uploads\/2022\/10\/paper-baler-1-360x270.webp 360w, https:\/\/shuliybaler.com\/wp-content\/uploads\/2022\/10\/paper-baler-1-180x135.webp 180w\" sizes=\"auto, (max-width: 720px) 100vw, 720px\" \/><figcaption class=\"wp-element-caption\">Empacadora de papel<\/figcaption><\/figure> <\/figure>    <h2 class=\"wp-block-heading\">\u00c1mbito de aplicaci\u00f3n de la m\u00e1quina empacadora de papel usado<\/h2>    <p class=\"translation-block\">La empacadora de papel de desecho tiene una amplia gama de aplicaciones. Una empacadora de papel de desecho puede empaquetar materiales duros como metal y chatarra de hierro y puede empaquetar materiales m\u00e1s ligeros como botellas de pl\u00e1stico, <a href=\"https:\/\/shuliybaler.com\/es\/product\/empacadora-de-latas-de-aluminio\/\" data-type=\"URL\" data-id=\"https:\/\/shuliybaler.com\/product\/aluminum-can-baler\/\">latas<\/a>, paja, papel de desecho, ropa, <a href=\"https:\/\/shuliybaler.com\/es\/product\/maquina-empacadora-de-algodon\/\" data-type=\"URL\" data-id=\"https:\/\/shuliybaler.com\/product\/cotton-baling-machine\/\">algod\u00f3n<\/a>, etc., por lo que es una <a href=\"https:\/\/shuliybaler.com\/es\/product\/metal-baler\/\" data-type=\"URL\" data-id=\"https:\/\/shuliybaler.com\/product\/metal-baler\/\">empacadora de metal multifuncional<\/a>.<\/p>    <figure class=\"wp-block-gallery has-nested-images columns-default is-cropped wp-block-gallery-3 is-layout-flex wp-block-gallery-is-layout-flex\"> <figure class=\"wp-block-image size-large\"><img loading=\"lazy\" decoding=\"async\" width=\"720\" height=\"540\" data-id=\"2880\" src=\"https:\/\/shuliybaler.com\/wp-content\/uploads\/2022\/10\/straw-baling-1.webp\" alt=\"balas de paja\" class=\"wp-image-2880\" title=\"\" srcset=\"https:\/\/shuliybaler.com\/wp-content\/uploads\/2022\/10\/straw-baling-1.webp 720w, https:\/\/shuliybaler.com\/wp-content\/uploads\/2022\/10\/straw-baling-1-360x270.webp 360w, https:\/\/shuliybaler.com\/wp-content\/uploads\/2022\/10\/straw-baling-1-180x135.webp 180w\" sizes=\"auto, (max-width: 720px) 100vw, 720px\" \/><figcaption class=\"wp-element-caption\">Empacado de paja<\/figcaption><\/figure>    <figure class=\"wp-block-image size-large\"><img loading=\"lazy\" decoding=\"async\" width=\"720\" height=\"540\" data-id=\"2881\" src=\"https:\/\/shuliybaler.com\/wp-content\/uploads\/2022\/10\/plastic-bottle-packaging.webp\" alt=\"embalaje de botellas de pl\u00e1stico\" class=\"wp-image-2881\" title=\"\" srcset=\"https:\/\/shuliybaler.com\/wp-content\/uploads\/2022\/10\/plastic-bottle-packaging.webp 720w, https:\/\/shuliybaler.com\/wp-content\/uploads\/2022\/10\/plastic-bottle-packaging-360x270.webp 360w, https:\/\/shuliybaler.com\/wp-content\/uploads\/2022\/10\/plastic-bottle-packaging-180x135.webp 180w\" sizes=\"auto, (max-width: 720px) 100vw, 720px\" \/><figcaption class=\"wp-element-caption\">Embalaje de botellas de pl\u00e1stico<\/figcaption><\/figure>    <figure class=\"wp-block-image size-large\"><img loading=\"lazy\" decoding=\"async\" width=\"720\" height=\"540\" data-id=\"2882\" src=\"https:\/\/shuliybaler.com\/wp-content\/uploads\/2022\/10\/cardboard-baling.webp\" alt=\"embalaje de cart\u00f3n\" class=\"wp-image-2882\" title=\"\" srcset=\"https:\/\/shuliybaler.com\/wp-content\/uploads\/2022\/10\/cardboard-baling.webp 720w, https:\/\/shuliybaler.com\/wp-content\/uploads\/2022\/10\/cardboard-baling-360x270.webp 360w, https:\/\/shuliybaler.com\/wp-content\/uploads\/2022\/10\/cardboard-baling-180x135.webp 180w\" sizes=\"auto, (max-width: 720px) 100vw, 720px\" \/><figcaption class=\"wp-element-caption\">Embalaje de cart\u00f3n<\/figcaption><\/figure> <\/figure>    <h2 class=\"wp-block-heading\">\u00bfPor qu\u00e9 utilizar una m\u00e1quina empacadora de papel usado?<\/h2>   <div class=\"wp-block-image\"> <figure class=\"aligncenter size-full\"><img loading=\"lazy\" decoding=\"async\" width=\"720\" height=\"540\" src=\"https:\/\/shuliybaler.com\/wp-content\/uploads\/2022\/10\/cardboard-baling-machine.webp\" alt=\"m\u00e1quina empacadora de cart\u00f3n\" class=\"wp-image-2883\" title=\"\" srcset=\"https:\/\/shuliybaler.com\/wp-content\/uploads\/2022\/10\/cardboard-baling-machine.webp 720w, https:\/\/shuliybaler.com\/wp-content\/uploads\/2022\/10\/cardboard-baling-machine-360x270.webp 360w, https:\/\/shuliybaler.com\/wp-content\/uploads\/2022\/10\/cardboard-baling-machine-180x135.webp 180w\" sizes=\"auto, (max-width: 720px) 100vw, 720px\" \/><figcaption class=\"wp-element-caption\">m\u00e1quina empacadora de cart\u00f3n<\/figcaption><\/figure> <\/div>   <p>1. Transporte conveniente. El papel usado empaquetado puede reducir efectivamente los costos de transporte y aumentar la eficiencia del transporte.<\/p>    <p>2. Populares. El papel usado que ha sido empaquetado y clasificado en el mercado es m\u00e1s popular cuando se vende.<\/p>    <p>3. M\u00e1s f\u00e1cil de almacenar. Una vez procesada la empacadora de papel usado, el papel usado se puede almacenar en el almac\u00e9n, ahorrando m\u00e1s espacio en el almac\u00e9n.<\/p>    <p>4. F\u00e1cil de reprocesar. Una vez empaquetado el papel usado, ser\u00e1 m\u00e1s conveniente reutilizarlo.<\/p>    <h2 class=\"wp-block-heading\">La m\u00e1quina empacadora de cart\u00f3n se puede configurar con una cinta transportadora.<\/h2>   <div class=\"wp-block-image\"> <figure class=\"aligncenter size-full\"><img loading=\"lazy\" decoding=\"async\" width=\"720\" height=\"540\" src=\"https:\/\/shuliybaler.com\/wp-content\/uploads\/2022\/10\/cardboard-baling-machine-conveyor.webp\" alt=\"transportador de empacadora de cart\u00f3n\" class=\"wp-image-2884\" title=\"\" srcset=\"https:\/\/shuliybaler.com\/wp-content\/uploads\/2022\/10\/cardboard-baling-machine-conveyor.webp 720w, https:\/\/shuliybaler.com\/wp-content\/uploads\/2022\/10\/cardboard-baling-machine-conveyor-360x270.webp 360w, https:\/\/shuliybaler.com\/wp-content\/uploads\/2022\/10\/cardboard-baling-machine-conveyor-180x135.webp 180w\" sizes=\"auto, (max-width: 720px) 100vw, 720px\" \/><figcaption class=\"wp-element-caption\">transportador de empacadora de cart\u00f3n<\/figcaption><\/figure> <\/div>   <p>El papel usado a gran escala tiene una mayor probabilidad de empacarse y la alimentaci\u00f3n puede equiparse con una cinta transportadora, que puede realizar el embalaje autom\u00e1tico del papel usado, ahorrando tiempo y esfuerzo. Y el puerto de alimentaci\u00f3n de la empacadora de cart\u00f3n es relativamente grande. Esta m\u00e1quina empacadora de papel usado es conveniente para la alimentaci\u00f3n, sin atascos y tiene una alta eficiencia de producci\u00f3n.<\/p>    <h2 class=\"wp-block-heading\">Tres formas de descarga de m\u00e1quina empacadora de cart\u00f3n.<\/h2>    <figure class=\"wp-block-gallery has-nested-images columns-2 is-cropped wp-block-gallery-4 is-layout-flex wp-block-gallery-is-layout-flex\"> <figure class=\"wp-block-image size-large\"><img loading=\"lazy\" decoding=\"async\" width=\"720\" height=\"540\" data-id=\"2886\" src=\"https:\/\/shuliybaler.com\/wp-content\/uploads\/2022\/10\/Waste-paper-baler-machine-2.webp\" alt=\"M\u00e1quina empacadora de papel usado\" class=\"wp-image-2886\" title=\"\" srcset=\"https:\/\/shuliybaler.com\/wp-content\/uploads\/2022\/10\/Waste-paper-baler-machine-2.webp 720w, https:\/\/shuliybaler.com\/wp-content\/uploads\/2022\/10\/Waste-paper-baler-machine-2-360x270.webp 360w, https:\/\/shuliybaler.com\/wp-content\/uploads\/2022\/10\/Waste-paper-baler-machine-2-180x135.webp 180w\" sizes=\"auto, (max-width: 720px) 100vw, 720px\" \/><figcaption class=\"wp-element-caption\">M\u00e1quina empacadora de papel usado<\/figcaption><\/figure>    <figure class=\"wp-block-image size-large\"><img loading=\"lazy\" decoding=\"async\" width=\"720\" height=\"540\" data-id=\"2887\" src=\"https:\/\/shuliybaler.com\/wp-content\/uploads\/2022\/10\/Waste-paper-baler-machine-3.webp\" alt=\"M\u00e1quina empacadora de papel usado\" class=\"wp-image-2887\" title=\"\" srcset=\"https:\/\/shuliybaler.com\/wp-content\/uploads\/2022\/10\/Waste-paper-baler-machine-3.webp 720w, https:\/\/shuliybaler.com\/wp-content\/uploads\/2022\/10\/Waste-paper-baler-machine-3-360x270.webp 360w, https:\/\/shuliybaler.com\/wp-content\/uploads\/2022\/10\/Waste-paper-baler-machine-3-180x135.webp 180w\" sizes=\"auto, (max-width: 720px) 100vw, 720px\" \/><figcaption class=\"wp-element-caption\">M\u00e1quina empacadora de papel usado<\/figcaption><\/figure>    <figure class=\"wp-block-image size-large\"><img loading=\"lazy\" decoding=\"async\" width=\"720\" height=\"540\" data-id=\"2888\" src=\"https:\/\/shuliybaler.com\/wp-content\/uploads\/2022\/10\/Waste-paper-baler-machine-4.webp\" alt=\"M\u00e1quina empacadora de papel usado\" class=\"wp-image-2888\" title=\"\" srcset=\"https:\/\/shuliybaler.com\/wp-content\/uploads\/2022\/10\/Waste-paper-baler-machine-4.webp 720w, https:\/\/shuliybaler.com\/wp-content\/uploads\/2022\/10\/Waste-paper-baler-machine-4-360x270.webp 360w, https:\/\/shuliybaler.com\/wp-content\/uploads\/2022\/10\/Waste-paper-baler-machine-4-180x135.webp 180w\" sizes=\"auto, (max-width: 720px) 100vw, 720px\" \/><figcaption class=\"wp-element-caption\">M\u00e1quina empacadora de papel usado<\/figcaption><\/figure>    <figure class=\"wp-block-image size-large\"><img loading=\"lazy\" decoding=\"async\" width=\"720\" height=\"540\" data-id=\"2885\" src=\"https:\/\/shuliybaler.com\/wp-content\/uploads\/2022\/10\/Waste-paper-baler-machine-1.webp\" alt=\"M\u00e1quina empacadora de papel usado\" class=\"wp-image-2885\" title=\"\" srcset=\"https:\/\/shuliybaler.com\/wp-content\/uploads\/2022\/10\/Waste-paper-baler-machine-1.webp 720w, https:\/\/shuliybaler.com\/wp-content\/uploads\/2022\/10\/Waste-paper-baler-machine-1-360x270.webp 360w, https:\/\/shuliybaler.com\/wp-content\/uploads\/2022\/10\/Waste-paper-baler-machine-1-180x135.webp 180w\" sizes=\"auto, (max-width: 720px) 100vw, 720px\" \/><figcaption class=\"wp-element-caption\">M\u00e1quina empacadora de papel usado<\/figcaption><\/figure> <\/figure>    <p class=\"translation-block\">El papel de desecho empaquetado se coloca en el silo de la empacadora de papel de desecho, \u00bfc\u00f3mo se descarga? De hecho, la descarga de la empacadora se divide en tres formas. La empacadora de <a href=\"https:\/\/en.wikipedia.org\/wiki\/Cardboard\" data-type=\"URL\" data-id=\"https:\/\/en.wikipedia.org\/wiki\/Cardboard\" target=\"_blank\" rel=\"noopener\">cart\u00f3n<\/a> puede volcarse para descargar, empujar la bolsa para descargar y descargar manualmente. Estas tres formas de descarga se pueden personalizar. El tama\u00f1o del papel de desecho empaquetado tambi\u00e9n se puede personalizar.<\/p>    <h2 class=\"wp-block-heading\">Par\u00e1metros de la m\u00e1quina empacadora de cart\u00f3n. <\/h2>   <div class=\"wp-block-image\"> <figure class=\"aligncenter size-full\"><img loading=\"lazy\" decoding=\"async\" width=\"720\" height=\"540\" src=\"https:\/\/shuliybaler.com\/wp-content\/uploads\/2022\/10\/cardboard-baling-machine-1.webp\" alt=\"m\u00e1quina empacadora de cart\u00f3n\" class=\"wp-image-2889\" title=\"\" srcset=\"https:\/\/shuliybaler.com\/wp-content\/uploads\/2022\/10\/cardboard-baling-machine-1.webp 720w, https:\/\/shuliybaler.com\/wp-content\/uploads\/2022\/10\/cardboard-baling-machine-1-360x270.webp 360w, https:\/\/shuliybaler.com\/wp-content\/uploads\/2022\/10\/cardboard-baling-machine-1-180x135.webp 180w\" sizes=\"auto, (max-width: 720px) 100vw, 720px\" \/><figcaption class=\"wp-element-caption\">m\u00e1quina empacadora de cart\u00f3n<\/figcaption><\/figure> <\/div>   <figure class=\"wp-block-table\"><table><tbody><tr><td>Modelo<\/td><td>SL-DB-100<\/td><td>SL-DB-160<\/td><td>SL-DB-180<\/td><td>SL-DB-200<\/td><\/tr><tr><td>Presi\u00f3n<\/td><td>1000KN<\/td><td>1600 KN<\/td><td>1800 KN<\/td><td>2000 KN<\/td><\/tr><tr><td>Poder principal<\/td><td>22 KW+1,5 KW+4 kw<\/td><td>37kW+1,5kW+4kW<\/td><td>45kW+3kW+5kW<\/td><td>55 KW+13 KW+5,5 KW<\/td><\/tr><tr><td>Cantidad de alambres para embalar<\/td><td>4\/5<\/td><td>4\/5<\/td><td>5<\/td><td>5<\/td><\/tr><tr><td>Tama\u00f1o de los fardos<\/td><td>W1150mm*H1050mm*L (ajustable)<\/td><td>W1150mm*H1250mm*L (ajustable)<\/td><td>W1150mm*H1350mm*L (ajustable)<\/td><td>W1150mm*H1450mm*L (ajustable)<\/td><\/tr><tr><td>Cable<\/td><td>Alambre recocido de 3 mm (12#) o alambre de pl\u00e1stico.<\/td><td>Alambre recocido de 3 mm (12#) o alambre de pl\u00e1stico.<\/td><td>Alambre recocido de 3 mm (12#) o alambre de pl\u00e1stico.<\/td><td>Alambre recocido de 3 mm (12#) o alambre de pl\u00e1stico.<\/td><\/tr><tr><td>Voltaje<\/td><td>380V\/50HZ<\/td><td>380V\/50HZ<\/td><td>380V\/50HZ<\/td><td>380V\/50HZ<\/td><\/tr><tr><td>M\u00e9todo de empate<\/td><td>Manual\/autom\u00e1tico<\/td><td>Manual\/autom\u00e1tico<\/td><td>Manual\/autom\u00e1tico<\/td><td>Manual\/autom\u00e1tico<\/td><\/tr><tr><td>Capacidad<\/td><td>6-8 pacas\/h<\/td><td>6-8 pacas\/h<\/td><td>6-8 pacas\/h<\/td><td>6-8 pacas\/h<\/td><\/tr><tr><td>Peso del fardo<\/td><td>500-1000kg<\/td><td>1000-1300kg<\/td><td>1000-1300kg<\/td><td>1000-1300kg&nbsp;<\/td><\/tr><tr><td>Tama\u00f1o del transportador<\/td><td>6530*1400*3200mm<\/td><td>7113*1555*3360mm<\/td><td>7800*1655*3360mm<\/td><td>8200*1700*3360mm<\/td><\/tr><tr><td>M\u00e9todo de operaci\u00f3n<\/td><td>Manual\/PLC<\/td><td>Manual\/PLC<\/td><td>Manual\/PLC<\/td><td>Manual\/PLC<\/td><\/tr><\/tbody><\/table><figcaption class=\"wp-element-caption\">m\u00e1quina empacadora de cart\u00f3n <\/figcaption><\/figure>    <h2 class=\"wp-block-heading\">Ventajas de la m\u00e1quina empacadora de papel usado <\/h2>    <figure class=\"wp-block-gallery has-nested-images columns-default is-cropped wp-block-gallery-5 is-layout-flex wp-block-gallery-is-layout-flex\"> <figure class=\"wp-block-image size-large\"><img loading=\"lazy\" decoding=\"async\" width=\"720\" height=\"540\" data-id=\"2890\" src=\"https:\/\/shuliybaler.com\/wp-content\/uploads\/2022\/10\/cardboard-baling-machine-shipping.webp\" alt=\"m\u00e1quina empacadora de cart\u00f3n\" class=\"wp-image-2890\" title=\"\" srcset=\"https:\/\/shuliybaler.com\/wp-content\/uploads\/2022\/10\/cardboard-baling-machine-shipping.webp 720w, https:\/\/shuliybaler.com\/wp-content\/uploads\/2022\/10\/cardboard-baling-machine-shipping-360x270.webp 360w, https:\/\/shuliybaler.com\/wp-content\/uploads\/2022\/10\/cardboard-baling-machine-shipping-180x135.webp 180w\" sizes=\"auto, (max-width: 720px) 100vw, 720px\" \/><figcaption class=\"wp-element-caption\">M\u00e1quina empacadora de cart\u00f3n<\/figcaption><\/figure>    <figure class=\"wp-block-image size-large\"><img loading=\"lazy\" decoding=\"async\" width=\"720\" height=\"540\" data-id=\"2892\" src=\"https:\/\/shuliybaler.com\/wp-content\/uploads\/2022\/10\/cardboard-baling-machine-export.webp\" alt=\"exportaci\u00f3n de m\u00e1quinas empacadoras de cart\u00f3n\" class=\"wp-image-2892\" title=\"\" srcset=\"https:\/\/shuliybaler.com\/wp-content\/uploads\/2022\/10\/cardboard-baling-machine-export.webp 720w, https:\/\/shuliybaler.com\/wp-content\/uploads\/2022\/10\/cardboard-baling-machine-export-360x270.webp 360w, https:\/\/shuliybaler.com\/wp-content\/uploads\/2022\/10\/cardboard-baling-machine-export-180x135.webp 180w\" sizes=\"auto, (max-width: 720px) 100vw, 720px\" \/><figcaption class=\"wp-element-caption\">Exportaci\u00f3n de m\u00e1quinas empacadoras de cart\u00f3n<\/figcaption><\/figure> <\/figure>    <p>1. La m\u00e1quina empacadora de cart\u00f3n adopta transmisi\u00f3n hidr\u00e1ulica, estructura compacta, instalaci\u00f3n conveniente, operaci\u00f3n simple, f\u00e1cil mantenimiento y buena estanqueidad.<\/p>    <p>2. Ajuste hidr\u00e1ulico de bajo ruido para evitar problemas de contaminaci\u00f3n ac\u00fastica.<\/p>    <p>3. La velocidad se puede ajustar y la velocidad de embalaje de la m\u00e1quina se puede controlar manualmente.<\/p>    <p>4. Utilizando el principio hidr\u00e1ulico, el material se comprime a alta velocidad mediante compresi\u00f3n, lo que es beneficioso para reducir el espacio de almacenamiento del material.<\/p>    <h2 class=\"wp-block-heading\">V\u00eddeo de empacadora horizontal para enfardar papel usado.<\/h2>    <figure class=\"wp-block-embed is-type-video is-provider-youtube wp-block-embed-youtube wp-embed-aspect-16-9 wp-has-aspect-ratio\"><div class=\"wp-block-embed__wrapper\"> <iframe loading=\"lazy\" title=\"Venta de m\u00e1quina empacadora de reciclaje de cart\u00f3n usado | Empacadora horizontal para enfardar papel usado.\" width=\"500\" height=\"281\" src=\"https:\/\/www.youtube.com\/embed\/upwnSm5wzR0?feature=oembed\" frameborder=\"0\" allow=\"accelerometer; autoplay; clipboard-write; encrypted-media; gyroscope; picture-in-picture; web-share\" referrerpolicy=\"strict-origin-when-cross-origin\" allowfullscreen><\/iframe> <\/div><\/figure>","protected":false},"excerpt":{"rendered":"<p>A waste paper baler machine is a machine used to recycle and pack waste paper. Through the compression and molding of the machine, the waste paper can reduce the gap and form a uniform size waste paper bag, which can be stored in the warehouse. There are two types of cardboard baling machines, one is [&hellip;]<\/p>\n","protected":false},"author":1,"featured_media":2877,"parent":0,"template":"","tags":[],"product-type":[48],"class_list":["post-2876","product","type-product","status-publish","has-post-thumbnail","hentry","product-type-solution"],"_links":{"self":[{"href":"https:\/\/shuliybaler.com\/es\/wp-json\/wp\/v2\/product\/2876","targetHints":{"allow":["GET"]}}],"collection":[{"href":"https:\/\/shuliybaler.com\/es\/wp-json\/wp\/v2\/product"}],"about":[{"href":"https:\/\/shuliybaler.com\/es\/wp-json\/wp\/v2\/types\/product"}],"author":[{"embeddable":true,"href":"https:\/\/shuliybaler.com\/es\/wp-json\/wp\/v2\/users\/1"}],"wp:featuredmedia":[{"embeddable":true,"href":"https:\/\/shuliybaler.com\/es\/wp-json\/wp\/v2\/media\/2877"}],"wp:attachment":[{"href":"https:\/\/shuliybaler.com\/es\/wp-json\/wp\/v2\/media?parent=2876"}],"wp:term":[{"taxonomy":"post_tag","embeddable":true,"href":"https:\/\/shuliybaler.com\/es\/wp-json\/wp\/v2\/tags?post=2876"},{"taxonomy":"product-type","embeddable":true,"href":"https:\/\/shuliybaler.com\/es\/wp-json\/wp\/v2\/product-type?post=2876"}],"curies":[{"name":"wp","href":"https:\/\/api.w.org\/{rel}","templated":true}]}}