{"id":2893,"date":"2022-10-13T15:04:44","date_gmt":"2022-10-13T07:04:44","guid":{"rendered":"https:\/\/shuliybaler.com\/?post_type=product&#038;p=2893"},"modified":"2022-10-13T15:05:33","modified_gmt":"2022-10-13T07:05:33","slug":"plastic-bottle-baling-machine","status":"publish","type":"product","link":"https:\/\/shuliybaler.com\/es\/product\/plastic-bottle-baling-machine\/","title":{"rendered":"M\u00e1quina empacadora de botellas de pl\u00e1stico"},"content":{"rendered":"<p class=\"translation-block\">La empacadora de botellas de pl\u00e1stico tambi\u00e9n se llama empacadora hidr\u00e1ulica. Una empacadora de botellas de pl\u00e1stico es una m\u00e1quina utilizada para comprimir y empaquetar botellas de agua de pl\u00e1stico. Mediante la compresi\u00f3n de la <a href=\"https:\/\/shuliybaler.com\/es\/product\/empacadora-de-chatarra\/\" data-type=\"URL\" data-id=\"https:\/\/shuliybaler.com\/product\/scrap-metal-baler\/\">empacadora de botellas de pl\u00e1stico<\/a>, el volumen de la botella de pl\u00e1stico se puede reducir y el transporte es conveniente. La empacadora de botellas de pl\u00e1stico tambi\u00e9n puede <a href=\"https:\/\/shuliybaler.com\/es\/product\/empacadora-de-latas-de-aluminio\/\" data-type=\"URL\" data-id=\"https:\/\/shuliybaler.com\/product\/aluminum-can-baler\/\">empaquetar latas<\/a>, cartones de desecho, algod\u00f3n, <a href=\"https:\/\/shuliybaler.com\/es\/product\/metal-baler\/\" data-type=\"URL\" data-id=\"https:\/\/shuliybaler.com\/product\/metal-baler\/\">chatarra<\/a>, etc., ampliamente utilizada, se utiliza principalmente para reducir el espacio de almacenamiento. Es conveniente para el reciclaje secundario.<\/p>   <div class=\"wp-block-image\"> <figure class=\"aligncenter size-full\"><img loading=\"lazy\" decoding=\"async\" width=\"720\" height=\"540\" src=\"https:\/\/shuliybaler.com\/wp-content\/uploads\/2022\/10\/raw-material-Plastic-bottle-baling-machine.webp\" alt=\"M\u00e1quina empacadora de botellas de pl\u00e1stico de materia prima\" class=\"wp-image-2896\" title=\"\" srcset=\"https:\/\/shuliybaler.com\/wp-content\/uploads\/2022\/10\/raw-material-Plastic-bottle-baling-machine.webp 720w, https:\/\/shuliybaler.com\/wp-content\/uploads\/2022\/10\/raw-material-Plastic-bottle-baling-machine-360x270.webp 360w, https:\/\/shuliybaler.com\/wp-content\/uploads\/2022\/10\/raw-material-Plastic-bottle-baling-machine-180x135.webp 180w\" sizes=\"auto, (max-width: 720px) 100vw, 720px\" \/><figcaption>M\u00e1quina empacadora de botellas de pl\u00e1stico de materia prima<\/figcaption><\/figure> <\/div>   <h2 class=\"wp-block-heading\">La estructura de la m\u00e1quina empacadora de botellas de pl\u00e1stico.<\/h2>   <div class=\"wp-block-image\"> <figure class=\"aligncenter size-full\"><img loading=\"lazy\" decoding=\"async\" width=\"720\" height=\"540\" src=\"https:\/\/shuliybaler.com\/wp-content\/uploads\/2022\/10\/Plastic-bottle-baling-machine-1.webp\" alt=\"M\u00e1quina empacadora de botellas de pl\u00e1stico\" class=\"wp-image-2895\" title=\"\" srcset=\"https:\/\/shuliybaler.com\/wp-content\/uploads\/2022\/10\/Plastic-bottle-baling-machine-1.webp 720w, https:\/\/shuliybaler.com\/wp-content\/uploads\/2022\/10\/Plastic-bottle-baling-machine-1-360x270.webp 360w, https:\/\/shuliybaler.com\/wp-content\/uploads\/2022\/10\/Plastic-bottle-baling-machine-1-180x135.webp 180w\" sizes=\"auto, (max-width: 720px) 100vw, 720px\" \/><figcaption>M\u00e1quina empacadora de botellas de pl\u00e1stico<\/figcaption><\/figure> <\/div>   <p class=\"translation-block\">Los componentes principales del motor principal de la <a href=\"https:\/\/en.wikipedia.org\/wiki\/Plastic_bottle\" data-type=\"URL\" data-id=\"https:\/\/en.wikipedia.org\/wiki\/Plastic_bottle\" target=\"_blank\" rel=\"noopener\">botella de pl\u00e1stico<\/a>, incluyen el bastidor principal, el sistema hidr\u00e1ulico, el sistema de control el\u00e9ctrico y el sistema de alimentaci\u00f3n. El bastidor principal est\u00e1 hecho de placas de acero de alta calidad, engrosadas y soldadas, y duraderas. El sistema hidr\u00e1ulico est\u00e1 compuesto por componentes clave como una bomba hidr\u00e1ulica, v\u00e1lvula solenoide, cilindro de aceite, etc. La empacadora hidr\u00e1ulica tiene alta presi\u00f3n, alta velocidad y bajo ruido. El sistema de descarga se divide en varios m\u00e9todos, como empuje lateral, manual y empuje hacia adelante.<\/p>    <h2 class=\"wp-block-heading\">Par\u00e1metros de la m\u00e1quina empacadora de pl\u00e1stico. <\/h2>    <figure class=\"wp-block-gallery has-nested-images columns-2 is-cropped wp-block-gallery-2 is-layout-flex wp-block-gallery-is-layout-flex\"> <figure class=\"wp-block-image size-large\"><img loading=\"lazy\" decoding=\"async\" width=\"720\" height=\"540\" data-id=\"2897\" src=\"https:\/\/shuliybaler.com\/wp-content\/uploads\/2022\/10\/SLSH-120.webp\" alt=\"SLSH-120\" class=\"wp-image-2897\" title=\"\" srcset=\"https:\/\/shuliybaler.com\/wp-content\/uploads\/2022\/10\/SLSH-120.webp 720w, https:\/\/shuliybaler.com\/wp-content\/uploads\/2022\/10\/SLSH-120-360x270.webp 360w, https:\/\/shuliybaler.com\/wp-content\/uploads\/2022\/10\/SLSH-120-180x135.webp 180w\" sizes=\"auto, (max-width: 720px) 100vw, 720px\" \/><figcaption>Slsh-200<\/figcaption><\/figure>    <figure class=\"wp-block-image size-large\"><img loading=\"lazy\" decoding=\"async\" width=\"720\" height=\"540\" data-id=\"2898\" src=\"https:\/\/shuliybaler.com\/wp-content\/uploads\/2022\/10\/SLSH-160.webp\" alt=\"SLSH-160\" class=\"wp-image-2898\" title=\"\" srcset=\"https:\/\/shuliybaler.com\/wp-content\/uploads\/2022\/10\/SLSH-160.webp 720w, https:\/\/shuliybaler.com\/wp-content\/uploads\/2022\/10\/SLSH-160-360x270.webp 360w, https:\/\/shuliybaler.com\/wp-content\/uploads\/2022\/10\/SLSH-160-180x135.webp 180w\" sizes=\"auto, (max-width: 720px) 100vw, 720px\" \/><figcaption>Slsh-160<\/figcaption><\/figure>    <figure class=\"wp-block-image size-large\"><img loading=\"lazy\" decoding=\"async\" width=\"720\" height=\"540\" data-id=\"2899\" src=\"https:\/\/shuliybaler.com\/wp-content\/uploads\/2022\/10\/SLSH-180.webp\" alt=\"SLSH-180\" class=\"wp-image-2899\" title=\"\" srcset=\"https:\/\/shuliybaler.com\/wp-content\/uploads\/2022\/10\/SLSH-180.webp 720w, https:\/\/shuliybaler.com\/wp-content\/uploads\/2022\/10\/SLSH-180-360x270.webp 360w, https:\/\/shuliybaler.com\/wp-content\/uploads\/2022\/10\/SLSH-180-180x135.webp 180w\" sizes=\"auto, (max-width: 720px) 100vw, 720px\" \/><figcaption>Slsh-180<\/figcaption><\/figure>    <figure class=\"wp-block-image size-large\"><img loading=\"lazy\" decoding=\"async\" width=\"720\" height=\"540\" data-id=\"2900\" src=\"https:\/\/shuliybaler.com\/wp-content\/uploads\/2022\/10\/SLSH-200.webp\" alt=\"SLSH-200\" class=\"wp-image-2900\" title=\"\" srcset=\"https:\/\/shuliybaler.com\/wp-content\/uploads\/2022\/10\/SLSH-200.webp 720w, https:\/\/shuliybaler.com\/wp-content\/uploads\/2022\/10\/SLSH-200-360x270.webp 360w, https:\/\/shuliybaler.com\/wp-content\/uploads\/2022\/10\/SLSH-200-180x135.webp 180w\" sizes=\"auto, (max-width: 720px) 100vw, 720px\" \/><figcaption>Slsh-200<\/figcaption><\/figure> <\/figure>    <figure class=\"wp-block-table\"><table><tbody><tr><td>Modelo<\/td><td>SLSH-120<\/td><td>SLSH-160<\/td><td>SLSH-180<\/td><td>SLSH-200<\/td><\/tr><tr><td>sistema din\u00e1mico<\/td><td>sistema hidr\u00e1ulico\u2300245\u00a0recorridos 2100 mm<\/td><td>sistema hidr\u00e1ulico\u2300280Recorrido 2300mm<\/td><td>sistema hidr\u00e1ulico\u2300280Recorrido 2400mm<\/td><td>sistema hidr\u00e1ulico\u2300280Recorrido 2450mm<\/td><\/tr><tr><td>Fuerza<\/td><td>22 kw, 3 caballos de fuerza, 380 V<\/td><td>30Kw+4Kw, 3CV, 380V<\/td><td>37Kw+4Kw, 3CV, 380V<\/td><td>45Kw+4Kw<\/td><\/tr><tr><td>Empuje nominal principal<\/td><td>1200KN<\/td><td>1600KN<\/td><td>1800KN<\/td><td>2000kn<\/td><\/tr><tr><td>Presi\u00f3n del sistema<\/td><td>28Mpa<\/td><td>31,5MPA<\/td><td>31,5 MPa<\/td><td>31,5MPA &nbsp;<\/td><\/tr><tr><td>Sistema de control<\/td><td>Control autom\u00e1tico PLC<\/td><td>Control autom\u00e1tico PLC<\/td><td>Control autom\u00e1tico PLC<\/td><td>Control autom\u00e1tico PLC<\/td><\/tr><tr><td>Tama\u00f1o de alimentaci\u00f3n<\/td><td>1650mm*1100mm<\/td><td>1650mm*1100mm<\/td><td>2000*1100mm<\/td><td>2000mm*1100mm<\/td><\/tr><tr><td>Tama\u00f1o de paca<\/td><td>1100*900mm<\/td><td>1100mm*1250mm<\/td><td>1100*1300mm<\/td><td>1100mm*1400mm<\/td><\/tr><tr><td>Densidad de pacas<\/td><td>800 kg\/paca, 400-450 kg\/m\u00b3<\/td><td>1200 kg\/paca 450 kg\/m\u00b3<\/td><td>1300 kg\/paca, 500 kg\/m\u00b3<\/td><td>1400Kg\/Paca 520Kg\/m\u00b3<\/td><\/tr><tr><td>Capacidad<\/td><td>4-7 pacas\/h<\/td><td>5-8 fardos<\/td><td>6-9 fardos<\/td><td>8-10 fardos<\/td><\/tr><tr><td>agrupar<\/td><td>3 piezas de roscado manual<\/td><td>4-5 piezas, roscado manual<\/td><td>4-5 piezas, roscado manual<\/td><td>4-5 piezas, roscado manual<\/td><\/tr><\/tbody><\/table><figcaption>Empacadora de botellas de pl\u00e1stico<\/figcaption><\/figure>   <div class=\"wp-block-image\"> <figure class=\"aligncenter size-full\"><img loading=\"lazy\" decoding=\"async\" width=\"720\" height=\"540\" src=\"https:\/\/shuliybaler.com\/wp-content\/uploads\/2022\/10\/Plastic-bottle-baling-machine-2.webp\" alt=\"M\u00e1quina empacadora de botellas de pl\u00e1stico\" class=\"wp-image-2901\" title=\"\" srcset=\"https:\/\/shuliybaler.com\/wp-content\/uploads\/2022\/10\/Plastic-bottle-baling-machine-2.webp 720w, https:\/\/shuliybaler.com\/wp-content\/uploads\/2022\/10\/Plastic-bottle-baling-machine-2-360x270.webp 360w, https:\/\/shuliybaler.com\/wp-content\/uploads\/2022\/10\/Plastic-bottle-baling-machine-2-180x135.webp 180w\" sizes=\"auto, (max-width: 720px) 100vw, 720px\" \/><figcaption>M\u00e1quina empacadora de botellas de pl\u00e1stico<\/figcaption><\/figure> <\/div>   <h2 class=\"wp-block-heading\">Empacadora de botellas de pl\u00e1stico exportada a Uganda<\/h2>   <div class=\"wp-block-image\"> <figure class=\"aligncenter size-full\"><img loading=\"lazy\" decoding=\"async\" width=\"720\" height=\"540\" src=\"https:\/\/shuliybaler.com\/wp-content\/uploads\/2022\/10\/Plastic-bottle-baling-machine-3.webp\" alt=\"M\u00e1quina empacadora de botellas de pl\u00e1stico\" class=\"wp-image-2902\" title=\"\" srcset=\"https:\/\/shuliybaler.com\/wp-content\/uploads\/2022\/10\/Plastic-bottle-baling-machine-3.webp 720w, https:\/\/shuliybaler.com\/wp-content\/uploads\/2022\/10\/Plastic-bottle-baling-machine-3-360x270.webp 360w, https:\/\/shuliybaler.com\/wp-content\/uploads\/2022\/10\/Plastic-bottle-baling-machine-3-180x135.webp 180w\" sizes=\"auto, (max-width: 720px) 100vw, 720px\" \/><figcaption>M\u00e1quina empacadora de botellas de pl\u00e1stico<\/figcaption><\/figure> <\/div>   <p>Exportamos una m\u00e1quina empacadora de botellas de pl\u00e1stico modelo 200 a Uganda. El cliente est\u00e1 en la industria del reciclaje. El cliente necesita embalar chatarra y botellas de pl\u00e1stico. Por lo tanto, para ser adecuado para ambos productos, el cliente eligi\u00f3 el tipo m\u00e1s grande de m\u00e1quina empacadora de botellas de pl\u00e1stico. Esto permite envasar dos productos. Y despu\u00e9s de las pruebas de los clientes, se descubri\u00f3 que el efecto del empaque es muy bueno, especialmente despu\u00e9s de comprimir la botella de pl\u00e1stico, lo que ahorra mucho espacio.<\/p>","protected":false},"excerpt":{"rendered":"<p>La m\u00e1quina empacadora de botellas de pl\u00e1stico tambi\u00e9n se llama m\u00e1quina empacadora hidr\u00e1ulica. Una empacadora de botellas de pl\u00e1stico es una m\u00e1quina que se utiliza para comprimir y envasar botellas de agua de pl\u00e1stico. Mediante la compresi\u00f3n de la empacadora de botellas de pl\u00e1stico, se puede reducir el volumen de la botella de pl\u00e1stico y el transporte es conveniente. La m\u00e1quina empacadora de botellas de pl\u00e1stico tambi\u00e9n puede empacar latas. , Cartones de desecho, algod\u00f3n, chatarra, etc., ampliamente utilizados, utilizados principalmente para reducir el espacio de almacenamiento. Es conveniente para el reciclaje secundario.<\/p>","protected":false},"author":1,"featured_media":2894,"parent":0,"template":"","meta":{"product_tpl_data":{"subtitle":"","param_summary":"","model_summary_title":"","model_summary":"","model_series":[],"finished_product_title":"","raw_materials_title":"","process_title":"","endsummary":""},"product_extra_property":[],"product_extra_image":""},"tags":[51],"product-type":[48],"class_list":["post-2893","product","type-product","status-publish","has-post-thumbnail","hentry","tag-baler-machine","product-type-solution"],"light_meta":{"rank_math_seo_score":"83","rank_math_focus_keyword":"Plastic bottle baling machine","product_tpl_data":{"subtitle":"","param_summary":"","model_summary_title":"","model_summary":"","model_series":"","finished_product_title":"","raw_materials_title":"","process_title":"","endsummary":""},"rank_math_title":"Plastic bottle baling machine","rank_math_description":"The plastic bottle baling machine is also called a hydraulic baler machine. A plastic bottle baler is a machine used to compress and pack plastic water bottles.","rank_math_analytic_object_id":"49","litespeed_vpi_list":["cropped-cropped-cropped-shuliylogo-1.png"],"rank_math_og_content_image":{"check":"f61ac0d33b6784caa168f2dd4998aad7","images":[2896,2895,2897,2898,2899,2900,2901,2902]},"_trp_automatically_translated_slug_ru_RU":"\u043c\u0430\u0448\u0438\u043d\u0430-\u0434\u043b\u044f-\u043f\u0430\u043a\u0435\u0442\u0438\u0440\u043e\u0432\u0430\u043d\u0438\u044f-\u043f\u043b\u0430\u0441\u0442\u0438\u043a\u043e\u0432\u044b","rank_math_internal_links_processed":"1"},"seo_meta":{"title":"M\u00e1quina empacadora de botellas de pl\u00e1stico","description":"La m\u00e1quina empacadora de botellas de pl\u00e1stico tambi\u00e9n se llama m\u00e1quina empacadora hidr\u00e1ulica. Una empacadora de botellas de pl\u00e1stico es una m\u00e1quina que se utiliza para comprimir y envasar botellas de agua de pl\u00e1stico.","focusKeyword":"Plastic bottle baling machine","canonicalUrl":"https:\/\/shuliybaler.com\/es\/product\/plastic-bottle-baling-machine\/","robots":["index","follow"],"ogTitle":"Plastic bottle baling machine","ogDescription":"The plastic bottle baling machine is also called a hydraulic baler machine. A plastic bottle baler is a machine used to compress and pack plastic water bottles.","ogImage":"https:\/\/shuliybaler.com\/wp-content\/uploads\/2022\/10\/Plastic-bottle-baling-machine.webp","twitterTitle":"Plastic bottle baling machine","twitterDescription":"The plastic bottle baling machine is also called a hydraulic baler machine. A plastic bottle baler is a machine used to compress and pack plastic water bottles.","twitterImage":"https:\/\/shuliybaler.com\/wp-content\/uploads\/2022\/10\/Plastic-bottle-baling-machine.webp","primaryCategory":0,"seoScore":83,"schemas":[],"source":"rank_math"},"_links":{"self":[{"href":"https:\/\/shuliybaler.com\/es\/wp-json\/wp\/v2\/product\/2893","targetHints":{"allow":["GET"]}}],"collection":[{"href":"https:\/\/shuliybaler.com\/es\/wp-json\/wp\/v2\/product"}],"about":[{"href":"https:\/\/shuliybaler.com\/es\/wp-json\/wp\/v2\/types\/product"}],"author":[{"embeddable":true,"href":"https:\/\/shuliybaler.com\/es\/wp-json\/wp\/v2\/users\/1"}],"wp:featuredmedia":[{"embeddable":true,"href":"https:\/\/shuliybaler.com\/es\/wp-json\/wp\/v2\/media\/2894"}],"wp:attachment":[{"href":"https:\/\/shuliybaler.com\/es\/wp-json\/wp\/v2\/media?parent=2893"}],"wp:term":[{"taxonomy":"post_tag","embeddable":true,"href":"https:\/\/shuliybaler.com\/es\/wp-json\/wp\/v2\/tags?post=2893"},{"taxonomy":"product-type","embeddable":true,"href":"https:\/\/shuliybaler.com\/es\/wp-json\/wp\/v2\/product-type?post=2893"}],"curies":[{"name":"wp","href":"https:\/\/api.w.org\/{rel}","templated":true}]}}