{"id":2904,"date":"2022-10-19T16:35:05","date_gmt":"2022-10-19T08:35:05","guid":{"rendered":"https:\/\/shuliybaler.com\/?post_type=product&#038;p=2904"},"modified":"2023-02-28T16:04:04","modified_gmt":"2023-02-28T08:04:04","slug":"plastic-bottle-baler-machine","status":"publish","type":"product","link":"https:\/\/shuliybaler.com\/es\/product\/plastic-bottle-baler-machine-plastic-bottle-packing-machine\/","title":{"rendered":"M\u00e1quina empacadora de botellas de pl\u00e1stico | M\u00e1quina envasadora de botellas de pl\u00e1stico"},"content":{"rendered":"<p class=\"translation-block\">La m\u00e1quina de empacado de botes de pl\u00e1stico es el equipo especial para botellas de pl\u00e1stico. Al comprimir los <a href=\"https:\/\/www.google.com\/search?q=waste+plastic+bottle&amp;sxsrf=ALiCzsZDD9uj538vXpp1bTkcyeTWwADRLg:1669878238699&amp;source=lnms&amp;tbm=isch&amp;sa=X&amp;ved=2ahUKEwi5kPGZ7df7AhVZNEQIHehCDb0Q_AUoAXoECAEQAw&amp;biw=1745&amp;bih=852&amp;dpr=1.1\" data-type=\"URL\" data-id=\"https:\/\/www.google.com\/search?q=waste+plastic+bottle&amp;sxsrf=ALiCzsZDD9uj538vXpp1bTkcyeTWwADRLg:1669878238699&amp;source=lnms&amp;tbm=isch&amp;sa=X&amp;ved=2ahUKEwi5kPGZ7df7AhVZNEQIHehCDb0Q_AUoAXoECAEQAw&amp;biw=1745&amp;bih=852&amp;dpr=1.1\" target=\"_blank\" rel=\"noopener\">botellas de pl\u00e1stico<\/a> y extrayendo los huecos entre las botellas de pl\u00e1stico, se puede comprimir el espacio de almacenamiento de las botellas de pl\u00e1stico, y las caracter\u00edsticas de las botellas de pl\u00e1stico no son f\u00e1ciles de transportar.<\/p>    <figure class=\"wp-block-image size-full\"><img loading=\"lazy\" decoding=\"async\" width=\"720\" height=\"540\" src=\"https:\/\/shuliybaler.com\/wp-content\/uploads\/2022\/10\/Plastic-bottle-baler-machine-1.webp\" alt=\"M\u00e1quina empacadora de botellas de pl\u00e1stico\" class=\"wp-image-2965\" title=\"\" srcset=\"https:\/\/shuliybaler.com\/wp-content\/uploads\/2022\/10\/Plastic-bottle-baler-machine-1.webp 720w, https:\/\/shuliybaler.com\/wp-content\/uploads\/2022\/10\/Plastic-bottle-baler-machine-1-360x270.webp 360w, https:\/\/shuliybaler.com\/wp-content\/uploads\/2022\/10\/Plastic-bottle-baler-machine-1-180x135.webp 180w\" sizes=\"auto, (max-width: 720px) 100vw, 720px\" \/><figcaption class=\"wp-element-caption\">M\u00e1quina empacadora de botellas de pl\u00e1stico<\/figcaption><\/figure>    <h2 class=\"wp-block-heading\">Introducci\u00f3n de la m\u00e1quina empacadora de botellas de pl\u00e1stico horizontal.<\/h2>    <figure class=\"wp-block-image size-full\"><img loading=\"lazy\" decoding=\"async\" width=\"720\" height=\"540\" src=\"https:\/\/shuliybaler.com\/wp-content\/uploads\/2022\/10\/Plastic-bottle-packing-machine.webp\" alt=\"M\u00e1quina envasadora de botellas de pl\u00e1stico\" class=\"wp-image-2966\" title=\"\" srcset=\"https:\/\/shuliybaler.com\/wp-content\/uploads\/2022\/10\/Plastic-bottle-packing-machine.webp 720w, https:\/\/shuliybaler.com\/wp-content\/uploads\/2022\/10\/Plastic-bottle-packing-machine-360x270.webp 360w, https:\/\/shuliybaler.com\/wp-content\/uploads\/2022\/10\/Plastic-bottle-packing-machine-180x135.webp 180w\" sizes=\"auto, (max-width: 720px) 100vw, 720px\" \/><figcaption class=\"wp-element-caption\">M\u00e1quina empacadora de botellas de pl\u00e1stico<\/figcaption><\/figure>    <p class=\"translation-block\">&nbsp;La <a href=\"https:\/\/shuliybaler.com\/es\/product\/empacadora-de-chatarra\/\" data-type=\"URL\" data-id=\"https:\/\/shuliybaler.com\/product\/scrap-metal-baler\/\">compactadora horizontal de bebidas<\/a> es adecuada para las compactadoras para botellas de cola, latas, pel\u00edculas pl\u00e1sticas, papel de desecho, esponjas, fibras qu\u00edmicas y materiales de desecho. Est\u00e1 equipada con alimentaci\u00f3n por correa transportadora. Es adecuada para procesar alrededor de 1-5 toneladas por hora. Tambi\u00e9n puede utilizarse como m\u00e1quina independiente, con una huella peque\u00f1a, velocidad de empaque r\u00e1pida, operaci\u00f3n sencilla, rendimiento estable y baja tasa de fallos.<\/p>    <h2 class=\"wp-block-heading\">\u00bfPor qu\u00e9 las botellas de pl\u00e1stico necesitan una empacadora?<\/h2>    <figure class=\"wp-block-gallery has-nested-images columns-default is-cropped wp-block-gallery-2 is-layout-flex wp-block-gallery-is-layout-flex\"> <figure class=\"wp-block-image size-full\"><img loading=\"lazy\" decoding=\"async\" width=\"720\" height=\"540\" data-id=\"2967\" src=\"https:\/\/shuliybaler.com\/wp-content\/uploads\/2022\/10\/Plastic-bottle-packing-machine-1.webp\" alt=\"M\u00e1quina envasadora de botellas de pl\u00e1stico\" class=\"wp-image-2967\" title=\"\" srcset=\"https:\/\/shuliybaler.com\/wp-content\/uploads\/2022\/10\/Plastic-bottle-packing-machine-1.webp 720w, https:\/\/shuliybaler.com\/wp-content\/uploads\/2022\/10\/Plastic-bottle-packing-machine-1-360x270.webp 360w, https:\/\/shuliybaler.com\/wp-content\/uploads\/2022\/10\/Plastic-bottle-packing-machine-1-180x135.webp 180w\" sizes=\"auto, (max-width: 720px) 100vw, 720px\" \/><figcaption class=\"wp-element-caption\">M\u00e1quina empacadora de botellas de pl\u00e1stico<\/figcaption><\/figure>    <figure class=\"wp-block-image size-full\"><img loading=\"lazy\" decoding=\"async\" width=\"720\" height=\"540\" data-id=\"2971\" src=\"https:\/\/shuliybaler.com\/wp-content\/uploads\/2022\/10\/plastic-bottle-baling.webp\" alt=\"embalaje de botellas de pl\u00e1stico\" class=\"wp-image-2971\" title=\"\" srcset=\"https:\/\/shuliybaler.com\/wp-content\/uploads\/2022\/10\/plastic-bottle-baling.webp 720w, https:\/\/shuliybaler.com\/wp-content\/uploads\/2022\/10\/plastic-bottle-baling-360x270.webp 360w, https:\/\/shuliybaler.com\/wp-content\/uploads\/2022\/10\/plastic-bottle-baling-180x135.webp 180w\" sizes=\"auto, (max-width: 720px) 100vw, 720px\" \/><figcaption class=\"wp-element-caption\">Embalaje de botellas de pl\u00e1stico<\/figcaption><\/figure> <\/figure>    <p>Las botellas de pl\u00e1stico se pueden reciclar y se pueden fabricar part\u00edculas de pl\u00e1stico. Al reciclar botellas de pl\u00e1stico, las botellas de pl\u00e1stico son huecas, habr\u00e1 mucho espacio entre las botellas y las botellas de pl\u00e1stico son relativamente delgadas y dif\u00edciles de manipular, por lo que se pueden procesar m\u00e1quinas empacadoras de botellas de pl\u00e1stico. Las botellas se comprimen y se forman bloques de botellas de pl\u00e1stico del mismo tama\u00f1o, que pueden transportarse y almacenarse.<\/p>    <h2 class=\"wp-block-heading\">Dos tipos de empacadoras de botellas de pl\u00e1stico<\/h2>    <figure class=\"wp-block-image size-full\"><img loading=\"lazy\" decoding=\"async\" width=\"720\" height=\"540\" src=\"https:\/\/shuliybaler.com\/wp-content\/uploads\/2022\/10\/plastic-bottle-baler-machine.webp\" alt=\"m\u00e1quina empacadora de botellas de pl\u00e1stico\" class=\"wp-image-2968\" title=\"\" srcset=\"https:\/\/shuliybaler.com\/wp-content\/uploads\/2022\/10\/plastic-bottle-baler-machine.webp 720w, https:\/\/shuliybaler.com\/wp-content\/uploads\/2022\/10\/plastic-bottle-baler-machine-360x270.webp 360w, https:\/\/shuliybaler.com\/wp-content\/uploads\/2022\/10\/plastic-bottle-baler-machine-180x135.webp 180w\" sizes=\"auto, (max-width: 720px) 100vw, 720px\" \/><figcaption class=\"wp-element-caption\">M\u00e1quina empacadora de botellas de pl\u00e1stico<\/figcaption><\/figure>    <p class=\"translation-block\">Actualmente, las compactadoras de botellas de pl\u00e1stico en el mercado se dividen en dos tipos: <a href=\"https:\/\/shuliybaler.com\/es\/product\/empacadora-de-metal-vertical\/\" data-type=\"URL\" data-id=\"https:\/\/shuliybaler.com\/product\/vertical-metal-baler\/\">compactadoras verticales<\/a> y <a href=\"https:\/\/shuliybaler.com\/es\/product\/empacadora-de-chatarra\/\" data-type=\"URL\" data-id=\"https:\/\/shuliybaler.com\/product\/scrap-metal-baler\/\">compactadoras horizontales<\/a>. Ambos tipos de compactadoras pueden usarse para empacar botellas viejas de pl\u00e1stico. La diferencia radica en la salida de embalaje, el grado de automatizaci\u00f3n y el tama\u00f1o del paquete. Seg\u00fan las distintas necesidades de las empresas, los tipos de compra tambi\u00e9n son diferentes. A continuaci\u00f3n se hablar\u00e1 sobre el uso de los dos tipos de m\u00e1quinas compactadoras de botellas de pl\u00e1stico.<\/p>    <h2 class=\"wp-block-heading\">\u00bfC\u00f3mo utilizar la m\u00e1quina empacadora vertical de botellas de pl\u00e1stico?<\/h2>    <figure class=\"wp-block-image size-full\"><img loading=\"lazy\" decoding=\"async\" width=\"720\" height=\"540\" src=\"https:\/\/shuliybaler.com\/wp-content\/uploads\/2022\/10\/plastic-bottle-baler-machine-1.webp\" alt=\"m\u00e1quina empacadora de botellas de pl\u00e1stico\" class=\"wp-image-2969\" title=\"\" srcset=\"https:\/\/shuliybaler.com\/wp-content\/uploads\/2022\/10\/plastic-bottle-baler-machine-1.webp 720w, https:\/\/shuliybaler.com\/wp-content\/uploads\/2022\/10\/plastic-bottle-baler-machine-1-360x270.webp 360w, https:\/\/shuliybaler.com\/wp-content\/uploads\/2022\/10\/plastic-bottle-baler-machine-1-180x135.webp 180w\" sizes=\"auto, (max-width: 720px) 100vw, 720px\" \/><figcaption class=\"wp-element-caption\">M\u00e1quina empacadora de botellas de pl\u00e1stico<\/figcaption><\/figure>    <p>El proceso de operaci\u00f3n es complicado. Primero, abra la puerta de descarga del equipo a trav\u00e9s del dispositivo de bloqueo del volante, vac\u00ede la sala de embalaje y coloque una tela o cart\u00f3n de embalaje encima. Cierre la puerta de la c\u00e1mara de compresi\u00f3n, abra la puerta de alimentaci\u00f3n al mismo tiempo y alimente el material desde la puerta de alimentaci\u00f3n. Despu\u00e9s de que el material est\u00e9 lleno, cierre la puerta de alimentaci\u00f3n, comprima autom\u00e1ticamente a trav\u00e9s del sistema el\u00e9ctrico PLC, contin\u00fae alimentando despu\u00e9s de la compresi\u00f3n y reducci\u00f3n de volumen y repita las operaciones anteriores hasta que el material est\u00e9 lleno. Despu\u00e9s del moldeo por compresi\u00f3n, abra la puerta de la c\u00e1mara de compresi\u00f3n y la puerta de alimentaci\u00f3n, y enrosque y enrosque la botella de pl\u00e1stico comprimida. Una vez finalizado, realice la operaci\u00f3n de inserci\u00f3n del paquete para completar la descarga.<\/p>    <figure class=\"wp-block-image size-full\"><img loading=\"lazy\" decoding=\"async\" width=\"720\" height=\"540\" src=\"https:\/\/shuliybaler.com\/wp-content\/uploads\/2022\/10\/Plastic-bottle-baler-conveyor-belt.webp\" alt=\"Cinta transportadora empacadora de botellas de pl\u00e1stico\" class=\"wp-image-2972\" title=\"\" srcset=\"https:\/\/shuliybaler.com\/wp-content\/uploads\/2022\/10\/Plastic-bottle-baler-conveyor-belt.webp 720w, https:\/\/shuliybaler.com\/wp-content\/uploads\/2022\/10\/Plastic-bottle-baler-conveyor-belt-360x270.webp 360w, https:\/\/shuliybaler.com\/wp-content\/uploads\/2022\/10\/Plastic-bottle-baler-conveyor-belt-180x135.webp 180w\" sizes=\"auto, (max-width: 720px) 100vw, 720px\" \/><figcaption class=\"wp-element-caption\">Cinta transportadora empacadora de botellas de pl\u00e1stico<\/figcaption><\/figure>    <h2 class=\"wp-block-heading\">\u00bfC\u00f3mo utilizar la empacadora horizontal de botellas de pl\u00e1stico?<\/h2>    <figure class=\"wp-block-image size-full\"><img loading=\"lazy\" decoding=\"async\" width=\"720\" height=\"540\" src=\"https:\/\/shuliybaler.com\/wp-content\/uploads\/2022\/10\/horizontal-plastic-bottle-baler.webp\" alt=\"empacadora horizontal de botellas de pl\u00e1stico\" class=\"wp-image-2970\" title=\"\" srcset=\"https:\/\/shuliybaler.com\/wp-content\/uploads\/2022\/10\/horizontal-plastic-bottle-baler.webp 720w, https:\/\/shuliybaler.com\/wp-content\/uploads\/2022\/10\/horizontal-plastic-bottle-baler-360x270.webp 360w, https:\/\/shuliybaler.com\/wp-content\/uploads\/2022\/10\/horizontal-plastic-bottle-baler-180x135.webp 180w\" sizes=\"auto, (max-width: 720px) 100vw, 720px\" \/><figcaption class=\"wp-element-caption\">Empacadora horizontal de botellas de pl\u00e1stico<\/figcaption><\/figure>    <p>La empacadora horizontal de botellas de pl\u00e1stico es mucho m\u00e1s sencilla de operar. Despu\u00e9s de comprobar que no hay ninguna anomal\u00eda en la apertura del equipo, se puede alimentar directamente o alimentar a trav\u00e9s de un transportador a la c\u00e1mara de compresi\u00f3n. Despu\u00e9s de que la botella de pl\u00e1stico alcance su posici\u00f3n, presione el bot\u00f3n de compresi\u00f3n para comprimirla en su lugar. Autom\u00e1ticamente retroceder\u00e1 y se detendr\u00e1. Repita la operaci\u00f3n de alimentaci\u00f3n y compresi\u00f3n hasta alcanzar la longitud de empaque requerida, presione el bot\u00f3n de empaque y despu\u00e9s de llegar a la posici\u00f3n de empaque, presione el bot\u00f3n de enhebrado, el enhebrado se cortar\u00e1 autom\u00e1ticamente y se terminar\u00e1 el enhebrado.<\/p>    <figure class=\"wp-block-embed is-type-video is-provider-youtube wp-block-embed-youtube wp-embed-aspect-16-9 wp-has-aspect-ratio\"><div class=\"wp-block-embed__wrapper\"> <iframe loading=\"lazy\" title=\"La mejor empacadora de metal exportada dos veces a Gab\u00f3n | M\u00e1quina empacadora de botellas de pl\u00e1stico con prensa de tambor de aceite\" width=\"500\" height=\"281\" src=\"https:\/\/www.youtube.com\/embed\/1WCZwz3QRbs?feature=oembed\" frameborder=\"0\" allow=\"accelerometer; autoplay; clipboard-write; encrypted-media; gyroscope; picture-in-picture; web-share\" referrerpolicy=\"strict-origin-when-cross-origin\" allowfullscreen><\/iframe> <\/div><figcaption class=\"wp-element-caption\">M\u00e1quina empacadora de botellas de pl\u00e1stico<\/figcaption><\/figure>","protected":false},"excerpt":{"rendered":"<p>La m\u00e1quina empacadora de botellas de pl\u00e1stico es el equipo especial para botellas de pl\u00e1stico. Al comprimir las botellas de pl\u00e1stico y extruir los espacios entre las botellas de pl\u00e1stico, se puede comprimir el espacio de almacenamiento de las botellas de pl\u00e1stico y las caracter\u00edsticas de las botellas de pl\u00e1stico no son f\u00e1ciles de transportar.<\/p>","protected":false},"author":1,"featured_media":2963,"parent":0,"template":"","meta":{"product_tpl_data":{"subtitle":"","param_summary":"","model_summary_title":"","model_summary":"","model_series":[],"finished_product_title":"","raw_materials_title":"","process_title":"","endsummary":""},"product_extra_property":[],"product_extra_image":""},"tags":[],"product-type":[41],"class_list":["post-2904","product","type-product","status-publish","has-post-thumbnail","hentry","product-type-metal-baler-machine"],"light_meta":{"rank_math_seo_score":"79","product_tpl_data":{"subtitle":"","param_summary":"","model_summary_title":"","model_summary":"","model_series":"","finished_product_title":"","raw_materials_title":"","process_title":"","endsummary":""},"rank_math_focus_keyword":"Plastic bottle baler machine","rank_math_analytic_object_id":"56","litespeed_vpi_list":["cropped-cropped-cropped-shuliylogo-1.png"],"rank_math_title":"Plastic bottle baler machine","rank_math_description":"\u00a0The Plastic bottle baler machine is suitable for compression balers for cola bottles, cans, plastic films, waste paper, sponges, chemical fibers, and waste materials. ","_oembed_0d65e9b26119ab32987423d1395eceb9":"<iframe title=\"The best metal baler exported to Gabon twice | Oil drum press plastic bottle baler machine\" width=\"500\" height=\"281\" src=\"https:\/\/www.youtube.com\/embed\/1WCZwz3QRbs?feature=oembed\" frameborder=\"0\" allow=\"accelerometer; autoplay; clipboard-write; encrypted-media; gyroscope; picture-in-picture\" allowfullscreen><\/iframe>","_oembed_time_0d65e9b26119ab32987423d1395eceb9":"1672209710","rank_math_schema_VideoObject":{"@type":"VideoObject","metadata":{"title":"Video","type":"template","shortcode":"s-63abe52edda6c","isPrimary":true,"reviewLocationShortcode":"[rank_math_rich_snippet]","category":"%categories%","tags":"%tags%","isAutoGenerated":true},"name":"La mejor empacadora de metal exportada dos veces a Gab\u00f3n | M\u00e1quina empacadora de botellas de pl\u00e1stico con prensa de tambor de aceite","description":"#metalbaler#drumpress#bottlebalerhttps:\/\/shuliybaler.com\/product\/plastic-bottle-baler-machine-plastic-bottle-packing-machine\/\ud83d\ude0aHaga clic para ver el precio hoy: https:\/...","uploadDate":"2022-12-27","thumbnailUrl":"https:\/\/shuliybaler.com\/wp-content\/uploads\/2022\/12\/the-best-metal-baler-exported-to.jpg","embedUrl":"https:\/\/www.youtube.com\/embed\/1WCZwz3QRbs","contentUrl":"","duration":"PT2M9S","width":"1280","height":"720","isFamilyFriendly":true},"rank_math_og_content_image":{"check":"07987cef55cf3f0966f2a87d3ac9b185","images":[2965,2966,2967,2971,2968,2969,2972,2970]},"_trp_automatically_translated_slug_fr_FR":"presse-a-bouteilles-en-plastique","_trp_automatically_translated_slug_ar":"\u0622\u0644\u0629-\u0645\u0643\u0628\u0633-\u0627\u0644\u0632\u062c\u0627\u062c\u0627\u062a-\u0627\u0644\u0628\u0644\u0627\u0633\u062a\u064a\u0643\u064a\u0629","_oembed_12061a91ab453b2fe5af49c104f59a9e":"<iframe title=\"The best metal baler exported to Gabon twice | Oil drum press plastic bottle baler machine\" width=\"500\" height=\"281\" src=\"https:\/\/www.youtube.com\/embed\/1WCZwz3QRbs?feature=oembed\" frameborder=\"0\" allow=\"accelerometer; autoplay; clipboard-write; encrypted-media; gyroscope; picture-in-picture; web-share\" referrerpolicy=\"strict-origin-when-cross-origin\" allowfullscreen><\/iframe>","_oembed_time_12061a91ab453b2fe5af49c104f59a9e":"1712718960","rank_math_internal_links_processed":"1"},"_links":{"self":[{"href":"https:\/\/shuliybaler.com\/es\/wp-json\/wp\/v2\/product\/2904","targetHints":{"allow":["GET"]}}],"collection":[{"href":"https:\/\/shuliybaler.com\/es\/wp-json\/wp\/v2\/product"}],"about":[{"href":"https:\/\/shuliybaler.com\/es\/wp-json\/wp\/v2\/types\/product"}],"author":[{"embeddable":true,"href":"https:\/\/shuliybaler.com\/es\/wp-json\/wp\/v2\/users\/1"}],"wp:featuredmedia":[{"embeddable":true,"href":"https:\/\/shuliybaler.com\/es\/wp-json\/wp\/v2\/media\/2963"}],"wp:attachment":[{"href":"https:\/\/shuliybaler.com\/es\/wp-json\/wp\/v2\/media?parent=2904"}],"wp:term":[{"taxonomy":"post_tag","embeddable":true,"href":"https:\/\/shuliybaler.com\/es\/wp-json\/wp\/v2\/tags?post=2904"},{"taxonomy":"product-type","embeddable":true,"href":"https:\/\/shuliybaler.com\/es\/wp-json\/wp\/v2\/product-type?post=2904"}],"curies":[{"name":"wp","href":"https:\/\/api.w.org\/{rel}","templated":true}]}}