{"id":2905,"date":"2022-11-10T14:55:46","date_gmt":"2022-11-10T06:55:46","guid":{"rendered":"https:\/\/shuliybaler.com\/?post_type=product&#038;p=2905"},"modified":"2022-11-17T16:33:36","modified_gmt":"2022-11-17T08:33:36","slug":"scrap-plate-shearing-machine","status":"publish","type":"product","link":"https:\/\/shuliybaler.com\/es\/product\/maquina-cortadora-de-placas-de-desecho\/","title":{"rendered":"Cizalla de chapa de desecho | cortadora de chatarra de hierro"},"content":{"rendered":"<p class=\"translation-block\">La m\u00e1quina cizalladora de chatarra es un tipo de equipo hidr\u00e1ulico de cizallamiento de metales. Su apariencia es similar a la cabeza de un tigre, por lo que tambi\u00e9n se la denomina cizalla cabeza de tigre. Las tijeras cabeza de tigre tienen la misma funci\u00f3n que las <a href=\"https:\/\/shuliybaler.com\/es\/product\/alligator-shear\/\" data-type=\"URL\" data-id=\"https:\/\/shuliybaler.com\/product\/alligator-shear\/\">cizallas de acero de cocodrilo<\/a> y son adecuadas para plantas de reciclaje y procesamiento de metales, dep\u00f3sitos de desguace de autom\u00f3viles, industrias de fundici\u00f3n y moldeo, y para el cizallamiento y corte en fr\u00edo de diversas formas de acero y diversos materiales met\u00e1licos.<\/p>    <figure class=\"wp-block-image size-full\"><img loading=\"lazy\" decoding=\"async\" width=\"720\" height=\"540\" src=\"https:\/\/shuliybaler.com\/wp-content\/uploads\/2022\/11\/iron-scrap-cutting-machine.webp\" alt=\"cortadora de chatarra de hierro\" class=\"wp-image-2908\" title=\"\" srcset=\"https:\/\/shuliybaler.com\/wp-content\/uploads\/2022\/11\/iron-scrap-cutting-machine.webp 720w, https:\/\/shuliybaler.com\/wp-content\/uploads\/2022\/11\/iron-scrap-cutting-machine-360x270.webp 360w, https:\/\/shuliybaler.com\/wp-content\/uploads\/2022\/11\/iron-scrap-cutting-machine-180x135.webp 180w\" sizes=\"auto, (max-width: 720px) 100vw, 720px\" \/><figcaption class=\"wp-element-caption\">M\u00e1quina cortadora de chatarra de hierro<\/figcaption><\/figure>    <h2 class=\"wp-block-heading\">El \u00e1mbito de aplicaci\u00f3n de la m\u00e1quina cortadora de placas de desecho.<\/h2>    <p class=\"translation-block\">Las m\u00e1quinas cizalladoras de chatarra son adecuadas para sitios de reciclaje de metales para el corte de metales, lo que facilita su reciclaje y reutilizaci\u00f3n; las <a href=\"https:\/\/www.youtube.com\/watch?v=GNmdIftq4X8&amp;t=13s\" data-type=\"URL\" data-id=\"https:\/\/www.youtube.com\/watch?v=GNmdIftq4X8&amp;t=13s\" target=\"_blank\" rel=\"noopener\">m\u00e1quinas cizalladoras de chatarra <\/a>tambi\u00e9n se pueden utilizar en plantas de reciclaje de autom\u00f3viles para desmantelar coches desechados. Las m\u00e1quinas cizalladoras de metal tambi\u00e9n se pueden utilizar en obras de construcci\u00f3n para cortar barras de refuerzo y metal. Por lo tanto, las tijeras cabeza de tigre se pueden utilizar para cortar todo tipo de metales duros.<\/p>    <h2 class=\"wp-block-heading\">Ventajas de la m\u00e1quina cizalla de placas de desecho<\/h2>    <figure class=\"wp-block-gallery has-nested-images columns-default is-cropped wp-block-gallery-2 is-layout-flex wp-block-gallery-is-layout-flex\"> <figure class=\"wp-block-image size-large\"><img loading=\"lazy\" decoding=\"async\" width=\"720\" height=\"540\" data-id=\"2909\" src=\"https:\/\/shuliybaler.com\/wp-content\/uploads\/2022\/11\/scrap-plate-shearing-machine.webp\" alt=\"m\u00e1quina cortadora de placas de desecho\" class=\"wp-image-2909\" title=\"\" srcset=\"https:\/\/shuliybaler.com\/wp-content\/uploads\/2022\/11\/scrap-plate-shearing-machine.webp 720w, https:\/\/shuliybaler.com\/wp-content\/uploads\/2022\/11\/scrap-plate-shearing-machine-360x270.webp 360w, https:\/\/shuliybaler.com\/wp-content\/uploads\/2022\/11\/scrap-plate-shearing-machine-180x135.webp 180w\" sizes=\"auto, (max-width: 720px) 100vw, 720px\" \/><figcaption class=\"wp-element-caption\">M\u00e1quina cortadora de placas de desecho<\/figcaption><\/figure>    <figure class=\"wp-block-image size-large\"><img loading=\"lazy\" decoding=\"async\" width=\"720\" height=\"540\" data-id=\"2910\" src=\"https:\/\/shuliybaler.com\/wp-content\/uploads\/2022\/11\/scrap-plate-shearing-machine-1.webp\" alt=\"m\u00e1quina cortadora de placas de desecho\" class=\"wp-image-2910\" title=\"\" srcset=\"https:\/\/shuliybaler.com\/wp-content\/uploads\/2022\/11\/scrap-plate-shearing-machine-1.webp 720w, https:\/\/shuliybaler.com\/wp-content\/uploads\/2022\/11\/scrap-plate-shearing-machine-1-360x270.webp 360w, https:\/\/shuliybaler.com\/wp-content\/uploads\/2022\/11\/scrap-plate-shearing-machine-1-180x135.webp 180w\" sizes=\"auto, (max-width: 720px) 100vw, 720px\" \/><figcaption class=\"wp-element-caption\">M\u00e1quina cortadora de placas de desecho<\/figcaption><\/figure> <\/figure>    <p>1. Esta m\u00e1quina cortadora de chatarra de hierro se utiliza principalmente en la industria de reciclaje y procesamiento de materiales de desecho. Acer\u00edas peque\u00f1as y medianas que cortan en fr\u00edo chatarra con diversas formas de secci\u00f3n transversal, como acero redondo, acero cuadrado, canal de acero, \u00e1ngulo de acero, viga en I, placa de acero, tuber\u00eda de acero, etc.<\/p>    <p>2. Esta m\u00e1quina cortadora de chatarra de hierro tiene funciones manuales y autom\u00e1ticas. El control de operaci\u00f3n es conveniente y simple, y las tijeras se pueden cortar y detener en cualquier posici\u00f3n durante el proceso de trabajo. y seg\u00fan<\/p>    <p>3. Adopta un accionamiento hidr\u00e1ulico, que es f\u00e1cil de operar y mantener.<\/p>    <p>4. En comparaci\u00f3n con la m\u00e1quina cizalla de transmisi\u00f3n mec\u00e1nica, tiene las ventajas de tama\u00f1o peque\u00f1o, peso ligero, baja inercia, bajo nivel de ruido, acci\u00f3n estable, operaci\u00f3n conveniente, flexibilidad, secci\u00f3n de corte grande y ajuste conveniente de las tijeras. Es seguro de operar y f\u00e1cil de implementar. Protecci\u00f3n de sobrecarga.<\/p>    <figure class=\"wp-block-embed is-type-video is-provider-youtube wp-block-embed-youtube wp-embed-aspect-16-9 wp-has-aspect-ratio\"><div class=\"wp-block-embed__wrapper\"> <iframe loading=\"lazy\" title=\"Cizalla hidr\u00e1ulica para chatarra | cizalla de chatarra | cortadora de chatarra de hierro\" width=\"500\" height=\"281\" src=\"https:\/\/www.youtube.com\/embed\/B3-xPveJGvw?feature=oembed\" frameborder=\"0\" allow=\"accelerometer; autoplay; clipboard-write; encrypted-media; gyroscope; picture-in-picture; web-share\" referrerpolicy=\"strict-origin-when-cross-origin\" allowfullscreen><\/iframe> <\/div><\/figure>    <h2 class=\"wp-block-heading\">Par\u00e1metro de la m\u00e1quina cortadora de placas de desecho<\/h2>    <figure class=\"wp-block-image size-full\"><img loading=\"lazy\" decoding=\"async\" width=\"720\" height=\"540\" src=\"https:\/\/shuliybaler.com\/wp-content\/uploads\/2022\/11\/hydraulic-metal-shearing-equipment.webp\" alt=\"equipo hidr\u00e1ulico de corte de metales\" class=\"wp-image-2911\" title=\"\" srcset=\"https:\/\/shuliybaler.com\/wp-content\/uploads\/2022\/11\/hydraulic-metal-shearing-equipment.webp 720w, https:\/\/shuliybaler.com\/wp-content\/uploads\/2022\/11\/hydraulic-metal-shearing-equipment-360x270.webp 360w, https:\/\/shuliybaler.com\/wp-content\/uploads\/2022\/11\/hydraulic-metal-shearing-equipment-180x135.webp 180w\" sizes=\"auto, (max-width: 720px) 100vw, 720px\" \/><figcaption class=\"wp-element-caption\">Equipo hidr\u00e1ulico de corte de metales<\/figcaption><\/figure>    <figure class=\"wp-block-table\"><table><tbody><tr><td>Presi\u00f3n del equipo<\/td><td>2500kn<\/td><\/tr><tr><td>Presi\u00f3n del sistema<\/td><td>25mpa<\/td><\/tr><tr><td>Tama\u00f1o de la hoja<\/td><td>1000 mm<\/td><\/tr><tr><td>Fuerza de motor<\/td><td>22kv<\/td><\/tr><tr><td>Capacidad del buz\u00f3n<\/td><td>360L<\/td><\/tr><tr><td>tiempos de corte <\/td><td>4-8<\/td><\/tr><tr><td>Tama\u00f1o de la m\u00e1quina de corte<\/td><td>2000*1200*2100<\/td><\/tr><\/tbody><\/table><figcaption class=\"wp-element-caption\">Cizalla de placas de desecho<\/figcaption><\/figure>    <h2 class=\"wp-block-heading\">\u00bfC\u00f3mo funciona la m\u00e1quina cortadora de placas de desecho?<\/h2>    <figure class=\"wp-block-gallery has-nested-images columns-default is-cropped wp-block-gallery-3 is-layout-flex wp-block-gallery-is-layout-flex\"> <figure class=\"wp-block-image size-large\"><img loading=\"lazy\" decoding=\"async\" width=\"720\" height=\"540\" data-id=\"2913\" src=\"https:\/\/shuliybaler.com\/wp-content\/uploads\/2022\/11\/hydraulic-metal-shearing-equipment-2.webp\" alt=\"equipo hidr\u00e1ulico de corte de metales\" class=\"wp-image-2913\" title=\"\" srcset=\"https:\/\/shuliybaler.com\/wp-content\/uploads\/2022\/11\/hydraulic-metal-shearing-equipment-2.webp 720w, https:\/\/shuliybaler.com\/wp-content\/uploads\/2022\/11\/hydraulic-metal-shearing-equipment-2-360x270.webp 360w, https:\/\/shuliybaler.com\/wp-content\/uploads\/2022\/11\/hydraulic-metal-shearing-equipment-2-180x135.webp 180w\" sizes=\"auto, (max-width: 720px) 100vw, 720px\" \/><figcaption class=\"wp-element-caption\">Equipo hidr\u00e1ulico de corte de metales<\/figcaption><\/figure>    <figure class=\"wp-block-image size-large\"><img loading=\"lazy\" decoding=\"async\" width=\"720\" height=\"540\" data-id=\"2914\" src=\"https:\/\/shuliybaler.com\/wp-content\/uploads\/2022\/11\/hydraulic-metal-shearing-equipment-3.webp\" alt=\"equipo hidr\u00e1ulico de corte de metales\" class=\"wp-image-2914\" title=\"\" srcset=\"https:\/\/shuliybaler.com\/wp-content\/uploads\/2022\/11\/hydraulic-metal-shearing-equipment-3.webp 720w, https:\/\/shuliybaler.com\/wp-content\/uploads\/2022\/11\/hydraulic-metal-shearing-equipment-3-360x270.webp 360w, https:\/\/shuliybaler.com\/wp-content\/uploads\/2022\/11\/hydraulic-metal-shearing-equipment-3-180x135.webp 180w\" sizes=\"auto, (max-width: 720px) 100vw, 720px\" \/><figcaption class=\"wp-element-caption\">Equipo hidr\u00e1ulico de corte de metales<\/figcaption><\/figure>    <figure class=\"wp-block-image size-large\"><img loading=\"lazy\" decoding=\"async\" width=\"720\" height=\"540\" data-id=\"2915\" src=\"https:\/\/shuliybaler.com\/wp-content\/uploads\/2022\/11\/metal-shearing-equipment.webp\" alt=\"equipo hidr\u00e1ulico de corte de metales\" class=\"wp-image-2915\" title=\"\" srcset=\"https:\/\/shuliybaler.com\/wp-content\/uploads\/2022\/11\/metal-shearing-equipment.webp 720w, https:\/\/shuliybaler.com\/wp-content\/uploads\/2022\/11\/metal-shearing-equipment-360x270.webp 360w, https:\/\/shuliybaler.com\/wp-content\/uploads\/2022\/11\/metal-shearing-equipment-180x135.webp 180w\" sizes=\"auto, (max-width: 720px) 100vw, 720px\" \/><figcaption class=\"wp-element-caption\">Equipo hidr\u00e1ulico de corte de metales<\/figcaption><\/figure>    <figure class=\"wp-block-image size-large\"><img loading=\"lazy\" decoding=\"async\" width=\"720\" height=\"540\" data-id=\"2912\" src=\"https:\/\/shuliybaler.com\/wp-content\/uploads\/2022\/11\/hydraulic-metal-shearing-equipment-1.webp\" alt=\"equipo hidr\u00e1ulico de corte de metales\" class=\"wp-image-2912\" title=\"\" srcset=\"https:\/\/shuliybaler.com\/wp-content\/uploads\/2022\/11\/hydraulic-metal-shearing-equipment-1.webp 720w, https:\/\/shuliybaler.com\/wp-content\/uploads\/2022\/11\/hydraulic-metal-shearing-equipment-1-360x270.webp 360w, https:\/\/shuliybaler.com\/wp-content\/uploads\/2022\/11\/hydraulic-metal-shearing-equipment-1-180x135.webp 180w\" sizes=\"auto, (max-width: 720px) 100vw, 720px\" \/><figcaption class=\"wp-element-caption\">Equipo hidr\u00e1ulico de corte de metales<\/figcaption><\/figure> <\/figure>    <p>En comparaci\u00f3n con la m\u00e1quina cizalla de transmisi\u00f3n mec\u00e1nica, tiene las ventajas de tama\u00f1o peque\u00f1o, peso ligero, baja inercia, bajo nivel de ruido, acci\u00f3n estable, operaci\u00f3n conveniente, flexibilidad, secci\u00f3n de corte grande y ajuste conveniente de las tijeras. Es seguro de operar y usar, y es f\u00e1cil lograr protecci\u00f3n contra sobrecargas.<\/p>","protected":false},"excerpt":{"rendered":"<p>La m\u00e1quina cortadora de placas de desecho es un tipo de equipo hidr\u00e1ulico de corte de metales. La apariencia es similar a la cabeza de tigre, por lo que tambi\u00e9n se la llama cizalla de cabeza de tigre. Las tijeras con cabeza de tigre tienen la misma funci\u00f3n que las m\u00e1quinas cizallas de acero de cocodrilo y son adecuadas para plantas de procesamiento y reciclaje de metales, patios de desmantelamiento de autom\u00f3viles, industrias de fundici\u00f3n y fundici\u00f3n, y corte y corte en fr\u00edo de diversas formas de acero y diversos materiales met\u00e1licos.<\/p>","protected":false},"author":1,"featured_media":2907,"parent":0,"template":"","tags":[37],"product-type":[43],"class_list":["post-2905","product","type-product","status-publish","has-post-thumbnail","hentry","tag-scrap-metal-shear-machine","product-type-metal-shear"],"_links":{"self":[{"href":"https:\/\/shuliybaler.com\/es\/wp-json\/wp\/v2\/product\/2905","targetHints":{"allow":["GET"]}}],"collection":[{"href":"https:\/\/shuliybaler.com\/es\/wp-json\/wp\/v2\/product"}],"about":[{"href":"https:\/\/shuliybaler.com\/es\/wp-json\/wp\/v2\/types\/product"}],"author":[{"embeddable":true,"href":"https:\/\/shuliybaler.com\/es\/wp-json\/wp\/v2\/users\/1"}],"wp:featuredmedia":[{"embeddable":true,"href":"https:\/\/shuliybaler.com\/es\/wp-json\/wp\/v2\/media\/2907"}],"wp:attachment":[{"href":"https:\/\/shuliybaler.com\/es\/wp-json\/wp\/v2\/media?parent=2905"}],"wp:term":[{"taxonomy":"post_tag","embeddable":true,"href":"https:\/\/shuliybaler.com\/es\/wp-json\/wp\/v2\/tags?post=2905"},{"taxonomy":"product-type","embeddable":true,"href":"https:\/\/shuliybaler.com\/es\/wp-json\/wp\/v2\/product-type?post=2905"}],"curies":[{"name":"wp","href":"https:\/\/api.w.org\/{rel}","templated":true}]}}