{"id":2916,"date":"2022-11-16T18:06:03","date_gmt":"2022-11-16T10:06:03","guid":{"rendered":"https:\/\/shuliybaler.com\/?post_type=product&#038;p=2916"},"modified":"2022-12-13T11:34:27","modified_gmt":"2022-12-13T03:34:27","slug":"steel-drum-shredder","status":"publish","type":"product","link":"https:\/\/shuliybaler.com\/es\/product\/trituradora-de-tambor-de-acero\/","title":{"rendered":"Trituradora de tambor de acero | trituradora de barriles de acero"},"content":{"rendered":"<p class=\"translation-block\">El triturador de tambores de acero tambi\u00e9n se llama triturador de doble eje. Este <a href=\"https:\/\/shuliybaler.com\/es\/product\/maquina-trituradora-de-chatarra\/\" data-type=\"URL\" data-id=\"https:\/\/shuliybaler.com\/product\/scrap-metal-shredder-machine\/\">triturador de tambores de acero<\/a> puede triturar neum\u00e1ticos, metales, acero chatarra, coches chatarra, etc. El <a href=\"https:\/\/www.greif.com\/steel-drums\/\" data-type=\"URL\" data-id=\"https:\/\/www.greif.com\/steel-drums\/\" target=\"_blank\" rel=\"noopener\">triturador de tambores de acero<\/a> corta, tritura, exprime, etc. Reducido en tama\u00f1o. El triturador de tambores de hierro es una m\u00e1quina muy importante en el equipo de reciclaje de protecci\u00f3n ambiental. La cuchilla de la m\u00e1quina tiene alta dureza, un amplio rango de uso y bajo ruido. Bajo consumo de energ\u00eda.<\/p>    <figure class=\"wp-block-image size-full\"><img loading=\"lazy\" decoding=\"async\" width=\"720\" height=\"540\" src=\"https:\/\/shuliybaler.com\/wp-content\/uploads\/2022\/11\/steel-drum-shredder-1.jpg\" alt=\"trituradora de tambor de acero\" class=\"wp-image-2922\" title=\"\" srcset=\"https:\/\/shuliybaler.com\/wp-content\/uploads\/2022\/11\/steel-drum-shredder-1.jpg 720w, https:\/\/shuliybaler.com\/wp-content\/uploads\/2022\/11\/steel-drum-shredder-1-360x270.jpg 360w, https:\/\/shuliybaler.com\/wp-content\/uploads\/2022\/11\/steel-drum-shredder-1-180x135.jpg 180w\" sizes=\"auto, (max-width: 720px) 100vw, 720px\" \/><figcaption class=\"wp-element-caption\">Trituradora de tambor de acero<\/figcaption><\/figure>    <h2 class=\"wp-block-heading\">\u00c1mbito de aplicaci\u00f3n de la trituradora de tambor de acero.<\/h2>    <figure class=\"wp-block-image size-full\"><img loading=\"lazy\" decoding=\"async\" width=\"720\" height=\"540\" src=\"https:\/\/shuliybaler.com\/wp-content\/uploads\/2022\/11\/application-of-steel-drum-shredder.jpg\" alt=\"aplicaci\u00f3n de trituradora de tambor de acero\" class=\"wp-image-2923\" title=\"\" srcset=\"https:\/\/shuliybaler.com\/wp-content\/uploads\/2022\/11\/application-of-steel-drum-shredder.jpg 720w, https:\/\/shuliybaler.com\/wp-content\/uploads\/2022\/11\/application-of-steel-drum-shredder-360x270.jpg 360w, https:\/\/shuliybaler.com\/wp-content\/uploads\/2022\/11\/application-of-steel-drum-shredder-180x135.jpg 180w\" sizes=\"auto, (max-width: 720px) 100vw, 720px\" \/><figcaption class=\"wp-element-caption\">Aplicaci\u00f3n de trituradora de tambor de acero<\/figcaption><\/figure>    <p class=\"translation-block\"><strong>Metales<\/strong>: latas, latas de metal, bicicletas de hierro, carcasas de coches<\/p>    <p class=\"translation-block\"><strong>Madera<\/strong>: muebles en desuso, ramas, troncos, desperdicios de madera, palets de madera, madera maciza,<\/p>    <p>Caucho: neum\u00e1ticos usados, cintas, industria de mangueras, productos de caucho,<\/p>    <p>Pl\u00e1sticos, pel\u00edculas pl\u00e1sticas, bolsas de pl\u00e1stico, bolsas tejidas, botellas de pl\u00e1stico,<\/p>    <p>Tipo de tuber\u00eda: tuber\u00eda de pl\u00e1stico, tuber\u00eda de PE, tuber\u00eda de aluminio met\u00e1lico,<\/p>    <figure class=\"wp-block-image size-full\"><img loading=\"lazy\" decoding=\"async\" width=\"720\" height=\"540\" src=\"https:\/\/shuliybaler.com\/wp-content\/uploads\/2022\/11\/steel-barrels-crusher.jpg\" alt=\"trituradora de barriles de acero\" class=\"wp-image-2925\" title=\"\" srcset=\"https:\/\/shuliybaler.com\/wp-content\/uploads\/2022\/11\/steel-barrels-crusher.jpg 720w, https:\/\/shuliybaler.com\/wp-content\/uploads\/2022\/11\/steel-barrels-crusher-360x270.jpg 360w, https:\/\/shuliybaler.com\/wp-content\/uploads\/2022\/11\/steel-barrels-crusher-180x135.jpg 180w\" sizes=\"auto, (max-width: 720px) 100vw, 720px\" \/><figcaption class=\"wp-element-caption\">Trituradora de barriles de acero<\/figcaption><\/figure>    <p>Embalaje: bolsas tejidas, bolsas de pl\u00e1stico, recepci\u00f3n de basura,<\/p>    <p>Electr\u00f3nica: placas de circuitos de refrigeradores, carcasas para port\u00e1tiles, carcasas para televisores.<\/p>    <p>Papel: libros y peri\u00f3dicos antiguos, revistas, papel para fotocopias,<\/p>    <p>Carne: huesos de cerdo, caldo de res,<\/p>    <p>Vidrio: tubos de luz, vasos de vidrio, botellas de vidrio.<\/p>    <h2 class=\"wp-block-heading\">El papel de la trituradora de tambor de acero.<\/h2>    <figure class=\"wp-block-image size-full\"><img loading=\"lazy\" decoding=\"async\" width=\"720\" height=\"540\" src=\"https:\/\/shuliybaler.com\/wp-content\/uploads\/2022\/11\/steel-drum-shredder-2.jpg\" alt=\"trituradora de tambor de acero\" class=\"wp-image-2924\" title=\"\" srcset=\"https:\/\/shuliybaler.com\/wp-content\/uploads\/2022\/11\/steel-drum-shredder-2.jpg 720w, https:\/\/shuliybaler.com\/wp-content\/uploads\/2022\/11\/steel-drum-shredder-2-360x270.jpg 360w, https:\/\/shuliybaler.com\/wp-content\/uploads\/2022\/11\/steel-drum-shredder-2-180x135.jpg 180w\" sizes=\"auto, (max-width: 720px) 100vw, 720px\" \/><figcaption class=\"wp-element-caption\">Trituradora de tambor de acero<\/figcaption><\/figure>    <p>La funci\u00f3n principal de la trituradora de barriles de hierro es triturar el material, que generalmente se utiliza para procesar materias primas o desechos sin procesar. El tama\u00f1o del per\u00edodo se vuelve m\u00e1s peque\u00f1o. Por ejemplo, las botellas de pl\u00e1stico se trituran, los neum\u00e1ticos se trituran y luego se funden en gr\u00e1nulos, se utilizan como materia prima y se reciclan. Esta trituradora de barriles de hierro tambi\u00e9n se utiliza a menudo para triturar barriles de hierro de desecho y luego reciclarlos para crear valor econ\u00f3mico.<\/p>    <figure class=\"wp-block-image size-full\"><img loading=\"lazy\" decoding=\"async\" width=\"720\" height=\"540\" src=\"https:\/\/shuliybaler.com\/wp-content\/uploads\/2022\/11\/steel-drum-shredder-2-1.jpg\" alt=\"trituradora de tambor de acero\" class=\"wp-image-2929\" title=\"\" srcset=\"https:\/\/shuliybaler.com\/wp-content\/uploads\/2022\/11\/steel-drum-shredder-2-1.jpg 720w, https:\/\/shuliybaler.com\/wp-content\/uploads\/2022\/11\/steel-drum-shredder-2-1-360x270.jpg 360w, https:\/\/shuliybaler.com\/wp-content\/uploads\/2022\/11\/steel-drum-shredder-2-1-180x135.jpg 180w\" sizes=\"auto, (max-width: 720px) 100vw, 720px\" \/><figcaption class=\"wp-element-caption\">Trituradora de tambor de acero<\/figcaption><\/figure>    <h2 class=\"wp-block-heading\">Componentes de una trituradora de barriles de acero.<\/h2>    <figure class=\"wp-block-gallery has-nested-images columns-default is-cropped wp-block-gallery-2 is-layout-flex wp-block-gallery-is-layout-flex\"> <figure class=\"wp-block-image size-large\"><img loading=\"lazy\" decoding=\"async\" width=\"720\" height=\"540\" data-id=\"2918\" src=\"https:\/\/shuliybaler.com\/wp-content\/uploads\/2022\/11\/steel-barrels-crusher-knife.jpg\" alt=\"cuchillo trituradora de barriles de acero\" class=\"wp-image-2918\" title=\"\" srcset=\"https:\/\/shuliybaler.com\/wp-content\/uploads\/2022\/11\/steel-barrels-crusher-knife.jpg 720w, https:\/\/shuliybaler.com\/wp-content\/uploads\/2022\/11\/steel-barrels-crusher-knife-360x270.jpg 360w, https:\/\/shuliybaler.com\/wp-content\/uploads\/2022\/11\/steel-barrels-crusher-knife-180x135.jpg 180w\" sizes=\"auto, (max-width: 720px) 100vw, 720px\" \/><figcaption class=\"wp-element-caption\">Cuchillo triturador de barriles de acero<\/figcaption><\/figure>    <figure class=\"wp-block-image size-large\"><img loading=\"lazy\" decoding=\"async\" width=\"720\" height=\"540\" data-id=\"2919\" src=\"https:\/\/shuliybaler.com\/wp-content\/uploads\/2022\/11\/machine-bearing.jpg\" alt=\"trituradora de barriles de acero\" class=\"wp-image-2919\" title=\"\" srcset=\"https:\/\/shuliybaler.com\/wp-content\/uploads\/2022\/11\/machine-bearing.jpg 720w, https:\/\/shuliybaler.com\/wp-content\/uploads\/2022\/11\/machine-bearing-360x270.jpg 360w, https:\/\/shuliybaler.com\/wp-content\/uploads\/2022\/11\/machine-bearing-180x135.jpg 180w\" sizes=\"auto, (max-width: 720px) 100vw, 720px\" \/><figcaption class=\"wp-element-caption\">Rodamiento de trituradora de barriles de acero<\/figcaption><\/figure>    <figure class=\"wp-block-image size-large\"><img loading=\"lazy\" decoding=\"async\" width=\"720\" height=\"540\" data-id=\"2920\" src=\"https:\/\/shuliybaler.com\/wp-content\/uploads\/2022\/11\/steel-barrels-crusher-details.jpg\" alt=\"detalles de la trituradora de barriles de acero\" class=\"wp-image-2920\" title=\"\" srcset=\"https:\/\/shuliybaler.com\/wp-content\/uploads\/2022\/11\/steel-barrels-crusher-details.jpg 720w, https:\/\/shuliybaler.com\/wp-content\/uploads\/2022\/11\/steel-barrels-crusher-details-360x270.jpg 360w, https:\/\/shuliybaler.com\/wp-content\/uploads\/2022\/11\/steel-barrels-crusher-details-180x135.jpg 180w\" sizes=\"auto, (max-width: 720px) 100vw, 720px\" \/><figcaption class=\"wp-element-caption\">Detalles de la trituradora de barriles de acero<\/figcaption><\/figure> <\/figure>    <p>La trituradora de doble eje es un tipo de equipo mec\u00e1nico de trituraci\u00f3n de residuos s\u00f3lidos. Se compone principalmente de un husillo de cuchilla, una cuchilla fija, una caja de carga, una caja, un soporte, un sistema de alimentaci\u00f3n, un sistema de propulsi\u00f3n hidr\u00e1ulica, un sistema de potencia y un sistema de control del motor. El material ingresa desde la parte superior de la m\u00e1quina, pasa a trav\u00e9s de la cuchilla y los trozos de hierro triturados del tambor salen desde la parte inferior de la m\u00e1quina. Se puede colocar una cinta transportadora debajo de la m\u00e1quina para realizar un procesamiento completamente autom\u00e1tico.<\/p>    <figure class=\"wp-block-embed is-type-video is-provider-youtube wp-block-embed-youtube wp-embed-aspect-16-9 wp-has-aspect-ratio\"><div class=\"wp-block-embed__wrapper\"> <iframe loading=\"lazy\" title=\"\u00bfQu\u00e9 m\u00e1quina trituradora de metal puede aplastar cualquier cosa?| m\u00e1quina trituradora de chatarra | trituradora de chatarra\" width=\"500\" height=\"281\" src=\"https:\/\/www.youtube.com\/embed\/Vk_1d0oict8?feature=oembed\" frameborder=\"0\" allow=\"accelerometer; autoplay; clipboard-write; encrypted-media; gyroscope; picture-in-picture; web-share\" referrerpolicy=\"strict-origin-when-cross-origin\" allowfullscreen><\/iframe> <\/div><figcaption class=\"wp-element-caption\">V\u00eddeo de trituradora de tambor de acero<\/figcaption><\/figure>    <h2 class=\"wp-block-heading\">Ventajas de la trituradora de tambor de acero<\/h2>    <figure class=\"wp-block-image size-full\"><img loading=\"lazy\" decoding=\"async\" width=\"720\" height=\"540\" src=\"https:\/\/shuliybaler.com\/wp-content\/uploads\/2022\/11\/steel-drum-shredder.jpg\" alt=\"trituradora de tambor de acero\" class=\"wp-image-2921\" title=\"\" srcset=\"https:\/\/shuliybaler.com\/wp-content\/uploads\/2022\/11\/steel-drum-shredder.jpg 720w, https:\/\/shuliybaler.com\/wp-content\/uploads\/2022\/11\/steel-drum-shredder-360x270.jpg 360w, https:\/\/shuliybaler.com\/wp-content\/uploads\/2022\/11\/steel-drum-shredder-180x135.jpg 180w\" sizes=\"auto, (max-width: 720px) 100vw, 720px\" \/><figcaption class=\"wp-element-caption\">Trituradora de tambor de acero<\/figcaption><\/figure>    <p>1. Todo est\u00e1 guiado, lo que garantiza una alta resistencia mec\u00e1nica y precisi\u00f3n de procesamiento, prolonga la vida \u00fatil del equipo y ahorra costos de mantenimiento.<\/p>    <p>2. Tecnolog\u00eda de cuchilla fija desmontable independiente, cada cuchilla fija se puede desmontar e instalar de forma independiente. Se puede desmontar en poco tiempo y rapidez, lo que reduce la carga de trabajo manual y mejora la continuidad normal.<\/p>    <p>3. Personalizaci\u00f3n de herramientas. El cortador se puede reemplazar para controlar la finura del material triturado de la trituradora de tambor de acero. Realizar una producci\u00f3n de m\u00e1quinas controlable.<\/p>    <figure class=\"wp-block-gallery has-nested-images columns-default is-cropped wp-block-gallery-3 is-layout-flex wp-block-gallery-is-layout-flex\"> <figure class=\"wp-block-image size-large\"><img loading=\"lazy\" decoding=\"async\" width=\"720\" height=\"540\" data-id=\"2926\" src=\"https:\/\/shuliybaler.com\/wp-content\/uploads\/2022\/11\/steel-barrels-crusher-1.jpg\" alt=\"trituradora de barriles de acero\" class=\"wp-image-2926\" title=\"\" srcset=\"https:\/\/shuliybaler.com\/wp-content\/uploads\/2022\/11\/steel-barrels-crusher-1.jpg 720w, https:\/\/shuliybaler.com\/wp-content\/uploads\/2022\/11\/steel-barrels-crusher-1-360x270.jpg 360w, https:\/\/shuliybaler.com\/wp-content\/uploads\/2022\/11\/steel-barrels-crusher-1-180x135.jpg 180w\" sizes=\"auto, (max-width: 720px) 100vw, 720px\" \/><figcaption class=\"wp-element-caption\">Trituradora de barriles de acero<\/figcaption><\/figure>    <figure class=\"wp-block-image size-large\"><img loading=\"lazy\" decoding=\"async\" width=\"720\" height=\"540\" data-id=\"2927\" src=\"https:\/\/shuliybaler.com\/wp-content\/uploads\/2022\/11\/steel-barrels-crusher-2.jpg\" alt=\"trituradora de barriles de acero\" class=\"wp-image-2927\" title=\"\" srcset=\"https:\/\/shuliybaler.com\/wp-content\/uploads\/2022\/11\/steel-barrels-crusher-2.jpg 720w, https:\/\/shuliybaler.com\/wp-content\/uploads\/2022\/11\/steel-barrels-crusher-2-360x270.jpg 360w, https:\/\/shuliybaler.com\/wp-content\/uploads\/2022\/11\/steel-barrels-crusher-2-180x135.jpg 180w\" sizes=\"auto, (max-width: 720px) 100vw, 720px\" \/><figcaption class=\"wp-element-caption\">Trituradora de barriles de acero<\/figcaption><\/figure>    <figure class=\"wp-block-image size-large\"><img loading=\"lazy\" decoding=\"async\" width=\"720\" height=\"540\" data-id=\"2928\" src=\"https:\/\/shuliybaler.com\/wp-content\/uploads\/2022\/11\/steel-barrels-crusher-3.jpg\" alt=\"trituradora de barriles de acero\" class=\"wp-image-2928\" title=\"\" srcset=\"https:\/\/shuliybaler.com\/wp-content\/uploads\/2022\/11\/steel-barrels-crusher-3.jpg 720w, https:\/\/shuliybaler.com\/wp-content\/uploads\/2022\/11\/steel-barrels-crusher-3-360x270.jpg 360w, https:\/\/shuliybaler.com\/wp-content\/uploads\/2022\/11\/steel-barrels-crusher-3-180x135.jpg 180w\" sizes=\"auto, (max-width: 720px) 100vw, 720px\" \/><figcaption class=\"wp-element-caption\">Trituradora de barriles de acero<\/figcaption><\/figure> <\/figure>","protected":false},"excerpt":{"rendered":"<p>La trituradora de tambor de acero tambi\u00e9n se llama trituradora de doble eje. Esta trituradora de barriles de acero puede triturar neum\u00e1ticos, metales, chatarra de acero, chatarra de autom\u00f3viles, etc. La trituradora de barriles de acero corta, tritura, exprime, etc. <\/p>","protected":false},"author":1,"featured_media":2917,"parent":0,"template":"","meta":{"product_tpl_data":{"subtitle":"","param_summary":"","model_summary_title":"","model_summary":"","model_series":[],"finished_product_title":"","raw_materials_title":"","process_title":"","endsummary":""},"product_extra_property":[{"pname":"materials","pvalue":"Steel drum"},{"pname":"Model","pvalue":"1400"},{"pname":"Power (kW)","pvalue":"45*2"},{"pname":"Output ","pvalue":"8-10t\/h"},{"pname":"Blades quantity (pcs)","pvalue":"40"},{"pname":"Product Size","pvalue":"Depends on the number of knives"}],"product_extra_image":""},"tags":[],"product-type":[46],"class_list":["post-2916","product","type-product","status-publish","has-post-thumbnail","hentry","product-type-metal-shredder"],"light_meta":{"rank_math_seo_score":"83","rank_math_focus_keyword":"steel drum shredder","product_tpl_data":{"subtitle":"","param_summary":"","model_summary_title":"","model_summary":"","model_series":"","finished_product_title":"","raw_materials_title":"","process_title":"","endsummary":""},"rank_math_description":"The steel drum shredder is also called a double-shaft shredder. This steel barrels crusher can crush tires, metals, scrap steel, scrap cars, etc. ","rank_math_title":"Steel drum shredder","rank_math_analytic_object_id":"53","_oembed_ba07ccf54ed06e81cfb7a692516af633":"<iframe title=\"what metal crushing machine can crush anything\uff1f| scrap metal shredder machine  | scrap crusher\" width=\"500\" height=\"281\" src=\"https:\/\/www.youtube.com\/embed\/Vk_1d0oict8?feature=oembed\" frameborder=\"0\" allow=\"accelerometer; autoplay; clipboard-write; encrypted-media; gyroscope; picture-in-picture\" allowfullscreen><\/iframe>","_oembed_time_ba07ccf54ed06e81cfb7a692516af633":"1668674319","rank_math_schema_VideoObject":{"@type":"VideoObject","metadata":{"title":"Video","type":"template","shortcode":"s-6375f30fc0692","isPrimary":true,"reviewLocationShortcode":"[rank_math_rich_snippet]","category":"%categories%","tags":"%tags%","isAutoGenerated":true},"name":"\u00bfQu\u00e9 m\u00e1quina trituradora de metal puede aplastar cualquier cosa?| m\u00e1quina trituradora de chatarra | trituradora de chatarra","description":"#metalshredder #crushingmachine https:\/\/shuliybaler.com\/product\/scrap-metal-shredder-machine\/Whatsapp\/Tel\/Wechat:+86 17329325832Email:info@shuliybaler.com\ud83d\ude0aC...","uploadDate":"2022-09-14","thumbnailUrl":"https:\/\/shuliybaler.com\/wp-content\/uploads\/2022\/11\/hqdefault-2.jpg","embedUrl":"https:\/\/www.youtube.com\/embed\/Vk_1d0oict8","contentUrl":"","duration":"PT2M37S","width":"1280","height":"720","isFamilyFriendly":true},"product_extra_property":[{"pname":"materials","pvalue":"Steel drum"},{"pname":"Model","pvalue":"1400"},{"pname":"Power (kW)","pvalue":"45*2"},{"pname":"Output ","pvalue":"8-10t\/h"},{"pname":"Blades quantity (pcs)","pvalue":"40"},{"pname":"Product Size","pvalue":"Depends on the number of knives"}],"_trp_automatically_translated_slug_ar":"\u062a\u0642\u0637\u064a\u0639-\u0637\u0628\u0644-\u0627\u0644\u0635\u0644\u0628","_trp_automatically_translated_slug_es_ES":"trituradora-de-tambor-de-acero","_trp_automatically_translated_slug_fr_FR":"broyeur-a-tambour-en-acier","_oembed_95d74a66f5a4092740e442d676dd1ce1":"<iframe title=\"what metal crushing machine can crush anything\uff1f| scrap metal shredder machine  | scrap crusher\" width=\"500\" height=\"281\" src=\"https:\/\/www.youtube.com\/embed\/Vk_1d0oict8?feature=oembed\" frameborder=\"0\" allow=\"accelerometer; autoplay; clipboard-write; encrypted-media; gyroscope; picture-in-picture; web-share\" referrerpolicy=\"strict-origin-when-cross-origin\" allowfullscreen><\/iframe>","_oembed_time_95d74a66f5a4092740e442d676dd1ce1":"1712718405","rank_math_internal_links_processed":"1"},"seo_meta":{"title":"Trituradora de tambor de acero","description":"La trituradora de tambor de acero tambi\u00e9n se llama trituradora de doble eje. Esta trituradora de barriles de acero puede triturar neum\u00e1ticos, metales, chatarra de acero, chatarra de autom\u00f3viles, etc.","focusKeyword":"steel drum shredder","canonicalUrl":"https:\/\/shuliybaler.com\/es\/product\/trituradora-de-tambor-de-acero\/","robots":["index","follow"],"ogTitle":"Steel drum shredder","ogDescription":"The steel drum shredder is also called a double-shaft shredder. This steel barrels crusher can crush tires, metals, scrap steel, scrap cars, etc. ","ogImage":"https:\/\/shuliybaler.com\/wp-content\/uploads\/2022\/11\/Steel-drum-shredder.jpg","twitterTitle":"Steel drum shredder","twitterDescription":"The steel drum shredder is also called a double-shaft shredder. This steel barrels crusher can crush tires, metals, scrap steel, scrap cars, etc. ","twitterImage":"https:\/\/shuliybaler.com\/wp-content\/uploads\/2022\/11\/Steel-drum-shredder.jpg","primaryCategory":0,"seoScore":83,"schemas":{"VideoObject":{"type":"VideoObject","data":{"@type":"VideoObject","metadata":{"title":"Video","type":"template","shortcode":"s-6375f30fc0692","isPrimary":true,"reviewLocationShortcode":"[rank_math_rich_snippet]","category":"%categories%","tags":"%tags%","isAutoGenerated":true},"name":"\u00bfQu\u00e9 m\u00e1quina trituradora de metal puede aplastar cualquier cosa?| m\u00e1quina trituradora de chatarra | trituradora de chatarra","description":"#metalshredder #crushingmachine https:\/\/shuliybaler.com\/product\/scrap-metal-shredder-machine\/Whatsapp\/Tel\/Wechat:+86 17329325832Email:info@shuliybaler.com\ud83d\ude0aC...","uploadDate":"2022-09-14","thumbnailUrl":"https:\/\/shuliybaler.com\/wp-content\/uploads\/2022\/11\/hqdefault-2.jpg","embedUrl":"https:\/\/www.youtube.com\/embed\/Vk_1d0oict8","contentUrl":"","duration":"PT2M37S","width":"1280","height":"720","isFamilyFriendly":true}}},"source":"rank_math"},"_links":{"self":[{"href":"https:\/\/shuliybaler.com\/es\/wp-json\/wp\/v2\/product\/2916","targetHints":{"allow":["GET"]}}],"collection":[{"href":"https:\/\/shuliybaler.com\/es\/wp-json\/wp\/v2\/product"}],"about":[{"href":"https:\/\/shuliybaler.com\/es\/wp-json\/wp\/v2\/types\/product"}],"author":[{"embeddable":true,"href":"https:\/\/shuliybaler.com\/es\/wp-json\/wp\/v2\/users\/1"}],"wp:featuredmedia":[{"embeddable":true,"href":"https:\/\/shuliybaler.com\/es\/wp-json\/wp\/v2\/media\/2917"}],"wp:attachment":[{"href":"https:\/\/shuliybaler.com\/es\/wp-json\/wp\/v2\/media?parent=2916"}],"wp:term":[{"taxonomy":"post_tag","embeddable":true,"href":"https:\/\/shuliybaler.com\/es\/wp-json\/wp\/v2\/tags?post=2916"},{"taxonomy":"product-type","embeddable":true,"href":"https:\/\/shuliybaler.com\/es\/wp-json\/wp\/v2\/product-type?post=2916"}],"curies":[{"name":"wp","href":"https:\/\/api.w.org\/{rel}","templated":true}]}}