{"id":2952,"date":"2022-12-01T14:12:42","date_gmt":"2022-12-01T06:12:42","guid":{"rendered":"https:\/\/shuliybaler.com\/?post_type=product&#038;p=2952"},"modified":"2022-12-13T11:30:36","modified_gmt":"2022-12-13T03:30:36","slug":"wood-pallet-shredder-machine","status":"publish","type":"product","link":"https:\/\/shuliybaler.com\/es\/product\/maquina-trituradora-de-paletas-de-madera\/","title":{"rendered":"M\u00e1quina trituradora de paletas de madera | maquina trituradora de paletas de madera"},"content":{"rendered":"<p class=\"translation-block\">This wood pallet shredder machine is a multifunctional shredder, which can shred wooden pallets, iron drums, scrap cars, cartons, and <a href=\"https:\/\/en.wikipedia.org\/wiki\/Tire_recycling\" data-type=\"URL\" data-id=\"https:\/\/en.wikipedia.org\/wiki\/Tire_recycling\" target=\"_blank\" rel=\"noopener\">tires<\/a>, mainly used in the recycling industry, the wood pallet crushing machine is easy to operate and efficient, this <a href=\"https:\/\/shuliybaler.com\/es\/product\/maquina-trituradora-de-chatarra\/\" data-type=\"URL\" data-id=\"https:\/\/shuliybaler.com\/product\/scrap-metal-shredder-machine\/\">wooden pallet shredder<\/a> is also called a double-shaft shredder because the machine has two shafts with knives, it will move in the same direction during work to achieve the effect of crushing materials. This machine is selling very well in United Arab Emirates, Australia, Spain, Pakistan, Macedonia, Algeria, and other countries.<\/p>   <div class=\"wp-block-image\"> <figure class=\"aligncenter size-full\"><img loading=\"lazy\" decoding=\"async\" width=\"720\" height=\"540\" src=\"https:\/\/shuliybaler.com\/wp-content\/uploads\/2022\/12\/wooden-pallet-shredding-machine.webp\" alt=\"trituradora de paletas de madera\" class=\"wp-image-2960\" title=\"\" srcset=\"https:\/\/shuliybaler.com\/wp-content\/uploads\/2022\/12\/wooden-pallet-shredding-machine.webp 720w, https:\/\/shuliybaler.com\/wp-content\/uploads\/2022\/12\/wooden-pallet-shredding-machine-360x270.webp 360w, https:\/\/shuliybaler.com\/wp-content\/uploads\/2022\/12\/wooden-pallet-shredding-machine-180x135.webp 180w\" sizes=\"auto, (max-width: 720px) 100vw, 720px\" \/><figcaption class=\"wp-element-caption\">trituradora de paletas de madera<\/figcaption><\/figure> <\/div>   <h2 class=\"wp-block-heading\">El papel de la m\u00e1quina trituradora de paletas de madera. <\/h2>    <figure class=\"wp-block-gallery has-nested-images columns-default is-cropped wp-block-gallery-2 is-layout-flex wp-block-gallery-is-layout-flex\"> <figure class=\"wp-block-image size-large\"><img loading=\"lazy\" decoding=\"async\" width=\"720\" height=\"540\" data-id=\"2954\" src=\"https:\/\/shuliybaler.com\/wp-content\/uploads\/2022\/12\/wood-pallet.webp\" alt=\"Paleta de madera\" class=\"wp-image-2954\" title=\"\" srcset=\"https:\/\/shuliybaler.com\/wp-content\/uploads\/2022\/12\/wood-pallet.webp 720w, https:\/\/shuliybaler.com\/wp-content\/uploads\/2022\/12\/wood-pallet-360x270.webp 360w, https:\/\/shuliybaler.com\/wp-content\/uploads\/2022\/12\/wood-pallet-180x135.webp 180w\" sizes=\"auto, (max-width: 720px) 100vw, 720px\" \/><figcaption class=\"wp-element-caption\">Paleta de madera<\/figcaption><\/figure>    <figure class=\"wp-block-image size-large\"><img loading=\"lazy\" decoding=\"async\" width=\"720\" height=\"540\" data-id=\"2955\" src=\"https:\/\/shuliybaler.com\/wp-content\/uploads\/2022\/12\/wood-pallet-crushing.webp\" alt=\"trituracion de paletas de madera\" class=\"wp-image-2955\" title=\"\" srcset=\"https:\/\/shuliybaler.com\/wp-content\/uploads\/2022\/12\/wood-pallet-crushing.webp 720w, https:\/\/shuliybaler.com\/wp-content\/uploads\/2022\/12\/wood-pallet-crushing-360x270.webp 360w, https:\/\/shuliybaler.com\/wp-content\/uploads\/2022\/12\/wood-pallet-crushing-180x135.webp 180w\" sizes=\"auto, (max-width: 720px) 100vw, 720px\" \/><figcaption class=\"wp-element-caption\">Trituraci\u00f3n de paletas de madera<\/figcaption><\/figure> <\/figure>    <p>El uso de la m\u00e1quina trituradora de paletas de madera es principalmente para triturar los desechos de paletas de madera. Las paletas de madera trituradas pueden usarse para hacer carb\u00f3n y reutilizarse. Cuando la m\u00e1quina est\u00e1 funcionando, se pueden transportar los clavos y se restan los pasos para sacar los clavos. . Cuando est\u00e9 en uso, coloque la plataforma de madera directamente desde la parte superior de la m\u00e1quina y la m\u00e1quina trituradora podr\u00e1 salir directamente desde la parte inferior de la m\u00e1quina. Se puede colocar una cinta transportadora debajo de la m\u00e1quina para una producci\u00f3n totalmente autom\u00e1tica.<\/p>    <figure class=\"wp-block-embed is-type-video is-provider-youtube wp-block-embed-youtube wp-embed-aspect-16-9 wp-has-aspect-ratio\"><div class=\"wp-block-embed__wrapper\"> <iframe loading=\"lazy\" title=\"M\u00e1quina trituradora de residuos de paletas de madera | trituradora de madera trituradora | trituradora de doble eje\" width=\"500\" height=\"281\" src=\"https:\/\/www.youtube.com\/embed\/QUaXAB-KYM4?start=139&#038;feature=oembed\" frameborder=\"0\" allow=\"accelerometer; autoplay; clipboard-write; encrypted-media; gyroscope; picture-in-picture; web-share\" referrerpolicy=\"strict-origin-when-cross-origin\" allowfullscreen><\/iframe> <\/div><figcaption class=\"wp-element-caption\">m\u00e1quina trituradora de madera <\/figcaption><\/figure>    <h2 class=\"wp-block-heading\">Personalizaci\u00f3n de cuchillas trituradoras de paletas de madera.<\/h2>   <div class=\"wp-block-image\"> <figure class=\"aligncenter size-full\"><img loading=\"lazy\" decoding=\"async\" width=\"720\" height=\"540\" src=\"https:\/\/shuliybaler.com\/wp-content\/uploads\/2022\/12\/Wooden-pallet-shredder-knives.jpg\" alt=\"Cuchillas trituradoras de palets de madera \" class=\"wp-image-2956\" title=\"\" srcset=\"https:\/\/shuliybaler.com\/wp-content\/uploads\/2022\/12\/Wooden-pallet-shredder-knives.jpg 720w, https:\/\/shuliybaler.com\/wp-content\/uploads\/2022\/12\/Wooden-pallet-shredder-knives-360x270.jpg 360w, https:\/\/shuliybaler.com\/wp-content\/uploads\/2022\/12\/Wooden-pallet-shredder-knives-180x135.jpg 180w\" sizes=\"auto, (max-width: 720px) 100vw, 720px\" \/><figcaption class=\"wp-element-caption\">Cuchillas trituradoras de palets de madera <\/figcaption><\/figure> <\/div>   <p>La funci\u00f3n del cortador no es solo triturar la plataforma de madera sino tambi\u00e9n controlar el tama\u00f1o de la plataforma de madera triturada. Si desea que la madera triturada sea m\u00e1s peque\u00f1a, puede agregar m\u00e1s cuchillos; de lo contrario, la paleta de madera ser\u00e1 m\u00e1s grande.<\/p>    <h2 class=\"wp-block-heading\">La estructura de la trituradora de paletas de madera.<\/h2>   <div class=\"wp-block-image\"> <figure class=\"aligncenter size-full\"><img loading=\"lazy\" decoding=\"async\" width=\"720\" height=\"540\" src=\"https:\/\/shuliybaler.com\/wp-content\/uploads\/2022\/12\/wood-pallet-shredder.webp\" alt=\"trituradora de paletas de madera\" class=\"wp-image-2957\" title=\"\" srcset=\"https:\/\/shuliybaler.com\/wp-content\/uploads\/2022\/12\/wood-pallet-shredder.webp 720w, https:\/\/shuliybaler.com\/wp-content\/uploads\/2022\/12\/wood-pallet-shredder-360x270.webp 360w, https:\/\/shuliybaler.com\/wp-content\/uploads\/2022\/12\/wood-pallet-shredder-180x135.webp 180w\" sizes=\"auto, (max-width: 720px) 100vw, 720px\" \/><figcaption class=\"wp-element-caption\">trituradora de paletas de madera<\/figcaption><\/figure> <\/div>   <p class=\"translation-block\">The main structure of the <a href=\"https:\/\/shuliybaler.com\/es\/product\/trituradora-de-tambor-de-acero\/\" data-type=\"URL\" data-id=\"https:\/\/shuliybaler.com\/product\/steel-drum-shredder\/\">double-shaft shredder<\/a> includes shredder blades, gearboxes, transmission components, and electrical boxes. When the wood pallet shredder is in use, the material enters from the top of the machine, and after being crushed by the machine, the wood comes out from the bottom of the machine. A conveyor belt can be connected under the machine so that the sawdust can be transported out automatically, and the wood crushing is more efficient<\/p>    <h2 class=\"wp-block-heading\">Par\u00e1metros de la trituradora de paletas de madera.<\/h2>   <div class=\"wp-block-image\"> <figure class=\"aligncenter size-full\"><img loading=\"lazy\" decoding=\"async\" width=\"720\" height=\"540\" src=\"https:\/\/shuliybaler.com\/wp-content\/uploads\/2022\/12\/wood-pallet-shredder-mahcine.webp\" alt=\"trituradora de paletas de madera\" class=\"wp-image-2958\" title=\"\" srcset=\"https:\/\/shuliybaler.com\/wp-content\/uploads\/2022\/12\/wood-pallet-shredder-mahcine.webp 720w, https:\/\/shuliybaler.com\/wp-content\/uploads\/2022\/12\/wood-pallet-shredder-mahcine-360x270.webp 360w, https:\/\/shuliybaler.com\/wp-content\/uploads\/2022\/12\/wood-pallet-shredder-mahcine-180x135.webp 180w\" sizes=\"auto, (max-width: 720px) 100vw, 720px\" \/><figcaption class=\"wp-element-caption\">m\u00e1quina trituradora de paletas de madera <\/figcaption><\/figure> <\/div>   <figure class=\"wp-block-table\"><table><tbody><tr><td>Modelo<\/td><td>Potencia (kW)<\/td><td>Producci\u00f3n (t\/h)<\/td><td>Cantidad de cuchillas (piezas)<\/td><\/tr><tr><td>400<\/td><td>7.5*2<\/td><td>0.5-1<\/td><td>20<\/td><\/tr><tr><td>600<\/td><td>11*2<\/td><td>1.5-2<\/td><td>30<\/td><\/tr><tr><td>800<\/td><td>18.5*2<\/td><td>2-3<\/td><td>40<\/td><\/tr><tr><td>1000<\/td><td>22*2<\/td><td>4-5<\/td><td>50<\/td><\/tr><tr><td>1200<\/td><td>37*2<\/td><td>5-7<\/td><td>30<\/td><\/tr><tr><td>1400<\/td><td>45*2<\/td><td>8-10<\/td><td>40<\/td><\/tr><tr><td>1600<\/td><td>75*2<\/td><td>12-15<\/td><td>20<\/td><\/tr><tr><td>1800<\/td><td>75*2<\/td><td>15-18<\/td><td>18<\/td><\/tr><tr><td>2000<\/td><td>90*2<\/td><td>20-25<\/td><td>20<\/td><\/tr><\/tbody><\/table><figcaption class=\"wp-element-caption\">Par\u00e1metros de la trituradora de paletas de madera.<\/figcaption><\/figure>    <figure class=\"wp-block-gallery has-nested-images columns-default is-cropped wp-block-gallery-3 is-layout-flex wp-block-gallery-is-layout-flex\"> <figure class=\"wp-block-image size-large\"><img loading=\"lazy\" decoding=\"async\" width=\"720\" height=\"540\" data-id=\"2961\" src=\"https:\/\/shuliybaler.com\/wp-content\/uploads\/2022\/12\/Wood-pallet-shredder-machine-1.webp\" alt=\"M\u00e1quina trituradora de paletas de madera \" class=\"wp-image-2961\" title=\"\" srcset=\"https:\/\/shuliybaler.com\/wp-content\/uploads\/2022\/12\/Wood-pallet-shredder-machine-1.webp 720w, https:\/\/shuliybaler.com\/wp-content\/uploads\/2022\/12\/Wood-pallet-shredder-machine-1-360x270.webp 360w, https:\/\/shuliybaler.com\/wp-content\/uploads\/2022\/12\/Wood-pallet-shredder-machine-1-180x135.webp 180w\" sizes=\"auto, (max-width: 720px) 100vw, 720px\" \/><figcaption class=\"wp-element-caption\">M\u00e1quina trituradora de paletas de madera <\/figcaption><\/figure>    <figure class=\"wp-block-image size-large\"><img loading=\"lazy\" decoding=\"async\" width=\"720\" height=\"540\" data-id=\"2962\" src=\"https:\/\/shuliybaler.com\/wp-content\/uploads\/2022\/12\/Wood-pallet-shredder-machine-2.webp\" alt=\"M\u00e1quina trituradora de paletas de madera \" class=\"wp-image-2962\" title=\"\" srcset=\"https:\/\/shuliybaler.com\/wp-content\/uploads\/2022\/12\/Wood-pallet-shredder-machine-2.webp 720w, https:\/\/shuliybaler.com\/wp-content\/uploads\/2022\/12\/Wood-pallet-shredder-machine-2-360x270.webp 360w, https:\/\/shuliybaler.com\/wp-content\/uploads\/2022\/12\/Wood-pallet-shredder-machine-2-180x135.webp 180w\" sizes=\"auto, (max-width: 720px) 100vw, 720px\" \/><figcaption class=\"wp-element-caption\">M\u00e1quina trituradora de paletas de madera <\/figcaption><\/figure> <\/figure>    <h2 class=\"wp-block-heading\">Ventajas de la m\u00e1quina trituradora de paletas de madera. <\/h2>   <div class=\"wp-block-image\"> <figure class=\"aligncenter size-full\"><img loading=\"lazy\" decoding=\"async\" width=\"720\" height=\"540\" src=\"https:\/\/shuliybaler.com\/wp-content\/uploads\/2022\/12\/wooden-pallet-crushing-machine.webp\" alt=\"maquina trituradora de paletas de madera \" class=\"wp-image-2959\" title=\"\" srcset=\"https:\/\/shuliybaler.com\/wp-content\/uploads\/2022\/12\/wooden-pallet-crushing-machine.webp 720w, https:\/\/shuliybaler.com\/wp-content\/uploads\/2022\/12\/wooden-pallet-crushing-machine-360x270.webp 360w, https:\/\/shuliybaler.com\/wp-content\/uploads\/2022\/12\/wooden-pallet-crushing-machine-180x135.webp 180w\" sizes=\"auto, (max-width: 720px) 100vw, 720px\" \/><figcaption class=\"wp-element-caption\">maquina trituradora de paletas de madera <\/figcaption><\/figure> <\/div>   <p>El fuselaje tiene esto en cuenta. La carcasa de la m\u00e1quina est\u00e1 hecha de un material m\u00e1s grueso y duradero.<\/p>    <p>y eficiente. La unidad tiene un alto grado de automatizaci\u00f3n, alta eficiencia y menos mano de obra.<\/p>    <p class=\"translation-block\"><strong>Wide range of applications.<\/strong> Can be used for recycling metal, plastic, wooden tray, waste paper, etc.<\/p>    <p class=\"translation-block\"><strong>unique design.<\/strong> The cutter shaft of the machine is designed so that there will be no material winding and jamming<\/p>    <p class=\"translation-block\"><strong>Low noise<\/strong>. The machine makes low noise when working.<\/p>","protected":false},"excerpt":{"rendered":"<p>Esta m\u00e1quina trituradora de paletas de madera es una trituradora multifuncional, que puede triturar paletas de madera, tambores de hierro, carros de chatarra, cajas de cart\u00f3n y neum\u00e1ticos, utilizados principalmente en la industria del reciclaje. La m\u00e1quina trituradora de paletas de madera es f\u00e1cil de operar y eficiente.<\/p>","protected":false},"author":1,"featured_media":2953,"parent":0,"template":"","tags":[54],"product-type":[46],"class_list":["post-2952","product","type-product","status-publish","has-post-thumbnail","hentry","tag-wood-pallet-shredder-machine","product-type-metal-shredder"],"_links":{"self":[{"href":"https:\/\/shuliybaler.com\/es\/wp-json\/wp\/v2\/product\/2952","targetHints":{"allow":["GET"]}}],"collection":[{"href":"https:\/\/shuliybaler.com\/es\/wp-json\/wp\/v2\/product"}],"about":[{"href":"https:\/\/shuliybaler.com\/es\/wp-json\/wp\/v2\/types\/product"}],"author":[{"embeddable":true,"href":"https:\/\/shuliybaler.com\/es\/wp-json\/wp\/v2\/users\/1"}],"wp:featuredmedia":[{"embeddable":true,"href":"https:\/\/shuliybaler.com\/es\/wp-json\/wp\/v2\/media\/2953"}],"wp:attachment":[{"href":"https:\/\/shuliybaler.com\/es\/wp-json\/wp\/v2\/media?parent=2952"}],"wp:term":[{"taxonomy":"post_tag","embeddable":true,"href":"https:\/\/shuliybaler.com\/es\/wp-json\/wp\/v2\/tags?post=2952"},{"taxonomy":"product-type","embeddable":true,"href":"https:\/\/shuliybaler.com\/es\/wp-json\/wp\/v2\/product-type?post=2952"}],"curies":[{"name":"wp","href":"https:\/\/api.w.org\/{rel}","templated":true}]}}