{"id":2981,"date":"2022-12-12T11:11:28","date_gmt":"2022-12-12T03:11:28","guid":{"rendered":"https:\/\/shuliybaler.com\/?post_type=product&#038;p=2981"},"modified":"2022-12-12T11:34:04","modified_gmt":"2022-12-12T03:34:04","slug":"plastic-shredder-machine","status":"publish","type":"product","link":"https:\/\/shuliybaler.com\/es\/product\/plastic-shredder-machine\/","title":{"rendered":"M\u00e1quina trituradora de pl\u00e1stico para triturar botellas de pl\u00e1stico."},"content":{"rendered":"<p>La m\u00e1quina trituradora de pl\u00e1stico es un dispositivo que puede triturar pl\u00e1stico. La trituradora es conveniente para reciclar despu\u00e9s de triturar grandes trozos de pl\u00e1stico. La trituradora de pl\u00e1stico puede triturar botellas de pl\u00e1stico, tubos de pl\u00e1stico, carcasas de electrodom\u00e9sticos, cubos de pl\u00e1stico, etc. La m\u00e1quina puede controlar el tama\u00f1o de las hojuelas de pl\u00e1stico trituradas.<\/p>    <figure class=\"wp-block-gallery has-nested-images columns-default is-cropped wp-block-gallery-2 is-layout-flex wp-block-gallery-is-layout-flex\"> <figure class=\"wp-block-image size-large\"><img loading=\"lazy\" decoding=\"async\" width=\"720\" height=\"540\" data-id=\"2983\" src=\"https:\/\/shuliybaler.com\/wp-content\/uploads\/2022\/12\/plastic-shredding-machine-machine.webp\" alt=\"m\u00e1quina trituradora de pl\u00e1stico\" class=\"wp-image-2983\" title=\"\" srcset=\"https:\/\/shuliybaler.com\/wp-content\/uploads\/2022\/12\/plastic-shredding-machine-machine.webp 720w, https:\/\/shuliybaler.com\/wp-content\/uploads\/2022\/12\/plastic-shredding-machine-machine-360x270.webp 360w, https:\/\/shuliybaler.com\/wp-content\/uploads\/2022\/12\/plastic-shredding-machine-machine-180x135.webp 180w\" sizes=\"auto, (max-width: 720px) 100vw, 720px\" \/><figcaption class=\"wp-element-caption\">M\u00e1quina trituradora de pl\u00e1stico<\/figcaption><\/figure>    <figure class=\"wp-block-image size-large\"><img loading=\"lazy\" decoding=\"async\" width=\"720\" height=\"540\" data-id=\"2984\" src=\"https:\/\/shuliybaler.com\/wp-content\/uploads\/2022\/12\/after-shredding.webp\" alt=\"despu\u00e9s de triturar\" class=\"wp-image-2984\" title=\"\" srcset=\"https:\/\/shuliybaler.com\/wp-content\/uploads\/2022\/12\/after-shredding.webp 720w, https:\/\/shuliybaler.com\/wp-content\/uploads\/2022\/12\/after-shredding-360x270.webp 360w, https:\/\/shuliybaler.com\/wp-content\/uploads\/2022\/12\/after-shredding-180x135.webp 180w\" sizes=\"auto, (max-width: 720px) 100vw, 720px\" \/><figcaption class=\"wp-element-caption\">Despu\u00e9s de triturar<\/figcaption><\/figure> <\/figure>    <h2 class=\"wp-block-heading\">Aplicaci\u00f3n de la m\u00e1quina trituradora de pl\u00e1stico.<\/h2>    <figure class=\"wp-block-gallery has-nested-images columns-2 is-cropped wp-block-gallery-3 is-layout-flex wp-block-gallery-is-layout-flex\"> <figure class=\"wp-block-image size-large\"><img loading=\"lazy\" decoding=\"async\" width=\"720\" height=\"540\" data-id=\"2985\" src=\"https:\/\/shuliybaler.com\/wp-content\/uploads\/2022\/12\/plastic-pipe.webp\" alt=\"tubo pl\u00e1stico\" class=\"wp-image-2985\" title=\"\" srcset=\"https:\/\/shuliybaler.com\/wp-content\/uploads\/2022\/12\/plastic-pipe.webp 720w, https:\/\/shuliybaler.com\/wp-content\/uploads\/2022\/12\/plastic-pipe-360x270.webp 360w, https:\/\/shuliybaler.com\/wp-content\/uploads\/2022\/12\/plastic-pipe-180x135.webp 180w\" sizes=\"auto, (max-width: 720px) 100vw, 720px\" \/><figcaption class=\"wp-element-caption\">Tubo pl\u00e1stico<\/figcaption><\/figure>    <figure class=\"wp-block-image size-large\"><img loading=\"lazy\" decoding=\"async\" width=\"720\" height=\"540\" data-id=\"2986\" src=\"https:\/\/shuliybaler.com\/wp-content\/uploads\/2022\/12\/plastic-barrel.jpg\" alt=\"barril de plastico\" class=\"wp-image-2986\" title=\"\" srcset=\"https:\/\/shuliybaler.com\/wp-content\/uploads\/2022\/12\/plastic-barrel.jpg 720w, https:\/\/shuliybaler.com\/wp-content\/uploads\/2022\/12\/plastic-barrel-360x270.jpg 360w, https:\/\/shuliybaler.com\/wp-content\/uploads\/2022\/12\/plastic-barrel-180x135.jpg 180w\" sizes=\"auto, (max-width: 720px) 100vw, 720px\" \/><figcaption class=\"wp-element-caption\">barril de plastico<\/figcaption><\/figure>    <figure class=\"wp-block-image size-large\"><img loading=\"lazy\" decoding=\"async\" width=\"720\" height=\"540\" data-id=\"2987\" src=\"https:\/\/shuliybaler.com\/wp-content\/uploads\/2022\/12\/plastic-bottles.webp\" alt=\"botella de pl\u00e1stico\" class=\"wp-image-2987\" title=\"\" srcset=\"https:\/\/shuliybaler.com\/wp-content\/uploads\/2022\/12\/plastic-bottles.webp 720w, https:\/\/shuliybaler.com\/wp-content\/uploads\/2022\/12\/plastic-bottles-360x270.webp 360w, https:\/\/shuliybaler.com\/wp-content\/uploads\/2022\/12\/plastic-bottles-180x135.webp 180w\" sizes=\"auto, (max-width: 720px) 100vw, 720px\" \/><figcaption class=\"wp-element-caption\">Botella de pl\u00e1stico<\/figcaption><\/figure>    <figure class=\"wp-block-image size-large\"><img loading=\"lazy\" decoding=\"async\" width=\"720\" height=\"540\" data-id=\"2988\" src=\"https:\/\/shuliybaler.com\/wp-content\/uploads\/2022\/12\/plastic-bottle.jpg\" alt=\"botella de bebida\" class=\"wp-image-2988\" title=\"\" srcset=\"https:\/\/shuliybaler.com\/wp-content\/uploads\/2022\/12\/plastic-bottle.jpg 720w, https:\/\/shuliybaler.com\/wp-content\/uploads\/2022\/12\/plastic-bottle-360x270.jpg 360w, https:\/\/shuliybaler.com\/wp-content\/uploads\/2022\/12\/plastic-bottle-180x135.jpg 180w\" sizes=\"auto, (max-width: 720px) 100vw, 720px\" \/><figcaption class=\"wp-element-caption\">Botella de bebida<\/figcaption><\/figure> <\/figure>    <p>Las trituradoras de pl\u00e1stico tambi\u00e9n se denominan trituradoras de doble eje, y se utilizan principalmente para triturar restos procesados \u200b\u200bo productos reciclados, especialmente para triturar restos de pl\u00e1stico o caucho y utilizarlos como materia prima para fundirlos y granularlos para rehacer botellas de pl\u00e1stico. Llantas o botes de basura y m\u00e1s. Las trituradoras se utilizan en las industrias de reciclaje y reutilizaci\u00f3n de pl\u00e1stico y, a menudo, se utilizan para triturar residuos de tuber\u00edas de pl\u00e1stico PE de gran di\u00e1metro, paquetes de pel\u00edculas pl\u00e1sticas y grandes pilas de l\u00e1minas de pl\u00e1stico.<\/p>    <h2 class=\"wp-block-heading\">Modelo de trituradora de pl\u00e1stico.<\/h2>    <figure class=\"wp-block-table\"><table><tbody><tr><td>modelo<\/td><td>Grosor de la hoja (mm)<\/td><td>N\u00famero de palas<\/td><td>Potencia (kW)<\/td><\/tr><tr><td>600<\/td><td>30<\/td><td>20<\/td><td>22*2<\/td><\/tr><tr><td>800<\/td><td>40<\/td><td>20<\/td><td>30*2<\/td><\/tr><tr><td>1000<\/td><td>50<\/td><td>20<\/td><td>37*2<\/td><\/tr><tr><td>1200<\/td><td>50<\/td><td>24<\/td><td>45*2<\/td><\/tr><tr><td>1400<\/td><td>70<\/td><td>24<\/td><td>55*2<\/td><\/tr><\/tbody><\/table><\/figure>    <figure class=\"wp-block-gallery has-nested-images columns-default is-cropped wp-block-gallery-4 is-layout-flex wp-block-gallery-is-layout-flex\"> <figure class=\"wp-block-image size-large\"><img loading=\"lazy\" decoding=\"async\" width=\"720\" height=\"540\" data-id=\"2992\" src=\"https:\/\/shuliybaler.com\/wp-content\/uploads\/2022\/12\/600plastic-bottle-crushing-machine.webp\" alt=\"M\u00e1quina trituradora de botellas de pl\u00e1stico 600\" class=\"wp-image-2992\" title=\"\" srcset=\"https:\/\/shuliybaler.com\/wp-content\/uploads\/2022\/12\/600plastic-bottle-crushing-machine.webp 720w, https:\/\/shuliybaler.com\/wp-content\/uploads\/2022\/12\/600plastic-bottle-crushing-machine-360x270.webp 360w, https:\/\/shuliybaler.com\/wp-content\/uploads\/2022\/12\/600plastic-bottle-crushing-machine-180x135.webp 180w\" sizes=\"auto, (max-width: 720px) 100vw, 720px\" \/><figcaption class=\"wp-element-caption\">M\u00e1quina trituradora de botellas de pl\u00e1stico 600<\/figcaption><\/figure>    <figure class=\"wp-block-image size-large\"><img loading=\"lazy\" decoding=\"async\" width=\"720\" height=\"540\" data-id=\"2993\" src=\"https:\/\/shuliybaler.com\/wp-content\/uploads\/2022\/12\/800-Plastic-shredder-machine.webp\" alt=\"M\u00e1quina trituradora de pl\u00e1stico 800\" class=\"wp-image-2993\" title=\"\" srcset=\"https:\/\/shuliybaler.com\/wp-content\/uploads\/2022\/12\/800-Plastic-shredder-machine.webp 720w, https:\/\/shuliybaler.com\/wp-content\/uploads\/2022\/12\/800-Plastic-shredder-machine-360x270.webp 360w, https:\/\/shuliybaler.com\/wp-content\/uploads\/2022\/12\/800-Plastic-shredder-machine-180x135.webp 180w\" sizes=\"auto, (max-width: 720px) 100vw, 720px\" \/><figcaption class=\"wp-element-caption\">M\u00e1quina trituradora de pl\u00e1stico 800<\/figcaption><\/figure>    <figure class=\"wp-block-image size-large\"><img loading=\"lazy\" decoding=\"async\" width=\"720\" height=\"540\" data-id=\"2994\" src=\"https:\/\/shuliybaler.com\/wp-content\/uploads\/2022\/12\/1000Plastic-shredder-machine.webp\" alt=\"1000M\u00e1quina trituradora de pl\u00e1stico\" class=\"wp-image-2994\" title=\"\" srcset=\"https:\/\/shuliybaler.com\/wp-content\/uploads\/2022\/12\/1000Plastic-shredder-machine.webp 720w, https:\/\/shuliybaler.com\/wp-content\/uploads\/2022\/12\/1000Plastic-shredder-machine-360x270.webp 360w, https:\/\/shuliybaler.com\/wp-content\/uploads\/2022\/12\/1000Plastic-shredder-machine-180x135.webp 180w\" sizes=\"auto, (max-width: 720px) 100vw, 720px\" \/><figcaption class=\"wp-element-caption\">M\u00e1quina trituradora de pl\u00e1stico 1000<\/figcaption><\/figure>    <figure class=\"wp-block-image size-large\"><img loading=\"lazy\" decoding=\"async\" width=\"720\" height=\"540\" data-id=\"2995\" src=\"https:\/\/shuliybaler.com\/wp-content\/uploads\/2022\/12\/1200-Plastic-shredding-machine.webp\" alt=\"1200 M\u00e1quina trituradora de pl\u00e1stico\" class=\"wp-image-2995\" title=\"\" srcset=\"https:\/\/shuliybaler.com\/wp-content\/uploads\/2022\/12\/1200-Plastic-shredding-machine.webp 720w, https:\/\/shuliybaler.com\/wp-content\/uploads\/2022\/12\/1200-Plastic-shredding-machine-360x270.webp 360w, https:\/\/shuliybaler.com\/wp-content\/uploads\/2022\/12\/1200-Plastic-shredding-machine-180x135.webp 180w\" sizes=\"auto, (max-width: 720px) 100vw, 720px\" \/><figcaption class=\"wp-element-caption\">M\u00e1quina trituradora de pl\u00e1stico 1200<\/figcaption><\/figure> <\/figure>    <h2 class=\"wp-block-heading\">Principio de funcionamiento de la trituradora de pl\u00e1stico.<\/h2>    <figure class=\"wp-block-gallery has-nested-images columns-default is-cropped wp-block-gallery-5 is-layout-flex wp-block-gallery-is-layout-flex\"> <figure class=\"wp-block-image size-large\"><img loading=\"lazy\" decoding=\"async\" width=\"720\" height=\"540\" data-id=\"2989\" src=\"https:\/\/shuliybaler.com\/wp-content\/uploads\/2022\/12\/plastic-shredder-knives.webp\" alt=\"cuchillos trituradores de plastico\" class=\"wp-image-2989\" title=\"\" srcset=\"https:\/\/shuliybaler.com\/wp-content\/uploads\/2022\/12\/plastic-shredder-knives.webp 720w, https:\/\/shuliybaler.com\/wp-content\/uploads\/2022\/12\/plastic-shredder-knives-360x270.webp 360w, https:\/\/shuliybaler.com\/wp-content\/uploads\/2022\/12\/plastic-shredder-knives-180x135.webp 180w\" sizes=\"auto, (max-width: 720px) 100vw, 720px\" \/><figcaption class=\"wp-element-caption\">Cuchillos trituradores de pl\u00e1stico<\/figcaption><\/figure>    <figure class=\"wp-block-image size-large\"><img loading=\"lazy\" decoding=\"async\" width=\"720\" height=\"540\" data-id=\"2990\" src=\"https:\/\/shuliybaler.com\/wp-content\/uploads\/2022\/12\/knife-teeth.webp\" alt=\"dientes de cuchillo\" class=\"wp-image-2990\" title=\"\" srcset=\"https:\/\/shuliybaler.com\/wp-content\/uploads\/2022\/12\/knife-teeth.webp 720w, https:\/\/shuliybaler.com\/wp-content\/uploads\/2022\/12\/knife-teeth-360x270.webp 360w, https:\/\/shuliybaler.com\/wp-content\/uploads\/2022\/12\/knife-teeth-180x135.webp 180w\" sizes=\"auto, (max-width: 720px) 100vw, 720px\" \/><figcaption class=\"wp-element-caption\">Dientes de cuchillo<\/figcaption><\/figure> <\/figure>    <p>El producto pl\u00e1stico ingresa al interior de la caja trituradora, pasa a trav\u00e9s del cortador de la trituradora y sufre la acci\u00f3n combinada de extrusi\u00f3n y cizallamiento para formar peque\u00f1os trozos de material. Una vez completada la trituradora, se descarga desde la parte inferior de la m\u00e1quina.<\/p>    <figure class=\"wp-block-embed is-type-video is-provider-youtube wp-block-embed-youtube wp-embed-aspect-16-9 wp-has-aspect-ratio\"><div class=\"wp-block-embed__wrapper\"> <iframe loading=\"lazy\" title=\"Trituradora de pl\u00e1stico s\u00faper potente que destruye todos los productos de pl\u00e1stico #shorts\" width=\"500\" height=\"281\" src=\"https:\/\/www.youtube.com\/embed\/CwBs3wEBitY?feature=oembed\" frameborder=\"0\" allow=\"accelerometer; autoplay; clipboard-write; encrypted-media; gyroscope; picture-in-picture; web-share\" referrerpolicy=\"strict-origin-when-cross-origin\" allowfullscreen><\/iframe> <\/div><\/figure>    <h2 class=\"wp-block-heading\">Introducci\u00f3n de la empresa Shuliy<\/h2>   <div class=\"wp-block-image\"> <figure class=\"aligncenter size-full\"><img loading=\"lazy\" decoding=\"async\" width=\"720\" height=\"540\" src=\"https:\/\/shuliybaler.com\/wp-content\/uploads\/2022\/12\/plastic-shredder-machine-delivery.webp\" alt=\"entrega de m\u00e1quina trituradora de pl\u00e1stico\" class=\"wp-image-2991\" title=\"\" srcset=\"https:\/\/shuliybaler.com\/wp-content\/uploads\/2022\/12\/plastic-shredder-machine-delivery.webp 720w, https:\/\/shuliybaler.com\/wp-content\/uploads\/2022\/12\/plastic-shredder-machine-delivery-360x270.webp 360w, https:\/\/shuliybaler.com\/wp-content\/uploads\/2022\/12\/plastic-shredder-machine-delivery-180x135.webp 180w\" sizes=\"auto, (max-width: 720px) 100vw, 720px\" \/><figcaption class=\"wp-element-caption\">entrega de m\u00e1quina trituradora de pl\u00e1stico<\/figcaption><\/figure> <\/div>   <p>Shuliy Company es una empresa de equipos de procesamiento de metales. Su equipo principal incluye prensas de metal, que pueden comprimir metales y empaquetarlos en un bloque de metal; cizallas para metal que pueden cortar desechos de metal en los tama\u00f1os requeridos y m\u00e1quinas briquetadoras de metal que pueden prensar desechos de metal en pedazos; Esta trituradora de metal y pl\u00e1stico es m\u00e1s vers\u00e1til y puede triturar cualquier material, simplemente coloque el material en la m\u00e1quina y el material ser\u00e1 triturado. Las trituradoras de metales son m\u00e1quinas esenciales en la industria del reciclaje.<\/p>    <h2 class=\"wp-block-heading\">Preguntas m\u00e1s frecuentes<\/h2>   <div id=\"rank-math-faq\" class=\"rank-math-block\"> <div class=\"rank-math-list\"> <div id=\"faq-question-1670810085633\" class=\"rank-math-list-item\"> <h3 class=\"rank-math-question\">\u00bfQu\u00e9 tama\u00f1o de trituradoras hay? \u00bfC\u00f3mo distinguir?<\/h3> <div class=\"rank-math-answer\">  <p>Las trituradoras se dividen en 600 tipos, 800 tipos, 1000 tipos, 1200 tipos, 1500 tipos, 2000 tipos, etc. Los modelos se distinguen seg\u00fan el tama\u00f1o de la caja cortadora y se pueden personalizar seg\u00fan los requisitos.<\/p>  <\/div> <\/div> <div id=\"faq-question-1670810109596\" class=\"rank-math-list-item\"> <h3 class=\"rank-math-question\">\u00bfQu\u00e9 materiales puede procesar la m\u00e1quina trituradora de pl\u00e1stico?<\/h3> <div class=\"rank-math-answer\">  <p>La trituradora puede procesar materiales como metal, chatarra, pl\u00e1stico, basura dom\u00e9stica, ropa de desecho, neum\u00e1ticos de caucho, etc. Pertenece a un equipo de trituraci\u00f3n multifuncional.<\/p>  <\/div> <\/div> <div id=\"faq-question-1670810156676\" class=\"rank-math-list-item\"> <h3 class=\"rank-math-question\">\u00bfLa m\u00e1quina trituradora de pl\u00e1stico hace ruido?<\/h3> <div class=\"rank-math-answer\">  <p>La trituradora de pl\u00e1stico no hace ruido, es un equipo relativamente silencioso y no genera contaminaci\u00f3n.<\/p>  <\/div> <\/div> <\/div> <\/div>","protected":false},"excerpt":{"rendered":"<p>The plastic shredder machine is a device that can crush plastic. The shredder is convenient for recycling after crushing large pieces of plastic. The plastic shredder can shred plastic bottles, plastic pipes, home appliance shells, plastic buckets, etc. The machine can Control the size of the crushed plastic flakes. Application of plastic shredder machine Plastic [&hellip;]<\/p>\n","protected":false},"author":1,"featured_media":2982,"parent":0,"template":"","tags":[52],"product-type":[46],"class_list":["post-2981","product","type-product","status-publish","has-post-thumbnail","hentry","tag-plastic-shredder-machine","product-type-metal-shredder"],"_links":{"self":[{"href":"https:\/\/shuliybaler.com\/es\/wp-json\/wp\/v2\/product\/2981","targetHints":{"allow":["GET"]}}],"collection":[{"href":"https:\/\/shuliybaler.com\/es\/wp-json\/wp\/v2\/product"}],"about":[{"href":"https:\/\/shuliybaler.com\/es\/wp-json\/wp\/v2\/types\/product"}],"author":[{"embeddable":true,"href":"https:\/\/shuliybaler.com\/es\/wp-json\/wp\/v2\/users\/1"}],"wp:featuredmedia":[{"embeddable":true,"href":"https:\/\/shuliybaler.com\/es\/wp-json\/wp\/v2\/media\/2982"}],"wp:attachment":[{"href":"https:\/\/shuliybaler.com\/es\/wp-json\/wp\/v2\/media?parent=2981"}],"wp:term":[{"taxonomy":"post_tag","embeddable":true,"href":"https:\/\/shuliybaler.com\/es\/wp-json\/wp\/v2\/tags?post=2981"},{"taxonomy":"product-type","embeddable":true,"href":"https:\/\/shuliybaler.com\/es\/wp-json\/wp\/v2\/product-type?post=2981"}],"curies":[{"name":"wp","href":"https:\/\/api.w.org\/{rel}","templated":true}]}}