{"id":3004,"date":"2022-12-13T10:54:05","date_gmt":"2022-12-13T02:54:05","guid":{"rendered":"https:\/\/shuliybaler.com\/?post_type=product&#038;p=3004"},"modified":"2025-02-08T15:25:37","modified_gmt":"2025-02-08T07:25:37","slug":"scrap-copper-wire-shredder","status":"publish","type":"product","link":"https:\/\/shuliybaler.com\/es\/product\/scrap-copper-wire-shredder\/","title":{"rendered":"Trituradora de alambre de cobre para chatarra | maquina trituradora de tableros de cables"},"content":{"rendered":"<p class=\"translation-block\">Un desgarrador de cable de cobre es una m\u00e1quina para triturar cables. Esta <a href=\"https:\/\/shuliybaler.com\/es\/product\/maquina-trituradora-de-chatarra\/\" data-type=\"URL\" data-id=\"https:\/\/shuliybaler.com\/product\/scrap-metal-shredder-machine\/\">m\u00e1quina desgarradora de tableros de cable de cobre reciclado<\/a> puede triturar tanto cables como tableros de cables. Es muy adecuada para la industria del reciclaje de cables. La m\u00e1quina est\u00e1 dise\u00f1ada con dos ejes y tiene una alta eficiencia de trabajo.<\/p>    <figure class=\"wp-block-gallery has-nested-images columns-default is-cropped wp-block-gallery-2 is-layout-flex wp-block-gallery-is-layout-flex\"> <figure class=\"wp-block-image size-large\"><img loading=\"lazy\" decoding=\"async\" width=\"720\" height=\"540\" data-id=\"3006\" src=\"https:\/\/shuliybaler.com\/wp-content\/uploads\/2022\/12\/copper-wire-shredder.webp\" alt=\"trituradora de alambre de cobre\" class=\"wp-image-3006\" title=\"\" srcset=\"https:\/\/shuliybaler.com\/wp-content\/uploads\/2022\/12\/copper-wire-shredder.webp 720w, https:\/\/shuliybaler.com\/wp-content\/uploads\/2022\/12\/copper-wire-shredder-360x270.webp 360w, https:\/\/shuliybaler.com\/wp-content\/uploads\/2022\/12\/copper-wire-shredder-180x135.webp 180w\" sizes=\"auto, (max-width: 720px) 100vw, 720px\" \/><figcaption class=\"wp-element-caption\">Trituradora de alambre de cobre<\/figcaption><\/figure>    <figure class=\"wp-block-image size-large\"><img loading=\"lazy\" decoding=\"async\" width=\"720\" height=\"540\" data-id=\"3007\" src=\"https:\/\/shuliybaler.com\/wp-content\/uploads\/2022\/12\/copper-wire.webp\" alt=\"trituradora de alambre de cobre\" class=\"wp-image-3007\" title=\"\" srcset=\"https:\/\/shuliybaler.com\/wp-content\/uploads\/2022\/12\/copper-wire.webp 720w, https:\/\/shuliybaler.com\/wp-content\/uploads\/2022\/12\/copper-wire-360x270.webp 360w, https:\/\/shuliybaler.com\/wp-content\/uploads\/2022\/12\/copper-wire-180x135.webp 180w\" sizes=\"auto, (max-width: 720px) 100vw, 720px\" \/><figcaption class=\"wp-element-caption\">Trituradora de alambre de cobre<\/figcaption><\/figure> <\/figure>    <p>La trituradora de alambre de cobre tambi\u00e9n puede triturar desechos de metal, barriles de hierro, pl\u00e1stico, cart\u00f3n, madera y otros materiales, que son ampliamente utilizados y duraderos. Esta m\u00e1quina trituradora de tableros de cables es muy popular en B\u00e9lgica, Chile, Sud\u00e1frica, Canad\u00e1 y Marruecos.<\/p>   <div class=\"wp-block-image\"> <figure class=\"aligncenter size-full\"><img loading=\"lazy\" decoding=\"async\" width=\"720\" height=\"540\" src=\"https:\/\/shuliybaler.com\/wp-content\/uploads\/2022\/12\/shredder-material.webp\" alt=\"material triturador\" class=\"wp-image-3012\" title=\"\" srcset=\"https:\/\/shuliybaler.com\/wp-content\/uploads\/2022\/12\/shredder-material.webp 720w, https:\/\/shuliybaler.com\/wp-content\/uploads\/2022\/12\/shredder-material-360x270.webp 360w, https:\/\/shuliybaler.com\/wp-content\/uploads\/2022\/12\/shredder-material-180x135.webp 180w\" sizes=\"auto, (max-width: 720px) 100vw, 720px\" \/><figcaption class=\"wp-element-caption\">material triturador<\/figcaption><\/figure> <\/div>   <h2 class=\"wp-block-heading\">\u00bfPor qu\u00e9 reciclar alambre?<\/h2>    <h3 class=\"wp-block-heading\">El alambre de cobre tiene un alto valor disponible.<\/h3>    <figure class=\"wp-block-gallery has-nested-images columns-default is-cropped wp-block-gallery-3 is-layout-flex wp-block-gallery-is-layout-flex\"> <figure class=\"wp-block-image size-large\"><img loading=\"lazy\" decoding=\"async\" width=\"720\" height=\"540\" data-id=\"3008\" src=\"https:\/\/shuliybaler.com\/wp-content\/uploads\/2022\/12\/copper-wire-1.webp\" alt=\"alambre de cobre\" class=\"wp-image-3008\" title=\"\" srcset=\"https:\/\/shuliybaler.com\/wp-content\/uploads\/2022\/12\/copper-wire-1.webp 720w, https:\/\/shuliybaler.com\/wp-content\/uploads\/2022\/12\/copper-wire-1-360x270.webp 360w, https:\/\/shuliybaler.com\/wp-content\/uploads\/2022\/12\/copper-wire-1-180x135.webp 180w\" sizes=\"auto, (max-width: 720px) 100vw, 720px\" \/><figcaption class=\"wp-element-caption\">Alambre de cobre<\/figcaption><\/figure>    <figure class=\"wp-block-image size-large\"><img loading=\"lazy\" decoding=\"async\" width=\"720\" height=\"540\" data-id=\"3009\" src=\"https:\/\/shuliybaler.com\/wp-content\/uploads\/2022\/12\/copper-wire-after-shredder.webp\" alt=\"alambre de cobre despu\u00e9s de la trituradora\" class=\"wp-image-3009\" title=\"\" srcset=\"https:\/\/shuliybaler.com\/wp-content\/uploads\/2022\/12\/copper-wire-after-shredder.webp 720w, https:\/\/shuliybaler.com\/wp-content\/uploads\/2022\/12\/copper-wire-after-shredder-360x270.webp 360w, https:\/\/shuliybaler.com\/wp-content\/uploads\/2022\/12\/copper-wire-after-shredder-180x135.webp 180w\" sizes=\"auto, (max-width: 720px) 100vw, 720px\" \/><figcaption class=\"wp-element-caption\">Alambre de cobre despu\u00e9s de la trituradora<\/figcaption><\/figure> <\/figure>    <p>Muchos de los cables son cables de cobre, los cables son muy pesados \u200b\u200bdebido al metal que contienen y el cobre es muy valioso porque el cobre es un metal no renovable. Por lo que tiene un alto valor de reciclaje.<\/p>    <h3 class=\"wp-block-heading\">Alto rendimiento del reciclaje de alambre.<\/h3>    <figure class=\"wp-block-gallery has-nested-images columns-default is-cropped wp-block-gallery-4 is-layout-flex wp-block-gallery-is-layout-flex\"> <figure class=\"wp-block-image size-large\"><img loading=\"lazy\" decoding=\"async\" width=\"720\" height=\"540\" data-id=\"3010\" src=\"https:\/\/shuliybaler.com\/wp-content\/uploads\/2022\/12\/cable-board.webp\" alt=\"tablero de cables\" class=\"wp-image-3010\" title=\"\" srcset=\"https:\/\/shuliybaler.com\/wp-content\/uploads\/2022\/12\/cable-board.webp 720w, https:\/\/shuliybaler.com\/wp-content\/uploads\/2022\/12\/cable-board-360x270.webp 360w, https:\/\/shuliybaler.com\/wp-content\/uploads\/2022\/12\/cable-board-180x135.webp 180w\" sizes=\"auto, (max-width: 720px) 100vw, 720px\" \/><figcaption class=\"wp-element-caption\">Tablero de cables<\/figcaption><\/figure>    <figure class=\"wp-block-image size-large\"><img loading=\"lazy\" decoding=\"async\" width=\"720\" height=\"540\" data-id=\"3011\" src=\"https:\/\/shuliybaler.com\/wp-content\/uploads\/2022\/12\/cable-board-after-crushing.webp\" alt=\"tablero de cables despu\u00e9s de la trituraci\u00f3n\" class=\"wp-image-3011\" title=\"\" srcset=\"https:\/\/shuliybaler.com\/wp-content\/uploads\/2022\/12\/cable-board-after-crushing.webp 720w, https:\/\/shuliybaler.com\/wp-content\/uploads\/2022\/12\/cable-board-after-crushing-360x270.webp 360w, https:\/\/shuliybaler.com\/wp-content\/uploads\/2022\/12\/cable-board-after-crushing-180x135.webp 180w\" sizes=\"auto, (max-width: 720px) 100vw, 720px\" \/><figcaption class=\"wp-element-caption\">Tablero de cables despu\u00e9s de la trituraci\u00f3n<\/figcaption><\/figure> <\/figure>    <p>Debido a que la piel se rompe o se usa durante mucho tiempo, estos cables se eliminar\u00e1n, por lo que el rendimiento del reciclaje es alto y se puede escalar.<\/p>    <h2 class=\"wp-block-heading\">El papel de las m\u00e1quinas trituradoras de tableros de cables en la industria del cable.<\/h2>    <figure class=\"wp-block-gallery has-nested-images columns-default is-cropped wp-block-gallery-5 is-layout-flex wp-block-gallery-is-layout-flex\"> <figure class=\"wp-block-image size-large\"><img loading=\"lazy\" decoding=\"async\" width=\"720\" height=\"540\" data-id=\"3013\" src=\"https:\/\/shuliybaler.com\/wp-content\/uploads\/2022\/12\/cable-board-crushing-machine-knife.webp\" alt=\"maquina trituradora de tableros de cables\" class=\"wp-image-3013\" title=\"\" srcset=\"https:\/\/shuliybaler.com\/wp-content\/uploads\/2022\/12\/cable-board-crushing-machine-knife.webp 720w, https:\/\/shuliybaler.com\/wp-content\/uploads\/2022\/12\/cable-board-crushing-machine-knife-360x270.webp 360w, https:\/\/shuliybaler.com\/wp-content\/uploads\/2022\/12\/cable-board-crushing-machine-knife-180x135.webp 180w\" sizes=\"auto, (max-width: 720px) 100vw, 720px\" \/><figcaption class=\"wp-element-caption\">M\u00e1quina trituradora de tableros de cables<\/figcaption><\/figure>    <figure class=\"wp-block-image size-large\"><img loading=\"lazy\" decoding=\"async\" width=\"720\" height=\"540\" data-id=\"3014\" src=\"https:\/\/shuliybaler.com\/wp-content\/uploads\/2022\/12\/cable-board-crushing-machine.webp\" alt=\"maquina trituradora de tableros de cables\" class=\"wp-image-3014\" title=\"\" srcset=\"https:\/\/shuliybaler.com\/wp-content\/uploads\/2022\/12\/cable-board-crushing-machine.webp 720w, https:\/\/shuliybaler.com\/wp-content\/uploads\/2022\/12\/cable-board-crushing-machine-360x270.webp 360w, https:\/\/shuliybaler.com\/wp-content\/uploads\/2022\/12\/cable-board-crushing-machine-180x135.webp 180w\" sizes=\"auto, (max-width: 720px) 100vw, 720px\" \/><figcaption class=\"wp-element-caption\">M\u00e1quina trituradora de tableros de cables<\/figcaption><\/figure> <\/figure>    <p>Al reciclar cables, el metal del interior se recupera principalmente, pero habr\u00e1 cables aislados en el exterior de los cables, que deben separarse. El triturado de cables es el primer paso en el procesamiento de cables.<\/p>    <h2 class=\"wp-block-heading\">El modo de potencia de la trituradora de alambre de cobre.<\/h2>    <figure class=\"wp-block-gallery has-nested-images columns-default is-cropped wp-block-gallery-6 is-layout-flex wp-block-gallery-is-layout-flex\"> <figure class=\"wp-block-image size-large\"><img loading=\"lazy\" decoding=\"async\" width=\"720\" height=\"540\" data-id=\"3015\" src=\"https:\/\/shuliybaler.com\/wp-content\/uploads\/2022\/12\/copper-wire-shredder-1.webp\" alt=\"trituradora de alambre de cobre\" class=\"wp-image-3015\" title=\"\" srcset=\"https:\/\/shuliybaler.com\/wp-content\/uploads\/2022\/12\/copper-wire-shredder-1.webp 720w, https:\/\/shuliybaler.com\/wp-content\/uploads\/2022\/12\/copper-wire-shredder-1-360x270.webp 360w, https:\/\/shuliybaler.com\/wp-content\/uploads\/2022\/12\/copper-wire-shredder-1-180x135.webp 180w\" sizes=\"auto, (max-width: 720px) 100vw, 720px\" \/><figcaption class=\"wp-element-caption\">Trituradora de alambre de cobre<\/figcaption><\/figure>    <figure class=\"wp-block-image size-large\"><img loading=\"lazy\" decoding=\"async\" width=\"720\" height=\"540\" data-id=\"3016\" src=\"https:\/\/shuliybaler.com\/wp-content\/uploads\/2022\/12\/copper-wire-shredder-2.webp\" alt=\"trituradora de alambre de cobre\" class=\"wp-image-3016\" title=\"\" srcset=\"https:\/\/shuliybaler.com\/wp-content\/uploads\/2022\/12\/copper-wire-shredder-2.webp 720w, https:\/\/shuliybaler.com\/wp-content\/uploads\/2022\/12\/copper-wire-shredder-2-360x270.webp 360w, https:\/\/shuliybaler.com\/wp-content\/uploads\/2022\/12\/copper-wire-shredder-2-180x135.webp 180w\" sizes=\"auto, (max-width: 720px) 100vw, 720px\" \/><figcaption class=\"wp-element-caption\">Trituradora de alambre de cobre<\/figcaption><\/figure>    <figure class=\"wp-block-image size-large\"><img loading=\"lazy\" decoding=\"async\" width=\"720\" height=\"540\" data-id=\"3017\" src=\"https:\/\/shuliybaler.com\/wp-content\/uploads\/2022\/12\/copper-wire-shredder-3.webp\" alt=\"trituradora de alambre de cobre\" class=\"wp-image-3017\" title=\"\" srcset=\"https:\/\/shuliybaler.com\/wp-content\/uploads\/2022\/12\/copper-wire-shredder-3.webp 720w, https:\/\/shuliybaler.com\/wp-content\/uploads\/2022\/12\/copper-wire-shredder-3-360x270.webp 360w, https:\/\/shuliybaler.com\/wp-content\/uploads\/2022\/12\/copper-wire-shredder-3-180x135.webp 180w\" sizes=\"auto, (max-width: 720px) 100vw, 720px\" \/><figcaption class=\"wp-element-caption\">Trituradora de alambre de cobre<\/figcaption><\/figure> <\/figure>    <p>La m\u00e1quina trituradora de tableros de cables puede usar electricidad o puede equiparse con un motor diesel para usar diesel. Puede elegir el m\u00e9todo apropiado seg\u00fan el sitio de producci\u00f3n y el costo de producci\u00f3n. Apoyamos la personalizaci\u00f3n.<\/p>    <h2 class=\"wp-block-heading\">Trituradora de alambre de cobre para la industria del reciclaje.<\/h2>    <figure class=\"wp-block-gallery has-nested-images columns-default is-cropped wp-block-gallery-7 is-layout-flex wp-block-gallery-is-layout-flex\"> <figure class=\"wp-block-image size-large\"><img loading=\"lazy\" decoding=\"async\" width=\"720\" height=\"540\" data-id=\"3019\" src=\"https:\/\/shuliybaler.com\/wp-content\/uploads\/2022\/12\/Copper-wire-shredder-machine.webp\" alt=\"M\u00e1quina trituradora de alambre de cobre\" class=\"wp-image-3019\" title=\"\" srcset=\"https:\/\/shuliybaler.com\/wp-content\/uploads\/2022\/12\/Copper-wire-shredder-machine.webp 720w, https:\/\/shuliybaler.com\/wp-content\/uploads\/2022\/12\/Copper-wire-shredder-machine-360x270.webp 360w, https:\/\/shuliybaler.com\/wp-content\/uploads\/2022\/12\/Copper-wire-shredder-machine-180x135.webp 180w\" sizes=\"auto, (max-width: 720px) 100vw, 720px\" \/><figcaption class=\"wp-element-caption\">M\u00e1quina trituradora de alambre<\/figcaption><\/figure>    <figure class=\"wp-block-image size-large\"><img loading=\"lazy\" decoding=\"async\" width=\"720\" height=\"540\" data-id=\"3018\" src=\"https:\/\/shuliybaler.com\/wp-content\/uploads\/2022\/12\/Copper-wire-recycling-industry.webp\" alt=\"Industria del reciclaje de alambre de cobre.\" class=\"wp-image-3018\" title=\"\" srcset=\"https:\/\/shuliybaler.com\/wp-content\/uploads\/2022\/12\/Copper-wire-recycling-industry.webp 720w, https:\/\/shuliybaler.com\/wp-content\/uploads\/2022\/12\/Copper-wire-recycling-industry-360x270.webp 360w, https:\/\/shuliybaler.com\/wp-content\/uploads\/2022\/12\/Copper-wire-recycling-industry-180x135.webp 180w\" sizes=\"auto, (max-width: 720px) 100vw, 720px\" \/><figcaption class=\"wp-element-caption\">Industria del reciclaje de alambre de cobre<\/figcaption><\/figure> <\/figure>    <p class=\"translation-block\">Este desgarrador de cables no solo puede ser utilizado en la industria del reciclaje de cables, sino que tambi\u00e9n se puede usar para reciclar <a href=\"https:\/\/www.tmscrapmetals.com\/los-angeles-scrap-metal-price-quote\/\" data-type=\"URL\" data-id=\"https:\/\/www.tmscrapmetals.com\/los-angeles-scrap-metal-price-quote\/\" target=\"_blank\" rel=\"noopener\">metal reciclado<\/a>. Debido a que el cortador es lo suficientemente duro, tambi\u00e9n puede procesar metal. Adem\u00e1s, tambi\u00e9n puede procesar materiales suaves como cartones, por lo que el triturador de cables tiene un amplio rango de aplicaciones.<\/p>    <h2 class=\"wp-block-heading\">Selecci\u00f3n de modelo de trituradora de alambre de cobre.<\/h2>    <figure class=\"wp-block-gallery has-nested-images columns-default is-cropped wp-block-gallery-8 is-layout-flex wp-block-gallery-is-layout-flex\"> <figure class=\"wp-block-image size-large\"><img loading=\"lazy\" decoding=\"async\" width=\"720\" height=\"540\" data-id=\"3020\" src=\"https:\/\/shuliybaler.com\/wp-content\/uploads\/2022\/12\/copper-wire-shredder-4.webp\" alt=\"trituradora de alambre de cobre\" class=\"wp-image-3020\" title=\"\" srcset=\"https:\/\/shuliybaler.com\/wp-content\/uploads\/2022\/12\/copper-wire-shredder-4.webp 720w, https:\/\/shuliybaler.com\/wp-content\/uploads\/2022\/12\/copper-wire-shredder-4-360x270.webp 360w, https:\/\/shuliybaler.com\/wp-content\/uploads\/2022\/12\/copper-wire-shredder-4-180x135.webp 180w\" sizes=\"auto, (max-width: 720px) 100vw, 720px\" \/><figcaption class=\"wp-element-caption\">M\u00e1quina trituradora de alambre<\/figcaption><\/figure>    <figure class=\"wp-block-image size-large\"><img loading=\"lazy\" decoding=\"async\" width=\"720\" height=\"540\" data-id=\"3021\" src=\"https:\/\/shuliybaler.com\/wp-content\/uploads\/2022\/12\/copper-wire-shredder-5.webp\" alt=\"trituradora de alambre de cobre\" class=\"wp-image-3021\" title=\"\" srcset=\"https:\/\/shuliybaler.com\/wp-content\/uploads\/2022\/12\/copper-wire-shredder-5.webp 720w, https:\/\/shuliybaler.com\/wp-content\/uploads\/2022\/12\/copper-wire-shredder-5-360x270.webp 360w, https:\/\/shuliybaler.com\/wp-content\/uploads\/2022\/12\/copper-wire-shredder-5-180x135.webp 180w\" sizes=\"auto, (max-width: 720px) 100vw, 720px\" \/><figcaption class=\"wp-element-caption\">M\u00e1quina trituradora de alambre<\/figcaption><\/figure> <\/figure>    <p class=\"translation-block\">Hay<a href=\"https:\/\/shuliybaler.com\/es\/product\/plastic-shredder-machine\/\" data-type=\"URL\" data-id=\"https:\/\/shuliybaler.com\/product\/plastic-shredder-machine\/\"> varios tipos de desgarradores<\/a>: 600, 800, 1000, 1200 y 1400. Hay una amplia gama de m\u00e1quinas para elegir. Nuestros ingenieros pueden configurar la m\u00e1quina m\u00e1s adecuada para usted seg\u00fan sus materiales. Si es necesario, no dude en contactarnos.<\/p>    <h2 class=\"wp-block-heading\">Video de trituradora de alambre de cobre.<\/h2>    <figure class=\"wp-block-embed is-type-video is-provider-youtube wp-block-embed-youtube wp-embed-aspect-16-9 wp-has-aspect-ratio\"><div class=\"wp-block-embed__wrapper\"> <iframe loading=\"lazy\" title=\"\u00bfQu\u00e9 tipo de trituradora se necesita para reciclar alambre de cobre? trituracion y trituracion de tableros de cables\" width=\"500\" height=\"281\" src=\"https:\/\/www.youtube.com\/embed\/KUGPWyrz0bk?feature=oembed\" frameborder=\"0\" allow=\"accelerometer; autoplay; clipboard-write; encrypted-media; gyroscope; picture-in-picture; web-share\" referrerpolicy=\"strict-origin-when-cross-origin\" allowfullscreen><\/iframe> <\/div><figcaption class=\"wp-element-caption\">trituradora de alambre de cobre<\/figcaption><\/figure>","protected":false},"excerpt":{"rendered":"<p>A copper wire shredder is a machine for shredding cables. This scrap wire copper cable board shredder machine can shred both wires and cable boards. It is very suitable for the cable recycling industry. The machine is designed with two shafts and has high work efficiency. The copper wire shredder can also crush waste metal, [&hellip;]<\/p>\n","protected":false},"author":1,"featured_media":3005,"parent":0,"template":"","tags":[53,84],"product-type":[46],"class_list":["post-3004","product","type-product","status-publish","has-post-thumbnail","hentry","tag-scrap-copper-wire-shredder","tag-shredder","product-type-metal-shredder"],"_links":{"self":[{"href":"https:\/\/shuliybaler.com\/es\/wp-json\/wp\/v2\/product\/3004","targetHints":{"allow":["GET"]}}],"collection":[{"href":"https:\/\/shuliybaler.com\/es\/wp-json\/wp\/v2\/product"}],"about":[{"href":"https:\/\/shuliybaler.com\/es\/wp-json\/wp\/v2\/types\/product"}],"author":[{"embeddable":true,"href":"https:\/\/shuliybaler.com\/es\/wp-json\/wp\/v2\/users\/1"}],"wp:featuredmedia":[{"embeddable":true,"href":"https:\/\/shuliybaler.com\/es\/wp-json\/wp\/v2\/media\/3005"}],"wp:attachment":[{"href":"https:\/\/shuliybaler.com\/es\/wp-json\/wp\/v2\/media?parent=3004"}],"wp:term":[{"taxonomy":"post_tag","embeddable":true,"href":"https:\/\/shuliybaler.com\/es\/wp-json\/wp\/v2\/tags?post=3004"},{"taxonomy":"product-type","embeddable":true,"href":"https:\/\/shuliybaler.com\/es\/wp-json\/wp\/v2\/product-type?post=3004"}],"curies":[{"name":"wp","href":"https:\/\/api.w.org\/{rel}","templated":true}]}}