{"id":3031,"date":"2022-12-27T16:10:28","date_gmt":"2022-12-27T08:10:28","guid":{"rendered":"https:\/\/shuliybaler.com\/?post_type=product&#038;p=3031"},"modified":"2022-12-27T16:10:29","modified_gmt":"2022-12-27T08:10:29","slug":"corrugated-box-shredding-machine","status":"publish","type":"product","link":"https:\/\/shuliybaler.com\/es\/product\/trituradora-de-cajas-de-carton-corrugado\/","title":{"rendered":"M\u00e1quina trituradora de cajas de cart\u00f3n corrugado grande"},"content":{"rendered":"<p class=\"translation-block\">Una m\u00e1quina trituradora de cajas de cart\u00f3n es una m\u00e1quina utilizada para triturar cartones, principalmente utilizada en la industria del reciclaje, puede triturar <a href=\"https:\/\/en.wikipedia.org\/wiki\/Drum_(container)\" data-type=\"URL\" data-id=\"https:\/\/en.wikipedia.org\/wiki\/Drum_(container)\" target=\"_blank\" rel=\"noopener\">tambores de hierro<\/a>, neum\u00e1ticos, palets de madera, ramas, huesos de animales, etc. Es ampliamente utilizada y tiene una gran capacidad de trituraci\u00f3n.<\/p>    <h2 class=\"wp-block-heading\">Reciclaje de cajas de cart\u00f3n corrugado<\/h2>    <figure class=\"wp-block-gallery has-nested-images columns-default is-cropped wp-block-gallery-2 is-layout-flex wp-block-gallery-is-layout-flex\"> <figure class=\"wp-block-image size-large\"><img loading=\"lazy\" decoding=\"async\" width=\"720\" height=\"540\" data-id=\"3033\" src=\"https:\/\/shuliybaler.com\/wp-content\/uploads\/2022\/12\/corrugated-box.webp\" alt=\"caja de cart\u00f3n corrugado\" class=\"wp-image-3033\" title=\"\" srcset=\"https:\/\/shuliybaler.com\/wp-content\/uploads\/2022\/12\/corrugated-box.webp 720w, https:\/\/shuliybaler.com\/wp-content\/uploads\/2022\/12\/corrugated-box-360x270.webp 360w, https:\/\/shuliybaler.com\/wp-content\/uploads\/2022\/12\/corrugated-box-180x135.webp 180w\" sizes=\"auto, (max-width: 720px) 100vw, 720px\" \/><figcaption class=\"wp-element-caption\">Caja de cart\u00f3n corrugado<\/figcaption><\/figure>    <figure class=\"wp-block-image size-large\"><img loading=\"lazy\" decoding=\"async\" width=\"720\" height=\"540\" data-id=\"3034\" src=\"https:\/\/shuliybaler.com\/wp-content\/uploads\/2022\/12\/corrugated-box-shredding.webp\" alt=\"trituracion de cajas de corrugado \" class=\"wp-image-3034\" title=\"\" srcset=\"https:\/\/shuliybaler.com\/wp-content\/uploads\/2022\/12\/corrugated-box-shredding.webp 720w, https:\/\/shuliybaler.com\/wp-content\/uploads\/2022\/12\/corrugated-box-shredding-360x270.webp 360w, https:\/\/shuliybaler.com\/wp-content\/uploads\/2022\/12\/corrugated-box-shredding-180x135.webp 180w\" sizes=\"auto, (max-width: 720px) 100vw, 720px\" \/><figcaption class=\"wp-element-caption\">Trituraci\u00f3n de cajas de cart\u00f3n corrugado <\/figcaption><\/figure> <\/figure>    <p>Se utiliza una caja de cart\u00f3n corrugado para transporte y embalaje. Los cartones tienen una vida \u00fatil determinada. Despu\u00e9s de muchas veces de uso, los cartones ser\u00e1n eliminados e ingresar\u00e1n al sistema de reciclaje. Las cajas de cart\u00f3n corrugado se pueden reutilizar despu\u00e9s de triturarlas o convertirlas en otros productos de papel, como bandejas para huevos.<\/p>    <h2 class=\"wp-block-heading\">M\u00e1quina trituradora de cajas de cart\u00f3n corrugado<\/h2>   <div class=\"wp-block-image\"> <figure class=\"aligncenter size-full\"><img loading=\"lazy\" decoding=\"async\" width=\"720\" height=\"540\" src=\"https:\/\/shuliybaler.com\/wp-content\/uploads\/2022\/12\/Corrugated-box-shredding-machine.webp\" alt=\"M\u00e1quina trituradora de cajas de cart\u00f3n corrugado\" class=\"wp-image-3035\" title=\"\" srcset=\"https:\/\/shuliybaler.com\/wp-content\/uploads\/2022\/12\/Corrugated-box-shredding-machine.webp 720w, https:\/\/shuliybaler.com\/wp-content\/uploads\/2022\/12\/Corrugated-box-shredding-machine-360x270.webp 360w, https:\/\/shuliybaler.com\/wp-content\/uploads\/2022\/12\/Corrugated-box-shredding-machine-180x135.webp 180w\" sizes=\"auto, (max-width: 720px) 100vw, 720px\" \/><figcaption class=\"wp-element-caption\">M\u00e1quina trituradora de cajas de cart\u00f3n corrugado<\/figcaption><\/figure> <\/div>   <p>Despu\u00e9s de ser triturado r\u00e1pidamente en trozos peque\u00f1os por una m\u00e1quina trituradora de cajas de cart\u00f3n corrugado, es conveniente para el posterior proceso de batido de papel. Despu\u00e9s de agregar materias primas qu\u00edmicas, se puede producir papel nuevo. En comparaci\u00f3n con los nuevos productos de papel, el papel reciclado causa mucha menos contaminaci\u00f3n ambiental.<\/p>    <h2 class=\"wp-block-heading\">Caracter\u00edsticas de la m\u00e1quina trituradora de cajas de cart\u00f3n corrugado:<\/h2>   <div class=\"wp-block-image\"> <figure class=\"aligncenter size-full\"><img loading=\"lazy\" decoding=\"async\" width=\"720\" height=\"540\" src=\"https:\/\/shuliybaler.com\/wp-content\/uploads\/2022\/12\/corrugated-box-shredder.webp\" alt=\"trituradora de cajas corrugadas\" class=\"wp-image-3037\" title=\"\" srcset=\"https:\/\/shuliybaler.com\/wp-content\/uploads\/2022\/12\/corrugated-box-shredder.webp 720w, https:\/\/shuliybaler.com\/wp-content\/uploads\/2022\/12\/corrugated-box-shredder-360x270.webp 360w, https:\/\/shuliybaler.com\/wp-content\/uploads\/2022\/12\/corrugated-box-shredder-180x135.webp 180w\" sizes=\"auto, (max-width: 720px) 100vw, 720px\" \/><figcaption class=\"wp-element-caption\">trituradora de cajas corrugadas<\/figcaption><\/figure> <\/div>   <ol class=\"wp-block-list\"> <li>Caja de cuchillos integral<br>Garantiza una alta resistencia mec\u00e1nica y precisi\u00f3n de mecanizado, prolonga la vida \u00fatil del equipo y ahorra costos de mantenimiento.<\/li>    <li>Tecnolog\u00eda desmontable de herramientas.<br>Cada cuchillo fijo se puede desmontar e instalar y se puede desmontar r\u00e1pidamente en poco tiempo, lo que reduce en gran medida la carga de trabajo de los trabajadores.<\/li>    <li>Funciones inteligentes<br>Adopte la tecnolog\u00eda inteligente de GEP para realizar lubricaci\u00f3n autom\u00e1tica, detecci\u00f3n inteligente y alarmas anormales, y dise\u00f1e un sistema de protecci\u00f3n inteligente para objetos irrompibles, que reduzca los costos de mantenimiento y los riesgos de fallas, y garantice el funcionamiento saludable del equipo a largo plazo.<\/li>    <li>El eje principal tiene buena estabilidad y una fuerte capacidad de impacto.<br>El eje principal est\u00e1 hecho de un material especial que ha sido tratado t\u00e9rmicamente y procesado muchas veces, por lo que tiene buena resistencia mec\u00e1nica, fuerte capacidad antienvejecimiento y antiimpacto y una larga vida \u00fatil.<\/li>    <li>Rodamientos importados y m\u00faltiples sellos combinados.<br>Alta resistencia a la carga, larga vida \u00fatil, a prueba de polvo, impermeable y antiincrustante, que aseguran el funcionamiento continuo y estable de la m\u00e1quina.<\/li>    <li>Gabinete de control con pantalla t\u00e1ctil PLC<br>Adopte el gabinete de control con pantalla t\u00e1ctil PLC Siemens, equipado con componentes el\u00e9ctricos avanzados, buena estabilidad y f\u00e1cil operaci\u00f3n.<\/li> <\/ol>    <figure class=\"wp-block-gallery has-nested-images columns-default is-cropped wp-block-gallery-3 is-layout-flex wp-block-gallery-is-layout-flex\"> <figure class=\"wp-block-image size-large\"><img loading=\"lazy\" decoding=\"async\" width=\"720\" height=\"540\" data-id=\"3038\" src=\"https:\/\/shuliybaler.com\/wp-content\/uploads\/2022\/12\/corrugated-box-shredder-1.webp\" alt=\"trituradora de cajas corrugadas\" class=\"wp-image-3038\" title=\"\" srcset=\"https:\/\/shuliybaler.com\/wp-content\/uploads\/2022\/12\/corrugated-box-shredder-1.webp 720w, https:\/\/shuliybaler.com\/wp-content\/uploads\/2022\/12\/corrugated-box-shredder-1-360x270.webp 360w, https:\/\/shuliybaler.com\/wp-content\/uploads\/2022\/12\/corrugated-box-shredder-1-180x135.webp 180w\" sizes=\"auto, (max-width: 720px) 100vw, 720px\" \/><figcaption class=\"wp-element-caption\">Trituradora de cajas de cart\u00f3n corrugado<\/figcaption><\/figure>    <figure class=\"wp-block-image size-large\"><img loading=\"lazy\" decoding=\"async\" width=\"720\" height=\"540\" data-id=\"3039\" src=\"https:\/\/shuliybaler.com\/wp-content\/uploads\/2022\/12\/corrugated-box-shredder-knife.webp\" alt=\"cuchillo triturador de cajas de cart\u00f3n corrugado\" class=\"wp-image-3039\" title=\"\" srcset=\"https:\/\/shuliybaler.com\/wp-content\/uploads\/2022\/12\/corrugated-box-shredder-knife.webp 720w, https:\/\/shuliybaler.com\/wp-content\/uploads\/2022\/12\/corrugated-box-shredder-knife-360x270.webp 360w, https:\/\/shuliybaler.com\/wp-content\/uploads\/2022\/12\/corrugated-box-shredder-knife-180x135.webp 180w\" sizes=\"auto, (max-width: 720px) 100vw, 720px\" \/><figcaption class=\"wp-element-caption\">Cuchillo triturador de cajas de cart\u00f3n corrugado<\/figcaption><\/figure> <\/figure>    <h2 class=\"wp-block-heading\">Par\u00e1metros de la trituradora de cajas de cart\u00f3n ondulado<\/h2>    <figure class=\"wp-block-table\"><table><tbody><tr><td>Modelo<\/td><td>SL1000<\/td><\/tr><tr><td>Di\u00e1metro del disco de cuchilla (mm)<\/td><td>485<\/td><\/tr><tr><td>Grosor de la hoja (mm)<\/td><td>50<\/td><\/tr><tr><td>N\u00famero de palas<\/td><td>20<\/td><\/tr><tr><td>Di\u00e1metro del eje (mm)<\/td><td>260<\/td><\/tr><tr><td>Dimensiones (mm)<\/td><td>4500\u00d71900\u00d72200<\/td><\/tr><tr><td>Tama\u00f1o de apertura de la tolva (mm)<\/td><td>1400\u00d71200<\/td><\/tr><tr><td>Tama\u00f1o de la habitaci\u00f3n rota (mm)<\/td><td>1200\u00d71050<\/td><\/tr><tr><td>Grosor de la caja (mm)<\/td><td>50<\/td><\/tr><tr><td>Potencia del motor (kW)<\/td><td>Y-6 45kw\u00d72<\/td><\/tr><tr><td>Velocidad (por minuto\/revoluci\u00f3n)<\/td><td>9-15<\/td><\/tr><tr><td>Gabinete de distribuci\u00f3n<\/td><td>Sobrecarga autom\u00e1tica de avance y retroceso<\/td><\/tr><\/tbody><\/table><figcaption class=\"wp-element-caption\">trituradora de cajas de cart\u00f3n corrugado<\/figcaption><\/figure>   <div class=\"wp-block-image\"> <figure class=\"aligncenter size-full\"><img loading=\"lazy\" decoding=\"async\" width=\"720\" height=\"540\" src=\"https:\/\/shuliybaler.com\/wp-content\/uploads\/2022\/12\/corrugated-box-shredding-machine-1.webp\" alt=\"trituradora de cajas de cart\u00f3n corrugado\" class=\"wp-image-3040\" title=\"\" srcset=\"https:\/\/shuliybaler.com\/wp-content\/uploads\/2022\/12\/corrugated-box-shredding-machine-1.webp 720w, https:\/\/shuliybaler.com\/wp-content\/uploads\/2022\/12\/corrugated-box-shredding-machine-1-360x270.webp 360w, https:\/\/shuliybaler.com\/wp-content\/uploads\/2022\/12\/corrugated-box-shredding-machine-1-180x135.webp 180w\" sizes=\"auto, (max-width: 720px) 100vw, 720px\" \/><figcaption class=\"wp-element-caption\">trituradora de cajas de cart\u00f3n corrugado<\/figcaption><\/figure> <\/div>   <h2 class=\"wp-block-heading\">Caso de cliente de m\u00e1quina trituradora de cajas de cart\u00f3n corrugado<\/h2>   <div class=\"wp-block-image\"> <figure class=\"aligncenter size-full\"><img loading=\"lazy\" decoding=\"async\" width=\"720\" height=\"540\" src=\"https:\/\/shuliybaler.com\/wp-content\/uploads\/2022\/12\/corrugated-box-shredding-machines.webp\" alt=\"maquinas trituradoras de cajas de corrugado\" class=\"wp-image-3036\" title=\"\" srcset=\"https:\/\/shuliybaler.com\/wp-content\/uploads\/2022\/12\/corrugated-box-shredding-machines.webp 720w, https:\/\/shuliybaler.com\/wp-content\/uploads\/2022\/12\/corrugated-box-shredding-machines-360x270.webp 360w, https:\/\/shuliybaler.com\/wp-content\/uploads\/2022\/12\/corrugated-box-shredding-machines-180x135.webp 180w\" sizes=\"auto, (max-width: 720px) 100vw, 720px\" \/><figcaption class=\"wp-element-caption\">maquinas trituradoras de cajas de corrugado<\/figcaption><\/figure> <\/div>   <p class=\"translation-block\">El cliente compr\u00f3 una <a href=\"https:\/\/shuliybaler.com\/es\/product\/maquina-trituradora-de-chatarra\/\" data-type=\"URL\" data-id=\"https:\/\/shuliybaler.com\/product\/scrap-metal-shredder-machine\/\">trituradora<\/a> para triturar huesos de res. Los huesos de res son muy duros, y algunos huesos son muy grandes, por lo que la maquinaria general para carne no puede manejarlos. El cliente vio el video de nuestra trituradora triturando tambores de hierro, as\u00ed que pregunt\u00f3 si pod\u00edamos procesar sus huesos de res, nunca antes hab\u00edamos procesado huesos, pero en teor\u00eda, es posible porque nuestras m\u00e1quinas manejan herramientas de hierro con facilidad.<br>Compramos huesos de res para probar y encontramos que el efecto fue muy bueno. Hicimos un video y se lo enviamos al cliente, quien tambi\u00e9n estaba muy satisfecho. Un cliente orden\u00f3 una trituradora para un d\u00eda para usar en su planta de procesamiento de carne de res.<\/p>","protected":false},"excerpt":{"rendered":"<p>Una m\u00e1quina trituradora de cajas de cart\u00f3n corrugado es una m\u00e1quina utilizada para triturar cajas de cart\u00f3n, utilizada principalmente en la industria del reciclaje, puede triturar tambores de hierro, neum\u00e1ticos, paletas de madera, ramas, huesos de animales, etc. Es ampliamente utilizada y tiene una gran capacidad de trituraci\u00f3n.<\/p>","protected":false},"author":1,"featured_media":3032,"parent":0,"template":"","tags":[56],"product-type":[46],"class_list":["post-3031","product","type-product","status-publish","has-post-thumbnail","hentry","tag-corrugated-box-shredding-machine","product-type-metal-shredder"],"_links":{"self":[{"href":"https:\/\/shuliybaler.com\/es\/wp-json\/wp\/v2\/product\/3031","targetHints":{"allow":["GET"]}}],"collection":[{"href":"https:\/\/shuliybaler.com\/es\/wp-json\/wp\/v2\/product"}],"about":[{"href":"https:\/\/shuliybaler.com\/es\/wp-json\/wp\/v2\/types\/product"}],"author":[{"embeddable":true,"href":"https:\/\/shuliybaler.com\/es\/wp-json\/wp\/v2\/users\/1"}],"wp:featuredmedia":[{"embeddable":true,"href":"https:\/\/shuliybaler.com\/es\/wp-json\/wp\/v2\/media\/3032"}],"wp:attachment":[{"href":"https:\/\/shuliybaler.com\/es\/wp-json\/wp\/v2\/media?parent=3031"}],"wp:term":[{"taxonomy":"post_tag","embeddable":true,"href":"https:\/\/shuliybaler.com\/es\/wp-json\/wp\/v2\/tags?post=3031"},{"taxonomy":"product-type","embeddable":true,"href":"https:\/\/shuliybaler.com\/es\/wp-json\/wp\/v2\/product-type?post=3031"}],"curies":[{"name":"wp","href":"https:\/\/api.w.org\/{rel}","templated":true}]}}