{"id":3065,"date":"2023-01-09T16:51:01","date_gmt":"2023-01-09T08:51:01","guid":{"rendered":"https:\/\/shuliybaler.com\/?post_type=product&#038;p=3065"},"modified":"2023-01-09T17:10:55","modified_gmt":"2023-01-09T09:10:55","slug":"trash-compactor-machine","status":"publish","type":"product","link":"https:\/\/shuliybaler.com\/es\/product\/trash-compactor-machine\/","title":{"rendered":"M\u00e1quina compactadora de basura | m\u00e1quina empacadora de basura"},"content":{"rendered":"<p class=\"translation-block\">La m\u00e1quina compactadora de basura tambi\u00e9n se llama <a href=\"https:\/\/shuliybaler.com\/es\/product\/empacadora-de-chatarra\/\" data-type=\"URL\" data-id=\"https:\/\/shuliybaler.com\/product\/scrap-metal-baler\/\">balers de basura<\/a>, que exprime el aire, el l\u00edquido y el agua mediante extrusi\u00f3n, y reduce el volumen de basura a trav\u00e9s de la compresi\u00f3n para disminuir el espacio en vertederos. Los <a href=\"https:\/\/shuliybaler.com\/es\/product\/empacadora-de-metal-vertical\/\" data-type=\"URL\" data-id=\"https:\/\/shuliybaler.com\/product\/vertical-metal-baler\/\">compactadores de basura<\/a> se han convertido en equipos de procesamiento importantes para la protecci\u00f3n del medio ambiente.<\/p>   <div class=\"wp-block-image\"> <figure class=\"aligncenter size-full\"><img loading=\"lazy\" decoding=\"async\" width=\"720\" height=\"540\" src=\"https:\/\/shuliybaler.com\/wp-content\/uploads\/2023\/01\/Trash-compactor-machine-1.webp\" alt=\"M\u00e1quina compactadora de basura\" class=\"wp-image-3067\" title=\"\" srcset=\"https:\/\/shuliybaler.com\/wp-content\/uploads\/2023\/01\/Trash-compactor-machine-1.webp 720w, https:\/\/shuliybaler.com\/wp-content\/uploads\/2023\/01\/Trash-compactor-machine-1-360x270.webp 360w, https:\/\/shuliybaler.com\/wp-content\/uploads\/2023\/01\/Trash-compactor-machine-1-180x135.webp 180w\" sizes=\"auto, (max-width: 720px) 100vw, 720px\" \/><figcaption class=\"wp-element-caption\">M\u00e1quina compactadora de basura<\/figcaption><\/figure> <\/div>   <h2 class=\"wp-block-heading\">\u00bfEn qu\u00e9 industrias se utilizan las m\u00e1quinas compactadoras de basura?<\/h2>    <p>Todo tipo de negocio genera alg\u00fan tipo de residuo que debe eliminarse y desecharse. El tama\u00f1o y la carga de trabajo de una empresa aumentan la necesidad de utilizar compactadores.<\/p>    <figure class=\"wp-block-gallery has-nested-images columns-4 is-cropped wp-block-gallery-2 is-layout-flex wp-block-gallery-is-layout-flex\"> <figure class=\"wp-block-image size-large\"><img loading=\"lazy\" decoding=\"async\" width=\"720\" height=\"540\" data-id=\"3075\" src=\"https:\/\/shuliybaler.com\/wp-content\/uploads\/2023\/01\/waste-paper-packaging.webp\" alt=\"\" class=\"wp-image-3075\" title=\"\" srcset=\"https:\/\/shuliybaler.com\/wp-content\/uploads\/2023\/01\/waste-paper-packaging.webp 720w, https:\/\/shuliybaler.com\/wp-content\/uploads\/2023\/01\/waste-paper-packaging-360x270.webp 360w, https:\/\/shuliybaler.com\/wp-content\/uploads\/2023\/01\/waste-paper-packaging-180x135.webp 180w\" sizes=\"auto, (max-width: 720px) 100vw, 720px\" \/><figcaption class=\"wp-element-caption\">Empacado de paja<\/figcaption><\/figure>    <figure class=\"wp-block-image size-large\"><img loading=\"lazy\" decoding=\"async\" width=\"720\" height=\"540\" data-id=\"3076\" src=\"https:\/\/shuliybaler.com\/wp-content\/uploads\/2023\/01\/straw-baling.webp\" alt=\"balas de paja\" class=\"wp-image-3076\" title=\"\" srcset=\"https:\/\/shuliybaler.com\/wp-content\/uploads\/2023\/01\/straw-baling.webp 720w, https:\/\/shuliybaler.com\/wp-content\/uploads\/2023\/01\/straw-baling-360x270.webp 360w, https:\/\/shuliybaler.com\/wp-content\/uploads\/2023\/01\/straw-baling-180x135.webp 180w\" sizes=\"auto, (max-width: 720px) 100vw, 720px\" \/><figcaption class=\"wp-element-caption\">Empacado de paja<\/figcaption><\/figure>    <figure class=\"wp-block-image size-large\"><img loading=\"lazy\" decoding=\"async\" width=\"720\" height=\"540\" data-id=\"3077\" src=\"https:\/\/shuliybaler.com\/wp-content\/uploads\/2023\/01\/Corrugated-box-packaging.webp\" alt=\"embalaje de cajas de cart\u00f3n corrugado\" class=\"wp-image-3077\" title=\"\" srcset=\"https:\/\/shuliybaler.com\/wp-content\/uploads\/2023\/01\/Corrugated-box-packaging.webp 720w, https:\/\/shuliybaler.com\/wp-content\/uploads\/2023\/01\/Corrugated-box-packaging-360x270.webp 360w, https:\/\/shuliybaler.com\/wp-content\/uploads\/2023\/01\/Corrugated-box-packaging-180x135.webp 180w\" sizes=\"auto, (max-width: 720px) 100vw, 720px\" \/><figcaption class=\"wp-element-caption\">Embalaje de caja corrugada<\/figcaption><\/figure>    <figure class=\"wp-block-image size-large\"><img loading=\"lazy\" decoding=\"async\" width=\"720\" height=\"540\" data-id=\"3078\" src=\"https:\/\/shuliybaler.com\/wp-content\/uploads\/2023\/01\/plastic-bottle-baling.webp\" alt=\"embalaje de botellas de pl\u00e1stico\" class=\"wp-image-3078\" title=\"\" srcset=\"https:\/\/shuliybaler.com\/wp-content\/uploads\/2023\/01\/plastic-bottle-baling.webp 720w, https:\/\/shuliybaler.com\/wp-content\/uploads\/2023\/01\/plastic-bottle-baling-360x270.webp 360w, https:\/\/shuliybaler.com\/wp-content\/uploads\/2023\/01\/plastic-bottle-baling-180x135.webp 180w\" sizes=\"auto, (max-width: 720px) 100vw, 720px\" \/><figcaption class=\"wp-element-caption\">Embalaje de botellas de pl\u00e1stico<\/figcaption><\/figure> <\/figure>    <h3 class=\"wp-block-heading\">Restaurantes y hoteles<\/h3>    <p>El uso m\u00e1s extendido de compactadores se encuentra en una variedad de operaciones de venta minorista, restaurantes y hoteler\u00eda que generan desechos que van desde materiales de embalaje y cajas hasta restos de comida. Los residuos h\u00famedos se cargan en el compactador, donde el cabezal tritura el material hasta reducirlo a 75% menos que su volumen original.<\/p>    <h3 class=\"wp-block-heading\">Higiene medica<\/h3>    <p class=\"translation-block\">Hay muchos desechos en el <a href=\"https:\/\/en.wikipedia.org\/wiki\/Health_system\" data-type=\"URL\" data-id=\"https:\/\/en.wikipedia.org\/wiki\/Health_system\" target=\"_blank\" rel=\"noopener\">sistema de salud<\/a>, pero gran parte de ellos no se puede eliminar de forma casual, y los compactadores de desechos m\u00e9dicos est\u00e1n dise\u00f1ados para incorporar contenci\u00f3n, almacenamiento y transporte para evitar que los desechos est\u00e9n expuestos al p\u00fablico. La compactadora de basura puede recoger estos desechos m\u00e9dicos, comprimirlos y empaquetarlos para un tratamiento unificado.<\/p>    <h3 class=\"wp-block-heading\">Escuela<\/h3>    <figure class=\"wp-block-gallery has-nested-images columns-default is-cropped wp-block-gallery-3 is-layout-flex wp-block-gallery-is-layout-flex\"> <figure class=\"wp-block-image size-large\"><img loading=\"lazy\" decoding=\"async\" width=\"720\" height=\"540\" data-id=\"3079\" src=\"https:\/\/shuliybaler.com\/wp-content\/uploads\/2023\/01\/after-baling.webp\" alt=\"despu\u00e9s del empacado\" class=\"wp-image-3079\" title=\"\" srcset=\"https:\/\/shuliybaler.com\/wp-content\/uploads\/2023\/01\/after-baling.webp 720w, https:\/\/shuliybaler.com\/wp-content\/uploads\/2023\/01\/after-baling-360x270.webp 360w, https:\/\/shuliybaler.com\/wp-content\/uploads\/2023\/01\/after-baling-180x135.webp 180w\" sizes=\"auto, (max-width: 720px) 100vw, 720px\" \/><figcaption class=\"wp-element-caption\">Despu\u00e9s del empacado<\/figcaption><\/figure>    <figure class=\"wp-block-image size-large\"><img loading=\"lazy\" decoding=\"async\" width=\"720\" height=\"540\" data-id=\"3082\" src=\"https:\/\/shuliybaler.com\/wp-content\/uploads\/2023\/01\/after-baling-3.webp\" alt=\"despu\u00e9s del empacado\" class=\"wp-image-3082\" title=\"\" srcset=\"https:\/\/shuliybaler.com\/wp-content\/uploads\/2023\/01\/after-baling-3.webp 720w, https:\/\/shuliybaler.com\/wp-content\/uploads\/2023\/01\/after-baling-3-360x270.webp 360w, https:\/\/shuliybaler.com\/wp-content\/uploads\/2023\/01\/after-baling-3-180x135.webp 180w\" sizes=\"auto, (max-width: 720px) 100vw, 720px\" \/><figcaption class=\"wp-element-caption\">Despu\u00e9s del empacado<\/figcaption><\/figure>    <figure class=\"wp-block-image size-large\"><img loading=\"lazy\" decoding=\"async\" width=\"720\" height=\"540\" data-id=\"3080\" src=\"https:\/\/shuliybaler.com\/wp-content\/uploads\/2023\/01\/after-baling-1.webp\" alt=\"despu\u00e9s del empacado\" class=\"wp-image-3080\" title=\"\" srcset=\"https:\/\/shuliybaler.com\/wp-content\/uploads\/2023\/01\/after-baling-1.webp 720w, https:\/\/shuliybaler.com\/wp-content\/uploads\/2023\/01\/after-baling-1-360x270.webp 360w, https:\/\/shuliybaler.com\/wp-content\/uploads\/2023\/01\/after-baling-1-180x135.webp 180w\" sizes=\"auto, (max-width: 720px) 100vw, 720px\" \/><figcaption class=\"wp-element-caption\">Despu\u00e9s del empacado<\/figcaption><\/figure>    <figure class=\"wp-block-image size-large\"><img loading=\"lazy\" decoding=\"async\" width=\"720\" height=\"540\" data-id=\"3081\" src=\"https:\/\/shuliybaler.com\/wp-content\/uploads\/2023\/01\/after-baling-2.webp\" alt=\"despu\u00e9s del empacado\" class=\"wp-image-3081\" title=\"\" srcset=\"https:\/\/shuliybaler.com\/wp-content\/uploads\/2023\/01\/after-baling-2.webp 720w, https:\/\/shuliybaler.com\/wp-content\/uploads\/2023\/01\/after-baling-2-360x270.webp 360w, https:\/\/shuliybaler.com\/wp-content\/uploads\/2023\/01\/after-baling-2-180x135.webp 180w\" sizes=\"auto, (max-width: 720px) 100vw, 720px\" \/><figcaption class=\"wp-element-caption\">Despu\u00e9s del empacado<\/figcaption><\/figure> <\/figure>    <p>La escuela tiene una gran cantidad de papel usado, mesas, sillas viejas, etc. que necesitan ser reciclados y empaquetados. El uso de empacadoras de basura en las escuelas puede resultar de gran utilidad. En particular, parte del papel se puede reciclar, lo que resulta beneficioso para la protecci\u00f3n del medio ambiente.<\/p>    <h2 class=\"wp-block-heading\">Beneficios de utilizar una m\u00e1quina compactadora de basura<\/h2>    <figure class=\"wp-block-gallery has-nested-images columns-2 is-cropped wp-block-gallery-4 is-layout-flex wp-block-gallery-is-layout-flex\"> <figure class=\"wp-block-image size-large\"><img loading=\"lazy\" decoding=\"async\" width=\"720\" height=\"540\" data-id=\"3070\" src=\"https:\/\/shuliybaler.com\/wp-content\/uploads\/2023\/01\/Trash-compactor-machine-2.webp\" alt=\"M\u00e1quina compactadora de basura\" class=\"wp-image-3070\" title=\"\" srcset=\"https:\/\/shuliybaler.com\/wp-content\/uploads\/2023\/01\/Trash-compactor-machine-2.webp 720w, https:\/\/shuliybaler.com\/wp-content\/uploads\/2023\/01\/Trash-compactor-machine-2-360x270.webp 360w, https:\/\/shuliybaler.com\/wp-content\/uploads\/2023\/01\/Trash-compactor-machine-2-180x135.webp 180w\" sizes=\"auto, (max-width: 720px) 100vw, 720px\" \/><figcaption class=\"wp-element-caption\">M\u00e1quina compactadora de basura<\/figcaption><\/figure>    <figure class=\"wp-block-image size-large\"><img loading=\"lazy\" decoding=\"async\" width=\"720\" height=\"540\" data-id=\"3071\" src=\"https:\/\/shuliybaler.com\/wp-content\/uploads\/2023\/01\/Trash-compactor-machine-3.webp\" alt=\"M\u00e1quina compactadora de basura\" class=\"wp-image-3071\" title=\"\" srcset=\"https:\/\/shuliybaler.com\/wp-content\/uploads\/2023\/01\/Trash-compactor-machine-3.webp 720w, https:\/\/shuliybaler.com\/wp-content\/uploads\/2023\/01\/Trash-compactor-machine-3-360x270.webp 360w, https:\/\/shuliybaler.com\/wp-content\/uploads\/2023\/01\/Trash-compactor-machine-3-180x135.webp 180w\" sizes=\"auto, (max-width: 720px) 100vw, 720px\" \/><figcaption class=\"wp-element-caption\">M\u00e1quina compactadora de basura<\/figcaption><\/figure>    <figure class=\"wp-block-image size-large\"><img loading=\"lazy\" decoding=\"async\" width=\"720\" height=\"540\" data-id=\"3073\" src=\"https:\/\/shuliybaler.com\/wp-content\/uploads\/2023\/01\/Trash-compactor-machine-5.webp\" alt=\"M\u00e1quina compactadora de basura \" class=\"wp-image-3073\" title=\"\" srcset=\"https:\/\/shuliybaler.com\/wp-content\/uploads\/2023\/01\/Trash-compactor-machine-5.webp 720w, https:\/\/shuliybaler.com\/wp-content\/uploads\/2023\/01\/Trash-compactor-machine-5-360x270.webp 360w, https:\/\/shuliybaler.com\/wp-content\/uploads\/2023\/01\/Trash-compactor-machine-5-180x135.webp 180w\" sizes=\"auto, (max-width: 720px) 100vw, 720px\" \/><figcaption class=\"wp-element-caption\">M\u00e1quina compactadora de basura <\/figcaption><\/figure>    <figure class=\"wp-block-image size-large\"><img loading=\"lazy\" decoding=\"async\" width=\"720\" height=\"540\" data-id=\"3072\" src=\"https:\/\/shuliybaler.com\/wp-content\/uploads\/2023\/01\/Trash-compactor-machine-4.webp\" alt=\"F\u00e1brica de m\u00e1quinas compactadoras de basura \" class=\"wp-image-3072\" title=\"\" srcset=\"https:\/\/shuliybaler.com\/wp-content\/uploads\/2023\/01\/Trash-compactor-machine-4.webp 720w, https:\/\/shuliybaler.com\/wp-content\/uploads\/2023\/01\/Trash-compactor-machine-4-360x270.webp 360w, https:\/\/shuliybaler.com\/wp-content\/uploads\/2023\/01\/Trash-compactor-machine-4-180x135.webp 180w\" sizes=\"auto, (max-width: 720px) 100vw, 720px\" \/><figcaption class=\"wp-element-caption\">F\u00e1brica de m\u00e1quinas compactadoras de basura <\/figcaption><\/figure> <\/figure>    <h2 class=\"wp-block-heading\">Reducir los costos operativos<\/h2>    <p>Una gesti\u00f3n y control adecuados de los residuos pueden reducir los costes operativos. La compactaci\u00f3n de desechos, basura y basura reduce la necesidad de recolectar basura, as\u00ed como la necesidad de contenedores y contenedores para desechos.<\/p>    <h2 class=\"wp-block-heading\">Mejorar la eficiencia de la eliminaci\u00f3n de residuos<\/h2>    <p>La eliminaci\u00f3n de basura es un proyecto muy grande y lleva mucho tiempo eliminarla. Despu\u00e9s de comprimir el volumen de basura, se ahorrar\u00e1 tiempo en manipulaci\u00f3n y transporte.<\/p>    <h2 class=\"wp-block-heading\">aumentar el espacio<\/h2>   <div class=\"wp-block-image\"> <figure class=\"aligncenter size-full\"><img loading=\"lazy\" decoding=\"async\" width=\"720\" height=\"540\" src=\"https:\/\/shuliybaler.com\/wp-content\/uploads\/2023\/01\/garbage-baler-machine.webp\" alt=\"m\u00e1quina empacadora de basuram\u00e1quina empacadora de basura\" class=\"wp-image-3083\" title=\"\" srcset=\"https:\/\/shuliybaler.com\/wp-content\/uploads\/2023\/01\/garbage-baler-machine.webp 720w, https:\/\/shuliybaler.com\/wp-content\/uploads\/2023\/01\/garbage-baler-machine-360x270.webp 360w, https:\/\/shuliybaler.com\/wp-content\/uploads\/2023\/01\/garbage-baler-machine-180x135.webp 180w\" sizes=\"auto, (max-width: 720px) 100vw, 720px\" \/><figcaption class=\"wp-element-caption\">m\u00e1quina empacadora de basura<\/figcaption><\/figure> <\/div>   <p>Los compactadores de basura pueden manejar desechos voluminosos y que ocupan mucho espacio, lo que reduce la huella de su empresa. Los trozos grandes de residuos se pueden convertir en peque\u00f1os cubos o bloques manejables, lo que hace que los residuos sean m\u00e1s f\u00e1ciles de manipular y ocupen menos espacio.<\/p>    <h2 class=\"wp-block-heading\">F\u00e1cil de usar<\/h2>    <p>La instalaci\u00f3n y el uso del compactador son simples, convenientes y eficientes. El usuario s\u00f3lo necesita accionar el bot\u00f3n y cualquier miembro del personal de la empresa puede operar el compactador con la orientaci\u00f3n adecuada.<\/p>    <h2 class=\"wp-block-heading\">Seguridad de la m\u00e1quina compactadora de basura<\/h2>   <div class=\"wp-block-image\"> <figure class=\"aligncenter size-full\"><img loading=\"lazy\" decoding=\"async\" width=\"720\" height=\"540\" src=\"https:\/\/shuliybaler.com\/wp-content\/uploads\/2023\/01\/Trash-compactor-machine-6.webp\" alt=\"M\u00e1quina compactadora de basura \" class=\"wp-image-3074\" title=\"\" srcset=\"https:\/\/shuliybaler.com\/wp-content\/uploads\/2023\/01\/Trash-compactor-machine-6.webp 720w, https:\/\/shuliybaler.com\/wp-content\/uploads\/2023\/01\/Trash-compactor-machine-6-360x270.webp 360w, https:\/\/shuliybaler.com\/wp-content\/uploads\/2023\/01\/Trash-compactor-machine-6-180x135.webp 180w\" sizes=\"auto, (max-width: 720px) 100vw, 720px\" \/><figcaption class=\"wp-element-caption\">M\u00e1quina compactadora de basura <\/figcaption><\/figure> <\/div>   <p>La basura acumulada durante mucho tiempo tendr\u00e1 propiedades nocivas. Cuando se permite almacenar basura h\u00fameda, se pudre y desarrolla un olor que puede ser da\u00f1ino y potencialmente peligroso. La basura y los desechos se pueden eliminar f\u00e1cilmente con un compactador de basura que compacta la basura cargada de olores y evita la producci\u00f3n de grandes cantidades de productos qu\u00edmicos t\u00f3xicos.<\/p>    <h2 class=\"wp-block-heading\">Par\u00e1metro de la m\u00e1quina empacadora de basura<\/h2>    <figure class=\"wp-block-table\"><table><tbody><tr><td>Modelo<\/td><td>Fuerza nominal (kn)<\/td><td>c\u00e1mara de compresi\u00f3n (mm)<\/td><td>Tama\u00f1o de bloque<br>(mm)<\/td><td>Densidad del bloque (kg\/m 3 )<\/td><td>Capacidad (kg\/h)<\/td><td>potencia (kW)<\/td><td>Operaci\u00f3n de descarga de fardos<\/td><\/tr><tr><td>Y81-1600<\/td><td>1600<\/td><td>1600\u00d71000\u00d7800<\/td><td>300\u00d7300\u00d7(400-800)<\/td><td>\u22652000<\/td><td>2000 kg\/h-3000 kg\/h<\/td><td>22<\/td><td>Volumen de negocios, operaci\u00f3n de v\u00e1lvula manual<\/td><\/tr><\/tbody><\/table><figcaption class=\"wp-element-caption\">Par\u00e1metro de la m\u00e1quina empacadora de basura<\/figcaption><\/figure>","protected":false},"excerpt":{"rendered":"<p>La m\u00e1quina compactadora de basura, tambi\u00e9n llamada empacadora de basura, exprime el aire, el l\u00edquido y el agua mediante extrusi\u00f3n y reduce el volumen de basura mediante compresi\u00f3n para reducir el espacio del vertedero. Los compactadores de basura se han convertido en importantes equipos de procesamiento para la protecci\u00f3n del medio ambiente.<\/p>","protected":false},"author":1,"featured_media":3066,"parent":0,"template":"","tags":[],"product-type":[41],"class_list":["post-3065","product","type-product","status-publish","has-post-thumbnail","hentry","product-type-metal-baler-machine"],"_links":{"self":[{"href":"https:\/\/shuliybaler.com\/es\/wp-json\/wp\/v2\/product\/3065","targetHints":{"allow":["GET"]}}],"collection":[{"href":"https:\/\/shuliybaler.com\/es\/wp-json\/wp\/v2\/product"}],"about":[{"href":"https:\/\/shuliybaler.com\/es\/wp-json\/wp\/v2\/types\/product"}],"author":[{"embeddable":true,"href":"https:\/\/shuliybaler.com\/es\/wp-json\/wp\/v2\/users\/1"}],"wp:featuredmedia":[{"embeddable":true,"href":"https:\/\/shuliybaler.com\/es\/wp-json\/wp\/v2\/media\/3066"}],"wp:attachment":[{"href":"https:\/\/shuliybaler.com\/es\/wp-json\/wp\/v2\/media?parent=3065"}],"wp:term":[{"taxonomy":"post_tag","embeddable":true,"href":"https:\/\/shuliybaler.com\/es\/wp-json\/wp\/v2\/tags?post=3065"},{"taxonomy":"product-type","embeddable":true,"href":"https:\/\/shuliybaler.com\/es\/wp-json\/wp\/v2\/product-type?post=3065"}],"curies":[{"name":"wp","href":"https:\/\/api.w.org\/{rel}","templated":true}]}}