{"id":3091,"date":"2023-01-17T16:45:15","date_gmt":"2023-01-17T08:45:15","guid":{"rendered":"https:\/\/shuliybaler.com\/?post_type=product&#038;p=3091"},"modified":"2023-01-18T09:01:05","modified_gmt":"2023-01-18T01:01:05","slug":"used-clothes-baling-machine","status":"publish","type":"product","link":"https:\/\/shuliybaler.com\/es\/product\/empacadora-de-ropa-usada\/","title":{"rendered":"M\u00e1quina empacadora de ropa usada para prensar"},"content":{"rendered":"<p>La m\u00e1quina empacadora de ropa se utiliza para empacar y comprimir materiales sueltos como ropa vieja, algod\u00f3n, ropa, hilos de algod\u00f3n, etc. La empacadora exprime los espacios en la ropa para reducir el \u00e1rea ocupada por la ropa. Las empacadoras de ropa se utilizan generalmente para reciclar ropa y zapatos usados, lo que puede ahorrar 80% de espacio despu\u00e9s de la compresi\u00f3n. Las empacadoras son m\u00e1quinas populares en las industrias ambiental y de reciclaje.<\/p>    <h2 class=\"wp-block-heading\">Dos tipos de m\u00e1quinas empacadoras de ropa.<\/h2>    <figure class=\"wp-block-gallery has-nested-images columns-default is-cropped wp-block-gallery-2 is-layout-flex wp-block-gallery-is-layout-flex\"> <figure class=\"wp-block-image size-large\"><img loading=\"lazy\" decoding=\"async\" width=\"720\" height=\"540\" data-id=\"3094\" src=\"https:\/\/shuliybaler.com\/wp-content\/uploads\/2023\/01\/Horizontal-clothes-baling-machine.webp\" alt=\"Empacadora de ropa horizontal\" class=\"wp-image-3094\" title=\"\" srcset=\"https:\/\/shuliybaler.com\/wp-content\/uploads\/2023\/01\/Horizontal-clothes-baling-machine.webp 720w, https:\/\/shuliybaler.com\/wp-content\/uploads\/2023\/01\/Horizontal-clothes-baling-machine-360x270.webp 360w, https:\/\/shuliybaler.com\/wp-content\/uploads\/2023\/01\/Horizontal-clothes-baling-machine-180x135.webp 180w\" sizes=\"auto, (max-width: 720px) 100vw, 720px\" \/><figcaption class=\"wp-element-caption\">M\u00e1quina empacadora de ropa horizontal<\/figcaption><\/figure>    <figure class=\"wp-block-image size-large\"><img loading=\"lazy\" decoding=\"async\" width=\"720\" height=\"540\" data-id=\"3093\" src=\"https:\/\/shuliybaler.com\/wp-content\/uploads\/2023\/01\/Vertical-clothes-baling-machine.webp\" alt=\"Empacadora de ropa vertical\" class=\"wp-image-3093\" title=\"\" srcset=\"https:\/\/shuliybaler.com\/wp-content\/uploads\/2023\/01\/Vertical-clothes-baling-machine.webp 720w, https:\/\/shuliybaler.com\/wp-content\/uploads\/2023\/01\/Vertical-clothes-baling-machine-360x270.webp 360w, https:\/\/shuliybaler.com\/wp-content\/uploads\/2023\/01\/Vertical-clothes-baling-machine-180x135.webp 180w\" sizes=\"auto, (max-width: 720px) 100vw, 720px\" \/><figcaption class=\"wp-element-caption\">M\u00e1quina empacadora de ropa vertical<\/figcaption><\/figure> <\/figure>    <h3 class=\"wp-block-heading\">Empacadora de ropa vertical<\/h3>    <p class=\"translation-block\">La <a href=\"https:\/\/shuliybaler.com\/es\/product\/empacadora-de-metal-vertical\/\" data-type=\"URL\" data-id=\"https:\/\/shuliybaler.com\/product\/vertical-metal-baler\/\">m\u00e1quina de balas vertical<\/a> es una peque\u00f1a m\u00e1quina de balas de ropa, que puede poner ropa desechada en la tolva, y luego la m\u00e1quina de balas hidr\u00e1ulica puede comprimir la ropa.<\/p>    <h4 class=\"wp-block-heading\">Par\u00e1metros de la empacadora vertical<\/h4>   <div class=\"wp-block-image\"> <figure class=\"aligncenter size-full\"><img loading=\"lazy\" decoding=\"async\" width=\"720\" height=\"540\" src=\"https:\/\/shuliybaler.com\/wp-content\/uploads\/2023\/01\/Vertical-balers.webp\" alt=\"Empacadoras verticales\" class=\"wp-image-3095\" title=\"\" srcset=\"https:\/\/shuliybaler.com\/wp-content\/uploads\/2023\/01\/Vertical-balers.webp 720w, https:\/\/shuliybaler.com\/wp-content\/uploads\/2023\/01\/Vertical-balers-360x270.webp 360w, https:\/\/shuliybaler.com\/wp-content\/uploads\/2023\/01\/Vertical-balers-180x135.webp 180w\" sizes=\"auto, (max-width: 720px) 100vw, 720px\" \/><figcaption class=\"wp-element-caption\">Empacadoras verticales<\/figcaption><\/figure> <\/div>   <figure class=\"wp-block-table\"><table><tbody><tr><td>Modelo<\/td><td>SL-10T<\/td><td>SL-20T<\/td><td>SL-30T<\/td><td>SL-60T<\/td><td>SL-80T<\/td><\/tr><tr><td>Potencia (kW)<\/td><td>5.5<\/td><td>7.5<\/td><td>11<\/td><td>15<\/td><td>17<\/td><\/tr><tr><td>paquete (mm)<\/td><td>800*400*800<\/td><td>800*400*800<\/td><td>800*400*600<\/td><td>1150*750*1000<\/td><td>1150*750*1000<\/td><\/tr><tr><td>presi\u00f3n (mm)<\/td><td>1000<\/td><td>1000<\/td><td>1000<\/td><td>1100<\/td><td>1100<\/td><\/tr><tr><td>dimensi\u00f3n (mm)<\/td><td>1400*700*2900<\/td><td>1400*700*2950<\/td><td>1450*800*2950<\/td><td>1700*1000*3200<\/td><td>1800*1000*3200<\/td><\/tr><tr><td>Cilindro de aceite<\/td><td>125<\/td><td>160<\/td><td>160<\/td><td>160<\/td><td>180<\/td><\/tr><tr><td>Velocidad de empacado (p\/min)<\/td><td>8-10<\/td><td>8-10<\/td><td>8-10<\/td><td>6-10<\/td><td>6-10<\/td><\/tr><tr><td>Peso (kg)<\/td><td>400<\/td><td>850<\/td><td>950<\/td><td>1600<\/td><td>2000<\/td><\/tr><\/tbody><\/table><figcaption class=\"wp-element-caption\">Par\u00e1metros de la empacadora vertical<\/figcaption><\/figure>    <h3 class=\"wp-block-heading\">Empacadora de ropa horizontal<\/h3>    <figure class=\"wp-block-gallery has-nested-images columns-default is-cropped wp-block-gallery-3 is-layout-flex wp-block-gallery-is-layout-flex\"> <figure class=\"wp-block-image size-large\"><img loading=\"lazy\" decoding=\"async\" width=\"720\" height=\"540\" data-id=\"3097\" src=\"https:\/\/shuliybaler.com\/wp-content\/uploads\/2023\/01\/Automatic-horizontal-baler.webp\" alt=\"Empacadora horizontal autom\u00e1tica\" class=\"wp-image-3097\" title=\"\" srcset=\"https:\/\/shuliybaler.com\/wp-content\/uploads\/2023\/01\/Automatic-horizontal-baler.webp 720w, https:\/\/shuliybaler.com\/wp-content\/uploads\/2023\/01\/Automatic-horizontal-baler-360x270.webp 360w, https:\/\/shuliybaler.com\/wp-content\/uploads\/2023\/01\/Automatic-horizontal-baler-180x135.webp 180w\" sizes=\"auto, (max-width: 720px) 100vw, 720px\" \/><figcaption class=\"wp-element-caption\">Empacadora horizontal autom\u00e1tica<\/figcaption><\/figure>    <figure class=\"wp-block-image size-large\"><img loading=\"lazy\" decoding=\"async\" width=\"720\" height=\"540\" data-id=\"3096\" src=\"https:\/\/shuliybaler.com\/wp-content\/uploads\/2023\/01\/Automatic-horizontal-baler-conveyor-belt.webp\" alt=\"Cinta transportadora empacadora horizontal autom\u00e1tica\" class=\"wp-image-3096\" title=\"\" srcset=\"https:\/\/shuliybaler.com\/wp-content\/uploads\/2023\/01\/Automatic-horizontal-baler-conveyor-belt.webp 720w, https:\/\/shuliybaler.com\/wp-content\/uploads\/2023\/01\/Automatic-horizontal-baler-conveyor-belt-360x270.webp 360w, https:\/\/shuliybaler.com\/wp-content\/uploads\/2023\/01\/Automatic-horizontal-baler-conveyor-belt-180x135.webp 180w\" sizes=\"auto, (max-width: 720px) 100vw, 720px\" \/><figcaption class=\"wp-element-caption\">Cinta transportadora empacadora horizontal autom\u00e1tica<\/figcaption><\/figure> <\/figure>    <p class=\"translation-block\">La <a href=\"https:\/\/shuliybaler.com\/es\/product\/maquina-empacadora-de-papel-usado\/\" data-type=\"URL\" data-id=\"https:\/\/shuliybaler.com\/product\/waste-paper-baler-machine\/\">m\u00e1quina de balas horizontal<\/a> es un tipo m\u00e1s grande de m\u00e1quina de balas, adecuada para producci\u00f3n completamente autom\u00e1tica, y se puede utilizar en combinaci\u00f3n con la cinta transportadora para colocar ropa de segunda mano directamente en la cinta transportadora, y luego transportarlas a la m\u00e1quina de balas de ropa horizontal para empaquetar y comprimir.<\/p>    <h4 class=\"wp-block-heading\">Par\u00e1metros de la empacadora horizontal<\/h4>    <figure class=\"wp-block-gallery has-nested-images columns-2 is-cropped wp-block-gallery-4 is-layout-flex wp-block-gallery-is-layout-flex\"> <figure class=\"wp-block-image size-large\"><img loading=\"lazy\" decoding=\"async\" width=\"720\" height=\"540\" data-id=\"3098\" src=\"https:\/\/shuliybaler.com\/wp-content\/uploads\/2023\/01\/Horizontal-baler-parameters.webp\" alt=\"empacadora horizontal \" class=\"wp-image-3098\" title=\"\" srcset=\"https:\/\/shuliybaler.com\/wp-content\/uploads\/2023\/01\/Horizontal-baler-parameters.webp 720w, https:\/\/shuliybaler.com\/wp-content\/uploads\/2023\/01\/Horizontal-baler-parameters-360x270.webp 360w, https:\/\/shuliybaler.com\/wp-content\/uploads\/2023\/01\/Horizontal-baler-parameters-180x135.webp 180w\" sizes=\"auto, (max-width: 720px) 100vw, 720px\" \/><figcaption class=\"wp-element-caption\">Empacadora horizontal <\/figcaption><\/figure>    <figure class=\"wp-block-image size-large\"><img loading=\"lazy\" decoding=\"async\" width=\"720\" height=\"540\" data-id=\"3099\" src=\"https:\/\/shuliybaler.com\/wp-content\/uploads\/2023\/01\/Horizontal-baler-parameters-1.webp\" alt=\"empacadora horizontal \" class=\"wp-image-3099\" title=\"\" srcset=\"https:\/\/shuliybaler.com\/wp-content\/uploads\/2023\/01\/Horizontal-baler-parameters-1.webp 720w, https:\/\/shuliybaler.com\/wp-content\/uploads\/2023\/01\/Horizontal-baler-parameters-1-360x270.webp 360w, https:\/\/shuliybaler.com\/wp-content\/uploads\/2023\/01\/Horizontal-baler-parameters-1-180x135.webp 180w\" sizes=\"auto, (max-width: 720px) 100vw, 720px\" \/><figcaption class=\"wp-element-caption\">Empacadora horizontal <\/figcaption><\/figure>    <figure class=\"wp-block-image size-large\"><img loading=\"lazy\" decoding=\"async\" width=\"720\" height=\"540\" data-id=\"3101\" src=\"https:\/\/shuliybaler.com\/wp-content\/uploads\/2023\/01\/Horizontal-baler-parameters-3.webp\" alt=\"empacadora horizontal \" class=\"wp-image-3101\" title=\"\" srcset=\"https:\/\/shuliybaler.com\/wp-content\/uploads\/2023\/01\/Horizontal-baler-parameters-3.webp 720w, https:\/\/shuliybaler.com\/wp-content\/uploads\/2023\/01\/Horizontal-baler-parameters-3-360x270.webp 360w, https:\/\/shuliybaler.com\/wp-content\/uploads\/2023\/01\/Horizontal-baler-parameters-3-180x135.webp 180w\" sizes=\"auto, (max-width: 720px) 100vw, 720px\" \/><figcaption class=\"wp-element-caption\">Empacadora horizontal <\/figcaption><\/figure>    <figure class=\"wp-block-image size-large\"><img loading=\"lazy\" decoding=\"async\" width=\"720\" height=\"540\" data-id=\"3100\" src=\"https:\/\/shuliybaler.com\/wp-content\/uploads\/2023\/01\/Horizontal-baler-parameters-2.webp\" alt=\"empacadora horizontal \" class=\"wp-image-3100\" title=\"\" srcset=\"https:\/\/shuliybaler.com\/wp-content\/uploads\/2023\/01\/Horizontal-baler-parameters-2.webp 720w, https:\/\/shuliybaler.com\/wp-content\/uploads\/2023\/01\/Horizontal-baler-parameters-2-360x270.webp 360w, https:\/\/shuliybaler.com\/wp-content\/uploads\/2023\/01\/Horizontal-baler-parameters-2-180x135.webp 180w\" sizes=\"auto, (max-width: 720px) 100vw, 720px\" \/><figcaption class=\"wp-element-caption\">Empacadora horizontal <\/figcaption><\/figure> <\/figure>    <figure class=\"wp-block-table\"><table><tbody><tr><td>MODELO<\/td><td>ZW-B<\/td><\/tr><tr><td>M\u00e1ximo. di\u00e1metro exterior del neum\u00e1tico<\/td><td>750 mm<\/td><\/tr><tr><td>El di\u00e1metro interior m\u00ednimo del neum\u00e1tico.<\/td><td>300 mm<\/td><\/tr><tr><td>Ancho m\u00e1ximo del neum\u00e1tico<\/td><td>280 mm<\/td><\/tr><tr><td>Di\u00e1metro m\u00e1ximo de la bolsa&nbsp;<\/td><td>200 mm<\/td><\/tr><tr><td>Ancho de la cinta de embalaje&nbsp;<\/td><td>40-70 mm<\/td><\/tr><tr><td>Tensi\u00f3n de alimentaci\u00f3n&nbsp;<\/td><td>380v<\/td><\/tr><tr><td>Velocidad de trabajo&nbsp;<\/td><td>20-30 segundos\/tira<\/td><\/tr><tr><td>Modelo<\/td><td>LZW-3H<\/td><\/tr><tr><td>Rango de di\u00e1metro interior del neum\u00e1tico de embalaje&nbsp;<\/td><td>305-510 mm<\/td><\/tr><tr><td>Ancho del neum\u00e1tico de embalaje&nbsp;<\/td><td>150-280 mm<\/td><\/tr><tr><td>El di\u00e1metro exterior del neum\u00e1tico de embalaje.&nbsp;<\/td><td>750 mm<\/td><\/tr><tr><td>Material de embalaje&nbsp;<\/td><td>Cinta de embalaje, cinta de papel compuesto, pel\u00edcula enrollada estirable<\/td><\/tr><tr><td>Ancho de la cinta de embalaje&nbsp;<\/td><td>60-80 mm<\/td><\/tr><tr><td>El di\u00e1metro exterior de la cinta de embalaje.&nbsp;<\/td><td>200 mm (m\u00e1ximo)<\/td><\/tr><tr><td>Altura del rodillo&nbsp;<\/td><td>360 mm<\/td><\/tr><tr><td>Rodillo de rodamiento&nbsp;<\/td><td>200 kilos<\/td><\/tr><tr><td>Gama de superposici\u00f3n de cintas de embalaje&nbsp;<\/td><td>30%-70%<\/td><\/tr><tr><td>Eficiencia de producci\u00f3n<\/td><td>750\/R20<\/td><\/tr><\/tbody><\/table><figcaption class=\"wp-element-caption\">Par\u00e1metros de la empacadora horizontal<\/figcaption><\/figure>    <h2 class=\"wp-block-heading\">\u00bfQu\u00e9 materiales puede procesar la m\u00e1quina empacadora de ropa?<\/h2>    <figure class=\"wp-block-gallery has-nested-images columns-default is-cropped wp-block-gallery-5 is-layout-flex wp-block-gallery-is-layout-flex\"> <figure class=\"wp-block-image size-large\"><img loading=\"lazy\" decoding=\"async\" width=\"720\" height=\"540\" data-id=\"3102\" src=\"https:\/\/shuliybaler.com\/wp-content\/uploads\/2023\/01\/clothes-baling-machine.webp\" alt=\"m\u00e1quina empacadora de ropa\" class=\"wp-image-3102\" title=\"\" srcset=\"https:\/\/shuliybaler.com\/wp-content\/uploads\/2023\/01\/clothes-baling-machine.webp 720w, https:\/\/shuliybaler.com\/wp-content\/uploads\/2023\/01\/clothes-baling-machine-360x270.webp 360w, https:\/\/shuliybaler.com\/wp-content\/uploads\/2023\/01\/clothes-baling-machine-180x135.webp 180w\" sizes=\"auto, (max-width: 720px) 100vw, 720px\" \/><figcaption class=\"wp-element-caption\">M\u00e1quina empacadora de ropa<\/figcaption><\/figure>    <figure class=\"wp-block-image size-large\"><img loading=\"lazy\" decoding=\"async\" width=\"720\" height=\"540\" data-id=\"3103\" src=\"https:\/\/shuliybaler.com\/wp-content\/uploads\/2023\/01\/clothes-baling-machine-1.webp\" alt=\"m\u00e1quina empacadora de ropa\" class=\"wp-image-3103\" title=\"\" srcset=\"https:\/\/shuliybaler.com\/wp-content\/uploads\/2023\/01\/clothes-baling-machine-1.webp 720w, https:\/\/shuliybaler.com\/wp-content\/uploads\/2023\/01\/clothes-baling-machine-1-360x270.webp 360w, https:\/\/shuliybaler.com\/wp-content\/uploads\/2023\/01\/clothes-baling-machine-1-180x135.webp 180w\" sizes=\"auto, (max-width: 720px) 100vw, 720px\" \/><figcaption class=\"wp-element-caption\">M\u00e1quina empacadora de ropa<\/figcaption><\/figure> <\/figure>    <p class=\"translation-block\">Los materiales que pueden ser empaquetados por la m\u00e1quina de balas incluyen <a href=\"https:\/\/en.wikipedia.org\/wiki\/Cotton\" data-type=\"URL\" data-id=\"https:\/\/en.wikipedia.org\/wiki\/Cotton\" target=\"_blank\" rel=\"noopener\">algod\u00f3n<\/a>, basura reciclable, papel desechado, <a href=\"https:\/\/en.wikipedia.org\/wiki\/Scrap\" data-type=\"URL\" data-id=\"https:\/\/en.wikipedia.org\/wiki\/Scrap\" target=\"_blank\" rel=\"noopener\">chatarra<\/a>, botellas de pl\u00e1stico, latas, bolsas de pl\u00e1stico, etc., especialmente para algunos productos con grandes espacios y grandes huecos, el efecto ser\u00e1 m\u00e1s significativo.<\/p>    <h2 class=\"wp-block-heading\">\u00bfPor qu\u00e9 utilizar una empacadora de ropa?<\/h2>    <figure class=\"wp-block-gallery has-nested-images columns-default is-cropped wp-block-gallery-6 is-layout-flex wp-block-gallery-is-layout-flex\"> <figure class=\"wp-block-image size-large\"><img loading=\"lazy\" decoding=\"async\" width=\"720\" height=\"540\" data-id=\"3108\" src=\"https:\/\/shuliybaler.com\/wp-content\/uploads\/2023\/01\/clothes-baling-3.webp\" alt=\"empacado de ropa\" class=\"wp-image-3108\" title=\"\" srcset=\"https:\/\/shuliybaler.com\/wp-content\/uploads\/2023\/01\/clothes-baling-3.webp 720w, https:\/\/shuliybaler.com\/wp-content\/uploads\/2023\/01\/clothes-baling-3-360x270.webp 360w, https:\/\/shuliybaler.com\/wp-content\/uploads\/2023\/01\/clothes-baling-3-180x135.webp 180w\" sizes=\"auto, (max-width: 720px) 100vw, 720px\" \/><figcaption class=\"wp-element-caption\">Empacado de ropa<\/figcaption><\/figure>    <figure class=\"wp-block-image size-large\"><img loading=\"lazy\" decoding=\"async\" width=\"720\" height=\"540\" data-id=\"3104\" src=\"https:\/\/shuliybaler.com\/wp-content\/uploads\/2023\/01\/clothes-baling.webp\" alt=\"empacado de ropa\" class=\"wp-image-3104\" title=\"\" srcset=\"https:\/\/shuliybaler.com\/wp-content\/uploads\/2023\/01\/clothes-baling.webp 720w, https:\/\/shuliybaler.com\/wp-content\/uploads\/2023\/01\/clothes-baling-360x270.webp 360w, https:\/\/shuliybaler.com\/wp-content\/uploads\/2023\/01\/clothes-baling-180x135.webp 180w\" sizes=\"auto, (max-width: 720px) 100vw, 720px\" \/><figcaption class=\"wp-element-caption\">Empacado de ropa<\/figcaption><\/figure>    <figure class=\"wp-block-image size-large\"><img loading=\"lazy\" decoding=\"async\" width=\"720\" height=\"540\" data-id=\"3105\" src=\"https:\/\/shuliybaler.com\/wp-content\/uploads\/2023\/01\/clothes-baling-1.webp\" alt=\"empacado de ropa\" class=\"wp-image-3105\" title=\"\" srcset=\"https:\/\/shuliybaler.com\/wp-content\/uploads\/2023\/01\/clothes-baling-1.webp 720w, https:\/\/shuliybaler.com\/wp-content\/uploads\/2023\/01\/clothes-baling-1-360x270.webp 360w, https:\/\/shuliybaler.com\/wp-content\/uploads\/2023\/01\/clothes-baling-1-180x135.webp 180w\" sizes=\"auto, (max-width: 720px) 100vw, 720px\" \/><figcaption class=\"wp-element-caption\">Empacado de ropa<\/figcaption><\/figure> <\/figure>    <ol class=\"wp-block-list\"> <li>Reduzca el volumen de manipulaci\u00f3n de materiales y mejore la eficiencia del transporte<\/li>    <li>Ahorros al evitar la eliminaci\u00f3n de materiales<\/li>    <li>Generar ingresos por ventas de materiales de embalaje.<\/li>    <li>Cumplir o superar las normas de la industria para maximizar el valor del producto.<\/li> <\/ol>    <figure class=\"wp-block-embed is-type-video is-provider-youtube wp-block-embed-youtube wp-embed-aspect-16-9 wp-has-aspect-ratio\"><div class=\"wp-block-embed__wrapper\"> <iframe loading=\"lazy\" title=\"Dos tipos de empacadoras de ropa usadas | empacadora de ropa vertical | empacadora de ropa horizontal\" width=\"500\" height=\"281\" src=\"https:\/\/www.youtube.com\/embed\/UJUC6do1EKU?feature=oembed\" frameborder=\"0\" allow=\"accelerometer; autoplay; clipboard-write; encrypted-media; gyroscope; picture-in-picture; web-share\" referrerpolicy=\"strict-origin-when-cross-origin\" allowfullscreen><\/iframe> <\/div><figcaption class=\"wp-element-caption\">m\u00e1quina empacadora de ropa<\/figcaption><\/figure>","protected":false},"excerpt":{"rendered":"<p>La m\u00e1quina empacadora de ropa se utiliza para empacar y comprimir materiales sueltos como ropa vieja, algod\u00f3n, ropa, hilos de algod\u00f3n, etc. La empacadora exprime los espacios en la ropa para reducir el \u00e1rea ocupada por la ropa. Las empacadoras de ropa se utilizan generalmente para reciclar ropa y zapatos usados, lo que puede ahorrar 80% de espacio despu\u00e9s de la compresi\u00f3n. Las empacadoras son m\u00e1quinas populares en las industrias ambiental y de reciclaje.<\/p>","protected":false},"author":1,"featured_media":3092,"parent":0,"template":"","tags":[59],"product-type":[41],"class_list":["post-3091","product","type-product","status-publish","has-post-thumbnail","hentry","tag-used-clothes-baling-machine","product-type-metal-baler-machine"],"_links":{"self":[{"href":"https:\/\/shuliybaler.com\/es\/wp-json\/wp\/v2\/product\/3091","targetHints":{"allow":["GET"]}}],"collection":[{"href":"https:\/\/shuliybaler.com\/es\/wp-json\/wp\/v2\/product"}],"about":[{"href":"https:\/\/shuliybaler.com\/es\/wp-json\/wp\/v2\/types\/product"}],"author":[{"embeddable":true,"href":"https:\/\/shuliybaler.com\/es\/wp-json\/wp\/v2\/users\/1"}],"wp:featuredmedia":[{"embeddable":true,"href":"https:\/\/shuliybaler.com\/es\/wp-json\/wp\/v2\/media\/3092"}],"wp:attachment":[{"href":"https:\/\/shuliybaler.com\/es\/wp-json\/wp\/v2\/media?parent=3091"}],"wp:term":[{"taxonomy":"post_tag","embeddable":true,"href":"https:\/\/shuliybaler.com\/es\/wp-json\/wp\/v2\/tags?post=3091"},{"taxonomy":"product-type","embeddable":true,"href":"https:\/\/shuliybaler.com\/es\/wp-json\/wp\/v2\/product-type?post=3091"}],"curies":[{"name":"wp","href":"https:\/\/api.w.org\/{rel}","templated":true}]}}