{"id":3170,"date":"2023-03-23T14:23:07","date_gmt":"2023-03-23T06:23:07","guid":{"rendered":"https:\/\/shuliybaler.com\/?post_type=product&#038;p=3170"},"modified":"2023-03-23T14:23:09","modified_gmt":"2023-03-23T06:23:09","slug":"a-solution-to-waste-tire-management","status":"publish","type":"product","link":"https:\/\/shuliybaler.com\/es\/product\/a-solution-to-waste-tire-management\/","title":{"rendered":"Una soluci\u00f3n para la gesti\u00f3n de neum\u00e1ticos de desecho"},"content":{"rendered":"<p class=\"translation-block\">Los neum\u00e1ticos de desecho son uno de los materiales m\u00e1s dif\u00edciles de desechar debido a su gran volumen y durabilidad. Con m\u00e1s de mil millones de neum\u00e1ticos desechados cada a\u00f1o a nivel mundial, encontrar una soluci\u00f3n sostenible para la gesti\u00f3n de neum\u00e1ticos de desecho es fundamental. Una soluci\u00f3n innovadora a este problema es la <a href=\"https:\/\/shuliybaler.com\/es\/product\/scrap-hydraulic-tyre-baling-machine\/\" data-type=\"URL\" data-id=\"https:\/\/shuliybaler.com\/product\/scrap-hydraulic-tyre-baling-machine\/\">prensa para neum\u00e1ticos<\/a>.<\/p>    <h2 class=\"wp-block-heading\">\u00bfQu\u00e9 es una empacadora de neum\u00e1ticos?<\/h2>    <figure class=\"wp-block-gallery has-nested-images columns-default is-cropped wp-block-gallery-2 is-layout-flex wp-block-gallery-is-layout-flex\"> <figure class=\"wp-block-image size-large\"><img loading=\"lazy\" decoding=\"async\" width=\"720\" height=\"540\" data-id=\"3172\" src=\"https:\/\/shuliybaler.com\/wp-content\/uploads\/2023\/03\/tire-baler.webp\" alt=\"empacadora de neum\u00e1ticos\" class=\"wp-image-3172\" title=\"\" srcset=\"https:\/\/shuliybaler.com\/wp-content\/uploads\/2023\/03\/tire-baler.webp 720w, https:\/\/shuliybaler.com\/wp-content\/uploads\/2023\/03\/tire-baler-360x270.webp 360w, https:\/\/shuliybaler.com\/wp-content\/uploads\/2023\/03\/tire-baler-180x135.webp 180w\" sizes=\"auto, (max-width: 720px) 100vw, 720px\" \/><figcaption class=\"wp-element-caption\">Empacadora de neum\u00e1ticos<\/figcaption><\/figure>    <figure class=\"wp-block-image size-large\"><img loading=\"lazy\" decoding=\"async\" width=\"720\" height=\"540\" data-id=\"3173\" src=\"https:\/\/shuliybaler.com\/wp-content\/uploads\/2023\/03\/baling-tire.webp\" alt=\"empacar neum\u00e1tico\" class=\"wp-image-3173\" title=\"\" srcset=\"https:\/\/shuliybaler.com\/wp-content\/uploads\/2023\/03\/baling-tire.webp 720w, https:\/\/shuliybaler.com\/wp-content\/uploads\/2023\/03\/baling-tire-360x270.webp 360w, https:\/\/shuliybaler.com\/wp-content\/uploads\/2023\/03\/baling-tire-180x135.webp 180w\" sizes=\"auto, (max-width: 720px) 100vw, 720px\" \/><figcaption class=\"wp-element-caption\">Neum\u00e1tico de embalaje<\/figcaption><\/figure> <\/figure>    <p class=\"translation-block\">Una <a href=\"https:\/\/shuliybaler.com\/es\/product\/empacadora-de-metal-vertical\/\" data-type=\"URL\" data-id=\"https:\/\/shuliybaler.com\/product\/vertical-metal-baler\/\">prensa para neum\u00e1ticos<\/a> es una m\u00e1quina que comprime los neum\u00e1ticos de desecho en un fardo denso y manejable. La m\u00e1quina utiliza presi\u00f3n hidr\u00e1ulica para comprimir firmemente los neum\u00e1ticos, reduciendo significativamente su volumen. Una vez comprimidos, los neum\u00e1ticos enfardados pueden transportarse de manera m\u00e1s eficiente y almacenarse m\u00e1s f\u00e1cilmente, lo que la convierte en una soluci\u00f3n ideal para la gesti\u00f3n de residuos de neum\u00e1ticos.<\/p>    <h2 class=\"wp-block-heading\">Beneficios de usar una empacadora de neum\u00e1ticos<\/h2>    <p>Los beneficios de utilizar una empacadora de neum\u00e1ticos son importantes. En primer lugar, las balas comprimidas ocupan menos espacio en las instalaciones de almacenamiento y durante el transporte, lo que reduce el n\u00famero de viajes necesarios para moverlas. Esta eficiencia se traduce en menores costos de transporte y reduce la huella de carbono asociada con la gesti\u00f3n de llantas de desecho. En segundo lugar, las balas comprimidas son m\u00e1s f\u00e1ciles de manipular, lo que reduce el riesgo de lesiones en el lugar de trabajo y mejora la seguridad en el lugar de trabajo. Por \u00faltimo, el uso de una empacadora de neum\u00e1ticos reduce la cantidad de espacio necesario para el almacenamiento de neum\u00e1ticos, lo que libera bienes inmuebles valiosos para otros fines.<\/p>    <h2 class=\"wp-block-heading\">\u00bfQui\u00e9n necesita una empacadora de neum\u00e1ticos?<\/h2>   <div class=\"wp-block-image\"> <figure class=\"aligncenter size-full\"><img loading=\"lazy\" decoding=\"async\" width=\"720\" height=\"540\" src=\"https:\/\/shuliybaler.com\/wp-content\/uploads\/2023\/03\/waste-tire-management-1.webp\" alt=\"gesti\u00f3n de neum\u00e1ticos de desecho\" class=\"wp-image-3177\" title=\"\" srcset=\"https:\/\/shuliybaler.com\/wp-content\/uploads\/2023\/03\/waste-tire-management-1.webp 720w, https:\/\/shuliybaler.com\/wp-content\/uploads\/2023\/03\/waste-tire-management-1-360x270.webp 360w, https:\/\/shuliybaler.com\/wp-content\/uploads\/2023\/03\/waste-tire-management-1-180x135.webp 180w\" sizes=\"auto, (max-width: 720px) 100vw, 720px\" \/><figcaption class=\"wp-element-caption\">gesti\u00f3n de neum\u00e1ticos de desecho<\/figcaption><\/figure> <\/div>   <p>Una empacadora de neum\u00e1ticos es una m\u00e1quina vers\u00e1til que se puede utilizar en diversas industrias, incluidas la automoci\u00f3n, la construcci\u00f3n y la gesti\u00f3n de residuos. En la industria automotriz, las empacadoras de neum\u00e1ticos se utilizan para comprimir los neum\u00e1ticos de desecho generados por los fabricantes de neum\u00e1ticos y los talleres de reparaci\u00f3n de neum\u00e1ticos. En la industria de la construcci\u00f3n, se utilizan para comprimir neum\u00e1ticos utilizados en equipos pesados, como cargadores y topadoras. En la industria de gesti\u00f3n de residuos, las empacadoras de neum\u00e1ticos se utilizan para comprimir neum\u00e1ticos generados por las instalaciones municipales de gesti\u00f3n de residuos.<\/p>    <h2 class=\"wp-block-heading\">La salida de la m\u00e1quina prensadora de neum\u00e1ticos de desecho.<\/h2>    <figure class=\"wp-block-gallery has-nested-images columns-default is-cropped wp-block-gallery-3 is-layout-flex wp-block-gallery-is-layout-flex\"> <figure class=\"wp-block-image size-large\"><img loading=\"lazy\" decoding=\"async\" width=\"720\" height=\"540\" data-id=\"3178\" src=\"https:\/\/shuliybaler.com\/wp-content\/uploads\/2023\/03\/waste-tire-pressing-machine.webp\" alt=\"m\u00e1quina prensadora de llantas de desecho\" class=\"wp-image-3178\" title=\"\" srcset=\"https:\/\/shuliybaler.com\/wp-content\/uploads\/2023\/03\/waste-tire-pressing-machine.webp 720w, https:\/\/shuliybaler.com\/wp-content\/uploads\/2023\/03\/waste-tire-pressing-machine-360x270.webp 360w, https:\/\/shuliybaler.com\/wp-content\/uploads\/2023\/03\/waste-tire-pressing-machine-180x135.webp 180w\" sizes=\"auto, (max-width: 720px) 100vw, 720px\" \/><figcaption class=\"wp-element-caption\">M\u00e1quina prensadora de neum\u00e1ticos de desecho<\/figcaption><\/figure>    <figure class=\"wp-block-image size-large\"><img loading=\"lazy\" decoding=\"async\" width=\"720\" height=\"540\" data-id=\"3179\" src=\"https:\/\/shuliybaler.com\/wp-content\/uploads\/2023\/03\/waste-tire-pressing-machine-1.webp\" alt=\"m\u00e1quina prensadora de llantas de desecho\" class=\"wp-image-3179\" title=\"\" srcset=\"https:\/\/shuliybaler.com\/wp-content\/uploads\/2023\/03\/waste-tire-pressing-machine-1.webp 720w, https:\/\/shuliybaler.com\/wp-content\/uploads\/2023\/03\/waste-tire-pressing-machine-1-360x270.webp 360w, https:\/\/shuliybaler.com\/wp-content\/uploads\/2023\/03\/waste-tire-pressing-machine-1-180x135.webp 180w\" sizes=\"auto, (max-width: 720px) 100vw, 720px\" \/><figcaption class=\"wp-element-caption\">M\u00e1quina prensadora de neum\u00e1ticos de desecho<\/figcaption><\/figure>    <figure class=\"wp-block-image size-large\"><img loading=\"lazy\" decoding=\"async\" width=\"720\" height=\"540\" data-id=\"3180\" src=\"https:\/\/shuliybaler.com\/wp-content\/uploads\/2023\/03\/waste-tire-pressing-machine-2.webp\" alt=\"m\u00e1quina prensadora de llantas de desecho\" class=\"wp-image-3180\" title=\"\" srcset=\"https:\/\/shuliybaler.com\/wp-content\/uploads\/2023\/03\/waste-tire-pressing-machine-2.webp 720w, https:\/\/shuliybaler.com\/wp-content\/uploads\/2023\/03\/waste-tire-pressing-machine-2-360x270.webp 360w, https:\/\/shuliybaler.com\/wp-content\/uploads\/2023\/03\/waste-tire-pressing-machine-2-180x135.webp 180w\" sizes=\"auto, (max-width: 720px) 100vw, 720px\" \/><figcaption class=\"wp-element-caption\">M\u00e1quina prensadora de neum\u00e1ticos de desecho<\/figcaption><\/figure> <\/figure>    <p>Existen diferentes tipos de empacadoras de neum\u00e1ticos, desde peque\u00f1as m\u00e1quinas port\u00e1tiles hasta grandes industriales. El tama\u00f1o de la m\u00e1quina depende del volumen de neum\u00e1ticos a comprimir y del espacio disponible para el equipo. Las empacadoras de neum\u00e1ticos m\u00e1s peque\u00f1as pueden comprimir hasta cuatro neum\u00e1ticos de turismos a la vez, mientras que las m\u00e1s grandes pueden comprimir hasta 100 neum\u00e1ticos de cami\u00f3n en un ciclo.<\/p>    <h2 class=\"wp-block-heading\">M\u00faltiples formas de gestionar los neum\u00e1ticos de desecho<\/h2>    <figure class=\"wp-block-gallery has-nested-images columns-default is-cropped wp-block-gallery-4 is-layout-flex wp-block-gallery-is-layout-flex\"> <figure class=\"wp-block-image size-large\"><img loading=\"lazy\" decoding=\"async\" width=\"750\" height=\"750\" data-id=\"3175\" src=\"https:\/\/shuliybaler.com\/wp-content\/uploads\/2023\/03\/tyre-crushing-machine.webp\" alt=\"maquina trituradora de neumaticos\" class=\"wp-image-3175\" title=\"\" srcset=\"https:\/\/shuliybaler.com\/wp-content\/uploads\/2023\/03\/tyre-crushing-machine.webp 750w, https:\/\/shuliybaler.com\/wp-content\/uploads\/2023\/03\/tyre-crushing-machine-270x270.webp 270w, https:\/\/shuliybaler.com\/wp-content\/uploads\/2023\/03\/tyre-crushing-machine-540x540.webp 540w\" sizes=\"auto, (max-width: 750px) 100vw, 750px\" \/><figcaption class=\"wp-element-caption\">M\u00e1quina trituradora de neum\u00e1ticos<\/figcaption><\/figure>    <figure class=\"wp-block-image size-large\"><img loading=\"lazy\" decoding=\"async\" width=\"750\" height=\"750\" data-id=\"3176\" src=\"https:\/\/shuliybaler.com\/wp-content\/uploads\/2023\/03\/tire-shredder-machine.webp\" alt=\"m\u00e1quina trituradora de neum\u00e1ticos\" class=\"wp-image-3176\" title=\"\" srcset=\"https:\/\/shuliybaler.com\/wp-content\/uploads\/2023\/03\/tire-shredder-machine.webp 750w, https:\/\/shuliybaler.com\/wp-content\/uploads\/2023\/03\/tire-shredder-machine-270x270.webp 270w, https:\/\/shuliybaler.com\/wp-content\/uploads\/2023\/03\/tire-shredder-machine-540x540.webp 540w\" sizes=\"auto, (max-width: 750px) 100vw, 750px\" \/><figcaption class=\"wp-element-caption\">M\u00e1quina trituradora de neum\u00e1ticos<\/figcaption><\/figure> <\/figure>    <p class=\"translation-block\">Adem\u00e1s de las prensas para neum\u00e1ticos, se pueden utilizar otras m\u00e1quinas en conjunto para gestionar eficazmente los residuos de neum\u00e1ticos. Las <a href=\"https:\/\/shuliybaler.com\/es\/product\/maquina-trituradora-de-chatarra\/\" data-type=\"URL\" data-id=\"https:\/\/shuliybaler.com\/product\/scrap-metal-shredder-machine\/\">trituradoras de neum\u00e1ticos<\/a>, por ejemplo, se utilizan para descomponer los neum\u00e1ticos en trozos m\u00e1s peque\u00f1os que pueden introducirse en la prensa para neum\u00e1ticos para su compresi\u00f3n. Las m\u00e1quinas de pir\u00f3lisis de neum\u00e1ticos se pueden utilizar para convertir los neum\u00e1ticos de desecho en subproductos valiosos como aceite y negro de carb\u00f3n.<\/p>    <h2 class=\"wp-block-heading\">Las empacadoras de neum\u00e1ticos son una soluci\u00f3n eficaz para la gesti\u00f3n de neum\u00e1ticos de desecho<\/h2>    <p>En conclusi\u00f3n, las empacadoras de neum\u00e1ticos son una soluci\u00f3n viable para la gesti\u00f3n de neum\u00e1ticos de desecho y ofrecen importantes beneficios para el medio ambiente, la seguridad en el lugar de trabajo y la eficiencia operativa. Al comprimir los neum\u00e1ticos de desecho en fardos, las empacadoras de neum\u00e1ticos reducen el volumen de los neum\u00e1ticos, lo que hace que sea m\u00e1s f\u00e1cil y rentable transportarlos y almacenarlos. Con la creciente demanda de pr\u00e1cticas sostenibles de gesti\u00f3n de residuos, las empacadoras de neum\u00e1ticos ofrecen una soluci\u00f3n prometedora al problema de los residuos de neum\u00e1ticos.<\/p>","protected":false},"excerpt":{"rendered":"<p>Los neum\u00e1ticos de desecho son uno de los materiales m\u00e1s dif\u00edciles de eliminar debido a su gran volumen y durabilidad. Dado que cada a\u00f1o se desechan m\u00e1s de mil millones de neum\u00e1ticos en todo el mundo, es fundamental encontrar una soluci\u00f3n sostenible para la gesti\u00f3n de residuos de neum\u00e1ticos. Una soluci\u00f3n innovadora a este problema es la empacadora de neum\u00e1ticos.<\/p>","protected":false},"author":1,"featured_media":3171,"parent":0,"template":"","tags":[67],"product-type":[48],"class_list":["post-3170","product","type-product","status-publish","has-post-thumbnail","hentry","tag-waste-tire-management","product-type-solution"],"_links":{"self":[{"href":"https:\/\/shuliybaler.com\/es\/wp-json\/wp\/v2\/product\/3170","targetHints":{"allow":["GET"]}}],"collection":[{"href":"https:\/\/shuliybaler.com\/es\/wp-json\/wp\/v2\/product"}],"about":[{"href":"https:\/\/shuliybaler.com\/es\/wp-json\/wp\/v2\/types\/product"}],"author":[{"embeddable":true,"href":"https:\/\/shuliybaler.com\/es\/wp-json\/wp\/v2\/users\/1"}],"wp:featuredmedia":[{"embeddable":true,"href":"https:\/\/shuliybaler.com\/es\/wp-json\/wp\/v2\/media\/3171"}],"wp:attachment":[{"href":"https:\/\/shuliybaler.com\/es\/wp-json\/wp\/v2\/media?parent=3170"}],"wp:term":[{"taxonomy":"post_tag","embeddable":true,"href":"https:\/\/shuliybaler.com\/es\/wp-json\/wp\/v2\/tags?post=3170"},{"taxonomy":"product-type","embeddable":true,"href":"https:\/\/shuliybaler.com\/es\/wp-json\/wp\/v2\/product-type?post=3170"}],"curies":[{"name":"wp","href":"https:\/\/api.w.org\/{rel}","templated":true}]}}