{"id":3407,"date":"2025-12-31T14:50:32","date_gmt":"2025-12-31T06:50:32","guid":{"rendered":"https:\/\/shuliybaler.com\/?post_type=product&#038;p=3407"},"modified":"2026-01-04T17:52:20","modified_gmt":"2026-01-04T09:52:20","slug":"ball-mill-grinder-for-metal-polishing","status":"publish","type":"product","link":"https:\/\/shuliybaler.com\/es\/product\/ball-mill-grinder-for-metal-polishing\/","title":{"rendered":"Molino de bolas para eliminaci\u00f3n de \u00f3xido y pulido de superficies met\u00e1licas"},"content":{"rendered":"<p class=\"translation-block\">Un <strong>molino de bolas<\/strong> es una m\u00e1quina de molienda y pulido industrial de tipo tambor dise\u00f1ada para un acabado eficiente de superficies de componentes met\u00e1licos y no met\u00e1licos. Se utiliza ampliamente para desbarbar, eliminar \u00f3xido, redondear bordes y pulir de brillo, especialmente en piezas que son f\u00e1cilmente deformables.<\/p>    <p>Shuli Machinery&#8217;s ball mills feature a robust mechanical structure, stable operation, and high grinding efficiency, making them an ideal solution for processing medium to large workpieces in industries such as metal recycling, machining, and surface treatment.<\/p>    <figure class=\"wp-block-embed aligncenter is-type-video is-provider-youtube wp-block-embed-youtube wp-embed-aspect-16-9 wp-has-aspect-ratio\"><div class=\"wp-block-embed__wrapper\"> <iframe loading=\"lazy\" title=\"Heavy-Duty Dry Ball Mill for Metal &amp; Aluminum Scrap Contact:+8617703863868\" width=\"500\" height=\"281\" src=\"https:\/\/www.youtube.com\/embed\/knRo2Nmixj4?feature=oembed\" frameborder=\"0\" allow=\"accelerometer; autoplay; clipboard-write; encrypted-media; gyroscope; picture-in-picture; web-share\" referrerpolicy=\"strict-origin-when-cross-origin\" allowfullscreen><\/iframe> <\/div><figcaption class=\"wp-element-caption\">video de trabajo del molino de bolas<\/figcaption><\/figure>    <h2 class=\"wp-block-heading\"><strong>\u00bfQu\u00e9 es una m\u00e1quina de molienda de molino de bolas?<\/strong><\/h2>    <p>Los molinos de bolas en seco se utilizan principalmente para pulir y eliminar \u00f3xido de materiales met\u00e1licos y de aluminio con un di\u00e1metro menor a 400 mm. El motor el\u00e9ctrico impulsa un reductor, haciendo que el tambor cil\u00edndrico gire, mientras que el material y el mineral se alimentan en el tambor mediante una cinta transportadora.<\/p>    <p>El principio de funcionamiento de un molino de bolas es hacer girar un tambor cil\u00edndrico lleno de medios de molienda (como arena mineral o bolas de acero). A medida que el tambor gira, los materiales en su interior se trituran, lanzan, frotan y mezclan continuamente, eliminando eficazmente el aceite superficial, el \u00f3xido y las rebabas.<\/p>    <p>Las piezas de trabajo procesadas no solo mantienen su forma original y precisi\u00f3n dimensional, sino que tambi\u00e9n logran una superficie m\u00e1s suave, brillante y limpia. La rugosidad superficial del producto final mejora en 1-2 grados. Por lo tanto, los molinos de bolas son especialmente adecuados para el acabado superficial de piezas que son f\u00e1cilmente deformables.<\/p>   <div class=\"wp-block-image\"> <figure class=\"aligncenter size-full\"><img loading=\"lazy\" decoding=\"async\" width=\"720\" height=\"540\" src=\"https:\/\/shuliybaler.com\/wp-content\/uploads\/2025\/12\/horizontal-dry-ball-mill.webp\" alt=\"Molino de bolas en seco horizontal\" class=\"wp-image-3419\" title=\"\" srcset=\"https:\/\/shuliybaler.com\/wp-content\/uploads\/2025\/12\/horizontal-dry-ball-mill.webp 720w, https:\/\/shuliybaler.com\/wp-content\/uploads\/2025\/12\/horizontal-dry-ball-mill-360x270.webp 360w, https:\/\/shuliybaler.com\/wp-content\/uploads\/2025\/12\/horizontal-dry-ball-mill-180x135.webp 180w, https:\/\/shuliybaler.com\/wp-content\/uploads\/2025\/12\/horizontal-dry-ball-mill-16x12.webp 16w\" sizes=\"auto, (max-width: 720px) 100vw, 720px\" \/><figcaption class=\"wp-element-caption\">Molino de bolas en seco horizontal<\/figcaption><\/figure> <\/div>   <h2 class=\"wp-block-heading\"><strong>Ventajas clave del molino de bolas de Shuliy<\/strong><\/h2>    <ol class=\"wp-block-list\"> <li>El engranaje de apertura de los molinos de bolas para molienda de mineral de hierro utiliza un sistema de transmisi\u00f3n de engranajes de alta resistencia y una estructura de fundici\u00f3n integrada, lo que resulta en mayor estabilidad general, transmisi\u00f3n m\u00e1s precisa, mayor vida \u00fatil y operaci\u00f3n m\u00e1s suave.<\/li>    <li>Nuestros molinos de molienda en seco est\u00e1n fabricados con placas de acero de grosor extra, utilizando soldadura de alta tecnolog\u00eda y tratamientos de pulido superficial, proporcionando excelente resistencia al desgaste y impacto, y est\u00e1n dise\u00f1ados para operaci\u00f3n industrial pesada.<\/li>    <li>A trav\u00e9s de mejoras, hemos aumentado la capacidad de la tolva para prevenir descargas irregulares y sobrecarga, mejorando significativamente la eficiencia general de molienda y asegurando una alimentaci\u00f3n uniforme del material y resultados de procesamiento consistentes.<\/li>    <li>In addition to strict manufacturing standards, we provide a comprehensive maintenance system and clear operating procedures after the customer purchases the machine, ensuring worry-free equipment delivery and operation, and earning customers&#8217; satisfaction and recognition.<\/li> <\/ol>    <figure class=\"wp-block-gallery has-nested-images columns-2 is-cropped wp-block-gallery-2 is-layout-flex wp-block-gallery-is-layout-flex\"> <figure class=\"wp-block-image size-large\"><img loading=\"lazy\" decoding=\"async\" width=\"720\" height=\"540\" data-id=\"3415\" src=\"https:\/\/shuliybaler.com\/wp-content\/uploads\/2025\/12\/Aperture-gear.webp\" alt=\"Tolva de alimentaci\u00f3n\" class=\"wp-image-3415\" title=\"\" srcset=\"https:\/\/shuliybaler.com\/wp-content\/uploads\/2025\/12\/Aperture-gear.webp 720w, https:\/\/shuliybaler.com\/wp-content\/uploads\/2025\/12\/Aperture-gear-360x270.webp 360w, https:\/\/shuliybaler.com\/wp-content\/uploads\/2025\/12\/Aperture-gear-180x135.webp 180w, https:\/\/shuliybaler.com\/wp-content\/uploads\/2025\/12\/Aperture-gear-16x12.webp 16w\" sizes=\"auto, (max-width: 720px) 100vw, 720px\" \/><figcaption class=\"wp-element-caption\">Engranaje de apertura<\/figcaption><\/figure>    <figure class=\"wp-block-image size-large\"><img loading=\"lazy\" decoding=\"async\" width=\"720\" height=\"540\" data-id=\"3416\" src=\"https:\/\/shuliybaler.com\/wp-content\/uploads\/2025\/12\/Feeding-hopper.webp\" alt=\"Tamiz de placa del molino de bolas en seco\" class=\"wp-image-3416\" title=\"\" srcset=\"https:\/\/shuliybaler.com\/wp-content\/uploads\/2025\/12\/Feeding-hopper.webp 720w, https:\/\/shuliybaler.com\/wp-content\/uploads\/2025\/12\/Feeding-hopper-360x270.webp 360w, https:\/\/shuliybaler.com\/wp-content\/uploads\/2025\/12\/Feeding-hopper-180x135.webp 180w, https:\/\/shuliybaler.com\/wp-content\/uploads\/2025\/12\/Feeding-hopper-16x12.webp 16w\" sizes=\"auto, (max-width: 720px) 100vw, 720px\" \/><figcaption class=\"wp-element-caption\">Tolva de alimentaci\u00f3n<\/figcaption><\/figure>    <figure class=\"wp-block-image size-large\"><img loading=\"lazy\" decoding=\"async\" width=\"720\" height=\"540\" data-id=\"3418\" src=\"https:\/\/shuliybaler.com\/wp-content\/uploads\/2025\/12\/seive-plate-of-dry-ball-mill.webp\" alt=\"seive plate of dry ball mill\" class=\"wp-image-3418\" title=\"\" srcset=\"https:\/\/shuliybaler.com\/wp-content\/uploads\/2025\/12\/seive-plate-of-dry-ball-mill.webp 720w, https:\/\/shuliybaler.com\/wp-content\/uploads\/2025\/12\/seive-plate-of-dry-ball-mill-360x270.webp 360w, https:\/\/shuliybaler.com\/wp-content\/uploads\/2025\/12\/seive-plate-of-dry-ball-mill-180x135.webp 180w, https:\/\/shuliybaler.com\/wp-content\/uploads\/2025\/12\/seive-plate-of-dry-ball-mill-16x12.webp 16w\" sizes=\"auto, (max-width: 720px) 100vw, 720px\" \/><figcaption class=\"wp-element-caption\">Tamiz de placa del molino de bolas en seco<\/figcaption><\/figure>    <figure class=\"wp-block-image size-large\"><img loading=\"lazy\" decoding=\"async\" width=\"720\" height=\"540\" data-id=\"3417\" src=\"https:\/\/shuliybaler.com\/wp-content\/uploads\/2025\/12\/metal-rust-remover-machine.webp\" alt=\"Molino de metal en seco tipo tambor\" class=\"wp-image-3417\" title=\"\" srcset=\"https:\/\/shuliybaler.com\/wp-content\/uploads\/2025\/12\/metal-rust-remover-machine.webp 720w, https:\/\/shuliybaler.com\/wp-content\/uploads\/2025\/12\/metal-rust-remover-machine-360x270.webp 360w, https:\/\/shuliybaler.com\/wp-content\/uploads\/2025\/12\/metal-rust-remover-machine-180x135.webp 180w, https:\/\/shuliybaler.com\/wp-content\/uploads\/2025\/12\/metal-rust-remover-machine-16x12.webp 16w\" sizes=\"auto, (max-width: 720px) 100vw, 720px\" \/><figcaption class=\"wp-element-caption\">M\u00e1quina eliminadora de \u00f3xido de metal<\/figcaption><\/figure> <\/figure>    <h2 class=\"wp-block-heading\"><strong>Aplicaciones de la m\u00e1quina eliminadora de \u00f3xido de metal<\/strong><\/h2>    <p>Los molinos de bolas se utilizan ampliamente en varias industrias y pueden procesar una amplia gama de materiales, incluyendo:<\/p>    <ol class=\"wp-block-list\"> <li>Piezas y componentes met\u00e1licos, hierro sinterizado y metales tratados t\u00e9rmicamente, chatarra met\u00e1lica triturada, chatarra de aluminio aceitosa o oxidada, etc.<\/li>    <li>Tambi\u00e9n pueden procesar metales no ferrosos (cobre, aleaciones de aluminio, etc.) y piezas no met\u00e1licas que requieran pulido superficial.<\/li> <\/ol>    <p>Sus excelentes caracter\u00edsticas lo hacen especialmente adecuado para piezas de trabajo medianas a grandes que requieren un tratamiento de superficie de alta calidad. <\/p>    <p>La mayor\u00eda de nuestros clientes lo utilizan para pretratamiento de reciclaje de metales, molienda y pulido despu\u00e9s de la fabricaci\u00f3n de hardware y sujetadores, pretratamiento de superficies antes de recubrimiento o electrochapado, y m\u00e1s.<\/p>    <h2 class=\"wp-block-heading\"><strong>Tipo de molino de bolas industrial<\/strong><\/h2>    <p>Para satisfacer diversas necesidades de procesamiento, Shuli ofrece una variedad de modelos de molinos de bolas con diferentes di\u00e1metros, longitudes y capacidades de producci\u00f3n.<\/p>    <figure class=\"wp-block-table\"><table class=\"has-fixed-layout\"><tbody><tr><td>Di\u00e1metro<\/td><td>Longitud<\/td><td>Producci\u00f3n<\/td><td>Potencia del motor<\/td><\/tr><tr><td>1.2x3m<\/td><td>5.5m<\/td><td>2t\/h<\/td><td>15kw<\/td><\/tr><tr><td>1.5x6m<\/td><td>8m<\/td><td>4t\/h<\/td><td>30kw<\/td><\/tr><tr><td>1.8x6m<\/td><td>9m<\/td><td>6t\/h <\/td><td>45kw<\/td><\/tr><\/tbody><\/table><figcaption class=\"wp-element-caption\">Par\u00e1metros simples del molino de bolas industrial<\/figcaption><\/figure>    <p>Desde modelos adecuados para talleres peque\u00f1os y medianos con una capacidad de producci\u00f3n de 2 toneladas por hora, hasta aquellos para producci\u00f3n industrial a gran escala con una capacidad de 6 toneladas por hora, los clientes pueden elegir el modelo m\u00e1s adecuado seg\u00fan el tipo de material, carga de trabajo y espacio en la f\u00e1brica.<\/p>    <p>Si no est\u00e1 seguro de qu\u00e9 modelo es adecuado para su aplicaci\u00f3n, nuestros ingenieros pueden recomendar o personalizar una soluci\u00f3n basada en el tama\u00f1o de su material, grado de corrosi\u00f3n y efecto de tratamiento superficial deseado. \u00a1Cont\u00e1ctenos si tiene alguna pregunta sobre este molino de bolas!<\/p>   <div class=\"wp-block-image\"> <figure class=\"aligncenter size-full\"><img loading=\"lazy\" decoding=\"async\" width=\"720\" height=\"540\" src=\"https:\/\/shuliybaler.com\/wp-content\/uploads\/2025\/12\/Drum-type-dry-metal-grinding-mill.webp\" alt=\"Proceso de producci\u00f3n del molino de molienda de bolas\" class=\"wp-image-3420\" title=\"\" srcset=\"https:\/\/shuliybaler.com\/wp-content\/uploads\/2025\/12\/Drum-type-dry-metal-grinding-mill.webp 720w, https:\/\/shuliybaler.com\/wp-content\/uploads\/2025\/12\/Drum-type-dry-metal-grinding-mill-360x270.webp 360w, https:\/\/shuliybaler.com\/wp-content\/uploads\/2025\/12\/Drum-type-dry-metal-grinding-mill-180x135.webp 180w, https:\/\/shuliybaler.com\/wp-content\/uploads\/2025\/12\/Drum-type-dry-metal-grinding-mill-16x12.webp 16w\" sizes=\"auto, (max-width: 720px) 100vw, 720px\" \/><figcaption class=\"wp-element-caption\">Molino de metal en seco tipo tambor<\/figcaption><\/figure> <\/div>   <h2 class=\"wp-block-heading\"><strong>\u00bfPor qu\u00e9 elegir el molino de bolas de Shuliy?<\/strong><\/h2>    <ul class=\"wp-block-list\"> <li>Shuliy es un fabricante profesional con 40 a\u00f1os de experiencia en la industria y m\u00e1s de una d\u00e9cada en comercio internacional.<\/li>    <li>Nuestros equipos est\u00e1n dise\u00f1ados de manera flexible y pueden ser personalizados para satisfacer diferentes necesidades.<\/li>    <li>Ofrecemos precios de f\u00e1brica altamente competitivos, precios transparentes, servicio postventa integral y soporte t\u00e9cnico completo durante todo el proceso.<\/li>    <li>Contamos con una excelente reputaci\u00f3n global y un sistema de exportaci\u00f3n y env\u00edo bien establecido, gan\u00e1ndonos la confianza de clientes en todo el mundo.<\/li>    <li>Shuliy se compromete a ofrecer soluciones de molienda pr\u00e1cticas, duraderas y rentables para su negocio, con servicio profesional.<\/li> <\/ul>    <figure class=\"wp-block-gallery has-nested-images columns-default is-cropped wp-block-gallery-3 is-layout-flex wp-block-gallery-is-layout-flex\"> <figure class=\"wp-block-image size-large\"><img loading=\"lazy\" decoding=\"async\" width=\"720\" height=\"540\" data-id=\"3421\" src=\"https:\/\/shuliybaler.com\/wp-content\/uploads\/2025\/12\/ball-mill-grinding-machine-production-process.webp\" alt=\"F\u00e1brica Shuliy\" class=\"wp-image-3421\" title=\"\" srcset=\"https:\/\/shuliybaler.com\/wp-content\/uploads\/2025\/12\/ball-mill-grinding-machine-production-process.webp 720w, https:\/\/shuliybaler.com\/wp-content\/uploads\/2025\/12\/ball-mill-grinding-machine-production-process-360x270.webp 360w, https:\/\/shuliybaler.com\/wp-content\/uploads\/2025\/12\/ball-mill-grinding-machine-production-process-180x135.webp 180w, https:\/\/shuliybaler.com\/wp-content\/uploads\/2025\/12\/ball-mill-grinding-machine-production-process-16x12.webp 16w\" sizes=\"auto, (max-width: 720px) 100vw, 720px\" \/><figcaption class=\"wp-element-caption\">Proceso de producci\u00f3n del molino de molienda<\/figcaption><\/figure>    <figure class=\"wp-block-image size-large\"><img loading=\"lazy\" decoding=\"async\" width=\"720\" height=\"540\" data-id=\"3422\" src=\"https:\/\/shuliybaler.com\/wp-content\/uploads\/2025\/12\/Shuliy-factory.webp\" alt=\"Molino de bolas horizontal en seco\" class=\"wp-image-3422\" title=\"\" srcset=\"https:\/\/shuliybaler.com\/wp-content\/uploads\/2025\/12\/Shuliy-factory.webp 720w, https:\/\/shuliybaler.com\/wp-content\/uploads\/2025\/12\/Shuliy-factory-360x270.webp 360w, https:\/\/shuliybaler.com\/wp-content\/uploads\/2025\/12\/Shuliy-factory-180x135.webp 180w, https:\/\/shuliybaler.com\/wp-content\/uploads\/2025\/12\/Shuliy-factory-16x12.webp 16w\" sizes=\"auto, (max-width: 720px) 100vw, 720px\" \/><figcaption class=\"wp-element-caption\">F\u00e1brica Shuliy<\/figcaption><\/figure> <\/figure>    <p>Si busca soluciones confiables de reciclaje de metales de grado industrial, comun\u00edquese inmediatamente con Shuli para obtener especificaciones t\u00e9cnicas detalladas, soluciones personalizadas de molinos de bolas y una lista completa de precios.<\/p>    <p class=\"translation-block\">Haz clic para ver otros productos m\u00e1s vendidos: <a href=\"https:\/\/shuliybaler.com\/es\/product\/trituradora-de-tambor-de-acero\/\">Trituradora de tambor de acero<\/a>, <a href=\"https:\/\/shuliybaler.com\/es\/product\/alligator-shear\/\">Cizalla de corte de chatarra<\/a>.<\/p>    <p><\/p>","protected":false},"excerpt":{"rendered":"<p>The ball mill is designed for efficient metal surface treatment, deburring, rust removal, and polishing. It is particularly suitable for processing easily deformable workpieces, ensuring improved surface quality without damaging the original shape and dimensional accuracy of the workpiece.<\/p>","protected":false},"author":1,"featured_media":3414,"parent":0,"template":"","tags":[15],"product-type":[87],"class_list":["post-3407","product","type-product","status-publish","has-post-thumbnail","hentry","tag-metal","product-type-metal-recycling-machine"],"_links":{"self":[{"href":"https:\/\/shuliybaler.com\/es\/wp-json\/wp\/v2\/product\/3407","targetHints":{"allow":["GET"]}}],"collection":[{"href":"https:\/\/shuliybaler.com\/es\/wp-json\/wp\/v2\/product"}],"about":[{"href":"https:\/\/shuliybaler.com\/es\/wp-json\/wp\/v2\/types\/product"}],"author":[{"embeddable":true,"href":"https:\/\/shuliybaler.com\/es\/wp-json\/wp\/v2\/users\/1"}],"wp:featuredmedia":[{"embeddable":true,"href":"https:\/\/shuliybaler.com\/es\/wp-json\/wp\/v2\/media\/3414"}],"wp:attachment":[{"href":"https:\/\/shuliybaler.com\/es\/wp-json\/wp\/v2\/media?parent=3407"}],"wp:term":[{"taxonomy":"post_tag","embeddable":true,"href":"https:\/\/shuliybaler.com\/es\/wp-json\/wp\/v2\/tags?post=3407"},{"taxonomy":"product-type","embeddable":true,"href":"https:\/\/shuliybaler.com\/es\/wp-json\/wp\/v2\/product-type?post=3407"}],"curies":[{"name":"wp","href":"https:\/\/api.w.org\/{rel}","templated":true}]}}