{"id":3448,"date":"2026-01-07T15:24:23","date_gmt":"2026-01-07T07:24:23","guid":{"rendered":"https:\/\/shuliybaler.com\/?post_type=product&#038;p=3448"},"modified":"2026-01-07T16:48:43","modified_gmt":"2026-01-07T08:48:43","slug":"metal-crusher-machine-metal-recycling","status":"publish","type":"product","link":"https:\/\/shuliybaler.com\/es\/product\/metal-crusher-machine-metal-recycling\/","title":{"rendered":"M\u00e1quina trituradora de metal para un reciclaje eficiente de chatarra met\u00e1lica"},"content":{"rendered":"<p class=\"translation-block\">La <strong>m\u00e1quina trituradora de metal<\/strong> es un dispositivo de reciclaje industrial utilizado para triturar, aplastar y reducir el tama\u00f1o de materiales de chatarra met\u00e1lica como latas de aluminio y partes de veh\u00edculos desechados, transform\u00e1ndolos en part\u00edculas uniformes y f\u00e1cilmente manejables.<\/p>    <p>Dependiendo de la aplicaci\u00f3n y los materiales procesados, tambi\u00e9n puede configurarse como parte de una l\u00ednea de producci\u00f3n completa de trituraci\u00f3n de metal, ayudando eficazmente a las empresas a mejorar la eficiencia del reciclaje y reducir costos de transporte y almacenamiento.<\/p>   <div class=\"wp-block-image\"> <figure class=\"aligncenter size-full\"><img loading=\"lazy\" decoding=\"async\" width=\"720\" height=\"540\" src=\"https:\/\/shuliybaler.com\/wp-content\/uploads\/2026\/01\/Shuliy-scrap-can-crusher-machine-installation-site.webp\" alt=\"Sitio de instalaci\u00f3n de la trituradora de chatarra de Shuliy\" class=\"wp-image-3471\" title=\"\" srcset=\"https:\/\/shuliybaler.com\/wp-content\/uploads\/2026\/01\/Shuliy-scrap-can-crusher-machine-installation-site.webp 720w, https:\/\/shuliybaler.com\/wp-content\/uploads\/2026\/01\/Shuliy-scrap-can-crusher-machine-installation-site-360x270.webp 360w, https:\/\/shuliybaler.com\/wp-content\/uploads\/2026\/01\/Shuliy-scrap-can-crusher-machine-installation-site-180x135.webp 180w, https:\/\/shuliybaler.com\/wp-content\/uploads\/2026\/01\/Shuliy-scrap-can-crusher-machine-installation-site-16x12.webp 16w\" sizes=\"auto, (max-width: 720px) 100vw, 720px\" \/><figcaption class=\"wp-element-caption\">Sitio de instalaci\u00f3n de la trituradora de chatarra de Shuliy<\/figcaption><\/figure> <\/div>   <h2 class=\"wp-block-heading\"><strong>\u00bfC\u00f3mo funciona una trituradora de metal?<\/strong><\/h2>    <p>Durante la operaci\u00f3n, la trituradora de metal contiene martillos y cuchillas de alta velocidad que desgarran, aplastan y deforman varios chatarra met\u00e1lica en piezas m\u00e1s peque\u00f1as.<\/p>    <p>Para controlar el tama\u00f1o del producto terminado, se instala una placa de pantalla debajo de la c\u00e1mara de trituraci\u00f3n, permitiendo que solo pasen fragmentos de metal m\u00e1s peque\u00f1os que el tama\u00f1o de la pantalla. El tama\u00f1o de la pantalla se puede ajustar seg\u00fan los requisitos de procesamiento, generalmente entre 3 y 10 cm.<\/p>    <p>Este equipo es adecuado para instalaci\u00f3n fija y procesamiento centralizado, y generalmente se integra en una l\u00ednea de producci\u00f3n completa para garantizar un funcionamiento estable y una alta producci\u00f3n en operaciones de reciclaje de metal a gran escala.<\/p>    <figure class=\"wp-block-embed aligncenter is-type-video is-provider-youtube wp-block-embed-youtube wp-embed-aspect-16-9 wp-has-aspect-ratio\"><div class=\"wp-block-embed__wrapper\"> <iframe loading=\"lazy\" title=\"M\u00e1quina trituradora de metal de residuos para reciclaje de chatarra | Prueba de funcionamiento en f\u00e1brica Contacto: 8617703863868\" width=\"500\" height=\"281\" src=\"https:\/\/www.youtube.com\/embed\/TE5EZJ6OvB8?feature=oembed\" frameborder=\"0\" allow=\"accelerometer; autoplay; clipboard-write; encrypted-media; gyroscope; picture-in-picture; web-share\" referrerpolicy=\"strict-origin-when-cross-origin\" allowfullscreen><\/iframe> <\/div><figcaption class=\"wp-element-caption\">video de trabajo de la m\u00e1quina trituradora de metal<\/figcaption><\/figure>    <h2 class=\"wp-block-heading\"><strong>Caracter\u00edsticas clave de nuestra m\u00e1quina trituradora de metal<\/strong><\/h2>    <ul class=\"wp-block-list\"> <li>Esta trituradora de metal presenta un dise\u00f1o de rotor pesado hecho de <strong>fundici\u00f3n de acero reforzado<\/strong>, significativamente <strong>mejorando la resistencia radial<\/strong>. Est\u00e1 dise\u00f1ada espec\u00edficamente para operaci\u00f3n continua bajo cargas altas, garantizando un rendimiento confiable incluso al triturar materiales met\u00e1licos gruesos o de alta densidad.<\/li>    <li>Est\u00e1 equipada con cabezas de martillo y placas de pantalla hechas de <strong>Fundici\u00f3n de acero aleado<\/strong>, ofreciendo excelente <strong>resistencia al desgaste y a los impactos<\/strong>. El grosor y el n\u00famero de cuchillas se pueden personalizar seg\u00fan diferentes materiales met\u00e1licos, adapt\u00e1ndose de manera flexible a diversas necesidades de reciclaje.<\/li>    <li>La m\u00e1quina trituradora de metal soporta <strong>operaci\u00f3n totalmente automatizada<\/strong>, de modo que los procesos de alimentaci\u00f3n y trituraci\u00f3n puedan ser completamente automatizados con cintas transportadoras. Tambi\u00e9n facilita la integraci\u00f3n de la m\u00e1quina en una l\u00ednea de producci\u00f3n completa de trituraci\u00f3n de metal.<\/li>    <li>El triturador de latas de metal Shuliy est\u00e1 equipado con un completo <strong>motor de n\u00facleo de cobre, asegurando un menor consumo de energ\u00eda<\/strong>, mayor vida \u00fatil y mayor eficiencia operativa. Esto garantiza una trituraci\u00f3n eficiente mientras reduce los costos operativos a largo plazo.<\/li>    <li>El cuerpo de toda la trituradora est\u00e1 hecho de <strong>placas de acero de grosor extra, con t\u00e9cnicas de soldadura y pulido de alta tecnolog\u00eda<\/strong> que garantizan una estructura robusta y duradera. <\/li>    <li>Adem\u00e1s, la m\u00e1quina est\u00e1 equipada con <strong>Sistemas de protecci\u00f3n contra sobrecarga del motor y bloqueo de potencia<\/strong>, protegiendo eficazmente la seguridad de los operadores y del equipo.<\/li> <\/ul>    <figure class=\"wp-block-gallery has-nested-images columns-2 is-cropped wp-block-gallery-2 is-layout-flex wp-block-gallery-is-layout-flex\"> <figure class=\"wp-block-image size-large\"><img loading=\"lazy\" decoding=\"async\" width=\"720\" height=\"540\" data-id=\"3465\" src=\"https:\/\/shuliybaler.com\/wp-content\/uploads\/2026\/01\/heavy-duty-rotor-design.webp\" alt=\"Dise\u00f1o de rotor pesado\" class=\"wp-image-3465\" title=\"\" srcset=\"https:\/\/shuliybaler.com\/wp-content\/uploads\/2026\/01\/heavy-duty-rotor-design.webp 720w, https:\/\/shuliybaler.com\/wp-content\/uploads\/2026\/01\/heavy-duty-rotor-design-360x270.webp 360w, https:\/\/shuliybaler.com\/wp-content\/uploads\/2026\/01\/heavy-duty-rotor-design-180x135.webp 180w, https:\/\/shuliybaler.com\/wp-content\/uploads\/2026\/01\/heavy-duty-rotor-design-16x12.webp 16w\" sizes=\"auto, (max-width: 720px) 100vw, 720px\" \/><figcaption class=\"wp-element-caption\">Dise\u00f1o de rotor pesado<\/figcaption><\/figure>    <figure class=\"wp-block-image size-large\"><img loading=\"lazy\" decoding=\"async\" width=\"720\" height=\"540\" data-id=\"3466\" src=\"https:\/\/shuliybaler.com\/wp-content\/uploads\/2026\/01\/Wear-resistant-hammer.webp\" alt=\"Martillo resistente al desgaste\" class=\"wp-image-3466\" title=\"\" srcset=\"https:\/\/shuliybaler.com\/wp-content\/uploads\/2026\/01\/Wear-resistant-hammer.webp 720w, https:\/\/shuliybaler.com\/wp-content\/uploads\/2026\/01\/Wear-resistant-hammer-360x270.webp 360w, https:\/\/shuliybaler.com\/wp-content\/uploads\/2026\/01\/Wear-resistant-hammer-180x135.webp 180w, https:\/\/shuliybaler.com\/wp-content\/uploads\/2026\/01\/Wear-resistant-hammer-16x12.webp 16w\" sizes=\"auto, (max-width: 720px) 100vw, 720px\" \/><figcaption class=\"wp-element-caption\">Martillo resistente al desgaste<\/figcaption><\/figure>    <figure class=\"wp-block-image size-large\"><img loading=\"lazy\" decoding=\"async\" width=\"720\" height=\"540\" data-id=\"3463\" src=\"https:\/\/shuliybaler.com\/wp-content\/uploads\/2026\/01\/copper-core-motor.webp\" alt=\"copper core motor\" class=\"wp-image-3463\" title=\"\" srcset=\"https:\/\/shuliybaler.com\/wp-content\/uploads\/2026\/01\/copper-core-motor.webp 720w, https:\/\/shuliybaler.com\/wp-content\/uploads\/2026\/01\/copper-core-motor-360x270.webp 360w, https:\/\/shuliybaler.com\/wp-content\/uploads\/2026\/01\/copper-core-motor-180x135.webp 180w, https:\/\/shuliybaler.com\/wp-content\/uploads\/2026\/01\/copper-core-motor-16x12.webp 16w\" sizes=\"auto, (max-width: 720px) 100vw, 720px\" \/><figcaption class=\"wp-element-caption\">Motor de n\u00facleo de cobre<\/figcaption><\/figure>    <figure class=\"wp-block-image size-large\"><img loading=\"lazy\" decoding=\"async\" width=\"720\" height=\"540\" data-id=\"3464\" src=\"https:\/\/shuliybaler.com\/wp-content\/uploads\/2026\/01\/extra-thick-steel-plates.webp\" alt=\"extra-thick steel plates\" class=\"wp-image-3464\" title=\"\" srcset=\"https:\/\/shuliybaler.com\/wp-content\/uploads\/2026\/01\/extra-thick-steel-plates.webp 720w, https:\/\/shuliybaler.com\/wp-content\/uploads\/2026\/01\/extra-thick-steel-plates-360x270.webp 360w, https:\/\/shuliybaler.com\/wp-content\/uploads\/2026\/01\/extra-thick-steel-plates-180x135.webp 180w, https:\/\/shuliybaler.com\/wp-content\/uploads\/2026\/01\/extra-thick-steel-plates-16x12.webp 16w\" sizes=\"auto, (max-width: 720px) 100vw, 720px\" \/><figcaption class=\"wp-element-caption\">Placas de acero de grosor extra<\/figcaption><\/figure> <\/figure>    <h2 class=\"wp-block-heading\"><strong>Par\u00e1metros t\u00e9cnicos de la m\u00e1quina trituradora de metal<\/strong><\/h2>    <figure class=\"wp-block-table\"><table><tbody><tr><td>Modelo<\/td><td class=\"has-text-align-center\" data-align=\"center\">Fuerza<\/td><td class=\"has-text-align-center\" data-align=\"center\">Velocidad<\/td><td class=\"has-text-align-center\" data-align=\"center\">Capacidad<\/td><td class=\"has-text-align-center\" data-align=\"center\">Dimensiones<\/td><\/tr><tr><td>BDL-600<\/td><td class=\"has-text-align-center\" data-align=\"center\">18.5\u201322 kW<\/td><td class=\"has-text-align-center\" data-align=\"center\">860 r\/min<\/td><td class=\"has-text-align-center\" data-align=\"center\">600\u2013800 kg\/h<\/td><td class=\"has-text-align-center\" data-align=\"center\">2000\u00d71200\u00d71900 mm<\/td><\/tr><tr><td>BDL-800<\/td><td class=\"has-text-align-center\" data-align=\"center\">30\u201337 kW<\/td><td class=\"has-text-align-center\" data-align=\"center\">860 r\/min<\/td><td class=\"has-text-align-center\" data-align=\"center\">800\u20131000 kg\/h<\/td><td class=\"has-text-align-center\" data-align=\"center\">2200\u00d71500\u00d72200 mm<\/td><\/tr><tr><td>BDL-1000<\/td><td class=\"has-text-align-center\" data-align=\"center\">55\u201375 kW<\/td><td class=\"has-text-align-center\" data-align=\"center\">860 r\/min<\/td><td class=\"has-text-align-center\" data-align=\"center\">2500\u20133500 kg\/h<\/td><td class=\"has-text-align-center\" data-align=\"center\">2800\u00d71900\u00d73100 mm<\/td><\/tr><tr><td>BDL-1300<\/td><td class=\"has-text-align-center\" data-align=\"center\">90\u2013110 kW<\/td><td class=\"has-text-align-center\" data-align=\"center\">750 r\/min<\/td><td class=\"has-text-align-center\" data-align=\"center\">3500\u20135000 kg\/h<\/td><td class=\"has-text-align-center\" data-align=\"center\">3500\u00d72100\u00d73800 mm<\/td><\/tr><tr><td>BDL-1600<\/td><td class=\"has-text-align-center\" data-align=\"center\">110\u00d72 kW<\/td><td class=\"has-text-align-center\" data-align=\"center\">750 r\/min<\/td><td class=\"has-text-align-center\" data-align=\"center\">4000\u20138000 kg\/h<\/td><td class=\"has-text-align-center\" data-align=\"center\">4400\u00d72500\u00d74200 mm<\/td><\/tr><tr><td>BDL-1800<\/td><td class=\"has-text-align-center\" data-align=\"center\">160\u00d72 kW<\/td><td class=\"has-text-align-center\" data-align=\"center\">650 r\/min<\/td><td class=\"has-text-align-center\" data-align=\"center\">8000\u201312000 kg\/h<\/td><td class=\"has-text-align-center\" data-align=\"center\">4700\u00d72900\u00d74500 mm<\/td><\/tr><tr><td>BDL-2000<\/td><td class=\"has-text-align-center\" data-align=\"center\">220\u00d72 kW<\/td><td class=\"has-text-align-center\" data-align=\"center\">650 r\/min<\/td><td class=\"has-text-align-center\" data-align=\"center\">10000\u201318000 kg\/h<\/td><td class=\"has-text-align-center\" data-align=\"center\">5000\u00d73200\u00d74600 mm<\/td><\/tr><\/tbody><\/table><figcaption class=\"wp-element-caption\">par\u00e1metros de la trituradora de metal<\/figcaption><\/figure>    <p>Elegir el modelo de m\u00e1quina adecuado requiere considerar factores como el tama\u00f1o del material, el grosor y la producci\u00f3n diaria requerida. Si la m\u00e1quina se integra en una l\u00ednea de producci\u00f3n, tambi\u00e9n se debe tener en cuenta la tasa de trituraci\u00f3n y la velocidad general de la l\u00ednea para una integraci\u00f3n adecuada.<\/p>    <p>Shuliy cuenta con personal de ventas dedicado que puede ofrecer recomendaciones seg\u00fan sus necesidades espec\u00edficas. Si tiene requisitos adicionales de personalizaci\u00f3n (color, estructura, etc.), por favor cont\u00e1ctenos para recibir una cotizaci\u00f3n gratuita y un servicio personalizado.<\/p>    <figure class=\"wp-block-gallery has-nested-images columns-default is-cropped wp-block-gallery-3 is-layout-flex wp-block-gallery-is-layout-flex\"> <figure class=\"wp-block-image size-large\"><img loading=\"lazy\" decoding=\"async\" width=\"720\" height=\"540\" data-id=\"3467\" src=\"https:\/\/shuliybaler.com\/wp-content\/uploads\/2026\/01\/blue-metal-scrap-crusher.webp\" alt=\"Trituradora de chatarra de metal azul\" class=\"wp-image-3467\" title=\"\" srcset=\"https:\/\/shuliybaler.com\/wp-content\/uploads\/2026\/01\/blue-metal-scrap-crusher.webp 720w, https:\/\/shuliybaler.com\/wp-content\/uploads\/2026\/01\/blue-metal-scrap-crusher-360x270.webp 360w, https:\/\/shuliybaler.com\/wp-content\/uploads\/2026\/01\/blue-metal-scrap-crusher-180x135.webp 180w, https:\/\/shuliybaler.com\/wp-content\/uploads\/2026\/01\/blue-metal-scrap-crusher-16x12.webp 16w\" sizes=\"auto, (max-width: 720px) 100vw, 720px\" \/><figcaption class=\"wp-element-caption\">Trituradora de chatarra de metal azul<\/figcaption><\/figure>    <figure class=\"wp-block-image size-large\"><img loading=\"lazy\" decoding=\"async\" width=\"720\" height=\"540\" data-id=\"3468\" src=\"https:\/\/shuliybaler.com\/wp-content\/uploads\/2026\/01\/white-crusher-for-metal.webp\" alt=\"Trituradora blanca para metal\" class=\"wp-image-3468\" title=\"\" srcset=\"https:\/\/shuliybaler.com\/wp-content\/uploads\/2026\/01\/white-crusher-for-metal.webp 720w, https:\/\/shuliybaler.com\/wp-content\/uploads\/2026\/01\/white-crusher-for-metal-360x270.webp 360w, https:\/\/shuliybaler.com\/wp-content\/uploads\/2026\/01\/white-crusher-for-metal-180x135.webp 180w, https:\/\/shuliybaler.com\/wp-content\/uploads\/2026\/01\/white-crusher-for-metal-16x12.webp 16w\" sizes=\"auto, (max-width: 720px) 100vw, 720px\" \/><figcaption class=\"wp-element-caption\">Trituradora blanca para metal<\/figcaption><\/figure> <\/figure>    <h2 class=\"wp-block-heading\"><strong>\u00bfQu\u00e9 tipos de materiales reciclables se pueden procesar con esta trituradora?<\/strong><\/h2>    <p>Las m\u00e1quinas trituradoras de metal de Shuliy son adecuadas para procesar varios tipos de chatarra met\u00e1lica, incluyendo:<\/p>    <ul class=\"wp-block-list\"> <li>Cuerpos de autom\u00f3viles aplastados y partes de autom\u00f3viles desmontados<\/li>    <li>Materiales ligeros con una densidad de \u22641 T\/m\u00b3 despu\u00e9s de ser cortados o apilados<\/li>    <li>Lavadoras viejas, refrigeradores, aires acondicionados, tejas de acero de color y otros electrodom\u00e9sticos<\/li>    <li>Motocicletas, veh\u00edculos el\u00e9ctricos, bicicletas y sus partes de carrocer\u00eda desechados<\/li>    <li>Latas de aluminio de desecho, latas de pintura, aluminio de desecho y puertas y ventanas de aluminio rotas (l\u00edquidos y pintura deben ser eliminados)<\/li>    <li>Chatarra de chapa met\u00e1lica, chatarra de acero, chatarra de hierro y otros metales de desecho<\/li> <\/ul>    <figure class=\"wp-block-gallery has-nested-images columns-default is-cropped wp-block-gallery-4 is-layout-flex wp-block-gallery-is-layout-flex\"> <figure class=\"wp-block-image size-large\"><img loading=\"lazy\" decoding=\"async\" width=\"720\" height=\"540\" data-id=\"3462\" src=\"https:\/\/shuliybaler.com\/wp-content\/uploads\/2026\/01\/hammer-type-crushing-machine.webp\" alt=\"Tipo de trituradora de martillo\" class=\"wp-image-3462\" title=\"\" srcset=\"https:\/\/shuliybaler.com\/wp-content\/uploads\/2026\/01\/hammer-type-crushing-machine.webp 720w, https:\/\/shuliybaler.com\/wp-content\/uploads\/2026\/01\/hammer-type-crushing-machine-360x270.webp 360w, https:\/\/shuliybaler.com\/wp-content\/uploads\/2026\/01\/hammer-type-crushing-machine-180x135.webp 180w, https:\/\/shuliybaler.com\/wp-content\/uploads\/2026\/01\/hammer-type-crushing-machine-16x12.webp 16w\" sizes=\"auto, (max-width: 720px) 100vw, 720px\" \/><figcaption class=\"wp-element-caption\">Trituradora de tipo martillo<\/figcaption><\/figure>    <figure class=\"wp-block-image size-large\"><img loading=\"lazy\" decoding=\"async\" width=\"720\" height=\"540\" data-id=\"3461\" src=\"https:\/\/shuliybaler.com\/wp-content\/uploads\/2026\/01\/final-products-after-crushing.webp\" alt=\"final products after crushing\" class=\"wp-image-3461\" title=\"\" srcset=\"https:\/\/shuliybaler.com\/wp-content\/uploads\/2026\/01\/final-products-after-crushing.webp 720w, https:\/\/shuliybaler.com\/wp-content\/uploads\/2026\/01\/final-products-after-crushing-360x270.webp 360w, https:\/\/shuliybaler.com\/wp-content\/uploads\/2026\/01\/final-products-after-crushing-180x135.webp 180w, https:\/\/shuliybaler.com\/wp-content\/uploads\/2026\/01\/final-products-after-crushing-16x12.webp 16w\" sizes=\"auto, (max-width: 720px) 100vw, 720px\" \/><figcaption class=\"wp-element-caption\">Productos finales despu\u00e9s de la trituraci\u00f3n<\/figcaption><\/figure> <\/figure>    <h2 class=\"wp-block-heading\">\u00a1Cont\u00e1ctenos para la \u00faltima cuota!<\/h2>    <p>La mayor\u00eda de nuestros clientes instalan la m\u00e1quina trituradora de metal o su l\u00ednea de producci\u00f3n relacionada en sus plantas de reciclaje de chatarra, acer\u00edas o fundiciones. Al procesar los materiales, reducen su volumen, facilitando el transporte o mejorando la eficiencia de fundici\u00f3n, aumentando as\u00ed el valor de la chatarra reciclada.<\/p>    <figure class=\"wp-block-gallery has-nested-images columns-default is-cropped wp-block-gallery-5 is-layout-flex wp-block-gallery-is-layout-flex\"> <figure class=\"wp-block-image size-large\"><img loading=\"lazy\" decoding=\"async\" width=\"720\" height=\"540\" data-id=\"3469\" src=\"https:\/\/shuliybaler.com\/wp-content\/uploads\/2026\/01\/clients-feedback.webp\" alt=\"Comentarios de clientes\" class=\"wp-image-3469\" title=\"\" srcset=\"https:\/\/shuliybaler.com\/wp-content\/uploads\/2026\/01\/clients-feedback.webp 720w, https:\/\/shuliybaler.com\/wp-content\/uploads\/2026\/01\/clients-feedback-360x270.webp 360w, https:\/\/shuliybaler.com\/wp-content\/uploads\/2026\/01\/clients-feedback-180x135.webp 180w, https:\/\/shuliybaler.com\/wp-content\/uploads\/2026\/01\/clients-feedback-16x12.webp 16w\" sizes=\"auto, (max-width: 720px) 100vw, 720px\" \/><figcaption class=\"wp-element-caption\">Comentarios de clientes<\/figcaption><\/figure>    <figure class=\"wp-block-image size-large\"><img loading=\"lazy\" decoding=\"async\" width=\"720\" height=\"540\" data-id=\"3470\" src=\"https:\/\/shuliybaler.com\/wp-content\/uploads\/2026\/01\/metal-shredder-installation-case.webp\" alt=\"metal shredder  installation case\" class=\"wp-image-3470\" title=\"\" srcset=\"https:\/\/shuliybaler.com\/wp-content\/uploads\/2026\/01\/metal-shredder-installation-case.webp 720w, https:\/\/shuliybaler.com\/wp-content\/uploads\/2026\/01\/metal-shredder-installation-case-360x270.webp 360w, https:\/\/shuliybaler.com\/wp-content\/uploads\/2026\/01\/metal-shredder-installation-case-180x135.webp 180w, https:\/\/shuliybaler.com\/wp-content\/uploads\/2026\/01\/metal-shredder-installation-case-16x12.webp 16w\" sizes=\"auto, (max-width: 720px) 100vw, 720px\" \/><figcaption class=\"wp-element-caption\">Caso de instalaci\u00f3n de trituradora de metal<\/figcaption><\/figure> <\/figure>    <p>Si est\u00e1 interesado en nuestra m\u00e1quina, por favor cont\u00e1ctenos para la lista de precios y descuentos m\u00e1s recientes. Los siguientes productos pueden usarse junto con esta trituradora de metal: <\/p>    <ul class=\"wp-block-list\"> <li><a href=\"https:\/\/shuliybaler.com\/es\/product\/trituradora-de-tambor-de-acero\/\">Trituradora de tambor de acero<\/a><\/li>    <li><a href=\"https:\/\/shuliybaler.com\/es\/product\/empacadora-de-chatarra\/\">Empacadora de chatarra<\/a><\/li> <\/ul>","protected":false},"excerpt":{"rendered":"<p>This high-efficiency metal shredder can be used to shred scrap metal, aluminum cans, household appliances, and steel. The shredded material is in the form of 3-10 cm spheres or segments, which facilitates packaging and other metal recycling processes.<\/p>","protected":false},"author":1,"featured_media":3460,"parent":0,"template":"","tags":[15],"product-type":[87],"class_list":["post-3448","product","type-product","status-publish","has-post-thumbnail","hentry","tag-metal","product-type-metal-recycling-machine"],"_links":{"self":[{"href":"https:\/\/shuliybaler.com\/es\/wp-json\/wp\/v2\/product\/3448","targetHints":{"allow":["GET"]}}],"collection":[{"href":"https:\/\/shuliybaler.com\/es\/wp-json\/wp\/v2\/product"}],"about":[{"href":"https:\/\/shuliybaler.com\/es\/wp-json\/wp\/v2\/types\/product"}],"author":[{"embeddable":true,"href":"https:\/\/shuliybaler.com\/es\/wp-json\/wp\/v2\/users\/1"}],"wp:featuredmedia":[{"embeddable":true,"href":"https:\/\/shuliybaler.com\/es\/wp-json\/wp\/v2\/media\/3460"}],"wp:attachment":[{"href":"https:\/\/shuliybaler.com\/es\/wp-json\/wp\/v2\/media?parent=3448"}],"wp:term":[{"taxonomy":"post_tag","embeddable":true,"href":"https:\/\/shuliybaler.com\/es\/wp-json\/wp\/v2\/tags?post=3448"},{"taxonomy":"product-type","embeddable":true,"href":"https:\/\/shuliybaler.com\/es\/wp-json\/wp\/v2\/product-type?post=3448"}],"curies":[{"name":"wp","href":"https:\/\/api.w.org\/{rel}","templated":true}]}}