{"id":3476,"date":"2026-01-08T14:24:56","date_gmt":"2026-01-08T06:24:56","guid":{"rendered":"https:\/\/shuliybaler.com\/?post_type=product&#038;p=3476"},"modified":"2026-01-09T13:37:25","modified_gmt":"2026-01-09T05:37:25","slug":"small-metal-shredder-for-waste-recycling","status":"publish","type":"product","link":"https:\/\/shuliybaler.com\/es\/product\/small-metal-shredder-for-waste-recycling\/","title":{"rendered":"Trituradora de metal peque\u00f1a de alta eficiencia para el reciclaje de residuos"},"content":{"rendered":"<p class=\"translation-block\">La<strong> trituradora peque\u00f1a de metal<\/strong> es adecuada para aplicaciones que requieren trituraci\u00f3n eficiente en espacios limitados. A pesar de su tama\u00f1o compacto, esta trituradora cuenta con capacidades de corte de doble eje potentes, y sus cuchillas est\u00e1n hechas de material altamente resistente al desgaste 9CrSi, lo que la hace adecuada para operaci\u00f3n continua a largo plazo.<\/p>    <figure class=\"wp-block-embed aligncenter is-type-video is-provider-youtube wp-block-embed-youtube wp-embed-aspect-16-9 wp-has-aspect-ratio\"><div class=\"wp-block-embed__wrapper\"> <iframe loading=\"lazy\" title=\"Dentro de nuestra f\u00e1brica: Prueba de funcionamiento de la trituradora peque\u00f1a de metal | Compacta pero potente Contacto\uff1a 8617703863868\" width=\"500\" height=\"281\" src=\"https:\/\/www.youtube.com\/embed\/7L99OCIJPJc?feature=oembed\" frameborder=\"0\" allow=\"accelerometer; autoplay; clipboard-write; encrypted-media; gyroscope; picture-in-picture; web-share\" referrerpolicy=\"strict-origin-when-cross-origin\" allowfullscreen><\/iframe> <\/div><figcaption class=\"wp-element-caption\">video de trabajo de la trituradora peque\u00f1a de metal<\/figcaption><\/figure>    <h2 class=\"wp-block-heading\"><strong>Principales ventajas de esta peque\u00f1a trituradora de metal<\/strong><\/h2>    <ul class=\"wp-block-list\"> <li>La trituradora de metal compacta de Shuliy tiene un <strong>estructura compacta con dimensiones totales de 1600 \u00d7 1000 \u00d7 1300 mm<\/strong>, which is suitable for small recycling centers, factory corners, and startup recycling projects with limited space. It doesn&#8217;t need a complex installation, significantly reducing installation costs.<\/li>    <li>La trituradora comercial es accionada por <strong>un motor de 11 kW y una caja de cambios de tipo 400<\/strong>, con una velocidad de eje tan baja como 8-11 revoluciones por minuto, proporcionando un torque potente mientras mantiene operaciones de trituraci\u00f3n estables y continuas. <\/li>    <li>Nuestra trituradora peque\u00f1a de metal utiliza un <strong>estructura de trituraci\u00f3n de doble eje<\/strong>, que proporciona fuerzas de corte, desgarro y trituraci\u00f3n potentes. Equipado con 13 cuchillas rotativas y 15 cuchillas fijas, puede manejar f\u00e1cilmente perfiles met\u00e1licos ligeros y chatarra met\u00e1lica mezclada. <\/li>    <li>Debido a que <strong>disposici\u00f3n precisa de cuchillas y velocidad de rotaci\u00f3n controlable<\/strong>, el material terminado tiene un tama\u00f1o de part\u00edcula peque\u00f1o y uniforme, lo que lo hace ideal para procesamiento secundario, clasificaci\u00f3n y separaci\u00f3n de metales, y permite que el reciclaje aguas abajo sea m\u00e1s eficiente y rentable.<\/li> <\/ul>   <div class=\"wp-block-image\"> <figure class=\"aligncenter size-large\"><img loading=\"lazy\" decoding=\"async\" width=\"720\" height=\"540\" src=\"https:\/\/shuliybaler.com\/wp-content\/uploads\/2026\/01\/waste-shredder.webp\" alt=\"\" class=\"wp-image-3485\" title=\"\" srcset=\"https:\/\/shuliybaler.com\/wp-content\/uploads\/2026\/01\/waste-shredder.webp 720w, https:\/\/shuliybaler.com\/wp-content\/uploads\/2026\/01\/waste-shredder-360x270.webp 360w, https:\/\/shuliybaler.com\/wp-content\/uploads\/2026\/01\/waste-shredder-180x135.webp 180w, https:\/\/shuliybaler.com\/wp-content\/uploads\/2026\/01\/waste-shredder-16x12.webp 16w\" sizes=\"auto, (max-width: 720px) 100vw, 720px\" \/><\/figure> <\/div>   <h2 class=\"wp-block-heading\"><strong>\u00bfPor qu\u00e9 invertir en una trituradora peque\u00f1a de metal?<\/strong><\/h2>    <p>Para peque\u00f1as plantas de reciclaje que buscan ingresar o expandirse en el mercado del reciclaje de metales con riesgo y costo controlados, invertir en una trituradora peque\u00f1a de metal es una opci\u00f3n inteligente.<\/p>    <ol class=\"wp-block-list\"> <li>En comparaci\u00f3n con las l\u00edneas de trituraci\u00f3n grandes, tiene un costo inicial menor.<\/li>    <li>La trituradora compacta ofrece un rendimiento estable, bajos costos de mantenimiento y un retorno de inversi\u00f3n r\u00e1pido.<\/li>    <li>Nuestra m\u00e1quina es vers\u00e1til y puede usarse con una variedad de materiales met\u00e1licos.<\/li>    <li>Es f\u00e1cil de operar y mantener, lo que lo hace adecuado para peque\u00f1os equipos.<\/li> <\/ol>    <p>Para recicladores, fabricantes y comerciantes de chatarra a peque\u00f1a escala, esta m\u00e1quina ofrece un equilibrio ideal entre rendimiento, costo y escalabilidad.<\/p>   <div class=\"wp-block-image\"> <figure class=\"aligncenter size-large\"><img loading=\"lazy\" decoding=\"async\" width=\"720\" height=\"540\" src=\"https:\/\/shuliybaler.com\/wp-content\/uploads\/2026\/01\/cardboard-shredding-machine-1.webp\" alt=\"\" class=\"wp-image-3484\" title=\"\" srcset=\"https:\/\/shuliybaler.com\/wp-content\/uploads\/2026\/01\/cardboard-shredding-machine-1.webp 720w, https:\/\/shuliybaler.com\/wp-content\/uploads\/2026\/01\/cardboard-shredding-machine-1-360x270.webp 360w, https:\/\/shuliybaler.com\/wp-content\/uploads\/2026\/01\/cardboard-shredding-machine-1-180x135.webp 180w, https:\/\/shuliybaler.com\/wp-content\/uploads\/2026\/01\/cardboard-shredding-machine-1-16x12.webp 16w\" sizes=\"auto, (max-width: 720px) 100vw, 720px\" \/><\/figure> <\/div>   <h2 class=\"wp-block-heading\"><strong>Amplio alcance de aplicaciones de la m\u00e1quina de trituraci\u00f3n de metal compacta<\/strong><\/h2>    <p>En plantas de reciclaje de chatarra met\u00e1lica peque\u00f1as y medianas, este tipo de trituradora peque\u00f1a de metal se usa com\u00fanmente como equipo primario o de pre-trituraci\u00f3n. Tritura chatarra met\u00e1lica voluminoso en piezas m\u00e1s peque\u00f1as y manejables, mejorando la eficiencia de clasificaci\u00f3n antes de la separaci\u00f3n magn\u00e9tica o trituraci\u00f3n adicional.<\/p>    <p>Los talleres de procesamiento de metales generan una gran cantidad de chatarra, recortes y piezas defectuosas durante la producci\u00f3n diaria. Esta trituradora puede ayudar a los talleres a triturar residuos met\u00e1licos en el lugar, reduciendo el espacio de almacenamiento y manteniendo un ambiente de trabajo m\u00e1s limpio y seguro. <\/p>    <p>En estaciones de recogida y transferencia de chatarra, es dif\u00edcil manejar diferentes tama\u00f1os de residuos. Esta trituradora se usa ampliamente para reducir el volumen del material antes del transporte, estandarizar los tama\u00f1os de chatarra para facilitar su procesamiento por plantas de reciclaje aguas abajo, y mejorar la eficiencia de carga y la gesti\u00f3n log\u00edstica.<\/p>    <figure class=\"wp-block-gallery has-nested-images columns-default is-cropped wp-block-gallery-2 is-layout-flex wp-block-gallery-is-layout-flex\"> <figure class=\"wp-block-image size-large\"><img loading=\"lazy\" decoding=\"async\" width=\"720\" height=\"540\" data-id=\"3488\" src=\"https:\/\/shuliybaler.com\/wp-content\/uploads\/2026\/01\/waste-recycling.webp\" alt=\"reciclaje de residuos\" class=\"wp-image-3488\" title=\"\" srcset=\"https:\/\/shuliybaler.com\/wp-content\/uploads\/2026\/01\/waste-recycling.webp 720w, https:\/\/shuliybaler.com\/wp-content\/uploads\/2026\/01\/waste-recycling-360x270.webp 360w, https:\/\/shuliybaler.com\/wp-content\/uploads\/2026\/01\/waste-recycling-180x135.webp 180w, https:\/\/shuliybaler.com\/wp-content\/uploads\/2026\/01\/waste-recycling-16x12.webp 16w\" sizes=\"auto, (max-width: 720px) 100vw, 720px\" \/><figcaption class=\"wp-element-caption\">Reciclaje de residuos<\/figcaption><\/figure>    <figure class=\"wp-block-image size-large\"><img loading=\"lazy\" decoding=\"async\" width=\"720\" height=\"540\" data-id=\"3487\" src=\"https:\/\/shuliybaler.com\/wp-content\/uploads\/2026\/01\/metal-factory-scraps.webp\" alt=\"metal factory scraps\" class=\"wp-image-3487\" title=\"\" srcset=\"https:\/\/shuliybaler.com\/wp-content\/uploads\/2026\/01\/metal-factory-scraps.webp 720w, https:\/\/shuliybaler.com\/wp-content\/uploads\/2026\/01\/metal-factory-scraps-360x270.webp 360w, https:\/\/shuliybaler.com\/wp-content\/uploads\/2026\/01\/metal-factory-scraps-180x135.webp 180w, https:\/\/shuliybaler.com\/wp-content\/uploads\/2026\/01\/metal-factory-scraps-16x12.webp 16w\" sizes=\"auto, (max-width: 720px) 100vw, 720px\" \/><figcaption class=\"wp-element-caption\">Residuos de f\u00e1brica de metales<\/figcaption><\/figure> <\/figure>    <h2 class=\"wp-block-heading\"><strong>Par\u00e1metros t\u00e9cnicos de la trituradora peque\u00f1a de metal<\/strong><\/h2>    <figure class=\"wp-block-table\"><table class=\"has-fixed-layout\"><tbody><tr><td>Potencia del motor<\/td><td>11 kW<\/td><\/tr><tr><td>Reductor<\/td><td>Tipo 400<\/td><\/tr><tr><td>Control el\u00e9ctrico<\/td><td>Gabinete de control de avance y reversa<\/td><\/tr><tr><td>Material de la cuchilla<\/td><td>Acero de herramienta de trabajo en fr\u00edo<\/td><\/tr><tr><td>Di\u00e1metro de la cuchilla<\/td><td>200 mm<\/td><\/tr><tr><td>Grosor de la hoja<\/td><td>30 mm<\/td><\/tr><tr><td>Cuchillas rotativas<\/td><td>13 pcs<\/td><\/tr><tr><td>Cuchillas fijas<\/td><td>15 pcs<\/td><\/tr><tr><td>Material del espaciador<\/td><td>Acero de herramienta de trabajo en fr\u00edo<\/td><\/tr><tr><td>Eje<\/td><td>Templado y revenido<\/td><\/tr><tr><td>Marco de tubo cuadrado<\/td><td>80 \u00d7 80 mm<\/td><\/tr><tr><td>Tama\u00f1o total<\/td><td>1600 \u00d7 1000 \u00d7 1300 mm<\/td><\/tr><tr><td>Velocidad del eje rotatorio<\/td><td>8\u201311 r\/min<\/td><\/tr><tr><td>Fuente de alimentaci\u00f3n<\/td><td>3 fases 380 V 50 Hz<\/td><\/tr><\/tbody><\/table><figcaption class=\"wp-element-caption\">par\u00e1metros de la trituradora de doble eje<\/figcaption><\/figure>    <p>Tambi\u00e9n ofrecemos servicios adicionales de personalizaci\u00f3n, incluyendo color, voltaje del motor y dise\u00f1o de puerto de descarga. Contacta con nuestros expertos para obtener informaci\u00f3n m\u00e1s detallada.<\/p>    <figure class=\"wp-block-gallery has-nested-images columns-default is-cropped wp-block-gallery-3 is-layout-flex wp-block-gallery-is-layout-flex\"> <figure class=\"wp-block-image size-large\"><img loading=\"lazy\" decoding=\"async\" width=\"720\" height=\"540\" data-id=\"3482\" src=\"https:\/\/shuliybaler.com\/wp-content\/uploads\/2026\/01\/metal-shredding-machine-with-wire-mesh.webp\" alt=\"trituradora de metal con rampa de descarga\" class=\"wp-image-3482\" title=\"\" srcset=\"https:\/\/shuliybaler.com\/wp-content\/uploads\/2026\/01\/metal-shredding-machine-with-wire-mesh.webp 720w, https:\/\/shuliybaler.com\/wp-content\/uploads\/2026\/01\/metal-shredding-machine-with-wire-mesh-360x270.webp 360w, https:\/\/shuliybaler.com\/wp-content\/uploads\/2026\/01\/metal-shredding-machine-with-wire-mesh-180x135.webp 180w, https:\/\/shuliybaler.com\/wp-content\/uploads\/2026\/01\/metal-shredding-machine-with-wire-mesh-16x12.webp 16w\" sizes=\"auto, (max-width: 720px) 100vw, 720px\" \/><figcaption class=\"wp-element-caption\">M\u00e1quina de trituraci\u00f3n de metal con malla met\u00e1lica<\/figcaption><\/figure>    <figure class=\"wp-block-image size-large\"><img loading=\"lazy\" decoding=\"async\" width=\"720\" height=\"540\" data-id=\"3481\" src=\"https:\/\/shuliybaler.com\/wp-content\/uploads\/2026\/01\/metal-shredder-with-discharge-ramp.webp\" alt=\"trituradora de doble eje peque\u00f1a\" class=\"wp-image-3481\" title=\"\" srcset=\"https:\/\/shuliybaler.com\/wp-content\/uploads\/2026\/01\/metal-shredder-with-discharge-ramp.webp 720w, https:\/\/shuliybaler.com\/wp-content\/uploads\/2026\/01\/metal-shredder-with-discharge-ramp-360x270.webp 360w, https:\/\/shuliybaler.com\/wp-content\/uploads\/2026\/01\/metal-shredder-with-discharge-ramp-180x135.webp 180w, https:\/\/shuliybaler.com\/wp-content\/uploads\/2026\/01\/metal-shredder-with-discharge-ramp-16x12.webp 16w\" sizes=\"auto, (max-width: 720px) 100vw, 720px\" \/><figcaption class=\"wp-element-caption\">Trituradora de metal con rampa de descarga<\/figcaption><\/figure> <\/figure>    <div class=\"wp-block-buttons is-content-justification-center is-layout-flex wp-container-core-buttons-is-layout-16018d1d wp-block-buttons-is-layout-flex\"> <div class=\"wp-block-button is-style-fill\"><a class=\"wp-block-button__link wp-element-button\" href=\"https:\/\/shuliybaler.com\/es\/contact-us\/\">Cotizaciones y consultas gratuitas<\/a><\/div> <\/div>    <h2 class=\"wp-block-heading\">Preguntas frecuentes sobre la trituradora de cart\u00f3n de Shuliy<\/h2>   <div id=\"rank-math-faq\" class=\"rank-math-block\"> <div class=\"rank-math-list\"> <div id=\"faq-question-1767838623961\" class=\"rank-math-list-item\"> <h3 class=\"rank-math-question\"><strong>\u00bfQu\u00e9 tipos de metal puede procesar esta peque\u00f1a trituradora de metal?<\/strong><\/h3> <div class=\"rank-math-answer\">  <p>Es adecuada para chatarra met\u00e1lica ligera, l\u00e1minas de acero delgadas, aluminio y piezas met\u00e1licas peque\u00f1as.<\/p>  <\/div> <\/div> <div id=\"faq-question-1767838661033\" class=\"rank-math-list-item\"> <h3 class=\"rank-math-question\"><strong>\u00bfEs adecuada esta trituradora para operaci\u00f3n continua?<\/strong><\/h3> <div class=\"rank-math-answer\">  <p>El dise\u00f1o de bajo velocidad y alto torque asegura que la m\u00e1quina pueda operar de forma continua durante per\u00edodos prolongados.<\/p>  <\/div> <\/div> <div id=\"faq-question-1767838838592\" class=\"rank-math-list-item\"> <h3 class=\"rank-math-question\"><strong>\u00bfCu\u00e1l es el grosor m\u00e1ximo de metal que puede triturar esta m\u00e1quina?<\/strong><\/h3> <div class=\"rank-math-answer\">  <p>Esta m\u00e1quina es adecuada para procesar materiales met\u00e1licos delgados y de grosor medio. Para materiales m\u00e1s gruesos o duros, generalmente recomendamos pre-cortar o elegir un modelo de trituradora m\u00e1s grande.<\/p>  <\/div> <\/div> <div id=\"faq-question-1767838937857\" class=\"rank-math-list-item\"> <h3 class=\"rank-math-question\"><strong>\u00bfC\u00f3mo mantener la trituradora?<\/strong><\/h3> <div class=\"rank-math-answer\">  <p>Inspeccione regularmente los tornillos de las cuchillas y los componentes el\u00e9ctricos, y lubrique los rodamientos.<\/p>  <\/div> <\/div> <div id=\"faq-question-1767839135772\" class=\"rank-math-list-item\"> <h3 class=\"rank-math-question\"><strong>\u00bfQu\u00e9 servicios postventa ofrecen?<\/strong><\/h3> <div class=\"rank-math-answer\">  <p>Gu\u00eda de instalaci\u00f3n, suministro de piezas de repuesto a largo plazo y soporte t\u00e9cnico personalizado para preguntas relacionadas con la m\u00e1quina.<\/p>  <\/div> <\/div> <\/div> <\/div>   <p>Esta trituradora de metal compacta presenta una huella peque\u00f1a, alta eficiencia y capacidades de trituraci\u00f3n de doble eje potentes, produciendo un producto finamente granulado. Logra un equilibrio perfecto entre rendimiento y costo.<\/p>    <p>Para instalaciones de reciclaje a peque\u00f1a escala o f\u00e1bricas que buscan producir productos met\u00e1licos de valor agregado, invertir en esta trituradora de metal compacta es una decisi\u00f3n inteligente y con visi\u00f3n de futuro.<\/p>   <div class=\"wp-block-image\"> <figure class=\"aligncenter size-full\"><img loading=\"lazy\" decoding=\"async\" width=\"720\" height=\"540\" src=\"https:\/\/shuliybaler.com\/wp-content\/uploads\/2026\/01\/double-shaft-shredder.webp\" alt=\"trituradora de doble eje\" class=\"wp-image-3483\" title=\"\" srcset=\"https:\/\/shuliybaler.com\/wp-content\/uploads\/2026\/01\/double-shaft-shredder.webp 720w, https:\/\/shuliybaler.com\/wp-content\/uploads\/2026\/01\/double-shaft-shredder-360x270.webp 360w, https:\/\/shuliybaler.com\/wp-content\/uploads\/2026\/01\/double-shaft-shredder-180x135.webp 180w, https:\/\/shuliybaler.com\/wp-content\/uploads\/2026\/01\/double-shaft-shredder-16x12.webp 16w\" sizes=\"auto, (max-width: 720px) 100vw, 720px\" \/><figcaption class=\"wp-element-caption\">trituradora de doble eje<\/figcaption><\/figure> <\/div>   <p>We also offer other models of shredders. If you find this model&#8217;s output not mmet your needs, you can check out these other options:<\/p>    <ul class=\"wp-block-list\"> <li><a href=\"https:\/\/shuliybaler.com\/es\/product\/trituradora-de-tambor-de-acero\/\">Triturador de barriles de acero de 1400<\/a><\/li>    <li><a href=\"https:\/\/shuliybaler.com\/es\/product\/scrap-copper-wire-shredder\/\">Trituradora de cable de cobre de chatarra de 600<\/a><\/li> <\/ul>","protected":false},"excerpt":{"rendered":"<p>This compact metal shredder has a compact size and can easily shred waste materials into small pieces, significantly reducing space and operating costs. It is ideal for recycling facilities with limited budgets or small workspaces.<\/p>","protected":false},"author":1,"featured_media":3496,"parent":0,"template":"","tags":[15],"product-type":[46],"class_list":["post-3476","product","type-product","status-publish","has-post-thumbnail","hentry","tag-metal","product-type-metal-shredder"],"_links":{"self":[{"href":"https:\/\/shuliybaler.com\/es\/wp-json\/wp\/v2\/product\/3476","targetHints":{"allow":["GET"]}}],"collection":[{"href":"https:\/\/shuliybaler.com\/es\/wp-json\/wp\/v2\/product"}],"about":[{"href":"https:\/\/shuliybaler.com\/es\/wp-json\/wp\/v2\/types\/product"}],"author":[{"embeddable":true,"href":"https:\/\/shuliybaler.com\/es\/wp-json\/wp\/v2\/users\/1"}],"wp:featuredmedia":[{"embeddable":true,"href":"https:\/\/shuliybaler.com\/es\/wp-json\/wp\/v2\/media\/3496"}],"wp:attachment":[{"href":"https:\/\/shuliybaler.com\/es\/wp-json\/wp\/v2\/media?parent=3476"}],"wp:term":[{"taxonomy":"post_tag","embeddable":true,"href":"https:\/\/shuliybaler.com\/es\/wp-json\/wp\/v2\/tags?post=3476"},{"taxonomy":"product-type","embeddable":true,"href":"https:\/\/shuliybaler.com\/es\/wp-json\/wp\/v2\/product-type?post=3476"}],"curies":[{"name":"wp","href":"https:\/\/api.w.org\/{rel}","templated":true}]}}