{"id":3515,"date":"2026-02-03T17:28:38","date_gmt":"2026-02-03T09:28:38","guid":{"rendered":"https:\/\/shuliybaler.com\/?post_type=product&#038;p=3515"},"modified":"2026-02-04T10:19:49","modified_gmt":"2026-02-04T02:19:49","slug":"copper-cable-granulator","status":"publish","type":"product","link":"https:\/\/shuliybaler.com\/es\/product\/copper-cable-granulator\/","title":{"rendered":"Granulador de cables de cobre | Soluci\u00f3n de reciclaje de cables de cobre"},"content":{"rendered":"<p class=\"translation-block\">El <strong>granulador de cables de cobre<\/strong> se usa para procesar cables y cables de cobre de desecho. Separa eficientemente part\u00edculas de cobre puro de la capa de aislamiento pl\u00e1stico mediante trituraci\u00f3n, separaci\u00f3n por aire y separaci\u00f3n por gravedad, transformando cables de desecho en materiales reciclables de alto valor.<\/p>    <p>El producto final tiene una pureza de cobre de hasta el 99,5%, con una producci\u00f3n horaria que var\u00eda de 100 a 1000 kg. Shuliy recomienda usar una l\u00ednea de producci\u00f3n para procesamiento de alto volumen, o equiparla con equipos de selecci\u00f3n electrost\u00e1tica para separar a\u00fan m\u00e1s cualquier cobre residual del pl\u00e1stico.<\/p>    <figure class=\"wp-block-embed aligncenter is-type-video is-provider-youtube wp-block-embed-youtube wp-embed-aspect-16-9 wp-has-aspect-ratio\"><div class=\"wp-block-embed__wrapper\"> <iframe loading=\"lazy\" title=\"Proceso completo desde cable de chatarra hasta gr\u00e1nulos de cobre Contacto:  8617703863868\" width=\"500\" height=\"281\" src=\"https:\/\/www.youtube.com\/embed\/2RHgzwLOTtU?feature=oembed\" frameborder=\"0\" allow=\"accelerometer; autoplay; clipboard-write; encrypted-media; gyroscope; picture-in-picture; web-share\" referrerpolicy=\"strict-origin-when-cross-origin\" allowfullscreen><\/iframe> <\/div><figcaption class=\"wp-element-caption\">Video de trabajo del granulador de cables de cobre<\/figcaption><\/figure>    <h2 class=\"wp-block-heading\"><strong>\u00bfPor qu\u00e9 elegir el granulador de cables de cobre de Shuliy?<\/strong><\/h2>    <ol class=\"wp-block-list\"> <li>El granulador de reciclaje de cobre recupera cobre con una pureza superior al 99,5%, y puede equiparse con un dispositivo de separaci\u00f3n electrost\u00e1tica para lograr una recuperaci\u00f3n del 100% de cobre.<\/li>    <li>El granulador de cobre Shuliy adopta una estructura integrada, ocupa una peque\u00f1a \u00e1rea, es f\u00e1cil de instalar y muy m\u00f3vil.<\/li>    <li>Esta m\u00e1quina est\u00e1 equipada con un sistema de control PLC, que permite que un operador gestione todo el proceso de producci\u00f3n.<\/li>    <li>Nuestro dispositivo de trituraci\u00f3n de esta m\u00e1quina separadora de cables de cobre utiliza cuchillas de aleaci\u00f3n SKD-11 (dureza HR58) para garantizar una excelente resistencia al desgaste y dureza.<\/li>    <li>La m\u00e1quina completa funciona de manera totalmente cerrada, con un dispositivo de eliminaci\u00f3n de polvo de chorro pulsado para prevenir eficazmente la contaminaci\u00f3n secundaria.<\/li> <\/ol>   <div class=\"wp-block-image\"> <figure class=\"aligncenter size-full\"><img loading=\"lazy\" decoding=\"async\" width=\"720\" height=\"540\" src=\"https:\/\/shuliybaler.com\/wp-content\/uploads\/2026\/02\/copper-cable-granulator-machine.webp\" alt=\"M\u00e1quina granuladora de cables de cobre\" class=\"wp-image-3529\" title=\"\" srcset=\"https:\/\/shuliybaler.com\/wp-content\/uploads\/2026\/02\/copper-cable-granulator-machine.webp 720w, https:\/\/shuliybaler.com\/wp-content\/uploads\/2026\/02\/copper-cable-granulator-machine-360x270.webp 360w, https:\/\/shuliybaler.com\/wp-content\/uploads\/2026\/02\/copper-cable-granulator-machine-180x135.webp 180w, https:\/\/shuliybaler.com\/wp-content\/uploads\/2026\/02\/copper-cable-granulator-machine-16x12.webp 16w\" sizes=\"auto, (max-width: 720px) 100vw, 720px\" \/><figcaption class=\"wp-element-caption\">M\u00e1quina granuladora de cables de cobre<\/figcaption><\/figure> <\/div>   <h2 class=\"wp-block-heading\"><strong>Principio de funcionamiento de la m\u00e1quina granuladora industrial de cables de cobre<\/strong><\/h2>    <p class=\"translation-block\"><strong>Paso 1<\/strong>: Los cables y alambres de cobre de desecho se introducen en la trituradora, donde las cuchillas de aleaci\u00f3n SKD-11 rompen el material en part\u00edculas uniformes.<\/p>    <p class=\"translation-block\"><strong>Paso 2<\/strong>: Un sistema de clasificaci\u00f3n de flujo de aire y neum\u00e1tico separa las part\u00edculas de pl\u00e1stico m\u00e1s ligeras de las part\u00edculas de cobre m\u00e1s pesadas.<\/p>    <p class=\"translation-block\"><strong>Paso 3<\/strong>: La tecnolog\u00eda de separaci\u00f3n por flotaci\u00f3n en aire y gravedad separa con precisi\u00f3n cobre y pl\u00e1stico seg\u00fan las diferencias de densidad.<\/p>    <p class=\"translation-block\"><strong>Paso 4<\/strong>: Un sistema completamente cerrado combinado con un recolector de polvo de pulso elimina eficazmente el polvo generado durante la operaci\u00f3n.<\/p>    <p class=\"translation-block\"><strong>Paso 5<\/strong>: Las part\u00edculas de cobre y pl\u00e1stico se recogen y descargan por dos salidas diferentes.<\/p>    <h2 class=\"wp-block-heading\"><strong>Aplicaciones de los granuladores de cables de cobre<\/strong><\/h2>    <p>Los granuladores de cables de cobre se utilizan ampliamente en la industria del reciclaje y regeneraci\u00f3n de metales, incluyendo:<\/p>    <ul class=\"wp-block-list\"> <li>Reciclaje de cables y cables de cobre de desecho<\/li>    <li>Reciclaje de cables de aluminio y cables de metales mezclados<\/li>    <li>Trituraci\u00f3n y clasificaci\u00f3n de varios cables de desecho<\/li>    <li>Separaci\u00f3n de cobre, aluminio y hierro de radiadores de cobre-aluminio<\/li> <\/ul>    <p>Los gr\u00e1nulos de cobre puro producidos y los gr\u00e1nulos de pl\u00e1stico pueden ser reprocesados por separado o vendidos directamente a la planta de tratamiento de residuos.<\/p>    <figure class=\"wp-block-gallery has-nested-images columns-default is-cropped wp-block-gallery-2 is-layout-flex wp-block-gallery-is-layout-flex\"> <figure class=\"wp-block-image size-large\"><img loading=\"lazy\" decoding=\"async\" width=\"720\" height=\"540\" data-id=\"3520\" src=\"https:\/\/shuliybaler.com\/wp-content\/uploads\/2026\/02\/materials-can-be-processed.webp\" alt=\"materials can be processed\" class=\"wp-image-3520\" title=\"\" srcset=\"https:\/\/shuliybaler.com\/wp-content\/uploads\/2026\/02\/materials-can-be-processed.webp 720w, https:\/\/shuliybaler.com\/wp-content\/uploads\/2026\/02\/materials-can-be-processed-360x270.webp 360w, https:\/\/shuliybaler.com\/wp-content\/uploads\/2026\/02\/materials-can-be-processed-180x135.webp 180w, https:\/\/shuliybaler.com\/wp-content\/uploads\/2026\/02\/materials-can-be-processed-16x12.webp 16w\" sizes=\"auto, (max-width: 720px) 100vw, 720px\" \/><figcaption class=\"wp-element-caption\">Materiales que se pueden procesar<\/figcaption><\/figure>    <figure class=\"wp-block-image size-large\"><img loading=\"lazy\" decoding=\"async\" width=\"720\" height=\"540\" data-id=\"3519\" src=\"https:\/\/shuliybaler.com\/wp-content\/uploads\/2026\/02\/finished-product-of-copper-cable-granulator.webp\" alt=\"finished product of copper cable granulator\" class=\"wp-image-3519\" title=\"\" srcset=\"https:\/\/shuliybaler.com\/wp-content\/uploads\/2026\/02\/finished-product-of-copper-cable-granulator.webp 720w, https:\/\/shuliybaler.com\/wp-content\/uploads\/2026\/02\/finished-product-of-copper-cable-granulator-360x270.webp 360w, https:\/\/shuliybaler.com\/wp-content\/uploads\/2026\/02\/finished-product-of-copper-cable-granulator-180x135.webp 180w, https:\/\/shuliybaler.com\/wp-content\/uploads\/2026\/02\/finished-product-of-copper-cable-granulator-16x12.webp 16w\" sizes=\"auto, (max-width: 720px) 100vw, 720px\" \/><figcaption class=\"wp-element-caption\">Producto terminado del granulador de cables de cobre<\/figcaption><\/figure> <\/figure>    <h2 class=\"wp-block-heading\"><strong>Par\u00e1metros t\u00e9cnicos del granulador de cables de cobre<\/strong><\/h2>    <figure class=\"wp-block-table\"><table><tbody><tr><td>Modelo<\/td><td>Dimensi\u00f3n<\/td><td>Trituradora<\/td><td>Transporte por aire<\/td><td>Clasificaci\u00f3n por viento<\/td><td>Recolecci\u00f3n de polvo<\/td><td>Producci\u00f3n<\/td><td>Peso<\/td><\/tr><tr><td>SL-400<\/td><td>2000\u00d71850\u00d72600mm<\/td><td>15kw<\/td><td>N\/A<\/td><td>0.75   22kw<\/td><td>0.75kw<\/td><td>100\u2013150kg\/h<\/td><td>1800kg<\/td><\/tr><tr><td>SL-600<\/td><td>4200\u00d71900\u00d73800mm<\/td><td>37kw<\/td><td>3<\/td><td>3.75kw<\/td><td>2.2kw<\/td><td>300\u2013400kg\/h<\/td><td>3500kg<\/td><\/tr><tr><td>SL-1000<\/td><td>5180\u00d72100\u00d74200mm<\/td><td>45kw<\/td><td>4<\/td><td>3.75kw<\/td><td>3kw<\/td><td>800\u20131000kg\/h<\/td><td>4600kg<\/td><\/tr><\/tbody><\/table><figcaption class=\"wp-element-caption\">Especificaci\u00f3n del granulador de cables de cobre<\/figcaption><\/figure>    <p>Elegir un modelo basado en el volumen de producci\u00f3n real es una buena estrategia, pero si necesitas encontrar el m\u00e1s adecuado, requiere asesoramiento profesional. Si tienes alguna pregunta sobre la m\u00e1quina, no dudes en contactarnos para asesoramiento personalizado.<\/p>    <p>Si necesita equipos con mayor capacidad o mayor automatizaci\u00f3n, tambi\u00e9n ofrecemos soluciones de dise\u00f1o y fabricaci\u00f3n de l\u00edneas de producci\u00f3n de m\u00e1quinas.<\/p>   <div class=\"wp-block-image\"> <figure class=\"aligncenter size-full\"><img loading=\"lazy\" decoding=\"async\" width=\"720\" height=\"540\" src=\"https:\/\/shuliybaler.com\/wp-content\/uploads\/2026\/02\/best-copper-wire-granulator.webp\" alt=\"Mejor granulador de cables de cobre\" class=\"wp-image-3530\" title=\"\" srcset=\"https:\/\/shuliybaler.com\/wp-content\/uploads\/2026\/02\/best-copper-wire-granulator.webp 720w, https:\/\/shuliybaler.com\/wp-content\/uploads\/2026\/02\/best-copper-wire-granulator-360x270.webp 360w, https:\/\/shuliybaler.com\/wp-content\/uploads\/2026\/02\/best-copper-wire-granulator-180x135.webp 180w, https:\/\/shuliybaler.com\/wp-content\/uploads\/2026\/02\/best-copper-wire-granulator-16x12.webp 16w\" sizes=\"auto, (max-width: 720px) 100vw, 720px\" \/><figcaption class=\"wp-element-caption\">Mejor granulador de cables de cobre<\/figcaption><\/figure> <\/div>   <h2 class=\"wp-block-heading\"><strong>Configuraci\u00f3n de l\u00ednea de producci\u00f3n de granulador de cables de cobre<\/strong><\/h2>    <p>Dependiendo de diferentes requisitos de capacidad y condiciones del sitio, los granuladores de cables de cobre pueden configurarse como soluciones integradas de peque\u00f1a capacidad o l\u00edneas de producci\u00f3n industriales de gran capacidad.<\/p>    <h3 class=\"wp-block-heading\"><strong>Granulador de cables de cobre de 400kg\/h integrado<\/strong><\/h3>    <p class=\"translation-block\"><strong>Proceso de producci\u00f3n:<\/strong><\/p>    <p>Trituraci\u00f3n   Separador gravitatorio   Recolector de polvo de presi\u00f3n negativa (Dise\u00f1o integrado)<\/p>    <p class=\"translation-block\"><strong>Caracter\u00edsticas:<\/strong><\/p>    <ol class=\"wp-block-list\"> <li>Trituraci\u00f3n y separaci\u00f3n integradas<\/li>    <li>Huella extremadamente peque\u00f1a<\/li>    <li>F\u00e1cil de instalar, arranque r\u00e1pido<\/li>    <li>Apto para talleres, peque\u00f1os centros de reciclaje y startups<\/li> <\/ol>    <figure class=\"wp-block-gallery has-nested-images columns-default is-cropped wp-block-gallery-3 is-layout-flex wp-block-gallery-is-layout-flex\"> <figure class=\"wp-block-image size-large\"><img loading=\"lazy\" decoding=\"async\" width=\"720\" height=\"540\" data-id=\"3522\" src=\"https:\/\/shuliybaler.com\/wp-content\/uploads\/2026\/02\/400-type1-copper-wire-separator-machine.webp\" alt=\"M\u00e1quina separadora de cables de cobre tipo 1\" class=\"wp-image-3522\" title=\"\" srcset=\"https:\/\/shuliybaler.com\/wp-content\/uploads\/2026\/02\/400-type1-copper-wire-separator-machine.webp 720w, https:\/\/shuliybaler.com\/wp-content\/uploads\/2026\/02\/400-type1-copper-wire-separator-machine-360x270.webp 360w, https:\/\/shuliybaler.com\/wp-content\/uploads\/2026\/02\/400-type1-copper-wire-separator-machine-180x135.webp 180w, https:\/\/shuliybaler.com\/wp-content\/uploads\/2026\/02\/400-type1-copper-wire-separator-machine-16x12.webp 16w\" sizes=\"auto, (max-width: 720px) 100vw, 720px\" \/><figcaption class=\"wp-element-caption\">M\u00e1quina separadora de cables de cobre tipo 1 de 400<\/figcaption><\/figure>    <figure class=\"wp-block-image size-large\"><img loading=\"lazy\" decoding=\"async\" width=\"720\" height=\"540\" data-id=\"3523\" src=\"https:\/\/shuliybaler.com\/wp-content\/uploads\/2026\/02\/copper-wire-chopper-granulator.webp\" alt=\"Triturador de cables de cobre y granulador de cables\" class=\"wp-image-3523\" title=\"\" srcset=\"https:\/\/shuliybaler.com\/wp-content\/uploads\/2026\/02\/copper-wire-chopper-granulator.webp 720w, https:\/\/shuliybaler.com\/wp-content\/uploads\/2026\/02\/copper-wire-chopper-granulator-360x270.webp 360w, https:\/\/shuliybaler.com\/wp-content\/uploads\/2026\/02\/copper-wire-chopper-granulator-180x135.webp 180w, https:\/\/shuliybaler.com\/wp-content\/uploads\/2026\/02\/copper-wire-chopper-granulator-16x12.webp 16w\" sizes=\"auto, (max-width: 720px) 100vw, 720px\" \/><figcaption class=\"wp-element-caption\">Triturador de cables de cobre y picadora de cables<\/figcaption><\/figure> <\/figure>    <p>Tambi\u00e9n disponemos de otro tipo de l\u00ednea de producci\u00f3n con capacidad de 400 kg\/h, no integrada y adecuada para recicladores con requisitos de mayor precisi\u00f3n.<\/p>   <div class=\"wp-block-image\"> <figure class=\"aligncenter size-full\"><img loading=\"lazy\" decoding=\"async\" width=\"720\" height=\"540\" src=\"https:\/\/shuliybaler.com\/wp-content\/uploads\/2026\/02\/400-type-2-small-copper-wire-granulating-line.webp\" alt=\"L\u00ednea de granulador de cables de cobre peque\u00f1os tipo 2 de 400\" class=\"wp-image-3521\" title=\"\" srcset=\"https:\/\/shuliybaler.com\/wp-content\/uploads\/2026\/02\/400-type-2-small-copper-wire-granulating-line.webp 720w, https:\/\/shuliybaler.com\/wp-content\/uploads\/2026\/02\/400-type-2-small-copper-wire-granulating-line-360x270.webp 360w, https:\/\/shuliybaler.com\/wp-content\/uploads\/2026\/02\/400-type-2-small-copper-wire-granulating-line-180x135.webp 180w, https:\/\/shuliybaler.com\/wp-content\/uploads\/2026\/02\/400-type-2-small-copper-wire-granulating-line-16x12.webp 16w\" sizes=\"auto, (max-width: 720px) 100vw, 720px\" \/><figcaption class=\"wp-element-caption\">L\u00ednea de granulador de cables de cobre peque\u00f1os tipo 2 de 400<\/figcaption><\/figure> <\/div>   <h3 class=\"wp-block-heading\"><strong>L\u00ednea de producci\u00f3n de granulador de cables de cobre de 600kg\/h<\/strong><\/h3>    <p class=\"translation-block\"><strong>Proceso de producci\u00f3n:<\/strong><\/p>    <p>Trituraci\u00f3n \u2192 Alimentaci\u00f3n por tuber\u00eda \u2192 Separador gravitatorio \u2192 Colector de polvo con cicl\u00f3n \u2192 Colector de polvo de chorro pulsado<\/p>    <p class=\"translation-block\"><strong>Ventajas:<\/strong><\/p>    <ol class=\"wp-block-list\"> <li>En comparaci\u00f3n con dispositivos de integraci\u00f3n simple, ofrece un rendimiento de separaci\u00f3n superior.<\/li>    <li>Estructura modular, f\u00e1cil de actualizar.<\/li>    <li>Tuber\u00eda de transporte para una mejor recolecci\u00f3n de polvo.<\/li> <\/ol>    <figure class=\"wp-block-gallery has-nested-images columns-default is-cropped wp-block-gallery-4 is-layout-flex wp-block-gallery-is-layout-flex\"> <figure class=\"wp-block-image size-large\"><img loading=\"lazy\" decoding=\"async\" width=\"720\" height=\"540\" data-id=\"3526\" src=\"https:\/\/shuliybaler.com\/wp-content\/uploads\/2026\/02\/600-type-granulator-for-copper-wire-recycling.webp\" alt=\"Granulador de tipo 600 para reciclaje de cables de cobre\" class=\"wp-image-3526\" title=\"\" srcset=\"https:\/\/shuliybaler.com\/wp-content\/uploads\/2026\/02\/600-type-granulator-for-copper-wire-recycling.webp 720w, https:\/\/shuliybaler.com\/wp-content\/uploads\/2026\/02\/600-type-granulator-for-copper-wire-recycling-360x270.webp 360w, https:\/\/shuliybaler.com\/wp-content\/uploads\/2026\/02\/600-type-granulator-for-copper-wire-recycling-180x135.webp 180w, https:\/\/shuliybaler.com\/wp-content\/uploads\/2026\/02\/600-type-granulator-for-copper-wire-recycling-16x12.webp 16w\" sizes=\"auto, (max-width: 720px) 100vw, 720px\" \/><figcaption class=\"wp-element-caption\">Granulador de tipo 600 para reciclaje de cables de cobre<\/figcaption><\/figure>    <figure class=\"wp-block-image size-large\"><img loading=\"lazy\" decoding=\"async\" width=\"720\" height=\"540\" data-id=\"3524\" src=\"https:\/\/shuliybaler.com\/wp-content\/uploads\/2026\/02\/copper-recycling-production-line.webp\" alt=\"L\u00ednea de producci\u00f3n de reciclaje de cobre\" class=\"wp-image-3524\" title=\"\" srcset=\"https:\/\/shuliybaler.com\/wp-content\/uploads\/2026\/02\/copper-recycling-production-line.webp 720w, https:\/\/shuliybaler.com\/wp-content\/uploads\/2026\/02\/copper-recycling-production-line-360x270.webp 360w, https:\/\/shuliybaler.com\/wp-content\/uploads\/2026\/02\/copper-recycling-production-line-180x135.webp 180w, https:\/\/shuliybaler.com\/wp-content\/uploads\/2026\/02\/copper-recycling-production-line-16x12.webp 16w\" sizes=\"auto, (max-width: 720px) 100vw, 720px\" \/><figcaption class=\"wp-element-caption\">L\u00ednea de producci\u00f3n de reciclaje de cobre<\/figcaption><\/figure> <\/figure>    <h3 class=\"wp-block-heading\"><strong>L\u00ednea de producci\u00f3n de granulados de cobre de 1000kg\/h<\/strong><\/h3>    <p>Esta configuraci\u00f3n es adecuada para plantas de reciclaje a gran escala y proyectos industriales de reciclaje de cables de cobre.<\/p>    <p class=\"translation-block\"><strong>Proceso de producci\u00f3n:<\/strong><\/p>    <p>Alimentaci\u00f3n por cinta transportadora \u2192 Trituradora \u2192 Transporte por cinta \u2192 Granulador de cables de cobre \u2192 Separaci\u00f3n electrost\u00e1tica \u2192 Recolector de polvo pulsado<\/p>    <figure class=\"wp-block-embed aligncenter is-type-video is-provider-youtube wp-block-embed-youtube wp-embed-aspect-16-9 wp-has-aspect-ratio\"><div class=\"wp-block-embed__wrapper\"> <iframe loading=\"lazy\" title=\"Proceso completo de reciclaje desde chatarra hasta cobre puro Contacto:\" width=\"500\" height=\"281\" src=\"https:\/\/www.youtube.com\/embed\/XWF21qKhQAI?feature=oembed\" frameborder=\"0\" allow=\"accelerometer; autoplay; clipboard-write; encrypted-media; gyroscope; picture-in-picture; web-share\" referrerpolicy=\"strict-origin-when-cross-origin\" allowfullscreen><\/iframe> <\/div><figcaption class=\"wp-element-caption\">Funcionamiento de la l\u00ednea de producci\u00f3n de granulador de cables de cobre <\/figcaption><\/figure>    <p class=\"translation-block\"><strong>Flujo del proceso:<\/strong><\/p>    <ol class=\"wp-block-list\"> <li>Los grandes trozos de cable de cobre de desecho se trituran primero en piezas m\u00e1s peque\u00f1as.<\/li>    <li>Estas piezas se transportan al granulador de cables de cobre mediante una cinta transportadora, donde se convierten en gr\u00e1nulos de cobre y pl\u00e1stico.<\/li>    <li>El material triturado se transporta a trav\u00e9s de tuber\u00edas a un sistema de separaci\u00f3n por gravedad.<\/li>    <li>Los gr\u00e1nulos de cobre y pl\u00e1stico se separan seg\u00fan sus diferencias de densidad.<\/li>    <li>Un recolector de polvo de pulso captura polvo fino, asegurando una operaci\u00f3n limpia.<\/li>    <li>La unidad de separaci\u00f3n electrost\u00e1tica recupera a\u00fan m\u00e1s polvo residual de cobre del pl\u00e1stico, maximizando la pureza del cobre.<\/li> <\/ol>    <figure class=\"wp-block-gallery has-nested-images columns-default is-cropped wp-block-gallery-5 is-layout-flex wp-block-gallery-is-layout-flex\"> <figure class=\"wp-block-image size-large\"><img loading=\"lazy\" decoding=\"async\" width=\"720\" height=\"540\" data-id=\"3528\" src=\"https:\/\/shuliybaler.com\/wp-content\/uploads\/2026\/02\/1000-type-copper-wire-granulator-separator.webp\" alt=\"Separador de cables de cobre tipo 1000\" class=\"wp-image-3528\" title=\"\" srcset=\"https:\/\/shuliybaler.com\/wp-content\/uploads\/2026\/02\/1000-type-copper-wire-granulator-separator.webp 720w, https:\/\/shuliybaler.com\/wp-content\/uploads\/2026\/02\/1000-type-copper-wire-granulator-separator-360x270.webp 360w, https:\/\/shuliybaler.com\/wp-content\/uploads\/2026\/02\/1000-type-copper-wire-granulator-separator-180x135.webp 180w, https:\/\/shuliybaler.com\/wp-content\/uploads\/2026\/02\/1000-type-copper-wire-granulator-separator-16x12.webp 16w\" sizes=\"auto, (max-width: 720px) 100vw, 720px\" \/><figcaption class=\"wp-element-caption\">Separador de cable de cobre tipo 1000<\/figcaption><\/figure>    <figure class=\"wp-block-image size-large\"><img loading=\"lazy\" decoding=\"async\" width=\"720\" height=\"540\" data-id=\"3527\" src=\"https:\/\/shuliybaler.com\/wp-content\/uploads\/2026\/02\/copper-wire-separating-production-line.webp\" alt=\"L\u00ednea de producci\u00f3n de separaci\u00f3n de cables de cobre\" class=\"wp-image-3527\" title=\"\" srcset=\"https:\/\/shuliybaler.com\/wp-content\/uploads\/2026\/02\/copper-wire-separating-production-line.webp 720w, https:\/\/shuliybaler.com\/wp-content\/uploads\/2026\/02\/copper-wire-separating-production-line-360x270.webp 360w, https:\/\/shuliybaler.com\/wp-content\/uploads\/2026\/02\/copper-wire-separating-production-line-180x135.webp 180w, https:\/\/shuliybaler.com\/wp-content\/uploads\/2026\/02\/copper-wire-separating-production-line-16x12.webp 16w\" sizes=\"auto, (max-width: 720px) 100vw, 720px\" \/><figcaption class=\"wp-element-caption\">L\u00ednea de producci\u00f3n de separaci\u00f3n de cables de cobre<\/figcaption><\/figure> <\/figure>    <p class=\"translation-block\"><strong>Ventajas:<\/strong><\/p>    <ul class=\"wp-block-list\"> <li>Alto rendimiento y rendimiento estable<\/li>    <li>La pureza de recuperaci\u00f3n del cobre es cercana al 100%<\/li>    <li>P\u00e9rdida m\u00ednima de cobre del pl\u00e1stico<\/li>    <li>Apto para operaci\u00f3n continua y a largo plazo<\/li> <\/ul>    <h2 class=\"wp-block-heading\"><strong>\u00bfC\u00f3mo elegir la l\u00ednea de producci\u00f3n de granulados de cables de cobre adecuada?<\/strong><\/h2>    <ul class=\"wp-block-list\"> <li>Para espacios limitados y baja inversi\u00f3n, elija una granuladora de cables de cobre integrada.<\/li>    <li>Para vol\u00famenes de producci\u00f3n m\u00e1s peque\u00f1os pero mayor precisi\u00f3n de separaci\u00f3n, elija una l\u00ednea de producci\u00f3n de peque\u00f1a capacidad.<\/li>    <li>Para reciclaje a gran volumen y mayor pureza del producto, use una l\u00ednea de producci\u00f3n de gran capacidad con separaci\u00f3n electrost\u00e1tica.<\/li> <\/ul>    <p>Shuliy puede proporcionar soluciones personalizadas de granulador de cables de cobre seg\u00fan sus materias primas y requisitos de producci\u00f3n, incluyendo distribuci\u00f3n de l\u00ednea, planificaci\u00f3n de capacidad y configuraci\u00f3n de equipos. Cont\u00e1ctenos para la lista de precios m\u00e1s reciente.<\/p>   <div class=\"wp-block-image\"> <figure class=\"aligncenter size-full\"><img loading=\"lazy\" decoding=\"async\" width=\"720\" height=\"374\" src=\"https:\/\/shuliybaler.com\/wp-content\/uploads\/2026\/02\/shuliy-cooperation-with-customer-around-the-world.webp\" alt=\"shuliy cooperation with customer around the world\" class=\"wp-image-3532\" title=\"\" srcset=\"https:\/\/shuliybaler.com\/wp-content\/uploads\/2026\/02\/shuliy-cooperation-with-customer-around-the-world.webp 720w, https:\/\/shuliybaler.com\/wp-content\/uploads\/2026\/02\/shuliy-cooperation-with-customer-around-the-world-360x187.webp 360w, https:\/\/shuliybaler.com\/wp-content\/uploads\/2026\/02\/shuliy-cooperation-with-customer-around-the-world-18x9.webp 18w\" sizes=\"auto, (max-width: 720px) 100vw, 720px\" \/><figcaption class=\"wp-element-caption\">Colaboraci\u00f3n de Shuliy con clientes en todo el mundo<\/figcaption><\/figure> <\/div>   <p>M\u00e1quinas relacionadas: <\/p>    <ul class=\"wp-block-list\"> <li><a href=\"https:\/\/shuliybaler.com\/es\/product\/metal-briquetting-machine\/\">M\u00e1quina de prensa de briquetas de virutas de metal de chatarra<\/a><\/li>    <li><a href=\"https:\/\/shuliybaler.com\/es\/product\/metal-crusher-machine-metal-recycling\/\">M\u00e1quina trituradora de metales<\/a><\/li>    <li><a href=\"https:\/\/shuliybaler.com\/es\/product\/scrap-copper-wire-shredder\/\">Trituradora de alambre de cobre para chatarra<\/a><\/li> <\/ul>","protected":false},"excerpt":{"rendered":"<p>This copper wire granulator is designed to recycle waste copper wire and produce high-purity copper granules (99.5%), achieving maximum recycling of copper wire. Its hourly output can reach 100-1000 kg.<\/p>","protected":false},"author":1,"featured_media":3531,"parent":0,"template":"","tags":[90,15],"product-type":[87],"class_list":["post-3515","product","type-product","status-publish","has-post-thumbnail","hentry","tag-copper","tag-metal","product-type-metal-recycling-machine"],"_links":{"self":[{"href":"https:\/\/shuliybaler.com\/es\/wp-json\/wp\/v2\/product\/3515","targetHints":{"allow":["GET"]}}],"collection":[{"href":"https:\/\/shuliybaler.com\/es\/wp-json\/wp\/v2\/product"}],"about":[{"href":"https:\/\/shuliybaler.com\/es\/wp-json\/wp\/v2\/types\/product"}],"author":[{"embeddable":true,"href":"https:\/\/shuliybaler.com\/es\/wp-json\/wp\/v2\/users\/1"}],"wp:featuredmedia":[{"embeddable":true,"href":"https:\/\/shuliybaler.com\/es\/wp-json\/wp\/v2\/media\/3531"}],"wp:attachment":[{"href":"https:\/\/shuliybaler.com\/es\/wp-json\/wp\/v2\/media?parent=3515"}],"wp:term":[{"taxonomy":"post_tag","embeddable":true,"href":"https:\/\/shuliybaler.com\/es\/wp-json\/wp\/v2\/tags?post=3515"},{"taxonomy":"product-type","embeddable":true,"href":"https:\/\/shuliybaler.com\/es\/wp-json\/wp\/v2\/product-type?post=3515"}],"curies":[{"name":"wp","href":"https:\/\/api.w.org\/{rel}","templated":true}]}}