{"id":3585,"date":"2026-03-09T14:25:53","date_gmt":"2026-03-09T06:25:53","guid":{"rendered":"https:\/\/shuliybaler.com\/?post_type=product&#038;p=3585"},"modified":"2026-03-09T14:59:19","modified_gmt":"2026-03-09T06:59:19","slug":"eddy-current-separator","status":"publish","type":"product","link":"https:\/\/shuliybaler.com\/es\/product\/eddy-current-separator\/","title":{"rendered":"Separador de corriente de Eddy para reciclaje de metales no ferrosos"},"content":{"rendered":"<p class=\"translation-block\">Shuliy <strong>separador de corrientes de Eddy<\/strong> est\u00e1 dise\u00f1ado para separar metales no ferrosos como aluminio, cobre y acero inoxidable de materiales no met\u00e1licos. Este equipo utiliza el principio de inducci\u00f3n electromagn\u00e9tica para separar eficientemente materiales de residuos mezclados.<\/p>    <p>Su capacidad es de 4-15 toneladas por hora, y puede integrarse eficazmente con l\u00edneas de reciclaje y desmantelamiento de autom\u00f3viles, as\u00ed como con l\u00edneas de procesamiento de residuos electr\u00f3nicos, mejorando significativamente la eficiencia del reciclaje.<\/p>    <h2 class=\"wp-block-heading\"><strong>Ventajas y precauciones del separador de metales no ferrosos<\/strong><\/h2>    <p>Este separador de corrientes de Eddy no ferrosos puede separar eficientemente varios metales no ferrosos en operaciones de reciclaje. Su fuerte fuerza repulsiva permite separar materiales de diferentes tama\u00f1os de part\u00edculas dependiendo de la direcci\u00f3n del rodillo magn\u00e9tico, con las siguientes caracter\u00edsticas b\u00e1sicas.<\/p>    <ul class=\"wp-block-list\"> <li>Alta eficiencia de separaci\u00f3n<\/li>    <li>Estructura mec\u00e1nica fiable<\/li>    <li>F\u00e1cil operaci\u00f3n e instalaci\u00f3n<\/li> <\/ul>    <p>Tiene una fuerte adaptabilidad a diferentes materiales reciclados, pero al usar este equipo, tenga en cuenta lo siguiente:<\/p>    <ul class=\"wp-block-list\"> <li>No apto para separar metales ferrosos como el hierro.<\/li>    <li>No apto para part\u00edculas de metales no ferrosos extremadamente finas.<\/li>    <li>Para un rendimiento \u00f3ptimo, el tama\u00f1o y la forma del material deben ser relativamente uniformes.<\/li> <\/ul>    <figure class=\"wp-block-gallery has-nested-images columns-default is-cropped wp-block-gallery-2 is-layout-flex wp-block-gallery-is-layout-flex\"> <figure class=\"wp-block-image size-large\"><img loading=\"lazy\" decoding=\"async\" width=\"720\" height=\"540\" data-id=\"3590\" src=\"https:\/\/shuliybaler.com\/wp-content\/uploads\/2026\/03\/eddy-current-non-ferrous-metal-separator.webp\" alt=\"Separador de metales no ferrosos por corrientes de Eddy\" class=\"wp-image-3590\" title=\"\" srcset=\"https:\/\/shuliybaler.com\/wp-content\/uploads\/2026\/03\/eddy-current-non-ferrous-metal-separator.webp 720w, https:\/\/shuliybaler.com\/wp-content\/uploads\/2026\/03\/eddy-current-non-ferrous-metal-separator-360x270.webp 360w, https:\/\/shuliybaler.com\/wp-content\/uploads\/2026\/03\/eddy-current-non-ferrous-metal-separator-180x135.webp 180w, https:\/\/shuliybaler.com\/wp-content\/uploads\/2026\/03\/eddy-current-non-ferrous-metal-separator-16x12.webp 16w\" sizes=\"auto, (max-width: 720px) 100vw, 720px\" \/><figcaption class=\"wp-element-caption\">Separador de corrientes de Eddy para metales no ferrosos<\/figcaption><\/figure>    <figure class=\"wp-block-image size-large\"><img loading=\"lazy\" decoding=\"async\" width=\"720\" height=\"540\" data-id=\"3591\" src=\"https:\/\/shuliybaler.com\/wp-content\/uploads\/2026\/03\/eddy-current-separator-recycling.webp\" alt=\"reciclaje de separadores de corrientes de Eddy\" class=\"wp-image-3591\" title=\"\" srcset=\"https:\/\/shuliybaler.com\/wp-content\/uploads\/2026\/03\/eddy-current-separator-recycling.webp 720w, https:\/\/shuliybaler.com\/wp-content\/uploads\/2026\/03\/eddy-current-separator-recycling-360x270.webp 360w, https:\/\/shuliybaler.com\/wp-content\/uploads\/2026\/03\/eddy-current-separator-recycling-180x135.webp 180w, https:\/\/shuliybaler.com\/wp-content\/uploads\/2026\/03\/eddy-current-separator-recycling-16x12.webp 16w\" sizes=\"auto, (max-width: 720px) 100vw, 720px\" \/><figcaption class=\"wp-element-caption\">Reciclaje de corrientes de Eddy<\/figcaption><\/figure> <\/figure>    <h2 class=\"wp-block-heading\"><strong>Principio de funcionamiento del separador de corrientes de Eddy exc\u00e9ntrico<\/strong><\/h2>    <p>Los separadores de corrientes de Eddy operan en base a la inducci\u00f3n electromagn\u00e9tica. Dentro de la m\u00e1quina, un rotor magn\u00e9tico de alta velocidad genera un campo magn\u00e9tico que cambia r\u00e1pidamente. Cuando metales conductores como aluminio o cobre pasan por este campo magn\u00e9tico, se generan corrientes de Eddy dentro del metal.<\/p>    <p>Estas corrientes de Eddy generan un campo magn\u00e9tico inverso, creando una fuerza repulsiva fuerte. Por lo tanto, los metales no ferromagnicos son lanzados hacia adelante y separados de otros materiales.<\/p>    <p>Al mismo tiempo, materiales no conductores como pl\u00e1sticos, caucho y vidrio caen por gravedad, logrando as\u00ed una separaci\u00f3n eficiente de metales.<\/p>    <h2 class=\"wp-block-heading\"><strong>Dise\u00f1o estructural del separador de corrientes de Eddy<\/strong><\/h2>    <p>La m\u00e1quina separadora de aluminio presenta una estructura modular, lo que permite una f\u00e1cil integraci\u00f3n en nuevas plantas de reciclaje y l\u00edneas de producci\u00f3n de procesamiento de metales existentes. Sus componentes estructurales principales incluyen:<\/p>    <ol class=\"wp-block-list\"> <li><strong>Alimentador vibratorio<\/strong>: Responsable de alimentar de manera uniforme el material en el sistema de clasificaci\u00f3n, manteniendo un suministro de material estable y continuo, mejorando as\u00ed la precisi\u00f3n de la clasificaci\u00f3n de metales.<\/li>    <li><strong>Sistema de cinta transportadora<\/strong>: Transporta material de residuos mezclados al rotor magn\u00e9tico a una velocidad estable y controlable.<\/li>    <li><strong>Rotor magn\u00e9tico de alta velocidad<\/strong>: El rotor magn\u00e9tico es el componente principal del separador de corrientes de Eddy. Contiene una serie de imanes permanentes de alta velocidad y potencia dispuestos en un patr\u00f3n especial.<\/li>    <li><strong>Pantallas de separaci\u00f3n<\/strong>: Separa el material en diferentes \u00e1reas de recolecci\u00f3n.<\/li>    <li>Estructura del marco: Construido con acero de alta resistencia para garantizar buena durabilidad y resistencia a vibraciones.<\/li>    <li><strong>Armario de control inteligente<\/strong>: El sistema de control central de la m\u00e1quina.<\/li>    <li><strong>Protecci\u00f3n del sistema magn\u00e9tico<\/strong>: Previene que los componentes magn\u00e9ticos se aflojen o caigan durante la rotaci\u00f3n a alta velocidad.<\/li> <\/ol>    <figure class=\"wp-block-gallery has-nested-images columns-default is-cropped wp-block-gallery-3 is-layout-flex wp-block-gallery-is-layout-flex\"> <figure class=\"wp-block-image size-large\"><img loading=\"lazy\" decoding=\"async\" width=\"720\" height=\"540\" data-id=\"3593\" src=\"https:\/\/shuliybaler.com\/wp-content\/uploads\/2026\/03\/eccentric-eddy-current-separator.webp\" alt=\"Separador de corrientes de Eddy exc\u00e9ntrico\" class=\"wp-image-3593\" title=\"\" srcset=\"https:\/\/shuliybaler.com\/wp-content\/uploads\/2026\/03\/eccentric-eddy-current-separator.webp 720w, https:\/\/shuliybaler.com\/wp-content\/uploads\/2026\/03\/eccentric-eddy-current-separator-360x270.webp 360w, https:\/\/shuliybaler.com\/wp-content\/uploads\/2026\/03\/eccentric-eddy-current-separator-180x135.webp 180w, https:\/\/shuliybaler.com\/wp-content\/uploads\/2026\/03\/eccentric-eddy-current-separator-16x12.webp 16w\" sizes=\"auto, (max-width: 720px) 100vw, 720px\" \/><figcaption class=\"wp-element-caption\">Separador de corrientes de Eddy exc\u00e9ntrico<\/figcaption><\/figure>    <figure class=\"wp-block-image size-large\"><img loading=\"lazy\" decoding=\"async\" width=\"720\" height=\"540\" data-id=\"3592\" src=\"https:\/\/shuliybaler.com\/wp-content\/uploads\/2026\/03\/eddy-current-aluminum-separation.webp\" alt=\"Separaci\u00f3n de aluminio por corrientes de Eddy\" class=\"wp-image-3592\" title=\"\" srcset=\"https:\/\/shuliybaler.com\/wp-content\/uploads\/2026\/03\/eddy-current-aluminum-separation.webp 720w, https:\/\/shuliybaler.com\/wp-content\/uploads\/2026\/03\/eddy-current-aluminum-separation-360x270.webp 360w, https:\/\/shuliybaler.com\/wp-content\/uploads\/2026\/03\/eddy-current-aluminum-separation-180x135.webp 180w, https:\/\/shuliybaler.com\/wp-content\/uploads\/2026\/03\/eddy-current-aluminum-separation-16x12.webp 16w\" sizes=\"auto, (max-width: 720px) 100vw, 720px\" \/><figcaption class=\"wp-element-caption\">Separaci\u00f3n de aluminio por corrientes de Eddy<\/figcaption><\/figure> <\/figure>    <h2 class=\"wp-block-heading\"><strong>Par\u00e1metros t\u00e9cnicos de la m\u00e1quina separadora de aluminio<\/strong><\/h2>    <figure class=\"wp-block-table\"><table><thead><tr><th>Modelo<\/th><th class=\"has-text-align-center\" data-align=\"center\">Velocidad de rotaci\u00f3n <\/th><th class=\"has-text-align-center\" data-align=\"center\">Ancho de banda <\/th><th class=\"has-text-align-center\" data-align=\"center\">Capacidad<\/th><th class=\"has-text-align-center\" data-align=\"center\">Fuerza<\/th><th class=\"has-text-align-center\" data-align=\"center\">Peso<\/th><th>Dimensiones<\/th><\/tr><\/thead><tbody><tr><td>600<\/td><td class=\"has-text-align-center\" data-align=\"center\">0\u20133000r\/min<\/td><td class=\"has-text-align-center\" data-align=\"center\">650mm<\/td><td class=\"has-text-align-center\" data-align=\"center\">4\u20136t\/h<\/td><td class=\"has-text-align-center\" data-align=\"center\">4.0 0.75kw<\/td><td class=\"has-text-align-center\" data-align=\"center\">1400kg<\/td><td>2980\u00d71883\u00d71210mm<\/td><\/tr><tr><td>800<\/td><td class=\"has-text-align-center\" data-align=\"center\">0\u20133000r\/min<\/td><td class=\"has-text-align-center\" data-align=\"center\">850mm<\/td><td class=\"has-text-align-center\" data-align=\"center\">6\u201310t\/h<\/td><td class=\"has-text-align-center\" data-align=\"center\">5.5 1.1kw<\/td><td class=\"has-text-align-center\" data-align=\"center\">1800kg<\/td><td>2980\u00d72033\u00d71210mm<\/td><\/tr><tr><td>1000<\/td><td class=\"has-text-align-center\" data-align=\"center\">0\u20133000r\/min<\/td><td class=\"has-text-align-center\" data-align=\"center\">1050mm<\/td><td class=\"has-text-align-center\" data-align=\"center\">10\u201312t\/h<\/td><td class=\"has-text-align-center\" data-align=\"center\">7.5 1.5kw<\/td><td class=\"has-text-align-center\" data-align=\"center\">2200kg<\/td><td>2980\u00d72233\u00d71210mm<\/td><\/tr><tr><td>1200<\/td><td class=\"has-text-align-center\" data-align=\"center\">0\u20133000r\/min<\/td><td class=\"has-text-align-center\" data-align=\"center\">1250mm<\/td><td class=\"has-text-align-center\" data-align=\"center\">12\u201315t\/h<\/td><td class=\"has-text-align-center\" data-align=\"center\">11 2.2kw<\/td><td class=\"has-text-align-center\" data-align=\"center\">2400kg<\/td><td>2980\u00d72433\u00d71210mm<\/td><\/tr><\/tbody><\/table><figcaption class=\"wp-element-caption\">par\u00e1metros del separador de corrientes de Eddy de Shuliy<\/figcaption><\/figure>    <p>Se pueden seleccionar diferentes modelos seg\u00fan el tama\u00f1o del material, la capacidad de procesamiento y los requisitos de la l\u00ednea de producci\u00f3n. <\/p>    <p>Alternativamente, puede proporcionarnos las materias primas que desea procesar o sus requisitos de capacidad de producci\u00f3n, y nuestro personal de ventas profesional recomendar\u00e1 la m\u00e1quina m\u00e1s adecuada seg\u00fan sus necesidades espec\u00edficas.<\/p>   <div class=\"wp-block-image\"> <figure class=\"aligncenter size-full\"><img loading=\"lazy\" decoding=\"async\" width=\"720\" height=\"540\" src=\"https:\/\/shuliybaler.com\/wp-content\/uploads\/2026\/03\/eddy-current-metal-separator.webp\" alt=\"Separador de metales por corrientes de Eddy\" class=\"wp-image-3594\" title=\"\" srcset=\"https:\/\/shuliybaler.com\/wp-content\/uploads\/2026\/03\/eddy-current-metal-separator.webp 720w, https:\/\/shuliybaler.com\/wp-content\/uploads\/2026\/03\/eddy-current-metal-separator-360x270.webp 360w, https:\/\/shuliybaler.com\/wp-content\/uploads\/2026\/03\/eddy-current-metal-separator-180x135.webp 180w, https:\/\/shuliybaler.com\/wp-content\/uploads\/2026\/03\/eddy-current-metal-separator-16x12.webp 16w\" sizes=\"auto, (max-width: 720px) 100vw, 720px\" \/><figcaption class=\"wp-element-caption\">Separador de metales por corrientes de Eddy<\/figcaption><\/figure> <\/div>   <h2 class=\"wp-block-heading\"><strong>Aplicaciones del separador de corrientes de Eddy no ferrosos<\/strong><\/h2>    <p>Los separadores de corrientes de Eddy se utilizan ampliamente en numerosas industrias, incluyendo el reciclaje de metales y la recuperaci\u00f3n de recursos de residuos.<\/p>    <ol class=\"wp-block-list\"> <li>Los separadores de reciclaje de metales se utilizan com\u00fanmente en plantas de tratamiento de residuos s\u00f3lidos municipales para recuperar aluminio y otros metales valiosos de residuos dom\u00e9sticos e industriales.<\/li>    <li>En plantas de desguace de autom\u00f3viles, los separadores de corrientes de Eddy pueden recuperar cobre, aluminio y acero inoxidable de materiales de veh\u00edculos triturados.<\/li>    <li>Es adecuado para recuperar metales no ferrosos de residuos electr\u00f3nicos, motores de desecho y equipos el\u00e9ctricos.<\/li>    <li>Adem\u00e1s, en la industria de fundici\u00f3n de metales, las m\u00e1quinas separadoras de aluminio pueden recuperar aluminio y cobre del arena de fundici\u00f3n de cobre y aluminio y de las cenizas de fundici\u00f3n.<\/li>    <li>El separador de metales no ferrosos es especialmente adecuado para recuperar aluminio de puertas y ventanas de aluminio rotas t\u00e9rmicamente.<\/li> <\/ol>   <div class=\"wp-block-image\"> <figure class=\"aligncenter size-full\"><img loading=\"lazy\" decoding=\"async\" width=\"720\" height=\"540\" src=\"https:\/\/shuliybaler.com\/wp-content\/uploads\/2026\/03\/refrigerator-recycling-production-line.webp\" alt=\"L\u00ednea de producci\u00f3n de reciclaje de refrigeradores\" class=\"wp-image-3595\" title=\"\" srcset=\"https:\/\/shuliybaler.com\/wp-content\/uploads\/2026\/03\/refrigerator-recycling-production-line.webp 720w, https:\/\/shuliybaler.com\/wp-content\/uploads\/2026\/03\/refrigerator-recycling-production-line-360x270.webp 360w, https:\/\/shuliybaler.com\/wp-content\/uploads\/2026\/03\/refrigerator-recycling-production-line-180x135.webp 180w, https:\/\/shuliybaler.com\/wp-content\/uploads\/2026\/03\/refrigerator-recycling-production-line-16x12.webp 16w\" sizes=\"auto, (max-width: 720px) 100vw, 720px\" \/><figcaption class=\"wp-element-caption\">L\u00ednea de producci\u00f3n de reciclaje de refrigeradores<\/figcaption><\/figure> <\/div>   <p>Adem\u00e1s, en la mayor\u00eda de las plantas de reciclaje, los separadores de aluminio son parte integral de una l\u00ednea de producci\u00f3n completa de reciclaje de metales. Una configuraci\u00f3n t\u00edpica incluye:<\/p>    <ul class=\"wp-block-list\"> <li><a href=\"https:\/\/shuliybaler.com\/es\/product\/metal-crusher-machine-metal-recycling\/\">Trituradora mental<\/a> o pulverizador<\/li>    <li>Separador magn\u00e9tico (para eliminar metales ferrosos)<\/li>    <li>M\u00e1quina de blanqueo y trituradora de metal para cliente en Kenia<\/li> <\/ul>    <figure class=\"wp-block-gallery has-nested-images columns-default is-cropped wp-block-gallery-4 is-layout-flex wp-block-gallery-is-layout-flex\"> <figure class=\"wp-block-image size-large\"><img loading=\"lazy\" decoding=\"async\" width=\"720\" height=\"540\" data-id=\"3597\" src=\"https:\/\/shuliybaler.com\/wp-content\/uploads\/2026\/03\/aluminum-window-frame-recycling.webp\" alt=\"aluminum window frame recycling\" class=\"wp-image-3597\" title=\"\" srcset=\"https:\/\/shuliybaler.com\/wp-content\/uploads\/2026\/03\/aluminum-window-frame-recycling.webp 720w, https:\/\/shuliybaler.com\/wp-content\/uploads\/2026\/03\/aluminum-window-frame-recycling-360x270.webp 360w, https:\/\/shuliybaler.com\/wp-content\/uploads\/2026\/03\/aluminum-window-frame-recycling-180x135.webp 180w, https:\/\/shuliybaler.com\/wp-content\/uploads\/2026\/03\/aluminum-window-frame-recycling-16x12.webp 16w\" sizes=\"auto, (max-width: 720px) 100vw, 720px\" \/><figcaption class=\"wp-element-caption\">Reciclaje de marcos de ventanas de aluminio<\/figcaption><\/figure>    <figure class=\"wp-block-image size-large\"><img loading=\"lazy\" decoding=\"async\" width=\"720\" height=\"540\" data-id=\"3596\" src=\"https:\/\/shuliybaler.com\/wp-content\/uploads\/2026\/03\/thermal-break-aluminum-recycling-line.webp\" alt=\"Trituradora de metal rasgado\" class=\"wp-image-3596\" title=\"\" srcset=\"https:\/\/shuliybaler.com\/wp-content\/uploads\/2026\/03\/thermal-break-aluminum-recycling-line.webp 720w, https:\/\/shuliybaler.com\/wp-content\/uploads\/2026\/03\/thermal-break-aluminum-recycling-line-360x270.webp 360w, https:\/\/shuliybaler.com\/wp-content\/uploads\/2026\/03\/thermal-break-aluminum-recycling-line-180x135.webp 180w, https:\/\/shuliybaler.com\/wp-content\/uploads\/2026\/03\/thermal-break-aluminum-recycling-line-16x12.webp 16w\" sizes=\"auto, (max-width: 720px) 100vw, 720px\" \/><figcaption class=\"wp-element-caption\">L\u00ednea de reciclaje de aluminio con rotura t\u00e9rmica<\/figcaption><\/figure> <\/figure>    <p>Este sistema recupera eficientemente hierro, aluminio, cobre y otros metales valiosos de residuos mezclados.<\/p>    <p>The specific production line configuration will be determined based on the raw materials to be processed and the customer&#8217;s requirements for the final product. If you need metal recycling for scrap materials, contact us to design a custom solution!<\/p>","protected":false},"excerpt":{"rendered":"<p>This eddy current separator is designed to efficiently separate non-ferrous metals such as aluminum and copper from mixed recycling materials. It is widely used in waste treatment plants, scrap vehicle recycling, electronic waste processing, and metal recovery industries. With intelligent control, strong magnetic repulsion, and high sorting efficiency, it helps improve metal recovery rates and production efficiency.<\/p>","protected":false},"author":1,"featured_media":3589,"parent":0,"template":"","tags":[15],"product-type":[87],"class_list":["post-3585","product","type-product","status-publish","has-post-thumbnail","hentry","tag-metal","product-type-metal-recycling-machine"],"_links":{"self":[{"href":"https:\/\/shuliybaler.com\/es\/wp-json\/wp\/v2\/product\/3585","targetHints":{"allow":["GET"]}}],"collection":[{"href":"https:\/\/shuliybaler.com\/es\/wp-json\/wp\/v2\/product"}],"about":[{"href":"https:\/\/shuliybaler.com\/es\/wp-json\/wp\/v2\/types\/product"}],"author":[{"embeddable":true,"href":"https:\/\/shuliybaler.com\/es\/wp-json\/wp\/v2\/users\/1"}],"wp:featuredmedia":[{"embeddable":true,"href":"https:\/\/shuliybaler.com\/es\/wp-json\/wp\/v2\/media\/3589"}],"wp:attachment":[{"href":"https:\/\/shuliybaler.com\/es\/wp-json\/wp\/v2\/media?parent=3585"}],"wp:term":[{"taxonomy":"post_tag","embeddable":true,"href":"https:\/\/shuliybaler.com\/es\/wp-json\/wp\/v2\/tags?post=3585"},{"taxonomy":"product-type","embeddable":true,"href":"https:\/\/shuliybaler.com\/es\/wp-json\/wp\/v2\/product-type?post=3585"}],"curies":[{"name":"wp","href":"https:\/\/api.w.org\/{rel}","templated":true}]}}