{"id":3641,"date":"2026-04-13T13:29:55","date_gmt":"2026-04-13T05:29:55","guid":{"rendered":"https:\/\/shuliybaler.com\/?post_type=product&#038;p=3641"},"modified":"2026-04-13T14:24:58","modified_gmt":"2026-04-13T06:24:58","slug":"plastic-rubber-separator-machine","status":"publish","type":"product","link":"https:\/\/shuliybaler.com\/es\/product\/plastic-rubber-separator-machine\/","title":{"rendered":"M\u00e1quina separadora de pl\u00e1stico y caucho"},"content":{"rendered":"<p class=\"translation-block\">El <strong>separador de pl\u00e1stico y caucho<\/strong> est\u00e1 dise\u00f1ado para separar caucho, silicona (gel de silicona) y pl\u00e1sticos de residuos pl\u00e1sticos mezclados, como electrodom\u00e9sticos desechados, componentes automotrices, residuos m\u00e9dicos y chatarra electr\u00f3nica con una producci\u00f3n de 600-1200 kg\/h.<\/p>    <p>Utilizando una tecnolog\u00eda de separaci\u00f3n puramente f\u00edsica basada en el efecto de fricci\u00f3n en espejo y diferencias en las propiedades de rebote el\u00e1stico, es capaz de separar los materiales con precisi\u00f3n, lo que mejora significativamente la pureza de los materiales recuperados.<\/p>    <h2 class=\"wp-block-heading\"><strong>Ventajas clave del separador de pl\u00e1stico y caucho<\/strong><\/h2>    <ol class=\"wp-block-list\"> <li>El equipo logra una pureza de clasificaci\u00f3n superior al 99%, eliminando eficazmente impurezas de silicona y caucho.<\/li>    <li>Utilizando un proceso de separaci\u00f3n puramente f\u00edsica, no requiere reactivos qu\u00edmicos ni recursos h\u00eddricos, por lo que no impone carga ambiental.<\/li>    <li>We have optimized the machine&#8217;s structural design to minimize power consumption, resulting in low operating and maintenance costs.<\/li>    <li>Todo el separador de pl\u00e1stico y caucho est\u00e1 controlado por un sistema PLC automatizado, con una pantalla t\u00e1ctil HMI de 11 pulgadas (Interfaz Hombre-M\u00e1quina) que requiere m\u00ednima capacitaci\u00f3n para operar.<\/li>    <li>Todos los componentes en contacto con el material est\u00e1n fabricados en acero inoxidable y materiales cromados, ofreciendo resistencia excepcional a la abrasi\u00f3n y corrosi\u00f3n.<\/li>    <li>A trav\u00e9s de un sistema integrado, logra un alto grado de automatizaci\u00f3n, incluyendo alimentaci\u00f3n autom\u00e1tica, transporte de materiales, clasificaci\u00f3n, separaci\u00f3n, ciclo autom\u00e1tico y descarga, que requiere solo un operador para operaci\u00f3n independiente.<\/li> <\/ol>   <div class=\"wp-block-image\"> <figure class=\"aligncenter size-full\"><img loading=\"lazy\" decoding=\"async\" width=\"720\" height=\"540\" src=\"https:\/\/shuliybaler.com\/wp-content\/uploads\/2026\/04\/commercialplastic-rubber-separator-equipment.webp\" alt=\"Equipo de separaci\u00f3n de pl\u00e1stico y caucho comercial\" class=\"wp-image-3646\" title=\"\" srcset=\"https:\/\/shuliybaler.com\/wp-content\/uploads\/2026\/04\/commercialplastic-rubber-separator-equipment.webp 720w, https:\/\/shuliybaler.com\/wp-content\/uploads\/2026\/04\/commercialplastic-rubber-separator-equipment-360x270.webp 360w, https:\/\/shuliybaler.com\/wp-content\/uploads\/2026\/04\/commercialplastic-rubber-separator-equipment-180x135.webp 180w, https:\/\/shuliybaler.com\/wp-content\/uploads\/2026\/04\/commercialplastic-rubber-separator-equipment-16x12.webp 16w\" sizes=\"auto, (max-width: 720px) 100vw, 720px\" \/><figcaption class=\"wp-element-caption\">Equipo de separaci\u00f3n de pl\u00e1stico y caucho comercial<\/figcaption><\/figure> <\/div>   <h2 class=\"wp-block-heading\"><strong>Par\u00e1metros t\u00e9cnicos de la m\u00e1quina de separaci\u00f3n de pl\u00e1stico y caucho<\/strong><\/h2>    <p>En comparaci\u00f3n con los equipos de separaci\u00f3n tradicionales, este dispositivo ofrece operaci\u00f3n totalmente automatizada con una mayor pureza de clasificaci\u00f3n (\u226599%) y consume menos energ\u00eda. A continuaci\u00f3n se proporcionan las especificaciones detalladas de sus dos modelos diferentes.<\/p>    <figure class=\"wp-block-table\"><table class=\"has-fixed-layout\"><thead><tr><th class=\"has-text-align-center\" data-align=\"center\">Modelo<\/th><th class=\"has-text-align-center\" data-align=\"center\">Fuerza<\/th><th class=\"has-text-align-center\" data-align=\"center\">Capacidad<\/th><th class=\"has-text-align-center\" data-align=\"center\">Pureza de clasificaci\u00f3n<\/th><th class=\"has-text-align-center\" data-align=\"center\">Dimensi\u00f3n <\/th><th class=\"has-text-align-center\" data-align=\"center\">Peso<\/th><\/tr><\/thead><tbody><tr><td class=\"has-text-align-center\" data-align=\"center\">SL-1250<\/td><td class=\"has-text-align-center\" data-align=\"center\">9.5 kW<\/td><td class=\"has-text-align-center\" data-align=\"center\">600\u20131000 kg\/h<\/td><td class=\"has-text-align-center\" data-align=\"center\">\u226599%<\/td><td class=\"has-text-align-center\" data-align=\"center\">5580\u00d72280\u00d74250 mm<\/td><td class=\"has-text-align-center\" data-align=\"center\">3500 kg<\/td><\/tr><tr><td class=\"has-text-align-center\" data-align=\"center\">SL-1800<\/td><td class=\"has-text-align-center\" data-align=\"center\">12.5 kW<\/td><td class=\"has-text-align-center\" data-align=\"center\">800\u20131200 kg\/h<\/td><td class=\"has-text-align-center\" data-align=\"center\">\u226599%<\/td><td class=\"has-text-align-center\" data-align=\"center\">5580\u00d73150\u00d74250 mm<\/td><td class=\"has-text-align-center\" data-align=\"center\">4800 kg<\/td><\/tr><\/tbody><\/table><figcaption class=\"wp-element-caption\">Especificaci\u00f3n detallada del separador de pl\u00e1stico y caucho<\/figcaption><\/figure>    <p>Si no est\u00e1 seguro de qu\u00e9 modelo es el m\u00e1s adecuado para usted, por favor cont\u00e1ctenos para obtener asesoramiento experto. Nuestro equipo de ventas recomendar\u00e1 la m\u00e1quina apropiada seg\u00fan sus requisitos de material y producto terminado.<\/p>   <div class=\"wp-block-image\"> <figure class=\"aligncenter size-full\"><img loading=\"lazy\" decoding=\"async\" width=\"720\" height=\"540\" src=\"https:\/\/shuliybaler.com\/wp-content\/uploads\/2026\/04\/plastic-rubber-separating-machine.webp\" alt=\"m\u00e1quina de separaci\u00f3n de pl\u00e1stico y caucho\" class=\"wp-image-3647\" title=\"\" srcset=\"https:\/\/shuliybaler.com\/wp-content\/uploads\/2026\/04\/plastic-rubber-separating-machine.webp 720w, https:\/\/shuliybaler.com\/wp-content\/uploads\/2026\/04\/plastic-rubber-separating-machine-360x270.webp 360w, https:\/\/shuliybaler.com\/wp-content\/uploads\/2026\/04\/plastic-rubber-separating-machine-180x135.webp 180w, https:\/\/shuliybaler.com\/wp-content\/uploads\/2026\/04\/plastic-rubber-separating-machine-16x12.webp 16w\" sizes=\"auto, (max-width: 720px) 100vw, 720px\" \/><figcaption class=\"wp-element-caption\">m\u00e1quina de separaci\u00f3n de pl\u00e1stico y caucho<\/figcaption><\/figure> <\/div>   <h2 class=\"wp-block-heading\"><strong>Caracter\u00edsticas estructurales del separador de caucho y pl\u00e1stico<\/strong><\/h2>    <p>Este separador de pl\u00e1stico y caucho comprende principalmente los siguientes sistemas y sus funciones clave:<\/p>    <ul class=\"wp-block-list\"> <li>Sistema de alimentaci\u00f3n: Cuenta con un dise\u00f1o de alimentaci\u00f3n automatizado y ajustable para garantizar operaci\u00f3n continua.<\/li>    <li>Sistema de elevaci\u00f3n: Asegura el transporte suave y estable de los materiales.<\/li>    <li>Sistema de clasificaci\u00f3n: La unidad principal, que realiza la separaci\u00f3n basada en los principios de fricci\u00f3n y rebote.<\/li>    <li>Sistema de recirculaci\u00f3n: Procesa autom\u00e1ticamente materiales no conformes para su reprocesamiento.<\/li>    <li>Sistema de descarga: Saca los materiales terminados por separado.<\/li> <\/ul>    <p>El dise\u00f1o estructural interno garantiza la estabilidad operativa del equipo mientras maximiza la precisi\u00f3n de la clasificaci\u00f3n.<\/p>    <h2 class=\"wp-block-heading\"><strong>\u00bfC\u00f3mo separar pl\u00e1sticos mezclados con caucho y silicona?<\/strong><\/h2>    <p>En escenarios pr\u00e1cticos de reciclaje, los pl\u00e1sticos mezclados a menudo consisten en varios materiales\u2014como ABS, PS, PP y PE\u2014intercalados con caucho y silicona.<\/p>    <p>El flujo de trabajo adecuado generalmente implica los siguientes pasos:<\/p>    <ul class=\"wp-block-list\"> <li>Pretrituraci\u00f3n de los materiales de desecho (usando un <a href=\"https:\/\/shuliybaler.com\/es\/product\/small-metal-shredder-for-waste-recycling\/\">trituradora de metal<\/a>)<\/li>    <li>Eliminaci\u00f3n de caucho y silicona mediante un separador especializado de pl\u00e1stico y caucho<\/li>    <li>Clasificaci\u00f3n adicional de los pl\u00e1sticos (por ejemplo, mediante separaci\u00f3n electrost\u00e1tica o m\u00e9todos de separaci\u00f3n por densidad)<\/li> <\/ul>    <p>Tomando como ejemplo el reciclaje de refrigeradores:<\/p>    <ul class=\"wp-block-list\"> <li>La mezcla de pl\u00e1stico triturado contiene ABS, PS, PP, PE y caucho.<\/li>    <li>Primero, se eliminan los componentes de caucho y silicona usando un separador de pl\u00e1stico y caucho.<\/li>    <li>Posteriormente, los pl\u00e1sticos restantes se separan mediante m\u00e9todos de separaci\u00f3n electrost\u00e1tica o flotaci\u00f3n.<\/li> <\/ul>    <p>Este paso garantiza un nivel m\u00e1s alto de pureza para el producto final, mejorando as\u00ed su valor global de reciclaje.<\/p>    <figure class=\"wp-block-gallery has-nested-images columns-default is-cropped wp-block-gallery-2 is-layout-flex wp-block-gallery-is-layout-flex\"> <figure class=\"wp-block-image size-large\"><img loading=\"lazy\" decoding=\"async\" width=\"720\" height=\"540\" data-id=\"3644\" src=\"https:\/\/shuliybaler.com\/wp-content\/uploads\/2026\/04\/plastic-separated-from-the-finished-products.webp\" alt=\"pl\u00e1stico separado de los productos terminados\" class=\"wp-image-3644\" title=\"\" srcset=\"https:\/\/shuliybaler.com\/wp-content\/uploads\/2026\/04\/plastic-separated-from-the-finished-products.webp 720w, https:\/\/shuliybaler.com\/wp-content\/uploads\/2026\/04\/plastic-separated-from-the-finished-products-360x270.webp 360w, https:\/\/shuliybaler.com\/wp-content\/uploads\/2026\/04\/plastic-separated-from-the-finished-products-180x135.webp 180w, https:\/\/shuliybaler.com\/wp-content\/uploads\/2026\/04\/plastic-separated-from-the-finished-products-16x12.webp 16w\" sizes=\"auto, (max-width: 720px) 100vw, 720px\" \/><figcaption class=\"wp-element-caption\">Pl\u00e1stico separado de los productos terminados<\/figcaption><\/figure>    <figure class=\"wp-block-image size-large\"><img loading=\"lazy\" decoding=\"async\" width=\"720\" height=\"540\" data-id=\"3645\" src=\"https:\/\/shuliybaler.com\/wp-content\/uploads\/2026\/04\/rubber-separated-from-finished-products.webp\" alt=\"caucho separado de productos terminados\" class=\"wp-image-3645\" title=\"\" srcset=\"https:\/\/shuliybaler.com\/wp-content\/uploads\/2026\/04\/rubber-separated-from-finished-products.webp 720w, https:\/\/shuliybaler.com\/wp-content\/uploads\/2026\/04\/rubber-separated-from-finished-products-360x270.webp 360w, https:\/\/shuliybaler.com\/wp-content\/uploads\/2026\/04\/rubber-separated-from-finished-products-180x135.webp 180w, https:\/\/shuliybaler.com\/wp-content\/uploads\/2026\/04\/rubber-separated-from-finished-products-16x12.webp 16w\" sizes=\"auto, (max-width: 720px) 100vw, 720px\" \/><figcaption class=\"wp-element-caption\">Caucho separado de productos terminados<\/figcaption><\/figure> <\/figure>    <h2 class=\"wp-block-heading\"><strong>Principio de funcionamiento del separador de pl\u00e1stico y caucho<\/strong><\/h2>    <p>El principio de funcionamiento de la m\u00e1quina de separaci\u00f3n de pl\u00e1stico y caucho se basa en los siguientes dos factores:<\/p>    <ul class=\"wp-block-list\"> <li>Diferencias de fricci\u00f3n: Los pl\u00e1sticos y el caucho poseen coeficientes de fricci\u00f3n superficial distintos.<\/li>    <li>Diferencias de elasticidad: En comparaci\u00f3n con los pl\u00e1sticos, el caucho y la silicona muestran diferencias significativas en sus caracter\u00edsticas de rebote.<\/li> <\/ul>    <p>La trayectoria de deslizamiento de los pl\u00e1sticos difiere de la del caucho y la silicona. Debido a su mayor elasticidad, los materiales a base de caucho rebotan y se desv\u00edan. Este mecanismo permite una separaci\u00f3n precisa sin el uso de agentes qu\u00edmicos ni agua.<\/p>    <h2 class=\"wp-block-heading\"><strong>Preguntas frecuentes sobre equipos de separaci\u00f3n de pl\u00e1stico y caucho<\/strong><\/h2>   <div id=\"rank-math-faq\" class=\"rank-math-block\"> <div class=\"rank-math-list\"> <div id=\"faq-question-1776048969535\" class=\"rank-math-list-item\"> <h3 class=\"rank-math-question\">\u00bfCu\u00e1l es la pureza de separaci\u00f3n del separador de pl\u00e1stico y caucho?<\/h3> <div class=\"rank-math-answer\">  <p>El separador de pl\u00e1stico y caucho de Shuliy logra una pureza de separaci\u00f3n de hasta el 99%.<\/p>  <\/div> <\/div> <div id=\"faq-question-1776048998667\" class=\"rank-math-list-item\"> <h3 class=\"rank-math-question\">\u00bfQu\u00e9 materiales puede procesar esta m\u00e1quina?<\/h3> <div class=\"rank-math-answer\">  <p>Es adecuado para procesar pl\u00e1sticos mezclados de electrodom\u00e9sticos desechados, botellas y bolsas de infusi\u00f3n m\u00e9dica (hechas de PP y silicona), tapones de caucho de carcasa de bater\u00eda desechada, y pl\u00e1sticos de desecho de fuentes automotrices y electr\u00f3nicas.<\/p>  <\/div> <\/div> <div id=\"faq-question-1776049103744\" class=\"rank-math-list-item\"> <h3 class=\"rank-math-question\">\u00bfEs ecol\u00f3gico?<\/h3> <div class=\"rank-math-answer\">  <p>Este dispositivo emplea una tecnolog\u00eda de separaci\u00f3n puramente f\u00edsica basada en diferencias en fricci\u00f3n y rebote. Sin necesidad de productos qu\u00edmicos ni agua, y sin generar contaminaci\u00f3n secundaria, constituye una soluci\u00f3n de reciclaje completamente ecol\u00f3gica.<\/p>  <\/div> <\/div> <div id=\"faq-question-1776049154929\" class=\"rank-math-list-item\"> <h3 class=\"rank-math-question\">\u00bfSe puede integrar en una l\u00ednea de producci\u00f3n de reciclaje completa?<\/h3> <div class=\"rank-math-answer\">  <p>Este separador de pl\u00e1stico y caucho se utiliza t\u00edpicamente como parte de un sistema completo de reciclaje, trabajando junto con otras m\u00e1quinas como trituradoras, separadores electrost\u00e1ticos y tanques de separaci\u00f3n por densidad.<\/p>  <\/div> <\/div> <\/div> <\/div>  <div class=\"wp-block-image\"> <figure class=\"aligncenter size-full\"><img loading=\"lazy\" decoding=\"async\" width=\"720\" height=\"540\" src=\"https:\/\/shuliybaler.com\/wp-content\/uploads\/2026\/04\/separate-rubber-from-plastic-machine.webp\" alt=\"m\u00e1quina para separar caucho de pl\u00e1stico\" class=\"wp-image-3648\" title=\"\" srcset=\"https:\/\/shuliybaler.com\/wp-content\/uploads\/2026\/04\/separate-rubber-from-plastic-machine.webp 720w, https:\/\/shuliybaler.com\/wp-content\/uploads\/2026\/04\/separate-rubber-from-plastic-machine-360x270.webp 360w, https:\/\/shuliybaler.com\/wp-content\/uploads\/2026\/04\/separate-rubber-from-plastic-machine-180x135.webp 180w, https:\/\/shuliybaler.com\/wp-content\/uploads\/2026\/04\/separate-rubber-from-plastic-machine-16x12.webp 16w\" sizes=\"auto, (max-width: 720px) 100vw, 720px\" \/><figcaption class=\"wp-element-caption\">m\u00e1quina para separar caucho de pl\u00e1stico<\/figcaption><\/figure> <\/div>   <p>La m\u00e1quina de separaci\u00f3n de pl\u00e1stico y caucho es un componente cr\u00edtico en los sistemas modernos de reciclaje, especialmente adecuada para procesar residuos pl\u00e1sticos complejos mezclados que contienen caucho y silicona.<\/p>    <p>Aprovechando su alta precisi\u00f3n, operaci\u00f3n ecol\u00f3gica y funciones automatizadas, este equipo mejora significativamente el valor de recuperaci\u00f3n de los materiales y apoya pr\u00e1cticas de reciclaje sostenibles.<\/p>    <p>Si busca actualizar su l\u00ednea de producci\u00f3n de reciclaje o mejorar la pureza del material, este separador de pl\u00e1stico y caucho representa una soluci\u00f3n confiable y altamente rentable. \u00a1Cont\u00e1ctenos hoy para las \u00faltimas novedades y ofertas especiales!<\/p>","protected":false},"excerpt":{"rendered":"<p>Utilizing the principles of friction and bouncing, the plastic-rubber separator efficiently separates silicone, rubber, and plastics from mixed materials, achieving a purity level of up to 99%. It is an ideal solution for the recycling industries of electronic waste, medical plastics, and batteries.<\/p>","protected":false},"author":1,"featured_media":3643,"parent":0,"template":"","tags":[93,92],"product-type":[91],"class_list":["post-3641","product","type-product","status-publish","has-post-thumbnail","hentry","tag-plastic","tag-rubber","product-type-other-recycling-machine"],"_links":{"self":[{"href":"https:\/\/shuliybaler.com\/es\/wp-json\/wp\/v2\/product\/3641","targetHints":{"allow":["GET"]}}],"collection":[{"href":"https:\/\/shuliybaler.com\/es\/wp-json\/wp\/v2\/product"}],"about":[{"href":"https:\/\/shuliybaler.com\/es\/wp-json\/wp\/v2\/types\/product"}],"author":[{"embeddable":true,"href":"https:\/\/shuliybaler.com\/es\/wp-json\/wp\/v2\/users\/1"}],"wp:featuredmedia":[{"embeddable":true,"href":"https:\/\/shuliybaler.com\/es\/wp-json\/wp\/v2\/media\/3643"}],"wp:attachment":[{"href":"https:\/\/shuliybaler.com\/es\/wp-json\/wp\/v2\/media?parent=3641"}],"wp:term":[{"taxonomy":"post_tag","embeddable":true,"href":"https:\/\/shuliybaler.com\/es\/wp-json\/wp\/v2\/tags?post=3641"},{"taxonomy":"product-type","embeddable":true,"href":"https:\/\/shuliybaler.com\/es\/wp-json\/wp\/v2\/product-type?post=3641"}],"curies":[{"name":"wp","href":"https:\/\/api.w.org\/{rel}","templated":true}]}}