{"id":3658,"date":"2026-04-22T14:16:43","date_gmt":"2026-04-22T06:16:43","guid":{"rendered":"https:\/\/shuliybaler.com\/?post_type=product&#038;p=3658"},"modified":"2026-04-22T14:36:02","modified_gmt":"2026-04-22T06:36:02","slug":"plastic-pulverizer-machine","status":"publish","type":"product","link":"https:\/\/shuliybaler.com\/es\/product\/plastic-pulverizer-machine\/","title":{"rendered":"M\u00e1quina pulverizadora de pl\u00e1stico"},"content":{"rendered":"<p class=\"translation-block\">La <strong>m\u00e1quina pulverizadora de pl\u00e1stico<\/strong> es un equipo de molienda especializado utilizado para procesar residuos pl\u00e1sticos en polvo fino. Se usa ampliamente en industrias de reciclaje de pl\u00e1stico para reducir residuos pl\u00e1sticos duros en polvo reutilizable para reprocesamiento y fabricaci\u00f3n.<\/p>    <p>Esta m\u00e1quina de molienda de pl\u00e1stico es especialmente efectiva para pl\u00e1sticos r\u00edgidos y semirr\u00edgidos como tuber\u00edas de PVC, perfiles pl\u00e1sticos, l\u00e1minas de ABS, materiales de PP y otros termopl\u00e1sticos.<\/p>    <h2 class=\"wp-block-heading\"><strong>Aspectos destacados de la m\u00e1quina pulverizadora de pl\u00e1stico<\/strong><\/h2>    <ol class=\"wp-block-list\"> <li>Esta pulverizadora de pl\u00e1stico presenta un dise\u00f1o innovador de estructura de cuchillas, que proporciona efectos de impacto y corte por cizalladura potentes.<\/li>    <li>Tambi\u00e9n est\u00e1 equipada con un sistema de fuerza centr\u00edfuga de alta velocidad, que permite una reducci\u00f3n de tama\u00f1o de part\u00edcula altamente eficiente.<\/li>    <li>Adem\u00e1s, un sistema de enfriamiento dual integrado\u2014que combina enfriamiento por aire y por agua\u2014previene eficazmente el sobrecalentamiento del equipo y la degradaci\u00f3n t\u00e9rmica del material en proceso.<\/li>    <li>Shuliy ha adoptado espec\u00edficamente un dise\u00f1o de c\u00e1mara abierta para la unidad de molienda, facilitando el mantenimiento rutinario y el reemplazo de cuchillas.<\/li>    <li>Equipado con un sistema de cribado vibratorio, la m\u00e1quina asegura un tama\u00f1o de part\u00edcula uniforme y consistente en el polvo final.<\/li>    <li>Para garantizar operaciones de producci\u00f3n limpias y eficientes, la m\u00e1quina tambi\u00e9n est\u00e1 equipada con un sistema de alimentaci\u00f3n de presi\u00f3n negativa y un sistema de recolecci\u00f3n de polvo.<\/li>    <li>Utiliza un sistema de control el\u00e9ctrico Star-Delta, que reduce eficazmente la corriente de arranque y prolonga la vida \u00fatil del motor.<\/li> <\/ol>    <h2 class=\"wp-block-heading\"><strong>Aplicaciones de trituradoras de pl\u00e1stico<\/strong><\/h2>    <p>Los trituradores de pl\u00e1stico se utilizan ampliamente en diversos sectores de las industrias de reciclaje y procesamiento de pl\u00e1stico.<\/p>    <ul class=\"wp-block-list\"> <li>Los materiales que se pueden procesar incluyen:<\/li>    <li>Tuber\u00edas, perfiles, l\u00e1minas y residuos de embalaje de PVC<\/li>    <li>Pl\u00e1sticos de PE, PP, ABS, PS, PA y PC<\/li>    <li>Materiales como EVA, PET, PPS, EPS y espumas<\/li>    <li>Materiales compuestos de aluminio y pl\u00e1stico<\/li>    <li>Residuos pl\u00e1sticos industriales, recortes y productos defectuosos<\/li> <\/ul>    <ol class=\"wp-block-list\"> <li>Las aplicaciones t\u00edpicas se encuentran en:<\/li>    <li>Plantas de reciclaje de pl\u00e1stico<\/li>    <li>Instalaciones de fabricaci\u00f3n de tuber\u00edas y perfiles de PVC<\/li>    <li>Industrias de extrusi\u00f3n y moldeo por inyecci\u00f3n de pl\u00e1stico<\/li>    <li>Centros de procesamiento de residuos pl\u00e1sticos<\/li>    <li>Sectores de producci\u00f3n de materia prima pl\u00e1stica<\/li> <\/ol>    <p>Este equipo es particularmente adecuado para el reciclaje y procesamiento de PVC r\u00edgido, as\u00ed como para el molido de pl\u00e1sticos fr\u00e1giles de dureza media.<\/p>    <p class=\"translation-block\"><strong>Modelos y par\u00e1metros t\u00e9cnicos de la m\u00e1quina pulverizadora de pl\u00e1stico<\/strong><\/p>    <figure class=\"wp-block-table\"><table><thead><tr><th>Modelo<\/th><th class=\"has-text-align-center\" data-align=\"center\">Di\u00e1metro del disco<\/th><th class=\"has-text-align-center\" data-align=\"center\">Hojas giratorias<\/th><th class=\"has-text-align-center\" data-align=\"center\">Cuchillas fijas<\/th><th class=\"has-text-align-center\" data-align=\"center\">Fuerza<\/th><th>Capacidad<\/th><th>Tama\u00f1o<\/th><th>Peso<\/th><\/tr><\/thead><tbody><tr><td>500<\/td><td class=\"has-text-align-center\" data-align=\"center\">483\u00b11 mm<\/td><td class=\"has-text-align-center\" data-align=\"center\">24<\/td><td class=\"has-text-align-center\" data-align=\"center\">12<\/td><td class=\"has-text-align-center\" data-align=\"center\">44\/59 kW<\/td><td>120\u2013300 kg\/h<\/td><td>3000\u00d72800\u00d73900 mm<\/td><td>1680 kg<\/td><\/tr><tr><td>600<\/td><td class=\"has-text-align-center\" data-align=\"center\">583\u00b11 mm<\/td><td class=\"has-text-align-center\" data-align=\"center\">28<\/td><td class=\"has-text-align-center\" data-align=\"center\">14<\/td><td class=\"has-text-align-center\" data-align=\"center\">54\/72 kW<\/td><td>180\u2013480 kg\/h<\/td><td>3200\u00d73000\u00d74200 mm<\/td><td>2280 kg<\/td><\/tr><tr><td>800<\/td><td class=\"has-text-align-center\" data-align=\"center\">783\u00b11 mm<\/td><td class=\"has-text-align-center\" data-align=\"center\">36<\/td><td class=\"has-text-align-center\" data-align=\"center\">16<\/td><td class=\"has-text-align-center\" data-align=\"center\">88\/118 kW<\/td><td>350\u2013880 kg\/h<\/td><td>3500\u00d73200\u00d74500 mm<\/td><td>2880 kg<\/td><\/tr><\/tbody><\/table><figcaption class=\"wp-element-caption\">Especificaci\u00f3n de la m\u00e1quina de molienda de pl\u00e1stico<\/figcaption><\/figure>    <p class=\"translation-block\">La <strong>m\u00e1quina pulverizadora de PE PP PVC<\/strong> pertenece a la serie de molienda de piedra de molino, dise\u00f1ada para el procesamiento eficiente de materiales fr\u00e1giles de dureza media. Si desea conocer otros detalles o informaci\u00f3n espec\u00edfica, \u00a1cont\u00e1ctenos!<\/p>    <h2 class=\"wp-block-heading\"><strong>Principios y flujo del proceso de las pulverizadoras de pl\u00e1stico<\/strong><\/h2>    <p>El funcionamiento de una pulverizadora de pl\u00e1stico se basa principalmente en los efectos combinados de molienda a alta velocidad y fuerzas de impacto:<\/p>    <ul class=\"wp-block-list\"> <li><strong>Etapa de alimentaci\u00f3n<\/strong>: Los residuos pl\u00e1sticos son alimentados en la c\u00e1mara de molienda a trav\u00e9s del sistema de alimentaci\u00f3n.<\/li>    <li><strong>Etapa de molienda<\/strong>: Las hojas giratorias de alta velocidad generan fuerzas centr\u00edfugas poderosas, causando que el material sufra colisiones mutuas y acciones de cizalladura entre las hojas estacionarias y las hojas giratorias.<\/li>    <li><strong>Proceso de enfriamiento<\/strong>: Los sistemas de enfriamiento de aire y agua trabajan en conjunto para regular la temperatura, evitando que pl\u00e1sticos sensibles al calor se fundan, quemen o deformen por exposici\u00f3n t\u00e9rmica.<\/li>    <li><strong>Etapa de cribado<\/strong>: El material triturado pasa por una criba vibratoria para garantizar la uniformidad del tama\u00f1o final de las part\u00edculas.<\/li>    <li><strong>Recirculaci\u00f3n<\/strong>: Part\u00edculas que superan el tama\u00f1o deseado se devuelven autom\u00e1ticamente a la c\u00e1mara de molienda para un procesamiento secundario.<\/li>    <li><strong>Recolecci\u00f3n de polvo<\/strong>: Un sistema de presi\u00f3n negativa se encarga de recolectar el polvo, asegurando un ambiente de producci\u00f3n limpio y una operaci\u00f3n eficiente.<\/li> <\/ul>    <h2 class=\"wp-block-heading\"><strong>Beneficios del reciclaje eficiente de pl\u00e1stico usando pulverizadoras de pl\u00e1stico<\/strong><\/h2>    <p>El uso de pulverizadoras de pl\u00e1stico puede mejorar significativamente la eficiencia y sostenibilidad de las operaciones de reciclaje de pl\u00e1stico, reduciendo simult\u00e1neamente los residuos pl\u00e1sticos y la contaminaci\u00f3n ambiental.<\/p>    <p>Adem\u00e1s, este equipo transforma pl\u00e1sticos de desecho en materias primas en polvo reutilizables, aumentando la eficiencia de producci\u00f3n en las instalaciones de reciclaje y reduciendo los costos laborales.<\/p>    <p>Adem\u00e1s, este sistema aumenta el valor de los materiales pl\u00e1sticos reciclados para su reutilizaci\u00f3n en el sector manufacturero, contribuyendo as\u00ed al avance de la econom\u00eda circular y el desarrollo sostenible.<\/p>    <h2 class=\"wp-block-heading\"><strong>Preguntas frecuentes sobre la m\u00e1quina pulverizadora de pl\u00e1stico<\/strong><\/h2>   <div id=\"rank-math-faq\" class=\"rank-math-block\"> <div class=\"rank-math-list\"> <div id=\"faq-question-1776827103979\" class=\"rank-math-list-item\"> <h3 class=\"rank-math-question\">\u00bfQu\u00e9 materiales puede procesar una m\u00e1quina pulverizadora de pl\u00e1stico?<\/h3> <div class=\"rank-math-answer\">  <p>Puede procesar pl\u00e1sticos como PVC, PE, PP, ABS, PS, PC, PA, EVA, PET y espumas.<\/p>  <\/div> <\/div> <div id=\"faq-question-1776827116634\" class=\"rank-math-list-item\"> <h3 class=\"rank-math-question\">\u00bfEs adecuada la m\u00e1quina pulverizadora de pl\u00e1stico para pl\u00e1sticos duros?<\/h3> <div class=\"rank-math-answer\">  <p>S\u00ed, est\u00e1 especialmente dise\u00f1ada para PVC duro y pl\u00e1sticos fr\u00e1giles de dureza media.<\/p>  <\/div> <\/div> <div id=\"faq-question-1776827129387\" class=\"rank-math-list-item\"> <h3 class=\"rank-math-question\">\u00bfC\u00f3mo funciona el sistema de enfriamiento?<\/h3> <div class=\"rank-math-answer\">  <p>Utiliza enfriamiento por aire y por agua para prevenir el sobrecalentamiento y mantener la calidad del material.<\/p>  <\/div> <\/div> <div id=\"faq-question-1776827140283\" class=\"rank-math-list-item\"> <h3 class=\"rank-math-question\">\u00bfCu\u00e1l es el tama\u00f1o de salida del polvo?<\/h3> <div class=\"rank-math-answer\">  <p>La m\u00e1quina produce polvo de pl\u00e1stico fino, que puede ajustarse seg\u00fan el tama\u00f1o de la malla.<\/p>  <\/div> <\/div> <div id=\"faq-question-1776827156943\" class=\"rank-math-list-item\"> <h3 class=\"rank-math-question\">\u00bfPuede operar la m\u00e1quina de forma continua?<\/h3> <div class=\"rank-math-answer\">  <p>S\u00ed, est\u00e1 dise\u00f1ada para un funcionamiento estable y continuo en l\u00edneas de producci\u00f3n de reciclaje industrial.<\/p>  <\/div> <\/div> <\/div> <\/div>   <p>Esta serie de trituradoras de pl\u00e1stico ofrece una amplia gama de modelos y configuraciones de capacidad, proporcionando soluciones flexibles y diversas para operaciones de reciclaje a gran y peque\u00f1a escala. Si desea obtener m\u00e1s informaci\u00f3n o consultar precios detallados, \u00a1cont\u00e1ctenos!<\/p>    <p class=\"translation-block\">Otra m\u00e1quina de procesamiento de pl\u00e1stico:  Separador de caucho de pl\u00e1stico<\/p>","protected":false},"excerpt":{"rendered":"<p>The plastic pulverizer machine is designed for grinding PE, PP, PVC and other plastic materials into fine powder for recycling. It features advanced cooling, high efficiency, and wide application in plastic recycling industries.<\/p>","protected":false},"author":1,"featured_media":3664,"parent":0,"template":"","tags":[15],"product-type":[91],"class_list":["post-3658","product","type-product","status-publish","has-post-thumbnail","hentry","tag-metal","product-type-other-recycling-machine"],"_links":{"self":[{"href":"https:\/\/shuliybaler.com\/es\/wp-json\/wp\/v2\/product\/3658","targetHints":{"allow":["GET"]}}],"collection":[{"href":"https:\/\/shuliybaler.com\/es\/wp-json\/wp\/v2\/product"}],"about":[{"href":"https:\/\/shuliybaler.com\/es\/wp-json\/wp\/v2\/types\/product"}],"author":[{"embeddable":true,"href":"https:\/\/shuliybaler.com\/es\/wp-json\/wp\/v2\/users\/1"}],"wp:featuredmedia":[{"embeddable":true,"href":"https:\/\/shuliybaler.com\/es\/wp-json\/wp\/v2\/media\/3664"}],"wp:attachment":[{"href":"https:\/\/shuliybaler.com\/es\/wp-json\/wp\/v2\/media?parent=3658"}],"wp:term":[{"taxonomy":"post_tag","embeddable":true,"href":"https:\/\/shuliybaler.com\/es\/wp-json\/wp\/v2\/tags?post=3658"},{"taxonomy":"product-type","embeddable":true,"href":"https:\/\/shuliybaler.com\/es\/wp-json\/wp\/v2\/product-type?post=3658"}],"curies":[{"name":"wp","href":"https:\/\/api.w.org\/{rel}","templated":true}]}}