{"id":3670,"date":"2026-04-27T16:48:58","date_gmt":"2026-04-27T08:48:58","guid":{"rendered":"https:\/\/shuliybaler.com\/?post_type=product&#038;p=3670"},"modified":"2026-04-27T16:55:17","modified_gmt":"2026-04-27T08:55:17","slug":"tire-block-cutting-machine","status":"publish","type":"product","link":"https:\/\/shuliybaler.com\/es\/product\/tire-block-cutting-machine\/","title":{"rendered":"M\u00e1quina cortadora de bloques de neum\u00e1ticos"},"content":{"rendered":"<p class=\"translation-block\">La <strong>m\u00e1quina cortadora de bloques de neum\u00e1ticos<\/strong> est\u00e1 dise\u00f1ada espec\u00edficamente para cortar neum\u00e1ticos de desecho completos en bloques de goma de tama\u00f1o uniforme (generalmente de 50 a 80 mm) para su procesamiento posterior. Como componente frontal en las l\u00edneas de producci\u00f3n de reciclaje de neum\u00e1ticos, se utiliza ampliamente para suministrar materia prima para operaciones de trituraci\u00f3n, molienda o pirolisis aguas abajo.<\/p>    <p>A diferencia de los cortadores tradicionales que requieren que los neum\u00e1ticos se pre-corten en tiras, esta m\u00e1quina de Shuliy puede procesar directamente neum\u00e1ticos completos con un di\u00e1metro de \u22641200 mm, integrando as\u00ed el proceso de corte en un solo sistema y mejorando significativamente la eficiencia operativa.<\/p>    <figure class=\"wp-block-embed aligncenter is-type-video is-provider-youtube wp-block-embed-youtube wp-embed-aspect-16-9 wp-has-aspect-ratio\"><div class=\"wp-block-embed__wrapper\"> <iframe loading=\"lazy\" title=\"M\u00e1quina cortadora de bloques de neum\u00e1ticos | Corta neum\u00e1ticos completos en bloques de goma de 50\u201380 mm de manera eficiente\" width=\"500\" height=\"281\" src=\"https:\/\/www.youtube.com\/embed\/6nKF7r2HliQ?feature=oembed\" frameborder=\"0\" allow=\"accelerometer; autoplay; clipboard-write; encrypted-media; gyroscope; picture-in-picture; web-share\" referrerpolicy=\"strict-origin-when-cross-origin\" allowfullscreen><\/iframe> <\/div><figcaption class=\"wp-element-caption\">video de trabajo de la m\u00e1quina cortadora de neum\u00e1ticos<\/figcaption><\/figure>    <h2 class=\"wp-block-heading\"><strong>Resumen de la m\u00e1quina cortadora de bloques de neum\u00e1ticos<\/strong><\/h2>    <p>Como se ilustra en la imagen a continuaci\u00f3n, la estructura general de este equipo consta de los siguientes componentes distintos:<\/p>    <ul class=\"wp-block-list\"> <li>C\u00e1mara de corte hidr\u00e1ulica: Dise\u00f1ada para realizar operaciones de cizalladura a alta presi\u00f3n.<\/li>    <li>Sistema de corte rotatorio: Permite la producci\u00f3n continua de materiales en forma de bloques.<\/li>    <li>Motor y estaci\u00f3n hidr\u00e1ulica: Garantizan una transmisi\u00f3n de energ\u00eda estable y confiable.<\/li>    <li>Tolva de alimentaci\u00f3n: Facilita la entrada segura y eficiente de materiales.<\/li> <\/ul>    <p>Esta es una m\u00e1quina cortadora de bloques de neum\u00e1ticos totalmente automatizada y hidr\u00e1ulica, adecuada para su uso en instalaciones de reciclaje y procesamiento de tama\u00f1o medio.<\/p>   <div class=\"wp-block-image\"> <figure class=\"aligncenter size-full\"><img loading=\"lazy\" decoding=\"async\" width=\"720\" height=\"540\" src=\"https:\/\/shuliybaler.com\/wp-content\/uploads\/2026\/04\/tire-cutting-machine.webp\" alt=\"m\u00e1quina cortadora de neum\u00e1ticos\" class=\"wp-image-3672\" title=\"\" srcset=\"https:\/\/shuliybaler.com\/wp-content\/uploads\/2026\/04\/tire-cutting-machine.webp 720w, https:\/\/shuliybaler.com\/wp-content\/uploads\/2026\/04\/tire-cutting-machine-360x270.webp 360w, https:\/\/shuliybaler.com\/wp-content\/uploads\/2026\/04\/tire-cutting-machine-180x135.webp 180w, https:\/\/shuliybaler.com\/wp-content\/uploads\/2026\/04\/tire-cutting-machine-16x12.webp 16w\" sizes=\"auto, (max-width: 720px) 100vw, 720px\" \/><figcaption class=\"wp-element-caption\">m\u00e1quina cortadora de neum\u00e1ticos<\/figcaption><\/figure> <\/div>   <h2 class=\"wp-block-heading\"><strong>Ventajas de usar una cortadora de bloques de neum\u00e1ticos<\/strong><\/h2>    <ol class=\"wp-block-list\"> <li>Los neum\u00e1ticos completos son voluminosos y dif\u00edciles de manejar. Cortarlos en bloques reduce significativamente su volumen\u2014logrando una reducci\u00f3n de tama\u00f1o eficiente\u2014haciendo que las operaciones de transporte y almacenamiento sean mucho m\u00e1s convenientes.<\/li>    <li>La m\u00e1quina cortadora de bloques de neum\u00e1ticos corta los neum\u00e1ticos en bloques uniformes de 50\u201380 mm; esto minimiza eficazmente el desgaste de las cuchillas, mejora la eficiencia de trituraci\u00f3n y optimiza los flujos de trabajo de procesamiento aguas abajo.<\/li>    <li>By pre-processing tires into &#8220;shreddable&#8221; blocks, the machine reduces energy consumption during the shredding stage. This shortens the return-on-investment period for recycling facilities, making it an economically efficient recycling solution.<\/li> <\/ol>    <h2 class=\"wp-block-heading\"><strong>Par\u00e1metros de la m\u00e1quina cortadora de neum\u00e1ticos<\/strong><\/h2>    <figure class=\"wp-block-table\"><table class=\"has-fixed-layout\"><thead><tr><th>Art\u00edculo<\/th><th>Especificaci\u00f3n<\/th><\/tr><\/thead><tbody><tr><td>Funci\u00f3n<\/td><td>Cortar neum\u00e1ticos completos en bloques<\/td><\/tr><tr><td>Di\u00e1metro del neum\u00e1tico<\/td><td>\uff1c1200 mm<\/td><\/tr><tr><td>Capacidad<\/td><td>20\u201330 piezas\/hora<\/td><\/tr><tr><td>Cortar el neum\u00e1tico completo en bloques<\/td><td>50\u201380 mm<\/td><\/tr><tr><td>Fuerza<\/td><td>40.5 kW, 380V, 50Hz<\/td><\/tr><tr><td>Dimensi\u00f3n<\/td><td>2000 \u00d7 1800 \u00d7 1580 mm<\/td><\/tr><tr><td>Peso<\/td><td>1800 kg<\/td><\/tr><\/tbody><\/table><figcaption class=\"wp-element-caption\">par\u00e1metros t\u00e9cnicos clave de la m\u00e1quina cortadora de bloques de neum\u00e1ticos<\/figcaption><\/figure>   <div class=\"wp-block-image\"> <figure class=\"aligncenter size-full\"><img loading=\"lazy\" decoding=\"async\" width=\"720\" height=\"540\" src=\"https:\/\/shuliybaler.com\/wp-content\/uploads\/2026\/04\/tire-cutter-machine.webp\" alt=\"m\u00e1quina cortadora de neum\u00e1ticos\" class=\"wp-image-3671\" title=\"\" srcset=\"https:\/\/shuliybaler.com\/wp-content\/uploads\/2026\/04\/tire-cutter-machine.webp 720w, https:\/\/shuliybaler.com\/wp-content\/uploads\/2026\/04\/tire-cutter-machine-360x270.webp 360w, https:\/\/shuliybaler.com\/wp-content\/uploads\/2026\/04\/tire-cutter-machine-180x135.webp 180w, https:\/\/shuliybaler.com\/wp-content\/uploads\/2026\/04\/tire-cutter-machine-16x12.webp 16w\" sizes=\"auto, (max-width: 720px) 100vw, 720px\" \/><figcaption class=\"wp-element-caption\">m\u00e1quina cortadora de neum\u00e1ticos<\/figcaption><\/figure> <\/div>   <h2 class=\"wp-block-heading\"><strong>Materias primas y productos terminados<\/strong><\/h2>    <p>Este equipo es adecuado para procesar:<\/p>    <ul class=\"wp-block-list\"> <li>Neum\u00e1ticos de autom\u00f3viles<\/li>    <li>Neum\u00e1ticos de camiones y autobuses<\/li>    <li>Neum\u00e1ticos de goma de desecho (di\u00e1metro \u2264 1200 mm)<\/li> <\/ul>    <p>Pre-corta estos neum\u00e1ticos de desecho\u2014ya sea en tiras o secciones de banda de rodadura\u2014para producir bloques de goma uniformes (50\u201380 mm) como producto final.<\/p>    <p>Esta m\u00e1quina cortadora de bloques de neum\u00e1ticos es ideal para integrarse con el siguiente equipo o l\u00edneas de producci\u00f3n:<\/p>    <ul class=\"wp-block-list\"> <li>Trituradoras de neum\u00e1ticos<\/li>    <li>Molinos de goma<\/li>    <li>Sistemas de pirolisis<\/li>    <li>L\u00edneas de producci\u00f3n de gr\u00e1nulos de goma<\/li> <\/ul>   <div class=\"wp-block-image\"> <figure class=\"aligncenter size-full\"><img loading=\"lazy\" decoding=\"async\" width=\"720\" height=\"540\" src=\"https:\/\/shuliybaler.com\/wp-content\/uploads\/2026\/04\/tire-blocks.webp\" alt=\"bloques de neum\u00e1ticos\" class=\"wp-image-3673\" title=\"\" srcset=\"https:\/\/shuliybaler.com\/wp-content\/uploads\/2026\/04\/tire-blocks.webp 720w, https:\/\/shuliybaler.com\/wp-content\/uploads\/2026\/04\/tire-blocks-360x270.webp 360w, https:\/\/shuliybaler.com\/wp-content\/uploads\/2026\/04\/tire-blocks-180x135.webp 180w, https:\/\/shuliybaler.com\/wp-content\/uploads\/2026\/04\/tire-blocks-16x12.webp 16w\" sizes=\"auto, (max-width: 720px) 100vw, 720px\" \/><figcaption class=\"wp-element-caption\">bloques de neum\u00e1ticos<\/figcaption><\/figure> <\/div>   <h2 class=\"wp-block-heading\"><strong>Principio de funcionamiento de la m\u00e1quina cortadora de neum\u00e1ticos<\/strong><\/h2>    <p>The tire block cutting machine operates using a &#8220;hydraulic + mechanical&#8221; cutting system:<\/p>    <p>Despu\u00e9s de colocar un neum\u00e1tico completo en la tolva de alimentaci\u00f3n, un cilindro hidr\u00e1ulico empuja el neum\u00e1tico hacia las cuchillas de corte.<\/p>    <p>En \u00faltima instancia, las cuchillas de alta resistencia cortan la llanta en bloques de tama\u00f1o uniforme. Los bloques de goma cortados luego caen por la abertura de descarga para proceder a la siguiente etapa del proceso.<\/p>    <p>Este m\u00e9todo operativo\u2014que combina fuerza mec\u00e1nica con presi\u00f3n hidr\u00e1ulica\u2014permite que el equipo corte materiales de goma gruesos de manera eficiente y segura.<\/p>    <h2 class=\"wp-block-heading\"><strong>\u00bfC\u00f3mo elegir la cortadora de bloques de neum\u00e1ticos adecuada?<\/strong><\/h2>    <p>Al seleccionar el equipo, considere los siguientes factores:<\/p>    <ol class=\"wp-block-list\"> <li><strong>Requisitos de capacidad de producci\u00f3n:<\/strong> Si opera una instalaci\u00f3n de tama\u00f1o medio que requiere una producci\u00f3n de 20\u201330 neum\u00e1ticos por hora, esta m\u00e1quina cortadora de bloques de neum\u00e1ticos es una opci\u00f3n ideal. Para operaciones de alta volumen, la m\u00e1quina debe integrarse en una l\u00ednea de producci\u00f3n de reciclaje de neum\u00e1ticos completa.<\/li>    <li><strong>Nivel de automatizaci\u00f3n:<\/strong> Los modelos semiautom\u00e1ticos son de menor costo, mientras que los modelos totalmente autom\u00e1ticos ofrecen mayor eficiencia y reducen los costos laborales.<\/li>    <li><strong>Calidad de la cuchilla:<\/strong> Las cuchillas deben estar hechas de materiales resistentes al desgaste (por ejemplo, acero aleado). Si tiene requisitos espec\u00edficos o necesidades adicionales, no dude en consultarnos directamente.<\/li> <\/ol>   <div class=\"wp-block-image\"> <figure class=\"aligncenter size-full\"><img loading=\"lazy\" decoding=\"async\" width=\"720\" height=\"540\" src=\"https:\/\/shuliybaler.com\/wp-content\/uploads\/2026\/04\/tire-block-cutting-machine.webp\" alt=\"m\u00e1quina cortadora de bloques de neum\u00e1ticos\" class=\"wp-image-3674\" title=\"\" srcset=\"https:\/\/shuliybaler.com\/wp-content\/uploads\/2026\/04\/tire-block-cutting-machine.webp 720w, https:\/\/shuliybaler.com\/wp-content\/uploads\/2026\/04\/tire-block-cutting-machine-360x270.webp 360w, https:\/\/shuliybaler.com\/wp-content\/uploads\/2026\/04\/tire-block-cutting-machine-180x135.webp 180w, https:\/\/shuliybaler.com\/wp-content\/uploads\/2026\/04\/tire-block-cutting-machine-16x12.webp 16w\" sizes=\"auto, (max-width: 720px) 100vw, 720px\" \/><figcaption class=\"wp-element-caption\">m\u00e1quina cortadora de bloques de neum\u00e1ticos<\/figcaption><\/figure> <\/div>  <div id=\"rank-math-faq\" class=\"rank-math-block\"> <div class=\"rank-math-list\"> <div id=\"faq-question-1777256802472\" class=\"rank-math-list-item\"> <h3 class=\"rank-math-question\">\u00bfPuede esta m\u00e1quina cortar neum\u00e1ticos completos directamente?<\/h3> <div class=\"rank-math-answer\">  <p>S\u00ed. Los modelos avanzados pueden cortar neum\u00e1ticos completos sin preprocesamiento, especialmente aquellos con un di\u00e1metro inferior a 1200 mm.<\/p>  <\/div> <\/div> <div id=\"faq-question-1777256828159\" class=\"rank-math-list-item\"> <h3 class=\"rank-math-question\">\u00bfCu\u00e1l es el tama\u00f1o de salida ideal para el reciclaje?<\/h3> <div class=\"rank-math-answer\">  <p>La mayor\u00eda de las l\u00edneas de reciclaje requieren bloques de 50\u201380 mm, ya que son \u00f3ptimos para trituradoras y molinillos.<\/p>  <\/div> <\/div> <div id=\"faq-question-1777256841148\" class=\"rank-math-list-item\"> <h3 class=\"rank-math-question\">\u00bfPor qu\u00e9 no introducir neum\u00e1ticos completos en una trituradora directamente?<\/h3> <div class=\"rank-math-answer\">  <p>Hacerlo directamente acelerar\u00eda el desgaste de las cuchillas y ser\u00eda propenso a causar atascos, reduciendo as\u00ed la eficiencia. Pre-cortar los neum\u00e1ticos en trozos mejora el rendimiento general de todo el sistema.<\/p>  <\/div> <\/div> <div id=\"faq-question-1777256910945\" class=\"rank-math-list-item\"> <h3 class=\"rank-math-question\">\u00bfQu\u00e9 industrias utilizan esta m\u00e1quina cortadora de bloques de neum\u00e1ticos?<\/h3> <div class=\"rank-math-answer\">  <p>Para plantas de reciclaje de neum\u00e1ticos, plantas de polvo de goma, plantas de pirolisis o empresas de gesti\u00f3n de residuos<\/p>  <\/div> <\/div> <\/div> <\/div>   <p>Al transformar neum\u00e1ticos de desecho voluminosos en bloques de goma uniformes y f\u00e1ciles de manejar, la cortadora de bloques de neum\u00e1ticos aumenta significativamente la eficiencia operativa, reduce los costos operativos y optimiza el rendimiento del equipo de procesamiento aguas abajo.<\/p>    <p>Para las empresas que operan en la industria del reciclaje de neum\u00e1ticos, invertir en una cortadora de bloques de neum\u00e1ticos altamente eficiente y totalmente automatizada es sin duda una decisi\u00f3n prudente con un potencial de expansi\u00f3n futura sustancial. Si est\u00e1 interesado en nuestros productos, cont\u00e1ctenos para obtener informaci\u00f3n detallada sobre precios.<\/p>    <p>Otros equipos de procesamiento de neum\u00e1ticos: <\/p>    <ul class=\"wp-block-list\"> <li><a href=\"https:\/\/shuliybaler.com\/es\/product\/scrap-hydraulic-tyre-baling-machine\/\">M\u00e1quina empacadora de neum\u00e1ticos hidr\u00e1ulica de desecho para reciclaje de neum\u00e1ticos<\/a><\/li>    <li><a href=\"https:\/\/shuliybaler.com\/es\/product\/maquina-trituradora-de-chatarra\/\">M\u00e1quina trituradora de neum\u00e1ticos de desecho<\/a><\/li> <\/ul>","protected":false},"excerpt":{"rendered":"<p>The tire block cutter is capable of cutting whole waste tires into uniformly sized rubber blocks ranging from 50 to 80 millimeters. This enhances the efficiency of subsequent shredding processes, reduces labor costs, and ensures a consistent output suitable for recycling and pyrolysis applications.<\/p>","protected":false},"author":1,"featured_media":3675,"parent":0,"template":"","meta":{"product_tpl_data":{"subtitle":"","param_summary":"","model_summary_title":"","model_summary":"","model_series":[],"finished_product_title":"","raw_materials_title":"","process_title":"","endsummary":""},"product_extra_property":[{"pname":"Function","pvalue":"Cut the whole tire into blocks"},{"pname":"Tire diameter","pvalue":"\uff1c1200 mm"},{"pname":"Capacity","pvalue":"20\u201330 pcs\/hour"},{"pname":"Cut the whole tire into blocks","pvalue":"50\u201380 mm"},{"pname":"Power","pvalue":"40.5 kW, 380V, 50Hz"},{"pname":"Dimension","pvalue":"2000 \u00d7 1800 \u00d7 1580 mm"},{"pname":"Weight","pvalue":"1800 kg"}],"product_extra_image":"3671,3672,3674,3673"},"tags":[85],"product-type":[91],"class_list":["post-3670","product","type-product","status-publish","has-post-thumbnail","hentry","tag-tire","product-type-other-recycling-machine"],"light_meta":{"product_tpl_data":{"subtitle":"","param_summary":"","model_summary_title":"","model_summary":"","model_series":"","finished_product_title":"","raw_materials_title":"","process_title":"","endsummary":""},"rank_math_internal_links_processed":"1","rank_math_seo_score":"82","rank_math_focus_keyword":"tire block cutting machine","rank_math_title":"Tire Block Cutting Machine For Scrap Rubber Recycling","rank_math_description":"This tire block cutting machine cuts tires (with a diameter of \u22641200 mm) into rubber blocks ranging from 50-80 mm with an output of 20-30 tires per hour.","rank_math_og_content_image":{"check":"f4c4d6a8a46706b18fbc9a76c71e33e8","images":[3672]},"product_extra_property":{"1":{"pname":"Function","pvalue":"Cut the whole tire into blocks"},"2":{"pname":"Tire diameter","pvalue":"\uff1c1200 mm"},"3":{"pname":"Capacity","pvalue":"20\u201330 pcs\/hour"},"4":{"pname":"Cut the whole tire into blocks","pvalue":"50\u201380 mm"},"5":{"pname":"Power","pvalue":"40.5 kW, 380V, 50Hz"},"6":{"pname":"Dimension","pvalue":"2000 \u00d7 1800 \u00d7 1580 mm"},"7":{"pname":"Weight","pvalue":"1800 kg"}},"product_extra_image":"3671,3672,3674,3673","_oembed_b36e0d7498a27da9ec529da478442216":"<iframe title=\"Tire Block Cutting Machine | Cut Whole Tires into 50\u201380mm Rubber Blocks Efficiently\" width=\"500\" height=\"281\" src=\"https:\/\/www.youtube.com\/embed\/6nKF7r2HliQ?feature=oembed\" frameborder=\"0\" allow=\"accelerometer; autoplay; clipboard-write; encrypted-media; gyroscope; picture-in-picture; web-share\" referrerpolicy=\"strict-origin-when-cross-origin\" allowfullscreen><\/iframe>","_oembed_time_b36e0d7498a27da9ec529da478442216":"1777280116","rank_math_schema_VideoObject":{"@type":"VideoObject","metadata":{"title":"Video","type":"template","shortcode":"s-69ef247792592","isPrimary":true,"reviewLocationShortcode":"[rank_math_rich_snippet]","category":"%categories%","tags":"%tags%","isAutoGenerated":true},"name":"M\u00e1quina cortadora de bloques de neum\u00e1ticos | Corta neum\u00e1ticos completos en bloques de goma de 50\u201380 mm de manera eficiente","description":"WhatsApp: https:\/\/wa.me\/ 8617703863868 Correo electr\u00f3nico: info@shuliybaler.comSitio web: https:\/\/shuliybaler.com\/product\/tire-block-cutting-machine\/Descubra c\u00f3mo la m\u00e1quina de corte de neum\u00e1ticos...","uploadDate":"2026-04-27T01:54:42-07:00","thumbnailUrl":"https:\/\/shuliybaler.com\/wp-content\/uploads\/2026\/04\/tire-block-cutting-machine-cut-w.jpg","embedUrl":"https:\/\/www.youtube.com\/embed\/6nKF7r2HliQ","contentUrl":"","duration":"PT3M0S","width":"1280","height":"720","isFamilyFriendly":true}},"seo_meta":{"title":"M\u00e1quina cortadora de bloques de neum\u00e1ticos para reciclaje de goma de desecho","description":"Esta m\u00e1quina cortadora de bloques de neum\u00e1ticos corta neum\u00e1ticos (con un di\u00e1metro de \u22641200 mm) en bloques de goma que van de 50 a 80 mm, con una producci\u00f3n de 20-30 neum\u00e1ticos por hora.","focusKeyword":"tire block cutting machine","canonicalUrl":"https:\/\/shuliybaler.com\/es\/product\/tire-block-cutting-machine\/","robots":["index","follow"],"ogTitle":"Tire Block Cutting Machine For Scrap Rubber Recycling","ogDescription":"This tire block cutting machine cuts tires (with a diameter of \u22641200 mm) into rubber blocks ranging from 50-80 mm with an output of 20-30 tires per hour.","ogImage":"https:\/\/shuliybaler.com\/wp-content\/uploads\/2026\/04\/automatic-tire-block-cutting-machine.webp","twitterTitle":"Tire Block Cutting Machine For Scrap Rubber Recycling","twitterDescription":"This tire block cutting machine cuts tires (with a diameter of \u22641200 mm) into rubber blocks ranging from 50-80 mm with an output of 20-30 tires per hour.","twitterImage":"https:\/\/shuliybaler.com\/wp-content\/uploads\/2026\/04\/automatic-tire-block-cutting-machine.webp","primaryCategory":0,"seoScore":82,"schemas":{"VideoObject":{"type":"VideoObject","data":{"@type":"VideoObject","metadata":{"title":"Video","type":"template","shortcode":"s-69ef247792592","isPrimary":true,"reviewLocationShortcode":"[rank_math_rich_snippet]","category":"%categories%","tags":"%tags%","isAutoGenerated":true},"name":"M\u00e1quina cortadora de bloques de neum\u00e1ticos | Corta neum\u00e1ticos completos en bloques de goma de 50\u201380 mm de manera eficiente","description":"WhatsApp: https:\/\/wa.me\/ 8617703863868 Correo electr\u00f3nico: info@shuliybaler.comSitio web: https:\/\/shuliybaler.com\/product\/tire-block-cutting-machine\/Descubra c\u00f3mo la m\u00e1quina de corte de neum\u00e1ticos...","uploadDate":"2026-04-27T01:54:42-07:00","thumbnailUrl":"https:\/\/shuliybaler.com\/wp-content\/uploads\/2026\/04\/tire-block-cutting-machine-cut-w.jpg","embedUrl":"https:\/\/www.youtube.com\/embed\/6nKF7r2HliQ","contentUrl":"","duration":"PT3M0S","width":"1280","height":"720","isFamilyFriendly":true}}},"source":"rank_math"},"_links":{"self":[{"href":"https:\/\/shuliybaler.com\/es\/wp-json\/wp\/v2\/product\/3670","targetHints":{"allow":["GET"]}}],"collection":[{"href":"https:\/\/shuliybaler.com\/es\/wp-json\/wp\/v2\/product"}],"about":[{"href":"https:\/\/shuliybaler.com\/es\/wp-json\/wp\/v2\/types\/product"}],"author":[{"embeddable":true,"href":"https:\/\/shuliybaler.com\/es\/wp-json\/wp\/v2\/users\/1"}],"wp:featuredmedia":[{"embeddable":true,"href":"https:\/\/shuliybaler.com\/es\/wp-json\/wp\/v2\/media\/3675"}],"wp:attachment":[{"href":"https:\/\/shuliybaler.com\/es\/wp-json\/wp\/v2\/media?parent=3670"}],"wp:term":[{"taxonomy":"post_tag","embeddable":true,"href":"https:\/\/shuliybaler.com\/es\/wp-json\/wp\/v2\/tags?post=3670"},{"taxonomy":"product-type","embeddable":true,"href":"https:\/\/shuliybaler.com\/es\/wp-json\/wp\/v2\/product-type?post=3670"}],"curies":[{"name":"wp","href":"https:\/\/api.w.org\/{rel}","templated":true}]}}