{"id":407,"date":"2019-12-05T11:19:36","date_gmt":"2019-12-05T03:19:36","guid":{"rendered":"https:\/\/shuliybaler.com\/?p=407"},"modified":"2024-01-10T17:39:46","modified_gmt":"2024-01-10T09:39:46","slug":"metal-baler","status":"publish","type":"product","link":"https:\/\/shuliybaler.com\/es\/product\/metal-baler\/","title":{"rendered":"Empacadora de metal industrial para briquetas de chatarra"},"content":{"rendered":"<p class=\"translation-block\">La <strong>empacadora de metales<\/strong> tambi\u00e9n se denomina m\u00e1quina de briquetas de chatarra, empacadora de metales horizontal, empacadora de metales hidr\u00e1ulica, etc. Su prop\u00f3sito principal es prensar las chatarras met\u00e1licas en una forma espec\u00edfica para reducir el volumen, facilitar el almacenamiento, el transporte y el reciclaje.<\/p>    <figure class=\"wp-block-embed is-type-video is-provider-youtube wp-block-embed-youtube wp-embed-aspect-16-9 wp-has-aspect-ratio\"><div class=\"wp-block-embed__wrapper\"> <iframe loading=\"lazy\" title=\"Espect\u00e1culo de empacadoras de metal eficientes: \u00a1Empacado perfecto de chatarra! Prensa de balas hidr\u00e1ulica para residuos de hierro\" width=\"500\" height=\"281\" src=\"https:\/\/www.youtube.com\/embed\/bypm63IX3u0?start=8&#038;feature=oembed\" frameborder=\"0\" allow=\"accelerometer; autoplay; clipboard-write; encrypted-media; gyroscope; picture-in-picture; web-share\" referrerpolicy=\"strict-origin-when-cross-origin\" allowfullscreen><\/iframe> <\/div><figcaption class=\"wp-element-caption\">video de trabajo de empacadora de metal horizontal<\/figcaption><\/figure>    <h2 class=\"wp-block-heading\" id=\"h-parameters-of-the-metal-press-machine\"><strong>Par\u00e1metros de la empacadora de chatarra a la venta<\/strong><\/h2>    <figure class=\"wp-block-table\"><table><tbody><tr><td>Tipo <strong>&nbsp;<\/strong><strong><\/strong><\/td><td>Potencia de empuje nominal (Kn)<\/td><td>Tama\u00f1o de la c\u00e1mara de compresi\u00f3n<br>(Largo * ancho * alto)(mm)<strong><\/strong><\/td><td>Tama\u00f1o de la bala (mm)<strong><\/strong><\/td><td>La densidad de los bloques de metal (kg\/m\u00b3)<\/td><td>Capacidad (kg\/h)<strong><\/strong><\/td><td>Tiempo(s) de ciclo \u00fanico<\/td><td>Potencia coincidente (kW)<\/td><\/tr><tr><td>Y81-1250A<strong><\/strong><\/td><td>1250<strong><\/strong><\/td><td>1200*700*600<strong><\/strong><\/td><td>300*300<strong><\/strong><\/td><td>\u22652000<strong><\/strong><\/td><td>1200-1800<strong><\/strong><\/td><td>\u2264120<strong><\/strong><\/td><td>15<strong><\/strong><\/td><\/tr><tr><td>Y81-1250B<strong><\/strong><\/td><td>1250<strong><\/strong><\/td><td>1400*800*700<strong><\/strong><\/td><td>300*300<strong><\/strong><\/td><td>\u22652000<strong><\/strong><\/td><td>1600-2300<strong><\/strong><\/td><td>\u2264140<strong><\/strong><\/td><td>15<strong><\/strong><\/td><\/tr><tr><td>Y81-1350<strong><\/strong><\/td><td>1350<strong><\/strong><\/td><td>1400*600*600<strong><\/strong><\/td><td>600*240<strong><\/strong><\/td><td>\u22652000<strong><\/strong><\/td><td>1600-2500<strong><\/strong><\/td><td>\u2264100<strong><\/strong><\/td><td>18.5<strong><\/strong><\/td><\/tr><tr><td>Y81-1600A<strong><\/strong><\/td><td>1600<strong><\/strong><\/td><td>1600*1000*800<strong><\/strong><\/td><td>400*400<strong><\/strong><\/td><td>\u22652000<strong><\/strong><\/td><td>2000-3500<strong><\/strong><\/td><td>\u2264120<strong><\/strong><\/td><td>22<strong><\/strong><\/td><\/tr><tr><td>Y81-1600B<strong><\/strong><\/td><td>1600<strong><\/strong><\/td><td>1600*1200*800<strong><\/strong><\/td><td>400*400<strong><\/strong><\/td><td>\u22652000<strong><\/strong><\/td><td>2000-4000<strong><\/strong><\/td><td>\u2264130<strong><\/strong><\/td><td>30<strong><\/strong><\/td><\/tr><tr><td>Y81-2000A<strong><\/strong><\/td><td>2000<strong><\/strong><\/td><td>1600*1200*800<strong><\/strong><\/td><td>400*400<strong><\/strong><\/td><td>\u22652000<strong><\/strong><\/td><td>2500-4500<strong><\/strong><\/td><td>\u2264130<strong><\/strong><\/td><td>22\/15<\/td><\/tr><tr><td>Y81-2000B<strong><\/strong><\/td><td>2000<strong><\/strong><\/td><td>1800*1400*900<strong><\/strong><\/td><td>450*450<strong><\/strong><\/td><td>\u22652000<strong><\/strong><\/td><td>3000-5000<strong><\/strong><\/td><td>\u2264130<strong><\/strong><\/td><td>30\/37<\/td><\/tr><tr><td>Y81-2500A<strong><\/strong><\/td><td>2500<strong><\/strong><\/td><td>2000*1400*900<strong><\/strong><\/td><td>500*500<strong><\/strong><\/td><td>\u22652000<strong><\/strong><\/td><td>4000-6300<strong><\/strong><\/td><td>\u2264130<strong><\/strong><\/td><td>44\/60<\/td><\/tr><tr><td>Y81-2500B<strong><\/strong><\/td><td>2500<strong><\/strong><\/td><td>2000*1750*1000<strong><\/strong><\/td><td>500*500<strong><\/strong><\/td><td>\u22652000<strong><\/strong><\/td><td>5000-6300<strong><\/strong><\/td><td>\u2264150<strong><\/strong><\/td><td>44<strong><\/strong><\/td><\/tr><tr><td>Y81-2500C<strong><\/strong><\/td><td>2500<strong><\/strong><\/td><td>2000*1750*1200<strong><\/strong><\/td><td>600*600<strong><\/strong><\/td><td>\u22652000<strong><\/strong><\/td><td>5500-6500<strong><\/strong><\/td><td>\u2264150<strong><\/strong><\/td><td>60<strong><\/strong><\/td><\/tr><tr><td>Y81-2500D<strong><\/strong><\/td><td>2500<strong><\/strong><\/td><td>2500*2000*1200<strong><\/strong><\/td><td>600*600<strong><\/strong><\/td><td>\u22652000<strong><\/strong><\/td><td>5500-6500<strong><\/strong><\/td><td>\u2264150<strong><\/strong><\/td><td>60<strong><\/strong><\/td><\/tr><tr><td>Y81-3150A<strong><\/strong><\/td><td>3150<strong><\/strong><\/td><td>2000*1750*1000<strong><\/strong><\/td><td>500*500<strong><\/strong><\/td><td>\u22652000<strong><\/strong><\/td><td>4000-6500<strong><\/strong><\/td><td>\u2264150<strong><\/strong><\/td><td>60<strong><\/strong><\/td><\/tr><tr><td>Y81-3150B<strong><\/strong><\/td><td>3150<strong><\/strong><\/td><td>2000*1750*1200<strong><\/strong><\/td><td>600*600<strong><\/strong><\/td><td>\u22652000<strong><\/strong><\/td><td>5000-7000<strong><\/strong><\/td><td>\u2264150<strong><\/strong><\/td><td>60<strong><\/strong><\/td><\/tr><tr><td>Y81-3150C<strong><\/strong><\/td><td>3150<strong><\/strong><\/td><td>2500*2000*1200<strong><\/strong><\/td><td>600*600<strong><\/strong><\/td><td>\u22652000<strong><\/strong><\/td><td>6000-8000<strong><\/strong><\/td><td>\u2264150<strong><\/strong><\/td><td>90<strong><\/strong><\/td><\/tr><tr><td>Y81-3150D<strong><\/strong><\/td><td>3150<strong><\/strong><\/td><td>3000*2500*1200<strong><\/strong><\/td><td>600*600<strong><\/strong><\/td><td>\u22652000<strong><\/strong><\/td><td>6000-8000<strong><\/strong><\/td><td>\u2264160<strong><\/strong><\/td><td>90<strong><\/strong><\/td><\/tr><tr><td>Y81-4000A<strong><\/strong><\/td><td>4000<strong><\/strong><\/td><td>2500*2000*1200<strong><\/strong><\/td><td>600*600<strong><\/strong><\/td><td>\u22652000<strong><\/strong><\/td><td>5000-7500<strong><\/strong><\/td><td>\u2264160<strong><\/strong><\/td><td>90<strong><\/strong><\/td><\/tr><tr><td>Y81-4000B<strong><\/strong><\/td><td>4000<strong><\/strong><\/td><td>3000*2500*1200<strong><\/strong><\/td><td>600*600<strong><\/strong><\/td><td>\u22652000<strong><\/strong><\/td><td>8500-13000<strong><\/strong><\/td><td>\u2264160<strong><\/strong><\/td><td>90<strong><\/strong><\/td><\/tr><tr><td>Y81-4000C<strong><\/strong><\/td><td>4000<strong><\/strong><\/td><td>3500*3000*1200<strong><\/strong><\/td><td>600*600<strong><\/strong><\/td><td>\u22652000<strong><\/strong><\/td><td>9500-14000<strong><\/strong><\/td><td>\u2264160<strong><\/strong><\/td><td>90<strong><\/strong><\/td><\/tr><\/tbody><\/table><figcaption class=\"wp-element-caption\">m\u00e1quina de briquetas de chatarra<\/figcaption><\/figure>    <h2 class=\"wp-block-heading\" id=\"h-application-of-metal-baler\"><strong>Aplicaci\u00f3n de empacadora de metal horizontal.<\/strong><\/h2>    <p class=\"translation-block\">La m\u00e1quina empacadora de metales es adecuada para prensar todo tipo de chatarra met\u00e1lica como <strong>acero de desecho, hierro de desecho, cobre, chatarra de aluminio,<\/strong> <strong>virutas de aluminio, l\u00e1minas de hierro, virutas de acero, virutas de aluminio, barriles de aceite de desecho, bidones de pintura y otros bidones y latas de metal<\/strong>, <strong>carcasas de autom\u00f3viles de desecho<\/strong>,<strong> bidones de aceite de desecho, latas, latas de alimentos,<\/strong> <strong>carcasas de autom\u00f3viles desmanteladas, incluidos carrocer\u00eda, puertas, bloques de motor, tambores de freno, piezas de motor, componentes de suspensi\u00f3n, diversos desechos met\u00e1licos, virutas de corte, virutas de rectificado, etc. generados durante la producci\u00f3n industrial<\/strong>,<strong> etc<\/strong>. <\/p>   <div class=\"wp-block-image\"> <figure class=\"aligncenter size-large\"><img loading=\"lazy\" decoding=\"async\" width=\"720\" height=\"695\" src=\"https:\/\/shuliybaler.com\/wp-content\/uploads\/2019\/12\/application-of-the-metal-press-machine.jpg\" alt=\"aplicaci\u00f3n de la m\u00e1quina de prensa de metal\" class=\"wp-image-424\" title=\"\" srcset=\"https:\/\/shuliybaler.com\/wp-content\/uploads\/2019\/12\/application-of-the-metal-press-machine.jpg 720w, https:\/\/shuliybaler.com\/wp-content\/uploads\/2019\/12\/application-of-the-metal-press-machine-280x270.jpg 280w, https:\/\/shuliybaler.com\/wp-content\/uploads\/2019\/12\/application-of-the-metal-press-machine-559x540.jpg 559w\" sizes=\"auto, (max-width: 720px) 100vw, 720px\" \/><figcaption class=\"wp-element-caption\">aplicaci\u00f3n de la empacadora de metal<\/figcaption><\/figure> <\/div>   <p class=\"translation-block\">Se puede utilizar para fabricar varias formas de bloques (el tama\u00f1o de los bloques se puede personalizar) como el <strong>cubo largo, el cilindro, el cubo<\/strong>, etc., lo que es conveniente para fundir y reutilizar. Adem\u00e1s, tambi\u00e9n se puede utilizar para la compresi\u00f3n de <strong>cartones, botellas de pl\u00e1stico<\/strong> y otros art\u00edculos.<\/p>    <h2 class=\"wp-block-heading\" id=\"h-structural-composition-of-metal-briquette-machine\"><strong>Composici\u00f3n estructural de la empacadora de chatarra horizontal.<\/strong><\/h2>    <p>La m\u00e1quina briquetadora de chatarra se compone principalmente de piezas hidr\u00e1ulicas, una c\u00e1mara de alimentaci\u00f3n, una cubierta de puerta, un brazo telesc\u00f3pico, una consola, un cilindro hidr\u00e1ulico lateral, un cilindro hidr\u00e1ulico principal, un motor, un reductor, un dispositivo de seguridad, etc.<\/p>   <div class=\"wp-block-image\"> <figure class=\"aligncenter size-large\"><img loading=\"lazy\" decoding=\"async\" width=\"720\" height=\"540\" src=\"https:\/\/shuliybaler.com\/wp-content\/uploads\/2019\/12\/structure-of-the-metal-baler.jpg\" alt=\"estructura de la empacadora de metal\" class=\"wp-image-426\" title=\"\" srcset=\"https:\/\/shuliybaler.com\/wp-content\/uploads\/2019\/12\/structure-of-the-metal-baler.jpg 720w, https:\/\/shuliybaler.com\/wp-content\/uploads\/2019\/12\/structure-of-the-metal-baler-360x270.jpg 360w, https:\/\/shuliybaler.com\/wp-content\/uploads\/2019\/12\/structure-of-the-metal-baler-180x135.jpg 180w\" sizes=\"auto, (max-width: 720px) 100vw, 720px\" \/><figcaption class=\"wp-element-caption\">estructura de la empacadora de metal<\/figcaption><\/figure> <\/div>   <ul class=\"wp-block-list\"> <li>La parte hidr\u00e1ulica es el \u201ccoraz\u00f3n\u201d del compactador de metal y la fuente de energ\u00eda de la m\u00e1quina. El rango de presi\u00f3n de esta m\u00e1quina est\u00e1 entre 1250 kn y 4000 kn.<\/li>    <li>La c\u00e1mara de alimentaci\u00f3n determina el tama\u00f1o de los materiales que se pueden colocar. El rango de tama\u00f1o de la c\u00e1mara de alimentaci\u00f3n es 1200 * 700 * 600 mm - 3500 * 3000 * 1200 mm.<\/li>    <li>Hay cuatro cilindros hidr\u00e1ulicos en la m\u00e1quina, uno en la cubierta de la puerta, uno en el empujador principal, uno en el empujador lateral y uno en la parte de salida.<\/li>    <li>Instale un dispositivo de parada de emergencia y dispositivos de protecci\u00f3n contra sobrecorriente para evitar accidentes.<\/li> <\/ul>    <h2 class=\"wp-block-heading\" id=\"h-how-does-a-metal-baler-work\"><strong>\u00bfC\u00f3mo funciona una empacadora de chatarra?<\/strong><\/h2>    <figure class=\"wp-block-embed is-type-video is-provider-youtube wp-block-embed-youtube wp-embed-aspect-16-9 wp-has-aspect-ratio\"><div class=\"wp-block-embed__wrapper\"> <iframe loading=\"lazy\" title=\"Empacadora autom\u00e1tica de bidones y latas de hierro | M\u00e1quina empacadora de reciclaje de latas de aluminio y empacadoras de metal.\" width=\"500\" height=\"281\" src=\"https:\/\/www.youtube.com\/embed\/9JxkvEm4QMc?feature=oembed\" frameborder=\"0\" allow=\"accelerometer; autoplay; clipboard-write; encrypted-media; gyroscope; picture-in-picture; web-share\" referrerpolicy=\"strict-origin-when-cross-origin\" allowfullscreen><\/iframe> <\/div><figcaption class=\"wp-element-caption\">Video de trabajo de empacadora de chatarra de acero, hierro y cobre. <\/figcaption><\/figure>   <div id=\"rank-math-howto\" class=\"rank-math-block\" > <div class=\"rank-math-howto-description\">  <\/div>  <div class=\"rank-math-steps\"> <div id=\"howto-step-1704877907192\" class=\"rank-math-step\"> <h3 class=\"rank-math-step-title\"><strong>Carga de chatarra <\/strong><\/h3> <div class=\"rank-math-step-content\"><p>Primero, coloque el material en la c\u00e1mara de alimentaci\u00f3n del compactador de metal. Nota: Los materiales introducidos no pueden exceder la salida m\u00e1xima de la m\u00e1quina, porque el motor da\u00f1ar\u00e1 f\u00e1cilmente el motor cuando est\u00e9 trabajando bajo sobrecarga.<\/p> <\/div> <\/div> <div id=\"howto-step-1704877937503\" class=\"rank-math-step\"> <h3 class=\"rank-math-step-title\"><strong>Poner en marcha la m\u00e1quina briquetadora de chatarra<\/strong><\/h3> <div class=\"rank-math-step-content\"><p>Encienda la m\u00e1quina y opere la palanca de operaci\u00f3n para controlar que la cubierta de la puerta presione hacia abajo. Una vez completado el prensado, la cubierta de la puerta y el recipiente de alimento forman un espacio cerrado.<\/p> <\/div> <\/div> <div id=\"howto-step-1704878010159\" class=\"rank-math-step\"> <h3 class=\"rank-math-step-title\"><strong>Compresi\u00f3n hidr\u00e1ulica multipunto<\/strong><\/h3> <div class=\"rank-math-step-content\"><p>Las varillas hidr\u00e1ulicas en la parte trasera y los lados de la empacadora de chatarra empujan el material hacia adelante y lo comprimen continuamente, formando eventualmente un bloque de metal de alta densidad.<\/p> <\/div> <\/div> <div id=\"howto-step-1704878082347\" class=\"rank-math-step\"> <h3 class=\"rank-math-step-title\"><strong>Proceso de formaci\u00f3n y descarga.<\/strong><\/h3> <div class=\"rank-math-step-content\"><p>La varilla hidr\u00e1ulica de rotaci\u00f3n empuja los materiales en forma regular y la densidad puede alcanzar los 2000 kg\/m3. Finalmente, saque suavemente los bloques de metal compactados de la empacadora. Esto completa una operaci\u00f3n de embalaje completa de la chatarra.<\/p> <\/div> <\/div> <\/div> <\/div>       <h2 class=\"wp-block-heading\" id=\"h-advantages-of-hydraulic-scrap-metal-briquette-machine\"><strong>Ventajas de la m\u00e1quina hidr\u00e1ulica de briquetas de chatarra.<\/strong><\/h2>    <ol class=\"wp-block-list\"> <li>La m\u00e1quina es accionada hidr\u00e1ulicamente, con bajo nivel de ruido, funcionamiento estable y altos factores de seguridad.<\/li>    <li>Existe una variedad de m\u00e9todos de descarga, que se pueden dividir en descarga mec\u00e1nica y descarga manual. Los clientes pueden elegir seg\u00fan sus necesidades.<\/li>    <li>Por lo general, el voltaje de la m\u00e1quina es de 380v, pero tambi\u00e9n se puede ajustar seg\u00fan las necesidades del cliente. En el caso de fuentes de energ\u00eda inconvenientes, se pueden utilizar motores di\u00e9sel para proporcionar energ\u00eda.<\/li>    <li>La m\u00e1quina es f\u00e1cil de instalar, no es necesario instalar tornillos de pie.<\/li>    <li>Hay varios modos de operaci\u00f3n de la m\u00e1quina, por lo que puede elegir operaci\u00f3n manual o operaci\u00f3n PLC.<\/li>    <li>Las piezas de la m\u00e1quina briquetadora de chatarra se procesan con precisi\u00f3n mediante un torno de control num\u00e9rico por computadora. La acci\u00f3n de la m\u00e1quina es suave y duradera.<\/li>    <li>La m\u00e1quina est\u00e1 hecha de acero al carbono espesado con una apariencia hermosa. La superficie de la m\u00e1quina est\u00e1 recubierta con pintura impermeable y anticorrosi\u00f3n para prolongar la vida \u00fatil de la m\u00e1quina.<\/li> <\/ol>    <figure class=\"wp-block-gallery has-nested-images columns-default is-cropped wp-block-gallery-2 is-layout-flex wp-block-gallery-is-layout-flex\"> <figure class=\"wp-block-image size-large\"><img loading=\"lazy\" decoding=\"async\" width=\"720\" height=\"540\" data-id=\"428\" src=\"https:\/\/shuliybaler.com\/wp-content\/uploads\/2019\/12\/the-motor-of-this-metal-briquetting-machine.jpg\" alt=\"El motor de esta m\u00e1quina briquetadora de metal.\" class=\"wp-image-428\" title=\"\" srcset=\"https:\/\/shuliybaler.com\/wp-content\/uploads\/2019\/12\/the-motor-of-this-metal-briquetting-machine.jpg 720w, https:\/\/shuliybaler.com\/wp-content\/uploads\/2019\/12\/the-motor-of-this-metal-briquetting-machine-360x270.jpg 360w, https:\/\/shuliybaler.com\/wp-content\/uploads\/2019\/12\/the-motor-of-this-metal-briquetting-machine-180x135.jpg 180w\" sizes=\"auto, (max-width: 720px) 100vw, 720px\" \/><figcaption class=\"wp-element-caption\">El motor de esta m\u00e1quina briquetadora de metales<\/figcaption><\/figure>    <figure class=\"wp-block-image size-large\"><img loading=\"lazy\" decoding=\"async\" width=\"720\" height=\"540\" data-id=\"427\" src=\"https:\/\/shuliybaler.com\/wp-content\/uploads\/2019\/12\/the-detail-part-of-this-baler-machine.jpg\" alt=\"La parte detallada de esta m\u00e1quina empacadora.\" class=\"wp-image-427\" title=\"\" srcset=\"https:\/\/shuliybaler.com\/wp-content\/uploads\/2019\/12\/the-detail-part-of-this-baler-machine.jpg 720w, https:\/\/shuliybaler.com\/wp-content\/uploads\/2019\/12\/the-detail-part-of-this-baler-machine-360x270.jpg 360w, https:\/\/shuliybaler.com\/wp-content\/uploads\/2019\/12\/the-detail-part-of-this-baler-machine-180x135.jpg 180w\" sizes=\"auto, (max-width: 720px) 100vw, 720px\" \/><figcaption class=\"wp-element-caption\">La parte detallada de esta m\u00e1quina empacadora<\/figcaption><\/figure>    <figure class=\"wp-block-image size-large\"><img loading=\"lazy\" decoding=\"async\" width=\"720\" height=\"540\" data-id=\"425\" src=\"https:\/\/shuliybaler.com\/wp-content\/uploads\/2019\/12\/Hydraulic-shaft-of-metal-briquetting-machine.jpg\" alt=\"Eje hidr\u00e1ulico de m\u00e1quina briquetadora de metal.\" class=\"wp-image-425\" title=\"\" srcset=\"https:\/\/shuliybaler.com\/wp-content\/uploads\/2019\/12\/Hydraulic-shaft-of-metal-briquetting-machine.jpg 720w, https:\/\/shuliybaler.com\/wp-content\/uploads\/2019\/12\/Hydraulic-shaft-of-metal-briquetting-machine-360x270.jpg 360w, https:\/\/shuliybaler.com\/wp-content\/uploads\/2019\/12\/Hydraulic-shaft-of-metal-briquetting-machine-180x135.jpg 180w\" sizes=\"auto, (max-width: 720px) 100vw, 720px\" \/><figcaption class=\"wp-element-caption\">Eje hidr\u00e1ulico de la m\u00e1quina briquetadora de metal<\/figcaption><\/figure>    <figure class=\"wp-block-image size-large\"><img loading=\"lazy\" decoding=\"async\" width=\"720\" height=\"540\" data-id=\"490\" src=\"https:\/\/shuliybaler.com\/wp-content\/uploads\/2019\/12\/aluminum-can-baler.jpg\" alt=\"empacadora de metales\" class=\"wp-image-490\" title=\"\" srcset=\"https:\/\/shuliybaler.com\/wp-content\/uploads\/2019\/12\/aluminum-can-baler.jpg 720w, https:\/\/shuliybaler.com\/wp-content\/uploads\/2019\/12\/aluminum-can-baler-360x270.jpg 360w, https:\/\/shuliybaler.com\/wp-content\/uploads\/2019\/12\/aluminum-can-baler-180x135.jpg 180w\" sizes=\"auto, (max-width: 720px) 100vw, 720px\" \/><figcaption class=\"wp-element-caption\">M\u00e1quina de briquetas de chatarra<\/figcaption><\/figure> <\/figure>    <h2 class=\"wp-block-heading\"><strong>\u00bfPor qu\u00e9 elegir Shuliy como proveedor de m\u00e1quinas briquetadoras de chatarra?<\/strong><\/h2>    <p>Shuliy fue elegido como proveedor de empacadoras de chatarra debido a sus ventajas competitivas en la industria en t\u00e9rminos de rendimiento del equipo, garant\u00eda de calidad y servicio al cliente.<\/p>    <ul class=\"wp-block-list\"> <li><strong>Precio razonable<\/strong>: Shuliy ofrece empacadoras de chatarra rentables, lo que garantiza que los clientes puedan obtener equipos de producci\u00f3n de alta calidad y al mismo tiempo controlar los costos.<\/li>    <li><strong>Servicio personalizado<\/strong>: En respuesta a las diferentes necesidades de los clientes, Schulich puede proporcionar soluciones personalizadas para dise\u00f1ar y optimizar empacadoras para escenarios espec\u00edficos de procesamiento de chatarra.<\/li>    <li><strong>Servicio perfecto<\/strong>: Desde la consulta preventa hasta la instalaci\u00f3n y el mantenimiento posventa, brindamos un servicio integral integral para garantizar que los clientes no tengan preocupaciones.<\/li>    <li><strong>Variedad de modelos<\/strong>: Contamos con una variedad de especificaciones de la serie de empacadoras de metal, para satisfacer las necesidades de diferentes tipos de empacado de producci\u00f3n y materiales, para adaptarnos a la tendencia de diversificaci\u00f3n del mercado.<\/li> <\/ul>    <h2 class=\"wp-block-heading\"><strong>C\u00f3mo obtener m\u00e1s detalles sobre <a href=\"https:\/\/shuliybaler.com\/es\/product\/empacadora-de-chatarra\/\">empacadora de chatarra<\/a>?<\/strong><\/h2>    <p class=\"translation-block\">Para obtener m\u00e1s detalles o para pedir la empacadora de metales horizontal Shuliy, visite nuestro sitio web oficial. Al mismo tiempo, tambi\u00e9n puede utilizar el correo electr\u00f3nico o la herramienta de chat en l\u00ednea para consultas y comunicaci\u00f3n; le proporcionaremos servicios de consultor\u00eda profesionales sobre <a href=\"https:\/\/en.wikipedia.org\/wiki\/Aluminium_recycling\" target=\"_blank\" rel=\"noopener\">reciclaje de metales<\/a> de manera oportuna.<\/p>","protected":false},"excerpt":{"rendered":"<p>La m\u00e1quina briquetadora de chatarra tambi\u00e9n se llama empacadora de metal para empacar chatarra, acero, hierro, cobre, etc. en balas moldeadas para reciclarlas y obtener ganancias. Este art\u00edculo describe los tipos de empacadoras que se pueden empacar y los materiales que se pueden empacar para su referencia al elegir.<\/p>","protected":false},"author":1,"featured_media":2719,"parent":0,"template":"","tags":[39],"product-type":[41],"class_list":["post-407","product","type-product","status-publish","has-post-thumbnail","hentry","tag-metal-baler","product-type-metal-baler-machine"],"_links":{"self":[{"href":"https:\/\/shuliybaler.com\/es\/wp-json\/wp\/v2\/product\/407","targetHints":{"allow":["GET"]}}],"collection":[{"href":"https:\/\/shuliybaler.com\/es\/wp-json\/wp\/v2\/product"}],"about":[{"href":"https:\/\/shuliybaler.com\/es\/wp-json\/wp\/v2\/types\/product"}],"author":[{"embeddable":true,"href":"https:\/\/shuliybaler.com\/es\/wp-json\/wp\/v2\/users\/1"}],"wp:featuredmedia":[{"embeddable":true,"href":"https:\/\/shuliybaler.com\/es\/wp-json\/wp\/v2\/media\/2719"}],"wp:attachment":[{"href":"https:\/\/shuliybaler.com\/es\/wp-json\/wp\/v2\/media?parent=407"}],"wp:term":[{"taxonomy":"post_tag","embeddable":true,"href":"https:\/\/shuliybaler.com\/es\/wp-json\/wp\/v2\/tags?post=407"},{"taxonomy":"product-type","embeddable":true,"href":"https:\/\/shuliybaler.com\/es\/wp-json\/wp\/v2\/product-type?post=407"}],"curies":[{"name":"wp","href":"https:\/\/api.w.org\/{rel}","templated":true}]}}