{"id":462,"date":"2019-12-10T14:17:29","date_gmt":"2019-12-10T06:17:29","guid":{"rendered":"https:\/\/shuliybaler.com\/?p=462"},"modified":"2022-12-29T16:05:20","modified_gmt":"2022-12-29T08:05:20","slug":"vertical-metal-baler","status":"publish","type":"product","link":"https:\/\/shuliybaler.com\/es\/product\/empacadora-de-metal-vertical\/","title":{"rendered":"Empacadora met\u00e1lica vertical | m\u00e1quina empacadora de reciclaje"},"content":{"rendered":"<p>La empacadora de metal vertical tambi\u00e9n se llama empacadora de reciclaje, empacadora hidr\u00e1ulica vertical, etc. Utiliza el principio hidr\u00e1ulico para comprimir las materias primas met\u00e1licas de desecho, a fin de ahorrar espacio y facilitar el transporte. Debido a que esta m\u00e1quina se puede utilizar para procesar una variedad de materiales, adecuada para comprimir paja, lana, c\u00e1scara de man\u00ed, l\u00fapulo, cuero, materiales de ropa, papel usado, pl\u00e1stico usado, metal usado, latas, etc., tambi\u00e9n se le llama Empacadora hidr\u00e1ulica multifuncional.<\/p>   <div class=\"wp-block-image\"> <figure class=\"aligncenter size-large\"><img loading=\"lazy\" decoding=\"async\" width=\"720\" height=\"540\" src=\"https:\/\/shuliybaler.com\/wp-content\/uploads\/2019\/12\/vertical-metal-baler-1.jpg\" alt=\"empacadora de metal vertical\" class=\"wp-image-478\" title=\"\" srcset=\"https:\/\/shuliybaler.com\/wp-content\/uploads\/2019\/12\/vertical-metal-baler-1.jpg 720w, https:\/\/shuliybaler.com\/wp-content\/uploads\/2019\/12\/vertical-metal-baler-1-360x270.jpg 360w, https:\/\/shuliybaler.com\/wp-content\/uploads\/2019\/12\/vertical-metal-baler-1-180x135.jpg 180w\" sizes=\"auto, (max-width: 720px) 100vw, 720px\" \/><figcaption class=\"wp-element-caption\">empacadora de metal vertical<\/figcaption><\/figure> <\/div>   <h2 class=\"wp-block-heading\" id=\"h-structure-of-vertical-metal-baler\">Estructura de empacadora met\u00e1lica vertical.<\/h2>   <div class=\"wp-block-image\"> <figure class=\"aligncenter size-full\"><img loading=\"lazy\" decoding=\"async\" width=\"720\" height=\"750\" src=\"https:\/\/shuliybaler.com\/wp-content\/uploads\/2019\/12\/1ca47c90.jpg\" alt=\"Empacadora de llantas de desecho\" class=\"wp-image-2454\" title=\"\"><figcaption class=\"wp-element-caption\">Empacadora de llantas de desecho<\/figcaption><\/figure> <\/div>   <ol class=\"wp-block-list\"> <li>Fuselaje. El fuselaje incluye una placa base y dos deflectores laterales delanteros y traseros m\u00f3viles. Seg\u00fan las diferentes capacidades de producci\u00f3n de la m\u00e1quina, el n\u00famero de ranuras para cables en el piso de la m\u00e1quina tambi\u00e9n es diferente. <\/li>    <li>Deflector superior. El deflector superior de la prensa est\u00e1 directamente encima del recipiente de alimentaci\u00f3n de la m\u00e1quina. Cuando la m\u00e1quina est\u00e1 en funcionamiento, la placa deflectora superior es impulsada hacia abajo por el sistema hidr\u00e1ulico, que comprime continuamente el espacio dentro del recipiente de alimentaci\u00f3n y comprime los materiales.<\/li>    <li>Sistema hidr\u00e1ulico. El sistema hidr\u00e1ulico es el sistema central de la m\u00e1quina, que se compone de tuber\u00eda, tanque de aceite, bomba hidr\u00e1ulica, v\u00e1lvula, etc. para proporcionar energ\u00eda para el trabajo de la m\u00e1quina.<\/li> <\/ol>    <figure class=\"wp-block-embed is-type-video is-provider-youtube wp-block-embed-youtube wp-embed-aspect-16-9 wp-has-aspect-ratio\"><div class=\"wp-block-embed__wrapper\"> <iframe loading=\"lazy\" title=\"M\u00e1quina empacadora de papel usado | m\u00e1quina empacadora de algod\u00f3n | empacadora de latas | m\u00e1quina empacadora de reciclaje\" width=\"500\" height=\"281\" src=\"https:\/\/www.youtube.com\/embed\/QZtXuzoCVkA?feature=oembed\" frameborder=\"0\" allow=\"accelerometer; autoplay; clipboard-write; encrypted-media; gyroscope; picture-in-picture; web-share\" referrerpolicy=\"strict-origin-when-cross-origin\" allowfullscreen><\/iframe> <\/div><\/figure>    <h2 class=\"wp-block-heading\" id=\"h-how-does-a-recycling-baler-work\">\u00bfC\u00f3mo funciona una m\u00e1quina empacadora de reciclaje?<\/h2>   <div class=\"wp-block-image\"> <figure class=\"aligncenter size-full\"><img loading=\"lazy\" decoding=\"async\" width=\"720\" height=\"750\" src=\"https:\/\/shuliybaler.com\/wp-content\/uploads\/2019\/12\/1942c7a8.jpg\" alt=\"embalaje de botellas de pl\u00e1stico\" class=\"wp-image-2453\" title=\"\"><figcaption class=\"wp-element-caption\">embalaje de botellas de pl\u00e1stico<\/figcaption><\/figure> <\/div>   <p>En primer lugar, coloque todo tipo de residuos (metales de desecho, botellas de pl\u00e1stico, ropa de desecho, etc.) en el contenedor de pienso. Encienda el interruptor de la m\u00e1quina y el deflector superior bajar\u00e1 gradualmente, comprimiendo el material en un paquete c\u00fabico compacto. Despu\u00e9s de que la m\u00e1quina termine su trabajo, abra los deflectores delanteros y traseros y use alambre de hierro, cuerda, tiras de tela, etc. para agrupar el material comprimido firmemente para asegurar su estructura compacta.<\/p>    <h2 class=\"wp-block-heading\" id=\"h-what-s-the-difference-between-a-vertical-metal-baler-and-a-horizontal-one\">\u00bfCu\u00e1l es la diferencia entre una empacadora de metal vertical y una horizontal?<\/h2>    <p>En t\u00e9rminos generales, la empacadora horizontal tiene una mayor producci\u00f3n y los materiales procesados \u200b\u200bno necesitan ser atados con una cuerda. Cuando se procesan materiales de gran densidad y gran volumen, generalmente se utilizan empacadoras met\u00e1licas verticales. Sin embargo, las empacadoras verticales se utilizan m\u00e1s ampliamente. Adem\u00e1s, el espacio de la empacadora met\u00e1lica vertical es peque\u00f1o.<\/p>    <figure class=\"wp-block-gallery has-nested-images columns-default is-cropped wp-block-gallery-2 is-layout-flex wp-block-gallery-is-layout-flex\"> <figure class=\"wp-block-image size-large\"><img loading=\"lazy\" decoding=\"async\" width=\"720\" height=\"540\" data-id=\"480\" src=\"https:\/\/shuliybaler.com\/wp-content\/uploads\/2019\/12\/recycling-baler-1.jpg\" alt=\"empacadora de reciclaje\" class=\"wp-image-480\" title=\"\" srcset=\"https:\/\/shuliybaler.com\/wp-content\/uploads\/2019\/12\/recycling-baler-1.jpg 720w, https:\/\/shuliybaler.com\/wp-content\/uploads\/2019\/12\/recycling-baler-1-360x270.jpg 360w, https:\/\/shuliybaler.com\/wp-content\/uploads\/2019\/12\/recycling-baler-1-180x135.jpg 180w\" sizes=\"auto, (max-width: 720px) 100vw, 720px\" \/><figcaption class=\"wp-element-caption\">Empacadora de reciclaje<\/figcaption><\/figure>    <figure class=\"wp-block-image size-large\"><img loading=\"lazy\" decoding=\"async\" width=\"720\" height=\"540\" data-id=\"481\" src=\"https:\/\/shuliybaler.com\/wp-content\/uploads\/2019\/12\/application-range-of-the-hydraulic-baler-1.jpg\" alt=\"rango de aplicaci\u00f3n de la empacadora hidr\u00e1ulica\" class=\"wp-image-481\" title=\"\" srcset=\"https:\/\/shuliybaler.com\/wp-content\/uploads\/2019\/12\/application-range-of-the-hydraulic-baler-1.jpg 720w, https:\/\/shuliybaler.com\/wp-content\/uploads\/2019\/12\/application-range-of-the-hydraulic-baler-1-360x270.jpg 360w, https:\/\/shuliybaler.com\/wp-content\/uploads\/2019\/12\/application-range-of-the-hydraulic-baler-1-180x135.jpg 180w\" sizes=\"auto, (max-width: 720px) 100vw, 720px\" \/><figcaption class=\"wp-element-caption\">Rango de aplicaci\u00f3n de la empacadora hidr\u00e1ulica<\/figcaption><\/figure> <\/figure>    <h2 class=\"wp-block-heading\" id=\"h-features-of-recycling-baler\">Caracter\u00edsticas de la m\u00e1quina empacadora de reciclaje.<\/h2>    <p>1. Ampliamente utilizado.<\/p>    <ul class=\"wp-block-list\"> <li>Puede utilizarse para comprimir residuos agr\u00edcolas, como paja, c\u00e1scaras de man\u00ed, algod\u00f3n, etc.<\/li>    <li>Puede utilizarse para el embalaje de materiales ganaderos, como heno, lana, etc.<\/li>    <li>Envases de residuos industriales, como productos pl\u00e1sticos diversos, botellas de pl\u00e1stico, pel\u00edculas pl\u00e1sticas, chatarra, latas de aluminio, cubos de hierro, etc.<\/li> <\/ul>    <p>2. Ahorra espacio. Por un lado, la m\u00e1quina ocupa poco espacio y no requiere mucho espacio para utilizarla. Por otro lado, los materiales comprimidos pueden ahorrar espacio de almacenamiento.<br> 3. Amplia selecci\u00f3n. El rango de presi\u00f3n de la m\u00e1quina est\u00e1 entre 10 toneladas y 200 toneladas. Durante esta gama, los clientes pueden elegir seg\u00fan sus necesidades.<br> 4. Resistencia a la corrosi\u00f3n. Algunos desechos pueden contener l\u00edquidos y materiales corrosivos. La m\u00e1quina est\u00e1 fabricada de material espesado y recubierta con pintura anticorrosi\u00f3n.<br> 5. Admite personalizaci\u00f3n. Los clientes pueden personalizar el tama\u00f1o del bloque de salida, el tama\u00f1o de la m\u00e1quina, el tama\u00f1o de la presi\u00f3n, etc. para facilitar la fusi\u00f3n del horno, el transporte, etc.<\/p>   <div class=\"wp-block-image\"> <figure class=\"aligncenter size-large\"><img loading=\"lazy\" decoding=\"async\" width=\"720\" height=\"540\" src=\"https:\/\/shuliybaler.com\/wp-content\/uploads\/2019\/12\/big-capacity-of-the-metal-baler-1.jpg\" alt=\"Gran capacidad de la empacadora de metal.\" class=\"wp-image-483\" title=\"\" srcset=\"https:\/\/shuliybaler.com\/wp-content\/uploads\/2019\/12\/big-capacity-of-the-metal-baler-1.jpg 720w, https:\/\/shuliybaler.com\/wp-content\/uploads\/2019\/12\/big-capacity-of-the-metal-baler-1-360x270.jpg 360w, https:\/\/shuliybaler.com\/wp-content\/uploads\/2019\/12\/big-capacity-of-the-metal-baler-1-180x135.jpg 180w\" sizes=\"auto, (max-width: 720px) 100vw, 720px\" \/><figcaption class=\"wp-element-caption\">Gran capacidad de la empacadora de metal.<\/figcaption><\/figure> <\/div>   <h2 class=\"wp-block-heading\" id=\"h-technical-parameters-of-vertical-metal-baler\"><strong>Par\u00e1metros t\u00e9cnicos de la empacadora vertical de metal.<\/strong><\/h2>   <div class=\"wp-block-image\"> <figure class=\"aligncenter size-full\"><img loading=\"lazy\" decoding=\"async\" width=\"720\" height=\"750\" src=\"https:\/\/shuliybaler.com\/wp-content\/uploads\/2019\/12\/wKh-1-2.jpg\" alt=\"m\u00e1quina empacadora de reciclaje\" class=\"wp-image-2452\" title=\"\"><figcaption class=\"wp-element-caption\">m\u00e1quina empacadora de reciclaje<\/figcaption><\/figure> <\/div>   <figure class=\"wp-block-table\"><table class=\"\"><tbody><tr><td><strong>&nbsp;<\/strong><\/td><td><strong>Tipo <\/strong><strong><\/strong><\/td><td><strong>di\u00e1metro del cilindro<\/strong><strong><\/strong><\/td><td><strong>Potencia (kilovatios)<\/strong><strong><\/strong><\/td><td><strong>Tama\u00f1o de bloque<\/strong><strong><\/strong><\/td><td><strong>Tama\u00f1o de la m\u00e1quina<\/strong><strong><\/strong><\/td><td><strong>Peso del bloque <\/strong><strong><\/strong><\/td><td><strong>Peso de la m\u00e1quina <\/strong><strong><\/strong><\/td><\/tr><tr><td rowspan=\"6\"><strong>Palanca hidr\u00e1ulica \u00fanica<\/strong><strong><\/strong><\/td><td><strong>10 toneladas<\/strong><strong><\/strong><\/td><td><strong>115<\/strong><strong><\/strong><\/td><td><strong>7.5<\/strong><strong><\/strong><\/td><td><strong>80*40*80<\/strong><strong><\/strong><\/td><td><strong>1.5*0.7*2.7<\/strong><strong><\/strong><\/td><td><strong>130<\/strong><strong><\/strong><\/td><td><strong>500<\/strong><strong><\/strong><\/td><\/tr><tr><td><strong>20T<\/strong><strong><\/strong><\/td><td><strong>140<\/strong><strong><\/strong><\/td><td><strong>7.5<\/strong><strong><\/strong><\/td><td><strong>80*40*80<\/strong><strong><\/strong><\/td><td><strong>1.5*0.7*2.8<\/strong><strong><\/strong><\/td><td><strong>150<\/strong><strong><\/strong><\/td><td><strong>550<\/strong><strong><\/strong><\/td><\/tr><tr><td><strong>30T<\/strong><strong><\/strong><\/td><td><strong>160<\/strong><strong><\/strong><\/td><td><strong>11<\/strong><strong><\/strong><\/td><td><strong>80*40*80<\/strong><strong><\/strong><\/td><td><strong>1.5*0.7*2.8<\/strong><strong><\/strong><\/td><td><strong>200<\/strong><strong><\/strong><\/td><td><strong>600<\/strong><strong><\/strong><\/td><\/tr><tr><td><strong>30T<\/strong><strong><\/strong><\/td><td><strong>160<\/strong><strong><\/strong><\/td><td><strong>11<\/strong><strong><\/strong><\/td><td><strong>80*60*80<\/strong><strong><\/strong><\/td><td><strong>1.5*0.85*2.8<\/strong><strong><\/strong><\/td><td><strong>260<\/strong><strong><\/strong><\/td><td><strong>650<\/strong><strong><\/strong><\/td><\/tr><tr><td><strong>30T<\/strong><strong><\/strong><\/td><td><strong>160<\/strong><strong><\/strong><\/td><td><strong>11<\/strong><strong><\/strong><\/td><td><strong>100*60*80<\/strong><strong><\/strong><\/td><td><strong>1.75*0.85*2.8<\/strong><strong><\/strong><\/td><td><strong>300<\/strong><strong><\/strong><\/td><td><strong>700<\/strong><strong><\/strong><\/td><\/tr><tr><td><strong>40T<\/strong><strong><\/strong><\/td><td><strong>180<\/strong><strong><\/strong><\/td><td><strong>11<\/strong><strong><\/strong><\/td><td><strong>100*60*80<\/strong><strong><\/strong><\/td><td><strong>1.75*0.85*2.8<\/strong><strong><\/strong><\/td><td><strong>350<\/strong><strong><\/strong><\/td><td><strong>750<\/strong><strong><\/strong><\/td><\/tr><tr><td rowspan=\"5\"><strong>Doble palanca hidr\u00e1ulica<\/strong><strong><\/strong><\/td><td><strong>30T<\/strong><strong><\/strong><\/td><td><strong>115<\/strong><strong><\/strong><\/td><td><strong>11<\/strong><strong><\/strong><\/td><td><strong>100*60*80<\/strong><strong><\/strong><\/td><td><strong>1.75*0.85*2.8<\/strong><strong><\/strong><\/td><td><strong>300<\/strong><strong><\/strong><\/td><td><strong>700<\/strong><strong><\/strong><\/td><\/tr><tr><td><strong>40T<\/strong><strong><\/strong><\/td><td><strong>140<\/strong><strong><\/strong><\/td><td><strong>11<\/strong><strong><\/strong><\/td><td><strong>100*60*80<\/strong><strong><\/strong><\/td><td><strong>1.75*0.85*2.8<\/strong><strong><\/strong><\/td><td><strong>400<\/strong><strong><\/strong><\/td><td><strong>800<\/strong><strong><\/strong><\/td><\/tr><tr><td><strong>60T<\/strong><strong><\/strong><\/td><td><strong>160<\/strong><strong><\/strong><\/td><td><strong>15<\/strong><strong><\/strong><\/td><td><strong>120*80*100<\/strong><strong><\/strong><\/td><td><strong>1.7*1*3.2<\/strong><strong><\/strong><\/td><td><strong>600<\/strong><strong><\/strong><\/td><td><strong>1300<\/strong><strong><\/strong><\/td><\/tr><tr><td><strong>80T<\/strong><strong><\/strong><\/td><td><strong>180<\/strong><strong><\/strong><\/td><td><strong>18.5<\/strong><strong><\/strong><\/td><td><strong>120*80*100<\/strong><strong><\/strong><\/td><td><strong>1.75*1.1*3.3<\/strong><strong><\/strong><\/td><td><strong>800<\/strong><strong><\/strong><\/td><td><strong>1450<\/strong><strong><\/strong><\/td><\/tr><tr><td><strong>100T<\/strong><strong><\/strong><\/td><td><strong>180<\/strong><strong><\/strong><\/td><td><strong>22<\/strong><strong><\/strong><\/td><td><strong>120*80*100<\/strong><strong><\/strong><\/td><td><strong>1.75*1.1*3.3<\/strong><strong><\/strong><\/td><td><strong>900<\/strong><strong><\/strong><\/td><td><strong>1600<\/strong><strong><\/strong><\/td><\/tr><\/tbody><\/table><\/figure>    <p><\/p>    <p class=\"translation-block\">Seg\u00fan esta tabla de par\u00e1metros, esta prensa de reciclaje tiene una variedad de modelos. Al recomendar a los clientes que seleccionen el modelo de la prensa, determinamos principalmente el modelo de la m\u00e1quina seg\u00fan los art\u00edculos empaquetados por el cliente. Por ejemplo, <a href=\"https:\/\/shuliybaler.com\/es\/application-of-cotton-baler-machine\/\">si el cliente quiere empaquetar algod\u00f3n y papel de desecho, se puede usar una m\u00e1quina m\u00e1s peque\u00f1a.<\/a> Si el cliente quiere empaquetar neum\u00e1ticos o bidones de hierro, se requiere una m\u00e1quina m\u00e1s grande.<\/p>   <div class=\"vlp-link-container vlp-layout-basic wp-block-visual-link-preview-link\"><a href=\"https:\/\/shuliybaler.com\/es\/application-of-cotton-baler-machine\/\" class=\"vlp-link\" title=\"Aplicaci\u00f3n de la m\u00e1quina empacadora de algod\u00f3n.\" rel=\"nofollow\" target=\"_blank\"><\/a><div class=\"vlp-layout-zone-side\"><div class=\"vlp-block-2 vlp-link-image\"><img decoding=\"async\" src=\"https:\/\/shuliybaler.com\/wp-content\/uploads\/2022\/06\/%E7%99%BD%E5%BA%95%E5%9B%BE1.jpg\" style=\"max-width: 150px; max-height: 150px\" alt=\"\" title=\"\"><\/div><\/div><div class=\"vlp-layout-zone-main\"><div class=\"vlp-block-0 vlp-link-title\">Aplicaci\u00f3n de la m\u00e1quina empacadora de algod\u00f3n.<\/div><div class=\"vlp-block-1 vlp-link-summary\">El algod\u00f3n es la fibra de la semilla de la planta Gossypium de la familia Malvaceae, originaria de los subtr\u00f3picos. La planta es arbustiva y crece hasta 6 metros de altura.<\/div><\/div><\/div>   <h2 class=\"wp-block-heading\">V\u00eddeo de empacadora de metal vertical.<\/h2>    <figure class=\"wp-block-embed is-type-video is-provider-youtube wp-block-embed-youtube wp-embed-aspect-16-9 wp-has-aspect-ratio\"><div class=\"wp-block-embed__wrapper\"> <iframe loading=\"lazy\" title=\"\u00bfQu\u00e9 quieres envasar con la empacadora multiusos? | \u00bfC\u00f3mo envasar papel usado?#baler\" width=\"500\" height=\"281\" src=\"https:\/\/www.youtube.com\/embed\/utYKwdaiwy8?feature=oembed\" frameborder=\"0\" allow=\"accelerometer; autoplay; clipboard-write; encrypted-media; gyroscope; picture-in-picture; web-share\" referrerpolicy=\"strict-origin-when-cross-origin\" allowfullscreen><\/iframe> <\/div><\/figure>","protected":false},"excerpt":{"rendered":"<p>La empacadora de metal vertical tambi\u00e9n se llama empacadora de reciclaje, empacadora hidr\u00e1ulica vertical, etc. Utiliza el principio hidr\u00e1ulico para comprimir las materias primas met\u00e1licas de desecho, a fin de ahorrar espacio y facilitar el transporte. Debido a que esta m\u00e1quina se puede utilizar para procesar una variedad de materiales, adecuada para comprimir paja, lana, c\u00e1scara de man\u00ed, l\u00fapulo, cuero, materiales de ropa, papel usado, pl\u00e1stico usado, metal usado, latas, etc., tambi\u00e9n se le llama Empacadora hidr\u00e1ulica multifuncional.<\/p>","protected":false},"author":1,"featured_media":2450,"parent":0,"template":"","tags":[50,6],"product-type":[41],"class_list":["post-462","product","type-product","status-publish","has-post-thumbnail","hentry","tag-metal-baling-machine","tag-vertical-metal-baler","product-type-metal-baler-machine"],"_links":{"self":[{"href":"https:\/\/shuliybaler.com\/es\/wp-json\/wp\/v2\/product\/462","targetHints":{"allow":["GET"]}}],"collection":[{"href":"https:\/\/shuliybaler.com\/es\/wp-json\/wp\/v2\/product"}],"about":[{"href":"https:\/\/shuliybaler.com\/es\/wp-json\/wp\/v2\/types\/product"}],"author":[{"embeddable":true,"href":"https:\/\/shuliybaler.com\/es\/wp-json\/wp\/v2\/users\/1"}],"wp:featuredmedia":[{"embeddable":true,"href":"https:\/\/shuliybaler.com\/es\/wp-json\/wp\/v2\/media\/2450"}],"wp:attachment":[{"href":"https:\/\/shuliybaler.com\/es\/wp-json\/wp\/v2\/media?parent=462"}],"wp:term":[{"taxonomy":"post_tag","embeddable":true,"href":"https:\/\/shuliybaler.com\/es\/wp-json\/wp\/v2\/tags?post=462"},{"taxonomy":"product-type","embeddable":true,"href":"https:\/\/shuliybaler.com\/es\/wp-json\/wp\/v2\/product-type?post=462"}],"curies":[{"name":"wp","href":"https:\/\/api.w.org\/{rel}","templated":true}]}}