{"id":489,"date":"2019-12-10T17:43:43","date_gmt":"2019-12-10T09:43:43","guid":{"rendered":"https:\/\/shuliybaler.com\/?p=489"},"modified":"2022-12-27T10:12:54","modified_gmt":"2022-12-27T02:12:54","slug":"aluminum-can-baler","status":"publish","type":"product","link":"https:\/\/shuliybaler.com\/es\/product\/empacadora-de-latas-de-aluminio\/","title":{"rendered":"M\u00e1quina empacadora de latas de aluminio"},"content":{"rendered":"<p class=\"translation-block\">Una m\u00e1quina bebedora de latas de aluminio es una m\u00e1quina adecuada para compactar y envasar varias <a href=\"https:\/\/en.wikipedia.org\/wiki\/Aluminum_can\" data-type=\"URL\" data-id=\"https:\/\/en.wikipedia.org\/wiki\/Aluminum_can\" target=\"_blank\" rel=\"noopener\">latas de aluminio<\/a>. Es una pieza de equipo ideal para reciclar varias latas de metal.<\/p>    <figure class=\"wp-block-image size-full\"><img loading=\"lazy\" decoding=\"async\" width=\"720\" height=\"540\" src=\"https:\/\/shuliybaler.com\/wp-content\/uploads\/2019\/12\/metal-briquett-press-machine.jpg\" alt=\"prensa de briquetas de metal\" class=\"wp-image-2848\" title=\"\" srcset=\"https:\/\/shuliybaler.com\/wp-content\/uploads\/2019\/12\/metal-briquett-press-machine.jpg 720w, https:\/\/shuliybaler.com\/wp-content\/uploads\/2019\/12\/metal-briquett-press-machine-360x270.jpg 360w, https:\/\/shuliybaler.com\/wp-content\/uploads\/2019\/12\/metal-briquett-press-machine-180x135.jpg 180w\" sizes=\"auto, (max-width: 720px) 100vw, 720px\" \/><figcaption class=\"wp-element-caption\">M\u00e1quina empacadora de metales<\/figcaption><\/figure>    <h2 class=\"wp-block-heading\"><strong>La estructura de la lata de aluminio. <\/strong><strong>embaladora<\/strong> m\u00e1quina<\/h2>    <p class=\"translation-block\">La <a href=\"https:\/\/shuliybaler.com\/es\/product\/empacadora-de-chatarra\/\" data-type=\"URL\" data-id=\"https:\/\/shuliybaler.com\/product\/scrap-metal-baler\/\">aldrama de metal horizontal <\/a>est\u00e1 principalmente compuesta por un sistema hidr\u00e1ulico, un sistema de control y un sistema de alimentaci\u00f3n. Las partes principales son tanques de aceite, brazo telesc\u00f3pico hidr\u00e1ulico, c\u00e1mara de alimentaci\u00f3n, barra hidr\u00e1ulica lateral, placa de presi\u00f3n, panel de control, mecanismo de bloqueo, <\/p>    <h2 class=\"wp-block-heading\">Perspectiva de aplicaci\u00f3n de la empacadora de metal hidr\u00e1ulica.<\/h2>    <p>En los \u00faltimos dos a\u00f1os, a medida que la conciencia de la gente sobre el desarrollo sostenible se ha fortalecido continuamente, cada vez m\u00e1s personas han comenzado a prestar atenci\u00f3n al reciclaje de recursos. Como una de las principales m\u00e1quinas en la industria del reciclaje de metales, las m\u00e1quinas empacadoras de latas de aluminio pueden comprimir metales livianos en bloques met\u00e1licos de alta densidad, lo que ahorra en gran medida espacio de almacenamiento y transporte.<\/p>   <div class=\"wp-block-image\"> <figure class=\"aligncenter size-large\"><img loading=\"lazy\" decoding=\"async\" width=\"720\" height=\"540\" src=\"https:\/\/shuliybaler.com\/wp-content\/uploads\/2019\/12\/the-working-process-of-the-metal-baler.jpg\" alt=\"el-proceso-de-trabajo-de-la-empacadora-de-metal\" class=\"wp-image-498\" title=\"\" srcset=\"https:\/\/shuliybaler.com\/wp-content\/uploads\/2019\/12\/the-working-process-of-the-metal-baler.jpg 720w, https:\/\/shuliybaler.com\/wp-content\/uploads\/2019\/12\/the-working-process-of-the-metal-baler-360x270.jpg 360w, https:\/\/shuliybaler.com\/wp-content\/uploads\/2019\/12\/the-working-process-of-the-metal-baler-180x135.jpg 180w\" sizes=\"auto, (max-width: 720px) 100vw, 720px\" \/><figcaption class=\"wp-element-caption\">el-proceso-de-trabajo-de-la-empacadora-de-metal<\/figcaption><\/figure> <\/div>   <h2 class=\"wp-block-heading\">Par\u00e1metros de la empacadora de latas de aluminio.<\/h2>    <figure class=\"wp-block-table\"><table><tbody><tr><td>Tipo<\/td><td>Y81-2000B<\/td><td>La densidad de los bloques de metal (kg\/m\u00b3)<\/td><td>\u22652000<\/td><\/tr><tr><td>Potencia de empuje nominal (Kn)<\/td><td>2000<\/td><td>Capacidad (kg\/h)<\/td><td>3000-5000<\/td><\/tr><tr><td>Tama\u00f1o de la c\u00e1mara de compresi\u00f3n<br>(Largo * ancho * alto)(mm)<\/td><td>1800*1400*900<\/td><td>Tiempo(s) de ciclo \u00fanico<\/td><td>\u2264130<\/td><\/tr><tr><td>Tama\u00f1o de la bala (mm)<\/td><td>450*450<\/td><td>Potencia coincidente (kW)<\/td><td>30 o 37<\/td><\/tr><\/tbody><\/table><figcaption class=\"wp-element-caption\">empacadora de latas de aluminio<\/figcaption><\/figure>    <h2 class=\"wp-block-heading\">\u00bfC\u00f3mo funciona una empacadora de latas de aluminio?<\/h2>    <figure class=\"wp-block-embed is-type-video is-provider-youtube wp-block-embed-youtube wp-embed-aspect-16-9 wp-has-aspect-ratio\"><div class=\"wp-block-embed__wrapper\"> <iframe loading=\"lazy\" title=\"Empacadora autom\u00e1tica de bidones y latas de hierro | M\u00e1quina empacadora de reciclaje de latas de aluminio y empacadoras de metal.\" width=\"500\" height=\"281\" src=\"https:\/\/www.youtube.com\/embed\/9JxkvEm4QMc?start=223&#038;feature=oembed\" frameborder=\"0\" allow=\"accelerometer; autoplay; clipboard-write; encrypted-media; gyroscope; picture-in-picture; web-share\" referrerpolicy=\"strict-origin-when-cross-origin\" allowfullscreen><\/iframe> <\/div><\/figure>    <p>El programa de movimiento de la briquetadora de metal es el siguiente:<\/p>    <ol class=\"wp-block-list\"> <li>La cubierta superior se cierra despu\u00e9s del llenado y se bloquear\u00e1 con un mecanismo de bloqueo para evitar que se abra la cubierta superior.<\/li>    <li>La culata del cilindro maestro acelera hacia adelante y avanza lentamente despu\u00e9s de alcanzar la carrera establecida. Hasta que el metal de desecho se empaqueta en fardos y sea igual a la longitud de los fardos, el cilindro maestro mantiene la presi\u00f3n en este momento.<\/li>    <li>Cuando el cilindro principal mantiene presi\u00f3n, el cilindro lateral avanza r\u00e1pidamente y cuando alcanza una determinada posici\u00f3n, cambia a avance lento. Cuando la chatarra se empaqueta en una posici\u00f3n de ancho determinado, el cilindro trasero mantiene la presi\u00f3n.<\/li>    <li> Una vez completado el embalaje, el mecanismo de bloqueo vuelve a su posici\u00f3n original y se abre la cubierta superior.  <\/li>    <li> El eje hidr\u00e1ulico de empuje empuja la paca fuera de la sala de descarga de la m\u00e1quina.<\/li>    <li> La puerta frontal est\u00e1 cerrada, ingrese inmediatamente al siguiente ciclo y alimente. <\/li> <\/ol>    <figure class=\"wp-block-gallery has-nested-images columns-3 is-cropped wp-block-gallery-2 is-layout-flex wp-block-gallery-is-layout-flex\"> <figure class=\"wp-block-image size-large\"><img loading=\"lazy\" decoding=\"async\" width=\"720\" height=\"540\" data-id=\"501\" src=\"https:\/\/shuliybaler.com\/wp-content\/uploads\/2019\/12\/our-factory-of-the-metal-briquetting-machine.jpg\" alt=\"nuestra f\u00e1brica de la m\u00e1quina briquetadora de metal\" class=\"wp-image-501\" title=\"\" srcset=\"https:\/\/shuliybaler.com\/wp-content\/uploads\/2019\/12\/our-factory-of-the-metal-briquetting-machine.jpg 720w, https:\/\/shuliybaler.com\/wp-content\/uploads\/2019\/12\/our-factory-of-the-metal-briquetting-machine-360x270.jpg 360w, https:\/\/shuliybaler.com\/wp-content\/uploads\/2019\/12\/our-factory-of-the-metal-briquetting-machine-180x135.jpg 180w\" sizes=\"auto, (max-width: 720px) 100vw, 720px\" \/><figcaption class=\"wp-element-caption\">Nuestra f\u00e1brica de m\u00e1quinas briquetadoras de metal<\/figcaption><\/figure>    <figure class=\"wp-block-image size-large\"><img loading=\"lazy\" decoding=\"async\" width=\"720\" height=\"540\" data-id=\"436\" src=\"https:\/\/shuliybaler.com\/wp-content\/uploads\/2019\/12\/metal-baler-1.jpg\" alt=\"empacadora de latas de aluminio\" class=\"wp-image-436\" title=\"\" srcset=\"https:\/\/shuliybaler.com\/wp-content\/uploads\/2019\/12\/metal-baler-1.jpg 720w, https:\/\/shuliybaler.com\/wp-content\/uploads\/2019\/12\/metal-baler-1-360x270.jpg 360w, https:\/\/shuliybaler.com\/wp-content\/uploads\/2019\/12\/metal-baler-1-180x135.jpg 180w\" sizes=\"auto, (max-width: 720px) 100vw, 720px\" \/><figcaption class=\"wp-element-caption\">Empacadora de latas de aluminio<\/figcaption><\/figure>    <figure class=\"wp-block-image size-large\"><img loading=\"lazy\" decoding=\"async\" width=\"720\" height=\"540\" data-id=\"670\" src=\"https:\/\/shuliybaler.com\/wp-content\/uploads\/2019\/12\/Aluminum-can.jpg\" alt=\"Lata de aluminio\" class=\"wp-image-670\" title=\"\" srcset=\"https:\/\/shuliybaler.com\/wp-content\/uploads\/2019\/12\/Aluminum-can.jpg 720w, https:\/\/shuliybaler.com\/wp-content\/uploads\/2019\/12\/Aluminum-can-360x270.jpg 360w, https:\/\/shuliybaler.com\/wp-content\/uploads\/2019\/12\/Aluminum-can-180x135.jpg 180w\" sizes=\"auto, (max-width: 720px) 100vw, 720px\" \/><figcaption class=\"wp-element-caption\">Lata de aluminio<\/figcaption><\/figure>    <figure class=\"wp-block-image size-large\"><img loading=\"lazy\" decoding=\"async\" width=\"720\" height=\"540\" data-id=\"671\" src=\"https:\/\/shuliybaler.com\/wp-content\/uploads\/2019\/12\/Packed-aluminum-cans-by-aluminum-can-baler.jpg\" alt=\"Latas de aluminio embaladas mediante empacadora de latas de aluminio.\" class=\"wp-image-671\" title=\"\" srcset=\"https:\/\/shuliybaler.com\/wp-content\/uploads\/2019\/12\/Packed-aluminum-cans-by-aluminum-can-baler.jpg 720w, https:\/\/shuliybaler.com\/wp-content\/uploads\/2019\/12\/Packed-aluminum-cans-by-aluminum-can-baler-360x270.jpg 360w, https:\/\/shuliybaler.com\/wp-content\/uploads\/2019\/12\/Packed-aluminum-cans-by-aluminum-can-baler-180x135.jpg 180w\" sizes=\"auto, (max-width: 720px) 100vw, 720px\" \/><figcaption class=\"wp-element-caption\">Latas de aluminio empaquetadas mediante empacadora de latas de aluminio<\/figcaption><\/figure> <\/figure>","protected":false},"excerpt":{"rendered":"<p>Una m\u00e1quina empacadora de latas de aluminio es una m\u00e1quina adecuada para enfardar y envasar varias latas de aluminio. Es un equipo ideal para reciclar varias latas de metal.<\/p>","protected":false},"author":1,"featured_media":499,"parent":0,"template":"","tags":[55],"product-type":[41],"class_list":["post-489","product","type-product","status-publish","has-post-thumbnail","hentry","tag-aluminum-can-baler-machine","product-type-metal-baler-machine"],"_links":{"self":[{"href":"https:\/\/shuliybaler.com\/es\/wp-json\/wp\/v2\/product\/489","targetHints":{"allow":["GET"]}}],"collection":[{"href":"https:\/\/shuliybaler.com\/es\/wp-json\/wp\/v2\/product"}],"about":[{"href":"https:\/\/shuliybaler.com\/es\/wp-json\/wp\/v2\/types\/product"}],"author":[{"embeddable":true,"href":"https:\/\/shuliybaler.com\/es\/wp-json\/wp\/v2\/users\/1"}],"wp:featuredmedia":[{"embeddable":true,"href":"https:\/\/shuliybaler.com\/es\/wp-json\/wp\/v2\/media\/499"}],"wp:attachment":[{"href":"https:\/\/shuliybaler.com\/es\/wp-json\/wp\/v2\/media?parent=489"}],"wp:term":[{"taxonomy":"post_tag","embeddable":true,"href":"https:\/\/shuliybaler.com\/es\/wp-json\/wp\/v2\/tags?post=489"},{"taxonomy":"product-type","embeddable":true,"href":"https:\/\/shuliybaler.com\/es\/wp-json\/wp\/v2\/product-type?post=489"}],"curies":[{"name":"wp","href":"https:\/\/api.w.org\/{rel}","templated":true}]}}