{"id":511,"date":"2019-12-13T14:25:04","date_gmt":"2019-12-13T06:25:04","guid":{"rendered":"https:\/\/shuliybaler.com\/?p=511"},"modified":"2022-11-23T16:55:17","modified_gmt":"2022-11-23T08:55:17","slug":"metal-briquetting-machine","status":"publish","type":"product","link":"https:\/\/shuliybaler.com\/es\/product\/metal-briquetting-machine\/","title":{"rendered":"M\u00e1quina prensadora de briquetas de virutas de chatarra | briquetadora de migas de metal"},"content":{"rendered":"<p>La m\u00e1quina briquetadora de virutas de metal tambi\u00e9n se llama m\u00e1quina vertical de reciclaje de chatarra, m\u00e1quina fusionadora de virutas de metal, m\u00e1quina prensadora de metales o m\u00e1quina briquetadora de virutas de metal de alta densidad. El principio de funcionamiento de esta m\u00e1quina es utilizar presi\u00f3n hidr\u00e1ulica para presionar el metal, lo que puede producir deformaci\u00f3n pl\u00e1stica en un bloque s\u00f3lido de alta densidad. <\/p>    <p class=\"translation-block\">Las m\u00e1quinas briquetadoras de virutas de metal pueden prensar virutas de hierro, virutas de cobre, virutas de aluminio, polvo mineral, etc. en tortas para su almacenamiento, transporte y reciclaje en el horno. La p\u00e9rdida es muy baja despu\u00e9s de prensarlo en un bloque y reciclarlo en el horno. Todo el proceso de producci\u00f3n no necesita a\u00f1adir temperatura, aditivos u otros procesos, moldeo por prensado en fr\u00edo directo y moldeo al mismo tiempo para garantizar que el material original permanezca sin cambios. M\u00e1s conveniente para el reciclaje, la<a href=\"https:\/\/shuliybaler.com\/es\/product\/maquina-briquetadora-de-metal-horizontal\/\" data-type=\"URL\" data-id=\"https:\/\/shuliybaler.com\/product\/horizontal-metal-briquetting-machine\/\"> m\u00e1quina compactadora de briquetas de virutas de metal<\/a> se utiliza ampliamente en la industria del reciclaje de metales.<\/p>    <figure class=\"wp-block-gallery has-nested-images columns-default is-cropped wp-block-gallery-2 is-layout-flex wp-block-gallery-is-layout-flex\"> <figure class=\"wp-block-image size-large\"><img loading=\"lazy\" decoding=\"async\" width=\"720\" height=\"540\" data-id=\"2152\" src=\"https:\/\/shuliybaler.com\/wp-content\/uploads\/2019\/12\/metal-briquetting-machine-\u526f\u672c.jpg\" alt=\"M\u00e1quina briquetadora de virutas de metal\" class=\"wp-image-2152\" title=\"\"><figcaption class=\"wp-element-caption\">M\u00e1quina briquetadora de virutas de metal<\/figcaption><\/figure>    <figure class=\"wp-block-image size-large\"><img loading=\"lazy\" decoding=\"async\" width=\"720\" height=\"540\" data-id=\"2159\" src=\"https:\/\/shuliybaler.com\/wp-content\/uploads\/2019\/12\/1496193284173444.jpg\" alt=\"Virutas de cobre\" class=\"wp-image-2159\" title=\"\"><figcaption class=\"wp-element-caption\">Virutas de metal de cobre <\/figcaption><\/figure>    <figure class=\"wp-block-image size-large\"><img loading=\"lazy\" decoding=\"async\" width=\"720\" height=\"540\" data-id=\"2160\" src=\"https:\/\/shuliybaler.com\/wp-content\/uploads\/2019\/12\/u8922620002119963984fm199app68fJPEG.jpg\" alt=\"M\u00e1quina briquetadora de virutas de cobre\" class=\"wp-image-2160\" title=\"\"><figcaption class=\"wp-element-caption\">M\u00e1quina briquetadora de virutas de metal de cobre<\/figcaption><\/figure> <\/figure>    <h2 class=\"wp-block-heading\">Aplicaciones de m\u00e1quinas briquetadoras de virutas de metal<\/h2>    <p>El proceso de procesamiento de metales dejar\u00e1 muchos recortes y estos desechos de metal no son convenientes para el almacenamiento. Despu\u00e9s de la recolecci\u00f3n de briquetas, la densidad del bloque de metal aumenta, el proceso de manipulaci\u00f3n no es f\u00e1cil de dispersar y el proceso hidr\u00e1ulico no requiere aditivos, por lo que Nuevamente, el reciclaje no tendr\u00e1 demasiadas impurezas. La m\u00e1quina briquetadora de virutas de metal se utiliza principalmente para el prensado en fr\u00edo de desechos de cobre en polvo, granulares y en escamas peque\u00f1as, desechos de hierro, desechos de aluminio, polvo de aleaci\u00f3n, desechos de acero inoxidable, polvo de mineral de hierro, polvo de magnesio, polvo de cobre. y otros restos de metal en una torta cil\u00edndrica de 3 a 5 kilogramos. Tambi\u00e9n se puede utilizar para prensar materiales no met\u00e1licos como coque y polvo de escoria.<\/p>   <div class=\"wp-block-image\"> <figure class=\"aligncenter size-large is-resized\"><img loading=\"lazy\" decoding=\"async\" src=\"https:\/\/shuliybaler.com\/wp-content\/uploads\/2019\/12\/metal-chips-metal-briquetting.jpg\" alt=\"virutas de metal - briquetas de metal\" class=\"wp-image-513\" width=\"822\" height=\"186\" title=\"\" srcset=\"https:\/\/shuliybaler.com\/wp-content\/uploads\/2019\/12\/metal-chips-metal-briquetting.jpg 720w, https:\/\/shuliybaler.com\/wp-content\/uploads\/2019\/12\/metal-chips-metal-briquetting-360x82.jpg 360w\" sizes=\"auto, (max-width: 822px) 100vw, 822px\" \/><figcaption class=\"wp-element-caption\">briquetadora de virutas de metal<\/figcaption><\/figure> <\/div>   <h2 class=\"wp-block-heading\">La forma de la prensa de metal se puede personalizar.<\/h2>    <div class=\"wp-block-group\"><div class=\"wp-block-group__inner-container is-layout-flow wp-block-group-is-layout-flow\"> <figure class=\"wp-block-gallery has-nested-images columns-default is-cropped wp-block-gallery-3 is-layout-flex wp-block-gallery-is-layout-flex\"> <figure class=\"wp-block-image size-full\"><img loading=\"lazy\" decoding=\"async\" width=\"720\" height=\"540\" data-id=\"2154\" src=\"https:\/\/shuliybaler.com\/wp-content\/uploads\/2019\/12\/1698-1.jpg\" alt=\"bloque de metal cuadrado\" class=\"wp-image-2154\" title=\"\"><figcaption class=\"wp-element-caption\">Bloque met\u00e1lico cuadrado<\/figcaption><\/figure>    <figure class=\"wp-block-image size-full\"><img loading=\"lazy\" decoding=\"async\" width=\"720\" height=\"540\" data-id=\"2153\" src=\"https:\/\/shuliybaler.com\/wp-content\/uploads\/2019\/12\/1698.jpg\" alt=\"Bloques met\u00e1licos de diferentes formas.\" class=\"wp-image-2153\" title=\"\"><figcaption class=\"wp-element-caption\">Bloques de metal de diferentes formas.<\/figcaption><\/figure>    <figure class=\"wp-block-image size-full\"><img loading=\"lazy\" decoding=\"async\" width=\"259\" height=\"194\" data-id=\"2155\" src=\"https:\/\/shuliybaler.com\/wp-content\/uploads\/2019\/12\/images.jpg\" alt=\"bloque de metal cil\u00edndrico\" class=\"wp-image-2155\" title=\"\"><figcaption class=\"wp-element-caption\">Bloque met\u00e1lico cil\u00edndrico<\/figcaption><\/figure> <\/figure> <\/div><\/div>    <p class=\"translation-block\">La m\u00e1quina compactadora de briquetas de virutas de metal puede no solo prensar el metal en forma cil\u00edndrica, sino tambi\u00e9n en forma cuadrada, triangular y poligonal mediante presi\u00f3n hidr\u00e1ulica, lo que es conveniente para el reciclaje. De hecho, la m\u00e1quina compactadora de briquetas de virutas de metal se puede procesar en cualquier forma, solo es necesario personalizar el molde, y la empresa Shuliy puede personalizar la m\u00e1quina para los clientes.<\/p>    <h2 class=\"wp-block-heading\" id=\"h-introduction-of-metal-chips-briquetting-machine\">Introducci\u00f3n de la m\u00e1quina briquetadora de virutas de metal.<\/h2>    <figure class=\"wp-block-embed is-type-video is-provider-youtube wp-block-embed-youtube wp-embed-aspect-16-9 wp-has-aspect-ratio\"><div class=\"wp-block-embed__wrapper\"> <iframe loading=\"lazy\" title=\"Prensa briquetadora de virutas de chatarra de cobre | M\u00e1quina briquetadora de pasteles de migas de metal\" width=\"500\" height=\"281\" src=\"https:\/\/www.youtube.com\/embed\/3TFchKykkyY?feature=oembed\" frameborder=\"0\" allow=\"accelerometer; autoplay; clipboard-write; encrypted-media; gyroscope; picture-in-picture; web-share\" referrerpolicy=\"strict-origin-when-cross-origin\" allowfullscreen><\/iframe> <\/div><figcaption class=\"wp-element-caption\">briquetadora de virutas de metal<\/figcaption><\/figure>    <p>Esta m\u00e1quina se compone principalmente de varillas hidr\u00e1ulicas, cilindros de aceite, cuatro columnas de soporte, columnas de formaci\u00f3n, moldes, placas de descarga y otras piezas. El sistema hidr\u00e1ulico utiliza una v\u00e1lvula de cartucho de dos v\u00edas, que tiene las caracter\u00edsticas de tama\u00f1o peque\u00f1o, peque\u00f1a resistencia al flujo, buen rendimiento de sellado, estructura compacta, operaci\u00f3n estable y larga vida \u00fatil. La clave para la m\u00e1quina briquetadora de virutas de metal es tener suficiente fuerza externa y este sistema hidr\u00e1ulico puede proporcionar suficiente presi\u00f3n. Comprimir virutas met\u00e1licas sueltas en bloques met\u00e1licos con una densidad superior a 5,5 kg por cubo.<\/p>    <figure class=\"wp-block-gallery has-nested-images columns-2 is-cropped wp-block-gallery-4 is-layout-flex wp-block-gallery-is-layout-flex\"> <figure class=\"wp-block-image size-large\"><img loading=\"lazy\" decoding=\"async\" width=\"720\" height=\"540\" data-id=\"515\" src=\"https:\/\/shuliybaler.com\/wp-content\/uploads\/2019\/12\/structure-of-the-metal-press-machine.jpg\" alt=\"estructura de la m\u00e1quina de prensa de metal\" class=\"wp-image-515\" title=\"\" srcset=\"https:\/\/shuliybaler.com\/wp-content\/uploads\/2019\/12\/structure-of-the-metal-press-machine.jpg 720w, https:\/\/shuliybaler.com\/wp-content\/uploads\/2019\/12\/structure-of-the-metal-press-machine-360x270.jpg 360w, https:\/\/shuliybaler.com\/wp-content\/uploads\/2019\/12\/structure-of-the-metal-press-machine-180x135.jpg 180w\" sizes=\"auto, (max-width: 720px) 100vw, 720px\" \/><figcaption class=\"wp-element-caption\">Estructura de la m\u00e1quina de prensa de metal.<\/figcaption><\/figure>    <figure class=\"wp-block-image size-large\"><img loading=\"lazy\" decoding=\"async\" width=\"720\" height=\"540\" data-id=\"516\" src=\"https:\/\/shuliybaler.com\/wp-content\/uploads\/2019\/12\/structure-of-the-metal-chip-merging-machine.jpg\" alt=\"estructura de la m\u00e1quina fusionadora de virutas de metal\" class=\"wp-image-516\" title=\"\" srcset=\"https:\/\/shuliybaler.com\/wp-content\/uploads\/2019\/12\/structure-of-the-metal-chip-merging-machine.jpg 720w, https:\/\/shuliybaler.com\/wp-content\/uploads\/2019\/12\/structure-of-the-metal-chip-merging-machine-360x270.jpg 360w, https:\/\/shuliybaler.com\/wp-content\/uploads\/2019\/12\/structure-of-the-metal-chip-merging-machine-180x135.jpg 180w\" sizes=\"auto, (max-width: 720px) 100vw, 720px\" \/><figcaption class=\"wp-element-caption\">Estructura de la m\u00e1quina fusionadora de virutas de metal<\/figcaption><\/figure> <\/figure>    <h2 class=\"wp-block-heading\" id=\"h-how-does-a-metal-crumb-briquetting-machine-work\">\u00bfC\u00f3mo funciona una m\u00e1quina briquetadora de virutas de metal?<\/h2>    <p>Primero, coloque el material suelto en el contenedor de almacenamiento en la parte trasera de la m\u00e1quina. El material en el contenedor de almacenamiento ingresa al molde de formaci\u00f3n de la m\u00e1quina. La varilla hidr\u00e1ulica situada directamente encima de la m\u00e1quina sigue cayendo y el material suelto se comprime en bloques compactos de material de alta densidad. La eficiencia de trabajo de esta m\u00e1quina es muy alta, puede producir de 4 a 5 piezas en un minuto. La m\u00e1quina adopta un programa PLC para control autom\u00e1tico, que puede realizar una producci\u00f3n continua completamente autom\u00e1tica.<\/p>    <figure class=\"wp-block-gallery has-nested-images columns-default is-cropped wp-block-gallery-5 is-layout-flex wp-block-gallery-is-layout-flex\"> <figure class=\"wp-block-image size-large\"><img loading=\"lazy\" decoding=\"async\" width=\"720\" height=\"540\" data-id=\"520\" src=\"https:\/\/shuliybaler.com\/wp-content\/uploads\/2019\/12\/the-stock-of-the-metal-scrap-recycling-machine.jpg\" alt=\"El stock de la m\u00e1quina de reciclaje de chatarra.\" class=\"wp-image-520\" title=\"\" srcset=\"https:\/\/shuliybaler.com\/wp-content\/uploads\/2019\/12\/the-stock-of-the-metal-scrap-recycling-machine.jpg 720w, https:\/\/shuliybaler.com\/wp-content\/uploads\/2019\/12\/the-stock-of-the-metal-scrap-recycling-machine-360x270.jpg 360w, https:\/\/shuliybaler.com\/wp-content\/uploads\/2019\/12\/the-stock-of-the-metal-scrap-recycling-machine-180x135.jpg 180w\" sizes=\"auto, (max-width: 720px) 100vw, 720px\" \/><figcaption class=\"wp-element-caption\">El stock de la m\u00e1quina de reciclaje de chatarra de metal.<\/figcaption><\/figure>    <figure class=\"wp-block-image size-large\"><img loading=\"lazy\" decoding=\"async\" width=\"720\" height=\"540\" data-id=\"519\" src=\"https:\/\/shuliybaler.com\/wp-content\/uploads\/2019\/12\/the-metal-scrap-press-machine.jpg\" alt=\"la m\u00e1quina prensadora de chatarra de metal\" class=\"wp-image-519\" title=\"\" srcset=\"https:\/\/shuliybaler.com\/wp-content\/uploads\/2019\/12\/the-metal-scrap-press-machine.jpg 720w, https:\/\/shuliybaler.com\/wp-content\/uploads\/2019\/12\/the-metal-scrap-press-machine-360x270.jpg 360w, https:\/\/shuliybaler.com\/wp-content\/uploads\/2019\/12\/the-metal-scrap-press-machine-180x135.jpg 180w\" sizes=\"auto, (max-width: 720px) 100vw, 720px\" \/><figcaption class=\"wp-element-caption\">La m\u00e1quina prensadora de chatarra de metal<\/figcaption><\/figure> <\/figure>    <h2 class=\"wp-block-heading\">&nbsp;&nbsp;Par\u00e1metro de la m\u00e1quina prensa briquetadora de virutas de chatarra hidr\u00e1ulica<\/h2>    <figure class=\"wp-block-table is-style-regular\"><table><tbody><tr><td><\/td><td><strong>Unidad<\/strong><\/td><td>Cilindro maestro<\/td><td>Cilindro de aceleraci\u00f3n<\/td><td>Cilindro de bloque de empuje<\/td><td>Cilindro dosificador<\/td><\/tr><tr><td>Empuje nominal<\/td><td>kn<\/td><td>3500<\/td><td>237<\/td><td>229<\/td><td>80<\/td><\/tr><tr><td>Di\u00e1metro interior del cilindro<\/td><td>mil\u00edmetros<\/td><td>\u2205400<\/td><td>\u2205125<\/td><td>\u2205135<\/td><td>\u220580<\/td><\/tr><tr><td>Di\u00e1metro del pist\u00f3n<\/td><td>mil\u00edmetros<\/td><td>\u2205220<\/td><td>\u220570<\/td><td>\u220570<\/td><td>\u220545<\/td><\/tr><tr><td>Itinerario<\/td><td>mil\u00edmetros<\/td><td>500<\/td><td>500<\/td><td>160<\/td><td>300<\/td><\/tr><tr><td>Presi\u00f3n m\u00e1xima<\/td><td>MPA<\/td><td>25<\/td><td>25<\/td><td>16<\/td><td>16<\/td><\/tr><\/tbody><\/table><\/figure>    <figure class=\"wp-block-image size-full\"><img loading=\"lazy\" decoding=\"async\" width=\"1000\" height=\"540\" src=\"https:\/\/shuliybaler.com\/wp-content\/uploads\/2019\/12\/1698-2.jpg\" alt=\"m\u00e1quina briquetadora de migas de metal\" class=\"wp-image-2163\" title=\"\"><figcaption class=\"wp-element-caption\">M\u00e1quina briquetadora de migas de metal<\/figcaption><\/figure>    <p>La eficiencia de trabajo de la m\u00e1quina briquetadora de virutas de metal es de 4-5 piezas\/min y la m\u00e1quina es controlada autom\u00e1ticamente por el programa plc. La m\u00e1quina briquetadora de metal tiene un sistema de enfriamiento que puede controlar autom\u00e1ticamente la temperatura. Adem\u00e1s, podemos personalizarlo seg\u00fan las necesidades del cliente, bienvenido a consultar.<\/p>    <h2 class=\"wp-block-heading\">Caracter\u00edsticas de la m\u00e1quina prensa briquetadora de virutas de chatarra hidr\u00e1ulica<\/h2>    <figure class=\"wp-block-gallery has-nested-images columns-default is-cropped wp-block-gallery-6 is-layout-flex wp-block-gallery-is-layout-flex\"> <figure class=\"wp-block-image size-large\"><img loading=\"lazy\" decoding=\"async\" width=\"720\" height=\"540\" data-id=\"2156\" src=\"https:\/\/shuliybaler.com\/wp-content\/uploads\/2019\/12\/0.369.jpg\" alt=\"prensa briquetadora de virutas de metal\" class=\"wp-image-2156\" title=\"\"><figcaption class=\"wp-element-caption\">Prensa briquetadora de virutas de metal<\/figcaption><\/figure>    <figure class=\"wp-block-image size-large\"><img loading=\"lazy\" decoding=\"async\" width=\"720\" height=\"540\" data-id=\"2157\" src=\"https:\/\/shuliybaler.com\/wp-content\/uploads\/2019\/12\/end-product-made-by-this-metal-briquetting-machine-\u526f\u672c-2.jpg\" alt=\"prensa briquetadora de virutas de metal\" class=\"wp-image-2157\" title=\"\"><figcaption class=\"wp-element-caption\">Briquetas de virutas de metal <\/figcaption><\/figure> <\/figure>    <p>1. La m\u00e1quina briquetadora hidr\u00e1ulica de virutas de metal se utiliza principalmente para una variedad de virutas de metal (virutas de hierro, virutas de cobre, virutas de aluminio, etc.), polvo de metal granular (polvo de hierro, polvo de aluminio, polvo de cobre, polvo de plomo, etc.) , aditivos de fundici\u00f3n, hierro esponjoso, etc. en el caso de no agregar ning\u00fan aglutinante prensado en un bloque de torta cil\u00edndrico de alta densidad (peso 2-8 kg), densidad del bloque de torta hasta 5T \/ M3 o m\u00e1s (diferentes materias primas, prensadas Fuera del bloque de torta, la densidad no es el mismo peso), las briquetas prensadas se pueden usar directamente en el horno.<\/p>    <p>2. Se adopt\u00f3 tecnolog\u00eda de transmisi\u00f3n hidr\u00e1ulica, uso de sellos de aceite y ensamblaje de procesamiento de cilindros de aceite, para garantizar un funcionamiento continuo sin debilitar la presi\u00f3n del cilindro y un funcionamiento suave; control por computadora, alto grado de automatizaci\u00f3n, baja tasa de fallas, f\u00e1cil mantenimiento, etc.<\/p>    <p>3. Sistema de refrigeraci\u00f3n opcional Recomendamos el sistema de refrigeraci\u00f3n adecuado seg\u00fan el entorno de trabajo de la m\u00e1quina, enfriado por aire o por agua para que la m\u00e1quina no golpee.<\/p>    <p>4. Alta densidad del bloque de pastel La alta densidad puede exprimir m\u00e1s de 5,5 t\/m3 y el bloque de pastel no se romper\u00e1 cuando caiga.<\/p>    <h2 class=\"wp-block-heading\" id=\"h-maintenance-of-metal-crumbs-forming-machine\">Mantenimiento de la m\u00e1quina formadora de migas de metal.<\/h2>    <figure class=\"wp-block-image size-full\"><img loading=\"lazy\" decoding=\"async\" width=\"720\" height=\"540\" src=\"https:\/\/shuliybaler.com\/wp-content\/uploads\/2019\/12\/u17418466782499754491fm199app68fJPEG.jpg\" alt=\"M\u00e1quina briquetadora de virutas de cobre\" class=\"wp-image-2158\" title=\"\"><figcaption class=\"wp-element-caption\">M\u00e1quina de briquetas de virutas de metal de cobre<\/figcaption><\/figure>    <p>1. Limpie peri\u00f3dicamente el tanque de aceite y la tuber\u00eda de aceite de la m\u00e1quina para evitar que entren limaduras de hierro y polvo en el sistema hidr\u00e1ulico y afecten el rendimiento del equipo.<\/p>    <p>2. Evite sobrecargar la m\u00e1quina. Si hay un sonido anormal, deje de trabajar inmediatamente.<\/p>    <p>3. Agregue aceite hidr\u00e1ulico con regularidad; el nivel del l\u00edquido no debe ser inferior al nivel de aceite del tanque de aceite.<\/p>    <p>4. Coloque la m\u00e1quina en un lugar seco y compruebe peri\u00f3dicamente si los tornillos de la m\u00e1quina est\u00e1n flojos y si la lubricaci\u00f3n es buena.<\/p>    <h2 class=\"wp-block-heading\">V\u00eddeo de la m\u00e1quina briquetadora de migas de metal.<\/h2>    <figure class=\"wp-block-embed is-type-video is-provider-youtube wp-block-embed-youtube wp-embed-aspect-16-9 wp-has-aspect-ratio\"><div class=\"wp-block-embed__wrapper\"> <iframe loading=\"lazy\" title=\"C\u00f3mo ganar dinero con chatarra | Prensa hidr\u00e1ulica de briquetas de virutas de chatarra#metal\" width=\"500\" height=\"281\" src=\"https:\/\/www.youtube.com\/embed\/j-AbIm0QYLA?feature=oembed\" frameborder=\"0\" allow=\"accelerometer; autoplay; clipboard-write; encrypted-media; gyroscope; picture-in-picture; web-share\" referrerpolicy=\"strict-origin-when-cross-origin\" allowfullscreen><\/iframe> <\/div><figcaption class=\"wp-element-caption\">briquetadora de virutas de metal<\/figcaption><\/figure>","protected":false},"excerpt":{"rendered":"<p>Metal chips\u00a0briquette machine is also called vertical metal scrap recycling machine, metal chip merging machine,\u00a0metal pressing machine, or high-density metal chip briquetting machine. The working principle of this machine is to use hydraulic pressure to press the metal which can produce plastic deformation into a solid block with high density. Metal chips\u00a0briquette machines can press [&hellip;]<\/p>\n","protected":false},"author":1,"featured_media":2167,"parent":0,"template":"","tags":[],"product-type":[42],"class_list":["post-511","product","type-product","status-publish","has-post-thumbnail","hentry","product-type-metal-briquetting-machine"],"_links":{"self":[{"href":"https:\/\/shuliybaler.com\/es\/wp-json\/wp\/v2\/product\/511","targetHints":{"allow":["GET"]}}],"collection":[{"href":"https:\/\/shuliybaler.com\/es\/wp-json\/wp\/v2\/product"}],"about":[{"href":"https:\/\/shuliybaler.com\/es\/wp-json\/wp\/v2\/types\/product"}],"author":[{"embeddable":true,"href":"https:\/\/shuliybaler.com\/es\/wp-json\/wp\/v2\/users\/1"}],"wp:featuredmedia":[{"embeddable":true,"href":"https:\/\/shuliybaler.com\/es\/wp-json\/wp\/v2\/media\/2167"}],"wp:attachment":[{"href":"https:\/\/shuliybaler.com\/es\/wp-json\/wp\/v2\/media?parent=511"}],"wp:term":[{"taxonomy":"post_tag","embeddable":true,"href":"https:\/\/shuliybaler.com\/es\/wp-json\/wp\/v2\/tags?post=511"},{"taxonomy":"product-type","embeddable":true,"href":"https:\/\/shuliybaler.com\/es\/wp-json\/wp\/v2\/product-type?post=511"}],"curies":[{"name":"wp","href":"https:\/\/api.w.org\/{rel}","templated":true}]}}