{"id":523,"date":"2019-12-13T15:01:34","date_gmt":"2019-12-13T07:01:34","guid":{"rendered":"https:\/\/shuliybaler.com\/?p=523"},"modified":"2022-09-27T10:17:35","modified_gmt":"2022-09-27T02:17:35","slug":"scrap-steel-shearing-machine","status":"publish","type":"product","link":"https:\/\/shuliybaler.com\/es\/product\/scrap-steel-shearing-machine\/","title":{"rendered":"Cizalla de chatarra de acero | m\u00e1quina cortadora de carrocer\u00edas"},"content":{"rendered":"<p class=\"translation-block\">La m\u00e1quina cizalla para chatarra de acero tambi\u00e9n se denomina cizalla p\u00f3rtico de alta resistencia, <a href=\"https:\/\/shuliybaler.com\/es\/alligator-shear\/\">m\u00e1quina de corte hidr\u00e1ulica para chatarra de acero<\/a>, m\u00e1quina de corte de carrocer\u00edas. Es adecuada para cortar metales grandes y largos, para facilitar el procesamiento secundario. La longitud de corte se puede ajustar en tiras. Es ampliamente utilizada en plantas de desguace de autom\u00f3viles, plantas de reciclaje de metales, industrias de fundici\u00f3n y fabricaci\u00f3n de metales, e industrias de comercio de metales. <\/p>   <div class=\"wp-block-image\"> <figure class=\"aligncenter size-full\"><img loading=\"lazy\" decoding=\"async\" width=\"720\" height=\"540\" src=\"https:\/\/shuliybaler.com\/wp-content\/uploads\/2019\/12\/0.2.jpg\" alt=\"Cizalla de chatarra de acero\" class=\"wp-image-2367\" title=\"\"><figcaption>Cizalla de chatarra de acero<\/figcaption><\/figure> <\/div>   <h2 class=\"wp-block-heading\" id=\"h-the-prospect-of-the-waste-metal-recycling-industry\">El<strong> Perspectivas de la industria del reciclaje de residuos met\u00e1licos.<\/strong><\/h2>   <div class=\"wp-block-image\"> <figure class=\"aligncenter size-full\"><img loading=\"lazy\" decoding=\"async\" width=\"720\" height=\"540\" src=\"https:\/\/shuliybaler.com\/wp-content\/uploads\/2019\/12\/u32927398893292153908fm199app68fJPEG.jpg\" alt=\"Cizalla de chatarra de acero\" class=\"wp-image-2368\" title=\"\"><figcaption>Cizalla de chatarra de acero <\/figcaption><\/figure> <\/div>   <p>Debido a la continua explotaci\u00f3n y utilizaci\u00f3n de los recursos minerales, los recursos mineros se han vuelto cada vez m\u00e1s escasos. Por tanto, la recuperaci\u00f3n y utilizaci\u00f3n de residuos met\u00e1licos es una de las principales formas de ahorrar recursos minerales. El nivel medio de recuperaci\u00f3n de chatarra de acero en el mundo es de 48%. Luego, todav\u00eda quedan recursos 52% sin reciclar, lo que supone un desperdicio de recursos muy grave. La industria del reciclaje de metales tiene una amplia perspectiva de mercado, no solo puede ahorrar recursos sino que tambi\u00e9n tiene un enorme espacio de ganancias y valor. Con el desarrollo de la econom\u00eda, los autom\u00f3viles, los electrodom\u00e9sticos, la miner\u00eda y otros equipos de muchos pa\u00edses casi han entrado en el per\u00edodo de jubilaci\u00f3n. Tomemos como ejemplo el reciclaje de coches al final de su vida \u00fatil. El 82% de los materiales de un autom\u00f3vil son metales, de los cuales el 90% se puede reciclar. Los beneficios son considerables. La aparici\u00f3n de m\u00e1quinas empacadoras de metal, m\u00e1quinas briquetadoras, cizallas de p\u00f3rtico, cizallas de cocodrilo, trituradoras de doble eje y otros equipos profesionales para el reciclaje de metales ha brindado una gran comodidad a la industria del reciclaje de metales.<\/p>   <div class=\"vlp-link-container vlp-layout-basic wp-block-visual-link-preview-link\"><a href=\"https:\/\/shuliybaler.com\/es\/alligator-shear\/\" class=\"vlp-link\" title=\"Cizalla para corte de chatarra | m\u00e1quina de corte de acero de cocodrilo\" rel=\"nofollow\" target=\"_blank\"><\/a><div class=\"vlp-layout-zone-side\"><div class=\"vlp-block-2 vlp-link-image\"><img decoding=\"async\" src=\"https:\/\/shuliybaler.com\/wp-content\/uploads\/2019\/12\/lQDPJxZbRD8EtkvNAhzNAtCwMSUSbS6LiGcClpj0uoDTAA_720_540.jpg_720x720q90g.jpg\" style=\"max-width: 150px; max-height: 150px\" alt=\"\" title=\"\"><\/div><\/div><div class=\"vlp-layout-zone-main\"><div class=\"vlp-block-0 vlp-link-title\">Cizalla para corte de chatarra | m\u00e1quina de corte de acero de cocodrilo<\/div><div class=\"vlp-block-1 vlp-link-summary\">La cizalla para corte de chatarra, tambi\u00e9n llamada m\u00e1quina cizalla de acero de cocodrilo, es muy adecuada para cortar metales largos. En comparaci\u00f3n con otros equipos de corte,<\/div><\/div><\/div>   <h2 class=\"wp-block-heading\" id=\"h-brief-introduction-of-scrap-steel-shearing-machine\">Breve introducci\u00f3n de la m\u00e1quina cortadora de chatarra de acero.<\/h2>    <p>En el proceso de recuperaci\u00f3n y fundici\u00f3n de metales, el metal m\u00e1s largo no es propicio para ser colocado en el horno para su refundici\u00f3n, y el cortador hidr\u00e1ulico de chatarra puede cortar r\u00e1pidamente estos metales. En comparaci\u00f3n con el corte con gas, el corte con llama y otros m\u00e9todos, este m\u00e9todo utiliza corte en fr\u00edo y no necesita equipo auxiliar adicional. Es un m\u00e9todo simple que ahorra tiempo y mano de obra.<\/p>   <div class=\"wp-block-image\"> <figure class=\"aligncenter size-large\"><img loading=\"lazy\" decoding=\"async\" width=\"720\" height=\"540\" src=\"https:\/\/shuliybaler.com\/wp-content\/uploads\/2019\/12\/hydraulic-gantry-shear.jpg\" alt=\"Cizalla de chatarra de acero\" class=\"wp-image-526\" title=\"\" srcset=\"https:\/\/shuliybaler.com\/wp-content\/uploads\/2019\/12\/hydraulic-gantry-shear.jpg 720w, https:\/\/shuliybaler.com\/wp-content\/uploads\/2019\/12\/hydraulic-gantry-shear-360x270.jpg 360w, https:\/\/shuliybaler.com\/wp-content\/uploads\/2019\/12\/hydraulic-gantry-shear-180x135.jpg 180w\" sizes=\"auto, (max-width: 720px) 100vw, 720px\" \/><figcaption>cizalla de p\u00f3rtico hidr\u00e1ulica<\/figcaption><\/figure> <\/div>   <p>Materias primas que pueden procesarse con una m\u00e1quina cortadora de chatarra de acero.<\/p>    <p>La m\u00e1quina cortadora de metal es adecuada para l\u00e1minas de hierro, acero, barras de acero, tejas de acero de colores, aleaciones de aluminio, placas de cobre, placas de aluminio y placas de hierro. Es adecuado para industrias de procesamiento y reciclaje de metales, fundiciones y f\u00e1bricas de desmantelamiento de autom\u00f3viles. Despu\u00e9s de ser cortado por la m\u00e1quina cizalla de metal, el material puede tener una longitud uniforme, lo cual es conveniente para el transporte y la fundici\u00f3n. Y se puede ajustar el tama\u00f1o del metal cortado. Fuerza de corte de 100 toneladas a 250 toneladas. Principalmente corte el tama\u00f1o del material (12 ~ 20 mm) * 250 mm. El n\u00famero de cortes es de 8 a 12 veces por minuto.<\/p>   <div class=\"vlp-link-container vlp-layout-basic wp-block-visual-link-preview-link\"><a href=\"https:\/\/shuliybaler.com\/es\/5-metal-shears-successfully-sold-to-indonesia\/\" class=\"vlp-link\" title=\"5 cizallas para metal vendidas con \u00e9xito en Indonesia\" rel=\"nofollow\" target=\"_blank\"><\/a><div class=\"vlp-layout-zone-side\"><div class=\"vlp-block-2 vlp-link-image\"><img decoding=\"async\" src=\"https:\/\/shuliybaler.com\/wp-content\/uploads\/2020\/01\/metal-cutting-machine.jpg\" style=\"max-width: 150px; max-height: 150px\" alt=\"\" title=\"\"><\/div><\/div><div class=\"vlp-layout-zone-main\"><div class=\"vlp-block-0 vlp-link-title\">5 cizallas para metal vendidas con \u00e9xito en Indonesia<\/div><div class=\"vlp-block-1 vlp-link-summary\">La cizalla para metal, tambi\u00e9n llamada cizalla de cocodrilo, es un tipo de equipo peque\u00f1o. Tiene las caracter\u00edsticas de tama\u00f1o peque\u00f1o, f\u00e1cil de mover, operaci\u00f3n simple, etc.<\/div><\/div><\/div>   <h2 class=\"wp-block-heading\">Materias primas que pueden procesarse con una m\u00e1quina cortadora de chatarra de acero.<\/h2>    <figure class=\"wp-block-gallery has-nested-images columns-2 is-cropped wp-block-gallery-2 is-layout-flex wp-block-gallery-is-layout-flex\"> <figure class=\"wp-block-image size-large\"><img loading=\"lazy\" decoding=\"async\" width=\"720\" height=\"540\" data-id=\"2369\" src=\"https:\/\/shuliybaler.com\/wp-content\/uploads\/2019\/12\/u30316147773776703245fm199app68fJPEG.jpg\" alt=\"m\u00e1quina cortadora de carrocer\u00edas\" class=\"wp-image-2369\" title=\"\"><figcaption>M\u00e1quina cortadora de carrocer\u00eda<\/figcaption><\/figure>    <figure class=\"wp-block-image size-large\"><img loading=\"lazy\" decoding=\"async\" width=\"720\" height=\"540\" data-id=\"2370\" src=\"https:\/\/shuliybaler.com\/wp-content\/uploads\/2019\/12\/u31622210103071795580fm199app68fJPEG.jpg\" alt=\"m\u00e1quina cortadora de carrocer\u00edas\" class=\"wp-image-2370\" title=\"\"><figcaption>M\u00e1quina cortadora de carrocer\u00eda<\/figcaption><\/figure>    <figure class=\"wp-block-image size-large\"><img loading=\"lazy\" decoding=\"async\" width=\"720\" height=\"540\" data-id=\"2371\" src=\"https:\/\/shuliybaler.com\/wp-content\/uploads\/2019\/12\/u32151374751516385207fm199app68fJPEG.jpg\" alt=\"m\u00e1quina cortadora de carrocer\u00edas\" class=\"wp-image-2371\" title=\"\"><figcaption>M\u00e1quina cortadora de carrocer\u00eda<\/figcaption><\/figure>    <figure class=\"wp-block-image size-large\"><img loading=\"lazy\" decoding=\"async\" width=\"720\" height=\"540\" data-id=\"2373\" src=\"https:\/\/shuliybaler.com\/wp-content\/uploads\/2019\/12\/u37799490573405378457fm199app68fJPEG.jpg\" alt=\"m\u00e1quina cortadora de carrocer\u00edas\" class=\"wp-image-2373\" title=\"\"><figcaption>M\u00e1quina cortadora de carrocer\u00eda<\/figcaption><\/figure> <\/figure>    <p>La m\u00e1quina cortadora de chatarra de acero es adecuada para l\u00e1minas de hierro, acero, barras de acero, tejas de acero de colores, aleaciones de aluminio, placas de cobre, placas de aluminio y placas de hierro. Es adecuado para industrias de procesamiento y reciclaje de metales, fundiciones y f\u00e1bricas de desmantelamiento de autom\u00f3viles. Despu\u00e9s de ser cortado por la m\u00e1quina cizalla de metal, el material puede tener una longitud uniforme, lo cual es conveniente para el transporte y la fundici\u00f3n. Y se puede ajustar el tama\u00f1o del metal cortado. Fuerza de corte de 100 toneladas a 250 toneladas. Principalmente corte el tama\u00f1o del material (12 ~ 20 mm) * 250 mm. El n\u00famero de cortes es de 8 a 12 veces por minuto.<\/p>    <h2 class=\"wp-block-heading\" id=\"h-how-does-the-gantry-shear-work\">\u00bfC\u00f3mo funciona la cizalla de p\u00f3rtico?<\/h2>    <figure class=\"wp-block-embed is-type-video is-provider-youtube wp-block-embed-youtube wp-embed-aspect-16-9 wp-has-aspect-ratio\"><div class=\"wp-block-embed__wrapper\"> <iframe loading=\"lazy\" title=\"Cizalla de chatarra de acero | cizalla para chapa | m\u00e1quina cortadora de l\u00e1minas de metal\" width=\"500\" height=\"281\" src=\"https:\/\/www.youtube.com\/embed\/JpCLiP-V-l0?feature=oembed\" frameborder=\"0\" allow=\"accelerometer; autoplay; clipboard-write; encrypted-media; gyroscope; picture-in-picture; web-share\" referrerpolicy=\"strict-origin-when-cross-origin\" allowfullscreen><\/iframe> <\/div><\/figure>    <p>La cizalla de p\u00f3rtico se compone principalmente de fuselaje, sistema de alimentaci\u00f3n, sistema hidr\u00e1ulico, sistema de control el\u00e9ctrico, etc. La fuerza pura de la m\u00e1quina es de 50t a 1200t. El fuselaje est\u00e1 soldado con una placa de acero engrosada y reforzada externamente, lo que puede soportar una fuerte fuerza de corte. Cuando est\u00e9 trabajando, la cuchara u otro equipo colocar\u00e1 el material en el sistema de alimentaci\u00f3n y el material avanzar\u00e1 con la cinta transportadora. El sistema hidr\u00e1ulico comienza a funcionar y la cortadora cae para cortar el material. La velocidad de alimentaci\u00f3n del transportador se puede ajustar infinitamente. Hay dispositivos de presi\u00f3n laterales a ambos lados de la m\u00e1quina para fijar los materiales y acelerar el proceso de corte.<\/p>    <figure class=\"wp-block-gallery has-nested-images columns-default is-cropped wp-block-gallery-3 is-layout-flex wp-block-gallery-is-layout-flex\"> <figure class=\"wp-block-image size-large\"><img loading=\"lazy\" decoding=\"async\" width=\"720\" height=\"540\" data-id=\"528\" src=\"https:\/\/shuliybaler.com\/wp-content\/uploads\/2019\/12\/heavy-duty-metal-cutting-machine.jpg\" alt=\"Cizalla de chatarra de acero\" class=\"wp-image-528\" title=\"\" srcset=\"https:\/\/shuliybaler.com\/wp-content\/uploads\/2019\/12\/heavy-duty-metal-cutting-machine.jpg 720w, https:\/\/shuliybaler.com\/wp-content\/uploads\/2019\/12\/heavy-duty-metal-cutting-machine-360x270.jpg 360w, https:\/\/shuliybaler.com\/wp-content\/uploads\/2019\/12\/heavy-duty-metal-cutting-machine-180x135.jpg 180w\" sizes=\"auto, (max-width: 720px) 100vw, 720px\" \/><figcaption>M\u00e1quina cortadora de metales de servicio pesado<\/figcaption><\/figure>    <figure class=\"wp-block-image size-large\"><img loading=\"lazy\" decoding=\"async\" width=\"720\" height=\"540\" data-id=\"527\" src=\"https:\/\/shuliybaler.com\/wp-content\/uploads\/2019\/12\/Guillotine-Shear-1.jpg\" alt=\"Cizalla de guillotina\" class=\"wp-image-527\" title=\"\" srcset=\"https:\/\/shuliybaler.com\/wp-content\/uploads\/2019\/12\/Guillotine-Shear-1.jpg 720w, https:\/\/shuliybaler.com\/wp-content\/uploads\/2019\/12\/Guillotine-Shear-1-360x270.jpg 360w, https:\/\/shuliybaler.com\/wp-content\/uploads\/2019\/12\/Guillotine-Shear-1-180x135.jpg 180w\" sizes=\"auto, (max-width: 720px) 100vw, 720px\" \/><figcaption>Cizalla de guillotina<\/figcaption><\/figure> <\/figure>    <h2 class=\"wp-block-heading\" id=\"h-features-of-the-car-body-cutting-machine\"><strong>Caracter\u00edsticas de la m\u00e1quina cortadora de carrocer\u00edas.<\/strong><strong><\/strong><\/h2>    <p>1. La m\u00e1quina cortadora de chatarra de acero adopta una transmisi\u00f3n hidr\u00e1ulica, que tiene las caracter\u00edsticas de poco ruido, operaci\u00f3n estable, peque\u00f1a inercia y gran superficie de corte, y es f\u00e1cil realizar protecci\u00f3n contra sobrecarga.<\/p>    <p>2. El tama\u00f1o y la longitud del bloque de corte se pueden ajustar y el m\u00e9todo de ajuste es conveniente.<\/p>    <p>3. La parte el\u00e9ctrica adopta una marca famosa internacionalmente, Schneider Electric, para garantizar la vida \u00fatil de la m\u00e1quina.<\/p>    <p>4. El sistema hidr\u00e1ulico tradicional tiene poco ruido de la m\u00e1quina y una alta eficiencia de corte de metales.<\/p>    <p>5. Sistema operativo Plc totalmente autom\u00e1tico, alto grado de automatizaci\u00f3n de la m\u00e1quina.<\/p>   <div class=\"wp-block-image\"> <figure class=\"aligncenter size-large\"><img loading=\"lazy\" decoding=\"async\" width=\"720\" height=\"540\" src=\"https:\/\/shuliybaler.com\/wp-content\/uploads\/2019\/12\/our-customers-metal-scrap-factory-gantry-shear.jpg\" alt=\"Cizalla de chatarra de acero\" class=\"wp-image-530\" title=\"\" srcset=\"https:\/\/shuliybaler.com\/wp-content\/uploads\/2019\/12\/our-customers-metal-scrap-factory-gantry-shear.jpg 720w, https:\/\/shuliybaler.com\/wp-content\/uploads\/2019\/12\/our-customers-metal-scrap-factory-gantry-shear-360x270.jpg 360w, https:\/\/shuliybaler.com\/wp-content\/uploads\/2019\/12\/our-customers-metal-scrap-factory-gantry-shear-180x135.jpg 180w\" sizes=\"auto, (max-width: 720px) 100vw, 720px\" \/><figcaption>La cizalla tipo p\u00f3rtico para f\u00e1brica de chatarra de nuestro cliente<\/figcaption><\/figure> <\/div>  <div class=\"vlp-link-container vlp-layout-basic wp-block-visual-link-preview-link\"><a href=\"https:\/\/shuliybaler.com\/es\/maintenance-tips-of-hydraulic-alligator-shears\/\" class=\"vlp-link\" title=\"Consejos de mantenimiento de las cizallas hidr\u00e1ulicas de cocodrilo.\" rel=\"nofollow\" target=\"_blank\"><\/a><div class=\"vlp-layout-zone-side\"><div class=\"vlp-block-2 vlp-link-image\"><img decoding=\"async\" src=\"https:\/\/shuliybaler.com\/wp-content\/uploads\/2019\/12\/alligator-shear.jpg\" style=\"max-width: 150px; max-height: 150px\" alt=\"\" title=\"\"><\/div><\/div><div class=\"vlp-layout-zone-main\"><div class=\"vlp-block-0 vlp-link-title\">Consejos de mantenimiento de las cizallas hidr\u00e1ulicas de cocodrilo.<\/div><div class=\"vlp-block-1 vlp-link-summary\">La cizalla Alligator (m\u00e1quina cizalla hidr\u00e1ulica de metal) es un equipo de corte de acero muy utilizado, especialmente en el campo del reciclaje de chatarra. La aplicaci\u00f3n de esta cizalla hidr\u00e1ulica para metales puede mejorar eficazmente la eficiencia del reciclaje de desechos met\u00e1licos y crear mayores beneficios econ\u00f3micos para...<\/div><\/div><\/div>","protected":false},"excerpt":{"rendered":"<p>La m\u00e1quina cortadora de chatarra de acero tambi\u00e9n se llama cizalla de p\u00f3rtico de servicio pesado, m\u00e1quina cortadora hidr\u00e1ulica de acero para desechos, m\u00e1quina cortadora de carrocer\u00edas de autom\u00f3viles. Es adecuado para cortar metales grandes y largos, con el fin de facilitar el procesamiento secundario. La longitud de corte se puede ajustar en tiras. Se utiliza ampliamente en plantas de desmantelamiento de autom\u00f3viles chatarra, plantas de reciclaje de metales, industrias de fabricaci\u00f3n y fundici\u00f3n de metales y en industrias de comercio de metales. <\/p>","protected":false},"author":1,"featured_media":2366,"parent":0,"template":"","tags":[35],"product-type":[43],"class_list":["post-523","product","type-product","status-publish","has-post-thumbnail","hentry","tag-scrap-steel-shearing-machine","product-type-metal-shear"],"_links":{"self":[{"href":"https:\/\/shuliybaler.com\/es\/wp-json\/wp\/v2\/product\/523","targetHints":{"allow":["GET"]}}],"collection":[{"href":"https:\/\/shuliybaler.com\/es\/wp-json\/wp\/v2\/product"}],"about":[{"href":"https:\/\/shuliybaler.com\/es\/wp-json\/wp\/v2\/types\/product"}],"author":[{"embeddable":true,"href":"https:\/\/shuliybaler.com\/es\/wp-json\/wp\/v2\/users\/1"}],"wp:featuredmedia":[{"embeddable":true,"href":"https:\/\/shuliybaler.com\/es\/wp-json\/wp\/v2\/media\/2366"}],"wp:attachment":[{"href":"https:\/\/shuliybaler.com\/es\/wp-json\/wp\/v2\/media?parent=523"}],"wp:term":[{"taxonomy":"post_tag","embeddable":true,"href":"https:\/\/shuliybaler.com\/es\/wp-json\/wp\/v2\/tags?post=523"},{"taxonomy":"product-type","embeddable":true,"href":"https:\/\/shuliybaler.com\/es\/wp-json\/wp\/v2\/product-type?post=523"}],"curies":[{"name":"wp","href":"https:\/\/api.w.org\/{rel}","templated":true}]}}