{"id":540,"date":"2019-12-14T09:21:04","date_gmt":"2019-12-14T01:21:04","guid":{"rendered":"https:\/\/shuliybaler.com\/?p=540"},"modified":"2022-09-27T10:15:58","modified_gmt":"2022-09-27T02:15:58","slug":"horizontal-metal-briquetting-machine","status":"publish","type":"product","link":"https:\/\/shuliybaler.com\/es\/product\/maquina-briquetadora-de-metal-horizontal\/","title":{"rendered":"M\u00e1quina briquetadora de virutas de metales | briquetadora de virutas de aluminio"},"content":{"rendered":"<p class=\"translation-block\">Una<strong> <\/strong> m\u00e1quina briquetting de virutas met\u00e1licas (m\u00e1quina de compactaci\u00f3n de virutas horizontal, <a href=\"https:\/\/shuliybaler.com\/es\/metal-briquetting-machine\/\">m\u00e1quina de reciclaje de briquetting de virutas\/escorias de acero<\/a>) es el equipo ideal para procesar virutas de cobre, virutas de hierro y virutas de aluminio. En comparaci\u00f3n con la briquetadora vertical de metal, aunque esta m\u00e1quina tiene una huella grande, tiene una presi\u00f3n mayor, que puede prensar las virutas de metal en un bloque de alta densidad bajo la acci\u00f3n de una trampilla hidr\u00e1ulica. Una m\u00e1quina imprescindibile para la industria metal\u00fargica.<\/p>    <figure class=\"wp-block-image size-full is-resized\"><img loading=\"lazy\" decoding=\"async\" src=\"https:\/\/shuliybaler.com\/wp-content\/uploads\/2019\/12\/0.256.png\" alt=\"Briquetas de viruta de metal\u00a0\" class=\"wp-image-2275\" width=\"1150\" height=\"305\" title=\"\"><figcaption>Briquetas de viruta de metal&amp;Nbsp;<\/figcaption><\/figure>    <h2 class=\"wp-block-heading\" id=\"h-brief-introduction-of-metal-shaving-briquetting-machine\">Breve introducci\u00f3n de la m\u00e1quina briquetadora de viruta de metal. <\/h2>    <figure class=\"wp-block-image size-full\"><img loading=\"lazy\" decoding=\"async\" width=\"720\" height=\"540\" src=\"https:\/\/shuliybaler.com\/wp-content\/uploads\/2019\/12\/xintu-.jpg\" alt=\"M\u00e1quina briquetadora de virutas de metal\" class=\"wp-image-2276\" title=\"\"><figcaption>M\u00e1quina briquetadora de afeitado de metal<\/figcaption><\/figure>    <p>La m\u00e1quina recicladora de briquetas de chatarra es adecuada para prensar diversos metales no ferrosos, como virutas de acero inoxidable, virutas de cobre, virutas de hierro, virutas de aleaciones, zinc, bronce y titanio, magnesio, etc. La m\u00e1quina briquetadora de virutas de metal es especial Equipos de forja para la industria del reciclaje de metales. Puede compactar virutas de metal en briquetas de alta densidad en poco tiempo y luego enviarlas al horno para mejorar la tasa de utilizaci\u00f3n del horno. Al mismo tiempo, tambi\u00e9n es conveniente para el almacenamiento y transporte de chatarra de metal.<\/p>   <div class=\"vlp-link-container vlp-layout-basic wp-block-visual-link-preview-link\"><a href=\"https:\/\/shuliybaler.com\/es\/metal-briquetting-machine\/\" class=\"vlp-link\" title=\"Prensa briquetadora de virutas de chatarra | briquetadora de migas de metal\" rel=\"nofollow\" target=\"_blank\"><\/a><div class=\"vlp-layout-zone-side\"><div class=\"vlp-block-2 vlp-link-image\"><img decoding=\"async\" src=\"https:\/\/shuliybaler.com\/wp-content\/uploads\/2019\/12\/1698-3.jpg\" style=\"max-width: 150px; max-height: 150px\" alt=\"\" title=\"\"><\/div><\/div><div class=\"vlp-layout-zone-main\"><div class=\"vlp-block-0 vlp-link-title\">Prensa briquetadora de virutas de chatarra | briquetadora de migas de metal<\/div><div class=\"vlp-block-1 vlp-link-summary\">La m\u00e1quina briquetadora de virutas de metal tambi\u00e9n se llama m\u00e1quina vertical de reciclaje de chatarra, m\u00e1quina fusionadora de virutas de metal, m\u00e1quina prensadora de metales o m\u00e1quina de alta densidad.<\/div><\/div><\/div>   <h2 class=\"wp-block-heading\" id=\"h-working-principle-of-aluminum-chips-briquetting-machine\">Principio de funcionamiento de la m\u00e1quina briquetadora de virutas de aluminio.<\/h2>    <figure class=\"wp-block-image size-full\"><img loading=\"lazy\" decoding=\"async\" width=\"720\" height=\"540\" src=\"https:\/\/shuliybaler.com\/wp-content\/uploads\/2019\/12\/\u672a\u547d\u540d\u56fe\u7247-7.jpg\" alt=\"briquetadora de virutas de aluminio\" class=\"wp-image-2280\" title=\"\"><figcaption>M\u00e1quina briquetadora de virutas de aluminio<\/figcaption><\/figure>    <p>Coloque las limaduras, las limaduras de procesamiento de torno, las virutas, las limaduras de hierro, las limaduras de lat\u00f3n, las virutas de aluminio y otras materias primas met\u00e1licas en la tolva de alimentaci\u00f3n de la m\u00e1quina. Las materias primas ingresan al molde de formaci\u00f3n de la m\u00e1quina a trav\u00e9s de la tolva y son prensadas por el punz\u00f3n hidr\u00e1ulico para formar bloques de metal s\u00f3lidos. Luego, la varilla de empuje lo empuja hacia afuera y ingresa a la cinta transportadora de descarga. Esta m\u00e1quina se puede utilizar con elevador de cangilones, trituradoras de metal, etc.<\/p>   <div class=\"vlp-link-container vlp-layout-basic wp-block-visual-link-preview-link\"><a href=\"https:\/\/shuliybaler.com\/es\/improve-the-briquetting-strength\/\" class=\"vlp-link\" title=\"\u00bfC\u00f3mo mejorar la resistencia al briquetado de las m\u00e1quinas briquetadoras de virutas de hierro?\" rel=\"nofollow\" target=\"_blank\"><\/a><div class=\"vlp-layout-zone-side\"><div class=\"vlp-block-2 vlp-link-image\"><img decoding=\"async\" src=\"https:\/\/shuliybaler.com\/wp-content\/uploads\/2022\/06\/metal-briquetting-machine.jpg\" style=\"max-width: 150px; max-height: 150px\" alt=\"\" title=\"\"><\/div><\/div><div class=\"vlp-layout-zone-main\"><div class=\"vlp-block-0 vlp-link-title\">\u00bfC\u00f3mo mejorar la resistencia al briquetado de las m\u00e1quinas briquetadoras de virutas de hierro?<\/div><div class=\"vlp-block-1 vlp-link-summary\">Durante la producci\u00f3n de m\u00e1quinas briquetadoras de chatarra de hierro, muchos clientes informan que la resistencia de la torta formada no es alta y se rompe durante el proceso de apilamiento o sinterizaci\u00f3n. Despu\u00e9s de solucionar problemas del equipo, recomendamos varias formas de mejorar la resistencia de las briquetas de polvo de hierro, w\u2026<\/div><\/div><\/div>   <h2 class=\"wp-block-heading\" id=\"h-what-are-the-dangers-of-recycling-metal-scrap-directly\">\u00bfCu\u00e1les son los peligros de reciclar chatarra directamente?<\/h2>    <figure class=\"wp-block-image size-full\"><img loading=\"lazy\" decoding=\"async\" width=\"720\" height=\"540\" src=\"https:\/\/shuliybaler.com\/wp-content\/uploads\/2019\/12\/0.1.jpg\" alt=\"\" class=\"wp-image-2278\" title=\"\"><figcaption>M\u00e1quina briquetadora de virutas de aluminio<\/figcaption><\/figure>    <ol class=\"wp-block-list\"><li>Las limaduras de hierro son de peque\u00f1o volumen y de alta densidad. Colocado directamente en el horno para fundici\u00f3n bloquear\u00e1 el canal ascendente del aire del horno y afectar\u00e1 directamente el efecto de fusi\u00f3n.<\/li><li>Cuando el flujo de aire en el horno es grande, las virutas de hierro ser\u00e1n eliminadas, lo que dar\u00e1 como resultado una tasa de descarga baja.<\/li><li>Las limaduras de hierro se pueden adherir f\u00e1cilmente a la pared del horno sin tratamiento con briquetas, lo que hace que la pared del horno sea m\u00e1s gruesa y m\u00e1s corrosiva para el horno.<\/li><li>La chatarra, el silicio, el manganeso y otros materiales no son f\u00e1ciles de almacenar. Su contacto con el agua y el aire provocar\u00e1 deterioro oxidativo. Sin embargo, el punto de fusi\u00f3n del \u00f3xido de hierro es m\u00e1s alto que el del hierro, lo que resulta en un tiempo de fusi\u00f3n prolongado y un aumento en el costo de combusti\u00f3n.<\/li><li>Las virutas de hierro son f\u00e1ciles de envolver con escoria, lo que da como resultado una baja tasa de utilizaci\u00f3n de materias primas.<\/li><\/ol>   <div class=\"vlp-link-container vlp-layout-basic wp-block-visual-link-preview-link\"><a href=\"https:\/\/shuliybaler.com\/es\/how-to-maintain-the-bearings-of-a-metal-briquette-machine\/\" class=\"vlp-link\" title=\"C\u00f3mo mantener los rodamientos de una briquetadora de metal.\" rel=\"nofollow\" target=\"_blank\"><\/a><div class=\"vlp-layout-zone-side\"><div class=\"vlp-block-2 vlp-link-image\"><img decoding=\"async\" src=\"https:\/\/shuliybaler.com\/wp-content\/uploads\/2020\/01\/scrap-metal-chips-briquetting-machine.jpg\" style=\"max-width: 150px; max-height: 150px\" alt=\"\" title=\"\"><\/div><\/div><div class=\"vlp-layout-zone-main\"><div class=\"vlp-block-0 vlp-link-title\">C\u00f3mo mantener los rodamientos de una briquetadora de metal.<\/div><div class=\"vlp-block-1 vlp-link-summary\">La m\u00e1quina briquetadora de virutas de metal es principalmente adecuada para compactar varias virutas de metal de peque\u00f1o volumen en bloques de metal de alta densidad. Por ejemplo, hierro<\/div><\/div><\/div>   <h2 class=\"wp-block-heading\" id=\"h-aluminum-chips-briquetting-machine-structure\">Estructura de la m\u00e1quina briquetadora de virutas de aluminio<\/h2>    <figure class=\"wp-block-image size-full\"><img loading=\"lazy\" decoding=\"async\" width=\"720\" height=\"540\" src=\"https:\/\/shuliybaler.com\/wp-content\/uploads\/2019\/12\/58.jpg\" alt=\"Estructura de m\u00e1quina briquetadora de viruta de metal\" class=\"wp-image-2277\" title=\"\"><figcaption>Estructura de la m\u00e1quina briquetadora de afeitado de metal<\/figcaption><\/figure>    <p>El precio de una m\u00e1quina suele ser directamente proporcional a su calidad. Esta m\u00e1quina se compone principalmente de un cilindro hidr\u00e1ulico de placa base, que forma un cilindro hidr\u00e1ulico, un cilindro hidr\u00e1ulico de empuje, un marco de soporte y un molde, cabezal de prensa, motor, tanque de aceite hidr\u00e1ulico, dispositivo de protecci\u00f3n contra sobrepresi\u00f3n y sobrecorriente, dispositivo de protecci\u00f3n de parada de emergencia. , panel de control, etc. La parte el\u00e9ctrica adopta marcas famosas internacionalmente para garantizar que la m\u00e1quina pueda funcionar de forma continua durante mucho tiempo. El sistema hidr\u00e1ulico adopta tecnolog\u00eda avanzada para garantizar una conexi\u00f3n firme y sin fugas de aceite.<\/p>    <h2 class=\"wp-block-heading\">\u00bfCu\u00e1nto cuesta una m\u00e1quina briquetadora de viruta de metal?<\/h2>    <figure class=\"wp-block-gallery has-nested-images columns-2 is-cropped wp-block-gallery-2 is-layout-flex wp-block-gallery-is-layout-flex\"> <figure class=\"wp-block-image size-large\"><img loading=\"lazy\" decoding=\"async\" width=\"720\" height=\"540\" data-id=\"2281\" src=\"https:\/\/shuliybaler.com\/wp-content\/uploads\/2019\/12\/u2868808451582290434fm199app68fJPEG.jpg\" alt=\"M\u00e1quina briquetadora de virutas de metal \" class=\"wp-image-2281\" title=\"\"><figcaption>M\u00e1quina briquetadora de virutas de aluminio<\/figcaption><\/figure>    <figure class=\"wp-block-image size-large\"><img loading=\"lazy\" decoding=\"async\" width=\"720\" height=\"540\" data-id=\"2282\" src=\"https:\/\/shuliybaler.com\/wp-content\/uploads\/2019\/12\/1641298199.jpg\" alt=\"M\u00e1quina briquetadora de virutas de metal \" class=\"wp-image-2282\" title=\"\"><figcaption>M\u00e1quina briquetadora de afeitado de metal <\/figcaption><\/figure>    <figure class=\"wp-block-image size-large\"><img loading=\"lazy\" decoding=\"async\" width=\"720\" height=\"540\" data-id=\"2283\" src=\"https:\/\/shuliybaler.com\/wp-content\/uploads\/2019\/12\/new-designed-metal-scraps-press-machine.png.webp.jpg\" alt=\"M\u00e1quina briquetadora de virutas de metal \" class=\"wp-image-2283\" title=\"\"><figcaption>M\u00e1quina briquetadora de afeitado de metal <\/figcaption><\/figure>    <figure class=\"wp-block-image size-large\"><img loading=\"lazy\" decoding=\"async\" width=\"720\" height=\"540\" data-id=\"2284\" src=\"https:\/\/shuliybaler.com\/wp-content\/uploads\/2019\/12\/u25173659733467872037fm199app68fJPEG.jpg\" alt=\"M\u00e1quina briquetadora de virutas de metal \" class=\"wp-image-2284\" title=\"\"><figcaption>M\u00e1quina briquetadora de afeitado de metal <\/figcaption><\/figure> <\/figure>    <p>&nbsp;Muchas m\u00e1quinas no se diferencian mucho entre s\u00ed en apariencia. A\u00fan as\u00ed, despu\u00e9s de la comparaci\u00f3n, se puede concluir que el precio est\u00e1 relacionado con la calidad y el precio ser\u00e1 diferente para los diferentes modelos. El material utilizado, el grosor del material de la m\u00e1quina, la calidad del motor y el proceso de fabricaci\u00f3n son factores que provocan los diferentes precios de la m\u00e1quina. Shuliy dise\u00f1ar\u00e1 el plan de producci\u00f3n m\u00e1s adecuado para los clientes y recomendar\u00e1 las m\u00e1quinas adecuadas.<\/p>    <p>Visualizaci\u00f3n del efecto de la m\u00e1quina briquetadora de viruta de metal.<\/p>    <figure class=\"wp-block-gallery has-nested-images columns-2 is-cropped wp-block-gallery-3 is-layout-flex wp-block-gallery-is-layout-flex\"> <figure class=\"wp-block-image size-large\"><img loading=\"lazy\" decoding=\"async\" width=\"720\" height=\"540\" data-id=\"2285\" src=\"https:\/\/shuliybaler.com\/wp-content\/uploads\/2019\/12\/u27771247752629997818fm199app68fJPEG.jpg\" alt=\"Visualizaci\u00f3n del efecto de la m\u00e1quina briquetadora de virutas de aluminio.\" class=\"wp-image-2285\" title=\"\"><figcaption>Pantalla de efecto de m\u00e1quina briquetadora de virutas de aluminio<\/figcaption><\/figure>    <figure class=\"wp-block-image size-large\"><img loading=\"lazy\" decoding=\"async\" width=\"720\" height=\"540\" data-id=\"2286\" src=\"https:\/\/shuliybaler.com\/wp-content\/uploads\/2019\/12\/1728148099784019586.jpg\" alt=\"Visualizaci\u00f3n del efecto de la m\u00e1quina briquetadora de virutas de aluminio.\" class=\"wp-image-2286\" title=\"\"><figcaption>Pantalla de efecto de m\u00e1quina briquetadora de virutas de aluminio<\/figcaption><\/figure>    <figure class=\"wp-block-image size-large\"><img loading=\"lazy\" decoding=\"async\" width=\"720\" height=\"540\" data-id=\"2287\" src=\"https:\/\/shuliybaler.com\/wp-content\/uploads\/2019\/12\/csm_RUF-Briketts-aus-verschiedenen-Metallen_56f3292710.jpg\" alt=\"Visualizaci\u00f3n del efecto de la m\u00e1quina briquetadora de virutas de aluminio.\" class=\"wp-image-2287\" title=\"\"><figcaption>Pantalla de efecto de m\u00e1quina briquetadora de virutas de aluminio<\/figcaption><\/figure>    <figure class=\"wp-block-image size-large\"><img loading=\"lazy\" decoding=\"async\" width=\"720\" height=\"540\" data-id=\"2288\" src=\"https:\/\/shuliybaler.com\/wp-content\/uploads\/2019\/12\/12.jpg\" alt=\"Visualizaci\u00f3n del efecto de la m\u00e1quina briquetadora de virutas de aluminio.\" class=\"wp-image-2288\" title=\"\"><figcaption>Pantalla de efecto de m\u00e1quina briquetadora de virutas de aluminio<\/figcaption><\/figure> <figcaption class=\"blocks-gallery-caption\">Visualizaci\u00f3n del efecto de la m\u00e1quina briquetadora de virutas de aluminio.<\/figcaption><\/figure>    <h2 class=\"wp-block-heading\">V\u00eddeo de m\u00e1quina briquetadora de viruta de metal.<\/h2>    <figure class=\"wp-block-embed is-type-video is-provider-youtube wp-block-embed-youtube wp-embed-aspect-16-9 wp-has-aspect-ratio\"><div class=\"wp-block-embed__wrapper\"> <iframe loading=\"lazy\" title=\"\u00bfPara qu\u00e9 se utilizan las virutas de aluminio de la f\u00e1brica? \u00bfSe pueden volver a briquetar las virutas de metal para formar bloques?\" width=\"500\" height=\"281\" src=\"https:\/\/www.youtube.com\/embed\/I3TqlAc0_4w?start=13&#038;feature=oembed\" frameborder=\"0\" allow=\"accelerometer; autoplay; clipboard-write; encrypted-media; gyroscope; picture-in-picture; web-share\" referrerpolicy=\"strict-origin-when-cross-origin\" allowfullscreen><\/iframe> <\/div><figcaption>briquetadora de virutas de aluminio<\/figcaption><\/figure>","protected":false},"excerpt":{"rendered":"<p>Una m\u00e1quina briquetadora de viruta de metal (m\u00e1quina compactadora horizontal de virutas de metal, m\u00e1quina de reciclaje de briquetas de virutas de metal\/acero de desecho) es el equipo ideal para procesar virutas de cobre, virutas de hierro y virutas de aluminio. En comparaci\u00f3n con la m\u00e1quina vertical de briquetas de metal, aunque esta m\u00e1quina ocupa un espacio grande, tiene una presi\u00f3n mayor, que puede presionar las virutas de metal en un bloque de alta densidad bajo la acci\u00f3n de un punz\u00f3n hidr\u00e1ulico. Una m\u00e1quina imprescindible para la industria metal\u00fargica.<\/p>","protected":false},"author":1,"featured_media":2311,"parent":0,"template":"","meta":{"product_tpl_data":{"subtitle":"","param_summary":"","model_summary_title":"","model_summary":"","model_series":[],"finished_product_title":"","raw_materials_title":"","process_title":"","endsummary":""},"product_extra_property":[],"product_extra_image":""},"tags":[],"product-type":[42],"class_list":["post-540","product","type-product","status-publish","has-post-thumbnail","hentry","product-type-metal-briquetting-machine"],"light_meta":{"_ez-toc-disabled":"","_ez-toc-insert":"","_ez-toc-heading-levels":[],"_ez-toc-alttext":"","_ez-toc-exclude":"","_yoast_wpseo_primary_category":"2","_yoast_wpseo_focuskw":"Metal shaving briquetting\u00a0machine","_yoast_wpseo_metadesc":"A metal shaving briquetting machine (horizontal metal chip compacting machine) is ideal for processing copper, iron, and aluminum chips.","_yoast_wpseo_linkdex":"77","_yoast_wpseo_content_score":"30","_yoast_wpseo_focuskeywords":"[]","_yoast_wpseo_keywordsynonyms":"[\"\"]","_yoast_wpseo_estimated-reading-time-minutes":"7","_oembed_5995db5e5160c5979e7513c99df86766":"<blockquote class=\"wp-embedded-content\" data-secret=\"8DYSYF0rMC\"><a href=\"https:\/\/shuliybaler.com\/improve-the-briquetting-strength\/\">How to improve the briquetting strength of scrap iron chips briquetting machines?<\/a><\/blockquote><iframe class=\"wp-embedded-content\" sandbox=\"allow-scripts\" security=\"restricted\" style=\"position: absolute; clip: rect(1px, 1px, 1px, 1px);\" title=\"&#8220;How to improve the briquetting strength of scrap iron chips briquetting machines?&#8221; &#8212; Shuliy Metal Baler\" src=\"https:\/\/shuliybaler.com\/improve-the-briquetting-strength\/embed\/#?secret=YnkvbWFT3g#?secret=8DYSYF0rMC\" data-secret=\"8DYSYF0rMC\" width=\"600\" height=\"338\" frameborder=\"0\" marginwidth=\"0\" marginheight=\"0\" scrolling=\"no\"><\/iframe>","_oembed_time_5995db5e5160c5979e7513c99df86766":"1655432114","_oembed_b57e1c0f3dac96b0a0842a5da7afbb52":"<iframe title=\"What are the aluminum chips from the factory used for?|can metal shavings be re-briquet into blocks?\" width=\"1200\" height=\"675\" src=\"https:\/\/www.youtube.com\/embed\/I3TqlAc0_4w?start=13&feature=oembed\" frameborder=\"0\" allow=\"accelerometer; autoplay; clipboard-write; encrypted-media; gyroscope; picture-in-picture\" allowfullscreen><\/iframe>","_oembed_time_b57e1c0f3dac96b0a0842a5da7afbb52":"1655434287","_oembed_cc94e2bd66f44e99844ed96c27a64085":"<iframe title=\"What are the aluminum chips from the factory used for?|can metal shavings be re-briquet into blocks?\" width=\"900\" height=\"506\" src=\"https:\/\/www.youtube.com\/embed\/I3TqlAc0_4w?start=13&feature=oembed\" frameborder=\"0\" allow=\"accelerometer; autoplay; clipboard-write; encrypted-media; gyroscope; picture-in-picture\" allowfullscreen><\/iframe>","_oembed_time_cc94e2bd66f44e99844ed96c27a64085":"1656014770","_oembed_4a30b60261d1ba46782797f93808eaef":"<iframe title=\"What are the aluminum chips from the factory used for?|can metal shavings be re-briquet into blocks?\" width=\"500\" height=\"281\" src=\"https:\/\/www.youtube.com\/embed\/I3TqlAc0_4w?start=13&feature=oembed\" frameborder=\"0\" allow=\"accelerometer; autoplay; clipboard-write; encrypted-media; gyroscope; picture-in-picture\" allowfullscreen><\/iframe>","_oembed_time_4a30b60261d1ba46782797f93808eaef":"1664244959","rank_math_primary_category":"2","rank_math_description":"A metal shaving briquetting machine (horizontal metal chip compacting machine) is ideal for processing copper, iron, and aluminum chips.","rank_math_focus_keyword":"Metal shaving briquetting\u00a0machine","rank_math_news_sitemap_robots":"index","rank_math_robots":["index"],"rank_math_seo_score":"64","rank_math_analytic_object_id":"35","rank_math_schema_VideoObject":{"@type":"VideoObject","metadata":{"title":"Video","type":"template","shortcode":"s-63325cde7319a","isPrimary":true,"reviewLocationShortcode":"[rank_math_rich_snippet]","category":"%categories%","tags":"%tags%","isAutoGenerated":true},"name":"\u00bfPara qu\u00e9 se utilizan las virutas de aluminio de la f\u00e1brica? \u00bfSe pueden volver a briquetar las virutas de metal para formar bloques?","description":"#metalchips#metalshaving#metalblockWhatsApp y Wechat:+86 173 2932 5832 https:\/\/shuliybaler.com\/horizontal-metal-briquetting-machine\/email:info@shuliybaler.com...","uploadDate":"2022-06-16","thumbnailUrl":"https:\/\/shuliybaler.com\/wp-content\/uploads\/2022\/09\/hqdefault-3.jpg","embedUrl":"https:\/\/www.youtube.com\/embed\/I3TqlAc0_4w","contentUrl":"","duration":"PT2M21S","width":"1280","height":"720","isFamilyFriendly":true},"product_tpl_data":{"subtitle":"","param_summary":"","model_summary_title":"","model_summary":"","model_series":"","finished_product_title":"","raw_materials_title":"","process_title":"","endsummary":""},"litespeed_vpi_list":["cropped-cropped-cropped-shuliylogo-1.png"],"_trp_automatically_translated_slug_zh_CN":"\u5367\u5f0f\u91d1\u5c5e\u538b\u5757\u673a","_trp_automatically_translated_slug_es_ES":"maquina-briquetadora-de-metal-horizontal","_oembed_913f3fc98320b54c956e98250f33766f":"<iframe title=\"What are the aluminum chips from the factory used for?|can metal shavings be re-briquet into blocks?\" width=\"500\" height=\"281\" src=\"https:\/\/www.youtube.com\/embed\/I3TqlAc0_4w?start=13&feature=oembed\" frameborder=\"0\" allow=\"accelerometer; autoplay; clipboard-write; encrypted-media; gyroscope; picture-in-picture; web-share\" referrerpolicy=\"strict-origin-when-cross-origin\" allowfullscreen><\/iframe>","_oembed_time_913f3fc98320b54c956e98250f33766f":"1712718974","rank_math_internal_links_processed":"1"},"seo_meta":{"title":"","description":"Una m\u00e1quina briquetadora de viruta de metal (m\u00e1quina compactadora horizontal de virutas de metal) es ideal para procesar virutas de cobre, hierro y aluminio.","focusKeyword":"Metal shaving briquetting\u00a0machine","canonicalUrl":"https:\/\/shuliybaler.com\/es\/product\/maquina-briquetadora-de-metal-horizontal\/","robots":["index"],"ogTitle":"","ogDescription":"A metal shaving briquetting machine (horizontal metal chip compacting machine) is ideal for processing copper, iron, and aluminum chips.","ogImage":"https:\/\/shuliybaler.com\/wp-content\/uploads\/2019\/12\/lQDPJxZpNIbxTxbNAhzNAtCw3M7Eh0puxR8CrW86cECdAA_720_540.jpg_720x720q90g.jpg","twitterTitle":"","twitterDescription":"A metal shaving briquetting machine (horizontal metal chip compacting machine) is ideal for processing copper, iron, and aluminum chips.","twitterImage":"https:\/\/shuliybaler.com\/wp-content\/uploads\/2019\/12\/lQDPJxZpNIbxTxbNAhzNAtCw3M7Eh0puxR8CrW86cECdAA_720_540.jpg_720x720q90g.jpg","primaryCategory":2,"seoScore":64,"schemas":{"VideoObject":{"type":"VideoObject","data":{"@type":"VideoObject","metadata":{"title":"Video","type":"template","shortcode":"s-63325cde7319a","isPrimary":true,"reviewLocationShortcode":"[rank_math_rich_snippet]","category":"%categories%","tags":"%tags%","isAutoGenerated":true},"name":"\u00bfPara qu\u00e9 se utilizan las virutas de aluminio de la f\u00e1brica? \u00bfSe pueden volver a briquetar las virutas de metal para formar bloques?","description":"#metalchips#metalshaving#metalblockWhatsApp y Wechat:+86 173 2932 5832 https:\/\/shuliybaler.com\/horizontal-metal-briquetting-machine\/email:info@shuliybaler.com...","uploadDate":"2022-06-16","thumbnailUrl":"https:\/\/shuliybaler.com\/wp-content\/uploads\/2022\/09\/hqdefault-3.jpg","embedUrl":"https:\/\/www.youtube.com\/embed\/I3TqlAc0_4w","contentUrl":"","duration":"PT2M21S","width":"1280","height":"720","isFamilyFriendly":true}}},"source":"rank_math"},"_links":{"self":[{"href":"https:\/\/shuliybaler.com\/es\/wp-json\/wp\/v2\/product\/540","targetHints":{"allow":["GET"]}}],"collection":[{"href":"https:\/\/shuliybaler.com\/es\/wp-json\/wp\/v2\/product"}],"about":[{"href":"https:\/\/shuliybaler.com\/es\/wp-json\/wp\/v2\/types\/product"}],"author":[{"embeddable":true,"href":"https:\/\/shuliybaler.com\/es\/wp-json\/wp\/v2\/users\/1"}],"wp:featuredmedia":[{"embeddable":true,"href":"https:\/\/shuliybaler.com\/es\/wp-json\/wp\/v2\/media\/2311"}],"wp:attachment":[{"href":"https:\/\/shuliybaler.com\/es\/wp-json\/wp\/v2\/media?parent=540"}],"wp:term":[{"taxonomy":"post_tag","embeddable":true,"href":"https:\/\/shuliybaler.com\/es\/wp-json\/wp\/v2\/tags?post=540"},{"taxonomy":"product-type","embeddable":true,"href":"https:\/\/shuliybaler.com\/es\/wp-json\/wp\/v2\/product-type?post=540"}],"curies":[{"name":"wp","href":"https:\/\/api.w.org\/{rel}","templated":true}]}}