{"id":572,"date":"2019-12-14T16:54:38","date_gmt":"2019-12-14T08:54:38","guid":{"rendered":"https:\/\/shuliybaler.com\/?p=572"},"modified":"2022-09-27T10:17:08","modified_gmt":"2022-09-27T02:17:08","slug":"alligator-shear","status":"publish","type":"product","link":"https:\/\/shuliybaler.com\/es\/product\/alligator-shear\/","title":{"rendered":"Cizalla para corte de chatarra | m\u00e1quina de corte de acero de cocodrilo"},"content":{"rendered":"<p class=\"translation-block\"><strong>Cizalla para corte de chatarra<\/strong> tambi\u00e9n llamada m\u00e1quina cizalla de acero tipo caim\u00e1n, es muy adecuada para cortar metales largos. Comparado con otros<a href=\"https:\/\/shuliybaler.com\/es\/gantry-shear\/\"> equipos de corte<\/a>, tiene las caracter\u00edsticas de ser ligera, de peque\u00f1o tama\u00f1o y de alta eficiencia. Por lo tanto, esta m\u00e1quina se utiliza a menudo en molinos, plantas de reciclaje de metales, plantas de desmantelamiento de autom\u00f3viles chatarra, plantas de reciclaje el\u00e9ctrico, etc. Es muy adecuada para cortar acero redondo, acero en \u00e1ngulo, varilla, alambre, chapa de hierro, teja de acero color, aleaci\u00f3n de aluminio, acero en canal, placa de cobre, placa de hierro, chatarra de metal, etc. para un procesamiento posterior.<\/p>    <figure class=\"wp-block-image size-full\"><img loading=\"lazy\" decoding=\"async\" width=\"720\" height=\"540\" src=\"https:\/\/shuliybaler.com\/wp-content\/uploads\/2019\/12\/u7513068303196564925fm199app68fJPEG.jpg\" alt=\"cizalla para corte de metales\" class=\"wp-image-2059\" title=\"\"><figcaption>Cizalla para corte de metales<\/figcaption><\/figure>    <h2 class=\"wp-block-heading\" id=\"h-how-does-the-alligator-steel-shear-machine-work\">\u00bfC\u00f3mo funciona la m\u00e1quina cizalla de acero de cocodrilo?<\/h2>    <p>Las cizallas de cocodrilo se componen principalmente de cilindros de aceite de corte, cuchillas de corte, cuchillas de prensado, cilindros de aceite de prensado, bombas hidr\u00e1ulicas, paneles de control, dispositivos de seguridad, etc. Cuando la cizalla para cortar chatarra de acero est\u00e1 funcionando, la bomba hidr\u00e1ulica proporciona energ\u00eda a la cuchilla de presi\u00f3n, y la cuchilla de presi\u00f3n desciende para sujetar el material firmemente. Luego, la bomba de aceite hidr\u00e1ulico llena el cilindro de corte con aceite y la cortadora desciende gradualmente para cortar el material.<\/p>    <figure class=\"wp-block-image size-full\"><img loading=\"lazy\" decoding=\"async\" width=\"720\" height=\"540\" src=\"https:\/\/shuliybaler.com\/wp-content\/uploads\/2019\/12\/u35814314264196434871fm199app68fJPEG.jpg\" alt=\"pantalla de efecto de trabajo de m\u00e1quina de corte de acero de cocodrilo\" class=\"wp-image-2060\" title=\"\"><figcaption>Pantalla de efecto de trabajo de m\u00e1quina de corte de acero de cocodrilo<\/figcaption><\/figure>    <h2 class=\"wp-block-heading\">\u00c1reas de aplicaci\u00f3n de las cizallas para cortar chatarra<\/h2>    <p>Esta cizalla para chatarra se puede utilizar en la industria del reciclaje de metales, la industria de procesamiento de metales, la industria de procesamiento de chatarra de autom\u00f3viles, etc. Puede cortar r\u00e1pidamente algunas tiras largas de metal en ciertos pies de almacenamiento. Las materias primas que se pueden procesar son metal, hierro, acero, tejas de acero coloreadas, aleaciones de aluminio, chatarra de acero y placas de hierro.<\/p>    <figure class=\"wp-block-gallery has-nested-images columns-default is-cropped wp-block-gallery-2 is-layout-flex wp-block-gallery-is-layout-flex\"> <figure class=\"wp-block-image size-large\"><img loading=\"lazy\" decoding=\"async\" width=\"720\" height=\"540\" data-id=\"2061\" src=\"https:\/\/shuliybaler.com\/wp-content\/uploads\/2019\/12\/0.5.jpg\" alt=\"Aplicaci\u00f3n de cizalla para corte de chatarra \" class=\"wp-image-2061\" title=\"\"><figcaption>Aplicaci\u00f3n de cizalla para corte de chatarra <\/figcaption><\/figure>    <figure class=\"wp-block-image size-large\"><img loading=\"lazy\" decoding=\"async\" width=\"720\" height=\"540\" data-id=\"2062\" src=\"https:\/\/shuliybaler.com\/wp-content\/uploads\/2019\/12\/14.jpg\" alt=\"Aplicaci\u00f3n de cizalla para corte de chatarra \" class=\"wp-image-2062\" title=\"\"><figcaption>Aplicaci\u00f3n de cizalla para corte de chatarra <\/figcaption><\/figure> <\/figure>    <h2 class=\"wp-block-heading\">Detalles de la cizalla para cortar chatarra.<\/h2>    <div class=\"wp-block-media-text alignwide is-stacked-on-mobile\"><figure class=\"wp-block-media-text__media\"><img loading=\"lazy\" decoding=\"async\" width=\"720\" height=\"540\" src=\"https:\/\/shuliybaler.com\/wp-content\/uploads\/2019\/12\/25b9061356dd0a69822e0f61b844f99.jpg\" alt=\"m\u00e1quina de corte de acero de cocodrilo\" class=\"wp-image-2066 size-full\" title=\"\"><\/figure><div class=\"wp-block-media-text__content\"> <p class=\"has-large-font-size\">La presi\u00f3n no disminuir\u00e1 despu\u00e9s de a\u00f1os de uso, el material del anillo de sellado no pierde aceite y la m\u00e1quina es duradera.<\/p> <\/div><\/div>    <div class=\"wp-block-media-text alignwide has-media-on-the-right is-stacked-on-mobile\"><figure class=\"wp-block-media-text__media\"><img loading=\"lazy\" decoding=\"async\" width=\"720\" height=\"540\" src=\"https:\/\/shuliybaler.com\/wp-content\/uploads\/2019\/12\/454424f9dd2b4051916fcccd18f56f8.jpg\" alt=\"cizalla para corte de metales\" class=\"wp-image-2058 size-full\" title=\"\"><\/figure><div class=\"wp-block-media-text__content\"> <p class=\"has-large-font-size\">Panel de operaci\u00f3n con funciones autom\u00e1ticas, control de cambio de escuadra y ajuste.<\/p> <\/div><\/div>    <div class=\"wp-block-media-text alignwide is-stacked-on-mobile\"><figure class=\"wp-block-media-text__media\"><img loading=\"lazy\" decoding=\"async\" width=\"749\" height=\"495\" src=\"https:\/\/shuliybaler.com\/wp-content\/uploads\/2019\/12\/adc8ee69798d0581d143eb885f18d5d.jpg\" alt=\"Cizalla para cortar chatarra\" class=\"wp-image-2068 size-full\" title=\"\"><\/figure><div class=\"wp-block-media-text__content\"> <p class=\"has-large-font-size\"> Cilindro hidr\u00e1ulico, sin fugas de aceite, sin \u00f3xido, para garantizar un corte de metal suave<\/p> <\/div><\/div>    <div class=\"wp-block-media-text alignwide has-media-on-the-right is-stacked-on-mobile\"><figure class=\"wp-block-media-text__media\"><img loading=\"lazy\" decoding=\"async\" width=\"720\" height=\"540\" src=\"https:\/\/shuliybaler.com\/wp-content\/uploads\/2019\/12\/u954169839773959795fm199app68fJPEG.jpg\" alt=\" m\u00e1quina de corte de acero de cocodrilo\" class=\"wp-image-2070 size-full\" title=\"\"><\/figure><div class=\"wp-block-media-text__content\"> <p class=\"has-large-font-size\">Cuchilla de corte, adecuada para varias formas de bordes de acero o metal.<\/p> <\/div><\/div>    <h2 class=\"wp-block-heading\">Principio de funcionamiento de la cizalla para cortar chatarra.<\/h2>    <figure class=\"wp-block-image size-full\"><img loading=\"lazy\" decoding=\"async\" width=\"720\" height=\"540\" src=\"https:\/\/shuliybaler.com\/wp-content\/uploads\/2019\/12\/lQDPJxZbRD8Et-HNAhzNAtCwXBwOvkc-vW0Clpj01AC9AA_720_540.jpg_720x720q90g.jpg\" alt=\"Cizalla para cortar chatarra\" class=\"wp-image-2056\" title=\"\"><figcaption>Estructura de cizalla para corte de chatarra<\/figcaption><\/figure>    <p>Principio de la estructura de corte de cocodrilo: corte de cocodrilo para la estructura de corte de cocodrilo superior e inferior, a trav\u00e9s del accionamiento de la bomba hidr\u00e1ulica, para formar presi\u00f3n, en la v\u00e1lvula de inversi\u00f3n electromagn\u00e9tica y el control del circuito de aceite para lograr la elevaci\u00f3n y contracci\u00f3n del cilindro, a trav\u00e9s del principio de palanca en el cilindro bajo la presi\u00f3n de empujar hacia arriba el cocodrilo bajo presi\u00f3n el cilindro de bloqueo auxiliar ser\u00e1 material de bloqueo de presi\u00f3n previa en el cilindro principal despu\u00e9s de la funci\u00f3n de empujar continuamente hacia arriba el cuchillo de cocodrilo y el cuchillo de cocodrilo inferior para lograr un corte interactivo enter, el material que ingresa al cortador se corta.<\/p>    <figure class=\"wp-block-embed is-type-video is-provider-youtube wp-block-embed-youtube wp-embed-aspect-16-9 wp-has-aspect-ratio\"><div class=\"wp-block-embed__wrapper\"> <iframe loading=\"lazy\" title=\"\u00bfQu\u00e9 es la cizalla para chatarra? | cizalla para corte de chatarra | Cizallas de cocodrilo hidr\u00e1ulicas a la venta\" width=\"500\" height=\"281\" src=\"https:\/\/www.youtube.com\/embed\/GNmdIftq4X8?start=11&#038;feature=oembed\" frameborder=\"0\" allow=\"accelerometer; autoplay; clipboard-write; encrypted-media; gyroscope; picture-in-picture; web-share\" referrerpolicy=\"strict-origin-when-cross-origin\" allowfullscreen><\/iframe> <\/div><\/figure>    <h2 class=\"wp-block-heading\" id=\"h-features-of-the-scrap-steel-cutting-shear\">Caracter\u00edsticas de la cizalla para corte de chatarra de acero:<\/h2>    <figure class=\"wp-block-image size-full\"><img loading=\"lazy\" decoding=\"async\" width=\"720\" height=\"540\" src=\"https:\/\/shuliybaler.com\/wp-content\/uploads\/2019\/12\/\u5fae\u4fe1\u622a\u56fe_20220530145403.jpg\" alt=\"cizalla para corte de metales\" class=\"wp-image-2063\" title=\"\"><figcaption>Cizalla para corte de metales<\/figcaption><\/figure>    <ol class=\"wp-block-list\"><li>Bajo costo. En comparaci\u00f3n con la cizalla de p\u00f3rtico, el precio es mucho m\u00e1s bajo. Rara vez se encuentran grandes desechos de metal en las plantas de reciclaje de metales en general. Con esta m\u00e1quina se pueden cortar restos convencionales.<\/li><li>Peque\u00f1a superficie de suelo. Debido a su tama\u00f1o reducido, esta m\u00e1quina se puede utilizar en muchos lugares.<\/li><li>Alta eficiencia de trabajo. Esta m\u00e1quina puede cortar de 8 a 12 veces en un minuto y la eficiencia del trabajo es muy alta.<\/li><li>La adopci\u00f3n del modo de transmisi\u00f3n hidr\u00e1ulica tiene las ventajas de un funcionamiento estable, bajo nivel de ruido y altos factores de seguridad.<\/li><li>F\u00e1cil instalaci\u00f3n. Esta m\u00e1quina no necesita instalar tornillos de suela, es simple y flexible de operar y la superficie de corte se puede ajustar a voluntad.<\/li><\/ol>    <h2 class=\"wp-block-heading\" id=\"h-operating-instructions-for-alligator-steel-shear-machine\">Instrucciones de funcionamiento para la m\u00e1quina cizalla de acero de cocodrilo.<\/h2>    <figure class=\"wp-block-image size-full\"><img loading=\"lazy\" decoding=\"async\" width=\"720\" height=\"540\" src=\"https:\/\/shuliybaler.com\/wp-content\/uploads\/2019\/12\/u196941569234101685fm199app68fJPEG.jpg\" alt=\"m\u00e1quina de corte de acero de cocodrilo\" class=\"wp-image-2064\" title=\"\"><figcaption>M\u00e1quina de corte de acero de cocodrilo<\/figcaption><\/figure>    <p>1. El rango de presi\u00f3n de esta m\u00e1quina es de 100 a 300 toneladas.<\/p>    <p>2. La longitud del cortador es de 25 a 120 cm.<\/p>    <p>3. Tanto la fuerza de corte de la m\u00e1quina como la longitud de la hoja se pueden personalizar seg\u00fan las necesidades del cliente.<\/p>    <p>4. Revise peri\u00f3dicamente el filtro de aceite en el tanque de combustible y elimine las materias extra\u00f1as a tiempo para evitar que la tuber\u00eda de aceite se bloquee y afecte la eficiencia de trabajo de la m\u00e1quina.<\/p>    <p>5. Verifique si los tornillos de la m\u00e1quina est\u00e1n apretados y funcionando sin problemas cada dos meses.<\/p>    <p>6. Al utilizar la cizalla, preste atenci\u00f3n a la seguridad del personal circundante. Al cortar materiales cortos, utilice abrazaderas en lugar de manos.<\/p>    <h2 class=\"wp-block-heading\">Equipo auxiliar para cizalla para corte de chatarra.<\/h2>    <figure class=\"wp-block-image size-full\"><img loading=\"lazy\" decoding=\"async\" width=\"720\" height=\"540\" src=\"https:\/\/shuliybaler.com\/wp-content\/uploads\/2019\/12\/1a79d9871a0582dce90735cff14238a.jpg\" alt=\"Cinta transportadora de cizalla para corte de chatarra.\" class=\"wp-image-2057\" title=\"\"><figcaption>Cinta transportadora de cizalla para corte de chatarra<\/figcaption><\/figure>    <p>Se puede agregar una cinta transportadora al frente de esta cizalla de metal, lo que permite una alimentaci\u00f3n completamente autom\u00e1tica y tambi\u00e9n puede desempe\u00f1ar un papel en la alimentaci\u00f3n uniforme. Esta cinta transportadora de corte de metal es un dispositivo opcional, puede elegir comprarla seg\u00fan las condiciones de procesamiento que necesite.<\/p>    <figure class=\"wp-block-image size-full\"><img loading=\"lazy\" decoding=\"async\" width=\"720\" height=\"540\" src=\"https:\/\/shuliybaler.com\/wp-content\/uploads\/2019\/12\/\u5fae\u4fe1\u622a\u56fe_20211019111839.jpg\" alt=\"Cizalla para cortar chatarra\" class=\"wp-image-2065\" title=\"\"><figcaption>Cizalla para corte de chatarra<\/figcaption><\/figure>    <h2 class=\"wp-block-heading\">V\u00eddeo de cizalla para cortar chatarra.<\/h2>    <figure class=\"wp-block-embed is-type-video is-provider-youtube wp-block-embed-youtube wp-embed-aspect-16-9 wp-has-aspect-ratio\"><div class=\"wp-block-embed__wrapper\"> <iframe loading=\"lazy\" title=\"\u00bfQu\u00e9 espesor de metal puede cortar una cizalla? | \u00bfPara qu\u00e9 se puede cortar una cizalla de metal? | corte de chatarra\" width=\"500\" height=\"281\" src=\"https:\/\/www.youtube.com\/embed\/v9FmaOvp3nc?feature=oembed\" frameborder=\"0\" allow=\"accelerometer; autoplay; clipboard-write; encrypted-media; gyroscope; picture-in-picture; web-share\" referrerpolicy=\"strict-origin-when-cross-origin\" allowfullscreen><\/iframe> <\/div><figcaption>m\u00e1quina cortadora de chatarra<\/figcaption><\/figure>","protected":false},"excerpt":{"rendered":"<p>Scrap metal cutting shear also called alligator steel shear machine, is very suitable for cutting long metals. Compared with other cutting equipment, it has the characteristics of a lightweight, small footprint, and high efficiency. Therefore, this machine is often used in rolling mills, metal recycling plants, scrap car dismantling plants, electrical recycling plants, etc. It [&hellip;]<\/p>\n","protected":false},"author":1,"featured_media":2055,"parent":0,"template":"","tags":[30],"product-type":[43],"class_list":["post-572","product","type-product","status-publish","has-post-thumbnail","hentry","tag-scrap-metal-cutting-shear","product-type-metal-shear"],"_links":{"self":[{"href":"https:\/\/shuliybaler.com\/es\/wp-json\/wp\/v2\/product\/572","targetHints":{"allow":["GET"]}}],"collection":[{"href":"https:\/\/shuliybaler.com\/es\/wp-json\/wp\/v2\/product"}],"about":[{"href":"https:\/\/shuliybaler.com\/es\/wp-json\/wp\/v2\/types\/product"}],"author":[{"embeddable":true,"href":"https:\/\/shuliybaler.com\/es\/wp-json\/wp\/v2\/users\/1"}],"wp:featuredmedia":[{"embeddable":true,"href":"https:\/\/shuliybaler.com\/es\/wp-json\/wp\/v2\/media\/2055"}],"wp:attachment":[{"href":"https:\/\/shuliybaler.com\/es\/wp-json\/wp\/v2\/media?parent=572"}],"wp:term":[{"taxonomy":"post_tag","embeddable":true,"href":"https:\/\/shuliybaler.com\/es\/wp-json\/wp\/v2\/tags?post=572"},{"taxonomy":"product-type","embeddable":true,"href":"https:\/\/shuliybaler.com\/es\/wp-json\/wp\/v2\/product-type?post=572"}],"curies":[{"name":"wp","href":"https:\/\/api.w.org\/{rel}","templated":true}]}}