{"id":654,"date":"2019-12-26T11:08:05","date_gmt":"2019-12-26T03:08:05","guid":{"rendered":"https:\/\/shuliybaler.com\/?p=654"},"modified":"2022-12-27T09:01:48","modified_gmt":"2022-12-27T01:01:48","slug":"scrap-metal-baler","status":"publish","type":"product","link":"https:\/\/shuliybaler.com\/es\/product\/empacadora-de-chatarra\/","title":{"rendered":"Empacadora de chatarra | m\u00e1quina empacadora de metal de aluminio"},"content":{"rendered":"<p class=\"translation-block\">La prensa de chatarra para metales se utiliza para la industria de reciclaje de metales, m\u00e1quina de compresi\u00f3n de metales; mediante el procesamiento de la m\u00e1quina, el metal irregular se puede comprimir hasta un tama\u00f1o espec\u00edfico y cuadrado, f\u00e1cil de transportar y almacenar. La <a href=\"https:\/\/shuliybaler.com\/es\/aluminum-can-baler\/\">m\u00e1quina de empacado de metal<\/a> puede usarse para la industria de reciclaje de metales, tambi\u00e9n puede usarse para la industria de reciclaje de coches chatarra, empacado de papel reciclado, etc. La m\u00e1quina es simple y conveniente de operar.<\/p>    <figure class=\"wp-block-image size-full\"><img loading=\"lazy\" decoding=\"async\" width=\"720\" height=\"540\" src=\"https:\/\/shuliybaler.com\/wp-content\/uploads\/2019\/12\/QQ\u622a\u56fe20180930110637.jpg\" alt=\"Empacadora de chatarra\" class=\"wp-image-2024\" title=\"\"><figcaption class=\"wp-element-caption\">Empacadora de chatarra<\/figcaption><\/figure>    <h2 class=\"wp-block-heading\" id=\"h-application-range-of-metal-baling-machine\">Rango de aplicaci\u00f3n de la m\u00e1quina empacadora de metales<\/h2>    <p>La empacadora de chatarra puede extruir bordes met\u00e1licos, virutas de acero, aluminio, cobre y otros metales en diversas formas, como rectangulares, cil\u00edndricas, hexagonales, octogonales, etc., como materiales de horno calificados y reducir el costo de transporte. Tambi\u00e9n se puede realizar para envasar latas, botellas de pl\u00e1stico, papel usado y otros productos. La empacadora de chatarra se usa ampliamente en la industria del reciclaje de metales, la industria metal\u00fargica, la industria sider\u00fargica y la industria del reciclaje de chatarra.<\/p>    <figure class=\"wp-block-image size-full\"><img loading=\"lazy\" decoding=\"async\" width=\"720\" height=\"540\" src=\"https:\/\/shuliybaler.com\/wp-content\/uploads\/2019\/12\/\u5fae\u4fe1\u622a\u56fe_20220526143405.jpg\" alt=\"aplicaci\u00f3n de empacadora de chatarra\" class=\"wp-image-2025\" title=\"\"><figcaption class=\"wp-element-caption\">Aplicaci\u00f3n de empacadora de chatarra<\/figcaption><\/figure>    <h2 class=\"wp-block-heading\" id=\"h-why-need-to-use-a-metal-baler\">\u00bfPor qu\u00e9 es necesario utilizar una empacadora de chatarra?<\/h2>    <figure class=\"wp-block-image size-full\"><img loading=\"lazy\" decoding=\"async\" width=\"720\" height=\"540\" src=\"https:\/\/shuliybaler.com\/wp-content\/uploads\/2019\/12\/\u672a\u547d\u540d\u56fe\u7247-5.jpg\" alt=\"empacadora de metales\" class=\"wp-image-2028\" title=\"\"><figcaption class=\"wp-element-caption\">Empacadora de metales<\/figcaption><\/figure>    <p>Parte de la chatarra se desmonta de varios productos con diferentes formas, lo que genera inconvenientes para el almacenamiento y el transporte. Despu\u00e9s de ser comprimido y embalado, el metal se puede unificar en tama\u00f1o y listar, ahorrando espacio de almacenamiento en el almac\u00e9n. Al transportar, puede utilizar la gr\u00faa y levantarla directamente, lo que ahorra eficiencia en el trabajo durante el transporte. Tambi\u00e9n reduce los costos de transporte.<\/p>    <h2 class=\"wp-block-heading\">\u00bfPor qu\u00e9 son buenas las perspectivas para la chatarra?<\/h2>    <figure class=\"wp-block-image size-full\"><img loading=\"lazy\" decoding=\"async\" width=\"720\" height=\"540\" src=\"https:\/\/shuliybaler.com\/wp-content\/uploads\/2019\/12\/\u5fae\u4fe1\u622a\u56fe_20220526143548.jpg\" alt=\"bloque de metal\" class=\"wp-image-2026\" title=\"\"><figcaption class=\"wp-element-caption\">bloque met\u00e1lico<\/figcaption><\/figure>    <p>Los recursos minerales met\u00e1licos no son renovables y se utilizar\u00e1n cada vez menos. Para garantizar la plena utilizaci\u00f3n de los recursos met\u00e1licos, muchos pa\u00edses han introducido muchas pol\u00edticas preferenciales para la industria del reciclaje de metales. Adem\u00e1s, el Estado proh\u00edbe estrictamente la exportaci\u00f3n de grandes cantidades de metales sin permiso. Por tanto, la industria del reciclaje de metales ha comenzado a desarrollarse continuamente. El reciclaje de chatarra no s\u00f3lo es muy rentable sino que tambi\u00e9n permite ahorrar recursos y proteger el medio ambiente.<\/p>    <h2 class=\"wp-block-heading\">El funcionamiento de la empacadora de chatarra.<\/h2>    <figure class=\"wp-block-image size-full\"><img loading=\"lazy\" decoding=\"async\" width=\"720\" height=\"540\" src=\"https:\/\/shuliybaler.com\/wp-content\/uploads\/2019\/12\/6.jpg\" alt=\"funcionamiento de la empacadora de metal\" class=\"wp-image-2027\" title=\"\"><figcaption class=\"wp-element-caption\">Operaci\u00f3n de la empacadora de metal<\/figcaption><\/figure>    <p>Coloque la chatarra de aluminio u otros metales que deben empacarse en el canal, presione la palanca y luego podr\u00e1 realizar el empacado, espere hasta que el empacado por compresi\u00f3n de la m\u00e1quina est\u00e9 empacado despu\u00e9s de la expulsi\u00f3n del bloque de metal. Hay cuatro formas de descargar la m\u00e1quina: empujando hacia adelante, girando hacia los lados, empujando hacia los lados o eligiendo la m\u00e1quina sin descarga autom\u00e1tica de pacas.<\/p>    <h2 class=\"wp-block-heading\">Estructura empacadora de chatarra<\/h2>    <figure class=\"wp-block-image size-full\"><img loading=\"lazy\" decoding=\"async\" width=\"720\" height=\"540\" src=\"https:\/\/shuliybaler.com\/wp-content\/uploads\/2019\/12\/timg-5.jpg\" alt=\"estructura empacadora de metal\" class=\"wp-image-2029\" title=\"\"><figcaption class=\"wp-element-caption\">Estructura empacadora de metal<\/figcaption><\/figure>    <p>La m\u00e1quina empacadora de metal se compone de un cuerpo, un cilindro principal, un cilindro lateral, un cilindro de cubierta, un cilindro de bloqueo, una bomba de aceite de alta presi\u00f3n, un grupo de v\u00e1lvulas hidr\u00e1ulicas, un sistema el\u00e9ctrico y un sistema de tuber\u00edas. La m\u00e1quina empacadora de metales adopta un sistema de transmisi\u00f3n hidr\u00e1ulica, estructura compacta y operaci\u00f3n simple.<\/p>    <h2 class=\"wp-block-heading\" id=\"h-characteristics-of-scrap-metal-baler\">Caracter\u00edsticas de la empacadora de chatarra<\/h2>    <figure class=\"wp-block-gallery has-nested-images columns-default is-cropped wp-block-gallery-2 is-layout-flex wp-block-gallery-is-layout-flex\"> <figure class=\"wp-block-image size-full\"><img loading=\"lazy\" decoding=\"async\" width=\"720\" height=\"540\" data-id=\"2031\" src=\"https:\/\/shuliybaler.com\/wp-content\/uploads\/2019\/12\/QQ\u622a\u56fe20180930110342.jpg\" alt=\"empacadora de chatarra\" class=\"wp-image-2031\" title=\"\"><figcaption class=\"wp-element-caption\">Empacadora de chatarra<\/figcaption><\/figure>    <figure class=\"wp-block-image size-full\"><img loading=\"lazy\" decoding=\"async\" width=\"720\" height=\"540\" data-id=\"2030\" src=\"https:\/\/shuliybaler.com\/wp-content\/uploads\/2019\/12\/QQ\u622a\u56fe20180930110421.jpg\" alt=\"empacadora de chatarra\" class=\"wp-image-2030\" title=\"\"><figcaption class=\"wp-element-caption\">Empacadora de chatarra<\/figcaption><\/figure> <\/figure>    <p class=\"translation-block\"><strong>1. Utiliza el sistema de transmisi\u00f3n hidr\u00e1ulico.<\/strong> La m\u00e1quina funciona de forma suave y con bajo nivel de ruido durante el trabajo para asegurar un buen entorno de producci\u00f3n.<\/p>    <p class=\"translation-block\"><strong>2. Amplia aplicaci\u00f3n.<\/strong> Puede usarse para procesar m\u00faltiples materiales y comprimirlos en bloques de metal de diferentes formas.<\/p>    <p class=\"translation-block\"><strong>3. Amplia selecci\u00f3n. <\/strong> El rango de presi\u00f3n de la m\u00e1quina est\u00e1 entre 80-400 toneladas, siempre hay una m\u00e1quina que se ajusta a sus necesidades de producci\u00f3n. Por supuesto, tambi\u00e9n proporcionamos m\u00e1quinas con presi\u00f3n superior a 400 toneladas; si lo necesita, puede personalizarlas.<\/p>    <p class=\"translation-block\"><strong>4. Ahorra espacio.<\/strong> Comprimir una gran pieza de metal en una pieza de metal m\u00e1s densa puede ahorrar espacio y, en cierto sentido, tambi\u00e9n reducir costos.<\/p>    <p class=\"translation-block\"><strong>5. Instalaci\u00f3n f\u00e1cil. <\/strong> Despu\u00e9s de que la m\u00e1quina est\u00e1 ensamblada, solo necesita colocarse sobre un suelo plano, y no se requiere ninguna otra instalaci\u00f3n.<\/p>    <figure class=\"wp-block-gallery has-nested-images columns-2 is-cropped wp-block-gallery-3 is-layout-flex wp-block-gallery-is-layout-flex\"> <figure class=\"wp-block-image size-large\"><img loading=\"lazy\" decoding=\"async\" width=\"720\" height=\"540\" data-id=\"656\" src=\"https:\/\/shuliybaler.com\/wp-content\/uploads\/2019\/12\/Aluminum-sheet-baler.jpg\" alt=\"Empacadora de chapa de aluminio\" class=\"wp-image-656\" title=\"\" srcset=\"https:\/\/shuliybaler.com\/wp-content\/uploads\/2019\/12\/Aluminum-sheet-baler.jpg 720w, https:\/\/shuliybaler.com\/wp-content\/uploads\/2019\/12\/Aluminum-sheet-baler-360x270.jpg 360w, https:\/\/shuliybaler.com\/wp-content\/uploads\/2019\/12\/Aluminum-sheet-baler-180x135.jpg 180w\" sizes=\"auto, (max-width: 720px) 100vw, 720px\" \/><figcaption class=\"wp-element-caption\">Empacadora de l\u00e1minas de aluminio<\/figcaption><\/figure>    <figure class=\"wp-block-image size-large\"><img loading=\"lazy\" decoding=\"async\" width=\"720\" height=\"540\" data-id=\"659\" src=\"https:\/\/shuliybaler.com\/wp-content\/uploads\/2019\/12\/Scrap-iron-baler.jpg\" alt=\"Empacadora de chatarra\" class=\"wp-image-659\" title=\"\" srcset=\"https:\/\/shuliybaler.com\/wp-content\/uploads\/2019\/12\/Scrap-iron-baler.jpg 720w, https:\/\/shuliybaler.com\/wp-content\/uploads\/2019\/12\/Scrap-iron-baler-360x270.jpg 360w, https:\/\/shuliybaler.com\/wp-content\/uploads\/2019\/12\/Scrap-iron-baler-180x135.jpg 180w\" sizes=\"auto, (max-width: 720px) 100vw, 720px\" \/><figcaption class=\"wp-element-caption\">Empacadora de chatarra<\/figcaption><\/figure> <\/figure>    <h2 class=\"wp-block-heading\" id=\"h-scrap-metal-baler-parameters\">Par\u00e1metros de la empacadora de chatarra<\/h2>    <figure class=\"wp-block-table\"><table><tbody><tr><td>Modelo<\/td><td>Potencia de empuje<\/td><td>Almac\u00e9n comprimido(mm)<\/td><td>Tama\u00f1o de la empacadora<br>(mm)<\/td><td>Densidad del bloque (kg\/h)<\/td><td>&nbsp;Eficiencia (kg\/h)<\/td><td>Tiempo(s) de ciclo \u00fanico<\/td><td>Potencia (kW)<\/td><\/tr><tr><td>Y81-1250A<\/td><td>1250<\/td><td>1200*700*600<\/td><td>300*300<\/td><td>\u22652000<\/td><td>1200-1800<\/td><td>\u2264120<\/td><td>15<\/td><\/tr><tr><td>Y81-1250B<\/td><td>1250<\/td><td>1400*800*700<\/td><td>300*300<\/td><td>\u22652000<\/td><td>1600-2300<\/td><td>\u2264140<\/td><td>15<\/td><\/tr><tr><td>Y81-1350<\/td><td>1350<\/td><td>1400*600*600<\/td><td>600*240<\/td><td>\u22652000<\/td><td>1600-2500<\/td><td>\u2264100<\/td><td>18.5<\/td><\/tr><tr><td>Y81-1600A<\/td><td>1600<\/td><td>1600*1000*800<\/td><td>400*400<\/td><td>\u22652000<\/td><td>2000-3500<\/td><td>\u2264120<\/td><td>22<\/td><\/tr><tr><td>Y81-1600B<\/td><td>1600<\/td><td>1600*1200*800<\/td><td>400*400<\/td><td>\u22652000<\/td><td>2000-4000<\/td><td>\u2264130<\/td><td>30<\/td><\/tr><tr><td>Y81-2000A<\/td><td>2000<\/td><td>1600*1200*800<\/td><td>400*400<\/td><td>\u22652000<\/td><td>2500-4500<\/td><td>\u2264130<\/td><td>22\/15<\/td><\/tr><tr><td>Y81-2000B<\/td><td>2000<\/td><td>1800*1400*900<\/td><td>450*450<\/td><td>\u22652000<\/td><td>3000-5000<\/td><td>\u2264130<\/td><td>30\/37<\/td><\/tr><tr><td>Y81-2500A<\/td><td>2500<\/td><td>2000*1400*900<\/td><td>500*500<\/td><td>\u22652000<\/td><td>4000-6300<\/td><td>\u2264130<\/td><td>44\/60<\/td><\/tr><tr><td>Y81-2500B<\/td><td>2500<\/td><td>2000*1750*1000<\/td><td>500*500<\/td><td>\u22652000<\/td><td>5000-6300<\/td><td>\u2264150<\/td><td>44<\/td><\/tr><tr><td>Y81-2500C<\/td><td>2500<\/td><td>2000*1750*1200<\/td><td>600*600<\/td><td>\u22652000<\/td><td>5500-6500<\/td><td>\u2264150<\/td><td>60<\/td><\/tr><tr><td>Y81-2500D<\/td><td>2500<\/td><td>2500*2000*1200<\/td><td>600*600<\/td><td>\u22652000<\/td><td>5500-6500<\/td><td>\u2264150<\/td><td>60<\/td><\/tr><tr><td>Y81-3150A<\/td><td>3150<\/td><td>2000*1750*1000<\/td><td>500*500<\/td><td>\u22652000<\/td><td>4000-6500<\/td><td>\u2264150<\/td><td>60<\/td><\/tr><tr><td>Y81-3150B<\/td><td>3150<\/td><td>2000*1750*1200<\/td><td>600*600<\/td><td>\u22652000<\/td><td>5000-7000<\/td><td>\u2264150<\/td><td>60<\/td><\/tr><tr><td>Y81-3150C<\/td><td>3150<\/td><td>2500*2000*1200<\/td><td>600*600<\/td><td>\u22652000<\/td><td>6000-8000<\/td><td>\u2264150<\/td><td>90<\/td><\/tr><tr><td>Y81-3150D<\/td><td>3150<\/td><td>3000*2500*1200<\/td><td>600*600<\/td><td>\u22652000<\/td><td>6000-8000<\/td><td>\u2264160<\/td><td>90<\/td><\/tr><tr><td>Y81-4000A<\/td><td>4000<\/td><td>2500*2000*1200<\/td><td>600*600<\/td><td>\u22652000<\/td><td>5000-7500<\/td><td>\u2264160<\/td><td>90<\/td><\/tr><tr><td>Y81-4000B<\/td><td>4000<\/td><td>3000*2500*1200<\/td><td>600*600<\/td><td>\u22652000<\/td><td>8500-13000<\/td><td>\u2264160<\/td><td>90<\/td><\/tr><tr><td>Y81-4000C<\/td><td>4000<\/td><td>3500*3000*1200<\/td><td>600*600<\/td><td>\u22652000<\/td><td>9500-14000<\/td><td>\u2264160<\/td><td>90<\/td><\/tr><\/tbody><\/table><figcaption class=\"wp-element-caption\">par\u00e1metros de la empacadora de metal<\/figcaption><\/figure>    <figure class=\"wp-block-image size-full\"><img loading=\"lazy\" decoding=\"async\" width=\"720\" height=\"540\" src=\"https:\/\/shuliybaler.com\/wp-content\/uploads\/2019\/12\/3.jpg\" alt=\"empacadora de metales \" class=\"wp-image-2037\" title=\"\"><figcaption class=\"wp-element-caption\">Empacadora de metales <\/figcaption><\/figure>    <p class=\"translation-block\">El modelo de par\u00e1metro de la <a href=\"https:\/\/shuliybaler.com\/es\/vertical-metal-baler\/\">prensa de metal<\/a> representa la fuerza de empuje de la m\u00e1quina. Cuanto mayor sea el modelo, mayor ser\u00e1 la fuerza de empuje de la m\u00e1quina, lo que significa que se puede procesar una mayor cantidad de metal. Y se puede ver que cada tipo de m\u00e1quina puede producir bloques de metal con la misma especificaci\u00f3n. Al comprar, puede adquirir una m\u00e1quina de empacado de metal seg\u00fan el tama\u00f1o del metal que desee procesar y el tama\u00f1o que quiera comprimir.<\/p>    <h2 class=\"wp-block-heading\">\u00bfQu\u00e9 factores afectan la calidad de la empacadora de chatarra?<\/h2>    <figure class=\"wp-block-gallery has-nested-images columns-2 is-cropped wp-block-gallery-4 is-layout-flex wp-block-gallery-is-layout-flex\"> <figure class=\"wp-block-image size-large\"><img loading=\"lazy\" decoding=\"async\" width=\"720\" height=\"540\" data-id=\"2036\" src=\"https:\/\/shuliybaler.com\/wp-content\/uploads\/2019\/12\/11.jpg\" alt=\"fardo de chatarra de aluminio\" class=\"wp-image-2036\" title=\"\"><figcaption class=\"wp-element-caption\">Bala de chatarra de aluminio<\/figcaption><\/figure>    <figure class=\"wp-block-image size-large\"><img loading=\"lazy\" decoding=\"async\" width=\"720\" height=\"540\" data-id=\"2034\" src=\"https:\/\/shuliybaler.com\/wp-content\/uploads\/2019\/12\/10.jpg\" alt=\"fardo de chatarra de aluminio\" class=\"wp-image-2034\" title=\"\"><figcaption class=\"wp-element-caption\">Bala de chatarra de aluminio<\/figcaption><\/figure>    <figure class=\"wp-block-image size-large\"><img loading=\"lazy\" decoding=\"async\" width=\"720\" height=\"540\" data-id=\"2033\" src=\"https:\/\/shuliybaler.com\/wp-content\/uploads\/2019\/12\/timg-18.jpg\" alt=\"fardo de chatarra de aluminio\" class=\"wp-image-2033\" title=\"\"><figcaption class=\"wp-element-caption\">Bala de chatarra de aluminio<\/figcaption><\/figure>    <figure class=\"wp-block-image size-large\"><img loading=\"lazy\" decoding=\"async\" width=\"720\" height=\"540\" data-id=\"2032\" src=\"https:\/\/shuliybaler.com\/wp-content\/uploads\/2019\/12\/10602767033_1781001424.jpg\" alt=\"fardo de chatarra de aluminio\" class=\"wp-image-2032\" title=\"\"><figcaption class=\"wp-element-caption\">Bala de chatarra de aluminio<\/figcaption><\/figure> <\/figure>    <p class=\"translation-block\"><a href=\"https:\/\/shuliybaler.com\/es\/what-factors-affect-the-quality-of-the-metal-baler\/\">\u00bfQu\u00e9 aspectos debemos evaluar para la calidad de la prensa de metal?<\/a> La m\u00e1quina puede seleccionarse por materiales, sistema hidr\u00e1ulico, presi\u00f3n m\u00e1xima, etc. La temperatura aumentar\u00e1 cuando la m\u00e1quina est\u00e9 en funcionamiento. El incremento de temperatura del aceite hidr\u00e1ulico est\u00e1 afectado por muchas razones. Se ha observado que cuando la temperatura del aceite de la maquinaria hidr\u00e1ulica aumenta, los usuarios pueden identificar las siguientes razones. Por ejemplo, la disipaci\u00f3n de calor de la prensa de metal es deficiente. Con el desarrollo de la industria.<\/p>    <h2 class=\"wp-block-heading\">V\u00eddeo de la m\u00e1quina empacadora de metales.<\/h2>    <figure class=\"wp-block-embed is-type-video is-provider-youtube wp-block-embed-youtube wp-embed-aspect-16-9 wp-has-aspect-ratio\"><div class=\"wp-block-embed__wrapper\"> <iframe loading=\"lazy\" title=\"\u00bfQu\u00e9 metal de aluminio prensado en la f\u00e1brica de reciclaje? | m\u00e1quina empacadora de metales | empacadora de chatarra\" width=\"500\" height=\"281\" src=\"https:\/\/www.youtube.com\/embed\/XzuHDaIrrcI?feature=oembed\" frameborder=\"0\" allow=\"accelerometer; autoplay; clipboard-write; encrypted-media; gyroscope; picture-in-picture; web-share\" referrerpolicy=\"strict-origin-when-cross-origin\" allowfullscreen><\/iframe> <\/div><figcaption class=\"wp-element-caption\">m\u00e1quina empacadora de metales<\/figcaption><\/figure>","protected":false},"excerpt":{"rendered":"<p>Scrap metal baler&nbsp;is used for metal recycling industry metal compression machine, through the processing of the machine can be irregular metal compression into a specific size of the square, easy to transport and storage, the metal baling machine can be used for the metal recycling industry, can also be used for scrap car recycling industry, [&hellip;]<\/p>\n","protected":false},"author":1,"featured_media":2023,"parent":0,"template":"","tags":[],"product-type":[41],"class_list":["post-654","product","type-product","status-publish","has-post-thumbnail","hentry","product-type-metal-baler-machine"],"_links":{"self":[{"href":"https:\/\/shuliybaler.com\/es\/wp-json\/wp\/v2\/product\/654","targetHints":{"allow":["GET"]}}],"collection":[{"href":"https:\/\/shuliybaler.com\/es\/wp-json\/wp\/v2\/product"}],"about":[{"href":"https:\/\/shuliybaler.com\/es\/wp-json\/wp\/v2\/types\/product"}],"author":[{"embeddable":true,"href":"https:\/\/shuliybaler.com\/es\/wp-json\/wp\/v2\/users\/1"}],"wp:featuredmedia":[{"embeddable":true,"href":"https:\/\/shuliybaler.com\/es\/wp-json\/wp\/v2\/media\/2023"}],"wp:attachment":[{"href":"https:\/\/shuliybaler.com\/es\/wp-json\/wp\/v2\/media?parent=654"}],"wp:term":[{"taxonomy":"post_tag","embeddable":true,"href":"https:\/\/shuliybaler.com\/es\/wp-json\/wp\/v2\/tags?post=654"},{"taxonomy":"product-type","embeddable":true,"href":"https:\/\/shuliybaler.com\/es\/wp-json\/wp\/v2\/product-type?post=654"}],"curies":[{"name":"wp","href":"https:\/\/api.w.org\/{rel}","templated":true}]}}