{"id":19,"date":"2019-11-30T01:26:31","date_gmt":"2019-11-30T01:26:31","guid":{"rendered":"https:\/\/shuliybaler.com\/?page_id=19"},"modified":"2022-09-28T15:34:50","modified_gmt":"2022-09-28T07:34:50","slug":"services","status":"publish","type":"page","link":"https:\/\/shuliybaler.com\/fr\/services\/","title":{"rendered":"Prestations de service"},"content":{"rendered":"<h2 class=\"wp-block-heading\"> Services techniques<\/h2>    <p>1. Avant d'acheter la machine, vous pouvez communiquer avec nos conseillers commerciaux, ils r\u00e9soudront les probl\u00e8mes de la machine pour vous. Si vous en avez besoin, vous pouvez \u00e9galement contacter directement notre \u00e9quipe technique pour une r\u00e9ponse plus professionnelle.<\/p>    <p>2. Apr\u00e8s avoir achet\u00e9 la machine, nous vous enverrons des vid\u00e9os, des images, des fichiers, etc. pour guider l'installation de votre machine. Si n\u00e9cessaire, nous pouvons envoyer des techniciens dans votre pays pour r\u00e9soudre une s\u00e9rie de probl\u00e8mes tels que l'installation et l'utilisation.<\/p>    <p>3. Notre soci\u00e9t\u00e9 fournit divers services tels que la conception d'usine, le calcul de la superficie de l'usine, le dessin d'usine, etc.<\/p>    <p>4. N'h\u00e9sitez pas \u00e0 nous envoyer un message dans les 24 heures.<\/p>    <figure class=\"wp-block-image size-large\"><img loading=\"lazy\" decoding=\"async\" width=\"800\" height=\"500\" src=\"https:\/\/shuliybaler.com\/wp-content\/uploads\/2019\/12\/Technischer-Support.jpg\" alt=\"Support technique\" class=\"wp-image-450\" title=\"\" srcset=\"https:\/\/shuliybaler.com\/wp-content\/uploads\/2019\/12\/Technischer-Support.jpg 800w, https:\/\/shuliybaler.com\/wp-content\/uploads\/2019\/12\/Technischer-Support-360x225.jpg 360w, https:\/\/shuliybaler.com\/wp-content\/uploads\/2019\/12\/Technischer-Support-720x450.jpg 720w, https:\/\/shuliybaler.com\/wp-content\/uploads\/2019\/12\/Technischer-Support-768x480.jpg 768w\" sizes=\"auto, (max-width: 800px) 100vw, 800px\" \/><figcaption>Support technique<\/figcaption><\/figure>    <h2 class=\"wp-block-heading\">Prise en charge de la personnalisation<\/h2>    <p>La plupart des machines prennent en charge la personnalisation pour r\u00e9pondre aux diff\u00e9rentes exigences des clients. La personnalisation inclut le mat\u00e9riau de la machine, l'\u00e9paisseur du mat\u00e9riau, la taille du moule de la machine, le changement de tension, etc.<\/p>    <div class=\"wp-block-media-text alignwide is-stacked-on-mobile\"><figure class=\"wp-block-media-text__media\"><img loading=\"lazy\" decoding=\"async\" width=\"720\" height=\"540\" src=\"https:\/\/shuliybaler.com\/wp-content\/uploads\/2019\/12\/Pick-up-managing-customer-accommodation.jpg\" alt=\"\" class=\"wp-image-452 size-full\" title=\"\" srcset=\"https:\/\/shuliybaler.com\/wp-content\/uploads\/2019\/12\/Pick-up-managing-customer-accommodation.jpg 720w, https:\/\/shuliybaler.com\/wp-content\/uploads\/2019\/12\/Pick-up-managing-customer-accommodation-360x270.jpg 360w, https:\/\/shuliybaler.com\/wp-content\/uploads\/2019\/12\/Pick-up-managing-customer-accommodation-180x135.jpg 180w\" sizes=\"auto, (max-width: 720px) 100vw, 720px\" \/><\/figure><div class=\"wp-block-media-text__content\"> <h2 class=\"wp-block-heading\">R\u00e9ception des invit\u00e9s<\/h2>    <p>Si vous souhaitez tester ou visiter notre usine, nous pouvons fournir un service de prise en charge sp\u00e9cial, un service de personnalisation d'h\u00f4tel, un service de restauration, etc., pour vous offrir une tranquillit\u00e9 d'esprit suppl\u00e9mentaire lorsque vous \u00eates dans un pays \u00e9tranger.<\/p> <\/div><\/div>    <div class=\"wp-block-media-text alignwide has-media-on-the-right is-stacked-on-mobile\"><figure class=\"wp-block-media-text__media\"><img loading=\"lazy\" decoding=\"async\" width=\"720\" height=\"540\" src=\"https:\/\/shuliybaler.com\/wp-content\/uploads\/2019\/12\/Support-all-forms-of-logistics.jpg\" alt=\"Accompagner toutes les formes de logistique\" class=\"wp-image-453 size-full\" title=\"\" srcset=\"https:\/\/shuliybaler.com\/wp-content\/uploads\/2019\/12\/Support-all-forms-of-logistics.jpg 720w, https:\/\/shuliybaler.com\/wp-content\/uploads\/2019\/12\/Support-all-forms-of-logistics-360x270.jpg 360w, https:\/\/shuliybaler.com\/wp-content\/uploads\/2019\/12\/Support-all-forms-of-logistics-180x135.jpg 180w\" sizes=\"auto, (max-width: 720px) 100vw, 720px\" \/><\/figure><div class=\"wp-block-media-text__content\"> <h2 class=\"wp-block-heading\">Logistique\u00a0et\u00a0autres<\/h2>    <p> Selon sa taille, la machine sera emball\u00e9e dans des conteneurs ou des caisses en bois, offrant diverses m\u00e9thodes de transport.  <\/p> <\/div><\/div>    <p><\/p>","protected":false},"excerpt":{"rendered":"<p>Technical&nbsp;services 1. Before purchasing the machine, you can communicate with our sales consultants, they will solve the machine problems for you. If you need it, you can also contact our technical staff directly for a more professional answer. 2. After purchasing the machine, we will send you videos, pictures, files, etc. to guide your machine [&hellip;]<\/p>\n","protected":false},"author":1,"featured_media":0,"parent":0,"menu_order":0,"comment_status":"closed","ping_status":"closed","template":"","meta":{"footnotes":""},"class_list":["post-19","page","type-page","status-publish","hentry"],"_links":{"self":[{"href":"https:\/\/shuliybaler.com\/fr\/wp-json\/wp\/v2\/pages\/19","targetHints":{"allow":["GET"]}}],"collection":[{"href":"https:\/\/shuliybaler.com\/fr\/wp-json\/wp\/v2\/pages"}],"about":[{"href":"https:\/\/shuliybaler.com\/fr\/wp-json\/wp\/v2\/types\/page"}],"author":[{"embeddable":true,"href":"https:\/\/shuliybaler.com\/fr\/wp-json\/wp\/v2\/users\/1"}],"replies":[{"embeddable":true,"href":"https:\/\/shuliybaler.com\/fr\/wp-json\/wp\/v2\/comments?post=19"}],"version-history":[{"count":0,"href":"https:\/\/shuliybaler.com\/fr\/wp-json\/wp\/v2\/pages\/19\/revisions"}],"wp:attachment":[{"href":"https:\/\/shuliybaler.com\/fr\/wp-json\/wp\/v2\/media?parent=19"}],"curies":[{"name":"wp","href":"https:\/\/api.w.org\/{rel}","templated":true}]}}