{"id":23,"date":"2019-11-30T01:27:16","date_gmt":"2019-11-30T01:27:16","guid":{"rendered":"https:\/\/shuliybaler.com\/?page_id=23"},"modified":"2022-09-27T11:02:06","modified_gmt":"2022-09-27T03:02:06","slug":"about-us","status":"publish","type":"page","link":"https:\/\/shuliybaler.com\/fr\/about-us\/","title":{"rendered":"\u00c0 propos de nous"},"content":{"rendered":"<p>Shuliy Machinery Co., Ltd. est situ\u00e9e dans la zone de d\u00e9veloppement \u00e9conomique de Zhengzhou, province du Henan, avec un transport pratique. C'est une entreprise professionnelle int\u00e9grant la recherche et le d\u00e9veloppement, la fabrication et la vente de machines. Notre soci\u00e9t\u00e9 a \u00e9t\u00e9 fond\u00e9e en 2011 mais poss\u00e8de une exp\u00e9rience r\u00e9elle dans la fabrication de machines et une exp\u00e9rience de vente depuis plus de dix ans. Apr\u00e8s le d\u00e9veloppement de ces ann\u00e9es, notre soci\u00e9t\u00e9 est devenue un leader dans le recyclage, le concassage et le briquetage de divers d\u00e9chets m\u00e9talliques en Chine.<\/p>    <figure class=\"wp-block-image size-large\"><img decoding=\"async\" src=\"https:\/\/shuliybaler.com\/wp-content\/uploads\/2020\/01\/certification-of-Shuliy-machinery.jpg\" alt=\"certification des machines Shuliy\" title=\"\"><figcaption>Certification-des-Machines-Shuliy<\/figcaption><\/figure>    <h2 class=\"wp-block-heading\" id=\"h-enterprise-team\"><strong>\u00c9quipe d'entreprise<\/strong><\/h2>    <p>Dans le processus de d\u00e9veloppement de l\u2019entreprise, nous attachons une grande importance au d\u00e9veloppement et \u00e0 la formation des talents et disposons d\u2019un groupe de professionnels innovants et comp\u00e9tents. Actuellement, l'entreprise compte plus de 100 salari\u00e9s. Notre entreprise dispose non seulement d'un personnel exp\u00e9riment\u00e9 et hautement qualifi\u00e9, mais elle s'adapte \u00e9galement \u00e0 son temps pour absorber et accepter les jeunes qui osent innover.<\/p>    <h2 class=\"wp-block-heading\" id=\"h-main-machine\"><strong>Appareil principal<\/strong><\/h2>    <p>\u00c0 l'heure actuelle, les principaux produits de notre soci\u00e9t\u00e9 comprennent des presses \u00e0 balles m\u00e9talliques, des cisailles \u00e0 m\u00e9taux, des broyeurs de m\u00e9taux, des machines \u00e0 briquettes de copeaux m\u00e9talliques, etc. Poursuivant la mission de \u00ab\u00a0Laisser les machines chinoises se propager aux quatre coins du monde\u00a0\u00bb, notre champ d'activit\u00e9 est en constante expansion. Aujourd'hui, nos machines ont \u00e9t\u00e9 vendues avec succ\u00e8s dans plus de 80 pays, dont le Nigeria, l'Inde, les \u00c9tats-Unis, la Malaisie, le Soudan, les \u00c9mirats arabes unis, le Royaume-Uni, le Sri Lanka, le Pakistan, la Tha\u00eflande, l'Alg\u00e9rie et l'Ouganda. Et gr\u00e2ce \u00e0 l'excellente qualit\u00e9 de la machine, le prix raisonnable a suscit\u00e9 de nombreux \u00e9loges parmi nos clients.<\/p>    <h2 class=\"wp-block-heading\" id=\"h-company-culture\"><strong>culture d'entreprise<\/strong><\/h2>    <p>Vision\u00a0: Cr\u00e9er une plateforme optimale pour aider les employ\u00e9s \u00e0 se d\u00e9velopper.<\/p>    <p>Mission\u00a0:\u00a0Laisser les machines chinoises se r\u00e9pandre aux quatre coins du monde.<\/p>    <p>Valeurs\u00a0:\u00a0int\u00e9grit\u00e9, gratitude, altruisme et entraide.<\/p>    <p>Le groupe Shuliy n'a jamais cess\u00e9 d'avancer. D'une petite entreprise de moins de dix personnes, nous sommes pass\u00e9s \u00e9tape par \u00e9tape \u00e0 aujourd'hui. Ce n'est certainement pas la chance qui permet d'obtenir les r\u00e9sultats aujourd'hui, mais la force ! Nous sommes impatients d'\u00e9tablir des relations de coop\u00e9ration avec davantage d'amis \u00e9trangers et invitons chaque ami \u00e9tranger \u00e0 visiter notre usine.<\/p>","protected":false},"excerpt":{"rendered":"<p>Shuliy Machinery Co., Ltd. is located in Zhengzhou Economic Development Zone, Henan Province with convenient transportation. It is a professional company integrating machine research and development, manufacturing and sales. Our company was founded in 2011 but has actual machine manufacturing experience and sales experience for more than ten years. After the development of these years, [&hellip;]<\/p>\n","protected":false},"author":1,"featured_media":0,"parent":0,"menu_order":0,"comment_status":"closed","ping_status":"closed","template":"","meta":{"footnotes":""},"class_list":["post-23","page","type-page","status-publish","hentry"],"light_meta":{"_ez-toc-disabled":"","_ez-toc-insert":"","_ez-toc-heading-levels":[],"_ez-toc-alttext":"","_ez-toc-exclude":"","_yoast_wpseo_content_score":"60","_yoast_wpseo_focuskeywords":"[]","_yoast_wpseo_keywordsynonyms":"[\"\"]","_yoast_wpseo_estimated-reading-time-minutes":"2","rank_math_news_sitemap_robots":"index","rank_math_robots":["index"],"rank_math_analytic_object_id":"41","rank_math_seo_score":"8","rank_math_og_content_image":{"check":"0bbd9335a6b8bd627277d682e593b891","images":[696]},"rank_math_internal_links_processed":"1"},"seo_meta":{"title":"","description":"","focusKeyword":"","canonicalUrl":"https:\/\/shuliybaler.com\/fr\/about-us\/","robots":[],"ogTitle":"","ogDescription":"","ogImage":"","twitterTitle":"","twitterDescription":"","twitterImage":"","primaryCategory":0,"seoScore":0,"schemas":[],"source":"none"},"_links":{"self":[{"href":"https:\/\/shuliybaler.com\/fr\/wp-json\/wp\/v2\/pages\/23","targetHints":{"allow":["GET"]}}],"collection":[{"href":"https:\/\/shuliybaler.com\/fr\/wp-json\/wp\/v2\/pages"}],"about":[{"href":"https:\/\/shuliybaler.com\/fr\/wp-json\/wp\/v2\/types\/page"}],"author":[{"embeddable":true,"href":"https:\/\/shuliybaler.com\/fr\/wp-json\/wp\/v2\/users\/1"}],"replies":[{"embeddable":true,"href":"https:\/\/shuliybaler.com\/fr\/wp-json\/wp\/v2\/comments?post=23"}],"version-history":[{"count":0,"href":"https:\/\/shuliybaler.com\/fr\/wp-json\/wp\/v2\/pages\/23\/revisions"}],"wp:attachment":[{"href":"https:\/\/shuliybaler.com\/fr\/wp-json\/wp\/v2\/media?parent=23"}],"curies":[{"name":"wp","href":"https:\/\/api.w.org\/{rel}","templated":true}]}}