{"id":2686,"date":"2022-07-26T16:12:20","date_gmt":"2022-07-26T08:12:20","guid":{"rendered":"https:\/\/shuliybaler.com\/?p=2686"},"modified":"2025-02-08T15:24:58","modified_gmt":"2025-02-08T07:24:58","slug":"scrap-metal-shredder-machine","status":"publish","type":"product","link":"https:\/\/shuliybaler.com\/fr\/product\/broyeur-de-ferraille\/","title":{"rendered":"Broyeur de ferraille | machine de concassage de pneus usag\u00e9s"},"content":{"rendered":"<p>La machine de broyage de ferraille est utilis\u00e9e pour les broyeurs de m\u00e9taux. Il peut \u00eatre utilis\u00e9 pour les mati\u00e8res premi\u00e8res contenant des d\u00e9chets m\u00e9talliques, ainsi que pour les principaux d\u00e9chets automobiles, les d\u00e9chets de base et d'autres produits. Il existe des restes de mati\u00e8res premi\u00e8res provenant des broyeurs de m\u00e9taux. Broyage de grosses mati\u00e8res premi\u00e8res m\u00e9talliques pour un recyclage et un traitement faciles. Il est utilis\u00e9 pour l\u2019industrie du recyclage, l\u2019industrie de transformation des d\u00e9chets d\u2019appareils \u00e9lectrom\u00e9nagers et le concassage des d\u00e9chets de meubles en m\u00e9tal.<\/p>    <figure class=\"wp-block-embed is-type-video is-provider-youtube wp-block-embed-youtube wp-embed-aspect-16-9 wp-has-aspect-ratio\"><div class=\"wp-block-embed__wrapper\"> <iframe loading=\"lazy\" title=\"Quelle machine de concassage de m\u00e9tal peut \u00e9craser n&#039;importe quoi ? broyeur de ferraille | broyeur de ferraille\" width=\"500\" height=\"281\" src=\"https:\/\/www.youtube.com\/embed\/Vk_1d0oict8?feature=oembed\" frameborder=\"0\" allow=\"accelerometer; autoplay; clipboard-write; encrypted-media; gyroscope; picture-in-picture; web-share\" referrerpolicy=\"strict-origin-when-cross-origin\" allowfullscreen><\/iframe> <\/div><\/figure>    <h2 class=\"wp-block-heading\">Mati\u00e8re premi\u00e8re de la machine de broyage de ferraille<\/h2>   <div class=\"wp-block-image\"> <figure class=\"aligncenter size-full\"><img loading=\"lazy\" decoding=\"async\" width=\"720\" height=\"540\" src=\"https:\/\/shuliybaler.com\/wp-content\/uploads\/2022\/07\/3DScrap-metal-shredder-machine.webp\" alt=\"Broyeur de m\u00e9taux 3DScrap\" class=\"wp-image-2697\" title=\"\"><figcaption class=\"wp-element-caption\">Broyeur de ferraille mod\u00e8le 3D<\/figcaption><\/figure> <\/div>   <p>Le broyeur multifonction convient au d\u00e9chiquetage de toutes sortes de d\u00e9chets m\u00e9talliques, bois, plastique, mat\u00e9riaux de cadre, tapis roulant de d\u00e9chets, armoire en fer, d\u00e9chets de t\u00e9l\u00e9vision, r\u00e9frig\u00e9rateur, climatiseur, machine \u00e0 laver, ordinateurs, t\u00e9l\u00e9phones portables, cong\u00e9lateurs, etc. d\u00e9chets d'appareils \u00e9lectrom\u00e9nagers et coques d'appareils \u00e9lectrom\u00e9nagers, laine de verre, verre, d\u00e9chets de fournitures de bureau, coques de moteur, d\u00e9chets d'appareils \u00e9lectriques, coques de batterie, meubles en acier, etc. La taille de sortie de la d\u00e9chiqueteuse de ferraille peut \u00eatre ajust\u00e9e en fonction des besoins de l'utilisateur. L'\u00e9quipement de broyage de ferraille adopte un contr\u00f4le automatique et a les fonctions de d\u00e9marrage, d'arr\u00eat, d'inversion et de surcharge du contr\u00f4le d'inversion automatique, afin que l'utilisateur puisse r\u00e9duire les dommages caus\u00e9s \u00e0 l'\u00e9quipement en raison d'erreurs de fonctionnement. Selon les exigences du client en mati\u00e8re de produits finis, diff\u00e9rentes configurations d'outils sont remplac\u00e9es et l'arbre du broyeur adopte le processus de traitement thermique, de sorte que les pi\u00e8ces d'usure de l'ensemble de la machine soient r\u00e9sistantes \u00e0 l'usure et durables, et que l'utilisation soit grandement am\u00e9lior\u00e9e. <\/p>    <figure class=\"wp-block-gallery has-nested-images columns-2 is-cropped wp-block-gallery-2 is-layout-flex wp-block-gallery-is-layout-flex\"> <figure class=\"wp-block-image size-large\"><img loading=\"lazy\" decoding=\"async\" width=\"720\" height=\"540\" data-id=\"2698\" src=\"https:\/\/shuliybaler.com\/wp-content\/uploads\/2022\/07\/waste-tires.webp\" alt=\"pneus usag\u00e9s\" class=\"wp-image-2698\" title=\"\"><figcaption class=\"wp-element-caption\">Pneus usag\u00e9s<\/figcaption><\/figure>    <figure class=\"wp-block-image size-large\"><img loading=\"lazy\" decoding=\"async\" width=\"720\" height=\"540\" data-id=\"2699\" src=\"https:\/\/shuliybaler.com\/wp-content\/uploads\/2022\/07\/scrap-car.webp\" alt=\"voiture de ferraille\" class=\"wp-image-2699\" title=\"\"><figcaption class=\"wp-element-caption\">Voiture de ferraille<\/figcaption><\/figure>    <figure class=\"wp-block-image size-large\"><img loading=\"lazy\" decoding=\"async\" width=\"720\" height=\"540\" data-id=\"2700\" src=\"https:\/\/shuliybaler.com\/wp-content\/uploads\/2022\/07\/wooden-pallet.webp\" alt=\"palette en bois\" class=\"wp-image-2700\" title=\"\"><figcaption class=\"wp-element-caption\">Palette en bois<\/figcaption><\/figure>    <figure class=\"wp-block-image size-large\"><img loading=\"lazy\" decoding=\"async\" width=\"720\" height=\"540\" data-id=\"2701\" src=\"https:\/\/shuliybaler.com\/wp-content\/uploads\/2022\/07\/Waste-household-appliances.webp\" alt=\"D\u00e9chets d&#039;appareils \u00e9lectrom\u00e9nagers\" class=\"wp-image-2701\" title=\"\"><figcaption class=\"wp-element-caption\">D\u00e9chets d'appareils \u00e9lectrom\u00e9nagers<\/figcaption><\/figure> <\/figure>    <h2 class=\"wp-block-heading\">Structure de la machine de broyage de ferraille<\/h2>   <div class=\"wp-block-image\"> <figure class=\"aligncenter size-full\"><img loading=\"lazy\" decoding=\"async\" width=\"720\" height=\"540\" src=\"https:\/\/shuliybaler.com\/wp-content\/uploads\/2022\/07\/waste-tire-crushing-machine.webp\" alt=\"machine de concassage de pneus usag\u00e9s\" class=\"wp-image-2703\" title=\"\"><figcaption class=\"wp-element-caption\">machine de concassage de pneus usag\u00e9s<\/figcaption><\/figure> <\/div>   <p>La structure du broyeur de m\u00e9taux comprend principalement l'orifice d'alimentation, l'orifice de d\u00e9charge, le couteau, le moteur, la base de la machine, le r\u00e9ducteur, etc. La machine tourne l'une par rapport \u00e0 l'autre \u00e0 travers les deux couteaux, puis presse la ferraille et utilise ensuite le cutter pour couper le m\u00e9tal, g\u00e9n\u00e9ralement gros. Une fois le morceau de m\u00e9tal plac\u00e9 dans la d\u00e9chiqueteuse de ferraille, la machine le d\u00e9composera d'elle-m\u00eame.<\/p>    <h2 class=\"wp-block-heading\">La m\u00e9thode d'alimentation et de d\u00e9chargement de la machine de concassage de pneus usag\u00e9s<\/h2>   <div class=\"wp-block-image\"> <figure class=\"aligncenter size-full\"><img loading=\"lazy\" decoding=\"async\" width=\"720\" height=\"540\" src=\"https:\/\/shuliybaler.com\/wp-content\/uploads\/2022\/07\/waste-tire-crushing-machine-1.webp\" alt=\"machine de concassage de pneus usag\u00e9s\" class=\"wp-image-2704\" title=\"\"><figcaption class=\"wp-element-caption\">machine de concassage de pneus usag\u00e9s<\/figcaption><\/figure> <\/div>   <p>G\u00e9n\u00e9ralement, les produits qui doivent \u00eatre mis dans ce broyeur de m\u00e9taux sont \u00e9normes, comme les ferraille de voitures, les barils de fer, les vieux appareils \u00e9lectrom\u00e9nagers, etc. Si les produits \u00e0 briser sont trop gros, des outils tels que des grues \u00e0 tour sont n\u00e9cessaires pour les mettre. choses dans la machine. Bien s\u00fbr, si vous \u00e9crasez un tr\u00e8s petit produit comme un v\u00e9lo et que vous le jetez directement dans la machine. Une fois le m\u00e9tal bris\u00e9, il sortira du bas de la machine. Des bandes transporteuses peuvent \u00eatre plac\u00e9es sous la machine pour une production de fleurs enti\u00e8rement automatique.<\/p>    <h2 class=\"wp-block-heading\">Couteau de machine de concassage de pneus usag\u00e9s<\/h2>    <figure class=\"wp-block-gallery has-nested-images columns-2 is-cropped wp-block-gallery-3 is-layout-flex wp-block-gallery-is-layout-flex\"> <figure class=\"wp-block-image size-large\"><img loading=\"lazy\" decoding=\"async\" width=\"720\" height=\"540\" data-id=\"2705\" src=\"https:\/\/shuliybaler.com\/wp-content\/uploads\/2022\/07\/knife-of-metal-shredder.webp\" alt=\"couteau de broyeur de m\u00e9taux\" class=\"wp-image-2705\" title=\"\"><figcaption class=\"wp-element-caption\">Couteau de broyeur de m\u00e9taux<\/figcaption><\/figure>    <figure class=\"wp-block-image size-large\"><img loading=\"lazy\" decoding=\"async\" width=\"720\" height=\"540\" data-id=\"2706\" src=\"https:\/\/shuliybaler.com\/wp-content\/uploads\/2022\/07\/knife-of-metal-shredder-1.webp\" alt=\"couteau de broyeur de m\u00e9taux\" class=\"wp-image-2706\" title=\"\"><figcaption class=\"wp-element-caption\">Couteau de broyeur de m\u00e9taux<\/figcaption><\/figure>    <figure class=\"wp-block-image size-large\"><img loading=\"lazy\" decoding=\"async\" width=\"720\" height=\"540\" data-id=\"2707\" src=\"https:\/\/shuliybaler.com\/wp-content\/uploads\/2022\/07\/knife-of-metal-shredder-2.webp\" alt=\"couteau de broyeur de m\u00e9taux\" class=\"wp-image-2707\" title=\"\"><figcaption class=\"wp-element-caption\">Couteau de broyeur de m\u00e9taux<\/figcaption><\/figure>    <figure class=\"wp-block-image size-large\"><img loading=\"lazy\" decoding=\"async\" width=\"720\" height=\"540\" data-id=\"2708\" src=\"https:\/\/shuliybaler.com\/wp-content\/uploads\/2022\/07\/knife-of-metal-shredder-3.webp\" alt=\"couteau de broyeur de m\u00e9taux\" class=\"wp-image-2708\" title=\"\"><figcaption class=\"wp-element-caption\">Couteau de broyeur de m\u00e9taux<\/figcaption><\/figure> <\/figure>    <p>Les couteaux du broyeur sont configur\u00e9s selon le mod\u00e8le de la machine. G\u00e9n\u00e9ralement, les couteaux des machines \u00e0 grande \u00e9chelle sont plus \u00e9pais. D'une mani\u00e8re g\u00e9n\u00e9rale, le prix sera plus \u00e9lev\u00e9. De plus, cela est \u00e9galement li\u00e9 au produit fini. Les couteaux sont \u00e9galement li\u00e9s \u00e0 la densit\u00e9 des dents de la machine. Il existe diff\u00e9rents mat\u00e9riaux. Si vous souhaitez \u00e9craser des pneus, vous pouvez utiliser des fraises 55SiCr. Si vous souhaitez \u00e9craser des m\u00e9taux l\u00e9gers et fins, vous avez besoin de couteaux 9CrSi, mais si vous souhaitez \u00e9craser des m\u00e9taux plus \u00e9pais et plus durs, vous avez besoin du couteau le plus r\u00e9sistant, le mat\u00e9riau H13. C'est-\u00e0-dire que l'outil en mat\u00e9riau H13 est utilis\u00e9 pour des mat\u00e9riaux de toute r\u00e9sistance. Mais les outils 55SiCr ne peuvent pas \u00eatre utilis\u00e9s pour couper des m\u00e9taux \u00e9pais. Faites attention lorsque vous achetez un broyeur de m\u00e9taux.<\/p>    <figure class=\"wp-block-table\"><table><tbody><tr><td>mat\u00e9riel<\/td><td>Principaux documents de candidature<\/td><\/tr><tr><td>55SiCr (Cinq ou cinq fer de silicium)<\/td><td>bois, plastique<\/td><\/tr><tr><td>9CrSi (9 silicium soud\u00e9)<\/td><td>caoutchouc, m\u00e9tal<\/td><\/tr><tr><td>H13<\/td><td>m\u00e9tal<\/td><\/tr><\/tbody><\/table><\/figure>    <h2 class=\"wp-block-heading\" id=\"h-the-advantages-of-the-metal-shredder-machine\">Les avantages de la broyeuse de m\u00e9taux<\/h2>   <div class=\"wp-block-image\"> <figure class=\"aligncenter size-full\"><img loading=\"lazy\" decoding=\"async\" width=\"720\" height=\"540\" src=\"https:\/\/shuliybaler.com\/wp-content\/uploads\/2022\/07\/metal-shredder.webp\" alt=\"broyeur de m\u00e9taux\" class=\"wp-image-2709\" title=\"\" srcset=\"https:\/\/shuliybaler.com\/wp-content\/uploads\/2022\/07\/metal-shredder.webp 720w, https:\/\/shuliybaler.com\/wp-content\/uploads\/2022\/07\/metal-shredder-360x270.webp 360w, https:\/\/shuliybaler.com\/wp-content\/uploads\/2022\/07\/metal-shredder-180x135.webp 180w\" sizes=\"auto, (max-width: 720px) 100vw, 720px\" \/><figcaption class=\"wp-element-caption\">broyeur de m\u00e9taux<\/figcaption><\/figure> <\/div>   <ul class=\"wp-block-list\"> <li>La taille de la prise peut \u00eatre personnalis\u00e9e<\/li>    <li>R\u00e9sistante \u00e0 l'usure et durable, la machine a une longue dur\u00e9e de vie<\/li>    <li>Faible bruit et haute efficacit\u00e9 lorsque la machine de broyage de ferraille fonctionne<\/li>    <li>Le broyeur de ferraille a une \u00e9tanch\u00e9it\u00e9 solide et prot\u00e8ge l'op\u00e9rateur<\/li> <\/ul>    <h2 class=\"wp-block-heading\">Param\u00e8tres de la machine de broyage de m\u00e9taux<\/h2>    <figure class=\"wp-block-gallery has-nested-images columns-default is-cropped wp-block-gallery-4 is-layout-flex wp-block-gallery-is-layout-flex\"> <figure class=\"wp-block-image size-large\"><img loading=\"lazy\" decoding=\"async\" width=\"720\" height=\"540\" data-id=\"2712\" src=\"https:\/\/shuliybaler.com\/wp-content\/uploads\/2022\/07\/SL-400-metal-shredder.webp\" alt=\"Broyeur de m\u00e9taux SL-400\" class=\"wp-image-2712\" title=\"\" srcset=\"https:\/\/shuliybaler.com\/wp-content\/uploads\/2022\/07\/SL-400-metal-shredder.webp 720w, https:\/\/shuliybaler.com\/wp-content\/uploads\/2022\/07\/SL-400-metal-shredder-360x270.webp 360w, https:\/\/shuliybaler.com\/wp-content\/uploads\/2022\/07\/SL-400-metal-shredder-180x135.webp 180w\" sizes=\"auto, (max-width: 720px) 100vw, 720px\" \/><figcaption class=\"wp-element-caption\">Broyeur de m\u00e9taux Sl-400<\/figcaption><\/figure>    <figure class=\"wp-block-image size-large\"><img loading=\"lazy\" decoding=\"async\" width=\"720\" height=\"540\" data-id=\"2714\" src=\"https:\/\/shuliybaler.com\/wp-content\/uploads\/2022\/07\/Sl-1000-metal-shredder.webp\" alt=\"Broyeur de m\u00e9taux Sl-1000\" class=\"wp-image-2714\" title=\"\" srcset=\"https:\/\/shuliybaler.com\/wp-content\/uploads\/2022\/07\/Sl-1000-metal-shredder.webp 720w, https:\/\/shuliybaler.com\/wp-content\/uploads\/2022\/07\/Sl-1000-metal-shredder-360x270.webp 360w, https:\/\/shuliybaler.com\/wp-content\/uploads\/2022\/07\/Sl-1000-metal-shredder-180x135.webp 180w\" sizes=\"auto, (max-width: 720px) 100vw, 720px\" \/><figcaption class=\"wp-element-caption\">Broyeur de m\u00e9taux Sl-800<\/figcaption><\/figure>    <figure class=\"wp-block-image size-large\"><img loading=\"lazy\" decoding=\"async\" width=\"720\" height=\"540\" data-id=\"2713\" src=\"https:\/\/shuliybaler.com\/wp-content\/uploads\/2022\/07\/SL-800-metal-shredder.webp\" alt=\"Broyeur de m\u00e9taux SL-800\" class=\"wp-image-2713\" title=\"\" srcset=\"https:\/\/shuliybaler.com\/wp-content\/uploads\/2022\/07\/SL-800-metal-shredder.webp 720w, https:\/\/shuliybaler.com\/wp-content\/uploads\/2022\/07\/SL-800-metal-shredder-360x270.webp 360w, https:\/\/shuliybaler.com\/wp-content\/uploads\/2022\/07\/SL-800-metal-shredder-180x135.webp 180w\" sizes=\"auto, (max-width: 720px) 100vw, 720px\" \/><figcaption class=\"wp-element-caption\">Broyeur de m\u00e9taux Sl-1000<\/figcaption><\/figure> <\/figure>    <figure class=\"wp-block-table\"><table><tbody><tr><td>Mod\u00e8le<\/td><td>SL-400<\/td><td>SL-800<\/td><td>Sl-1000<\/td><\/tr><tr><td>Pouvoir<\/td><td>7,5KW*2<\/td><td>18,5KW*2<\/td><td>45KW*2<\/td><\/tr><tr><td>\u00c9paisseur de la lame<\/td><td>20mm<\/td><td>20mm<\/td><td>50mm<\/td><\/tr><tr><td>Num\u00e9ro de lame<\/td><td>20<\/td><td>20<\/td><td>20<\/td><\/tr><tr><td>Dimension<\/td><td>2000*1100*1620mm<\/td><td>3800x1500x1900mm<\/td><td>4500*1900*220mm<\/td><\/tr><tr><td>Poids<\/td><td>1.1T<\/td><td>3,5T<\/td><td>1100KG<\/td><\/tr><\/tbody><\/table><figcaption class=\"wp-element-caption\">param\u00e8tres de la machine de broyage de m\u00e9taux<\/figcaption><\/figure>    <p class=\"translation-block\">Il existe de nombreux mod\u00e8les de machines, le plus petit mod\u00e8le est le SL-400 et le plus grand mod\u00e8le est le SL-2000. Nous recommanderons des mod\u00e8les adapt\u00e9s en fonction des produits \u00e0 broyer. nous avons \u00e9galement une <a href=\"https:\/\/shuliybaler.com\/fr\/scrap-steel-shearing-machine\/\">cisailleuse de ferraille<\/a> \u00e0 vendre et une autre <a href=\"https:\/\/shuliybaler.com\/fr\/vertical-metal-baler\/\">presse \u00e0 balles de papier.<\/a><\/p>","protected":false},"excerpt":{"rendered":"<p>La machine de broyage de ferraille est utilis\u00e9e pour les broyeurs de m\u00e9taux. Il peut \u00eatre utilis\u00e9 pour les mati\u00e8res premi\u00e8res contenant des d\u00e9chets m\u00e9talliques, ainsi que pour les principaux d\u00e9chets automobiles, les d\u00e9chets de base et d'autres produits. Il existe des restes de mati\u00e8res premi\u00e8res provenant des broyeurs de m\u00e9taux. Broyage de grosses mati\u00e8res premi\u00e8res m\u00e9talliques pour un recyclage et un traitement faciles. Il est utilis\u00e9 pour l\u2019industrie du recyclage, l\u2019industrie de transformation des d\u00e9chets d\u2019appareils \u00e9lectrom\u00e9nagers et le concassage des d\u00e9chets de meubles en m\u00e9tal.<\/p>","protected":false},"author":1,"featured_media":2695,"parent":0,"template":"","tags":[38,84],"product-type":[46],"class_list":["post-2686","product","type-product","status-publish","has-post-thumbnail","hentry","tag-scrap-metal-shredder-machine","tag-shredder","product-type-metal-shredder"],"_links":{"self":[{"href":"https:\/\/shuliybaler.com\/fr\/wp-json\/wp\/v2\/product\/2686","targetHints":{"allow":["GET"]}}],"collection":[{"href":"https:\/\/shuliybaler.com\/fr\/wp-json\/wp\/v2\/product"}],"about":[{"href":"https:\/\/shuliybaler.com\/fr\/wp-json\/wp\/v2\/types\/product"}],"author":[{"embeddable":true,"href":"https:\/\/shuliybaler.com\/fr\/wp-json\/wp\/v2\/users\/1"}],"wp:featuredmedia":[{"embeddable":true,"href":"https:\/\/shuliybaler.com\/fr\/wp-json\/wp\/v2\/media\/2695"}],"wp:attachment":[{"href":"https:\/\/shuliybaler.com\/fr\/wp-json\/wp\/v2\/media?parent=2686"}],"wp:term":[{"taxonomy":"post_tag","embeddable":true,"href":"https:\/\/shuliybaler.com\/fr\/wp-json\/wp\/v2\/tags?post=2686"},{"taxonomy":"product-type","embeddable":true,"href":"https:\/\/shuliybaler.com\/fr\/wp-json\/wp\/v2\/product-type?post=2686"}],"curies":[{"name":"wp","href":"https:\/\/api.w.org\/{rel}","templated":true}]}}