{"id":2808,"date":"2022-09-29T15:05:42","date_gmt":"2022-09-29T07:05:42","guid":{"rendered":"https:\/\/shuliybaler.com\/?post_type=product&#038;p=2808"},"modified":"2022-10-10T13:53:38","modified_gmt":"2022-10-10T05:53:38","slug":"cotton-baling-machine","status":"publish","type":"product","link":"https:\/\/shuliybaler.com\/fr\/product\/cotton-baling-machine\/","title":{"rendered":"Machine \u00e0 balles de coton\u00a0| machine \u00e0 presser le coton"},"content":{"rendered":"<p class=\"translation-block\">Une machine \u00e0 balloter le coton est utilis\u00e9e pour la compression du coton. La machine bale le coton expans\u00e9 par compression, ce qui est pratique pour le transport et le stockage. La machine \u00e0 baler le coton utilise une compression hydraulique pour comprimer l\u2019espace entre le coton. <a href=\"https:\/\/shuliybaler.com\/fr\/product\/presse-a-balles-verticale-en-metal\/\" data-type=\"URL\" data-id=\"https:\/\/shuliybaler.com\/product\/vertical-metal-baler\/\">Les botteurs \u00e0 coton<\/a> peuvent \u00eatre utilis\u00e9s dans les fermes cultivant le coton et les usines de traitement des quilt, etc. Notre machine d\u2019empaquetage du coton a \u00e9t\u00e9 vendue en Indon\u00e9sie, au Pakistan, en \u00c9gypte, au Soudan, au Mexique, en Arabie Saoudite<\/p>    <figure class=\"wp-block-gallery has-nested-images columns-default is-cropped wp-block-gallery-2 is-layout-flex wp-block-gallery-is-layout-flex\"> <figure class=\"wp-block-image size-large\"><img loading=\"lazy\" decoding=\"async\" width=\"720\" height=\"540\" data-id=\"2812\" src=\"https:\/\/shuliybaler.com\/wp-content\/uploads\/2022\/09\/cotton-baling-machine.webp\" alt=\"presse \u00e0 balles de coton \" class=\"wp-image-2812\" title=\"\" srcset=\"https:\/\/shuliybaler.com\/wp-content\/uploads\/2022\/09\/cotton-baling-machine.webp 720w, https:\/\/shuliybaler.com\/wp-content\/uploads\/2022\/09\/cotton-baling-machine-360x270.webp 360w, https:\/\/shuliybaler.com\/wp-content\/uploads\/2022\/09\/cotton-baling-machine-180x135.webp 180w\" sizes=\"auto, (max-width: 720px) 100vw, 720px\" \/><figcaption>Machine \u00e0 balles de coton <\/figcaption><\/figure>    <figure class=\"wp-block-image size-large\"><img loading=\"lazy\" decoding=\"async\" width=\"720\" height=\"540\" data-id=\"2813\" src=\"https:\/\/shuliybaler.com\/wp-content\/uploads\/2022\/09\/cotton-baling-machine-1.webp\" alt=\"presse \u00e0 balles de coton \" class=\"wp-image-2813\" title=\"\" srcset=\"https:\/\/shuliybaler.com\/wp-content\/uploads\/2022\/09\/cotton-baling-machine-1.webp 720w, https:\/\/shuliybaler.com\/wp-content\/uploads\/2022\/09\/cotton-baling-machine-1-360x270.webp 360w, https:\/\/shuliybaler.com\/wp-content\/uploads\/2022\/09\/cotton-baling-machine-1-180x135.webp 180w\" sizes=\"auto, (max-width: 720px) 100vw, 720px\" \/><figcaption>Machine \u00e0 balles de coton <\/figcaption><\/figure> <\/figure>    <h2 class=\"wp-block-heading\">Domaine d'application de la machine \u00e0 balles de coton <\/h2>    <figure class=\"wp-block-gallery has-nested-images columns-2 is-cropped wp-block-gallery-3 is-layout-flex wp-block-gallery-is-layout-flex\"> <figure class=\"wp-block-image size-large\"><img loading=\"lazy\" decoding=\"async\" width=\"720\" height=\"540\" data-id=\"2815\" src=\"https:\/\/shuliybaler.com\/wp-content\/uploads\/2022\/09\/cotton-baling-1.webp\" alt=\"mise en balles de coton\" class=\"wp-image-2815\" title=\"\" srcset=\"https:\/\/shuliybaler.com\/wp-content\/uploads\/2022\/09\/cotton-baling-1.webp 720w, https:\/\/shuliybaler.com\/wp-content\/uploads\/2022\/09\/cotton-baling-1-360x270.webp 360w, https:\/\/shuliybaler.com\/wp-content\/uploads\/2022\/09\/cotton-baling-1-180x135.webp 180w\" sizes=\"auto, (max-width: 720px) 100vw, 720px\" \/><figcaption>Mise en balles de coton<\/figcaption><\/figure>    <figure class=\"wp-block-image size-large\"><img loading=\"lazy\" decoding=\"async\" width=\"720\" height=\"540\" data-id=\"2814\" src=\"https:\/\/shuliybaler.com\/wp-content\/uploads\/2022\/09\/cotton-baling.webp\" alt=\"\" class=\"wp-image-2814\" title=\"\" srcset=\"https:\/\/shuliybaler.com\/wp-content\/uploads\/2022\/09\/cotton-baling.webp 720w, https:\/\/shuliybaler.com\/wp-content\/uploads\/2022\/09\/cotton-baling-360x270.webp 360w, https:\/\/shuliybaler.com\/wp-content\/uploads\/2022\/09\/cotton-baling-180x135.webp 180w\" sizes=\"auto, (max-width: 720px) 100vw, 720px\" \/><figcaption>Mise en balles de coton<\/figcaption><\/figure>    <figure class=\"wp-block-image size-large\"><img loading=\"lazy\" decoding=\"async\" width=\"720\" height=\"540\" data-id=\"2816\" src=\"https:\/\/shuliybaler.com\/wp-content\/uploads\/2022\/09\/Recycling-and-packaging.webp\" alt=\"Recyclage et emballage\" class=\"wp-image-2816\" title=\"\" srcset=\"https:\/\/shuliybaler.com\/wp-content\/uploads\/2022\/09\/Recycling-and-packaging.webp 720w, https:\/\/shuliybaler.com\/wp-content\/uploads\/2022\/09\/Recycling-and-packaging-360x270.webp 360w, https:\/\/shuliybaler.com\/wp-content\/uploads\/2022\/09\/Recycling-and-packaging-180x135.webp 180w\" sizes=\"auto, (max-width: 720px) 100vw, 720px\" \/><figcaption>Recyclage et emballage<\/figcaption><\/figure>    <figure class=\"wp-block-image size-large\"><img loading=\"lazy\" decoding=\"async\" width=\"720\" height=\"540\" data-id=\"2817\" src=\"https:\/\/shuliybaler.com\/wp-content\/uploads\/2022\/09\/Recycling-and-packaging-1.webp\" alt=\"Recyclage et emballage\" class=\"wp-image-2817\" title=\"\" srcset=\"https:\/\/shuliybaler.com\/wp-content\/uploads\/2022\/09\/Recycling-and-packaging-1.webp 720w, https:\/\/shuliybaler.com\/wp-content\/uploads\/2022\/09\/Recycling-and-packaging-1-360x270.webp 360w, https:\/\/shuliybaler.com\/wp-content\/uploads\/2022\/09\/Recycling-and-packaging-1-180x135.webp 180w\" sizes=\"auto, (max-width: 720px) 100vw, 720px\" \/><figcaption>Recyclage et emballage<\/figcaption><\/figure> <\/figure>    <p class=\"translation-block\">La machine \u00e0 bottier le coton convient principalement au papier recycl\u00e9, plastique, <a href=\"https:\/\/en.wikipedia.org\/wiki\/Iron_filings\" data-type=\"URL\" data-id=\"https:\/\/en.wikipedia.org\/wiki\/Iron_filings\" target=\"_blank\" rel=\"noopener\">poussi\u00e8res de fer<\/a>, coton, laine, papier recycl\u00e9, bo\u00eetes en papier recycl\u00e9, carton recycl\u00e9, fil, feuilles de tabac, plastique, tissu, sacs tiss\u00e9s, laine tricot\u00e9e, chanvre, sacs, sommets, laine Emballage compress\u00e9 de mati\u00e8res s\u00e8ches telles que balles, cocons, soie, houblon, bl\u00e9, bois de chauffage, herbe, ordures, etc., r\u00e9duit le volume, facilite l'emballage, le transport et r\u00e9duit l'espace de stockage. Il a une structure serr\u00e9e et est solide et ferme.<\/p>    <h2 class=\"wp-block-heading\">Deux types de presses<\/h2>    <figure class=\"wp-block-gallery has-nested-images columns-default is-cropped wp-block-gallery-4 is-layout-flex wp-block-gallery-is-layout-flex\"> <figure class=\"wp-block-image size-large\"><img loading=\"lazy\" decoding=\"async\" width=\"720\" height=\"540\" data-id=\"2818\" src=\"https:\/\/shuliybaler.com\/wp-content\/uploads\/2022\/09\/horizontal-baler.webp\" alt=\"presse \u00e0 balles horizontale\" class=\"wp-image-2818\" title=\"\" srcset=\"https:\/\/shuliybaler.com\/wp-content\/uploads\/2022\/09\/horizontal-baler.webp 720w, https:\/\/shuliybaler.com\/wp-content\/uploads\/2022\/09\/horizontal-baler-360x270.webp 360w, https:\/\/shuliybaler.com\/wp-content\/uploads\/2022\/09\/horizontal-baler-180x135.webp 180w\" sizes=\"auto, (max-width: 720px) 100vw, 720px\" \/><figcaption>Presse \u00e0 balles horizontale<\/figcaption><\/figure>    <figure class=\"wp-block-image size-large\"><img loading=\"lazy\" decoding=\"async\" width=\"720\" height=\"540\" data-id=\"2819\" src=\"https:\/\/shuliybaler.com\/wp-content\/uploads\/2022\/09\/vertical-baler-machine.webp\" alt=\"presse \u00e0 balles verticale\" class=\"wp-image-2819\" title=\"\" srcset=\"https:\/\/shuliybaler.com\/wp-content\/uploads\/2022\/09\/vertical-baler-machine.webp 720w, https:\/\/shuliybaler.com\/wp-content\/uploads\/2022\/09\/vertical-baler-machine-360x270.webp 360w, https:\/\/shuliybaler.com\/wp-content\/uploads\/2022\/09\/vertical-baler-machine-180x135.webp 180w\" sizes=\"auto, (max-width: 720px) 100vw, 720px\" \/><figcaption>Presse \u00e0 balles verticale<\/figcaption><\/figure> <\/figure>    <p>En plus de cette presse verticale, il existe \u00e9galement une presse horizontale, plus pratique pour le chargement et plus grande. Les presses verticales sont g\u00e9n\u00e9ralement utilis\u00e9es pour emballer des articles plus l\u00e9gers tels que des d\u00e9chets, du coton, des canettes et des bouteilles. Les presses \u00e0 balles de type sont utilis\u00e9es pour mettre en balles des mati\u00e8res premi\u00e8res plus dures telles que la ferraille.<\/p>    <h2 class=\"wp-block-heading\">Structure de la machine \u00e0 balles de coton<\/h2>    <figure class=\"wp-block-gallery has-nested-images columns-default is-cropped wp-block-gallery-5 is-layout-flex wp-block-gallery-is-layout-flex\"> <figure class=\"wp-block-image size-large\"><img loading=\"lazy\" decoding=\"async\" width=\"720\" height=\"540\" data-id=\"2820\" src=\"https:\/\/shuliybaler.com\/wp-content\/uploads\/2022\/09\/Cotton-baling-machine-structure.webp\" alt=\"Structure de la machine \u00e0 balles de coton\" class=\"wp-image-2820\" title=\"\" srcset=\"https:\/\/shuliybaler.com\/wp-content\/uploads\/2022\/09\/Cotton-baling-machine-structure.webp 720w, https:\/\/shuliybaler.com\/wp-content\/uploads\/2022\/09\/Cotton-baling-machine-structure-360x270.webp 360w, https:\/\/shuliybaler.com\/wp-content\/uploads\/2022\/09\/Cotton-baling-machine-structure-180x135.webp 180w\" sizes=\"auto, (max-width: 720px) 100vw, 720px\" \/><figcaption>Structure de la machine \u00e0 balles de coton<\/figcaption><\/figure> <\/figure>    <p>La machine \u00e0 balles de coton comprend un v\u00e9rin hydraulique, une vanne hydraulique, une bo\u00eete aux lettres hydraulique, une poign\u00e9e de commande, une plaque de pression \u00e9paissie, une poign\u00e9e de commande, un moteur en cuivre pur, une serrure de porte en forme de U et un bac de compression de grande capacit\u00e9.<\/p>    <p>Avantage de la machine \u00e0 balles de coton<\/p>    <div class=\"wp-block-media-text alignwide is-stacked-on-mobile\"><figure class=\"wp-block-media-text__media\"><img loading=\"lazy\" decoding=\"async\" width=\"720\" height=\"540\" src=\"https:\/\/shuliybaler.com\/wp-content\/uploads\/2022\/09\/cotton-pressing-machine.webp\" alt=\"presse \u00e0 coton\" class=\"wp-image-2821 size-full\" title=\"\" srcset=\"https:\/\/shuliybaler.com\/wp-content\/uploads\/2022\/09\/cotton-pressing-machine.webp 720w, https:\/\/shuliybaler.com\/wp-content\/uploads\/2022\/09\/cotton-pressing-machine-360x270.webp 360w, https:\/\/shuliybaler.com\/wp-content\/uploads\/2022\/09\/cotton-pressing-machine-180x135.webp 180w\" sizes=\"auto, (max-width: 720px) 100vw, 720px\" \/><\/figure><div class=\"wp-block-media-text__content\"> <h3 class=\"wp-block-heading\">Cylindre chrom\u00e9 haute pression<\/h3>    <p>Cylindre d'huile chrom\u00e9 haute pression, r\u00e9sistance aux hautes temp\u00e9ratures, longue dur\u00e9e de vie, pas de d\u00e9compression et pas de fuite d'huile<\/p> <\/div><\/div>    <div class=\"wp-block-media-text alignwide has-media-on-the-right is-stacked-on-mobile\"><figure class=\"wp-block-media-text__media\"><img loading=\"lazy\" decoding=\"async\" width=\"720\" height=\"540\" src=\"https:\/\/shuliybaler.com\/wp-content\/uploads\/2022\/09\/cotton-pressing-machine-platen.webp\" alt=\"plateau de machine \u00e0 presser le coton\" class=\"wp-image-2822 size-full\" title=\"\" srcset=\"https:\/\/shuliybaler.com\/wp-content\/uploads\/2022\/09\/cotton-pressing-machine-platen.webp 720w, https:\/\/shuliybaler.com\/wp-content\/uploads\/2022\/09\/cotton-pressing-machine-platen-360x270.webp 360w, https:\/\/shuliybaler.com\/wp-content\/uploads\/2022\/09\/cotton-pressing-machine-platen-180x135.webp 180w\" sizes=\"auto, (max-width: 720px) 100vw, 720px\" \/><\/figure><div class=\"wp-block-media-text__content\"> <h3 class=\"wp-block-heading\">Plaque de pression \u00e9paissie et am\u00e9lior\u00e9e<\/h3>    <p>Le cadre en acier du fuselage de la presse \u00e0 coton est \u00e9paissi pour plus de durabilit\u00e9<\/p> <\/div><\/div>    <div class=\"wp-block-media-text alignwide is-stacked-on-mobile\"><figure class=\"wp-block-media-text__media\"><img loading=\"lazy\" decoding=\"async\" width=\"720\" height=\"540\" src=\"https:\/\/shuliybaler.com\/wp-content\/uploads\/2022\/09\/cotton-pressing-machine-details.webp\" alt=\"d\u00e9tails de la machine \u00e0 presser le coton\" class=\"wp-image-2823 size-full\" title=\"\" srcset=\"https:\/\/shuliybaler.com\/wp-content\/uploads\/2022\/09\/cotton-pressing-machine-details.webp 720w, https:\/\/shuliybaler.com\/wp-content\/uploads\/2022\/09\/cotton-pressing-machine-details-360x270.webp 360w, https:\/\/shuliybaler.com\/wp-content\/uploads\/2022\/09\/cotton-pressing-machine-details-180x135.webp 180w\" sizes=\"auto, (max-width: 720px) 100vw, 720px\" \/><\/figure><div class=\"wp-block-media-text__content\"> <h2 class=\"wp-block-heading\">Moteur de haute qualit\u00e9<\/h2>    <p>Moteur enti\u00e8rement en cuivre, dissipation thermique rapide, puissance suffisante et longue dur\u00e9e de vie<\/p> <\/div><\/div>    <div class=\"wp-block-media-text alignwide has-media-on-the-right is-stacked-on-mobile\"><figure class=\"wp-block-media-text__media\"><img loading=\"lazy\" decoding=\"async\" width=\"720\" height=\"540\" src=\"https:\/\/shuliybaler.com\/wp-content\/uploads\/2022\/09\/cotton-pressing-machine-details-1.webp\" alt=\"d\u00e9tails de la machine \u00e0 presser le coton\" class=\"wp-image-2824 size-full\" title=\"\" srcset=\"https:\/\/shuliybaler.com\/wp-content\/uploads\/2022\/09\/cotton-pressing-machine-details-1.webp 720w, https:\/\/shuliybaler.com\/wp-content\/uploads\/2022\/09\/cotton-pressing-machine-details-1-360x270.webp 360w, https:\/\/shuliybaler.com\/wp-content\/uploads\/2022\/09\/cotton-pressing-machine-details-1-180x135.webp 180w\" sizes=\"auto, (max-width: 720px) 100vw, 720px\" \/><\/figure><div class=\"wp-block-media-text__content\"> <h2 class=\"wp-block-heading\">Porte de s\u00e9curit\u00e9<\/h2>    <p>La presse \u00e0 coton est dot\u00e9e d'une porte d'interrupteur de conception nouvelle, robuste et durable.<\/p> <\/div><\/div>    <h2 class=\"wp-block-heading\">Pr\u00e9cautions d'utilisation des presses \u00e0 coton<\/h2>    <figure class=\"wp-block-gallery has-nested-images columns-default is-cropped wp-block-gallery-6 is-layout-flex wp-block-gallery-is-layout-flex\"> <figure class=\"wp-block-image size-large\"><img loading=\"lazy\" decoding=\"async\" width=\"720\" height=\"540\" data-id=\"2826\" src=\"https:\/\/shuliybaler.com\/wp-content\/uploads\/2022\/09\/cotton-pressing-machine-details-2.webp\" alt=\"d\u00e9tails de la machine \u00e0 presser le coton\" class=\"wp-image-2826\" title=\"\" srcset=\"https:\/\/shuliybaler.com\/wp-content\/uploads\/2022\/09\/cotton-pressing-machine-details-2.webp 720w, https:\/\/shuliybaler.com\/wp-content\/uploads\/2022\/09\/cotton-pressing-machine-details-2-360x270.webp 360w, https:\/\/shuliybaler.com\/wp-content\/uploads\/2022\/09\/cotton-pressing-machine-details-2-180x135.webp 180w\" sizes=\"auto, (max-width: 720px) 100vw, 720px\" \/><figcaption>D\u00e9tails de la machine \u00e0 presser le coton<\/figcaption><\/figure>    <figure class=\"wp-block-image size-large\"><img loading=\"lazy\" decoding=\"async\" width=\"720\" height=\"540\" data-id=\"2825\" src=\"https:\/\/shuliybaler.com\/wp-content\/uploads\/2022\/09\/cotton-pressing-machine-shipping.webp\" alt=\"Exp\u00e9dition de machine \u00e0 presser le coton\" class=\"wp-image-2825\" title=\"\" srcset=\"https:\/\/shuliybaler.com\/wp-content\/uploads\/2022\/09\/cotton-pressing-machine-shipping.webp 720w, https:\/\/shuliybaler.com\/wp-content\/uploads\/2022\/09\/cotton-pressing-machine-shipping-360x270.webp 360w, https:\/\/shuliybaler.com\/wp-content\/uploads\/2022\/09\/cotton-pressing-machine-shipping-180x135.webp 180w\" sizes=\"auto, (max-width: 720px) 100vw, 720px\" \/><figcaption>Exp\u00e9dition de machine \u00e0 presser le coton<\/figcaption><\/figure>    <figure class=\"wp-block-image size-large\"><img loading=\"lazy\" decoding=\"async\" width=\"720\" height=\"540\" data-id=\"2827\" src=\"https:\/\/shuliybaler.com\/wp-content\/uploads\/2022\/09\/cotton-pressing-machine-details-3.webp\" alt=\"d\u00e9tails de la machine \u00e0 presser le coton\" class=\"wp-image-2827\" title=\"\" srcset=\"https:\/\/shuliybaler.com\/wp-content\/uploads\/2022\/09\/cotton-pressing-machine-details-3.webp 720w, https:\/\/shuliybaler.com\/wp-content\/uploads\/2022\/09\/cotton-pressing-machine-details-3-360x270.webp 360w, https:\/\/shuliybaler.com\/wp-content\/uploads\/2022\/09\/cotton-pressing-machine-details-3-180x135.webp 180w\" sizes=\"auto, (max-width: 720px) 100vw, 720px\" \/><figcaption>D\u00e9tails de la machine \u00e0 presser le coton<\/figcaption><\/figure> <\/figure>    <p>(1) De l'huile hydraulique anti-usure de haute qualit\u00e9 doit \u00eatre strictement utilis\u00e9e pour l'huile hydraulique ajout\u00e9e au r\u00e9servoir, qui doit \u00eatre strictement filtr\u00e9e, et une quantit\u00e9 suffisante d'huile doit toujours \u00eatre maintenue.<\/p>    <p> (2) Le r\u00e9servoir d'huile doit \u00eatre nettoy\u00e9 et remplac\u00e9 par de l'huile neuve tous les six mois, mais l'huile ne doit pas \u00eatre nettoy\u00e9e et filtr\u00e9e pendant plus d'un mois. La nouvelle huile utilis\u00e9e une fois peut \u00eatre r\u00e9utilis\u00e9e apr\u00e8s une filtration stricte.<\/p>    <p> (3) Chaque partie lubrifiante de la machine doit \u00eatre remplie d'huile lubrifiante au moins une fois par quart de travail, selon les besoins. <\/p>    <figure class=\"wp-block-gallery has-nested-images columns-default is-cropped wp-block-gallery-7 is-layout-flex wp-block-gallery-is-layout-flex\"> <figure class=\"wp-block-image size-large\"><img loading=\"lazy\" decoding=\"async\" width=\"720\" height=\"540\" data-id=\"2828\" src=\"https:\/\/shuliybaler.com\/wp-content\/uploads\/2022\/09\/cotton-pressing-machine-1.webp\" alt=\"Presse \u00e0 balles de coton \" class=\"wp-image-2828\" title=\"\" srcset=\"https:\/\/shuliybaler.com\/wp-content\/uploads\/2022\/09\/cotton-pressing-machine-1.webp 720w, https:\/\/shuliybaler.com\/wp-content\/uploads\/2022\/09\/cotton-pressing-machine-1-360x270.webp 360w, https:\/\/shuliybaler.com\/wp-content\/uploads\/2022\/09\/cotton-pressing-machine-1-180x135.webp 180w\" sizes=\"auto, (max-width: 720px) 100vw, 720px\" \/><figcaption>Machine \u00e0 balles de coton <\/figcaption><\/figure>    <figure class=\"wp-block-image size-large\"><img loading=\"lazy\" decoding=\"async\" width=\"720\" height=\"540\" data-id=\"2829\" src=\"https:\/\/shuliybaler.com\/wp-content\/uploads\/2022\/09\/Cotton-baling-machine.webp\" alt=\"Presse \u00e0 balles de coton \" class=\"wp-image-2829\" title=\"\" srcset=\"https:\/\/shuliybaler.com\/wp-content\/uploads\/2022\/09\/Cotton-baling-machine.webp 720w, https:\/\/shuliybaler.com\/wp-content\/uploads\/2022\/09\/Cotton-baling-machine-360x270.webp 360w, https:\/\/shuliybaler.com\/wp-content\/uploads\/2022\/09\/Cotton-baling-machine-180x135.webp 180w\" sizes=\"auto, (max-width: 720px) 100vw, 720px\" \/><figcaption>Machine \u00e0 balles de coton <\/figcaption><\/figure>    <figure class=\"wp-block-image size-large\"><img loading=\"lazy\" decoding=\"async\" width=\"720\" height=\"540\" data-id=\"2830\" src=\"https:\/\/shuliybaler.com\/wp-content\/uploads\/2022\/09\/Cotton-baling-machine-1.webp\" alt=\"Presse \u00e0 balles de coton \" class=\"wp-image-2830\" title=\"\" srcset=\"https:\/\/shuliybaler.com\/wp-content\/uploads\/2022\/09\/Cotton-baling-machine-1.webp 720w, https:\/\/shuliybaler.com\/wp-content\/uploads\/2022\/09\/Cotton-baling-machine-1-360x270.webp 360w, https:\/\/shuliybaler.com\/wp-content\/uploads\/2022\/09\/Cotton-baling-machine-1-180x135.webp 180w\" sizes=\"auto, (max-width: 720px) 100vw, 720px\" \/><figcaption>Machine \u00e0 balles de coton <\/figcaption><\/figure> <\/figure>    <p>(4) Les d\u00e9bris dans la bo\u00eete \u00e0 mat\u00e9riaux doivent \u00eatre nettoy\u00e9s \u00e0 temps.<\/p>    <p> (5) Ceux qui ne comprennent pas la structure, les performances et les proc\u00e9dures de fonctionnement de la machine ne sont pas autoris\u00e9s \u00e0 d\u00e9marrer la machine sans autorisation. <\/p>    <p>(6) Lorsque la machine pr\u00e9sente de graves fuites d'huile ou des ph\u00e9nom\u00e8nes anormaux pendant le travail, elle doit cesser de fonctionner imm\u00e9diatement pour analyser la cause et \u00e9liminer le d\u00e9faut, et ne doit pas \u00eatre forc\u00e9e de fonctionner en cas de maladie. <\/p>    <figure class=\"wp-block-gallery has-nested-images columns-default is-cropped wp-block-gallery-8 is-layout-flex wp-block-gallery-is-layout-flex\"> <figure class=\"wp-block-image size-large\"><img loading=\"lazy\" decoding=\"async\" width=\"720\" height=\"540\" data-id=\"2831\" src=\"https:\/\/shuliybaler.com\/wp-content\/uploads\/2022\/09\/baling-machine.webp\" alt=\"presse \u00e0 balles\" class=\"wp-image-2831\" title=\"\" srcset=\"https:\/\/shuliybaler.com\/wp-content\/uploads\/2022\/09\/baling-machine.webp 720w, https:\/\/shuliybaler.com\/wp-content\/uploads\/2022\/09\/baling-machine-360x270.webp 360w, https:\/\/shuliybaler.com\/wp-content\/uploads\/2022\/09\/baling-machine-180x135.webp 180w\" sizes=\"auto, (max-width: 720px) 100vw, 720px\" \/><figcaption>Machine \u00e0 balles<\/figcaption><\/figure>    <figure class=\"wp-block-image size-large\"><img loading=\"lazy\" decoding=\"async\" width=\"720\" height=\"540\" data-id=\"2832\" src=\"https:\/\/shuliybaler.com\/wp-content\/uploads\/2022\/09\/can-packer.webp\" alt=\"peut emballeur\" class=\"wp-image-2832\" title=\"\" srcset=\"https:\/\/shuliybaler.com\/wp-content\/uploads\/2022\/09\/can-packer.webp 720w, https:\/\/shuliybaler.com\/wp-content\/uploads\/2022\/09\/can-packer-360x270.webp 360w, https:\/\/shuliybaler.com\/wp-content\/uploads\/2022\/09\/can-packer-180x135.webp 180w\" sizes=\"auto, (max-width: 720px) 100vw, 720px\" \/><figcaption>Emballeur de canettes<\/figcaption><\/figure>    <figure class=\"wp-block-image size-large\"><img loading=\"lazy\" decoding=\"async\" width=\"720\" height=\"540\" data-id=\"2833\" src=\"https:\/\/shuliybaler.com\/wp-content\/uploads\/2022\/09\/baling.webp\" alt=\"mise en balles\" class=\"wp-image-2833\" title=\"\" srcset=\"https:\/\/shuliybaler.com\/wp-content\/uploads\/2022\/09\/baling.webp 720w, https:\/\/shuliybaler.com\/wp-content\/uploads\/2022\/09\/baling-360x270.webp 360w, https:\/\/shuliybaler.com\/wp-content\/uploads\/2022\/09\/baling-180x135.webp 180w\" sizes=\"auto, (max-width: 720px) 100vw, 720px\" \/><figcaption>Mise en balles<\/figcaption><\/figure> <\/figure>    <p>(7) Pendant le fonctionnement de la machine, il est interdit de r\u00e9parer ou de toucher les pi\u00e8ces mobiles, et il est strictement interdit d'appuyer sur le mat\u00e9riau dans la bo\u00eete \u00e0 mat\u00e9riaux avec les mains ou les pieds. <\/p>    <p>(8) Lors du r\u00e9glage de la pompe, de la vanne et du manom\u00e8tre, cela doit \u00eatre effectu\u00e9 par des techniciens exp\u00e9riment\u00e9s. Si le manom\u00e8tre s'av\u00e8re d\u00e9fectueux, il doit \u00eatre v\u00e9rifi\u00e9 ou mis \u00e0 jour imm\u00e9diatement.<\/p>    <h2 class=\"wp-block-heading\">Comment fonctionne la presse \u00e0 coton\u00a0?<\/h2>    <figure class=\"wp-block-embed is-type-video is-provider-youtube wp-block-embed-youtube wp-embed-aspect-16-9 wp-has-aspect-ratio\"><div class=\"wp-block-embed__wrapper\"> <iframe loading=\"lazy\" title=\"Machine \u00e0 presser les vieux papiers | presse \u00e0 balles de coton | presse \u00e0 balles de canettes | presse \u00e0 balles de recyclage\" width=\"500\" height=\"281\" src=\"https:\/\/www.youtube.com\/embed\/QZtXuzoCVkA?feature=oembed\" frameborder=\"0\" allow=\"accelerometer; autoplay; clipboard-write; encrypted-media; gyroscope; picture-in-picture; web-share\" referrerpolicy=\"strict-origin-when-cross-origin\" allowfullscreen><\/iframe> <\/div><figcaption>presse \u00e0 coton travaillant<\/figcaption><\/figure>","protected":false},"excerpt":{"rendered":"<p>Une presse \u00e0 balles de coton est utilis\u00e9e pour le pressage du coton. La machine met le coton expans\u00e9 par compression, ce qui est pratique pour le transport et le stockage. La machine \u00e0 balles de coton doit utiliser la compression hydraulique pour r\u00e9duire l'espace entre le coton. Les presses \u00e0 coton peuvent \u00eatre utilis\u00e9es dans les fermes de culture de coton et les usines de transformation de courtepointes, etc. Notre presse \u00e0 coton a \u00e9t\u00e9 vendue en Indon\u00e9sie, au Pakistan, en \u00c9gypte, au Soudan, au Mexique et en Arabie Saoudite.<\/p>","protected":false},"author":1,"featured_media":2811,"parent":0,"template":"","tags":[50],"product-type":[48],"class_list":["post-2808","product","type-product","status-publish","has-post-thumbnail","hentry","tag-metal-baling-machine","product-type-solution"],"_links":{"self":[{"href":"https:\/\/shuliybaler.com\/fr\/wp-json\/wp\/v2\/product\/2808","targetHints":{"allow":["GET"]}}],"collection":[{"href":"https:\/\/shuliybaler.com\/fr\/wp-json\/wp\/v2\/product"}],"about":[{"href":"https:\/\/shuliybaler.com\/fr\/wp-json\/wp\/v2\/types\/product"}],"author":[{"embeddable":true,"href":"https:\/\/shuliybaler.com\/fr\/wp-json\/wp\/v2\/users\/1"}],"wp:featuredmedia":[{"embeddable":true,"href":"https:\/\/shuliybaler.com\/fr\/wp-json\/wp\/v2\/media\/2811"}],"wp:attachment":[{"href":"https:\/\/shuliybaler.com\/fr\/wp-json\/wp\/v2\/media?parent=2808"}],"wp:term":[{"taxonomy":"post_tag","embeddable":true,"href":"https:\/\/shuliybaler.com\/fr\/wp-json\/wp\/v2\/tags?post=2808"},{"taxonomy":"product-type","embeddable":true,"href":"https:\/\/shuliybaler.com\/fr\/wp-json\/wp\/v2\/product-type?post=2808"}],"curies":[{"name":"wp","href":"https:\/\/api.w.org\/{rel}","templated":true}]}}