{"id":2860,"date":"2022-10-10T13:51:09","date_gmt":"2022-10-10T05:51:09","guid":{"rendered":"https:\/\/shuliybaler.com\/?post_type=product&#038;p=2860"},"modified":"2022-10-10T17:37:05","modified_gmt":"2022-10-10T09:37:05","slug":"sawdust-baler-machine-2","status":"publish","type":"product","link":"https:\/\/shuliybaler.com\/fr\/product\/presse-a-sciure-de-bois-2\/","title":{"rendered":"Presse \u00e0 balles de sciure | presse \u00e0 balles de copeaux de bois"},"content":{"rendered":"<p>Une presse \u00e0 balles de sciure de bois est une machine permettant de comprimer et d'emballer la sciure de bois, qui peut \u00eatre facilement stock\u00e9e et transport\u00e9e apr\u00e8s avoir \u00e9t\u00e9 emball\u00e9e par la machine. Nos presses fonctionnent efficacement et peuvent emballer de la ferraille et d'autres mati\u00e8res premi\u00e8res. Les presses \u00e0 balles de sciure sont largement utilis\u00e9es dans les usines de transformation du bois et les usines de transformation du charbon.<\/p>   <div class=\"wp-block-image\"> <figure class=\"aligncenter size-full\"><img loading=\"lazy\" decoding=\"async\" width=\"720\" height=\"540\" src=\"https:\/\/shuliybaler.com\/wp-content\/uploads\/2022\/10\/baler-machine.webp\" alt=\"presse \u00e0 balles\" class=\"wp-image-2862\" title=\"\" srcset=\"https:\/\/shuliybaler.com\/wp-content\/uploads\/2022\/10\/baler-machine.webp 720w, https:\/\/shuliybaler.com\/wp-content\/uploads\/2022\/10\/baler-machine-360x270.webp 360w, https:\/\/shuliybaler.com\/wp-content\/uploads\/2022\/10\/baler-machine-180x135.webp 180w\" sizes=\"auto, (max-width: 720px) 100vw, 720px\" \/><figcaption>presse \u00e0 balles<\/figcaption><\/figure> <\/div>   <h2 class=\"wp-block-heading\">Quelles mati\u00e8res premi\u00e8res la presse \u00e0 balles de sciure peut-elle emballer\u00a0?<\/h2>    <p class=\"translation-block\">En plus d'emballer <a href=\"https:\/\/hnwoodmachine.com\/wood-crusher-wood-shredder\/\" data-type=\"URL\" data-id=\"https:\/\/hnwoodmachine.com\/wood-crusher-wood-shredder\/\" target=\"_blank\" rel=\"noopener\">sciure<\/a>, la machine \u00e0 balles de sciure peut \u00e9galement emballer des f\u00fbts en fer, des produits en acier, des produits en aluminium, des cartons usag\u00e9s et d'autres produits, ainsi que des produits tels que la paille et les aliments pour animaux.<\/p>    <figure class=\"wp-block-gallery has-nested-images columns-2 is-cropped wp-block-gallery-2 is-layout-flex wp-block-gallery-is-layout-flex\"> <figure class=\"wp-block-image size-large\"><img loading=\"lazy\" decoding=\"async\" width=\"720\" height=\"540\" data-id=\"2863\" src=\"https:\/\/shuliybaler.com\/wp-content\/uploads\/2022\/10\/straw-baling.webp\" alt=\"\" class=\"wp-image-2863\" title=\"\" srcset=\"https:\/\/shuliybaler.com\/wp-content\/uploads\/2022\/10\/straw-baling.webp 720w, https:\/\/shuliybaler.com\/wp-content\/uploads\/2022\/10\/straw-baling-360x270.webp 360w, https:\/\/shuliybaler.com\/wp-content\/uploads\/2022\/10\/straw-baling-180x135.webp 180w\" sizes=\"auto, (max-width: 720px) 100vw, 720px\" \/><figcaption><\/figcaption><\/figure>    <figure class=\"wp-block-image size-large\"><img loading=\"lazy\" decoding=\"async\" width=\"720\" height=\"540\" data-id=\"2864\" src=\"https:\/\/shuliybaler.com\/wp-content\/uploads\/2022\/10\/waste-paper-baling.webp\" alt=\"emballages de vieux papiers\" class=\"wp-image-2864\" title=\"\" srcset=\"https:\/\/shuliybaler.com\/wp-content\/uploads\/2022\/10\/waste-paper-baling.webp 720w, https:\/\/shuliybaler.com\/wp-content\/uploads\/2022\/10\/waste-paper-baling-360x270.webp 360w, https:\/\/shuliybaler.com\/wp-content\/uploads\/2022\/10\/waste-paper-baling-180x135.webp 180w\" sizes=\"auto, (max-width: 720px) 100vw, 720px\" \/><figcaption>Emballages de vieux papiers<\/figcaption><\/figure>    <figure class=\"wp-block-image size-large\"><img loading=\"lazy\" decoding=\"async\" width=\"720\" height=\"540\" data-id=\"2865\" src=\"https:\/\/shuliybaler.com\/wp-content\/uploads\/2022\/10\/metal-baling.webp\" alt=\"mise en balles de m\u00e9taux\" class=\"wp-image-2865\" title=\"\" srcset=\"https:\/\/shuliybaler.com\/wp-content\/uploads\/2022\/10\/metal-baling.webp 720w, https:\/\/shuliybaler.com\/wp-content\/uploads\/2022\/10\/metal-baling-360x270.webp 360w, https:\/\/shuliybaler.com\/wp-content\/uploads\/2022\/10\/metal-baling-180x135.webp 180w\" sizes=\"auto, (max-width: 720px) 100vw, 720px\" \/><figcaption>Mise en balles de m\u00e9taux<\/figcaption><\/figure>    <figure class=\"wp-block-image size-large\"><img loading=\"lazy\" decoding=\"async\" width=\"720\" height=\"540\" data-id=\"2866\" src=\"https:\/\/shuliybaler.com\/wp-content\/uploads\/2022\/10\/waste-clothes-baling.webp\" alt=\"mise en balles de d\u00e9chets de v\u00eatements\" class=\"wp-image-2866\" title=\"\" srcset=\"https:\/\/shuliybaler.com\/wp-content\/uploads\/2022\/10\/waste-clothes-baling.webp 720w, https:\/\/shuliybaler.com\/wp-content\/uploads\/2022\/10\/waste-clothes-baling-360x270.webp 360w, https:\/\/shuliybaler.com\/wp-content\/uploads\/2022\/10\/waste-clothes-baling-180x135.webp 180w\" sizes=\"auto, (max-width: 720px) 100vw, 720px\" \/><figcaption>Mise en balles de d\u00e9chets de v\u00eatements<\/figcaption><\/figure> <\/figure>    <h2 class=\"wp-block-heading\">Le r\u00f4le de la presse \u00e0 balles de sciure <\/h2>   <div class=\"wp-block-image\"> <figure class=\"aligncenter size-full\"><img loading=\"lazy\" decoding=\"async\" width=\"720\" height=\"540\" src=\"https:\/\/shuliybaler.com\/wp-content\/uploads\/2022\/10\/sawdust-baling-machine.webp\" alt=\"presse \u00e0 balles de sciure \" class=\"wp-image-2867\" title=\"\" srcset=\"https:\/\/shuliybaler.com\/wp-content\/uploads\/2022\/10\/sawdust-baling-machine.webp 720w, https:\/\/shuliybaler.com\/wp-content\/uploads\/2022\/10\/sawdust-baling-machine-360x270.webp 360w, https:\/\/shuliybaler.com\/wp-content\/uploads\/2022\/10\/sawdust-baling-machine-180x135.webp 180w\" sizes=\"auto, (max-width: 720px) 100vw, 720px\" \/><figcaption>presse \u00e0 balles de sciure <\/figcaption><\/figure> <\/div>   <p>La presse compressera d'abord les mati\u00e8res premi\u00e8res, puis l'\u00e9cart entre les mat\u00e9riaux deviendra plus petit apr\u00e8s compression, \u00e9conomisant de l'espace, et pourra \u00eatre directement transport\u00e9e par des grues et des remorques sur de courtes distances. De plus, une fois que la presse a ajout\u00e9 des fonctions, elle formera une forme sp\u00e9cifique, comme un carr\u00e9 ou un rectangle. , forme \u00e0 six passes, etc., et les formes form\u00e9es sont toutes uniformes. Peut \u00eatre empil\u00e9.<\/p>    <h2 class=\"wp-block-heading\">Deux mod\u00e8les de presses \u00e0 m\u00e9taux<\/h2>    <figure class=\"wp-block-gallery has-nested-images columns-default is-cropped wp-block-gallery-3 is-layout-flex wp-block-gallery-is-layout-flex\"> <figure class=\"wp-block-image size-large\"><img loading=\"lazy\" decoding=\"async\" width=\"720\" height=\"540\" data-id=\"2868\" src=\"https:\/\/shuliybaler.com\/wp-content\/uploads\/2022\/10\/vertical-baler-machine.webp\" alt=\"presse \u00e0 balles verticale\" class=\"wp-image-2868\" title=\"\" srcset=\"https:\/\/shuliybaler.com\/wp-content\/uploads\/2022\/10\/vertical-baler-machine.webp 720w, https:\/\/shuliybaler.com\/wp-content\/uploads\/2022\/10\/vertical-baler-machine-360x270.webp 360w, https:\/\/shuliybaler.com\/wp-content\/uploads\/2022\/10\/vertical-baler-machine-180x135.webp 180w\" sizes=\"auto, (max-width: 720px) 100vw, 720px\" \/><figcaption>Presse \u00e0 balles verticale<\/figcaption><\/figure>    <figure class=\"wp-block-image size-large\"><img loading=\"lazy\" decoding=\"async\" width=\"720\" height=\"540\" data-id=\"2869\" src=\"https:\/\/shuliybaler.com\/wp-content\/uploads\/2022\/10\/horizontal-baler-machine.webp\" alt=\"presse \u00e0 balles horizontale\" class=\"wp-image-2869\" title=\"\" srcset=\"https:\/\/shuliybaler.com\/wp-content\/uploads\/2022\/10\/horizontal-baler-machine.webp 720w, https:\/\/shuliybaler.com\/wp-content\/uploads\/2022\/10\/horizontal-baler-machine-360x270.webp 360w, https:\/\/shuliybaler.com\/wp-content\/uploads\/2022\/10\/horizontal-baler-machine-180x135.webp 180w\" sizes=\"auto, (max-width: 720px) 100vw, 720px\" \/><figcaption>Presse \u00e0 balles horizontale<\/figcaption><\/figure> <\/figure>    <p class=\"translation-block\">Notre entreprise propose deux types de presses \u00e0 balles, l'une est une <a href=\"https:\/\/shuliybaler.com\/fr\/product\/presse-a-balles-verticale-en-metal\/\" data-type=\"URL\" data-id=\"https:\/\/shuliybaler.com\/product\/vertical-metal-baler\/\">machine \u00e0 balles verticale<\/a> et l'autre est une <a href=\"https:\/\/shuliybaler.com\/fr\/product\/scrap-metal-baler\/\" data-type=\"URL\" data-id=\"https:\/\/shuliybaler.com\/product\/scrap-metal-baler\/\">machine \u00e0 balles horizontale<\/a>. Les fonctions de ces deux presses \u00e0 balles sont les m\u00eames, mais leur apparence est diff\u00e9rente. La presse \u00e0 balles verticale doit \u00eatre charg\u00e9e de haut en bas, et la presse \u00e0 balles horizontale doit \u00eatre charg\u00e9e de l'arri\u00e8re vers l'avant. Par cons\u00e9quent, la presse \u00e0 balles verticale est plus adapt\u00e9e aux mat\u00e9riaux bruts relativement l\u00e9gers, tels que le papier usag\u00e9, les v\u00eatements us\u00e9s, la paille et d'autres produits. Les presses \u00e0 balles horizontales sont plus adapt\u00e9es aux mat\u00e9riaux bruts plus lourds, tels que certains aciers et f\u00fbts de ferraille.<\/p>    <h2 class=\"wp-block-heading\">Des clients indon\u00e9siens ach\u00e8tent des presses horizontales<\/h2>    <figure class=\"wp-block-gallery has-nested-images columns-2 is-cropped wp-block-gallery-4 is-layout-flex wp-block-gallery-is-layout-flex\"> <figure class=\"wp-block-image size-large\"><img loading=\"lazy\" decoding=\"async\" width=\"720\" height=\"540\" data-id=\"2873\" src=\"https:\/\/shuliybaler.com\/wp-content\/uploads\/2022\/10\/Wood-chip-baler-export-3.webp\" alt=\"Exportation de presses \u00e0 copeaux de bois\" class=\"wp-image-2873\" title=\"\" srcset=\"https:\/\/shuliybaler.com\/wp-content\/uploads\/2022\/10\/Wood-chip-baler-export-3.webp 720w, https:\/\/shuliybaler.com\/wp-content\/uploads\/2022\/10\/Wood-chip-baler-export-3-360x270.webp 360w, https:\/\/shuliybaler.com\/wp-content\/uploads\/2022\/10\/Wood-chip-baler-export-3-180x135.webp 180w\" sizes=\"auto, (max-width: 720px) 100vw, 720px\" \/><figcaption>Exportation de presses \u00e0 copeaux de bois<\/figcaption><\/figure>    <figure class=\"wp-block-image size-large\"><img loading=\"lazy\" decoding=\"async\" width=\"720\" height=\"540\" data-id=\"2872\" src=\"https:\/\/shuliybaler.com\/wp-content\/uploads\/2022\/10\/Wood-chip-baler-export-2.webp\" alt=\"Exportation de presses \u00e0 copeaux de bois\" class=\"wp-image-2872\" title=\"\" srcset=\"https:\/\/shuliybaler.com\/wp-content\/uploads\/2022\/10\/Wood-chip-baler-export-2.webp 720w, https:\/\/shuliybaler.com\/wp-content\/uploads\/2022\/10\/Wood-chip-baler-export-2-360x270.webp 360w, https:\/\/shuliybaler.com\/wp-content\/uploads\/2022\/10\/Wood-chip-baler-export-2-180x135.webp 180w\" sizes=\"auto, (max-width: 720px) 100vw, 720px\" \/><figcaption>Exportation de presses \u00e0 copeaux de bois<\/figcaption><\/figure>    <figure class=\"wp-block-image size-large\"><img loading=\"lazy\" decoding=\"async\" width=\"720\" height=\"540\" data-id=\"2871\" src=\"https:\/\/shuliybaler.com\/wp-content\/uploads\/2022\/10\/Wood-chip-baler-export-1.webp\" alt=\"Exportation de presses \u00e0 copeaux de bois\" class=\"wp-image-2871\" title=\"\" srcset=\"https:\/\/shuliybaler.com\/wp-content\/uploads\/2022\/10\/Wood-chip-baler-export-1.webp 720w, https:\/\/shuliybaler.com\/wp-content\/uploads\/2022\/10\/Wood-chip-baler-export-1-360x270.webp 360w, https:\/\/shuliybaler.com\/wp-content\/uploads\/2022\/10\/Wood-chip-baler-export-1-180x135.webp 180w\" sizes=\"auto, (max-width: 720px) 100vw, 720px\" \/><figcaption>Exportation de presses \u00e0 copeaux de bois<\/figcaption><\/figure>    <figure class=\"wp-block-image size-large\"><img loading=\"lazy\" decoding=\"async\" width=\"720\" height=\"540\" data-id=\"2870\" src=\"https:\/\/shuliybaler.com\/wp-content\/uploads\/2022\/10\/Wood-chip-baler-export.webp\" alt=\"Exportation de presses \u00e0 copeaux de bois\" class=\"wp-image-2870\" title=\"\" srcset=\"https:\/\/shuliybaler.com\/wp-content\/uploads\/2022\/10\/Wood-chip-baler-export.webp 720w, https:\/\/shuliybaler.com\/wp-content\/uploads\/2022\/10\/Wood-chip-baler-export-360x270.webp 360w, https:\/\/shuliybaler.com\/wp-content\/uploads\/2022\/10\/Wood-chip-baler-export-180x135.webp 180w\" sizes=\"auto, (max-width: 720px) 100vw, 720px\" \/><figcaption>Exportation de presses \u00e0 copeaux de bois<\/figcaption><\/figure> <\/figure>    <p>Nous exportons une presse horizontale vers l\u2019Indon\u00e9sie. Le client poss\u00e8de une usine de bois et ach\u00e8te une presse \u00e0 balles pour mettre en balles des copeaux de bois. Notre presse \u00e0 balles horizontale est tr\u00e8s adapt\u00e9e au pressage de sciure de bois. G\u00e9n\u00e9ralement, notre cycle de livraison est d'une semaine et le temps de transport est d'environ 35 \u00e0 40 jours, de sorte que le client peut le mettre en service en plus d'un mois.<\/p>    <figure class=\"wp-block-embed is-type-video is-provider-youtube wp-block-embed-youtube wp-embed-aspect-16-9 wp-has-aspect-ratio\"><div class=\"wp-block-embed__wrapper\"> <iframe loading=\"lazy\" title=\"Machine automatique de mise en balles de tambours et de canettes en fer | presse \u00e0 balles de recyclage de canettes en aluminium et de presses \u00e0 balles m\u00e9talliques\" width=\"500\" height=\"281\" src=\"https:\/\/www.youtube.com\/embed\/9JxkvEm4QMc?feature=oembed\" frameborder=\"0\" allow=\"accelerometer; autoplay; clipboard-write; encrypted-media; gyroscope; picture-in-picture; web-share\" referrerpolicy=\"strict-origin-when-cross-origin\" allowfullscreen><\/iframe> <\/div><figcaption>presse \u00e0 balles <\/figcaption><\/figure>","protected":false},"excerpt":{"rendered":"<p>A sawdust baler machine is a machine for compressing and packing sawdust, which can be easily stored and transported after being packed by the machine, Our balers work efficiently and can pack scrap metal and other raw materials. Sawdust baler machines are widely used in wood processing plants and coal processing plants. What raw materials [&hellip;]<\/p>\n","protected":false},"author":1,"featured_media":2861,"parent":0,"template":"","tags":[50],"product-type":[48],"class_list":["post-2860","product","type-product","status-publish","has-post-thumbnail","hentry","tag-metal-baling-machine","product-type-solution"],"_links":{"self":[{"href":"https:\/\/shuliybaler.com\/fr\/wp-json\/wp\/v2\/product\/2860","targetHints":{"allow":["GET"]}}],"collection":[{"href":"https:\/\/shuliybaler.com\/fr\/wp-json\/wp\/v2\/product"}],"about":[{"href":"https:\/\/shuliybaler.com\/fr\/wp-json\/wp\/v2\/types\/product"}],"author":[{"embeddable":true,"href":"https:\/\/shuliybaler.com\/fr\/wp-json\/wp\/v2\/users\/1"}],"wp:featuredmedia":[{"embeddable":true,"href":"https:\/\/shuliybaler.com\/fr\/wp-json\/wp\/v2\/media\/2861"}],"wp:attachment":[{"href":"https:\/\/shuliybaler.com\/fr\/wp-json\/wp\/v2\/media?parent=2860"}],"wp:term":[{"taxonomy":"post_tag","embeddable":true,"href":"https:\/\/shuliybaler.com\/fr\/wp-json\/wp\/v2\/tags?post=2860"},{"taxonomy":"product-type","embeddable":true,"href":"https:\/\/shuliybaler.com\/fr\/wp-json\/wp\/v2\/product-type?post=2860"}],"curies":[{"name":"wp","href":"https:\/\/api.w.org\/{rel}","templated":true}]}}