{"id":2876,"date":"2022-10-12T10:00:44","date_gmt":"2022-10-12T02:00:44","guid":{"rendered":"https:\/\/shuliybaler.com\/?post_type=product&#038;p=2876"},"modified":"2023-03-22T17:29:10","modified_gmt":"2023-03-22T09:29:10","slug":"waste-paper-baler-machine","status":"publish","type":"product","link":"https:\/\/shuliybaler.com\/fr\/product\/presse-a-vieux-papiers\/","title":{"rendered":"Machine \u00e0 presser les vieux papiers | presse \u00e0 carton"},"content":{"rendered":"<p class=\"translation-block\">Une machine d\u2019emballage pour vieux papiers est une machine utilis\u00e9e pour recycler et emballer les vieux papiers. Gr\u00e2ce \u00e0 la compression et au moulage de la machine, les vieux papiers peuvent r\u00e9duire l\u2019espace et former un sac de vieux papiers de taille uniforme, qui peut \u00eatre stock\u00e9 dans l\u2019entrep\u00f4t. Il existe deux types de presses \u00e0 balles pour carton, l\u2019une est une petite <a href=\"https:\/\/shuliybaler.com\/fr\/product\/presse-a-balles-verticale-en-metal\/\" data-type=\"URL\" data-id=\"https:\/\/shuliybaler.com\/product\/vertical-metal-baler\/\">presse \u00e0 balles verticale<\/a>, et l\u2019autre est une grande <a href=\"https:\/\/shuliybaler.com\/fr\/product\/scrap-metal-baler\/\" data-type=\"URL\" data-id=\"https:\/\/shuliybaler.com\/product\/scrap-metal-baler\/\">presse \u00e0 balles horizontale<\/a>. Ce qui suit est la presse \u00e0 balles horizontale.<\/p>    <figure class=\"wp-block-gallery has-nested-images columns-default is-cropped wp-block-gallery-2 is-layout-flex wp-block-gallery-is-layout-flex\"> <figure class=\"wp-block-image size-large\"><img loading=\"lazy\" decoding=\"async\" width=\"720\" height=\"540\" data-id=\"2878\" src=\"https:\/\/shuliybaler.com\/wp-content\/uploads\/2022\/10\/paper-baler.webp\" alt=\"presse \u00e0 papier\" class=\"wp-image-2878\" title=\"\" srcset=\"https:\/\/shuliybaler.com\/wp-content\/uploads\/2022\/10\/paper-baler.webp 720w, https:\/\/shuliybaler.com\/wp-content\/uploads\/2022\/10\/paper-baler-360x270.webp 360w, https:\/\/shuliybaler.com\/wp-content\/uploads\/2022\/10\/paper-baler-180x135.webp 180w\" sizes=\"auto, (max-width: 720px) 100vw, 720px\" \/><figcaption class=\"wp-element-caption\">Presse \u00e0 papier<\/figcaption><\/figure>    <figure class=\"wp-block-image size-large\"><img loading=\"lazy\" decoding=\"async\" width=\"720\" height=\"540\" data-id=\"2879\" src=\"https:\/\/shuliybaler.com\/wp-content\/uploads\/2022\/10\/paper-baler-1.webp\" alt=\"\" class=\"wp-image-2879\" title=\"\" srcset=\"https:\/\/shuliybaler.com\/wp-content\/uploads\/2022\/10\/paper-baler-1.webp 720w, https:\/\/shuliybaler.com\/wp-content\/uploads\/2022\/10\/paper-baler-1-360x270.webp 360w, https:\/\/shuliybaler.com\/wp-content\/uploads\/2022\/10\/paper-baler-1-180x135.webp 180w\" sizes=\"auto, (max-width: 720px) 100vw, 720px\" \/><figcaption class=\"wp-element-caption\">Presse \u00e0 papier<\/figcaption><\/figure> <\/figure>    <h2 class=\"wp-block-heading\">Champ d'application de la presse \u00e0 vieux papiers<\/h2>    <p class=\"translation-block\">La machine d\u2019emballage pour vieux papiers a un large \u00e9ventail d\u2019applications. Une machine d\u2019emballage pour vieux papiers peut emballer des mat\u00e9riaux durs tels que le m\u00e9tal et la ferraille, et peut emballer des mat\u00e9riaux plus l\u00e9gers tels que les bouteilles en plastique, les <a href=\"https:\/\/shuliybaler.com\/fr\/product\/presse-a-canettes-en-aluminium\/\" data-type=\"URL\" data-id=\"https:\/\/shuliybaler.com\/product\/aluminum-can-baler\/\">canettes<\/a>, les pailles, les vieux papiers, les v\u00eatements, le <a href=\"https:\/\/shuliybaler.com\/fr\/product\/cotton-baling-machine\/\" data-type=\"URL\" data-id=\"https:\/\/shuliybaler.com\/product\/cotton-baling-machine\/\">coton<\/a>, etc., c\u2019est donc une <a href=\"https:\/\/shuliybaler.com\/fr\/product\/metal-baler\/\" data-type=\"URL\" data-id=\"https:\/\/shuliybaler.com\/product\/metal-baler\/\">presse \u00e0 balles m\u00e9tallique multifonctionnelle<\/a>.<\/p>    <figure class=\"wp-block-gallery has-nested-images columns-default is-cropped wp-block-gallery-3 is-layout-flex wp-block-gallery-is-layout-flex\"> <figure class=\"wp-block-image size-large\"><img loading=\"lazy\" decoding=\"async\" width=\"720\" height=\"540\" data-id=\"2880\" src=\"https:\/\/shuliybaler.com\/wp-content\/uploads\/2022\/10\/straw-baling-1.webp\" alt=\"mise en balles de paille\" class=\"wp-image-2880\" title=\"\" srcset=\"https:\/\/shuliybaler.com\/wp-content\/uploads\/2022\/10\/straw-baling-1.webp 720w, https:\/\/shuliybaler.com\/wp-content\/uploads\/2022\/10\/straw-baling-1-360x270.webp 360w, https:\/\/shuliybaler.com\/wp-content\/uploads\/2022\/10\/straw-baling-1-180x135.webp 180w\" sizes=\"auto, (max-width: 720px) 100vw, 720px\" \/><figcaption class=\"wp-element-caption\">Mise en balles de paille<\/figcaption><\/figure>    <figure class=\"wp-block-image size-large\"><img loading=\"lazy\" decoding=\"async\" width=\"720\" height=\"540\" data-id=\"2881\" src=\"https:\/\/shuliybaler.com\/wp-content\/uploads\/2022\/10\/plastic-bottle-packaging.webp\" alt=\"emballage de bouteilles en plastique\" class=\"wp-image-2881\" title=\"\" srcset=\"https:\/\/shuliybaler.com\/wp-content\/uploads\/2022\/10\/plastic-bottle-packaging.webp 720w, https:\/\/shuliybaler.com\/wp-content\/uploads\/2022\/10\/plastic-bottle-packaging-360x270.webp 360w, https:\/\/shuliybaler.com\/wp-content\/uploads\/2022\/10\/plastic-bottle-packaging-180x135.webp 180w\" sizes=\"auto, (max-width: 720px) 100vw, 720px\" \/><figcaption class=\"wp-element-caption\">Emballage de bouteilles en plastique<\/figcaption><\/figure>    <figure class=\"wp-block-image size-large\"><img loading=\"lazy\" decoding=\"async\" width=\"720\" height=\"540\" data-id=\"2882\" src=\"https:\/\/shuliybaler.com\/wp-content\/uploads\/2022\/10\/cardboard-baling.webp\" alt=\"mise en balles de carton\" class=\"wp-image-2882\" title=\"\" srcset=\"https:\/\/shuliybaler.com\/wp-content\/uploads\/2022\/10\/cardboard-baling.webp 720w, https:\/\/shuliybaler.com\/wp-content\/uploads\/2022\/10\/cardboard-baling-360x270.webp 360w, https:\/\/shuliybaler.com\/wp-content\/uploads\/2022\/10\/cardboard-baling-180x135.webp 180w\" sizes=\"auto, (max-width: 720px) 100vw, 720px\" \/><figcaption class=\"wp-element-caption\">Mise en balles de carton<\/figcaption><\/figure> <\/figure>    <h2 class=\"wp-block-heading\">Pourquoi utiliser une presse \u00e0 vieux papiers ?<\/h2>   <div class=\"wp-block-image\"> <figure class=\"aligncenter size-full\"><img loading=\"lazy\" decoding=\"async\" width=\"720\" height=\"540\" src=\"https:\/\/shuliybaler.com\/wp-content\/uploads\/2022\/10\/cardboard-baling-machine.webp\" alt=\"presse \u00e0 carton\" class=\"wp-image-2883\" title=\"\" srcset=\"https:\/\/shuliybaler.com\/wp-content\/uploads\/2022\/10\/cardboard-baling-machine.webp 720w, https:\/\/shuliybaler.com\/wp-content\/uploads\/2022\/10\/cardboard-baling-machine-360x270.webp 360w, https:\/\/shuliybaler.com\/wp-content\/uploads\/2022\/10\/cardboard-baling-machine-180x135.webp 180w\" sizes=\"auto, (max-width: 720px) 100vw, 720px\" \/><figcaption class=\"wp-element-caption\">presse \u00e0 carton<\/figcaption><\/figure> <\/div>   <p>1. Transport pratique. Les vieux papiers emball\u00e9s peuvent r\u00e9duire efficacement les co\u00fbts de transport et augmenter l'efficacit\u00e9 du transport<\/p>    <p>2. Populaire. Les vieux papiers emball\u00e9s et tri\u00e9s sur le march\u00e9 sont plus appr\u00e9ci\u00e9s lorsqu'ils sont vendus.<\/p>    <p>3. Plus facile \u00e0 stocker. Une fois la presse \u00e0 vieux papiers trait\u00e9e, les vieux papiers peuvent \u00eatre stock\u00e9s dans l'entrep\u00f4t, \u00e9conomisant ainsi plus d'espace d'entrep\u00f4t<\/p>    <p>4. Facile \u00e0 retraiter. Une fois les vieux papiers emball\u00e9s, il sera plus pratique de les r\u00e9utiliser.<\/p>    <h2 class=\"wp-block-heading\">La presse \u00e0 carton peut \u00eatre configur\u00e9e avec un tapis roulant<\/h2>   <div class=\"wp-block-image\"> <figure class=\"aligncenter size-full\"><img loading=\"lazy\" decoding=\"async\" width=\"720\" height=\"540\" src=\"https:\/\/shuliybaler.com\/wp-content\/uploads\/2022\/10\/cardboard-baling-machine-conveyor.webp\" alt=\"convoyeur de machine de mise en balles de carton\" class=\"wp-image-2884\" title=\"\" srcset=\"https:\/\/shuliybaler.com\/wp-content\/uploads\/2022\/10\/cardboard-baling-machine-conveyor.webp 720w, https:\/\/shuliybaler.com\/wp-content\/uploads\/2022\/10\/cardboard-baling-machine-conveyor-360x270.webp 360w, https:\/\/shuliybaler.com\/wp-content\/uploads\/2022\/10\/cardboard-baling-machine-conveyor-180x135.webp 180w\" sizes=\"auto, (max-width: 720px) 100vw, 720px\" \/><figcaption class=\"wp-element-caption\">convoyeur de machine de mise en balles de carton<\/figcaption><\/figure> <\/div>   <p>Les vieux papiers \u00e0 grande \u00e9chelle ont plus de chances d'\u00eatre mis en balles et l'alimentation peut \u00eatre \u00e9quip\u00e9e d'une bande transporteuse, qui peut r\u00e9aliser un emballage automatique des vieux papiers, \u00e9conomisant ainsi du temps et des efforts. Et l'orifice d'alimentation de la presse \u00e0 carton est relativement grand. Une telle presse \u00e0 d\u00e9chets de papier est pratique pour l'alimentation, sans bourrage et a une efficacit\u00e9 de production \u00e9lev\u00e9e.<\/p>    <h2 class=\"wp-block-heading\">Trois formes de d\u00e9chargement de la presse \u00e0 balles de carton<\/h2>    <figure class=\"wp-block-gallery has-nested-images columns-2 is-cropped wp-block-gallery-4 is-layout-flex wp-block-gallery-is-layout-flex\"> <figure class=\"wp-block-image size-large\"><img loading=\"lazy\" decoding=\"async\" width=\"720\" height=\"540\" data-id=\"2886\" src=\"https:\/\/shuliybaler.com\/wp-content\/uploads\/2022\/10\/Waste-paper-baler-machine-2.webp\" alt=\"Machine \u00e0 presser les vieux papiers\" class=\"wp-image-2886\" title=\"\" srcset=\"https:\/\/shuliybaler.com\/wp-content\/uploads\/2022\/10\/Waste-paper-baler-machine-2.webp 720w, https:\/\/shuliybaler.com\/wp-content\/uploads\/2022\/10\/Waste-paper-baler-machine-2-360x270.webp 360w, https:\/\/shuliybaler.com\/wp-content\/uploads\/2022\/10\/Waste-paper-baler-machine-2-180x135.webp 180w\" sizes=\"auto, (max-width: 720px) 100vw, 720px\" \/><figcaption class=\"wp-element-caption\">Presse \u00e0 balles de vieux papier<\/figcaption><\/figure>    <figure class=\"wp-block-image size-large\"><img loading=\"lazy\" decoding=\"async\" width=\"720\" height=\"540\" data-id=\"2887\" src=\"https:\/\/shuliybaler.com\/wp-content\/uploads\/2022\/10\/Waste-paper-baler-machine-3.webp\" alt=\"Machine \u00e0 presser les vieux papiers\" class=\"wp-image-2887\" title=\"\" srcset=\"https:\/\/shuliybaler.com\/wp-content\/uploads\/2022\/10\/Waste-paper-baler-machine-3.webp 720w, https:\/\/shuliybaler.com\/wp-content\/uploads\/2022\/10\/Waste-paper-baler-machine-3-360x270.webp 360w, https:\/\/shuliybaler.com\/wp-content\/uploads\/2022\/10\/Waste-paper-baler-machine-3-180x135.webp 180w\" sizes=\"auto, (max-width: 720px) 100vw, 720px\" \/><figcaption class=\"wp-element-caption\">Presse \u00e0 balles de vieux papier<\/figcaption><\/figure>    <figure class=\"wp-block-image size-large\"><img loading=\"lazy\" decoding=\"async\" width=\"720\" height=\"540\" data-id=\"2888\" src=\"https:\/\/shuliybaler.com\/wp-content\/uploads\/2022\/10\/Waste-paper-baler-machine-4.webp\" alt=\"Machine \u00e0 presser les vieux papiers\" class=\"wp-image-2888\" title=\"\" srcset=\"https:\/\/shuliybaler.com\/wp-content\/uploads\/2022\/10\/Waste-paper-baler-machine-4.webp 720w, https:\/\/shuliybaler.com\/wp-content\/uploads\/2022\/10\/Waste-paper-baler-machine-4-360x270.webp 360w, https:\/\/shuliybaler.com\/wp-content\/uploads\/2022\/10\/Waste-paper-baler-machine-4-180x135.webp 180w\" sizes=\"auto, (max-width: 720px) 100vw, 720px\" \/><figcaption class=\"wp-element-caption\">Presse \u00e0 balles de vieux papier<\/figcaption><\/figure>    <figure class=\"wp-block-image size-large\"><img loading=\"lazy\" decoding=\"async\" width=\"720\" height=\"540\" data-id=\"2885\" src=\"https:\/\/shuliybaler.com\/wp-content\/uploads\/2022\/10\/Waste-paper-baler-machine-1.webp\" alt=\"Machine \u00e0 presser les vieux papiers\" class=\"wp-image-2885\" title=\"\" srcset=\"https:\/\/shuliybaler.com\/wp-content\/uploads\/2022\/10\/Waste-paper-baler-machine-1.webp 720w, https:\/\/shuliybaler.com\/wp-content\/uploads\/2022\/10\/Waste-paper-baler-machine-1-360x270.webp 360w, https:\/\/shuliybaler.com\/wp-content\/uploads\/2022\/10\/Waste-paper-baler-machine-1-180x135.webp 180w\" sizes=\"auto, (max-width: 720px) 100vw, 720px\" \/><figcaption class=\"wp-element-caption\">Presse \u00e0 balles de vieux papier<\/figcaption><\/figure> <\/figure>    <p class=\"translation-block\">Les vieux papiers emball\u00e9s sont plac\u00e9s dans le silo de la machine d\u2019emballage pour vieux papiers, comment les d\u00e9charger ? En fait, le d\u00e9chargement de la presse \u00e0 balles se fait de trois mani\u00e8res. La presse \u00e0 balles pour <a href=\"https:\/\/en.wikipedia.org\/wiki\/Cardboard\" data-type=\"URL\" data-id=\"https:\/\/en.wikipedia.org\/wiki\/Cardboard\" target=\"_blank\" rel=\"noopener\">carton<\/a> peut \u00eatre retourn\u00e9e pour le d\u00e9chargement, le sac peut \u00eatre pouss\u00e9 pour le d\u00e9chargement, et le d\u00e9chargement manuel. Ces trois formes de d\u00e9chargement peuvent \u00eatre personnalis\u00e9es. La taille des vieux papiers emball\u00e9s peut \u00e9galement \u00eatre personnalis\u00e9e.<\/p>    <h2 class=\"wp-block-heading\">Param\u00e8tres de la machine \u00e0 balles de carton <\/h2>   <div class=\"wp-block-image\"> <figure class=\"aligncenter size-full\"><img loading=\"lazy\" decoding=\"async\" width=\"720\" height=\"540\" src=\"https:\/\/shuliybaler.com\/wp-content\/uploads\/2022\/10\/cardboard-baling-machine-1.webp\" alt=\"presse \u00e0 carton\" class=\"wp-image-2889\" title=\"\" srcset=\"https:\/\/shuliybaler.com\/wp-content\/uploads\/2022\/10\/cardboard-baling-machine-1.webp 720w, https:\/\/shuliybaler.com\/wp-content\/uploads\/2022\/10\/cardboard-baling-machine-1-360x270.webp 360w, https:\/\/shuliybaler.com\/wp-content\/uploads\/2022\/10\/cardboard-baling-machine-1-180x135.webp 180w\" sizes=\"auto, (max-width: 720px) 100vw, 720px\" \/><figcaption class=\"wp-element-caption\">presse \u00e0 carton<\/figcaption><\/figure> <\/div>   <figure class=\"wp-block-table\"><table><tbody><tr><td>Mod\u00e8le<\/td><td>SL-DB-100<\/td><td>SL-DB-160<\/td><td>SL-DB-180<\/td><td>SL-DB-200<\/td><\/tr><tr><td>Pression<\/td><td>1000KN<\/td><td>1600 KN<\/td><td>1800 KN<\/td><td>2000 KN<\/td><\/tr><tr><td>Alimentation principale<\/td><td>22KW+1,5KW+4kw<\/td><td>37KW+1,5KW+4kw<\/td><td>45KW+3KW+5kw<\/td><td>55KW+13KW+5,5kw<\/td><\/tr><tr><td>QT\u00c9 de fils de mise en balles<\/td><td>4\/5<\/td><td>4\/5<\/td><td>5<\/td><td>5<\/td><\/tr><tr><td>Taille des balles<\/td><td>W1150mm*H1050mm*L (r\u00e9glable)<\/td><td>W1150mm*H1250mm*L(r\u00e9glable)<\/td><td>W1150mm*H1350mm*L (r\u00e9glable)<\/td><td>W1150mm*H1450mm*L(r\u00e9glable)<\/td><\/tr><tr><td>Fil<\/td><td>Fil recuit\u00a03\u00a0mm (12#) ou fil en plastique<\/td><td>Fil recuit\u00a03\u00a0mm (12#) ou fil en plastique<\/td><td>Fil recuit\u00a03\u00a0mm (12#) ou fil en plastique<\/td><td>Fil recuit\u00a03\u00a0mm (12#) ou fil en plastique<\/td><\/tr><tr><td>Tension<\/td><td>380 V\/50 Hz<\/td><td>380 V\/50 Hz<\/td><td>380 V\/50 Hz<\/td><td>380 V\/50 Hz<\/td><\/tr><tr><td>M\u00e9thode de cravate<\/td><td>Manuel\/automatique<\/td><td>Manuel\/automatique<\/td><td>Manuel\/automatique<\/td><td>Manuel\/automatique<\/td><\/tr><tr><td>Capacit\u00e9<\/td><td>6-8 balles\/h<\/td><td>6-8 balles\/h<\/td><td>6-8 balles\/h<\/td><td>6-8 balles\/h<\/td><\/tr><tr><td>Poids de la balle<\/td><td>500-1000kg<\/td><td>1000-1300kg<\/td><td>1000-1300kg<\/td><td>1000-1300kg&nbsp;<\/td><\/tr><tr><td>Taille du convoyeur<\/td><td>6530*1400*3200mm<\/td><td>7113*1555*3360mm<\/td><td>7800*1655*3360mm<\/td><td>8200*1700*3360mm<\/td><\/tr><tr><td>M\u00e9thode d'op\u00e9ration<\/td><td>Manuel\/automate<\/td><td>Manuel\/automate<\/td><td>Manuel\/automate<\/td><td>Manuel\/automate<\/td><\/tr><\/tbody><\/table><figcaption class=\"wp-element-caption\">presse \u00e0 carton <\/figcaption><\/figure>    <h2 class=\"wp-block-heading\">Avantages de la presse \u00e0 vieux papiers <\/h2>    <figure class=\"wp-block-gallery has-nested-images columns-default is-cropped wp-block-gallery-5 is-layout-flex wp-block-gallery-is-layout-flex\"> <figure class=\"wp-block-image size-large\"><img loading=\"lazy\" decoding=\"async\" width=\"720\" height=\"540\" data-id=\"2890\" src=\"https:\/\/shuliybaler.com\/wp-content\/uploads\/2022\/10\/cardboard-baling-machine-shipping.webp\" alt=\"presse \u00e0 carton\" class=\"wp-image-2890\" title=\"\" srcset=\"https:\/\/shuliybaler.com\/wp-content\/uploads\/2022\/10\/cardboard-baling-machine-shipping.webp 720w, https:\/\/shuliybaler.com\/wp-content\/uploads\/2022\/10\/cardboard-baling-machine-shipping-360x270.webp 360w, https:\/\/shuliybaler.com\/wp-content\/uploads\/2022\/10\/cardboard-baling-machine-shipping-180x135.webp 180w\" sizes=\"auto, (max-width: 720px) 100vw, 720px\" \/><figcaption class=\"wp-element-caption\">Machine de mise en balles de carton<\/figcaption><\/figure>    <figure class=\"wp-block-image size-large\"><img loading=\"lazy\" decoding=\"async\" width=\"720\" height=\"540\" data-id=\"2892\" src=\"https:\/\/shuliybaler.com\/wp-content\/uploads\/2022\/10\/cardboard-baling-machine-export.webp\" alt=\"exportation de presses \u00e0 carton\" class=\"wp-image-2892\" title=\"\" srcset=\"https:\/\/shuliybaler.com\/wp-content\/uploads\/2022\/10\/cardboard-baling-machine-export.webp 720w, https:\/\/shuliybaler.com\/wp-content\/uploads\/2022\/10\/cardboard-baling-machine-export-360x270.webp 360w, https:\/\/shuliybaler.com\/wp-content\/uploads\/2022\/10\/cardboard-baling-machine-export-180x135.webp 180w\" sizes=\"auto, (max-width: 720px) 100vw, 720px\" \/><figcaption class=\"wp-element-caption\">Exportation de machines de mise en balles de carton<\/figcaption><\/figure> <\/figure>    <p>1. La presse \u00e0 balles de carton adopte une transmission hydraulique, une structure compacte, une installation pratique, une op\u00e9ration simple, un entretien facile et une bonne \u00e9tanch\u00e9it\u00e9 \u00e0 l'air.<\/p>    <p>2. R\u00e9glage hydraulique \u00e0 faible bruit pour \u00e9viter les probl\u00e8mes de pollution sonore,<\/p>    <p>3. La vitesse peut \u00eatre ajust\u00e9e et la vitesse d'emballage de la machine peut \u00eatre contr\u00f4l\u00e9e manuellement.<\/p>    <p>4. Gr\u00e2ce au principe hydraulique, le mat\u00e9riau est comprim\u00e9 \u00e0 une vitesse rapide gr\u00e2ce \u00e0 la compression, ce qui permet de r\u00e9duire l'espace de stockage du mat\u00e9riau.<\/p>    <h2 class=\"wp-block-heading\">Vid\u00e9o d'une presse \u00e0 balles horizontale pour mettre en balles les vieux papiers<\/h2>    <figure class=\"wp-block-embed is-type-video is-provider-youtube wp-block-embed-youtube wp-embed-aspect-16-9 wp-has-aspect-ratio\"><div class=\"wp-block-embed__wrapper\"> <iframe loading=\"lazy\" title=\"Presse \u00e0 balles de recyclage de d\u00e9chets de carton \u00e0 vendre | Presse \u00e0 balles horizontale pour mettre en balles les vieux papiers\" width=\"500\" height=\"281\" src=\"https:\/\/www.youtube.com\/embed\/upwnSm5wzR0?feature=oembed\" frameborder=\"0\" allow=\"accelerometer; autoplay; clipboard-write; encrypted-media; gyroscope; picture-in-picture; web-share\" referrerpolicy=\"strict-origin-when-cross-origin\" allowfullscreen><\/iframe> <\/div><\/figure>","protected":false},"excerpt":{"rendered":"<p>A waste paper baler machine is a machine used to recycle and pack waste paper. Through the compression and molding of the machine, the waste paper can reduce the gap and form a uniform size waste paper bag, which can be stored in the warehouse. There are two types of cardboard baling machines, one is [&hellip;]<\/p>\n","protected":false},"author":1,"featured_media":2877,"parent":0,"template":"","meta":{"product_tpl_data":{"subtitle":"","param_summary":"","model_summary_title":"","model_summary":"","model_series":[],"finished_product_title":"","raw_materials_title":"","process_title":"","endsummary":""},"product_extra_property":[],"product_extra_image":""},"tags":[],"product-type":[48],"class_list":["post-2876","product","type-product","status-publish","has-post-thumbnail","hentry","product-type-solution"],"light_meta":{"rank_math_seo_score":"85","product_tpl_data":{"subtitle":"","param_summary":"","model_summary_title":"","model_summary":"","model_series":"","finished_product_title":"","raw_materials_title":"","process_title":"","endsummary":""},"rank_math_focus_keyword":"Waste paper baler machine","rank_math_title":"Waste paper baler machine","rank_math_description":"A waste paper baler machine can pack hard materials such as metal and scrap iron and can pack lighter materials such as plastic bottles, cans, straws, waste paper, clothes, cotton, etc., so this is a multi-functional packer.","rank_math_analytic_object_id":"48","litespeed_vpi_list":["cropped-cropped-cropped-shuliylogo-1.png"],"rank_math_og_content_image":{"check":"8e054090b97b05597fb55fa98db146fb","images":[2878,2879,2880,2881,2882,2883,2884,2886,2887,2888,2885,2889,2890,2892]},"_oembed_005785d67d55b624985df59c0e866f70":"<iframe title=\"Waste cardboard recycling baler machine for sale | horizontal baler for baling waste paper\" width=\"500\" height=\"281\" src=\"https:\/\/www.youtube.com\/embed\/upwnSm5wzR0?feature=oembed\" frameborder=\"0\" allow=\"accelerometer; autoplay; clipboard-write; encrypted-media; gyroscope; picture-in-picture; web-share\" allowfullscreen><\/iframe>","_oembed_time_005785d67d55b624985df59c0e866f70":"1679477351","rank_math_schema_VideoObject":{"@type":"VideoObject","metadata":{"title":"Video","type":"template","shortcode":"s-641aca668b3a1","isPrimary":true,"reviewLocationShortcode":"[rank_math_rich_snippet]","category":"%categories%","tags":"%tags%","isAutoGenerated":true},"name":"Presse \u00e0 balles de recyclage de d\u00e9chets de carton \u00e0 vendre | Presse \u00e0 balles horizontale pour mettre en balles les vieux papiers","description":"#cartonrecycling#paperbaler#cardboardbalerhttps:\/\/shuliybaler.com\/product\/waste-paper-baler-machine\/WhatsApp\/Tel: +86 17329325832Email:info@shuliybaler.comTh...","uploadDate":"2023-03-22","thumbnailUrl":"https:\/\/shuliybaler.com\/wp-content\/uploads\/2023\/03\/waste-cardboard-recycling-baler-.jpg","embedUrl":"https:\/\/www.youtube.com\/embed\/upwnSm5wzR0","contentUrl":"","duration":"PT1M6S","width":"1280","height":"720","isFamilyFriendly":true},"_trp_automatically_translated_slug_es_ES":"maquina-empacadora-de-papel-usado","_trp_automatically_translated_slug_fr_FR":"presse-a-vieux-papiers","_trp_automatically_translated_slug_zh_CN":"\u5e9f\u7eb8\u6253\u5305\u673a","_oembed_80ed551994b86eb2ae7db1c99245b9a7":"<iframe title=\"Waste cardboard recycling baler machine for sale | horizontal baler for baling waste paper\" width=\"500\" height=\"281\" src=\"https:\/\/www.youtube.com\/embed\/upwnSm5wzR0?feature=oembed\" frameborder=\"0\" allow=\"accelerometer; autoplay; clipboard-write; encrypted-media; gyroscope; picture-in-picture; web-share\" referrerpolicy=\"strict-origin-when-cross-origin\" allowfullscreen><\/iframe>","_oembed_time_80ed551994b86eb2ae7db1c99245b9a7":"1712640170","rank_math_internal_links_processed":"1"},"_links":{"self":[{"href":"https:\/\/shuliybaler.com\/fr\/wp-json\/wp\/v2\/product\/2876","targetHints":{"allow":["GET"]}}],"collection":[{"href":"https:\/\/shuliybaler.com\/fr\/wp-json\/wp\/v2\/product"}],"about":[{"href":"https:\/\/shuliybaler.com\/fr\/wp-json\/wp\/v2\/types\/product"}],"author":[{"embeddable":true,"href":"https:\/\/shuliybaler.com\/fr\/wp-json\/wp\/v2\/users\/1"}],"wp:featuredmedia":[{"embeddable":true,"href":"https:\/\/shuliybaler.com\/fr\/wp-json\/wp\/v2\/media\/2877"}],"wp:attachment":[{"href":"https:\/\/shuliybaler.com\/fr\/wp-json\/wp\/v2\/media?parent=2876"}],"wp:term":[{"taxonomy":"post_tag","embeddable":true,"href":"https:\/\/shuliybaler.com\/fr\/wp-json\/wp\/v2\/tags?post=2876"},{"taxonomy":"product-type","embeddable":true,"href":"https:\/\/shuliybaler.com\/fr\/wp-json\/wp\/v2\/product-type?post=2876"}],"curies":[{"name":"wp","href":"https:\/\/api.w.org\/{rel}","templated":true}]}}