{"id":2893,"date":"2022-10-13T15:04:44","date_gmt":"2022-10-13T07:04:44","guid":{"rendered":"https:\/\/shuliybaler.com\/?post_type=product&#038;p=2893"},"modified":"2022-10-13T15:05:33","modified_gmt":"2022-10-13T07:05:33","slug":"plastic-bottle-baling-machine","status":"publish","type":"product","link":"https:\/\/shuliybaler.com\/fr\/product\/plastic-bottle-baling-machine\/","title":{"rendered":"Presse \u00e0 balles de bouteilles en plastique"},"content":{"rendered":"<p class=\"translation-block\">La machine \u00e0 compacter les bouteilles en plastique est \u00e9galement appel\u00e9e machine \u00e0 baler hydraulique. Un baler de bouteilles en plastique est une machine utilis\u00e9e pour compresser et emballer des bouteilles d'eau en plastique. Gr\u00e2ce \u00e0 la compression du <a href=\"https:\/\/shuliybaler.com\/fr\/product\/scrap-metal-baler\/\" data-type=\"URL\" data-id=\"https:\/\/shuliybaler.com\/product\/scrap-metal-baler\/\">baler de bouteilles en plastique<\/a>, le volume de la bouteille en plastique peut \u00eatre r\u00e9duit et le transport est pratique. La machine \u00e0 compacter les bouteilles en plastique peut \u00e9galement <a href=\"https:\/\/shuliybaler.com\/fr\/product\/presse-a-canettes-en-aluminium\/\" data-type=\"URL\" data-id=\"https:\/\/shuliybaler.com\/product\/aluminum-can-baler\/\">emballer des canettes<\/a>, des cartons usag\u00e9s, du coton, <a href=\"https:\/\/shuliybaler.com\/fr\/product\/metal-baler\/\" data-type=\"URL\" data-id=\"https:\/\/shuliybaler.com\/product\/metal-baler\/\">des m\u00e9taux usag\u00e9s<\/a>, etc., largement utilis\u00e9e, principalement utilis\u00e9e pour r\u00e9duire l'espace de stockage. C'est pratique pour le recyclage secondaire.<\/p>   <div class=\"wp-block-image\"> <figure class=\"aligncenter size-full\"><img loading=\"lazy\" decoding=\"async\" width=\"720\" height=\"540\" src=\"https:\/\/shuliybaler.com\/wp-content\/uploads\/2022\/10\/raw-material-Plastic-bottle-baling-machine.webp\" alt=\"Machine de mise en balles de bouteilles en plastique de mati\u00e8re premi\u00e8re\" class=\"wp-image-2896\" title=\"\" srcset=\"https:\/\/shuliybaler.com\/wp-content\/uploads\/2022\/10\/raw-material-Plastic-bottle-baling-machine.webp 720w, https:\/\/shuliybaler.com\/wp-content\/uploads\/2022\/10\/raw-material-Plastic-bottle-baling-machine-360x270.webp 360w, https:\/\/shuliybaler.com\/wp-content\/uploads\/2022\/10\/raw-material-Plastic-bottle-baling-machine-180x135.webp 180w\" sizes=\"auto, (max-width: 720px) 100vw, 720px\" \/><figcaption>Machine de mise en balles de bouteilles en plastique de mati\u00e8re premi\u00e8re<\/figcaption><\/figure> <\/div>   <h2 class=\"wp-block-heading\">La structure de la presse \u00e0 bouteilles en plastique<\/h2>   <div class=\"wp-block-image\"> <figure class=\"aligncenter size-full\"><img loading=\"lazy\" decoding=\"async\" width=\"720\" height=\"540\" src=\"https:\/\/shuliybaler.com\/wp-content\/uploads\/2022\/10\/Plastic-bottle-baling-machine-1.webp\" alt=\"Presse \u00e0 balles de bouteilles en plastique\" class=\"wp-image-2895\" title=\"\" srcset=\"https:\/\/shuliybaler.com\/wp-content\/uploads\/2022\/10\/Plastic-bottle-baling-machine-1.webp 720w, https:\/\/shuliybaler.com\/wp-content\/uploads\/2022\/10\/Plastic-bottle-baling-machine-1-360x270.webp 360w, https:\/\/shuliybaler.com\/wp-content\/uploads\/2022\/10\/Plastic-bottle-baling-machine-1-180x135.webp 180w\" sizes=\"auto, (max-width: 720px) 100vw, 720px\" \/><figcaption>Presse \u00e0 balles de bouteilles en plastique<\/figcaption><\/figure> <\/div>   <p class=\"translation-block\">Les principaux composants du moteur principal de la <a href=\"https:\/\/en.wikipedia.org\/wiki\/Plastic_bottle\" data-type=\"URL\" data-id=\"https:\/\/en.wikipedia.org\/wiki\/Plastic_bottle\" target=\"_blank\" rel=\"noopener\">bouteille en plastique<\/a>, incluent le cadre principal, le syst\u00e8me hydraulique, le syst\u00e8me de contr\u00f4le \u00e9lectrique et le syst\u00e8me d'alimentation. Le cadre principal est fabriqu\u00e9 en plaques d'acier de haute qualit\u00e9, \u00e9paissi et soud\u00e9, et durable. Le syst\u00e8me hydraulique est compos\u00e9 de composants cl\u00e9s tels qu'une pompe hydraulique, une valve \u00e9lectromagn\u00e9tique, un cylindre hydraulique, etc. Le baler hydraulique a une haute pression, une grande vitesse et un faible bruit. Le syst\u00e8me de d\u00e9charge est divis\u00e9 en diff\u00e9rentes m\u00e9thodes telles que le poussage lat\u00e9ral, manuel et le poussage avant.<\/p>    <h2 class=\"wp-block-heading\">Param\u00e8tres de la machine \u00e0 balles en plastique <\/h2>    <figure class=\"wp-block-gallery has-nested-images columns-2 is-cropped wp-block-gallery-2 is-layout-flex wp-block-gallery-is-layout-flex\"> <figure class=\"wp-block-image size-large\"><img loading=\"lazy\" decoding=\"async\" width=\"720\" height=\"540\" data-id=\"2897\" src=\"https:\/\/shuliybaler.com\/wp-content\/uploads\/2022\/10\/SLSH-120.webp\" alt=\"SLSH-120\" class=\"wp-image-2897\" title=\"\" srcset=\"https:\/\/shuliybaler.com\/wp-content\/uploads\/2022\/10\/SLSH-120.webp 720w, https:\/\/shuliybaler.com\/wp-content\/uploads\/2022\/10\/SLSH-120-360x270.webp 360w, https:\/\/shuliybaler.com\/wp-content\/uploads\/2022\/10\/SLSH-120-180x135.webp 180w\" sizes=\"auto, (max-width: 720px) 100vw, 720px\" \/><figcaption>Slsh-200<\/figcaption><\/figure>    <figure class=\"wp-block-image size-large\"><img loading=\"lazy\" decoding=\"async\" width=\"720\" height=\"540\" data-id=\"2898\" src=\"https:\/\/shuliybaler.com\/wp-content\/uploads\/2022\/10\/SLSH-160.webp\" alt=\"SLSH-160\" class=\"wp-image-2898\" title=\"\" srcset=\"https:\/\/shuliybaler.com\/wp-content\/uploads\/2022\/10\/SLSH-160.webp 720w, https:\/\/shuliybaler.com\/wp-content\/uploads\/2022\/10\/SLSH-160-360x270.webp 360w, https:\/\/shuliybaler.com\/wp-content\/uploads\/2022\/10\/SLSH-160-180x135.webp 180w\" sizes=\"auto, (max-width: 720px) 100vw, 720px\" \/><figcaption>Slsh-160<\/figcaption><\/figure>    <figure class=\"wp-block-image size-large\"><img loading=\"lazy\" decoding=\"async\" width=\"720\" height=\"540\" data-id=\"2899\" src=\"https:\/\/shuliybaler.com\/wp-content\/uploads\/2022\/10\/SLSH-180.webp\" alt=\"SLSH-180\" class=\"wp-image-2899\" title=\"\" srcset=\"https:\/\/shuliybaler.com\/wp-content\/uploads\/2022\/10\/SLSH-180.webp 720w, https:\/\/shuliybaler.com\/wp-content\/uploads\/2022\/10\/SLSH-180-360x270.webp 360w, https:\/\/shuliybaler.com\/wp-content\/uploads\/2022\/10\/SLSH-180-180x135.webp 180w\" sizes=\"auto, (max-width: 720px) 100vw, 720px\" \/><figcaption>Slsh-180<\/figcaption><\/figure>    <figure class=\"wp-block-image size-large\"><img loading=\"lazy\" decoding=\"async\" width=\"720\" height=\"540\" data-id=\"2900\" src=\"https:\/\/shuliybaler.com\/wp-content\/uploads\/2022\/10\/SLSH-200.webp\" alt=\"SLSH-200\" class=\"wp-image-2900\" title=\"\" srcset=\"https:\/\/shuliybaler.com\/wp-content\/uploads\/2022\/10\/SLSH-200.webp 720w, https:\/\/shuliybaler.com\/wp-content\/uploads\/2022\/10\/SLSH-200-360x270.webp 360w, https:\/\/shuliybaler.com\/wp-content\/uploads\/2022\/10\/SLSH-200-180x135.webp 180w\" sizes=\"auto, (max-width: 720px) 100vw, 720px\" \/><figcaption>Slsh-200<\/figcaption><\/figure> <\/figure>    <figure class=\"wp-block-table\"><table><tbody><tr><td>Mod\u00e8le<\/td><td>SLSH-120<\/td><td>SLSH-160<\/td><td>SLSH-180<\/td><td>SLSH-200<\/td><\/tr><tr><td>syst\u00e8me dynamique<\/td><td>syst\u00e8me hydraulique\u2300245\u00a0d\u00e9placements 2\u00a0100\u00a0mm<\/td><td>syst\u00e8me hydraulique\u2300280D\u00e9placement 2300mm<\/td><td>syst\u00e8me hydraulique\u2300280D\u00e9placement 2400mm<\/td><td>syst\u00e8me hydraulique\u2300280D\u00e9placement 2450mm<\/td><\/tr><tr><td>Pouvoir<\/td><td>22 kW, 3 CV, 380 V<\/td><td>30 kW + 4 kW, 3 CV, 380 V<\/td><td>37Kw+4Kw, 3 CV, 380V<\/td><td>45 kW + 4 kW<\/td><\/tr><tr><td>Pouss\u00e9e nominale principale<\/td><td>1200KN<\/td><td>1600KN<\/td><td>1800KN<\/td><td>2000 n\u0153uds<\/td><\/tr><tr><td>Pression du syst\u00e8me<\/td><td>28Mpa<\/td><td>31,5MPA<\/td><td>31,5 MPa<\/td><td>31,5MPA &nbsp;<\/td><\/tr><tr><td>Syst\u00e8me de contr\u00f4le<\/td><td>Contr\u00f4le automatique par API<\/td><td>Contr\u00f4le automatique par API<\/td><td>Contr\u00f4le automatique par API<\/td><td>Contr\u00f4le automatique par API<\/td><\/tr><tr><td>Taille de l'alimentation<\/td><td>1650mm*1100mm<\/td><td>1650mm*1100mm<\/td><td>2000*1100mm<\/td><td>2000mm*1100mm<\/td><\/tr><tr><td>Taille des balles<\/td><td>1100*900mm<\/td><td>1100mm*1250mm<\/td><td>1100*1300mm<\/td><td>1100mm*1400mm<\/td><\/tr><tr><td>Densit\u00e9 des balles<\/td><td>800 kg\/balle, 400-450 kg\/m\u00b3<\/td><td>1\u00a0200\u00a0Kg\/Balle\u00a0450\u00a0Kg\/m\u00b3<\/td><td>1300kg\/balle, 500kg\/m\u00b3<\/td><td>1400Kg\/Balle 520Kg\/m\u00b3<\/td><\/tr><tr><td>Capacit\u00e9<\/td><td>4-7 balles\/h<\/td><td>5-8 balles<\/td><td>6-9 balles<\/td><td>8-10 balles<\/td><\/tr><tr><td>regroupement<\/td><td>3 pi\u00e8ces filetage manuel<\/td><td>4-5\u00a0pi\u00e8ces, enfilage manuel<\/td><td>4-5\u00a0pi\u00e8ces, enfilage manuel<\/td><td>4-5\u00a0pi\u00e8ces, enfilage manuel<\/td><\/tr><\/tbody><\/table><figcaption>Presse \u00e0 bouteilles en plastique<\/figcaption><\/figure>   <div class=\"wp-block-image\"> <figure class=\"aligncenter size-full\"><img loading=\"lazy\" decoding=\"async\" width=\"720\" height=\"540\" src=\"https:\/\/shuliybaler.com\/wp-content\/uploads\/2022\/10\/Plastic-bottle-baling-machine-2.webp\" alt=\"Presse \u00e0 balles de bouteilles en plastique\" class=\"wp-image-2901\" title=\"\" srcset=\"https:\/\/shuliybaler.com\/wp-content\/uploads\/2022\/10\/Plastic-bottle-baling-machine-2.webp 720w, https:\/\/shuliybaler.com\/wp-content\/uploads\/2022\/10\/Plastic-bottle-baling-machine-2-360x270.webp 360w, https:\/\/shuliybaler.com\/wp-content\/uploads\/2022\/10\/Plastic-bottle-baling-machine-2-180x135.webp 180w\" sizes=\"auto, (max-width: 720px) 100vw, 720px\" \/><figcaption>Presse \u00e0 balles de bouteilles en plastique<\/figcaption><\/figure> <\/div>   <h2 class=\"wp-block-heading\">Presse \u00e0 bouteilles en plastique export\u00e9e vers l'Ouganda<\/h2>   <div class=\"wp-block-image\"> <figure class=\"aligncenter size-full\"><img loading=\"lazy\" decoding=\"async\" width=\"720\" height=\"540\" src=\"https:\/\/shuliybaler.com\/wp-content\/uploads\/2022\/10\/Plastic-bottle-baling-machine-3.webp\" alt=\"Presse \u00e0 balles de bouteilles en plastique\" class=\"wp-image-2902\" title=\"\" srcset=\"https:\/\/shuliybaler.com\/wp-content\/uploads\/2022\/10\/Plastic-bottle-baling-machine-3.webp 720w, https:\/\/shuliybaler.com\/wp-content\/uploads\/2022\/10\/Plastic-bottle-baling-machine-3-360x270.webp 360w, https:\/\/shuliybaler.com\/wp-content\/uploads\/2022\/10\/Plastic-bottle-baling-machine-3-180x135.webp 180w\" sizes=\"auto, (max-width: 720px) 100vw, 720px\" \/><figcaption>Presse \u00e0 balles de bouteilles en plastique<\/figcaption><\/figure> <\/div>   <p>Nous avons export\u00e9 une machine de mise en balles de bouteilles en plastique mod\u00e8le 200 vers l'Ouganda. Le client est dans l'industrie du recyclage. Le client doit emballer de la ferraille et des bouteilles en plastique. Par cons\u00e9quent, afin de convenir aux deux produits, le client a choisi le plus grand type de presse \u00e0 bouteilles en plastique. Cela permet de conditionner deux produits. Et apr\u00e8s des tests clients, il s'av\u00e8re que l'effet d'emballage est tr\u00e8s bon, surtout une fois la bouteille en plastique compress\u00e9e, cela permet d'\u00e9conomiser beaucoup d'espace.<\/p>","protected":false},"excerpt":{"rendered":"<p>La presse \u00e0 balles en plastique est \u00e9galement appel\u00e9e presse \u00e0 balles hydraulique. Une presse \u00e0 bouteilles en plastique est une machine utilis\u00e9e pour comprimer et emballer des bouteilles d\u2019eau en plastique. Gr\u00e2ce \u00e0 la compression de la presse \u00e0 bouteilles en plastique, le volume de la bouteille en plastique peut \u00eatre r\u00e9duit et le transport est pratique. La presse \u00e0 bouteilles en plastique peut \u00e9galement emballer des canettes. , cartons de d\u00e9chets, coton, ferraille, etc., largement utilis\u00e9s, principalement utilis\u00e9s pour r\u00e9duire l'espace de stockage. C'est pratique pour le recyclage secondaire.<\/p>","protected":false},"author":1,"featured_media":2894,"parent":0,"template":"","tags":[51],"product-type":[48],"class_list":["post-2893","product","type-product","status-publish","has-post-thumbnail","hentry","tag-baler-machine","product-type-solution"],"_links":{"self":[{"href":"https:\/\/shuliybaler.com\/fr\/wp-json\/wp\/v2\/product\/2893","targetHints":{"allow":["GET"]}}],"collection":[{"href":"https:\/\/shuliybaler.com\/fr\/wp-json\/wp\/v2\/product"}],"about":[{"href":"https:\/\/shuliybaler.com\/fr\/wp-json\/wp\/v2\/types\/product"}],"author":[{"embeddable":true,"href":"https:\/\/shuliybaler.com\/fr\/wp-json\/wp\/v2\/users\/1"}],"wp:featuredmedia":[{"embeddable":true,"href":"https:\/\/shuliybaler.com\/fr\/wp-json\/wp\/v2\/media\/2894"}],"wp:attachment":[{"href":"https:\/\/shuliybaler.com\/fr\/wp-json\/wp\/v2\/media?parent=2893"}],"wp:term":[{"taxonomy":"post_tag","embeddable":true,"href":"https:\/\/shuliybaler.com\/fr\/wp-json\/wp\/v2\/tags?post=2893"},{"taxonomy":"product-type","embeddable":true,"href":"https:\/\/shuliybaler.com\/fr\/wp-json\/wp\/v2\/product-type?post=2893"}],"curies":[{"name":"wp","href":"https:\/\/api.w.org\/{rel}","templated":true}]}}