{"id":2904,"date":"2022-10-19T16:35:05","date_gmt":"2022-10-19T08:35:05","guid":{"rendered":"https:\/\/shuliybaler.com\/?post_type=product&#038;p=2904"},"modified":"2023-02-28T16:04:04","modified_gmt":"2023-02-28T08:04:04","slug":"plastic-bottle-baler-machine","status":"publish","type":"product","link":"https:\/\/shuliybaler.com\/fr\/product\/plastic-bottle-baler-machine-plastic-bottle-packing-machine\/","title":{"rendered":"Presse \u00e0 bouteilles en plastique | Machine d'emballage de bouteilles en plastique"},"content":{"rendered":"<p class=\"translation-block\">La presse \u00e0 balles pour bouteilles en plastique est l'\u00e9quipement sp\u00e9cial pour les bouteilles en plastique. En compressant les <a href=\"https:\/\/www.google.com\/search?q=waste+plastic+bottle&amp;sxsrf=ALiCzsZDD9uj538vXpp1bTkcyeTWwADRLg:1669878238699&amp;source=lnms&amp;tbm=isch&amp;sa=X&amp;ved=2ahUKEwi5kPGZ7df7AhVZNEQIHehCDb0Q_AUoAXoECAEQAw&amp;biw=1745&amp;bih=852&amp;dpr=1.1\" data-type=\"URL\" data-id=\"https:\/\/www.google.com\/search?q=waste+plastic+bottle&amp;sxsrf=ALiCzsZDD9uj538vXpp1bTkcyeTWwADRLg:1669878238699&amp;source=lnms&amp;tbm=isch&amp;sa=X&amp;ved=2ahUKEwi5kPGZ7df7AhVZNEQIHehCDb0Q_AUoAXoECAEQAw&amp;biw=1745&amp;bih=852&amp;dpr=1.1\" target=\"_blank\" rel=\"noopener\">bouteilles en plastique<\/a> et en extrudant les espaces entre les bouteilles en plastique, l'espace de stockage des bouteilles en plastique peut \u00eatre comprim\u00e9, et les caract\u00e9ristiques des bouteilles en plastique rendent le transport difficile.<\/p>    <figure class=\"wp-block-image size-full\"><img loading=\"lazy\" decoding=\"async\" width=\"720\" height=\"540\" src=\"https:\/\/shuliybaler.com\/wp-content\/uploads\/2022\/10\/Plastic-bottle-baler-machine-1.webp\" alt=\"Presse \u00e0 bouteilles en plastique\" class=\"wp-image-2965\" title=\"\" srcset=\"https:\/\/shuliybaler.com\/wp-content\/uploads\/2022\/10\/Plastic-bottle-baler-machine-1.webp 720w, https:\/\/shuliybaler.com\/wp-content\/uploads\/2022\/10\/Plastic-bottle-baler-machine-1-360x270.webp 360w, https:\/\/shuliybaler.com\/wp-content\/uploads\/2022\/10\/Plastic-bottle-baler-machine-1-180x135.webp 180w\" sizes=\"auto, (max-width: 720px) 100vw, 720px\" \/><figcaption class=\"wp-element-caption\">Machine \u00e0 presser les bouteilles en plastique<\/figcaption><\/figure>    <h2 class=\"wp-block-heading\">Introduction de la machine d'emballage horizontale de bouteilles en plastique<\/h2>    <figure class=\"wp-block-image size-full\"><img loading=\"lazy\" decoding=\"async\" width=\"720\" height=\"540\" src=\"https:\/\/shuliybaler.com\/wp-content\/uploads\/2022\/10\/Plastic-bottle-packing-machine.webp\" alt=\"Machine d&#039;emballage de bouteilles en plastique\" class=\"wp-image-2966\" title=\"\" srcset=\"https:\/\/shuliybaler.com\/wp-content\/uploads\/2022\/10\/Plastic-bottle-packing-machine.webp 720w, https:\/\/shuliybaler.com\/wp-content\/uploads\/2022\/10\/Plastic-bottle-packing-machine-360x270.webp 360w, https:\/\/shuliybaler.com\/wp-content\/uploads\/2022\/10\/Plastic-bottle-packing-machine-180x135.webp 180w\" sizes=\"auto, (max-width: 720px) 100vw, 720px\" \/><figcaption class=\"wp-element-caption\">Machine d'emballage de bouteilles en plastique<\/figcaption><\/figure>    <p class=\"translation-block\">&nbsp;La <a href=\"https:\/\/shuliybaler.com\/fr\/product\/scrap-metal-baler\/\" data-type=\"URL\" data-id=\"https:\/\/shuliybaler.com\/product\/scrap-metal-baler\/\">presse \u00e0 balles horizontale pour bouteilles de boissons<\/a> convient aux presses \u00e0 balles pour bouteilles de cola, canettes, films plastiques, vieux papiers, \u00e9ponges, fibres chimiques et d\u00e9chets. Elle est \u00e9quip\u00e9e d'une alimentation par bande transporteuse. Elle convient au traitement d'environ 1 \u00e0 5 tonnes par heure. Elle peut \u00e9galement \u00eatre utilis\u00e9e comme machine autonome, avec un faible encombrement, une vitesse d'emballage rapide, un fonctionnement simple, des performances stables et un faible taux de d\u00e9faillance.<\/p>    <h2 class=\"wp-block-heading\">Pourquoi les bouteilles en plastique ont-elles besoin d\u2019une presse ?<\/h2>    <figure class=\"wp-block-gallery has-nested-images columns-default is-cropped wp-block-gallery-2 is-layout-flex wp-block-gallery-is-layout-flex\"> <figure class=\"wp-block-image size-full\"><img loading=\"lazy\" decoding=\"async\" width=\"720\" height=\"540\" data-id=\"2967\" src=\"https:\/\/shuliybaler.com\/wp-content\/uploads\/2022\/10\/Plastic-bottle-packing-machine-1.webp\" alt=\"Machine d&#039;emballage de bouteilles en plastique\" class=\"wp-image-2967\" title=\"\" srcset=\"https:\/\/shuliybaler.com\/wp-content\/uploads\/2022\/10\/Plastic-bottle-packing-machine-1.webp 720w, https:\/\/shuliybaler.com\/wp-content\/uploads\/2022\/10\/Plastic-bottle-packing-machine-1-360x270.webp 360w, https:\/\/shuliybaler.com\/wp-content\/uploads\/2022\/10\/Plastic-bottle-packing-machine-1-180x135.webp 180w\" sizes=\"auto, (max-width: 720px) 100vw, 720px\" \/><figcaption class=\"wp-element-caption\">Machine d'emballage de bouteilles en plastique<\/figcaption><\/figure>    <figure class=\"wp-block-image size-full\"><img loading=\"lazy\" decoding=\"async\" width=\"720\" height=\"540\" data-id=\"2971\" src=\"https:\/\/shuliybaler.com\/wp-content\/uploads\/2022\/10\/plastic-bottle-baling.webp\" alt=\"mise en balles de bouteilles en plastique\" class=\"wp-image-2971\" title=\"\" srcset=\"https:\/\/shuliybaler.com\/wp-content\/uploads\/2022\/10\/plastic-bottle-baling.webp 720w, https:\/\/shuliybaler.com\/wp-content\/uploads\/2022\/10\/plastic-bottle-baling-360x270.webp 360w, https:\/\/shuliybaler.com\/wp-content\/uploads\/2022\/10\/plastic-bottle-baling-180x135.webp 180w\" sizes=\"auto, (max-width: 720px) 100vw, 720px\" \/><figcaption class=\"wp-element-caption\">Mise en balles de bouteilles en plastique<\/figcaption><\/figure> <\/figure>    <p>Les bouteilles en plastique peuvent \u00eatre recycl\u00e9es et des particules de plastique peuvent \u00eatre fabriqu\u00e9es. Lors du recyclage des bouteilles en plastique, les bouteilles en plastique sont creuses, il y aura beaucoup d'espace entre les bouteilles et les bouteilles en plastique sont relativement fines et difficiles \u00e0 manipuler, de sorte que les presses \u00e0 bouteilles en plastique peuvent \u00eatre trait\u00e9es. Les bouteilles sont compress\u00e9es et transform\u00e9es en blocs de bouteilles en plastique de m\u00eame taille, qui peuvent \u00eatre transport\u00e9s et stock\u00e9s.<\/p>    <h2 class=\"wp-block-heading\">Deux types de presse \u00e0 bouteilles en plastique<\/h2>    <figure class=\"wp-block-image size-full\"><img loading=\"lazy\" decoding=\"async\" width=\"720\" height=\"540\" src=\"https:\/\/shuliybaler.com\/wp-content\/uploads\/2022\/10\/plastic-bottle-baler-machine.webp\" alt=\"presse \u00e0 bouteilles en plastique\" class=\"wp-image-2968\" title=\"\" srcset=\"https:\/\/shuliybaler.com\/wp-content\/uploads\/2022\/10\/plastic-bottle-baler-machine.webp 720w, https:\/\/shuliybaler.com\/wp-content\/uploads\/2022\/10\/plastic-bottle-baler-machine-360x270.webp 360w, https:\/\/shuliybaler.com\/wp-content\/uploads\/2022\/10\/plastic-bottle-baler-machine-180x135.webp 180w\" sizes=\"auto, (max-width: 720px) 100vw, 720px\" \/><figcaption class=\"wp-element-caption\">Machine \u00e0 presser les bouteilles en plastique<\/figcaption><\/figure>    <p class=\"translation-block\">Actuellement, les presses \u00e0 balles pour bouteilles en plastique sur le march\u00e9 sont divis\u00e9es en deux types : les <a href=\"https:\/\/shuliybaler.com\/fr\/product\/presse-a-balles-verticale-en-metal\/\" data-type=\"URL\" data-id=\"https:\/\/shuliybaler.com\/product\/vertical-metal-baler\/\">presses \u00e0 balles verticales<\/a> et les <a href=\"https:\/\/shuliybaler.com\/fr\/product\/scrap-metal-baler\/\" data-type=\"URL\" data-id=\"https:\/\/shuliybaler.com\/product\/scrap-metal-baler\/\">presses \u00e0 balles horizontales<\/a>. Les deux types de presses \u00e0 balles peuvent \u00eatre utilis\u00e9s pour emballer des bouteilles en plastique usag\u00e9es. La diff\u00e9rence r\u00e9side dans le rendement de l'emballage, le degr\u00e9 d'automatisation et la taille du colis. Selon les diff\u00e9rents besoins des entreprises, les types d'achats sont \u00e9galement diff\u00e9rents. Ce qui suit traitera de l'utilisation des deux types de presses \u00e0 balles pour bouteilles en plastique.<\/p>    <h2 class=\"wp-block-heading\">Comment utiliser la presse \u00e0 balles verticale pour bouteilles en plastique\u00a0?<\/h2>    <figure class=\"wp-block-image size-full\"><img loading=\"lazy\" decoding=\"async\" width=\"720\" height=\"540\" src=\"https:\/\/shuliybaler.com\/wp-content\/uploads\/2022\/10\/plastic-bottle-baler-machine-1.webp\" alt=\"presse \u00e0 bouteilles en plastique\" class=\"wp-image-2969\" title=\"\" srcset=\"https:\/\/shuliybaler.com\/wp-content\/uploads\/2022\/10\/plastic-bottle-baler-machine-1.webp 720w, https:\/\/shuliybaler.com\/wp-content\/uploads\/2022\/10\/plastic-bottle-baler-machine-1-360x270.webp 360w, https:\/\/shuliybaler.com\/wp-content\/uploads\/2022\/10\/plastic-bottle-baler-machine-1-180x135.webp 180w\" sizes=\"auto, (max-width: 720px) 100vw, 720px\" \/><figcaption class=\"wp-element-caption\">Machine \u00e0 presser les bouteilles en plastique<\/figcaption><\/figure>    <p>Le processus op\u00e9rationnel est compliqu\u00e9. Tout d'abord, ouvrez la porte de d\u00e9chargement de l'\u00e9quipement via le dispositif de verrouillage du volant, videz la salle d'emballage et placez un chiffon d'emballage ou un carton dessus. Fermez la porte de la chambre de compression, ouvrez la porte d'alimentation en m\u00eame temps et alimentez le mat\u00e9riau depuis la porte d'alimentation. Une fois le mat\u00e9riau plein, fermez la porte d'alimentation, comprimez automatiquement via le syst\u00e8me \u00e9lectrique PLC, continuez \u00e0 alimenter apr\u00e8s la compression et la r\u00e9duction du volume, et r\u00e9p\u00e9tez les op\u00e9rations ci-dessus jusqu'\u00e0 ce que le mat\u00e9riau soit plein. Apr\u00e8s le moulage par compression, ouvrez la porte de la chambre de compression et la porte d'alimentation, puis enfilez et enfilez la bouteille en plastique comprim\u00e9. Une fois termin\u00e9, effectuez l'op\u00e9ration de pouss\u00e9e du paquet pour terminer la d\u00e9charge.<\/p>    <figure class=\"wp-block-image size-full\"><img loading=\"lazy\" decoding=\"async\" width=\"720\" height=\"540\" src=\"https:\/\/shuliybaler.com\/wp-content\/uploads\/2022\/10\/Plastic-bottle-baler-conveyor-belt.webp\" alt=\"Bande transporteuse pour presse \u00e0 bouteilles en plastique\" class=\"wp-image-2972\" title=\"\" srcset=\"https:\/\/shuliybaler.com\/wp-content\/uploads\/2022\/10\/Plastic-bottle-baler-conveyor-belt.webp 720w, https:\/\/shuliybaler.com\/wp-content\/uploads\/2022\/10\/Plastic-bottle-baler-conveyor-belt-360x270.webp 360w, https:\/\/shuliybaler.com\/wp-content\/uploads\/2022\/10\/Plastic-bottle-baler-conveyor-belt-180x135.webp 180w\" sizes=\"auto, (max-width: 720px) 100vw, 720px\" \/><figcaption class=\"wp-element-caption\">Bande transporteuse pour presse \u00e0 bouteilles en plastique<\/figcaption><\/figure>    <h2 class=\"wp-block-heading\">Comment utiliser la presse \u00e0 bouteilles en plastique horizontale ?<\/h2>    <figure class=\"wp-block-image size-full\"><img loading=\"lazy\" decoding=\"async\" width=\"720\" height=\"540\" src=\"https:\/\/shuliybaler.com\/wp-content\/uploads\/2022\/10\/horizontal-plastic-bottle-baler.webp\" alt=\"presse \u00e0 bouteilles en plastique horizontale\" class=\"wp-image-2970\" title=\"\" srcset=\"https:\/\/shuliybaler.com\/wp-content\/uploads\/2022\/10\/horizontal-plastic-bottle-baler.webp 720w, https:\/\/shuliybaler.com\/wp-content\/uploads\/2022\/10\/horizontal-plastic-bottle-baler-360x270.webp 360w, https:\/\/shuliybaler.com\/wp-content\/uploads\/2022\/10\/horizontal-plastic-bottle-baler-180x135.webp 180w\" sizes=\"auto, (max-width: 720px) 100vw, 720px\" \/><figcaption class=\"wp-element-caption\">Presse \u00e0 bouteilles en plastique horizontale<\/figcaption><\/figure>    <p>La presse \u00e0 balles horizontale pour bouteilles en plastique est beaucoup plus simple \u00e0 utiliser. Apr\u00e8s avoir v\u00e9rifi\u00e9 qu'il n'y a pas d'anomalie lors de l'ouverture de l'\u00e9quipement, celui-ci peut \u00eatre directement aliment\u00e9 ou introduit via un convoyeur dans la chambre de compression. Une fois que la bouteille en plastique a atteint sa position, appuyez sur le bouton de compression pour la comprimer en place. Il sauvegardera et s'arr\u00eatera automatiquement. R\u00e9p\u00e9tez l'op\u00e9ration d'alimentation et de compression jusqu'\u00e0 ce que la longueur d'emballage requise soit atteinte, appuyez sur le bouton d'emballage, et apr\u00e8s avoir atteint la position d'emballage, appuyez sur le bouton d'enfilage, le filetage sera automatiquement coup\u00e9 et l'enfilage sera termin\u00e9.<\/p>    <figure class=\"wp-block-embed is-type-video is-provider-youtube wp-block-embed-youtube wp-embed-aspect-16-9 wp-has-aspect-ratio\"><div class=\"wp-block-embed__wrapper\"> <iframe loading=\"lazy\" title=\"La meilleure presse \u00e0 balles m\u00e9talliques export\u00e9e deux fois au Gabon | Machine \u00e0 presser les bouteilles en plastique, presse \u00e0 tambour d&#039;huile\" width=\"500\" height=\"281\" src=\"https:\/\/www.youtube.com\/embed\/1WCZwz3QRbs?feature=oembed\" frameborder=\"0\" allow=\"accelerometer; autoplay; clipboard-write; encrypted-media; gyroscope; picture-in-picture; web-share\" referrerpolicy=\"strict-origin-when-cross-origin\" allowfullscreen><\/iframe> <\/div><figcaption class=\"wp-element-caption\">Presse \u00e0 bouteilles en plastique<\/figcaption><\/figure>","protected":false},"excerpt":{"rendered":"<p>La presse \u00e0 balles en plastique est un \u00e9quipement sp\u00e9cial pour les bouteilles en plastique. En comprimant les bouteilles en plastique et en extrudant les espaces entre les bouteilles en plastique, l'espace de stockage des bouteilles en plastique peut \u00eatre compress\u00e9 et les caract\u00e9ristiques des bouteilles en plastique ne sont pas faciles \u00e0 transporter.<\/p>","protected":false},"author":1,"featured_media":2963,"parent":0,"template":"","tags":[],"product-type":[41],"class_list":["post-2904","product","type-product","status-publish","has-post-thumbnail","hentry","product-type-metal-baler-machine"],"_links":{"self":[{"href":"https:\/\/shuliybaler.com\/fr\/wp-json\/wp\/v2\/product\/2904","targetHints":{"allow":["GET"]}}],"collection":[{"href":"https:\/\/shuliybaler.com\/fr\/wp-json\/wp\/v2\/product"}],"about":[{"href":"https:\/\/shuliybaler.com\/fr\/wp-json\/wp\/v2\/types\/product"}],"author":[{"embeddable":true,"href":"https:\/\/shuliybaler.com\/fr\/wp-json\/wp\/v2\/users\/1"}],"wp:featuredmedia":[{"embeddable":true,"href":"https:\/\/shuliybaler.com\/fr\/wp-json\/wp\/v2\/media\/2963"}],"wp:attachment":[{"href":"https:\/\/shuliybaler.com\/fr\/wp-json\/wp\/v2\/media?parent=2904"}],"wp:term":[{"taxonomy":"post_tag","embeddable":true,"href":"https:\/\/shuliybaler.com\/fr\/wp-json\/wp\/v2\/tags?post=2904"},{"taxonomy":"product-type","embeddable":true,"href":"https:\/\/shuliybaler.com\/fr\/wp-json\/wp\/v2\/product-type?post=2904"}],"curies":[{"name":"wp","href":"https:\/\/api.w.org\/{rel}","templated":true}]}}