{"id":2905,"date":"2022-11-10T14:55:46","date_gmt":"2022-11-10T06:55:46","guid":{"rendered":"https:\/\/shuliybaler.com\/?post_type=product&#038;p=2905"},"modified":"2022-11-17T16:33:36","modified_gmt":"2022-11-17T08:33:36","slug":"scrap-plate-shearing-machine","status":"publish","type":"product","link":"https:\/\/shuliybaler.com\/fr\/product\/cisaille-a-plaques-de-ferraille\/","title":{"rendered":"Cisaille \u00e0 t\u00f4les | machine de d\u00e9coupe de ferraille"},"content":{"rendered":"<p class=\"translation-block\">La machine deciselage des plaques de fer est un type d'\u00e9quipement de cisaillement hydraulique du m\u00e9tal. L'apparence ressemble \u00e0 une t\u00eate de tigre, elle est donc aussi appel\u00e9e cisaille \u00e0 t\u00eate de tigre. Les cisailles \u00e0 t\u00eate de tigre ont la m\u00eame fonction que les <a href=\"https:\/\/shuliybaler.com\/fr\/product\/cisaille-crocodile\/\" data-type=\"URL\" data-id=\"https:\/\/shuliybaler.com\/product\/alligator-shear\/\">machines de cisaillement en acier alligator<\/a> et conviennent aux usines de recyclage et de transformation des m\u00e9taux, aux parcs de d\u00e9mant\u00e8lement de voitures hors d'usage, aux industries de fonderie et de moulage, ainsi qu\u2019\u00e0 la cisaille et coupe \u00e0 froid de divers aciers et divers mat\u00e9riaux m\u00e9talliques.<\/p>    <figure class=\"wp-block-image size-full\"><img loading=\"lazy\" decoding=\"async\" width=\"720\" height=\"540\" src=\"https:\/\/shuliybaler.com\/wp-content\/uploads\/2022\/11\/iron-scrap-cutting-machine.webp\" alt=\"machine de d\u00e9coupe de ferraille\" class=\"wp-image-2908\" title=\"\" srcset=\"https:\/\/shuliybaler.com\/wp-content\/uploads\/2022\/11\/iron-scrap-cutting-machine.webp 720w, https:\/\/shuliybaler.com\/wp-content\/uploads\/2022\/11\/iron-scrap-cutting-machine-360x270.webp 360w, https:\/\/shuliybaler.com\/wp-content\/uploads\/2022\/11\/iron-scrap-cutting-machine-180x135.webp 180w\" sizes=\"auto, (max-width: 720px) 100vw, 720px\" \/><figcaption class=\"wp-element-caption\">Machine de d\u00e9coupe de ferraille<\/figcaption><\/figure>    <h2 class=\"wp-block-heading\">Le champ d'application de la cisaille \u00e0 plaques de ferraille<\/h2>    <p class=\"translation-block\">Les machines de cisaillement des plaques de r\u00e9cup\u00e9ration conviennent aux sites de recyclage m\u00e9tallurgique pour la coupe des m\u00e9taux, ce qui facilite le recyclage et la r\u00e9utilisation ; <a href=\"https:\/\/www.youtube.com\/watch?v=GNmdIftq4X8&amp;t=13s\" data-type=\"URL\" data-id=\"https:\/\/www.youtube.com\/watch?v=GNmdIftq4X8&amp;t=13s\" target=\"_blank\" rel=\"noopener\">les machines de cisailement des plaques de r\u00e9cup\u00e9ration<\/a> peuvent \u00e9galement \u00eatre utilis\u00e9es dans les usines de recyclage automobile pour d\u00e9monter les voitures hors d'usage. Les machines de cisaille et coupe en m\u00e9tal peuvent aussi \u00eatre utilis\u00e9es sur les chantiers pour la coupe des barres d'armature et des m\u00e9taux. Ainsi, les cisailles \u00e0 t\u00eate de tigre peuvent \u00eatre utilis\u00e9es pour couper toutes sortes de m\u00e9taux durs.<\/p>    <h2 class=\"wp-block-heading\">Avantages de la cisaille \u00e0 t\u00f4les<\/h2>    <figure class=\"wp-block-gallery has-nested-images columns-default is-cropped wp-block-gallery-2 is-layout-flex wp-block-gallery-is-layout-flex\"> <figure class=\"wp-block-image size-large\"><img loading=\"lazy\" decoding=\"async\" width=\"720\" height=\"540\" data-id=\"2909\" src=\"https:\/\/shuliybaler.com\/wp-content\/uploads\/2022\/11\/scrap-plate-shearing-machine.webp\" alt=\"cisaille \u00e0 plaques de ferraille\" class=\"wp-image-2909\" title=\"\" srcset=\"https:\/\/shuliybaler.com\/wp-content\/uploads\/2022\/11\/scrap-plate-shearing-machine.webp 720w, https:\/\/shuliybaler.com\/wp-content\/uploads\/2022\/11\/scrap-plate-shearing-machine-360x270.webp 360w, https:\/\/shuliybaler.com\/wp-content\/uploads\/2022\/11\/scrap-plate-shearing-machine-180x135.webp 180w\" sizes=\"auto, (max-width: 720px) 100vw, 720px\" \/><figcaption class=\"wp-element-caption\">Machine de cisaillement de plaque de ferraille<\/figcaption><\/figure>    <figure class=\"wp-block-image size-large\"><img loading=\"lazy\" decoding=\"async\" width=\"720\" height=\"540\" data-id=\"2910\" src=\"https:\/\/shuliybaler.com\/wp-content\/uploads\/2022\/11\/scrap-plate-shearing-machine-1.webp\" alt=\"cisaille \u00e0 plaques de ferraille\" class=\"wp-image-2910\" title=\"\" srcset=\"https:\/\/shuliybaler.com\/wp-content\/uploads\/2022\/11\/scrap-plate-shearing-machine-1.webp 720w, https:\/\/shuliybaler.com\/wp-content\/uploads\/2022\/11\/scrap-plate-shearing-machine-1-360x270.webp 360w, https:\/\/shuliybaler.com\/wp-content\/uploads\/2022\/11\/scrap-plate-shearing-machine-1-180x135.webp 180w\" sizes=\"auto, (max-width: 720px) 100vw, 720px\" \/><figcaption class=\"wp-element-caption\">Machine de cisaillement de plaque de ferraille<\/figcaption><\/figure> <\/figure>    <p>1. Cette machine de d\u00e9coupe de ferraille est principalement utilis\u00e9e dans l'industrie du recyclage et de la transformation des d\u00e9chets. Les aci\u00e9ries de petite et moyenne taille cisaillent \u00e0 froid la ferraille avec diverses formes de section transversale telles que l'acier rond, l'acier carr\u00e9, l'acier \u00e0 profil\u00e9s, l'acier d'angle, les poutres en I, les t\u00f4les d'acier, les tuyaux en acier, etc.<\/p>    <p>2. Cette machine de d\u00e9coupe de ferraille a des fonctions manuelles et automatiques. Le contr\u00f4le des op\u00e9rations est pratique et simple, et les ciseaux peuvent \u00eatre coup\u00e9s et arr\u00eat\u00e9s dans n'importe quelle position pendant le processus de travail. et selon<\/p>    <p>3. Il adopte un entra\u00eenement hydraulique facile \u00e0 utiliser et \u00e0 entretenir.<\/p>    <p>4. Par rapport \u00e0 la cisaille \u00e0 transmission m\u00e9canique, elle pr\u00e9sente les avantages d'une petite taille, d'un poids l\u00e9ger, d'une faible inertie, d'un faible bruit, d'une action stable, d'un fonctionnement pratique, d'une flexibilit\u00e9, d'une grande section de cisaillement et d'un r\u00e9glage pratique des ciseaux. Son fonctionnement est s\u00fbr et facile \u00e0 mettre en \u0153uvre. Protection de surcharge.<\/p>    <figure class=\"wp-block-embed is-type-video is-provider-youtube wp-block-embed-youtube wp-embed-aspect-16-9 wp-has-aspect-ratio\"><div class=\"wp-block-embed__wrapper\"> <iframe loading=\"lazy\" title=\"Cisaille hydraulique pour plaques de ferraille | cisaille \u00e0 ferraille | machine de d\u00e9coupe de ferraille\" width=\"500\" height=\"281\" src=\"https:\/\/www.youtube.com\/embed\/B3-xPveJGvw?feature=oembed\" frameborder=\"0\" allow=\"accelerometer; autoplay; clipboard-write; encrypted-media; gyroscope; picture-in-picture; web-share\" referrerpolicy=\"strict-origin-when-cross-origin\" allowfullscreen><\/iframe> <\/div><\/figure>    <h2 class=\"wp-block-heading\">Param\u00e8tre de la cisaille \u00e0 plaques de ferraille<\/h2>    <figure class=\"wp-block-image size-full\"><img loading=\"lazy\" decoding=\"async\" width=\"720\" height=\"540\" src=\"https:\/\/shuliybaler.com\/wp-content\/uploads\/2022\/11\/hydraulic-metal-shearing-equipment.webp\" alt=\"\u00e9quipement de cisaillement hydraulique des m\u00e9taux\" class=\"wp-image-2911\" title=\"\" srcset=\"https:\/\/shuliybaler.com\/wp-content\/uploads\/2022\/11\/hydraulic-metal-shearing-equipment.webp 720w, https:\/\/shuliybaler.com\/wp-content\/uploads\/2022\/11\/hydraulic-metal-shearing-equipment-360x270.webp 360w, https:\/\/shuliybaler.com\/wp-content\/uploads\/2022\/11\/hydraulic-metal-shearing-equipment-180x135.webp 180w\" sizes=\"auto, (max-width: 720px) 100vw, 720px\" \/><figcaption class=\"wp-element-caption\">\u00c9quipement de cisaillement hydraulique des m\u00e9taux<\/figcaption><\/figure>    <figure class=\"wp-block-table\"><table><tbody><tr><td>Pression de l'\u00e9quipement<\/td><td>2500 n\u0153uds<\/td><\/tr><tr><td>Pression du syst\u00e8me<\/td><td>25 MPa<\/td><\/tr><tr><td>Taille de la lame<\/td><td>1000mm<\/td><\/tr><tr><td>Puissance du moteur<\/td><td>22 kV<\/td><\/tr><tr><td>Capacit\u00e9 de la bo\u00eete aux lettres<\/td><td>360L<\/td><\/tr><tr><td>Temps r\u00e9duits <\/td><td>4-8<\/td><\/tr><tr><td>Taille de la machine \u00e0 d\u00e9couper<\/td><td>2000*1200*2100<\/td><\/tr><\/tbody><\/table><figcaption class=\"wp-element-caption\">Cisaille \u00e0 t\u00f4les<\/figcaption><\/figure>    <h2 class=\"wp-block-heading\">Comment fonctionne la cisaille \u00e0 plaques de ferraille\u00a0?<\/h2>    <figure class=\"wp-block-gallery has-nested-images columns-default is-cropped wp-block-gallery-3 is-layout-flex wp-block-gallery-is-layout-flex\"> <figure class=\"wp-block-image size-large\"><img loading=\"lazy\" decoding=\"async\" width=\"720\" height=\"540\" data-id=\"2913\" src=\"https:\/\/shuliybaler.com\/wp-content\/uploads\/2022\/11\/hydraulic-metal-shearing-equipment-2.webp\" alt=\"\u00e9quipement de cisaillement hydraulique des m\u00e9taux\" class=\"wp-image-2913\" title=\"\" srcset=\"https:\/\/shuliybaler.com\/wp-content\/uploads\/2022\/11\/hydraulic-metal-shearing-equipment-2.webp 720w, https:\/\/shuliybaler.com\/wp-content\/uploads\/2022\/11\/hydraulic-metal-shearing-equipment-2-360x270.webp 360w, https:\/\/shuliybaler.com\/wp-content\/uploads\/2022\/11\/hydraulic-metal-shearing-equipment-2-180x135.webp 180w\" sizes=\"auto, (max-width: 720px) 100vw, 720px\" \/><figcaption class=\"wp-element-caption\">\u00c9quipement de cisaillement hydraulique des m\u00e9taux<\/figcaption><\/figure>    <figure class=\"wp-block-image size-large\"><img loading=\"lazy\" decoding=\"async\" width=\"720\" height=\"540\" data-id=\"2914\" src=\"https:\/\/shuliybaler.com\/wp-content\/uploads\/2022\/11\/hydraulic-metal-shearing-equipment-3.webp\" alt=\"\u00e9quipement de cisaillement hydraulique des m\u00e9taux\" class=\"wp-image-2914\" title=\"\" srcset=\"https:\/\/shuliybaler.com\/wp-content\/uploads\/2022\/11\/hydraulic-metal-shearing-equipment-3.webp 720w, https:\/\/shuliybaler.com\/wp-content\/uploads\/2022\/11\/hydraulic-metal-shearing-equipment-3-360x270.webp 360w, https:\/\/shuliybaler.com\/wp-content\/uploads\/2022\/11\/hydraulic-metal-shearing-equipment-3-180x135.webp 180w\" sizes=\"auto, (max-width: 720px) 100vw, 720px\" \/><figcaption class=\"wp-element-caption\">\u00c9quipement de cisaillement hydraulique des m\u00e9taux<\/figcaption><\/figure>    <figure class=\"wp-block-image size-large\"><img loading=\"lazy\" decoding=\"async\" width=\"720\" height=\"540\" data-id=\"2915\" src=\"https:\/\/shuliybaler.com\/wp-content\/uploads\/2022\/11\/metal-shearing-equipment.webp\" alt=\"\u00e9quipement de cisaillement hydraulique des m\u00e9taux\" class=\"wp-image-2915\" title=\"\" srcset=\"https:\/\/shuliybaler.com\/wp-content\/uploads\/2022\/11\/metal-shearing-equipment.webp 720w, https:\/\/shuliybaler.com\/wp-content\/uploads\/2022\/11\/metal-shearing-equipment-360x270.webp 360w, https:\/\/shuliybaler.com\/wp-content\/uploads\/2022\/11\/metal-shearing-equipment-180x135.webp 180w\" sizes=\"auto, (max-width: 720px) 100vw, 720px\" \/><figcaption class=\"wp-element-caption\">\u00c9quipement de cisaillement hydraulique des m\u00e9taux<\/figcaption><\/figure>    <figure class=\"wp-block-image size-large\"><img loading=\"lazy\" decoding=\"async\" width=\"720\" height=\"540\" data-id=\"2912\" src=\"https:\/\/shuliybaler.com\/wp-content\/uploads\/2022\/11\/hydraulic-metal-shearing-equipment-1.webp\" alt=\"\u00e9quipement de cisaillement hydraulique des m\u00e9taux\" class=\"wp-image-2912\" title=\"\" srcset=\"https:\/\/shuliybaler.com\/wp-content\/uploads\/2022\/11\/hydraulic-metal-shearing-equipment-1.webp 720w, https:\/\/shuliybaler.com\/wp-content\/uploads\/2022\/11\/hydraulic-metal-shearing-equipment-1-360x270.webp 360w, https:\/\/shuliybaler.com\/wp-content\/uploads\/2022\/11\/hydraulic-metal-shearing-equipment-1-180x135.webp 180w\" sizes=\"auto, (max-width: 720px) 100vw, 720px\" \/><figcaption class=\"wp-element-caption\">\u00c9quipement de cisaillement hydraulique des m\u00e9taux<\/figcaption><\/figure> <\/figure>    <p>Par rapport \u00e0 la cisaille \u00e0 transmission m\u00e9canique, elle pr\u00e9sente les avantages d'une petite taille, d'un poids l\u00e9ger, d'une faible inertie, d'un faible bruit, d'une action stable, d'un fonctionnement pratique, d'une flexibilit\u00e9, d'une grande section de cisaillement et d'un r\u00e9glage pratique des ciseaux. Il est s\u00fbr \u00e0 utiliser et \u00e0 utiliser, et il est facile d'obtenir une protection contre les surcharges.<\/p>","protected":false},"excerpt":{"rendered":"<p>La cisaille \u00e0 plaques de ferraille est une sorte d\u2019\u00e9quipement de cisaillement hydraulique des m\u00e9taux. L'apparence est similaire \u00e0 celle de la t\u00eate de tigre, c'est pourquoi elle est \u00e9galement appel\u00e9e cisaille \u00e0 t\u00eate de tigre. Les ciseaux \u00e0 t\u00eate de tigre ont la m\u00eame fonction que les cisailles \u00e0 acier alligator et conviennent aux usines de recyclage et de traitement des m\u00e9taux, aux chantiers de d\u00e9montage de voitures mises au rebut, aux industries de fusion et de moulage, ainsi qu'au cisaillement et \u00e0 la d\u00e9coupe \u00e0 froid de diverses formes d'acier et de divers mat\u00e9riaux m\u00e9talliques.<\/p>","protected":false},"author":1,"featured_media":2907,"parent":0,"template":"","tags":[37],"product-type":[43],"class_list":["post-2905","product","type-product","status-publish","has-post-thumbnail","hentry","tag-scrap-metal-shear-machine","product-type-metal-shear"],"_links":{"self":[{"href":"https:\/\/shuliybaler.com\/fr\/wp-json\/wp\/v2\/product\/2905","targetHints":{"allow":["GET"]}}],"collection":[{"href":"https:\/\/shuliybaler.com\/fr\/wp-json\/wp\/v2\/product"}],"about":[{"href":"https:\/\/shuliybaler.com\/fr\/wp-json\/wp\/v2\/types\/product"}],"author":[{"embeddable":true,"href":"https:\/\/shuliybaler.com\/fr\/wp-json\/wp\/v2\/users\/1"}],"wp:featuredmedia":[{"embeddable":true,"href":"https:\/\/shuliybaler.com\/fr\/wp-json\/wp\/v2\/media\/2907"}],"wp:attachment":[{"href":"https:\/\/shuliybaler.com\/fr\/wp-json\/wp\/v2\/media?parent=2905"}],"wp:term":[{"taxonomy":"post_tag","embeddable":true,"href":"https:\/\/shuliybaler.com\/fr\/wp-json\/wp\/v2\/tags?post=2905"},{"taxonomy":"product-type","embeddable":true,"href":"https:\/\/shuliybaler.com\/fr\/wp-json\/wp\/v2\/product-type?post=2905"}],"curies":[{"name":"wp","href":"https:\/\/api.w.org\/{rel}","templated":true}]}}