{"id":2916,"date":"2022-11-16T18:06:03","date_gmt":"2022-11-16T10:06:03","guid":{"rendered":"https:\/\/shuliybaler.com\/?post_type=product&#038;p=2916"},"modified":"2022-12-13T11:34:27","modified_gmt":"2022-12-13T03:34:27","slug":"steel-drum-shredder","status":"publish","type":"product","link":"https:\/\/shuliybaler.com\/fr\/product\/broyeur-a-tambour-en-acier\/","title":{"rendered":"Broyeur \u00e0 tambour en acier | broyeur de barils en acier"},"content":{"rendered":"<p class=\"translation-block\">Le broyeur \u00e0 tambour en acier est \u00e9galement appel\u00e9 broyeur \u00e0 double arbre. Ce <a href=\"https:\/\/shuliybaler.com\/fr\/product\/broyeur-de-ferraille\/\" data-type=\"URL\" data-id=\"https:\/\/shuliybaler.com\/product\/scrap-metal-shredder-machine\/\">broyeur de f\u00fbts en acier<\/a> peut broyer des pneus, des m\u00e9taux, de l'acier usag\u00e9, des voitures hors d'usage, etc. Le <a href=\"https:\/\/www.greif.com\/steel-drums\/\" data-type=\"URL\" data-id=\"https:\/\/www.greif.com\/steel-drums\/\" target=\"_blank\" rel=\"noopener\">broyeur de f\u00fbts en acier<\/a> coupe, d\u00e9chire, presse, etc. R\u00e9duit en taille. Le broyeur \u00e0 tambour en fer est une machine tr\u00e8s importante dans les \u00e9quipements de recyclage de protection de l'environnement. La lame de la machine a une duret\u00e9 \u00e9lev\u00e9e, un large \u00e9ventail d'utilisations et un faible bruit. Faible consommation d'\u00e9nergie.<\/p>    <figure class=\"wp-block-image size-full\"><img loading=\"lazy\" decoding=\"async\" width=\"720\" height=\"540\" src=\"https:\/\/shuliybaler.com\/wp-content\/uploads\/2022\/11\/steel-drum-shredder-1.jpg\" alt=\"broyeur \u00e0 tambour en acier\" class=\"wp-image-2922\" title=\"\" srcset=\"https:\/\/shuliybaler.com\/wp-content\/uploads\/2022\/11\/steel-drum-shredder-1.jpg 720w, https:\/\/shuliybaler.com\/wp-content\/uploads\/2022\/11\/steel-drum-shredder-1-360x270.jpg 360w, https:\/\/shuliybaler.com\/wp-content\/uploads\/2022\/11\/steel-drum-shredder-1-180x135.jpg 180w\" sizes=\"auto, (max-width: 720px) 100vw, 720px\" \/><figcaption class=\"wp-element-caption\">Broyeur \u00e0 tambour en acier<\/figcaption><\/figure>    <h2 class=\"wp-block-heading\">Champ d'application du broyeur \u00e0 tambour en acier<\/h2>    <figure class=\"wp-block-image size-full\"><img loading=\"lazy\" decoding=\"async\" width=\"720\" height=\"540\" src=\"https:\/\/shuliybaler.com\/wp-content\/uploads\/2022\/11\/application-of-steel-drum-shredder.jpg\" alt=\"application du broyeur \u00e0 tambour en acier\" class=\"wp-image-2923\" title=\"\" srcset=\"https:\/\/shuliybaler.com\/wp-content\/uploads\/2022\/11\/application-of-steel-drum-shredder.jpg 720w, https:\/\/shuliybaler.com\/wp-content\/uploads\/2022\/11\/application-of-steel-drum-shredder-360x270.jpg 360w, https:\/\/shuliybaler.com\/wp-content\/uploads\/2022\/11\/application-of-steel-drum-shredder-180x135.jpg 180w\" sizes=\"auto, (max-width: 720px) 100vw, 720px\" \/><figcaption class=\"wp-element-caption\">Application du broyeur \u00e0 tambour en acier<\/figcaption><\/figure>    <p class=\"translation-block\"><strong>M\u00e9taux<\/strong> : canettes, bo\u00eetes en m\u00e9tal, v\u00e9los en fer, carcasses de voitures<\/p>    <p class=\"translation-block\"><strong>Bois<\/strong> : meubles usag\u00e9s, branches, troncs, chutes de bois, palettes en bois, bois massif,<\/p>    <p>Caoutchouc\u00a0: pneus usag\u00e9s, rubans adh\u00e9sifs, industrie des tuyaux, produits en caoutchouc,<\/p>    <p>Plastiques, films plastiques, sacs plastiques, sacs tiss\u00e9s, bouteilles plastiques,<\/p>    <p>Type de tuyau\u00a0: tuyau en plastique, tuyau PE, tuyau en aluminium m\u00e9tallique,<\/p>    <figure class=\"wp-block-image size-full\"><img loading=\"lazy\" decoding=\"async\" width=\"720\" height=\"540\" src=\"https:\/\/shuliybaler.com\/wp-content\/uploads\/2022\/11\/steel-barrels-crusher.jpg\" alt=\"broyeur de barils en acier\" class=\"wp-image-2925\" title=\"\" srcset=\"https:\/\/shuliybaler.com\/wp-content\/uploads\/2022\/11\/steel-barrels-crusher.jpg 720w, https:\/\/shuliybaler.com\/wp-content\/uploads\/2022\/11\/steel-barrels-crusher-360x270.jpg 360w, https:\/\/shuliybaler.com\/wp-content\/uploads\/2022\/11\/steel-barrels-crusher-180x135.jpg 180w\" sizes=\"auto, (max-width: 720px) 100vw, 720px\" \/><figcaption class=\"wp-element-caption\">Concasseur de barils en acier<\/figcaption><\/figure>    <p>Conditionnement : sacs tiss\u00e9s, sacs plastiques, r\u00e9ception des d\u00e9chets,<\/p>    <p>\u00c9lectronique\u00a0: circuits imprim\u00e9s de r\u00e9frig\u00e9rateur, bo\u00eetiers d'ordinateurs portables, bo\u00eetiers de t\u00e9l\u00e9viseurs<\/p>    <p>Papier\u00a0: livres et journaux anciens, magazines, papier \u00e0 copie,<\/p>    <p>Viande : os de porc, bouillon de b\u0153uf,<\/p>    <p>Verre\u00a0: tubes lumineux, tasses en verre, bouteilles en verre<\/p>    <h2 class=\"wp-block-heading\">Le r\u00f4le du broyeur \u00e0 tambour en acier<\/h2>    <figure class=\"wp-block-image size-full\"><img loading=\"lazy\" decoding=\"async\" width=\"720\" height=\"540\" src=\"https:\/\/shuliybaler.com\/wp-content\/uploads\/2022\/11\/steel-drum-shredder-2.jpg\" alt=\"broyeur \u00e0 tambour en acier\" class=\"wp-image-2924\" title=\"\" srcset=\"https:\/\/shuliybaler.com\/wp-content\/uploads\/2022\/11\/steel-drum-shredder-2.jpg 720w, https:\/\/shuliybaler.com\/wp-content\/uploads\/2022\/11\/steel-drum-shredder-2-360x270.jpg 360w, https:\/\/shuliybaler.com\/wp-content\/uploads\/2022\/11\/steel-drum-shredder-2-180x135.jpg 180w\" sizes=\"auto, (max-width: 720px) 100vw, 720px\" \/><figcaption class=\"wp-element-caption\">Broyeur \u00e0 tambour en acier<\/figcaption><\/figure>    <p>La fonction principale du concasseur \u00e0 barils de fer est de broyer le mat\u00e9riau, qui est g\u00e9n\u00e9ralement utilis\u00e9 pour traiter des mati\u00e8res premi\u00e8res ou des chutes non transform\u00e9es. La taille des p\u00e9riodes devient plus petite. Par exemple, les bouteilles en plastique sont broy\u00e9es, les pneus sont d\u00e9chiquet\u00e9s, puis fondus en granul\u00e9s, utilis\u00e9s comme mati\u00e8res premi\u00e8res et recycl\u00e9s. Ce broyeur de f\u00fbts de fer est \u00e9galement souvent utilis\u00e9 pour broyer les d\u00e9chets de f\u00fbts de fer, puis les recycler pour cr\u00e9er une valeur \u00e9conomique.<\/p>    <figure class=\"wp-block-image size-full\"><img loading=\"lazy\" decoding=\"async\" width=\"720\" height=\"540\" src=\"https:\/\/shuliybaler.com\/wp-content\/uploads\/2022\/11\/steel-drum-shredder-2-1.jpg\" alt=\"broyeur \u00e0 tambour en acier\" class=\"wp-image-2929\" title=\"\" srcset=\"https:\/\/shuliybaler.com\/wp-content\/uploads\/2022\/11\/steel-drum-shredder-2-1.jpg 720w, https:\/\/shuliybaler.com\/wp-content\/uploads\/2022\/11\/steel-drum-shredder-2-1-360x270.jpg 360w, https:\/\/shuliybaler.com\/wp-content\/uploads\/2022\/11\/steel-drum-shredder-2-1-180x135.jpg 180w\" sizes=\"auto, (max-width: 720px) 100vw, 720px\" \/><figcaption class=\"wp-element-caption\">Broyeur \u00e0 tambour en acier<\/figcaption><\/figure>    <h2 class=\"wp-block-heading\">Composants d'un concasseur de barils en acier<\/h2>    <figure class=\"wp-block-gallery has-nested-images columns-default is-cropped wp-block-gallery-2 is-layout-flex wp-block-gallery-is-layout-flex\"> <figure class=\"wp-block-image size-large\"><img loading=\"lazy\" decoding=\"async\" width=\"720\" height=\"540\" data-id=\"2918\" src=\"https:\/\/shuliybaler.com\/wp-content\/uploads\/2022\/11\/steel-barrels-crusher-knife.jpg\" alt=\"couteau de broyeur de barils en acier\" class=\"wp-image-2918\" title=\"\" srcset=\"https:\/\/shuliybaler.com\/wp-content\/uploads\/2022\/11\/steel-barrels-crusher-knife.jpg 720w, https:\/\/shuliybaler.com\/wp-content\/uploads\/2022\/11\/steel-barrels-crusher-knife-360x270.jpg 360w, https:\/\/shuliybaler.com\/wp-content\/uploads\/2022\/11\/steel-barrels-crusher-knife-180x135.jpg 180w\" sizes=\"auto, (max-width: 720px) 100vw, 720px\" \/><figcaption class=\"wp-element-caption\">Couteau broyeur de barils en acier<\/figcaption><\/figure>    <figure class=\"wp-block-image size-large\"><img loading=\"lazy\" decoding=\"async\" width=\"720\" height=\"540\" data-id=\"2919\" src=\"https:\/\/shuliybaler.com\/wp-content\/uploads\/2022\/11\/machine-bearing.jpg\" alt=\"roulement de broyeur de barils en acier\" class=\"wp-image-2919\" title=\"\" srcset=\"https:\/\/shuliybaler.com\/wp-content\/uploads\/2022\/11\/machine-bearing.jpg 720w, https:\/\/shuliybaler.com\/wp-content\/uploads\/2022\/11\/machine-bearing-360x270.jpg 360w, https:\/\/shuliybaler.com\/wp-content\/uploads\/2022\/11\/machine-bearing-180x135.jpg 180w\" sizes=\"auto, (max-width: 720px) 100vw, 720px\" \/><figcaption class=\"wp-element-caption\">Roulement de broyeur de barils en acier<\/figcaption><\/figure>    <figure class=\"wp-block-image size-large\"><img loading=\"lazy\" decoding=\"async\" width=\"720\" height=\"540\" data-id=\"2920\" src=\"https:\/\/shuliybaler.com\/wp-content\/uploads\/2022\/11\/steel-barrels-crusher-details.jpg\" alt=\"d\u00e9tails du concasseur de barils en acier\" class=\"wp-image-2920\" title=\"\" srcset=\"https:\/\/shuliybaler.com\/wp-content\/uploads\/2022\/11\/steel-barrels-crusher-details.jpg 720w, https:\/\/shuliybaler.com\/wp-content\/uploads\/2022\/11\/steel-barrels-crusher-details-360x270.jpg 360w, https:\/\/shuliybaler.com\/wp-content\/uploads\/2022\/11\/steel-barrels-crusher-details-180x135.jpg 180w\" sizes=\"auto, (max-width: 720px) 100vw, 720px\" \/><figcaption class=\"wp-element-caption\">D\u00e9tails du concasseur de barils en acier<\/figcaption><\/figure> <\/figure>    <p>Le broyeur \u00e0 double arbre est une sorte d\u2019\u00e9quipement m\u00e9canique de broyage de d\u00e9chets solides. Il est principalement compos\u00e9 d'un axe de lame, d'un couteau fixe, d'un caisson porteur, d'un caisson, d'un support, d'un syst\u00e8me d'alimentation, d'un syst\u00e8me de propulsion hydraulique, d'un syst\u00e8me d'alimentation et d'un syst\u00e8me de commande moteur. Le mat\u00e9riau entre par le haut de la machine, passe \u00e0 travers la lame et les morceaux de tambour en fer concass\u00e9 s'\u00e9coulent par le bas de la machine. Une bande transporteuse peut \u00eatre plac\u00e9e sous la machine pour r\u00e9aliser un traitement enti\u00e8rement automatique.<\/p>    <figure class=\"wp-block-embed is-type-video is-provider-youtube wp-block-embed-youtube wp-embed-aspect-16-9 wp-has-aspect-ratio\"><div class=\"wp-block-embed__wrapper\"> <iframe loading=\"lazy\" title=\"Quelle machine de concassage de m\u00e9tal peut \u00e9craser n&#039;importe quoi ? broyeur de ferraille | broyeur de ferraille\" width=\"500\" height=\"281\" src=\"https:\/\/www.youtube.com\/embed\/Vk_1d0oict8?feature=oembed\" frameborder=\"0\" allow=\"accelerometer; autoplay; clipboard-write; encrypted-media; gyroscope; picture-in-picture; web-share\" referrerpolicy=\"strict-origin-when-cross-origin\" allowfullscreen><\/iframe> <\/div><figcaption class=\"wp-element-caption\">Vid\u00e9o sur le broyeur \u00e0 tambour en acier<\/figcaption><\/figure>    <h2 class=\"wp-block-heading\">Avantages du broyeur \u00e0 tambour en acier<\/h2>    <figure class=\"wp-block-image size-full\"><img loading=\"lazy\" decoding=\"async\" width=\"720\" height=\"540\" src=\"https:\/\/shuliybaler.com\/wp-content\/uploads\/2022\/11\/steel-drum-shredder.jpg\" alt=\"broyeur \u00e0 tambour en acier\" class=\"wp-image-2921\" title=\"\" srcset=\"https:\/\/shuliybaler.com\/wp-content\/uploads\/2022\/11\/steel-drum-shredder.jpg 720w, https:\/\/shuliybaler.com\/wp-content\/uploads\/2022\/11\/steel-drum-shredder-360x270.jpg 360w, https:\/\/shuliybaler.com\/wp-content\/uploads\/2022\/11\/steel-drum-shredder-180x135.jpg 180w\" sizes=\"auto, (max-width: 720px) 100vw, 720px\" \/><figcaption class=\"wp-element-caption\">Broyeur \u00e0 tambour en acier<\/figcaption><\/figure>    <p>1. L'ensemble est guid\u00e9, ce qui garantit une r\u00e9sistance m\u00e9canique et une pr\u00e9cision de traitement \u00e9lev\u00e9es, prolonge la dur\u00e9e de vie de l'\u00e9quipement et r\u00e9duit les co\u00fbts de maintenance<\/p>    <p>2. Technologie de couteau fixe amovible ind\u00e9pendante, chaque couteau fixe peut \u00eatre d\u00e9mont\u00e9 et install\u00e9 ind\u00e9pendamment. Il peut \u00eatre d\u00e9mont\u00e9 en peu de temps et rapidement, ce qui r\u00e9duit la charge de travail manuel et am\u00e9liore la continuit\u00e9 normale.<\/p>    <p>3. Personnalisation des outils. Le coupeur peut \u00eatre remplac\u00e9 pour contr\u00f4ler la finesse du mat\u00e9riau broy\u00e9 par le broyeur \u00e0 tambour en acier. R\u00e9aliser une production de machines contr\u00f4lables.<\/p>    <figure class=\"wp-block-gallery has-nested-images columns-default is-cropped wp-block-gallery-3 is-layout-flex wp-block-gallery-is-layout-flex\"> <figure class=\"wp-block-image size-large\"><img loading=\"lazy\" decoding=\"async\" width=\"720\" height=\"540\" data-id=\"2926\" src=\"https:\/\/shuliybaler.com\/wp-content\/uploads\/2022\/11\/steel-barrels-crusher-1.jpg\" alt=\"broyeur de barils en acier\" class=\"wp-image-2926\" title=\"\" srcset=\"https:\/\/shuliybaler.com\/wp-content\/uploads\/2022\/11\/steel-barrels-crusher-1.jpg 720w, https:\/\/shuliybaler.com\/wp-content\/uploads\/2022\/11\/steel-barrels-crusher-1-360x270.jpg 360w, https:\/\/shuliybaler.com\/wp-content\/uploads\/2022\/11\/steel-barrels-crusher-1-180x135.jpg 180w\" sizes=\"auto, (max-width: 720px) 100vw, 720px\" \/><figcaption class=\"wp-element-caption\">Concasseur de barils en acier<\/figcaption><\/figure>    <figure class=\"wp-block-image size-large\"><img loading=\"lazy\" decoding=\"async\" width=\"720\" height=\"540\" data-id=\"2927\" src=\"https:\/\/shuliybaler.com\/wp-content\/uploads\/2022\/11\/steel-barrels-crusher-2.jpg\" alt=\"broyeur de barils en acier\" class=\"wp-image-2927\" title=\"\" srcset=\"https:\/\/shuliybaler.com\/wp-content\/uploads\/2022\/11\/steel-barrels-crusher-2.jpg 720w, https:\/\/shuliybaler.com\/wp-content\/uploads\/2022\/11\/steel-barrels-crusher-2-360x270.jpg 360w, https:\/\/shuliybaler.com\/wp-content\/uploads\/2022\/11\/steel-barrels-crusher-2-180x135.jpg 180w\" sizes=\"auto, (max-width: 720px) 100vw, 720px\" \/><figcaption class=\"wp-element-caption\">Concasseur de barils en acier<\/figcaption><\/figure>    <figure class=\"wp-block-image size-large\"><img loading=\"lazy\" decoding=\"async\" width=\"720\" height=\"540\" data-id=\"2928\" src=\"https:\/\/shuliybaler.com\/wp-content\/uploads\/2022\/11\/steel-barrels-crusher-3.jpg\" alt=\"broyeur de barils en acier\" class=\"wp-image-2928\" title=\"\" srcset=\"https:\/\/shuliybaler.com\/wp-content\/uploads\/2022\/11\/steel-barrels-crusher-3.jpg 720w, https:\/\/shuliybaler.com\/wp-content\/uploads\/2022\/11\/steel-barrels-crusher-3-360x270.jpg 360w, https:\/\/shuliybaler.com\/wp-content\/uploads\/2022\/11\/steel-barrels-crusher-3-180x135.jpg 180w\" sizes=\"auto, (max-width: 720px) 100vw, 720px\" \/><figcaption class=\"wp-element-caption\">Concasseur de barils en acier<\/figcaption><\/figure> <\/figure>","protected":false},"excerpt":{"rendered":"<p>Le broyeur \u00e0 tambour en acier est \u00e9galement appel\u00e9 broyeur \u00e0 double arbre. Ce broyeur de barils en acier peut \u00e9craser des pneus, des m\u00e9taux, de la ferraille d'acier, des d\u00e9bris de voitures, etc. Le broyeur de barils en acier coupe, d\u00e9chiquete, presse, etc. <\/p>","protected":false},"author":1,"featured_media":2917,"parent":0,"template":"","tags":[],"product-type":[46],"class_list":["post-2916","product","type-product","status-publish","has-post-thumbnail","hentry","product-type-metal-shredder"],"_links":{"self":[{"href":"https:\/\/shuliybaler.com\/fr\/wp-json\/wp\/v2\/product\/2916","targetHints":{"allow":["GET"]}}],"collection":[{"href":"https:\/\/shuliybaler.com\/fr\/wp-json\/wp\/v2\/product"}],"about":[{"href":"https:\/\/shuliybaler.com\/fr\/wp-json\/wp\/v2\/types\/product"}],"author":[{"embeddable":true,"href":"https:\/\/shuliybaler.com\/fr\/wp-json\/wp\/v2\/users\/1"}],"wp:featuredmedia":[{"embeddable":true,"href":"https:\/\/shuliybaler.com\/fr\/wp-json\/wp\/v2\/media\/2917"}],"wp:attachment":[{"href":"https:\/\/shuliybaler.com\/fr\/wp-json\/wp\/v2\/media?parent=2916"}],"wp:term":[{"taxonomy":"post_tag","embeddable":true,"href":"https:\/\/shuliybaler.com\/fr\/wp-json\/wp\/v2\/tags?post=2916"},{"taxonomy":"product-type","embeddable":true,"href":"https:\/\/shuliybaler.com\/fr\/wp-json\/wp\/v2\/product-type?post=2916"}],"curies":[{"name":"wp","href":"https:\/\/api.w.org\/{rel}","templated":true}]}}