{"id":2952,"date":"2022-12-01T14:12:42","date_gmt":"2022-12-01T06:12:42","guid":{"rendered":"https:\/\/shuliybaler.com\/?post_type=product&#038;p=2952"},"modified":"2022-12-13T11:30:36","modified_gmt":"2022-12-13T03:30:36","slug":"wood-pallet-shredder-machine","status":"publish","type":"product","link":"https:\/\/shuliybaler.com\/fr\/product\/dechiqueteuse-de-palettes-en-bois\/","title":{"rendered":"Broyeur de palettes en bois | machine de concassage de palettes en bois"},"content":{"rendered":"<p class=\"translation-block\">Cette machine de broyage pour palettes en bois est un broyeur multifonctionnel, capable de broyer des palettes en bois, des f\u00fbts en fer, des voitures usag\u00e9es, des cartons et <a href=\"https:\/\/en.wikipedia.org\/wiki\/Tire_recycling\" data-type=\"URL\" data-id=\"https:\/\/en.wikipedia.org\/wiki\/Tire_recycling\" target=\"_blank\" rel=\"noopener\">pneus<\/a>, principalement utilis\u00e9e dans l'industrie du recyclage, la machine de broyage du bois est facile \u00e0 op\u00e9rer et efficace, ce <a href=\"https:\/\/shuliybaler.com\/fr\/product\/broyeur-de-ferraille\/\" data-type=\"URL\" data-id=\"https:\/\/shuliybaler.com\/product\/scrap-metal-shredder-machine\/\">broyeur de palettes en bois<\/a> est aussi appel\u00e9 un broyeur \u00e0 double arcs car la machine poss\u00e8de deux arbres avec des couteaux, il se d\u00e9placera dans la m\u00eame direction pendant le travail pour r\u00e9aliser l'effet de broyage des mat\u00e9riaux. Cette machine se vend tr\u00e8s bien aux \u00c9mirats Arabes Unis, en Australie, en Espagne, au Pakistan, en Mac\u00e9doine, en Alg\u00e9rie et dans d'autres pays.<\/p>   <div class=\"wp-block-image\"> <figure class=\"aligncenter size-full\"><img loading=\"lazy\" decoding=\"async\" width=\"720\" height=\"540\" src=\"https:\/\/shuliybaler.com\/wp-content\/uploads\/2022\/12\/wooden-pallet-shredding-machine.webp\" alt=\"broyeur de palettes en bois\" class=\"wp-image-2960\" title=\"\" srcset=\"https:\/\/shuliybaler.com\/wp-content\/uploads\/2022\/12\/wooden-pallet-shredding-machine.webp 720w, https:\/\/shuliybaler.com\/wp-content\/uploads\/2022\/12\/wooden-pallet-shredding-machine-360x270.webp 360w, https:\/\/shuliybaler.com\/wp-content\/uploads\/2022\/12\/wooden-pallet-shredding-machine-180x135.webp 180w\" sizes=\"auto, (max-width: 720px) 100vw, 720px\" \/><figcaption class=\"wp-element-caption\">broyeur de palettes en bois<\/figcaption><\/figure> <\/div>   <h2 class=\"wp-block-heading\">Le r\u00f4le du broyeur de palettes en bois <\/h2>    <figure class=\"wp-block-gallery has-nested-images columns-default is-cropped wp-block-gallery-2 is-layout-flex wp-block-gallery-is-layout-flex\"> <figure class=\"wp-block-image size-large\"><img loading=\"lazy\" decoding=\"async\" width=\"720\" height=\"540\" data-id=\"2954\" src=\"https:\/\/shuliybaler.com\/wp-content\/uploads\/2022\/12\/wood-pallet.webp\" alt=\"Palette en bois\" class=\"wp-image-2954\" title=\"\" srcset=\"https:\/\/shuliybaler.com\/wp-content\/uploads\/2022\/12\/wood-pallet.webp 720w, https:\/\/shuliybaler.com\/wp-content\/uploads\/2022\/12\/wood-pallet-360x270.webp 360w, https:\/\/shuliybaler.com\/wp-content\/uploads\/2022\/12\/wood-pallet-180x135.webp 180w\" sizes=\"auto, (max-width: 720px) 100vw, 720px\" \/><figcaption class=\"wp-element-caption\">Palette en bois<\/figcaption><\/figure>    <figure class=\"wp-block-image size-large\"><img loading=\"lazy\" decoding=\"async\" width=\"720\" height=\"540\" data-id=\"2955\" src=\"https:\/\/shuliybaler.com\/wp-content\/uploads\/2022\/12\/wood-pallet-crushing.webp\" alt=\"concassage de palettes en bois\" class=\"wp-image-2955\" title=\"\" srcset=\"https:\/\/shuliybaler.com\/wp-content\/uploads\/2022\/12\/wood-pallet-crushing.webp 720w, https:\/\/shuliybaler.com\/wp-content\/uploads\/2022\/12\/wood-pallet-crushing-360x270.webp 360w, https:\/\/shuliybaler.com\/wp-content\/uploads\/2022\/12\/wood-pallet-crushing-180x135.webp 180w\" sizes=\"auto, (max-width: 720px) 100vw, 720px\" \/><figcaption class=\"wp-element-caption\">Concassage de palettes de bois<\/figcaption><\/figure> <\/figure>    <p>L\u2019utilisation de la d\u00e9chiqueteuse de palettes en bois consiste principalement \u00e0 broyer les d\u00e9chets de palettes en bois. Les palettes en bois broy\u00e9es peuvent \u00eatre utilis\u00e9es pour fabriquer du charbon de bois et r\u00e9utilis\u00e9es. Lorsque la machine fonctionne, les clous peuvent \u00eatre transport\u00e9s et les \u00e9tapes de retrait des clous sont soustraites. . Lors de l'utilisation, placez la palette en bois directement du haut de la machine, et la machine de concassage peut sortir directement du bas de la machine. Un tapis roulant peut \u00eatre plac\u00e9 sous la machine pour une production enti\u00e8rement automatique.<\/p>    <figure class=\"wp-block-embed is-type-video is-provider-youtube wp-block-embed-youtube wp-embed-aspect-16-9 wp-has-aspect-ratio\"><div class=\"wp-block-embed__wrapper\"> <iframe loading=\"lazy\" title=\"Broyeur de d\u00e9chets de palettes en bois | broyeur de bois machine de concassage | broyeur \u00e0 double arbre\" width=\"500\" height=\"281\" src=\"https:\/\/www.youtube.com\/embed\/QUaXAB-KYM4?start=139&#038;feature=oembed\" frameborder=\"0\" allow=\"accelerometer; autoplay; clipboard-write; encrypted-media; gyroscope; picture-in-picture; web-share\" referrerpolicy=\"strict-origin-when-cross-origin\" allowfullscreen><\/iframe> <\/div><figcaption class=\"wp-element-caption\">broyeur de bois <\/figcaption><\/figure>    <h2 class=\"wp-block-heading\">Personnalisation des couteaux pour broyeur de palettes en bois<\/h2>   <div class=\"wp-block-image\"> <figure class=\"aligncenter size-full\"><img loading=\"lazy\" decoding=\"async\" width=\"720\" height=\"540\" src=\"https:\/\/shuliybaler.com\/wp-content\/uploads\/2022\/12\/Wooden-pallet-shredder-knives.jpg\" alt=\"Couteaux pour broyeur de palettes en bois \" class=\"wp-image-2956\" title=\"\" srcset=\"https:\/\/shuliybaler.com\/wp-content\/uploads\/2022\/12\/Wooden-pallet-shredder-knives.jpg 720w, https:\/\/shuliybaler.com\/wp-content\/uploads\/2022\/12\/Wooden-pallet-shredder-knives-360x270.jpg 360w, https:\/\/shuliybaler.com\/wp-content\/uploads\/2022\/12\/Wooden-pallet-shredder-knives-180x135.jpg 180w\" sizes=\"auto, (max-width: 720px) 100vw, 720px\" \/><figcaption class=\"wp-element-caption\">Couteaux pour broyeur de palettes en bois <\/figcaption><\/figure> <\/div>   <p>Le r\u00f4le du coupeur n'est pas seulement d'\u00e9craser la palette en bois mais \u00e9galement de contr\u00f4ler la taille de la palette en bois \u00e9cras\u00e9e. Si vous souhaitez r\u00e9duire la taille du bois broy\u00e9, vous pouvez ajouter plus de couteaux, sinon la palette en bois sera plus grande.<\/p>    <h2 class=\"wp-block-heading\">La structure du broyeur de palettes en bois<\/h2>   <div class=\"wp-block-image\"> <figure class=\"aligncenter size-full\"><img loading=\"lazy\" decoding=\"async\" width=\"720\" height=\"540\" src=\"https:\/\/shuliybaler.com\/wp-content\/uploads\/2022\/12\/wood-pallet-shredder.webp\" alt=\"broyeur de palettes en bois\" class=\"wp-image-2957\" title=\"\" srcset=\"https:\/\/shuliybaler.com\/wp-content\/uploads\/2022\/12\/wood-pallet-shredder.webp 720w, https:\/\/shuliybaler.com\/wp-content\/uploads\/2022\/12\/wood-pallet-shredder-360x270.webp 360w, https:\/\/shuliybaler.com\/wp-content\/uploads\/2022\/12\/wood-pallet-shredder-180x135.webp 180w\" sizes=\"auto, (max-width: 720px) 100vw, 720px\" \/><figcaption class=\"wp-element-caption\">broyeur de palettes en bois<\/figcaption><\/figure> <\/div>   <p class=\"translation-block\">La structure principale du <a href=\"https:\/\/shuliybaler.com\/fr\/product\/broyeur-a-tambour-en-acier\/\" data-type=\"URL\" data-id=\"https:\/\/shuliybaler.com\/product\/steel-drum-shredder\/\">broyeur \u00e0 double arbre<\/a> comprend des lames de broyage, des bo\u00eetes de vitesses, des composants de transmission et des bo\u00eetes \u00e9lectriques. Lors de l\u2019utilisation de la broyeur de palettes en bois, le mat\u00e9riau entre par le haut de la machine et, apr\u00e8s avoir \u00e9t\u00e9 broy\u00e9 par la machine, le bois sort par le bas de la machine. Une bande transporteuse peut \u00eatre connect\u00e9e sous la machine afin que les copeaux puissent \u00eatre transport\u00e9s automatiquement, et le broyage du bois est plus efficace.<\/p>    <h2 class=\"wp-block-heading\">Param\u00e8tres du broyeur de palettes en bois<\/h2>   <div class=\"wp-block-image\"> <figure class=\"aligncenter size-full\"><img loading=\"lazy\" decoding=\"async\" width=\"720\" height=\"540\" src=\"https:\/\/shuliybaler.com\/wp-content\/uploads\/2022\/12\/wood-pallet-shredder-mahcine.webp\" alt=\"broyeur de palettes en bois\" class=\"wp-image-2958\" title=\"\" srcset=\"https:\/\/shuliybaler.com\/wp-content\/uploads\/2022\/12\/wood-pallet-shredder-mahcine.webp 720w, https:\/\/shuliybaler.com\/wp-content\/uploads\/2022\/12\/wood-pallet-shredder-mahcine-360x270.webp 360w, https:\/\/shuliybaler.com\/wp-content\/uploads\/2022\/12\/wood-pallet-shredder-mahcine-180x135.webp 180w\" sizes=\"auto, (max-width: 720px) 100vw, 720px\" \/><figcaption class=\"wp-element-caption\">d\u00e9chiqueteuse de palettes en bois <\/figcaption><\/figure> <\/div>   <figure class=\"wp-block-table\"><table><tbody><tr><td>Mod\u00e8le<\/td><td>Puissance (kW)<\/td><td>Production (t\/h)<\/td><td>Quantit\u00e9 de lames (pcs)<\/td><\/tr><tr><td>400<\/td><td>7.5*2<\/td><td>0.5-1<\/td><td>20<\/td><\/tr><tr><td>600<\/td><td>11*2<\/td><td>1.5-2<\/td><td>30<\/td><\/tr><tr><td>800<\/td><td>18.5*2<\/td><td>2-3<\/td><td>40<\/td><\/tr><tr><td>1000<\/td><td>22*2<\/td><td>4-5<\/td><td>50<\/td><\/tr><tr><td>1200<\/td><td>37*2<\/td><td>5-7<\/td><td>30<\/td><\/tr><tr><td>1400<\/td><td>45*2<\/td><td>8-10<\/td><td>40<\/td><\/tr><tr><td>1600<\/td><td>75*2<\/td><td>12-15<\/td><td>20<\/td><\/tr><tr><td>1800<\/td><td>75*2<\/td><td>15-18<\/td><td>18<\/td><\/tr><tr><td>2000<\/td><td>90*2<\/td><td>20-25<\/td><td>20<\/td><\/tr><\/tbody><\/table><figcaption class=\"wp-element-caption\">Param\u00e8tres du broyeur de palettes en bois<\/figcaption><\/figure>    <figure class=\"wp-block-gallery has-nested-images columns-default is-cropped wp-block-gallery-3 is-layout-flex wp-block-gallery-is-layout-flex\"> <figure class=\"wp-block-image size-large\"><img loading=\"lazy\" decoding=\"async\" width=\"720\" height=\"540\" data-id=\"2961\" src=\"https:\/\/shuliybaler.com\/wp-content\/uploads\/2022\/12\/Wood-pallet-shredder-machine-1.webp\" alt=\"Broyeur de palettes en bois \" class=\"wp-image-2961\" title=\"\" srcset=\"https:\/\/shuliybaler.com\/wp-content\/uploads\/2022\/12\/Wood-pallet-shredder-machine-1.webp 720w, https:\/\/shuliybaler.com\/wp-content\/uploads\/2022\/12\/Wood-pallet-shredder-machine-1-360x270.webp 360w, https:\/\/shuliybaler.com\/wp-content\/uploads\/2022\/12\/Wood-pallet-shredder-machine-1-180x135.webp 180w\" sizes=\"auto, (max-width: 720px) 100vw, 720px\" \/><figcaption class=\"wp-element-caption\">Machine de d\u00e9chiquetage de palettes en bois <\/figcaption><\/figure>    <figure class=\"wp-block-image size-large\"><img loading=\"lazy\" decoding=\"async\" width=\"720\" height=\"540\" data-id=\"2962\" src=\"https:\/\/shuliybaler.com\/wp-content\/uploads\/2022\/12\/Wood-pallet-shredder-machine-2.webp\" alt=\"Broyeur de palettes en bois \" class=\"wp-image-2962\" title=\"\" srcset=\"https:\/\/shuliybaler.com\/wp-content\/uploads\/2022\/12\/Wood-pallet-shredder-machine-2.webp 720w, https:\/\/shuliybaler.com\/wp-content\/uploads\/2022\/12\/Wood-pallet-shredder-machine-2-360x270.webp 360w, https:\/\/shuliybaler.com\/wp-content\/uploads\/2022\/12\/Wood-pallet-shredder-machine-2-180x135.webp 180w\" sizes=\"auto, (max-width: 720px) 100vw, 720px\" \/><figcaption class=\"wp-element-caption\">Machine de d\u00e9chiquetage de palettes en bois <\/figcaption><\/figure> <\/figure>    <h2 class=\"wp-block-heading\">Avantages de la machine de concassage de palettes en bois <\/h2>   <div class=\"wp-block-image\"> <figure class=\"aligncenter size-full\"><img loading=\"lazy\" decoding=\"async\" width=\"720\" height=\"540\" src=\"https:\/\/shuliybaler.com\/wp-content\/uploads\/2022\/12\/wooden-pallet-crushing-machine.webp\" alt=\"machine de concassage de palettes en bois \" class=\"wp-image-2959\" title=\"\" srcset=\"https:\/\/shuliybaler.com\/wp-content\/uploads\/2022\/12\/wooden-pallet-crushing-machine.webp 720w, https:\/\/shuliybaler.com\/wp-content\/uploads\/2022\/12\/wooden-pallet-crushing-machine-360x270.webp 360w, https:\/\/shuliybaler.com\/wp-content\/uploads\/2022\/12\/wooden-pallet-crushing-machine-180x135.webp 180w\" sizes=\"auto, (max-width: 720px) 100vw, 720px\" \/><figcaption class=\"wp-element-caption\">machine de concassage de palettes en bois <\/figcaption><\/figure> <\/div>   <p>Le fuselage en tient compte. La coque de la machine est faite d'un mat\u00e9riau plus \u00e9pais, durable<\/p>    <p>et efficace. L'unit\u00e9 a un degr\u00e9 \u00e9lev\u00e9 d'automatisation, une efficacit\u00e9 \u00e9lev\u00e9e et moins de main-d'\u0153uvre<\/p>    <p class=\"translation-block\"><strong>Large \u00e9ventail d'applications.<\/strong> Peut \u00eatre utilis\u00e9 pour le recyclage du m\u00e9tal, du plastique, des plateaux en bois, du papier recycl\u00e9, etc.<\/p>    <p class=\"translation-block\"><strong>Conception unique.<\/strong> L\u2019arbre de coupe de la machine est con\u00e7u de sorte \u00e0 \u00e9viter l\u2019enroulement et la bourrage des mat\u00e9riaux<\/p>    <p class=\"translation-block\"><strong>Faible bruit<\/strong>. La machine \u00e9met peu de bruit lorsqu'elle est en fonctionnement.<\/p>","protected":false},"excerpt":{"rendered":"<p>Cette d\u00e9chiqueteuse de palettes en bois est une d\u00e9chiqueteuse multifonctionnelle, qui peut d\u00e9chiqueter des palettes en bois, des f\u00fbts en fer, des d\u00e9chets de voitures, des cartons et des pneus, principalement utilis\u00e9s dans l'industrie du recyclage, la machine de concassage de palettes en bois est facile \u00e0 utiliser et efficace.<\/p>","protected":false},"author":1,"featured_media":2953,"parent":0,"template":"","tags":[54],"product-type":[46],"class_list":["post-2952","product","type-product","status-publish","has-post-thumbnail","hentry","tag-wood-pallet-shredder-machine","product-type-metal-shredder"],"_links":{"self":[{"href":"https:\/\/shuliybaler.com\/fr\/wp-json\/wp\/v2\/product\/2952","targetHints":{"allow":["GET"]}}],"collection":[{"href":"https:\/\/shuliybaler.com\/fr\/wp-json\/wp\/v2\/product"}],"about":[{"href":"https:\/\/shuliybaler.com\/fr\/wp-json\/wp\/v2\/types\/product"}],"author":[{"embeddable":true,"href":"https:\/\/shuliybaler.com\/fr\/wp-json\/wp\/v2\/users\/1"}],"wp:featuredmedia":[{"embeddable":true,"href":"https:\/\/shuliybaler.com\/fr\/wp-json\/wp\/v2\/media\/2953"}],"wp:attachment":[{"href":"https:\/\/shuliybaler.com\/fr\/wp-json\/wp\/v2\/media?parent=2952"}],"wp:term":[{"taxonomy":"post_tag","embeddable":true,"href":"https:\/\/shuliybaler.com\/fr\/wp-json\/wp\/v2\/tags?post=2952"},{"taxonomy":"product-type","embeddable":true,"href":"https:\/\/shuliybaler.com\/fr\/wp-json\/wp\/v2\/product-type?post=2952"}],"curies":[{"name":"wp","href":"https:\/\/api.w.org\/{rel}","templated":true}]}}