{"id":2981,"date":"2022-12-12T11:11:28","date_gmt":"2022-12-12T03:11:28","guid":{"rendered":"https:\/\/shuliybaler.com\/?post_type=product&#038;p=2981"},"modified":"2022-12-12T11:34:04","modified_gmt":"2022-12-12T03:34:04","slug":"plastic-shredder-machine","status":"publish","type":"product","link":"https:\/\/shuliybaler.com\/fr\/product\/plastic-shredder-machine\/","title":{"rendered":"Broyeur de plastique pour broyer les bouteilles en plastique"},"content":{"rendered":"<p>La d\u00e9chiqueteuse de plastique est un appareil qui permet de broyer le plastique. Le broyeur est pratique pour le recyclage apr\u00e8s avoir broy\u00e9 de gros morceaux de plastique. Le broyeur de plastique peut broyer des bouteilles en plastique, des tuyaux en plastique, des coques d'appareils \u00e9lectrom\u00e9nagers, des seaux en plastique, etc. La machine peut contr\u00f4ler la taille des flocons de plastique broy\u00e9s.<\/p>    <figure class=\"wp-block-gallery has-nested-images columns-default is-cropped wp-block-gallery-2 is-layout-flex wp-block-gallery-is-layout-flex\"> <figure class=\"wp-block-image size-large\"><img loading=\"lazy\" decoding=\"async\" width=\"720\" height=\"540\" data-id=\"2983\" src=\"https:\/\/shuliybaler.com\/wp-content\/uploads\/2022\/12\/plastic-shredding-machine-machine.webp\" alt=\"machine de d\u00e9chiquetage de plastique\" class=\"wp-image-2983\" title=\"\" srcset=\"https:\/\/shuliybaler.com\/wp-content\/uploads\/2022\/12\/plastic-shredding-machine-machine.webp 720w, https:\/\/shuliybaler.com\/wp-content\/uploads\/2022\/12\/plastic-shredding-machine-machine-360x270.webp 360w, https:\/\/shuliybaler.com\/wp-content\/uploads\/2022\/12\/plastic-shredding-machine-machine-180x135.webp 180w\" sizes=\"auto, (max-width: 720px) 100vw, 720px\" \/><figcaption class=\"wp-element-caption\">Machine de d\u00e9chiquetage de plastique<\/figcaption><\/figure>    <figure class=\"wp-block-image size-large\"><img loading=\"lazy\" decoding=\"async\" width=\"720\" height=\"540\" data-id=\"2984\" src=\"https:\/\/shuliybaler.com\/wp-content\/uploads\/2022\/12\/after-shredding.webp\" alt=\"apr\u00e8s le d\u00e9chiquetage\" class=\"wp-image-2984\" title=\"\" srcset=\"https:\/\/shuliybaler.com\/wp-content\/uploads\/2022\/12\/after-shredding.webp 720w, https:\/\/shuliybaler.com\/wp-content\/uploads\/2022\/12\/after-shredding-360x270.webp 360w, https:\/\/shuliybaler.com\/wp-content\/uploads\/2022\/12\/after-shredding-180x135.webp 180w\" sizes=\"auto, (max-width: 720px) 100vw, 720px\" \/><figcaption class=\"wp-element-caption\">Apr\u00e8s le d\u00e9chiquetage<\/figcaption><\/figure> <\/figure>    <h2 class=\"wp-block-heading\">Application de la d\u00e9chiqueteuse en plastique<\/h2>    <figure class=\"wp-block-gallery has-nested-images columns-2 is-cropped wp-block-gallery-3 is-layout-flex wp-block-gallery-is-layout-flex\"> <figure class=\"wp-block-image size-large\"><img loading=\"lazy\" decoding=\"async\" width=\"720\" height=\"540\" data-id=\"2985\" src=\"https:\/\/shuliybaler.com\/wp-content\/uploads\/2022\/12\/plastic-pipe.webp\" alt=\"tuyau en plastique\" class=\"wp-image-2985\" title=\"\" srcset=\"https:\/\/shuliybaler.com\/wp-content\/uploads\/2022\/12\/plastic-pipe.webp 720w, https:\/\/shuliybaler.com\/wp-content\/uploads\/2022\/12\/plastic-pipe-360x270.webp 360w, https:\/\/shuliybaler.com\/wp-content\/uploads\/2022\/12\/plastic-pipe-180x135.webp 180w\" sizes=\"auto, (max-width: 720px) 100vw, 720px\" \/><figcaption class=\"wp-element-caption\">Tuyau en plastique<\/figcaption><\/figure>    <figure class=\"wp-block-image size-large\"><img loading=\"lazy\" decoding=\"async\" width=\"720\" height=\"540\" data-id=\"2986\" src=\"https:\/\/shuliybaler.com\/wp-content\/uploads\/2022\/12\/plastic-barrel.jpg\" alt=\"baril en plastique\" class=\"wp-image-2986\" title=\"\" srcset=\"https:\/\/shuliybaler.com\/wp-content\/uploads\/2022\/12\/plastic-barrel.jpg 720w, https:\/\/shuliybaler.com\/wp-content\/uploads\/2022\/12\/plastic-barrel-360x270.jpg 360w, https:\/\/shuliybaler.com\/wp-content\/uploads\/2022\/12\/plastic-barrel-180x135.jpg 180w\" sizes=\"auto, (max-width: 720px) 100vw, 720px\" \/><figcaption class=\"wp-element-caption\">Baril en plastique<\/figcaption><\/figure>    <figure class=\"wp-block-image size-large\"><img loading=\"lazy\" decoding=\"async\" width=\"720\" height=\"540\" data-id=\"2987\" src=\"https:\/\/shuliybaler.com\/wp-content\/uploads\/2022\/12\/plastic-bottles.webp\" alt=\"bouteille en plastique\" class=\"wp-image-2987\" title=\"\" srcset=\"https:\/\/shuliybaler.com\/wp-content\/uploads\/2022\/12\/plastic-bottles.webp 720w, https:\/\/shuliybaler.com\/wp-content\/uploads\/2022\/12\/plastic-bottles-360x270.webp 360w, https:\/\/shuliybaler.com\/wp-content\/uploads\/2022\/12\/plastic-bottles-180x135.webp 180w\" sizes=\"auto, (max-width: 720px) 100vw, 720px\" \/><figcaption class=\"wp-element-caption\">Bouteille en plastique<\/figcaption><\/figure>    <figure class=\"wp-block-image size-large\"><img loading=\"lazy\" decoding=\"async\" width=\"720\" height=\"540\" data-id=\"2988\" src=\"https:\/\/shuliybaler.com\/wp-content\/uploads\/2022\/12\/plastic-bottle.jpg\" alt=\"bouteille de boisson\" class=\"wp-image-2988\" title=\"\" srcset=\"https:\/\/shuliybaler.com\/wp-content\/uploads\/2022\/12\/plastic-bottle.jpg 720w, https:\/\/shuliybaler.com\/wp-content\/uploads\/2022\/12\/plastic-bottle-360x270.jpg 360w, https:\/\/shuliybaler.com\/wp-content\/uploads\/2022\/12\/plastic-bottle-180x135.jpg 180w\" sizes=\"auto, (max-width: 720px) 100vw, 720px\" \/><figcaption class=\"wp-element-caption\">Bouteille de boisson<\/figcaption><\/figure> <\/figure>    <p>Les broyeurs de plastique sont \u00e9galement appel\u00e9s broyeurs \u00e0 double arbre, qui sont principalement utilis\u00e9s pour broyer des chutes trait\u00e9es ou des produits recycl\u00e9s, notamment pour broyer des chutes de plastique ou de caoutchouc et les utiliser comme mati\u00e8re premi\u00e8re pour les faire fondre et les granuler pour refaire des bouteilles en plastique. Pneus ou poubelles et plus encore. Les broyeurs sont utilis\u00e9s dans les industries de recyclage et de r\u00e9utilisation du plastique et sont souvent utilis\u00e9s pour broyer les d\u00e9chets de tuyaux en plastique PE de grand diam\u00e8tre, les films plastiques group\u00e9s et les grandes piles de feuilles de plastique.<\/p>    <h2 class=\"wp-block-heading\">Mod\u00e8le de broyeur en plastique<\/h2>    <figure class=\"wp-block-table\"><table><tbody><tr><td>mod\u00e8le<\/td><td>\u00c9paisseur de la lame (mm)<\/td><td>Nombre de lames<\/td><td>Puissance (kW)<\/td><\/tr><tr><td>600<\/td><td>30<\/td><td>20<\/td><td>22*2<\/td><\/tr><tr><td>800<\/td><td>40<\/td><td>20<\/td><td>30*2<\/td><\/tr><tr><td>1000<\/td><td>50<\/td><td>20<\/td><td>37*2<\/td><\/tr><tr><td>1200<\/td><td>50<\/td><td>24<\/td><td>45*2<\/td><\/tr><tr><td>1400<\/td><td>70<\/td><td>24<\/td><td>55*2<\/td><\/tr><\/tbody><\/table><\/figure>    <figure class=\"wp-block-gallery has-nested-images columns-default is-cropped wp-block-gallery-4 is-layout-flex wp-block-gallery-is-layout-flex\"> <figure class=\"wp-block-image size-large\"><img loading=\"lazy\" decoding=\"async\" width=\"720\" height=\"540\" data-id=\"2992\" src=\"https:\/\/shuliybaler.com\/wp-content\/uploads\/2022\/12\/600plastic-bottle-crushing-machine.webp\" alt=\"Machine de concassage de bouteilles 600 en plastique\" class=\"wp-image-2992\" title=\"\" srcset=\"https:\/\/shuliybaler.com\/wp-content\/uploads\/2022\/12\/600plastic-bottle-crushing-machine.webp 720w, https:\/\/shuliybaler.com\/wp-content\/uploads\/2022\/12\/600plastic-bottle-crushing-machine-360x270.webp 360w, https:\/\/shuliybaler.com\/wp-content\/uploads\/2022\/12\/600plastic-bottle-crushing-machine-180x135.webp 180w\" sizes=\"auto, (max-width: 720px) 100vw, 720px\" \/><figcaption class=\"wp-element-caption\">Machine de concassage de bouteilles en plastique 600<\/figcaption><\/figure>    <figure class=\"wp-block-image size-large\"><img loading=\"lazy\" decoding=\"async\" width=\"720\" height=\"540\" data-id=\"2993\" src=\"https:\/\/shuliybaler.com\/wp-content\/uploads\/2022\/12\/800-Plastic-shredder-machine.webp\" alt=\"Broyeur de plastique 800\" class=\"wp-image-2993\" title=\"\" srcset=\"https:\/\/shuliybaler.com\/wp-content\/uploads\/2022\/12\/800-Plastic-shredder-machine.webp 720w, https:\/\/shuliybaler.com\/wp-content\/uploads\/2022\/12\/800-Plastic-shredder-machine-360x270.webp 360w, https:\/\/shuliybaler.com\/wp-content\/uploads\/2022\/12\/800-Plastic-shredder-machine-180x135.webp 180w\" sizes=\"auto, (max-width: 720px) 100vw, 720px\" \/><figcaption class=\"wp-element-caption\">Machine de d\u00e9chiquetage de plastique 800<\/figcaption><\/figure>    <figure class=\"wp-block-image size-large\"><img loading=\"lazy\" decoding=\"async\" width=\"720\" height=\"540\" data-id=\"2994\" src=\"https:\/\/shuliybaler.com\/wp-content\/uploads\/2022\/12\/1000Plastic-shredder-machine.webp\" alt=\"1000Broyeur de plastique\" class=\"wp-image-2994\" title=\"\" srcset=\"https:\/\/shuliybaler.com\/wp-content\/uploads\/2022\/12\/1000Plastic-shredder-machine.webp 720w, https:\/\/shuliybaler.com\/wp-content\/uploads\/2022\/12\/1000Plastic-shredder-machine-360x270.webp 360w, https:\/\/shuliybaler.com\/wp-content\/uploads\/2022\/12\/1000Plastic-shredder-machine-180x135.webp 180w\" sizes=\"auto, (max-width: 720px) 100vw, 720px\" \/><figcaption class=\"wp-element-caption\">Machine de d\u00e9chiquetage 1000plastique<\/figcaption><\/figure>    <figure class=\"wp-block-image size-large\"><img loading=\"lazy\" decoding=\"async\" width=\"720\" height=\"540\" data-id=\"2995\" src=\"https:\/\/shuliybaler.com\/wp-content\/uploads\/2022\/12\/1200-Plastic-shredding-machine.webp\" alt=\"1200 Broyeur de plastique\" class=\"wp-image-2995\" title=\"\" srcset=\"https:\/\/shuliybaler.com\/wp-content\/uploads\/2022\/12\/1200-Plastic-shredding-machine.webp 720w, https:\/\/shuliybaler.com\/wp-content\/uploads\/2022\/12\/1200-Plastic-shredding-machine-360x270.webp 360w, https:\/\/shuliybaler.com\/wp-content\/uploads\/2022\/12\/1200-Plastic-shredding-machine-180x135.webp 180w\" sizes=\"auto, (max-width: 720px) 100vw, 720px\" \/><figcaption class=\"wp-element-caption\">Machine de d\u00e9chiquetage de plastique 1200<\/figcaption><\/figure> <\/figure>    <h2 class=\"wp-block-heading\">Principe de fonctionnement du broyeur de plastique<\/h2>    <figure class=\"wp-block-gallery has-nested-images columns-default is-cropped wp-block-gallery-5 is-layout-flex wp-block-gallery-is-layout-flex\"> <figure class=\"wp-block-image size-large\"><img loading=\"lazy\" decoding=\"async\" width=\"720\" height=\"540\" data-id=\"2989\" src=\"https:\/\/shuliybaler.com\/wp-content\/uploads\/2022\/12\/plastic-shredder-knives.webp\" alt=\"couteaux de d\u00e9chiquetage en plastique\" class=\"wp-image-2989\" title=\"\" srcset=\"https:\/\/shuliybaler.com\/wp-content\/uploads\/2022\/12\/plastic-shredder-knives.webp 720w, https:\/\/shuliybaler.com\/wp-content\/uploads\/2022\/12\/plastic-shredder-knives-360x270.webp 360w, https:\/\/shuliybaler.com\/wp-content\/uploads\/2022\/12\/plastic-shredder-knives-180x135.webp 180w\" sizes=\"auto, (max-width: 720px) 100vw, 720px\" \/><figcaption class=\"wp-element-caption\">Couteaux de d\u00e9chiquetage en plastique<\/figcaption><\/figure>    <figure class=\"wp-block-image size-large\"><img loading=\"lazy\" decoding=\"async\" width=\"720\" height=\"540\" data-id=\"2990\" src=\"https:\/\/shuliybaler.com\/wp-content\/uploads\/2022\/12\/knife-teeth.webp\" alt=\"dents de couteau\" class=\"wp-image-2990\" title=\"\" srcset=\"https:\/\/shuliybaler.com\/wp-content\/uploads\/2022\/12\/knife-teeth.webp 720w, https:\/\/shuliybaler.com\/wp-content\/uploads\/2022\/12\/knife-teeth-360x270.webp 360w, https:\/\/shuliybaler.com\/wp-content\/uploads\/2022\/12\/knife-teeth-180x135.webp 180w\" sizes=\"auto, (max-width: 720px) 100vw, 720px\" \/><figcaption class=\"wp-element-caption\">Dents de couteau<\/figcaption><\/figure> <\/figure>    <p>Le produit en plastique p\u00e9n\u00e8tre \u00e0 l\u2019int\u00e9rieur de la bo\u00eete du broyeur, passe \u00e0 travers le couteau du broyeur et subit l\u2019action combin\u00e9e d\u2019extrusion et de cisaillement pour former de petits morceaux de mat\u00e9riau. Une fois le broyeur termin\u00e9, il est \u00e9vacu\u00e9 par le bas de la machine.<\/p>    <figure class=\"wp-block-embed is-type-video is-provider-youtube wp-block-embed-youtube wp-embed-aspect-16-9 wp-has-aspect-ratio\"><div class=\"wp-block-embed__wrapper\"> <iframe loading=\"lazy\" title=\"Le broyeur de plastique super puissant d\u00e9truit tous les produits en plastique#shorts\" width=\"500\" height=\"281\" src=\"https:\/\/www.youtube.com\/embed\/CwBs3wEBitY?feature=oembed\" frameborder=\"0\" allow=\"accelerometer; autoplay; clipboard-write; encrypted-media; gyroscope; picture-in-picture; web-share\" referrerpolicy=\"strict-origin-when-cross-origin\" allowfullscreen><\/iframe> <\/div><\/figure>    <h2 class=\"wp-block-heading\">Pr\u00e9sentation de la soci\u00e9t\u00e9 Shuliy<\/h2>   <div class=\"wp-block-image\"> <figure class=\"aligncenter size-full\"><img loading=\"lazy\" decoding=\"async\" width=\"720\" height=\"540\" src=\"https:\/\/shuliybaler.com\/wp-content\/uploads\/2022\/12\/plastic-shredder-machine-delivery.webp\" alt=\"livraison de broyeur de plastique\" class=\"wp-image-2991\" title=\"\" srcset=\"https:\/\/shuliybaler.com\/wp-content\/uploads\/2022\/12\/plastic-shredder-machine-delivery.webp 720w, https:\/\/shuliybaler.com\/wp-content\/uploads\/2022\/12\/plastic-shredder-machine-delivery-360x270.webp 360w, https:\/\/shuliybaler.com\/wp-content\/uploads\/2022\/12\/plastic-shredder-machine-delivery-180x135.webp 180w\" sizes=\"auto, (max-width: 720px) 100vw, 720px\" \/><figcaption class=\"wp-element-caption\">livraison de broyeur de plastique<\/figcaption><\/figure> <\/div>   <p>Shuliy Company est une entreprise d'\u00e9quipement de transformation des m\u00e9taux. Son \u00e9quipement principal comprend des presses \u00e0 balles m\u00e9talliques, capables de comprimer les m\u00e9taux et de les emballer dans un bloc m\u00e9tallique\u00a0; des cisailles \u00e0 m\u00e9taux capables de couper les d\u00e9chets m\u00e9talliques aux tailles requises et des machines \u00e0 briquettes m\u00e9talliques capables de presser les d\u00e9chets m\u00e9talliques en morceaux\u00a0; ce broyeur m\u00e9tal-plastique est plus polyvalent et peut \u00e9craser n'importe quel mat\u00e9riau, il suffit de mettre le mat\u00e9riau dans la machine et le mat\u00e9riau sera \u00e9cras\u00e9. Les broyeurs de m\u00e9taux sont des machines essentielles dans l\u2019industrie du recyclage.<\/p>    <h2 class=\"wp-block-heading\">FAQ<\/h2>   <div id=\"rank-math-faq\" class=\"rank-math-block\"> <div class=\"rank-math-list\"> <div id=\"faq-question-1670810085633\" class=\"rank-math-list-item\"> <h3 class=\"rank-math-question\">Quelle est la taille des broyeurs ? Comment distinguer ?<\/h3> <div class=\"rank-math-answer\">  <p>Les broyeurs sont divis\u00e9s en 600 types, 800 types, 1 000 types, 1 200 types, 1 500 types, 2 000 types, etc. Les mod\u00e8les se distinguent en fonction de la taille de la bo\u00eete de coupe et peuvent \u00eatre personnalis\u00e9s en fonction des besoins.<\/p>  <\/div> <\/div> <div id=\"faq-question-1670810109596\" class=\"rank-math-list-item\"> <h3 class=\"rank-math-question\">Quels mat\u00e9riaux la d\u00e9chiqueteuse de plastique peut-elle traiter\u00a0?<\/h3> <div class=\"rank-math-answer\">  <p>Le broyeur peut traiter des mat\u00e9riaux tels que le m\u00e9tal, la ferraille, le plastique, les ordures m\u00e9nag\u00e8res, les d\u00e9chets de v\u00eatements, les pneus en caoutchouc, etc. Il appartient \u00e0 un \u00e9quipement de concassage multifonctionnel.<\/p>  <\/div> <\/div> <div id=\"faq-question-1670810156676\" class=\"rank-math-list-item\"> <h3 class=\"rank-math-question\">Le broyeur de plastique est-il bruyant\u00a0?<\/h3> <div class=\"rank-math-answer\">  <p>Le broyeur de plastique ne fait pas de bruit, est un \u00e9quipement relativement silencieux et ne pollue pas.<\/p>  <\/div> <\/div> <\/div> <\/div>","protected":false},"excerpt":{"rendered":"<p>The plastic shredder machine is a device that can crush plastic. The shredder is convenient for recycling after crushing large pieces of plastic. The plastic shredder can shred plastic bottles, plastic pipes, home appliance shells, plastic buckets, etc. The machine can Control the size of the crushed plastic flakes. Application of plastic shredder machine Plastic [&hellip;]<\/p>\n","protected":false},"author":1,"featured_media":2982,"parent":0,"template":"","tags":[52],"product-type":[46],"class_list":["post-2981","product","type-product","status-publish","has-post-thumbnail","hentry","tag-plastic-shredder-machine","product-type-metal-shredder"],"_links":{"self":[{"href":"https:\/\/shuliybaler.com\/fr\/wp-json\/wp\/v2\/product\/2981","targetHints":{"allow":["GET"]}}],"collection":[{"href":"https:\/\/shuliybaler.com\/fr\/wp-json\/wp\/v2\/product"}],"about":[{"href":"https:\/\/shuliybaler.com\/fr\/wp-json\/wp\/v2\/types\/product"}],"author":[{"embeddable":true,"href":"https:\/\/shuliybaler.com\/fr\/wp-json\/wp\/v2\/users\/1"}],"wp:featuredmedia":[{"embeddable":true,"href":"https:\/\/shuliybaler.com\/fr\/wp-json\/wp\/v2\/media\/2982"}],"wp:attachment":[{"href":"https:\/\/shuliybaler.com\/fr\/wp-json\/wp\/v2\/media?parent=2981"}],"wp:term":[{"taxonomy":"post_tag","embeddable":true,"href":"https:\/\/shuliybaler.com\/fr\/wp-json\/wp\/v2\/tags?post=2981"},{"taxonomy":"product-type","embeddable":true,"href":"https:\/\/shuliybaler.com\/fr\/wp-json\/wp\/v2\/product-type?post=2981"}],"curies":[{"name":"wp","href":"https:\/\/api.w.org\/{rel}","templated":true}]}}