{"id":3004,"date":"2022-12-13T10:54:05","date_gmt":"2022-12-13T02:54:05","guid":{"rendered":"https:\/\/shuliybaler.com\/?post_type=product&#038;p=3004"},"modified":"2025-02-08T15:25:37","modified_gmt":"2025-02-08T07:25:37","slug":"scrap-copper-wire-shredder","status":"publish","type":"product","link":"https:\/\/shuliybaler.com\/fr\/product\/broyeur-de-fil-de-cuivre-de-ferraille\/","title":{"rendered":"Broyeur de fils de cuivre | machine de concassage de panneaux de c\u00e2bles"},"content":{"rendered":"<p class=\"translation-block\">Un broyeur de fils de cuivre est une machine pour broyer les c\u00e2bles. Cette <a href=\"https:\/\/shuliybaler.com\/fr\/product\/broyeur-de-ferraille\/\" data-type=\"URL\" data-id=\"https:\/\/shuliybaler.com\/product\/scrap-metal-shredder-machine\/\">machine de broyage de fils de cuivre et de cartes de c\u00e2bles de rebut<\/a> peut broyer \u00e0 la fois les fils et les cartes de c\u00e2bles. Elle est tr\u00e8s adapt\u00e9e \u00e0 l'industrie du recyclage des c\u00e2bles. La machine est con\u00e7ue avec deux arbres et a une grande efficacit\u00e9 de travail.<\/p>    <figure class=\"wp-block-gallery has-nested-images columns-default is-cropped wp-block-gallery-2 is-layout-flex wp-block-gallery-is-layout-flex\"> <figure class=\"wp-block-image size-large\"><img loading=\"lazy\" decoding=\"async\" width=\"720\" height=\"540\" data-id=\"3006\" src=\"https:\/\/shuliybaler.com\/wp-content\/uploads\/2022\/12\/copper-wire-shredder.webp\" alt=\"broyeur de fil de cuivre\" class=\"wp-image-3006\" title=\"\" srcset=\"https:\/\/shuliybaler.com\/wp-content\/uploads\/2022\/12\/copper-wire-shredder.webp 720w, https:\/\/shuliybaler.com\/wp-content\/uploads\/2022\/12\/copper-wire-shredder-360x270.webp 360w, https:\/\/shuliybaler.com\/wp-content\/uploads\/2022\/12\/copper-wire-shredder-180x135.webp 180w\" sizes=\"auto, (max-width: 720px) 100vw, 720px\" \/><figcaption class=\"wp-element-caption\">D\u00e9chiqueteuse de fil de cuivre<\/figcaption><\/figure>    <figure class=\"wp-block-image size-large\"><img loading=\"lazy\" decoding=\"async\" width=\"720\" height=\"540\" data-id=\"3007\" src=\"https:\/\/shuliybaler.com\/wp-content\/uploads\/2022\/12\/copper-wire.webp\" alt=\"broyeur de fil de cuivre\" class=\"wp-image-3007\" title=\"\" srcset=\"https:\/\/shuliybaler.com\/wp-content\/uploads\/2022\/12\/copper-wire.webp 720w, https:\/\/shuliybaler.com\/wp-content\/uploads\/2022\/12\/copper-wire-360x270.webp 360w, https:\/\/shuliybaler.com\/wp-content\/uploads\/2022\/12\/copper-wire-180x135.webp 180w\" sizes=\"auto, (max-width: 720px) 100vw, 720px\" \/><figcaption class=\"wp-element-caption\">D\u00e9chiqueteuse de fil de cuivre<\/figcaption><\/figure> <\/figure>    <p>Le broyeur \u00e0 fil de cuivre peut \u00e9galement broyer les d\u00e9chets m\u00e9talliques, les f\u00fbts de fer, le plastique, le carton, le bois et d'autres mat\u00e9riaux largement utilis\u00e9s et durables. Cette machine de concassage de panneaux de c\u00e2bles est tr\u00e8s populaire en Belgique, au Chili, en Afrique du Sud, au Canada et au Maroc.<\/p>   <div class=\"wp-block-image\"> <figure class=\"aligncenter size-full\"><img loading=\"lazy\" decoding=\"async\" width=\"720\" height=\"540\" src=\"https:\/\/shuliybaler.com\/wp-content\/uploads\/2022\/12\/shredder-material.webp\" alt=\"mat\u00e9riel de broyage\" class=\"wp-image-3012\" title=\"\" srcset=\"https:\/\/shuliybaler.com\/wp-content\/uploads\/2022\/12\/shredder-material.webp 720w, https:\/\/shuliybaler.com\/wp-content\/uploads\/2022\/12\/shredder-material-360x270.webp 360w, https:\/\/shuliybaler.com\/wp-content\/uploads\/2022\/12\/shredder-material-180x135.webp 180w\" sizes=\"auto, (max-width: 720px) 100vw, 720px\" \/><figcaption class=\"wp-element-caption\">mat\u00e9riel de broyage<\/figcaption><\/figure> <\/div>   <h2 class=\"wp-block-heading\">Pourquoi recycler le fil ?<\/h2>    <h3 class=\"wp-block-heading\">Le fil de cuivre a une valeur disponible \u00e9lev\u00e9e<\/h3>    <figure class=\"wp-block-gallery has-nested-images columns-default is-cropped wp-block-gallery-3 is-layout-flex wp-block-gallery-is-layout-flex\"> <figure class=\"wp-block-image size-large\"><img loading=\"lazy\" decoding=\"async\" width=\"720\" height=\"540\" data-id=\"3008\" src=\"https:\/\/shuliybaler.com\/wp-content\/uploads\/2022\/12\/copper-wire-1.webp\" alt=\"fil de cuivre\" class=\"wp-image-3008\" title=\"\" srcset=\"https:\/\/shuliybaler.com\/wp-content\/uploads\/2022\/12\/copper-wire-1.webp 720w, https:\/\/shuliybaler.com\/wp-content\/uploads\/2022\/12\/copper-wire-1-360x270.webp 360w, https:\/\/shuliybaler.com\/wp-content\/uploads\/2022\/12\/copper-wire-1-180x135.webp 180w\" sizes=\"auto, (max-width: 720px) 100vw, 720px\" \/><figcaption class=\"wp-element-caption\">Fil de cuivre<\/figcaption><\/figure>    <figure class=\"wp-block-image size-large\"><img loading=\"lazy\" decoding=\"async\" width=\"720\" height=\"540\" data-id=\"3009\" src=\"https:\/\/shuliybaler.com\/wp-content\/uploads\/2022\/12\/copper-wire-after-shredder.webp\" alt=\"fil de cuivre apr\u00e8s broyeur\" class=\"wp-image-3009\" title=\"\" srcset=\"https:\/\/shuliybaler.com\/wp-content\/uploads\/2022\/12\/copper-wire-after-shredder.webp 720w, https:\/\/shuliybaler.com\/wp-content\/uploads\/2022\/12\/copper-wire-after-shredder-360x270.webp 360w, https:\/\/shuliybaler.com\/wp-content\/uploads\/2022\/12\/copper-wire-after-shredder-180x135.webp 180w\" sizes=\"auto, (max-width: 720px) 100vw, 720px\" \/><figcaption class=\"wp-element-caption\">Fil de cuivre apr\u00e8s broyeur<\/figcaption><\/figure> <\/figure>    <p>La plupart des fils sont des fils de cuivre, les fils sont tr\u00e8s lourds \u00e0 cause du m\u00e9tal qu'ils contiennent, et le cuivre est tr\u00e8s pr\u00e9cieux car le cuivre est un m\u00e9tal non renouvelable. Il a donc une valeur de recyclage \u00e9lev\u00e9e.<\/p>    <h3 class=\"wp-block-heading\">Rendement \u00e9lev\u00e9 du recyclage des fils<\/h3>    <figure class=\"wp-block-gallery has-nested-images columns-default is-cropped wp-block-gallery-4 is-layout-flex wp-block-gallery-is-layout-flex\"> <figure class=\"wp-block-image size-large\"><img loading=\"lazy\" decoding=\"async\" width=\"720\" height=\"540\" data-id=\"3010\" src=\"https:\/\/shuliybaler.com\/wp-content\/uploads\/2022\/12\/cable-board.webp\" alt=\"carte de c\u00e2blage\" class=\"wp-image-3010\" title=\"\" srcset=\"https:\/\/shuliybaler.com\/wp-content\/uploads\/2022\/12\/cable-board.webp 720w, https:\/\/shuliybaler.com\/wp-content\/uploads\/2022\/12\/cable-board-360x270.webp 360w, https:\/\/shuliybaler.com\/wp-content\/uploads\/2022\/12\/cable-board-180x135.webp 180w\" sizes=\"auto, (max-width: 720px) 100vw, 720px\" \/><figcaption class=\"wp-element-caption\">Carte de c\u00e2ble<\/figcaption><\/figure>    <figure class=\"wp-block-image size-large\"><img loading=\"lazy\" decoding=\"async\" width=\"720\" height=\"540\" data-id=\"3011\" src=\"https:\/\/shuliybaler.com\/wp-content\/uploads\/2022\/12\/cable-board-after-crushing.webp\" alt=\"carte de c\u00e2ble apr\u00e8s \u00e9crasement\" class=\"wp-image-3011\" title=\"\" srcset=\"https:\/\/shuliybaler.com\/wp-content\/uploads\/2022\/12\/cable-board-after-crushing.webp 720w, https:\/\/shuliybaler.com\/wp-content\/uploads\/2022\/12\/cable-board-after-crushing-360x270.webp 360w, https:\/\/shuliybaler.com\/wp-content\/uploads\/2022\/12\/cable-board-after-crushing-180x135.webp 180w\" sizes=\"auto, (max-width: 720px) 100vw, 720px\" \/><figcaption class=\"wp-element-caption\">Carte de c\u00e2ble apr\u00e8s \u00e9crasement<\/figcaption><\/figure> <\/figure>    <p>Parce que la peau est cass\u00e9e ou utilis\u00e9e pendant une longue p\u00e9riode, ces fils seront \u00e9limin\u00e9s, le rendement du recyclage est donc \u00e9lev\u00e9 et peut \u00eatre mis \u00e0 l'\u00e9chelle.<\/p>    <h2 class=\"wp-block-heading\">Le r\u00f4le des machines de concassage de panneaux de c\u00e2bles dans l'industrie du c\u00e2ble<\/h2>    <figure class=\"wp-block-gallery has-nested-images columns-default is-cropped wp-block-gallery-5 is-layout-flex wp-block-gallery-is-layout-flex\"> <figure class=\"wp-block-image size-large\"><img loading=\"lazy\" decoding=\"async\" width=\"720\" height=\"540\" data-id=\"3013\" src=\"https:\/\/shuliybaler.com\/wp-content\/uploads\/2022\/12\/cable-board-crushing-machine-knife.webp\" alt=\"machine de concassage de panneaux de c\u00e2bles\" class=\"wp-image-3013\" title=\"\" srcset=\"https:\/\/shuliybaler.com\/wp-content\/uploads\/2022\/12\/cable-board-crushing-machine-knife.webp 720w, https:\/\/shuliybaler.com\/wp-content\/uploads\/2022\/12\/cable-board-crushing-machine-knife-360x270.webp 360w, https:\/\/shuliybaler.com\/wp-content\/uploads\/2022\/12\/cable-board-crushing-machine-knife-180x135.webp 180w\" sizes=\"auto, (max-width: 720px) 100vw, 720px\" \/><figcaption class=\"wp-element-caption\">Machine de concassage de panneaux de c\u00e2bles<\/figcaption><\/figure>    <figure class=\"wp-block-image size-large\"><img loading=\"lazy\" decoding=\"async\" width=\"720\" height=\"540\" data-id=\"3014\" src=\"https:\/\/shuliybaler.com\/wp-content\/uploads\/2022\/12\/cable-board-crushing-machine.webp\" alt=\"machine de concassage de panneaux de c\u00e2bles\" class=\"wp-image-3014\" title=\"\" srcset=\"https:\/\/shuliybaler.com\/wp-content\/uploads\/2022\/12\/cable-board-crushing-machine.webp 720w, https:\/\/shuliybaler.com\/wp-content\/uploads\/2022\/12\/cable-board-crushing-machine-360x270.webp 360w, https:\/\/shuliybaler.com\/wp-content\/uploads\/2022\/12\/cable-board-crushing-machine-180x135.webp 180w\" sizes=\"auto, (max-width: 720px) 100vw, 720px\" \/><figcaption class=\"wp-element-caption\">Machine de concassage de panneaux de c\u00e2bles<\/figcaption><\/figure> <\/figure>    <p>Lors du recyclage des c\u00e2bles, le m\u00e9tal \u00e0 l'int\u00e9rieur est principalement r\u00e9cup\u00e9r\u00e9, mais il y aura des fils isol\u00e9s \u00e0 l'ext\u00e9rieur des fils, qui devront \u00eatre s\u00e9par\u00e9s. Le broyage des fils est la premi\u00e8re \u00e9tape du traitement des c\u00e2bles.<\/p>    <h2 class=\"wp-block-heading\">Le mode d'alimentation du broyeur de fil de cuivre<\/h2>    <figure class=\"wp-block-gallery has-nested-images columns-default is-cropped wp-block-gallery-6 is-layout-flex wp-block-gallery-is-layout-flex\"> <figure class=\"wp-block-image size-large\"><img loading=\"lazy\" decoding=\"async\" width=\"720\" height=\"540\" data-id=\"3015\" src=\"https:\/\/shuliybaler.com\/wp-content\/uploads\/2022\/12\/copper-wire-shredder-1.webp\" alt=\"broyeur de fil de cuivre\" class=\"wp-image-3015\" title=\"\" srcset=\"https:\/\/shuliybaler.com\/wp-content\/uploads\/2022\/12\/copper-wire-shredder-1.webp 720w, https:\/\/shuliybaler.com\/wp-content\/uploads\/2022\/12\/copper-wire-shredder-1-360x270.webp 360w, https:\/\/shuliybaler.com\/wp-content\/uploads\/2022\/12\/copper-wire-shredder-1-180x135.webp 180w\" sizes=\"auto, (max-width: 720px) 100vw, 720px\" \/><figcaption class=\"wp-element-caption\">D\u00e9chiqueteuse de fil de cuivre<\/figcaption><\/figure>    <figure class=\"wp-block-image size-large\"><img loading=\"lazy\" decoding=\"async\" width=\"720\" height=\"540\" data-id=\"3016\" src=\"https:\/\/shuliybaler.com\/wp-content\/uploads\/2022\/12\/copper-wire-shredder-2.webp\" alt=\"broyeur de fil de cuivre\" class=\"wp-image-3016\" title=\"\" srcset=\"https:\/\/shuliybaler.com\/wp-content\/uploads\/2022\/12\/copper-wire-shredder-2.webp 720w, https:\/\/shuliybaler.com\/wp-content\/uploads\/2022\/12\/copper-wire-shredder-2-360x270.webp 360w, https:\/\/shuliybaler.com\/wp-content\/uploads\/2022\/12\/copper-wire-shredder-2-180x135.webp 180w\" sizes=\"auto, (max-width: 720px) 100vw, 720px\" \/><figcaption class=\"wp-element-caption\">D\u00e9chiqueteuse de fil de cuivre<\/figcaption><\/figure>    <figure class=\"wp-block-image size-large\"><img loading=\"lazy\" decoding=\"async\" width=\"720\" height=\"540\" data-id=\"3017\" src=\"https:\/\/shuliybaler.com\/wp-content\/uploads\/2022\/12\/copper-wire-shredder-3.webp\" alt=\"broyeur de fil de cuivre\" class=\"wp-image-3017\" title=\"\" srcset=\"https:\/\/shuliybaler.com\/wp-content\/uploads\/2022\/12\/copper-wire-shredder-3.webp 720w, https:\/\/shuliybaler.com\/wp-content\/uploads\/2022\/12\/copper-wire-shredder-3-360x270.webp 360w, https:\/\/shuliybaler.com\/wp-content\/uploads\/2022\/12\/copper-wire-shredder-3-180x135.webp 180w\" sizes=\"auto, (max-width: 720px) 100vw, 720px\" \/><figcaption class=\"wp-element-caption\">D\u00e9chiqueteuse de fil de cuivre<\/figcaption><\/figure> <\/figure>    <p>La machine de concassage de panneaux de c\u00e2bles peut utiliser de l'\u00e9lectricit\u00e9 ou elle peut \u00eatre \u00e9quip\u00e9e d'un moteur diesel pour utiliser du diesel. Vous pouvez choisir la m\u00e9thode appropri\u00e9e en fonction du site de production et du co\u00fbt de production. Nous prenons en charge la personnalisation.<\/p>    <h2 class=\"wp-block-heading\">Broyeur de fils de cuivre pour l'industrie du recyclage<\/h2>    <figure class=\"wp-block-gallery has-nested-images columns-default is-cropped wp-block-gallery-7 is-layout-flex wp-block-gallery-is-layout-flex\"> <figure class=\"wp-block-image size-large\"><img loading=\"lazy\" decoding=\"async\" width=\"720\" height=\"540\" data-id=\"3019\" src=\"https:\/\/shuliybaler.com\/wp-content\/uploads\/2022\/12\/Copper-wire-shredder-machine.webp\" alt=\"Machine de d\u00e9chiquetage de fil de cuivre\" class=\"wp-image-3019\" title=\"\" srcset=\"https:\/\/shuliybaler.com\/wp-content\/uploads\/2022\/12\/Copper-wire-shredder-machine.webp 720w, https:\/\/shuliybaler.com\/wp-content\/uploads\/2022\/12\/Copper-wire-shredder-machine-360x270.webp 360w, https:\/\/shuliybaler.com\/wp-content\/uploads\/2022\/12\/Copper-wire-shredder-machine-180x135.webp 180w\" sizes=\"auto, (max-width: 720px) 100vw, 720px\" \/><figcaption class=\"wp-element-caption\">Machine de concassage de fil<\/figcaption><\/figure>    <figure class=\"wp-block-image size-large\"><img loading=\"lazy\" decoding=\"async\" width=\"720\" height=\"540\" data-id=\"3018\" src=\"https:\/\/shuliybaler.com\/wp-content\/uploads\/2022\/12\/Copper-wire-recycling-industry.webp\" alt=\"Industrie du recyclage du fil de cuivre\" class=\"wp-image-3018\" title=\"\" srcset=\"https:\/\/shuliybaler.com\/wp-content\/uploads\/2022\/12\/Copper-wire-recycling-industry.webp 720w, https:\/\/shuliybaler.com\/wp-content\/uploads\/2022\/12\/Copper-wire-recycling-industry-360x270.webp 360w, https:\/\/shuliybaler.com\/wp-content\/uploads\/2022\/12\/Copper-wire-recycling-industry-180x135.webp 180w\" sizes=\"auto, (max-width: 720px) 100vw, 720px\" \/><figcaption class=\"wp-element-caption\">Industrie du recyclage du fil de cuivre<\/figcaption><\/figure> <\/figure>    <p class=\"translation-block\">Ce broyeur de fils peut non seulement \u00eatre utilis\u00e9 dans l'industrie du recyclage des fils, mais aussi pour recycler les <a href=\"https:\/\/www.tmscrapmetals.com\/los-angeles-scrap-metal-price-quote\/\" data-type=\"URL\" data-id=\"https:\/\/www.tmscrapmetals.com\/los-angeles-scrap-metal-price-quote\/\" target=\"_blank\" rel=\"noopener\">m\u00e9taux de rebut<\/a>. Parce que la lame est assez dure, elle peut \u00e9galement traiter les m\u00e9taux. De plus, elle peut \u00e9galement traiter des mat\u00e9riaux souples tels que des cartons, de sorte que le d\u00e9chiqueteur de c\u00e2bles a un large \u00e9ventail d'applications.<\/p>    <h2 class=\"wp-block-heading\">S\u00e9lection de mod\u00e8les de broyeur de fils de cuivre<\/h2>    <figure class=\"wp-block-gallery has-nested-images columns-default is-cropped wp-block-gallery-8 is-layout-flex wp-block-gallery-is-layout-flex\"> <figure class=\"wp-block-image size-large\"><img loading=\"lazy\" decoding=\"async\" width=\"720\" height=\"540\" data-id=\"3020\" src=\"https:\/\/shuliybaler.com\/wp-content\/uploads\/2022\/12\/copper-wire-shredder-4.webp\" alt=\"broyeur de fil de cuivre\" class=\"wp-image-3020\" title=\"\" srcset=\"https:\/\/shuliybaler.com\/wp-content\/uploads\/2022\/12\/copper-wire-shredder-4.webp 720w, https:\/\/shuliybaler.com\/wp-content\/uploads\/2022\/12\/copper-wire-shredder-4-360x270.webp 360w, https:\/\/shuliybaler.com\/wp-content\/uploads\/2022\/12\/copper-wire-shredder-4-180x135.webp 180w\" sizes=\"auto, (max-width: 720px) 100vw, 720px\" \/><figcaption class=\"wp-element-caption\">Machine de concassage de fil<\/figcaption><\/figure>    <figure class=\"wp-block-image size-large\"><img loading=\"lazy\" decoding=\"async\" width=\"720\" height=\"540\" data-id=\"3021\" src=\"https:\/\/shuliybaler.com\/wp-content\/uploads\/2022\/12\/copper-wire-shredder-5.webp\" alt=\"broyeur de fil de cuivre\" class=\"wp-image-3021\" title=\"\" srcset=\"https:\/\/shuliybaler.com\/wp-content\/uploads\/2022\/12\/copper-wire-shredder-5.webp 720w, https:\/\/shuliybaler.com\/wp-content\/uploads\/2022\/12\/copper-wire-shredder-5-360x270.webp 360w, https:\/\/shuliybaler.com\/wp-content\/uploads\/2022\/12\/copper-wire-shredder-5-180x135.webp 180w\" sizes=\"auto, (max-width: 720px) 100vw, 720px\" \/><figcaption class=\"wp-element-caption\">Machine de concassage de fil<\/figcaption><\/figure> <\/figure>    <p class=\"translation-block\">Il existe<a href=\"https:\/\/shuliybaler.com\/fr\/product\/plastic-shredder-machine\/\" data-type=\"URL\" data-id=\"https:\/\/shuliybaler.com\/product\/plastic-shredder-machine\/\"> plusieurs types de broyeurs<\/a> : 600, 800, 1000, 1200 et 1400. Il existe une large gamme de machines parmi lesquelles choisir. Nos ing\u00e9nieurs peuvent configurer la machine la plus adapt\u00e9e pour vous en fonction de vos mat\u00e9riaux. Si n\u00e9cessaire, n'h\u00e9sitez pas \u00e0 nous contacter.<\/p>    <h2 class=\"wp-block-heading\">Vid\u00e9o d'un broyeur de fil de cuivre<\/h2>    <figure class=\"wp-block-embed is-type-video is-provider-youtube wp-block-embed-youtube wp-embed-aspect-16-9 wp-has-aspect-ratio\"><div class=\"wp-block-embed__wrapper\"> <iframe loading=\"lazy\" title=\"Quel type de broyeur est n\u00e9cessaire pour recycler le fil de cuivre\uff1f | d\u00e9chiquetage et concassage de d\u00e9chets de c\u00e2bles\" width=\"500\" height=\"281\" src=\"https:\/\/www.youtube.com\/embed\/KUGPWyrz0bk?feature=oembed\" frameborder=\"0\" allow=\"accelerometer; autoplay; clipboard-write; encrypted-media; gyroscope; picture-in-picture; web-share\" referrerpolicy=\"strict-origin-when-cross-origin\" allowfullscreen><\/iframe> <\/div><figcaption class=\"wp-element-caption\">broyeur de fil de cuivre<\/figcaption><\/figure>","protected":false},"excerpt":{"rendered":"<p>A copper wire shredder is a machine for shredding cables. This scrap wire copper cable board shredder machine can shred both wires and cable boards. It is very suitable for the cable recycling industry. The machine is designed with two shafts and has high work efficiency. The copper wire shredder can also crush waste metal, [&hellip;]<\/p>\n","protected":false},"author":1,"featured_media":3005,"parent":0,"template":"","meta":{"product_tpl_data":{"subtitle":"","param_summary":"","model_summary_title":"","model_summary":"","model_series":[],"finished_product_title":"","raw_materials_title":"","process_title":"","endsummary":""},"product_extra_property":[{"pname":"product","pvalue":"Shredding machine "},{"pname":"Raw material","pvalue":"Scrap metal, plastic bottles, copper wire, copper wire board"},{"pname":"Use industry","pvalue":"Metal processing, waste recycling industry"},{"pname":"power","pvalue":"many different models"},{"pname":"running power","pvalue":"electric or diesel"}],"product_extra_image":""},"tags":[53,84],"product-type":[46],"class_list":["post-3004","product","type-product","status-publish","has-post-thumbnail","hentry","tag-scrap-copper-wire-shredder","tag-shredder","product-type-metal-shredder"],"light_meta":{"rank_math_seo_score":"80","product_tpl_data":{"subtitle":"","param_summary":"","model_summary_title":"","model_summary":"","model_series":"","finished_product_title":"","raw_materials_title":"","process_title":"","endsummary":""},"rank_math_focus_keyword":"copper wire shredder","rank_math_title":"Scrap copper wire shredder","rank_math_description":"This scrap copper wire shredder machine can shred both wires and cable boards. It is very suitable for the cable recycling industry. ","rank_math_analytic_object_id":"58","product_extra_property":[{"pname":"product","pvalue":"Shredding machine "},{"pname":"Raw material","pvalue":"Scrap metal, plastic bottles, copper wire, copper wire board"},{"pname":"Use industry","pvalue":"Metal processing, waste recycling industry"},{"pname":"power","pvalue":"many different models"},{"pname":"running power","pvalue":"electric or diesel"}],"_oembed_c14ed4f80296d943066eb72595164308":"<iframe title=\"What kind of shredder is needed to recycle copper wire\uff1f | scrap cable board shredding and crushing\" width=\"500\" height=\"281\" src=\"https:\/\/www.youtube.com\/embed\/KUGPWyrz0bk?feature=oembed\" frameborder=\"0\" allow=\"accelerometer; autoplay; clipboard-write; encrypted-media; gyroscope; picture-in-picture\" allowfullscreen><\/iframe>","_oembed_time_c14ed4f80296d943066eb72595164308":"1670924374","rank_math_schema_VideoObject":{"@type":"VideoObject","metadata":{"title":"Video","type":"template","shortcode":"s-639848567baf1","isPrimary":true,"reviewLocationShortcode":"[rank_math_rich_snippet]","category":"%categories%","tags":"%tags%","isAutoGenerated":true},"name":"Quel type de broyeur est n\u00e9cessaire pour recycler le fil de cuivre\uff1f | d\u00e9chiquetage et concassage de d\u00e9chets de c\u00e2bles","description":"#copperwire#cableboard#shredderhttps:\/\/shuliybaler.com\/product\/scrap-copper-wire-shredder\/\ud83d\ude0aCliquez pour le prix aujourd'hui\u00a0: https:\/\/wa.me\/+8617329325832Email:info@shu...","uploadDate":"2022-12-12T22:12:24-08:00","thumbnailUrl":"https:\/\/shuliybaler.com\/wp-content\/uploads\/2022\/12\/what-kind-of-shredder-is-needed-.jpg","embedUrl":"https:\/\/www.youtube.com\/embed\/KUGPWyrz0bk","contentUrl":"","duration":"PT1M35S","width":"1280","height":"720","isFamilyFriendly":true},"rank_math_og_content_image":{"check":"596764f76a32cec347d76215af5a7112","images":[3006,3007,3012,3008,3009,3010,3011,3013,3014,3015,3016,3017,3019,3018,3020,3021]},"_trp_automatically_translated_slug_ar":"\u062e\u0631\u062f\u0629-\u062a\u0642\u0637\u064a\u0639-\u0627\u0644\u0623\u0633\u0644\u0627\u0643-\u0627\u0644\u0646\u062d\u0627\u0633\u064a\u0629","_trp_automatically_translated_slug_ru_RU":"\u0438\u0437\u043c\u0435\u043b\u044c\u0447\u0438\u0442\u0435\u043b\u044c-\u043b\u043e\u043c\u0430-\u043c\u0435\u0434\u043d\u043e\u0439-\u043f\u0440\u043e\u0432\u043e\u043b\u043e\u043a\u0438","_trp_automatically_translated_slug_fr_FR":"broyeur-de-fil-de-cuivre-de-ferraille","_trp_automatically_translated_slug_zh_CN":"\u5e9f\u94dc\u4e1d\u6495\u788e\u673a","_oembed_17bfe02f81686289d303620ed9539bb4":"<iframe title=\"What kind of shredder is needed to recycle copper wire\uff1f | scrap cable board shredding and crushing\" width=\"500\" height=\"281\" src=\"https:\/\/www.youtube.com\/embed\/KUGPWyrz0bk?feature=oembed\" frameborder=\"0\" allow=\"accelerometer; autoplay; clipboard-write; encrypted-media; gyroscope; picture-in-picture; web-share\" referrerpolicy=\"strict-origin-when-cross-origin\" allowfullscreen><\/iframe>","_oembed_time_17bfe02f81686289d303620ed9539bb4":"1712640219","rank_math_internal_links_processed":"1"},"seo_meta":{"title":"Broyeur de fil de cuivre","description":"Cette machine de d\u00e9chiquetage de fils de cuivre peut d\u00e9chiqueter \u00e0 la fois les fils et les cartes de c\u00e2bles. Il convient parfaitement \u00e0 l'industrie du recyclage des c\u00e2bles.","focusKeyword":"copper wire shredder","canonicalUrl":"https:\/\/shuliybaler.com\/fr\/product\/broyeur-de-fil-de-cuivre-de-ferraille\/","robots":["index","follow"],"ogTitle":"Scrap copper wire shredder","ogDescription":"This scrap copper wire shredder machine can shred both wires and cable boards. It is very suitable for the cable recycling industry. ","ogImage":"https:\/\/shuliybaler.com\/wp-content\/uploads\/2022\/12\/Scrap-copper-wire-shredder.webp","twitterTitle":"Scrap copper wire shredder","twitterDescription":"This scrap copper wire shredder machine can shred both wires and cable boards. It is very suitable for the cable recycling industry. ","twitterImage":"https:\/\/shuliybaler.com\/wp-content\/uploads\/2022\/12\/Scrap-copper-wire-shredder.webp","primaryCategory":0,"seoScore":80,"schemas":{"VideoObject":{"type":"VideoObject","data":{"@type":"VideoObject","metadata":{"title":"Video","type":"template","shortcode":"s-639848567baf1","isPrimary":true,"reviewLocationShortcode":"[rank_math_rich_snippet]","category":"%categories%","tags":"%tags%","isAutoGenerated":true},"name":"Quel type de broyeur est n\u00e9cessaire pour recycler le fil de cuivre\uff1f | d\u00e9chiquetage et concassage de d\u00e9chets de c\u00e2bles","description":"#copperwire#cableboard#shredderhttps:\/\/shuliybaler.com\/product\/scrap-copper-wire-shredder\/\ud83d\ude0aCliquez pour le prix aujourd'hui\u00a0: https:\/\/wa.me\/+8617329325832Email:info@shu...","uploadDate":"2022-12-12T22:12:24-08:00","thumbnailUrl":"https:\/\/shuliybaler.com\/wp-content\/uploads\/2022\/12\/what-kind-of-shredder-is-needed-.jpg","embedUrl":"https:\/\/www.youtube.com\/embed\/KUGPWyrz0bk","contentUrl":"","duration":"PT1M35S","width":"1280","height":"720","isFamilyFriendly":true}}},"source":"rank_math"},"_links":{"self":[{"href":"https:\/\/shuliybaler.com\/fr\/wp-json\/wp\/v2\/product\/3004","targetHints":{"allow":["GET"]}}],"collection":[{"href":"https:\/\/shuliybaler.com\/fr\/wp-json\/wp\/v2\/product"}],"about":[{"href":"https:\/\/shuliybaler.com\/fr\/wp-json\/wp\/v2\/types\/product"}],"author":[{"embeddable":true,"href":"https:\/\/shuliybaler.com\/fr\/wp-json\/wp\/v2\/users\/1"}],"wp:featuredmedia":[{"embeddable":true,"href":"https:\/\/shuliybaler.com\/fr\/wp-json\/wp\/v2\/media\/3005"}],"wp:attachment":[{"href":"https:\/\/shuliybaler.com\/fr\/wp-json\/wp\/v2\/media?parent=3004"}],"wp:term":[{"taxonomy":"post_tag","embeddable":true,"href":"https:\/\/shuliybaler.com\/fr\/wp-json\/wp\/v2\/tags?post=3004"},{"taxonomy":"product-type","embeddable":true,"href":"https:\/\/shuliybaler.com\/fr\/wp-json\/wp\/v2\/product-type?post=3004"}],"curies":[{"name":"wp","href":"https:\/\/api.w.org\/{rel}","templated":true}]}}