{"id":3031,"date":"2022-12-27T16:10:28","date_gmt":"2022-12-27T08:10:28","guid":{"rendered":"https:\/\/shuliybaler.com\/?post_type=product&#038;p=3031"},"modified":"2022-12-27T16:10:29","modified_gmt":"2022-12-27T08:10:29","slug":"corrugated-box-shredding-machine","status":"publish","type":"product","link":"https:\/\/shuliybaler.com\/fr\/product\/dechiqueteuse-de-boites-en-carton-ondule\/","title":{"rendered":"Broyeur de grandes bo\u00eetes en carton ondul\u00e9"},"content":{"rendered":"<p class=\"translation-block\">Une d\u00e9chiqueteuse de bo\u00eetes en carton ondul\u00e9 est une machine utilis\u00e9e pour d\u00e9chiqueter des cartons, principalement utilis\u00e9e dans l'industrie du recyclage, elle peut d\u00e9chiqueter des <a href=\"https:\/\/en.wikipedia.org\/wiki\/Drum_(container)\" data-type=\"URL\" data-id=\"https:\/\/en.wikipedia.org\/wiki\/Drum_(container)\" target=\"_blank\" rel=\"noopener\">f\u00fbts en fer<\/a>, des pneus, des palettes en bois, des branches, des os d'animaux, etc. Elle est largement utilis\u00e9e et a une forte capacit\u00e9 de d\u00e9chiquetage.<\/p>    <h2 class=\"wp-block-heading\">Recyclage des cartons ondul\u00e9s<\/h2>    <figure class=\"wp-block-gallery has-nested-images columns-default is-cropped wp-block-gallery-2 is-layout-flex wp-block-gallery-is-layout-flex\"> <figure class=\"wp-block-image size-large\"><img loading=\"lazy\" decoding=\"async\" width=\"720\" height=\"540\" data-id=\"3033\" src=\"https:\/\/shuliybaler.com\/wp-content\/uploads\/2022\/12\/corrugated-box.webp\" alt=\"bo\u00eete en carton ondul\u00e9\" class=\"wp-image-3033\" title=\"\" srcset=\"https:\/\/shuliybaler.com\/wp-content\/uploads\/2022\/12\/corrugated-box.webp 720w, https:\/\/shuliybaler.com\/wp-content\/uploads\/2022\/12\/corrugated-box-360x270.webp 360w, https:\/\/shuliybaler.com\/wp-content\/uploads\/2022\/12\/corrugated-box-180x135.webp 180w\" sizes=\"auto, (max-width: 720px) 100vw, 720px\" \/><figcaption class=\"wp-element-caption\">Bo\u00eete en carton ondul\u00e9<\/figcaption><\/figure>    <figure class=\"wp-block-image size-large\"><img loading=\"lazy\" decoding=\"async\" width=\"720\" height=\"540\" data-id=\"3034\" src=\"https:\/\/shuliybaler.com\/wp-content\/uploads\/2022\/12\/corrugated-box-shredding.webp\" alt=\"d\u00e9chiquetage de cartons ondul\u00e9s \" class=\"wp-image-3034\" title=\"\" srcset=\"https:\/\/shuliybaler.com\/wp-content\/uploads\/2022\/12\/corrugated-box-shredding.webp 720w, https:\/\/shuliybaler.com\/wp-content\/uploads\/2022\/12\/corrugated-box-shredding-360x270.webp 360w, https:\/\/shuliybaler.com\/wp-content\/uploads\/2022\/12\/corrugated-box-shredding-180x135.webp 180w\" sizes=\"auto, (max-width: 720px) 100vw, 720px\" \/><figcaption class=\"wp-element-caption\">D\u00e9chiquetage de bo\u00eetes en carton ondul\u00e9 <\/figcaption><\/figure> <\/figure>    <p>Une bo\u00eete en carton ondul\u00e9 est utilis\u00e9e pour le transport et l'emballage. Les cartons ont une certaine dur\u00e9e de vie. Apr\u00e8s plusieurs utilisations, les cartons seront \u00e9limin\u00e9s et entreront dans le syst\u00e8me de recyclage. Les bo\u00eetes en carton ondul\u00e9 peuvent \u00eatre r\u00e9utilis\u00e9es apr\u00e8s avoir \u00e9t\u00e9 \u00e9cras\u00e9es ou transform\u00e9es en d'autres produits en papier, comme la fabrication de plateaux \u00e0 \u0153ufs.<\/p>    <h2 class=\"wp-block-heading\">Broyeur de cartons ondul\u00e9s<\/h2>   <div class=\"wp-block-image\"> <figure class=\"aligncenter size-full\"><img loading=\"lazy\" decoding=\"async\" width=\"720\" height=\"540\" src=\"https:\/\/shuliybaler.com\/wp-content\/uploads\/2022\/12\/Corrugated-box-shredding-machine.webp\" alt=\"Broyeur de cartons ondul\u00e9s\" class=\"wp-image-3035\" title=\"\" srcset=\"https:\/\/shuliybaler.com\/wp-content\/uploads\/2022\/12\/Corrugated-box-shredding-machine.webp 720w, https:\/\/shuliybaler.com\/wp-content\/uploads\/2022\/12\/Corrugated-box-shredding-machine-360x270.webp 360w, https:\/\/shuliybaler.com\/wp-content\/uploads\/2022\/12\/Corrugated-box-shredding-machine-180x135.webp 180w\" sizes=\"auto, (max-width: 720px) 100vw, 720px\" \/><figcaption class=\"wp-element-caption\">Broyeur de cartons ondul\u00e9s<\/figcaption><\/figure> <\/div>   <p>Apr\u00e8s avoir \u00e9t\u00e9 rapidement d\u00e9chiquet\u00e9 en petits morceaux par une d\u00e9chiqueteuse de bo\u00eetes en carton ondul\u00e9, il est pratique pour le processus ult\u00e9rieur de battage de la fabrication du papier. Apr\u00e8s avoir ajout\u00e9 des mati\u00e8res premi\u00e8res chimiques, un nouveau papier peut \u00eatre produit. Compar\u00e9 aux nouveaux produits en papier, le papier recycl\u00e9 provoque beaucoup moins de pollution environnementale.<\/p>    <h2 class=\"wp-block-heading\">Caract\u00e9ristiques de la d\u00e9chiqueteuse de cartons ondul\u00e9s\u00a0:<\/h2>   <div class=\"wp-block-image\"> <figure class=\"aligncenter size-full\"><img loading=\"lazy\" decoding=\"async\" width=\"720\" height=\"540\" src=\"https:\/\/shuliybaler.com\/wp-content\/uploads\/2022\/12\/corrugated-box-shredder.webp\" alt=\"broyeur de cartons ondul\u00e9s\" class=\"wp-image-3037\" title=\"\" srcset=\"https:\/\/shuliybaler.com\/wp-content\/uploads\/2022\/12\/corrugated-box-shredder.webp 720w, https:\/\/shuliybaler.com\/wp-content\/uploads\/2022\/12\/corrugated-box-shredder-360x270.webp 360w, https:\/\/shuliybaler.com\/wp-content\/uploads\/2022\/12\/corrugated-box-shredder-180x135.webp 180w\" sizes=\"auto, (max-width: 720px) 100vw, 720px\" \/><figcaption class=\"wp-element-caption\">broyeur de cartons ondul\u00e9s<\/figcaption><\/figure> <\/div>   <ol class=\"wp-block-list\"> <li>Coffret \u00e0 couteaux int\u00e9gr\u00e9<br>Il garantit une r\u00e9sistance m\u00e9canique et une pr\u00e9cision d'usinage \u00e9lev\u00e9es, prolonge la dur\u00e9e de vie de l'\u00e9quipement et r\u00e9duit les co\u00fbts de maintenance.<\/li>    <li>Technologie d\u00e9tachable de l'outil<br>Chaque couteau fixe peut \u00eatre d\u00e9mont\u00e9 et install\u00e9 et peut \u00eatre rapidement d\u00e9mont\u00e9 en peu de temps, r\u00e9duisant consid\u00e9rablement la charge de travail des travailleurs.<\/li>    <li>Fonctionnalit\u00e9s intelligentes<br>Adoptez la technologie intelligente GEP pour r\u00e9aliser une lubrification automatique, une d\u00e9tection intelligente et une alarme anormale, et concevez un syst\u00e8me de protection intelligent pour les objets incassables, qui r\u00e9duit les co\u00fbts de maintenance et les risques de panne et garantit un fonctionnement sain \u00e0 long terme de l'\u00e9quipement.<\/li>    <li>L'arbre principal a une bonne stabilit\u00e9 et une forte capacit\u00e9 d'impact<br>L'arbre principal est fait d'un mat\u00e9riau sp\u00e9cial, qui a \u00e9t\u00e9 trait\u00e9 thermiquement et trait\u00e9 \u00e0 plusieurs reprises, il pr\u00e9sente donc une bonne r\u00e9sistance m\u00e9canique, une forte capacit\u00e9 anti-vieillissement et anti-impact et une longue dur\u00e9e de vie.<\/li>    <li>Roulements import\u00e9s et plusieurs joints combin\u00e9s<br>R\u00e9sistance \u00e9lev\u00e9e \u00e0 la charge, longue dur\u00e9e de vie, anti-poussi\u00e8re, imperm\u00e9able et antisalissure, qui garantissent le fonctionnement continu et stable de la machine.<\/li>    <li>Armoire de commande \u00e0 \u00e9cran tactile PLC<br>Adoptez l'armoire de commande \u00e0 \u00e9cran tactile Siemens PLC, \u00e9quip\u00e9e de composants \u00e9lectriques avanc\u00e9s, d'une bonne stabilit\u00e9 et d'un fonctionnement facile.<\/li> <\/ol>    <figure class=\"wp-block-gallery has-nested-images columns-default is-cropped wp-block-gallery-3 is-layout-flex wp-block-gallery-is-layout-flex\"> <figure class=\"wp-block-image size-large\"><img loading=\"lazy\" decoding=\"async\" width=\"720\" height=\"540\" data-id=\"3038\" src=\"https:\/\/shuliybaler.com\/wp-content\/uploads\/2022\/12\/corrugated-box-shredder-1.webp\" alt=\"broyeur de cartons ondul\u00e9s\" class=\"wp-image-3038\" title=\"\" srcset=\"https:\/\/shuliybaler.com\/wp-content\/uploads\/2022\/12\/corrugated-box-shredder-1.webp 720w, https:\/\/shuliybaler.com\/wp-content\/uploads\/2022\/12\/corrugated-box-shredder-1-360x270.webp 360w, https:\/\/shuliybaler.com\/wp-content\/uploads\/2022\/12\/corrugated-box-shredder-1-180x135.webp 180w\" sizes=\"auto, (max-width: 720px) 100vw, 720px\" \/><figcaption class=\"wp-element-caption\">D\u00e9chiqueteuse de bo\u00eetes en carton ondul\u00e9<\/figcaption><\/figure>    <figure class=\"wp-block-image size-large\"><img loading=\"lazy\" decoding=\"async\" width=\"720\" height=\"540\" data-id=\"3039\" src=\"https:\/\/shuliybaler.com\/wp-content\/uploads\/2022\/12\/corrugated-box-shredder-knife.webp\" alt=\"couteau pour d\u00e9chiqueteuse de bo\u00eetes en carton ondul\u00e9\" class=\"wp-image-3039\" title=\"\" srcset=\"https:\/\/shuliybaler.com\/wp-content\/uploads\/2022\/12\/corrugated-box-shredder-knife.webp 720w, https:\/\/shuliybaler.com\/wp-content\/uploads\/2022\/12\/corrugated-box-shredder-knife-360x270.webp 360w, https:\/\/shuliybaler.com\/wp-content\/uploads\/2022\/12\/corrugated-box-shredder-knife-180x135.webp 180w\" sizes=\"auto, (max-width: 720px) 100vw, 720px\" \/><figcaption class=\"wp-element-caption\">Couteau de d\u00e9chiquetage de bo\u00eetes en carton ondul\u00e9<\/figcaption><\/figure> <\/figure>    <h2 class=\"wp-block-heading\">Param\u00e8tres du broyeur de carton ondul\u00e9<\/h2>    <figure class=\"wp-block-table\"><table><tbody><tr><td>Mod\u00e8le<\/td><td>SL1000<\/td><\/tr><tr><td>Diam\u00e8tre du disque de lame (mm)<\/td><td>485<\/td><\/tr><tr><td>\u00c9paisseur de la lame (mm)<\/td><td>50<\/td><\/tr><tr><td>Nombre de lames<\/td><td>20<\/td><\/tr><tr><td>Diam\u00e8tre de l'arbre (mm)<\/td><td>260<\/td><\/tr><tr><td>Dimensions (mm)<\/td><td>4500\u00d71900\u00d72200<\/td><\/tr><tr><td>Taille d'ouverture de la tr\u00e9mie (mm)<\/td><td>1400\u00d71200<\/td><\/tr><tr><td>Taille de la pi\u00e8ce cass\u00e9e (mm)<\/td><td>1200\u00d71050<\/td><\/tr><tr><td>\u00c9paisseur de la bo\u00eete (mm)<\/td><td>50<\/td><\/tr><tr><td>Puissance du moteur (kW)<\/td><td>Y-6 45kw \u00d7 2<\/td><\/tr><tr><td>Vitesse (par minute\/tour)<\/td><td>9-15<\/td><\/tr><tr><td>Armoire de distribution<\/td><td>Surcharge automatique avant et arri\u00e8re<\/td><\/tr><\/tbody><\/table><figcaption class=\"wp-element-caption\">d\u00e9chiqueteuse de bo\u00eetes en carton ondul\u00e9<\/figcaption><\/figure>   <div class=\"wp-block-image\"> <figure class=\"aligncenter size-full\"><img loading=\"lazy\" decoding=\"async\" width=\"720\" height=\"540\" src=\"https:\/\/shuliybaler.com\/wp-content\/uploads\/2022\/12\/corrugated-box-shredding-machine-1.webp\" alt=\"d\u00e9chiqueteuse de bo\u00eetes en carton ondul\u00e9\" class=\"wp-image-3040\" title=\"\" srcset=\"https:\/\/shuliybaler.com\/wp-content\/uploads\/2022\/12\/corrugated-box-shredding-machine-1.webp 720w, https:\/\/shuliybaler.com\/wp-content\/uploads\/2022\/12\/corrugated-box-shredding-machine-1-360x270.webp 360w, https:\/\/shuliybaler.com\/wp-content\/uploads\/2022\/12\/corrugated-box-shredding-machine-1-180x135.webp 180w\" sizes=\"auto, (max-width: 720px) 100vw, 720px\" \/><figcaption class=\"wp-element-caption\">d\u00e9chiqueteuse de bo\u00eetes en carton ondul\u00e9<\/figcaption><\/figure> <\/div>   <h2 class=\"wp-block-heading\">Cas client d\u00e9chiqueteur de cartons ondul\u00e9s<\/h2>   <div class=\"wp-block-image\"> <figure class=\"aligncenter size-full\"><img loading=\"lazy\" decoding=\"async\" width=\"720\" height=\"540\" src=\"https:\/\/shuliybaler.com\/wp-content\/uploads\/2022\/12\/corrugated-box-shredding-machines.webp\" alt=\"d\u00e9chiqueteuses de bo\u00eetes en carton ondul\u00e9\" class=\"wp-image-3036\" title=\"\" srcset=\"https:\/\/shuliybaler.com\/wp-content\/uploads\/2022\/12\/corrugated-box-shredding-machines.webp 720w, https:\/\/shuliybaler.com\/wp-content\/uploads\/2022\/12\/corrugated-box-shredding-machines-360x270.webp 360w, https:\/\/shuliybaler.com\/wp-content\/uploads\/2022\/12\/corrugated-box-shredding-machines-180x135.webp 180w\" sizes=\"auto, (max-width: 720px) 100vw, 720px\" \/><figcaption class=\"wp-element-caption\">d\u00e9chiqueteuses de bo\u00eetes en carton ondul\u00e9<\/figcaption><\/figure> <\/div>   <p class=\"translation-block\">Le client a achet\u00e9 une <a href=\"https:\/\/shuliybaler.com\/fr\/product\/broyeur-de-ferraille\/\" data-type=\"URL\" data-id=\"https:\/\/shuliybaler.com\/product\/scrap-metal-shredder-machine\/\">d\u00e9chiqueteuse<\/a> pour d\u00e9chiqueter des os de b\u0153uf. Les os de b\u0153uf sont tr\u00e8s durs, et certains os sont tr\u00e8s gros, donc les machines \u00e0 viande g\u00e9n\u00e9rales ne peuvent pas les traiter. Le client a vu la vid\u00e9o de notre d\u00e9chiqueteuse d\u00e9chiquetant des f\u00fbts en fer, alors il a demand\u00e9 si nous pouvions traiter ses os de b\u0153uf, nous n'avions jamais trait\u00e9 d'os auparavant, mais en th\u00e9orie, c'est possible car nos machines traitent facilement les outils en fer.<br>Nous avons achet\u00e9 des os de b\u0153uf pour des tests et avons constat\u00e9 que l'effet \u00e9tait tr\u00e8s bon. Nous avons pris une vid\u00e9o et l'avons envoy\u00e9e au client, qui \u00e9tait \u00e9galement tr\u00e8s satisfait. Un client a command\u00e9 une d\u00e9chiqueteuse pour une journ\u00e9e \u00e0 utiliser dans son usine de transformation de b\u0153uf.<\/p>","protected":false},"excerpt":{"rendered":"<p>Une machine de d\u00e9chiquetage de cartons ondul\u00e9s est une machine utilis\u00e9e pour d\u00e9chiqueter des cartons, principalement utilis\u00e9e dans l'industrie du recyclage, elle peut d\u00e9chiqueter des f\u00fbts de fer, des pneus, des palettes en bois, des branches, des os d'animaux, etc. Elle est largement utilis\u00e9e et poss\u00e8de une forte capacit\u00e9 de d\u00e9chiquetage.<\/p>","protected":false},"author":1,"featured_media":3032,"parent":0,"template":"","tags":[56],"product-type":[46],"class_list":["post-3031","product","type-product","status-publish","has-post-thumbnail","hentry","tag-corrugated-box-shredding-machine","product-type-metal-shredder"],"_links":{"self":[{"href":"https:\/\/shuliybaler.com\/fr\/wp-json\/wp\/v2\/product\/3031","targetHints":{"allow":["GET"]}}],"collection":[{"href":"https:\/\/shuliybaler.com\/fr\/wp-json\/wp\/v2\/product"}],"about":[{"href":"https:\/\/shuliybaler.com\/fr\/wp-json\/wp\/v2\/types\/product"}],"author":[{"embeddable":true,"href":"https:\/\/shuliybaler.com\/fr\/wp-json\/wp\/v2\/users\/1"}],"wp:featuredmedia":[{"embeddable":true,"href":"https:\/\/shuliybaler.com\/fr\/wp-json\/wp\/v2\/media\/3032"}],"wp:attachment":[{"href":"https:\/\/shuliybaler.com\/fr\/wp-json\/wp\/v2\/media?parent=3031"}],"wp:term":[{"taxonomy":"post_tag","embeddable":true,"href":"https:\/\/shuliybaler.com\/fr\/wp-json\/wp\/v2\/tags?post=3031"},{"taxonomy":"product-type","embeddable":true,"href":"https:\/\/shuliybaler.com\/fr\/wp-json\/wp\/v2\/product-type?post=3031"}],"curies":[{"name":"wp","href":"https:\/\/api.w.org\/{rel}","templated":true}]}}