{"id":3051,"date":"2023-01-06T11:14:47","date_gmt":"2023-01-06T03:14:47","guid":{"rendered":"https:\/\/shuliybaler.com\/?post_type=product&#038;p=3051"},"modified":"2025-02-08T15:25:15","modified_gmt":"2025-02-08T07:25:15","slug":"animal-bone-shredding-crusher-machine","status":"publish","type":"product","link":"https:\/\/shuliybaler.com\/fr\/product\/animal-bone-shredding-crusher-machine\/","title":{"rendered":"Machine de broyage d'os d'animaux"},"content":{"rendered":"<p>La machine de broyage d'os d'animaux est un dispositif permettant de broyer les os durs d'animaux. La machine peut \u00eatre utilis\u00e9e dans les abattoirs et les usines de transformation des aliments. Le broyeur d'os d'animaux a une efficacit\u00e9 de travail \u00e9lev\u00e9e.<\/p>    <figure class=\"wp-block-gallery has-nested-images columns-default is-cropped wp-block-gallery-2 is-layout-flex wp-block-gallery-is-layout-flex\"> <figure class=\"wp-block-image size-large\"><img loading=\"lazy\" decoding=\"async\" width=\"720\" height=\"540\" data-id=\"3062\" src=\"https:\/\/shuliybaler.com\/wp-content\/uploads\/2023\/01\/bone-shredding-crusher.jpg\" alt=\"broyeur de d\u00e9chiquetage d&#039;os\" class=\"wp-image-3062\" title=\"\" srcset=\"https:\/\/shuliybaler.com\/wp-content\/uploads\/2023\/01\/bone-shredding-crusher.jpg 720w, https:\/\/shuliybaler.com\/wp-content\/uploads\/2023\/01\/bone-shredding-crusher-360x270.jpg 360w, https:\/\/shuliybaler.com\/wp-content\/uploads\/2023\/01\/bone-shredding-crusher-180x135.jpg 180w\" sizes=\"auto, (max-width: 720px) 100vw, 720px\" \/><figcaption class=\"wp-element-caption\">Broyeur de d\u00e9chiquetage d'os<\/figcaption><\/figure>    <figure class=\"wp-block-image size-large\"><img loading=\"lazy\" decoding=\"async\" width=\"720\" height=\"540\" data-id=\"3063\" src=\"https:\/\/shuliybaler.com\/wp-content\/uploads\/2023\/01\/bone-shredding-crusher-1.jpg\" alt=\"broyeur de d\u00e9chiquetage d&#039;os\" class=\"wp-image-3063\" title=\"\" srcset=\"https:\/\/shuliybaler.com\/wp-content\/uploads\/2023\/01\/bone-shredding-crusher-1.jpg 720w, https:\/\/shuliybaler.com\/wp-content\/uploads\/2023\/01\/bone-shredding-crusher-1-360x270.jpg 360w, https:\/\/shuliybaler.com\/wp-content\/uploads\/2023\/01\/bone-shredding-crusher-1-180x135.jpg 180w\" sizes=\"auto, (max-width: 720px) 100vw, 720px\" \/><figcaption class=\"wp-element-caption\">Broyeur de d\u00e9chiquetage d'os<\/figcaption><\/figure> <\/figure>    <h2 class=\"wp-block-heading\">Quels produits peuvent \u00eatre trait\u00e9s par le broyeur d'os ?  <\/h2>    <h3 class=\"wp-block-heading\">Les broyeurs d'os traitent les os et la viande<\/h3>    <figure class=\"wp-block-gallery has-nested-images columns-default is-cropped wp-block-gallery-3 is-layout-flex wp-block-gallery-is-layout-flex\"> <figure class=\"wp-block-image size-large\"><img loading=\"lazy\" decoding=\"async\" width=\"720\" height=\"540\" data-id=\"3053\" src=\"https:\/\/shuliybaler.com\/wp-content\/uploads\/2023\/01\/bones.jpg\" alt=\"os \" class=\"wp-image-3053\" title=\"\" srcset=\"https:\/\/shuliybaler.com\/wp-content\/uploads\/2023\/01\/bones.jpg 720w, https:\/\/shuliybaler.com\/wp-content\/uploads\/2023\/01\/bones-360x270.jpg 360w, https:\/\/shuliybaler.com\/wp-content\/uploads\/2023\/01\/bones-180x135.jpg 180w\" sizes=\"auto, (max-width: 720px) 100vw, 720px\" \/><figcaption class=\"wp-element-caption\">Os <\/figcaption><\/figure>    <figure class=\"wp-block-image size-large\"><img loading=\"lazy\" decoding=\"async\" width=\"720\" height=\"540\" data-id=\"3054\" src=\"https:\/\/shuliybaler.com\/wp-content\/uploads\/2023\/01\/beef-bone.jpg\" alt=\"os de boeuf\" class=\"wp-image-3054\" title=\"\" srcset=\"https:\/\/shuliybaler.com\/wp-content\/uploads\/2023\/01\/beef-bone.jpg 720w, https:\/\/shuliybaler.com\/wp-content\/uploads\/2023\/01\/beef-bone-360x270.jpg 360w, https:\/\/shuliybaler.com\/wp-content\/uploads\/2023\/01\/beef-bone-180x135.jpg 180w\" sizes=\"auto, (max-width: 720px) 100vw, 720px\" \/><figcaption class=\"wp-element-caption\">Os de boeuf<\/figcaption><\/figure> <\/figure>    <p>Le broyeur d'os d'animaux peut non seulement d\u00e9chiqueter les os, mais \u00e9galement la viande congel\u00e9e et la viande fra\u00eeche. Le broyeur d'os d'animaux peut \u00eatre utilis\u00e9 pour traiter la nourriture pour animaux de compagnie. De plus, le broyeur d'os d'animaux peut \u00e9galement \u00eatre utilis\u00e9 pour \u00e9liminer les carcasses d'animaux morts. Par exemple, lors de la combustion, il favorise la combustion et am\u00e9liore l'efficacit\u00e9 de l'incin\u00e9ration.<\/p>    <h3 class=\"wp-block-heading\">Broyeur de m\u00e9taux<\/h3>    <p class=\"translation-block\">Ce broyeur peut \u00e9galement<a href=\"https:\/\/shuliybaler.com\/fr\/product\/broyeur-de-ferraille\/\" data-type=\"URL\" data-id=\"https:\/\/shuliybaler.com\/product\/scrap-metal-shredder-machine\/\"> d\u00e9chiqueter des produits m\u00e9talliques<\/a>, tels que des moteurs, des v\u00e9los, des tuyaux m\u00e9talliques, etc.<\/p>    <h2 class=\"wp-block-heading\">Quels probl\u00e8mes seront rencontr\u00e9s lorsque l\u2019os sera cass\u00e9 ?<\/h2>   <div class=\"wp-block-image\"> <figure class=\"aligncenter size-full\"><img loading=\"lazy\" decoding=\"async\" width=\"720\" height=\"540\" src=\"https:\/\/shuliybaler.com\/wp-content\/uploads\/2023\/01\/bone-crusher.jpg\" alt=\"broyeur d&#039;os\" class=\"wp-image-3061\" title=\"\" srcset=\"https:\/\/shuliybaler.com\/wp-content\/uploads\/2023\/01\/bone-crusher.jpg 720w, https:\/\/shuliybaler.com\/wp-content\/uploads\/2023\/01\/bone-crusher-360x270.jpg 360w, https:\/\/shuliybaler.com\/wp-content\/uploads\/2023\/01\/bone-crusher-180x135.jpg 180w\" sizes=\"auto, (max-width: 720px) 100vw, 720px\" \/><figcaption class=\"wp-element-caption\">broyeur d'os<\/figcaption><\/figure> <\/div>   <p class=\"translation-block\">Lorsque l'os est broy\u00e9, il peut \u00eatre trop gros en raison de sa taille, de sorte que la <a href=\"https:\/\/www.meatprocessingmachine.org\/products\/meat-cutting-machine\/\" data-type=\"URL\" data-id=\"https:\/\/www.meatprocessingmachine.org\/products\/meat-cutting-machine\/\" target=\"_blank\" rel=\"noopener\">machine de transformation de viande g\u00e9n\u00e9rale<\/a> ne peut pas le g\u00e9rer lorsqu'il est d\u00e9chiquet\u00e9, ou s'il est utilis\u00e9, cela causera de gros dommages \u00e0 la machine et r\u00e9duira sa dur\u00e9e de vie. Cependant, la lame de ce concasseur d'os adopte le m\u00eame mat\u00e9riau H13, capable de d\u00e9chiqueter facilement les ouvrages m\u00e9talliques et les gros os.<\/p>    <h2 class=\"wp-block-heading\">Avantage de la machine de broyage des os d'animaux<\/h2>    <figure class=\"wp-block-gallery has-nested-images columns-default is-cropped wp-block-gallery-4 is-layout-flex wp-block-gallery-is-layout-flex\"> <figure class=\"wp-block-image size-large\"><img loading=\"lazy\" decoding=\"async\" width=\"720\" height=\"540\" data-id=\"3055\" src=\"https:\/\/shuliybaler.com\/wp-content\/uploads\/2023\/01\/bone-shredding-crusher-machine.jpg\" alt=\"machine de broyeur de d\u00e9chiquetage d&#039;os\" class=\"wp-image-3055\" title=\"\" srcset=\"https:\/\/shuliybaler.com\/wp-content\/uploads\/2023\/01\/bone-shredding-crusher-machine.jpg 720w, https:\/\/shuliybaler.com\/wp-content\/uploads\/2023\/01\/bone-shredding-crusher-machine-360x270.jpg 360w, https:\/\/shuliybaler.com\/wp-content\/uploads\/2023\/01\/bone-shredding-crusher-machine-180x135.jpg 180w\" sizes=\"auto, (max-width: 720px) 100vw, 720px\" \/><figcaption class=\"wp-element-caption\">Machine de broyeur de d\u00e9chiquetage d'os<\/figcaption><\/figure>    <figure class=\"wp-block-image size-large\"><img loading=\"lazy\" decoding=\"async\" width=\"720\" height=\"540\" data-id=\"3056\" src=\"https:\/\/shuliybaler.com\/wp-content\/uploads\/2023\/01\/bone-shredding-crusher-machine-knife.jpg\" alt=\"Couteau de machine de broyeur de d\u00e9chiquetage d&#039;os\" class=\"wp-image-3056\" title=\"\" srcset=\"https:\/\/shuliybaler.com\/wp-content\/uploads\/2023\/01\/bone-shredding-crusher-machine-knife.jpg 720w, https:\/\/shuliybaler.com\/wp-content\/uploads\/2023\/01\/bone-shredding-crusher-machine-knife-360x270.jpg 360w, https:\/\/shuliybaler.com\/wp-content\/uploads\/2023\/01\/bone-shredding-crusher-machine-knife-180x135.jpg 180w\" sizes=\"auto, (max-width: 720px) 100vw, 720px\" \/><figcaption class=\"wp-element-caption\">Couteau de machine de broyeur de d\u00e9chiquetage d'os<\/figcaption><\/figure> <\/figure>    <p>Faible bruit \u00e0 basse vitesse<\/p>    <p>La grande capacit\u00e9 de traitement et la taille de sortie peuvent \u00eatre contr\u00f4l\u00e9es<\/p>    <p>L'\u00e9tanch\u00e9it\u00e9 \u00e0 l'air de la machine est bonne et le mat\u00e9riau en acier inoxydable a une bonne r\u00e9sistance \u00e0 la corrosion<\/p>    <p>Les sp\u00e9cifications compl\u00e8tes prennent en charge la personnalisation<\/p>    <h2 class=\"wp-block-heading\">Param\u00e8tre de la machine de broyage des os d'animaux<\/h2>    <figure class=\"wp-block-gallery has-nested-images columns-2 is-cropped wp-block-gallery-5 is-layout-flex wp-block-gallery-is-layout-flex\"> <figure class=\"wp-block-image size-large\"><img loading=\"lazy\" decoding=\"async\" width=\"720\" height=\"540\" data-id=\"3057\" src=\"https:\/\/shuliybaler.com\/wp-content\/uploads\/2023\/01\/Animal-bone-shredding-crusher-machine-1.jpg\" alt=\"Machine de broyage d&#039;os d&#039;animaux\" class=\"wp-image-3057\" title=\"\" srcset=\"https:\/\/shuliybaler.com\/wp-content\/uploads\/2023\/01\/Animal-bone-shredding-crusher-machine-1.jpg 720w, https:\/\/shuliybaler.com\/wp-content\/uploads\/2023\/01\/Animal-bone-shredding-crusher-machine-1-360x270.jpg 360w, https:\/\/shuliybaler.com\/wp-content\/uploads\/2023\/01\/Animal-bone-shredding-crusher-machine-1-180x135.jpg 180w\" sizes=\"auto, (max-width: 720px) 100vw, 720px\" \/><figcaption class=\"wp-element-caption\">Machine de broyeur de d\u00e9chiquetage d'os d'animaux<\/figcaption><\/figure>    <figure class=\"wp-block-image size-large\"><img loading=\"lazy\" decoding=\"async\" width=\"720\" height=\"540\" data-id=\"3058\" src=\"https:\/\/shuliybaler.com\/wp-content\/uploads\/2023\/01\/Animal-bone-shredding-crusher-machine-2.jpg\" alt=\"Machine de broyage d&#039;os d&#039;animaux\" class=\"wp-image-3058\" title=\"\" srcset=\"https:\/\/shuliybaler.com\/wp-content\/uploads\/2023\/01\/Animal-bone-shredding-crusher-machine-2.jpg 720w, https:\/\/shuliybaler.com\/wp-content\/uploads\/2023\/01\/Animal-bone-shredding-crusher-machine-2-360x270.jpg 360w, https:\/\/shuliybaler.com\/wp-content\/uploads\/2023\/01\/Animal-bone-shredding-crusher-machine-2-180x135.jpg 180w\" sizes=\"auto, (max-width: 720px) 100vw, 720px\" \/><figcaption class=\"wp-element-caption\">Machine de broyeur de d\u00e9chiquetage d'os d'animaux <\/figcaption><\/figure>    <figure class=\"wp-block-image size-large\"><img loading=\"lazy\" decoding=\"async\" width=\"720\" height=\"540\" data-id=\"3059\" src=\"https:\/\/shuliybaler.com\/wp-content\/uploads\/2023\/01\/Animal-bone-shredding-crusher-machine-3.jpg\" alt=\"Machine de broyage d&#039;os d&#039;animaux\" class=\"wp-image-3059\" title=\"\" srcset=\"https:\/\/shuliybaler.com\/wp-content\/uploads\/2023\/01\/Animal-bone-shredding-crusher-machine-3.jpg 720w, https:\/\/shuliybaler.com\/wp-content\/uploads\/2023\/01\/Animal-bone-shredding-crusher-machine-3-360x270.jpg 360w, https:\/\/shuliybaler.com\/wp-content\/uploads\/2023\/01\/Animal-bone-shredding-crusher-machine-3-180x135.jpg 180w\" sizes=\"auto, (max-width: 720px) 100vw, 720px\" \/><figcaption class=\"wp-element-caption\">Machine de broyeur de d\u00e9chiquetage d'os d'animaux<\/figcaption><\/figure>    <figure class=\"wp-block-image size-large\"><img loading=\"lazy\" decoding=\"async\" width=\"720\" height=\"540\" data-id=\"3060\" src=\"https:\/\/shuliybaler.com\/wp-content\/uploads\/2023\/01\/Animal-bone-shredding-crusher-machine-4.jpg\" alt=\"Machine de broyage d&#039;os d&#039;animaux\" class=\"wp-image-3060\" title=\"\" srcset=\"https:\/\/shuliybaler.com\/wp-content\/uploads\/2023\/01\/Animal-bone-shredding-crusher-machine-4.jpg 720w, https:\/\/shuliybaler.com\/wp-content\/uploads\/2023\/01\/Animal-bone-shredding-crusher-machine-4-360x270.jpg 360w, https:\/\/shuliybaler.com\/wp-content\/uploads\/2023\/01\/Animal-bone-shredding-crusher-machine-4-180x135.jpg 180w\" sizes=\"auto, (max-width: 720px) 100vw, 720px\" \/><figcaption class=\"wp-element-caption\">Machine de broyeur de d\u00e9chiquetage d'os d'animaux<\/figcaption><\/figure> <\/figure>    <figure class=\"wp-block-table\"><table><tbody><tr><td>Nom<\/td><td>param\u00e8tre<\/td><\/tr><tr><td>Broyeur<\/td><td>1200 lourds<\/td><\/tr><tr><td>Diam\u00e8tre de coupe<\/td><td>500mm<\/td><\/tr><tr><td>\u00c9paisseur de coupe<\/td><td>60mm<\/td><\/tr><tr><td>Num\u00e9ro de dent de coupe<\/td><td>7 dents<\/td><\/tr><tr><td>Hauteur des dents de coupe<\/td><td>40-45mm<\/td><\/tr><tr><td>Rapport de d\u00e9multiplication<\/td><td>90\u00a0:\u00a01<\/td><\/tr><tr><td>Mod\u00e8le de r\u00e9ducteur<\/td><td>Zsy450type \u00d7 2 (surface de dent dure)<\/td><\/tr><tr><td>Puissance du moteur<\/td><td>55kw \u00d7 2 (niveau 6)<\/td><\/tr><tr><td>Cadre<\/td><td>Tube carr\u00e9 160 \u00d7 160<\/td><\/tr><tr><td>Armoire de distribution<\/td><td>Protection automatique contre les surcharges avant et arri\u00e8re<\/td><\/tr><tr><td>Dimensions<\/td><td>3500\u00d71800\u00d71950<\/td><\/tr><tr><td>Convoyeur de sortie<\/td><td>Type 600 \u00d7 6 m\u00e8tres<\/td><\/tr><tr><td>S\u00e9parateur magn\u00e9tique \u00e0 suspension<\/td><td>type 600<\/td><\/tr><\/tbody><\/table><\/figure>","protected":false},"excerpt":{"rendered":"<p>Lorsque l'os est \u00e9cras\u00e9, il peut \u00eatre trop gros en raison de sa taille, de sorte que la machine g\u00e9n\u00e9rale de transformation de la viande ne peut pas le manipuler lorsqu'il est d\u00e9chiquet\u00e9, ou s'il est utilis\u00e9, cela causera des dommages importants \u00e0 la machine et r\u00e9duira sa dur\u00e9e de vie. Cependant, le couteau de ce broyeur d'os adopte le m\u00eame mat\u00e9riau H13, capable de d\u00e9chiqueter facilement les m\u00e9taux et les gros os.<\/p>","protected":false},"author":1,"featured_media":3052,"parent":0,"template":"","meta":{"product_tpl_data":{"subtitle":"","param_summary":"","model_summary_title":"","model_summary":"","model_series":[],"finished_product_title":"","raw_materials_title":"","process_title":"","endsummary":""},"product_extra_property":[{"pname":"Product","pvalue":"Shredder"},{"pname":"Model","pvalue":"1200 heavy"},{"pname":"Cutter diameter","pvalue":"500mm"},{"pname":"Cutter thickness","pvalue":"60mm"},{"pname":"Cutter tooth number","pvalue":"7tooth"},{"pname":"Gear ratio","pvalue":"90\uff1a1"}],"product_extra_image":""},"tags":[84,57],"product-type":[46],"class_list":["post-3051","product","type-product","status-publish","has-post-thumbnail","hentry","tag-shredder","tag-shredding-crusher-machine","product-type-metal-shredder"],"light_meta":{"product_tpl_data":{"subtitle":"","param_summary":"","model_summary_title":"","model_summary":"","model_series":"","finished_product_title":"","raw_materials_title":"","process_title":"","endsummary":""},"rank_math_seo_score":"85","rank_math_focus_keyword":"Animal bone shredding crusher machine","rank_math_description":"The animal bone shredding crusher machine is a device for crushing hard animal bones. The animal bone shredder has high working efficiency.","rank_math_analytic_object_id":"61","product_extra_property":[{"pname":"Product","pvalue":"Shredder"},{"pname":"Model","pvalue":"1200 heavy"},{"pname":"Cutter diameter","pvalue":"500mm"},{"pname":"Cutter thickness","pvalue":"60mm"},{"pname":"Cutter tooth number","pvalue":"7tooth"},{"pname":"Gear ratio","pvalue":"90\uff1a1"}],"_trp_automatically_translated_slug_es_ES":"maquina-trituradora-de-huesos-de-animales","_trp_automatically_translated_slug_ar":"\u0622\u0644\u0629-\u0643\u0633\u0627\u0631\u0629-\u0639\u0638\u0627\u0645-\u0627\u0644\u062d\u064a\u0648\u0627\u0646\u0627\u062a","_trp_automatically_translated_slug_ru_RU":"\u0434\u0440\u043e\u0431\u0438\u043b\u043a\u0430-\u0434\u043b\u044f-\u043a\u043e\u0441\u0442\u0435\u0439-\u0436\u0438\u0432\u043e\u0442\u043d\u044b\u0445","_trp_automatically_translated_slug_zh_CN":"\u52a8\u7269\u9aa8\u5934\u6495\u788e\u7834\u788e\u673a","rank_math_internal_links_processed":"1"},"seo_meta":{"title":"","description":"La machine de broyage d'os d'animaux est un dispositif permettant de broyer les os durs d'animaux. Le broyeur d'os d'animaux a une efficacit\u00e9 de travail \u00e9lev\u00e9e.","focusKeyword":"Animal bone shredding crusher machine","canonicalUrl":"https:\/\/shuliybaler.com\/fr\/product\/animal-bone-shredding-crusher-machine\/","robots":["index","follow"],"ogTitle":"","ogDescription":"The animal bone shredding crusher machine is a device for crushing hard animal bones. The animal bone shredder has high working efficiency.","ogImage":"https:\/\/shuliybaler.com\/wp-content\/uploads\/2023\/01\/Animal-bone-shredding-crusher-machine.jpg","twitterTitle":"","twitterDescription":"The animal bone shredding crusher machine is a device for crushing hard animal bones. The animal bone shredder has high working efficiency.","twitterImage":"https:\/\/shuliybaler.com\/wp-content\/uploads\/2023\/01\/Animal-bone-shredding-crusher-machine.jpg","primaryCategory":0,"seoScore":85,"schemas":[],"source":"rank_math"},"_links":{"self":[{"href":"https:\/\/shuliybaler.com\/fr\/wp-json\/wp\/v2\/product\/3051","targetHints":{"allow":["GET"]}}],"collection":[{"href":"https:\/\/shuliybaler.com\/fr\/wp-json\/wp\/v2\/product"}],"about":[{"href":"https:\/\/shuliybaler.com\/fr\/wp-json\/wp\/v2\/types\/product"}],"author":[{"embeddable":true,"href":"https:\/\/shuliybaler.com\/fr\/wp-json\/wp\/v2\/users\/1"}],"wp:featuredmedia":[{"embeddable":true,"href":"https:\/\/shuliybaler.com\/fr\/wp-json\/wp\/v2\/media\/3052"}],"wp:attachment":[{"href":"https:\/\/shuliybaler.com\/fr\/wp-json\/wp\/v2\/media?parent=3051"}],"wp:term":[{"taxonomy":"post_tag","embeddable":true,"href":"https:\/\/shuliybaler.com\/fr\/wp-json\/wp\/v2\/tags?post=3051"},{"taxonomy":"product-type","embeddable":true,"href":"https:\/\/shuliybaler.com\/fr\/wp-json\/wp\/v2\/product-type?post=3051"}],"curies":[{"name":"wp","href":"https:\/\/api.w.org\/{rel}","templated":true}]}}